{"id":96,"date":"2022-07-18T09:02:16","date_gmt":"2022-07-18T09:02:16","guid":{"rendered":"https:\/\/hnwoodmachinery.com\/?post_type=product&#038;p=96"},"modified":"2024-09-27T18:30:34","modified_gmt":"2024-09-27T10:30:34","slug":"wood-hammer-mill","status":"publish","type":"product","link":"https:\/\/hnwoodmachinery.com\/tr\/product\/wood-hammer-mill\/","title":{"rendered":"Ah\u015fap \u00c7eki\u00e7li De\u011firmen End\u00fcstriyel K\u00fct\u00fck Kereste \u00c7eki\u00e7li De\u011firmen K\u0131r\u0131c\u0131"},"content":{"rendered":"<div class=\"kk-star-ratings kksr-auto kksr-align-left kksr-valign-top\"     data-payload='{&quot;align&quot;:&quot;left&quot;,&quot;id&quot;:&quot;96&quot;,&quot;slug&quot;:&quot;default&quot;,&quot;valign&quot;:&quot;top&quot;,&quot;ignore&quot;:&quot;&quot;,&quot;reference&quot;:&quot;auto&quot;,&quot;class&quot;:&quot;&quot;,&quot;count&quot;:&quot;96&quot;,&quot;legendonly&quot;:&quot;&quot;,&quot;readonly&quot;:&quot;&quot;,&quot;score&quot;:&quot;4.8&quot;,&quot;starsonly&quot;:&quot;&quot;,&quot;best&quot;:&quot;5&quot;,&quot;gap&quot;:&quot;5&quot;,&quot;greet&quot;:&quot;Rate this product&quot;,&quot;legend&quot;:&quot;4.8\\\/5 - (96 votes)&quot;,&quot;size&quot;:&quot;24&quot;,&quot;title&quot;:&quot;Wood Hammer Mill Industrial Log Timber Hammermill Crusher&quot;,&quot;width&quot;:&quot;136.7&quot;,&quot;_legend&quot;:&quot;{score}\\\/{best} - ({count} {votes})&quot;,&quot;font_factor&quot;:&quot;1.25&quot;}'>              <div class=\"kksr-stars\">      <div class=\"kksr-stars-inactive\">             <div class=\"kksr-star\" data-star=\"1\" style=\"padding-right: 5px\">               <div class=\"kksr-icon\" style=\"width: 24px; height: 24px;\"><\/div>         <\/div>             <div class=\"kksr-star\" data-star=\"2\" style=\"padding-right: 5px\">               <div class=\"kksr-icon\" style=\"width: 24px; height: 24px;\"><\/div>         <\/div>             <div class=\"kksr-star\" data-star=\"3\" style=\"padding-right: 5px\">               <div class=\"kksr-icon\" style=\"width: 24px; height: 24px;\"><\/div>         <\/div>             <div class=\"kksr-star\" data-star=\"4\" style=\"padding-right: 5px\">               <div class=\"kksr-icon\" style=\"width: 24px; height: 24px;\"><\/div>         <\/div>             <div class=\"kksr-star\" data-star=\"5\" style=\"padding-right: 5px\">               <div class=\"kksr-icon\" style=\"width: 24px; height: 24px;\"><\/div>         <\/div>     <\/div>      <div class=\"kksr-stars-active\" style=\"width: 136.7px;\">             <div class=\"kksr-star\" style=\"padding-right: 5px\">               <div class=\"kksr-icon\" style=\"width: 24px; height: 24px;\"><\/div>         <\/div>             <div class=\"kksr-star\" style=\"padding-right: 5px\">               <div class=\"kksr-icon\" style=\"width: 24px; height: 24px;\"><\/div>         <\/div>             <div class=\"kksr-star\" style=\"padding-right: 5px\">               <div class=\"kksr-icon\" style=\"width: 24px; height: 24px;\"><\/div>         <\/div>             <div class=\"kksr-star\" style=\"padding-right: 5px\">               <div class=\"kksr-icon\" style=\"width: 24px; height: 24px;\"><\/div>         <\/div>             <div class=\"kksr-star\" style=\"padding-right: 5px\">               <div class=\"kksr-icon\" style=\"width: 24px; height: 24px;\"><\/div>         <\/div>     <\/div> <\/div>                   <div class=\"kksr-legend\" style=\"font-size: 19.2px;\">             4,8\/5 - (96 oy)    <\/div>     <\/div>  <p>Ah\u015fap \u00e7eki\u00e7li de\u011firmen k\u0131r\u0131c\u0131s\u0131, end\u00fcstriyel sekt\u00f6rde \u00e7ok \u00e7e\u015fitli malzemelerde daha y\u00fcksek k\u0131rma oranlar\u0131 sunarak saatte maksimum 5 tonluk \u00fcretim elde etmesiyle tan\u0131nmaktad\u0131r. 3\/16 in\u00e7ten (4 mm) daha ince malzeme \u00fcretir. Sa\u011flam ve dayan\u0131kl\u0131 tasar\u0131m\u0131, daha b\u00fcy\u00fck kuvvetlerin uygulanmas\u0131na olanak tan\u0131yarak, nihai \u00fcr\u00fcn\u00fcn maksimum boyutunu ve kalitesini y\u00f6netirken \u00fcretkenli\u011fin artmas\u0131n\u0131 sa\u011flar.<\/p>    <p>Bu \u00e7eki\u00e7li k\u0131r\u0131c\u0131, y\u00fcksek verime, basit bir yap\u0131ya, istikrarl\u0131 \u00e7al\u0131\u015fmaya, d\u00fc\u015f\u00fck enerji t\u00fcketimine ve d\u00fc\u015f\u00fck i\u015fleme maliyetine sahiptir. Ayr\u0131ca saman, saman, karton, odun k\u00f6m\u00fcr\u00fc ve di\u011fer malzemeleri ufalamak i\u00e7in de kullan\u0131labilir. Normalde, ah\u015fap \u00e7eki\u00e7li de\u011firmen, \u00fcretim hatlar\u0131nda, tamburlu par\u00e7alay\u0131c\u0131 veya entegre k\u0131r\u0131c\u0131 ile i\u015flendikten sonra malzemeyi daha da k\u0131rmak i\u00e7in yayg\u0131n olarak kullan\u0131l\u0131r.<\/p>    <figure class=\"wp-block-embed aligncenter is-type-video is-provider-youtube wp-block-embed-youtube wp-embed-aspect-16-9 wp-has-aspect-ratio\"><div class=\"wp-block-embed__wrapper\"> <iframe loading=\"lazy\" title=\"G\u00fc\u00e7l\u00fc \u00c7eki\u00e7li De\u011firmen K\u0131r\u0131c\u0131: At\u0131k Malzemelerin Verimli Bir \u015eekilde \u0130\u015flenmesi i\u00e7in Harika Bir Ara\u00e7!#woodworking\" width=\"500\" height=\"281\" src=\"https:\/\/www.youtube.com\/embed\/yCIh8pMPPks?start=8&#038;feature=oembed\" frameborder=\"0\" allow=\"accelerometer; autoplay; clipboard-write; encrypted-media; gyroscope; picture-in-picture; web-share\" referrerpolicy=\"strict-origin-when-cross-origin\" allowfullscreen><\/iframe> <\/div><figcaption class=\"wp-element-caption\">ah\u015fap \u00e7eki\u00e7li de\u011firmen makinesinin \u00e7al\u0131\u015fma alan\u0131<\/figcaption><\/figure>    <h2 class=\"wp-block-heading\" id=\"h-brief-introduction-of-the-wood-hammer-mill\">\u00d6zelle\u015ftirilebilir ah\u015fap \u00e7eki\u00e7li de\u011firmen makinesi<\/h2>    <p>\u00c7e\u015fitli \u00e7\u0131kt\u0131 seviyeleri i\u00e7in tasarlanm\u0131\u015f \u00e7e\u015fitli ah\u015fap \u00e7eki\u00e7li de\u011firmen modelleri vard\u0131r. T\u00fcm \u00e7eki\u00e7li tala\u015f k\u0131r\u0131c\u0131lar, \u00e7al\u0131\u015fma s\u0131ras\u0131nda olu\u015fan toz ve kal\u0131nt\u0131lar\u0131 etkili bir \u015fekilde toplayan siklonlarla donat\u0131lm\u0131\u015ft\u0131r. Bu \u00f6zellik ayn\u0131 zamanda \u00fcretim alan\u0131ndaki toz kirlili\u011finin en aza indirilmesine yard\u0131mc\u0131 olur. <\/p>    <p>Makineler genellikle bir elektrik motoru veya bir dizel motorla \u00e7al\u0131\u015ft\u0131r\u0131l\u0131r ve bu da m\u00fc\u015fterilerin \u00e7e\u015fitli g\u00fc\u00e7 gereksinimlerini kar\u015f\u0131layabilmelerini sa\u011flar. <\/p>    <p>Ah\u015fap \u00e7eki\u00e7 de\u011firmenlerinin, i\u015fledikleri malzeme t\u00fcrleri ve i\u00e7 yap\u0131lar\u0131 bak\u0131m\u0131ndan ah\u015fap \u00f6\u011f\u00fct\u00fcc\u00fclerden farkl\u0131 oldu\u011funu belirtmek \u00f6nemlidir. Ayr\u0131ca, bu ekipman d\u00fc\u015f\u00fck g\u00fcr\u00fclt\u00fc seviyelerinde \u00e7al\u0131\u015f\u0131r, kullan\u0131c\u0131 dostudur ve minimum bak\u0131m gerektirir.<\/p>    <figure class=\"wp-block-gallery has-nested-images columns-default is-cropped wp-block-gallery-2 is-layout-flex wp-block-gallery-is-layout-flex\"> <figure class=\"wp-block-image size-large\"><img loading=\"lazy\" decoding=\"async\" width=\"720\" height=\"540\" data-id=\"471\" src=\"https:\/\/hnwoodmachinery.com\/wp-content\/uploads\/2022\/09\/hammer-mill-crusher-0.webp\" alt=\"\u00e7eki\u00e7li de\u011firmen k\u0131r\u0131c\u0131\" class=\"wp-image-471\" title=\"\u00e7eki\u00e7li de\u011firmen k\u0131r\u0131c\u0131\"\/><figcaption class=\"wp-element-caption\">\u00c7eki\u00e7li De\u011firmen K\u0131r\u0131c\u0131<\/figcaption><\/figure>    <figure class=\"wp-block-image size-large\"><img loading=\"lazy\" decoding=\"async\" width=\"720\" height=\"540\" data-id=\"472\" src=\"https:\/\/hnwoodmachinery.com\/wp-content\/uploads\/2022\/09\/wood-hammer-mill-.webp\" alt=\"ah\u015fap \u00e7eki\u00e7li de\u011firmen\" class=\"wp-image-472\" title=\"ah\u015fap \u00e7eki\u00e7li de\u011firmen\"\/><figcaption class=\"wp-element-caption\">Ah\u015fap \u00c7eki\u00e7li De\u011firmen<\/figcaption><\/figure> <\/figure>    <h2 class=\"wp-block-heading\">Makine \u00f6zellikleri ve faydalar\u0131<\/h2>    <ul class=\"wp-block-list\"> <li>Geni\u015f a\u00e7\u0131kl\u0131kl\u0131, uyarlanabilir ve \u00e7ok y\u00f6nl\u00fc tasar\u0131m. <\/li>    <li>\u00c7e\u015fitli rotor konfig\u00fcrasyonlar\u0131 her t\u00fcrl\u00fc malzemeye uygundur.<\/li>    <li>Elekler hassas \u00fcr\u00fcn boyutland\u0131rmas\u0131na olanak tan\u0131r ve de\u011fi\u015ftirilmesi kolayd\u0131r. <\/li>    <li>Pozitif kilitleme muhafazalar\u0131 patlamaya ve toza kar\u015f\u0131 ek g\u00fcvenlik sunar. <\/li>    <li>A\u015f\u0131nmaya dayan\u0131kl\u0131 \u00e7elik kaplama ve d\u00f6k\u00fcm manganez k\u0131rma plakalar\u0131 uzun servis \u00f6mr\u00fc sa\u011flar. <\/li>    <li>D\u00f6vme ala\u015f\u0131ml\u0131 \u00e7elik ve ekstra a\u011f\u0131r hizmet tipi \u015faftlar titre\u015fimi en aza indirir ve rulman \u00f6mr\u00fcn\u00fc uzat\u0131r. <\/li> <\/ul>    <figure class=\"wp-block-gallery has-nested-images columns-default is-cropped wp-block-gallery-3 is-layout-flex wp-block-gallery-is-layout-flex\"> <figure class=\"wp-block-image size-large\"><img loading=\"lazy\" decoding=\"async\" width=\"720\" height=\"540\" data-id=\"1200\" src=\"https:\/\/hnwoodmachinery.com\/wp-content\/uploads\/2022\/07\/large-type-hammer-mill-crusher-manufacturer.webp\" alt=\"b\u00fcy\u00fck tip \u00e7eki\u00e7li de\u011firmen k\u0131r\u0131c\u0131 \u00fcreticisi\" class=\"wp-image-1200\" title=\"\" srcset=\"https:\/\/hnwoodmachinery.com\/wp-content\/uploads\/2022\/07\/large-type-hammer-mill-crusher-manufacturer.webp 720w, https:\/\/hnwoodmachinery.com\/wp-content\/uploads\/2022\/07\/large-type-hammer-mill-crusher-manufacturer-300x225.webp 300w, https:\/\/hnwoodmachinery.com\/wp-content\/uploads\/2022\/07\/large-type-hammer-mill-crusher-manufacturer-16x12.webp 16w\" sizes=\"auto, (max-width: 720px) 100vw, 720px\" \/><figcaption class=\"wp-element-caption\">B\u00fcy\u00fck Tip \u00c7eki\u00e7li De\u011firmen K\u0131r\u0131c\u0131 \u00dcreticisi<\/figcaption><\/figure>    <figure class=\"wp-block-image size-large\"><img loading=\"lazy\" decoding=\"async\" width=\"720\" height=\"540\" data-id=\"1199\" src=\"https:\/\/hnwoodmachinery.com\/wp-content\/uploads\/2022\/07\/large-capacity-hammer-crushing-machine.webp\" alt=\"b\u00fcy\u00fck kapasiteli \u00e7eki\u00e7li k\u0131rma makinesi\" class=\"wp-image-1199\" title=\"\" srcset=\"https:\/\/hnwoodmachinery.com\/wp-content\/uploads\/2022\/07\/large-capacity-hammer-crushing-machine.webp 720w, https:\/\/hnwoodmachinery.com\/wp-content\/uploads\/2022\/07\/large-capacity-hammer-crushing-machine-300x225.webp 300w, https:\/\/hnwoodmachinery.com\/wp-content\/uploads\/2022\/07\/large-capacity-hammer-crushing-machine-16x12.webp 16w\" sizes=\"auto, (max-width: 720px) 100vw, 720px\" \/><figcaption class=\"wp-element-caption\">B\u00fcy\u00fck Kapasiteli \u00c7eki\u00e7li K\u0131rma Makinas\u0131<\/figcaption><\/figure> <\/figure>    <h2 class=\"wp-block-heading\" id=\"h-application-range-of-wood-shaving-grinder\">Ah\u015fap \u00e7eki\u00e7li \u00f6\u011f\u00fct\u00fcc\u00fcn\u00fcn uygulama aral\u0131\u011f\u0131<\/h2>    <p class=\"translation-block\"><strong>Uygulanabilir bitkiler<\/strong><\/p>    <p>Bu ekipman serisi mobil kullan\u0131m i\u00e7in tasarlanm\u0131\u015ft\u0131r. K\u00fc\u00e7\u00fck ve orta \u00f6l\u00e7ekli yonga levha ve lif levha imalat \u015firketlerinin haz\u0131rlama alan\u0131nda yayg\u0131n olarak kullan\u0131lmaktad\u0131r. Ek olarak, bireysel haneler taraf\u0131ndan ticari a\u011fa\u00e7 yongalar\u0131 \u00fcretmek i\u00e7in de kullan\u0131labilir.<\/p>    <p class=\"translation-block\"><strong>Uygulanabilir hammaddeler ve bitmi\u015f \u00fcr\u00fcnler<\/strong><\/p>    <p class=\"translation-block\">\u00c7eki\u00e7li yonga k\u0131r\u0131c\u0131, \u00f6ncelikle \u00e7am, kar\u0131\u015f\u0131k ah\u015fap, kavak ah\u015fab\u0131, k\u00f6knar ah\u015fab\u0131 ve ham bambu dahil olmak \u00fczere \u00e7e\u015fitli ah\u015fap t\u00fcrlerini i\u015flemek i\u00e7in tasarlanm\u0131\u015ft\u0131r. Bu makine, \u00f6zellikle yenilebilir mantar k\u00fclt\u00fcr\u00fc tesislerindeki yonga i\u015fleme i\u00e7in \u00e7ok uygundur. Ek olarak, par\u00e7alay\u0131c\u0131, <a href=\"https:\/\/en.wikipedia.org\/wiki\/Particle_board\" target=\"_blank\" rel=\"noopener\">sunta<\/a>, tala\u015f levhas\u0131 ve y\u00fcksek yo\u011funluklu levha i\u00e7in hammaddeler \u00fcretmek \u00fczere kullan\u0131labilir.<\/p>   <div class=\"wp-block-image\"> <figure class=\"aligncenter size-full\"><img loading=\"lazy\" decoding=\"async\" width=\"720\" height=\"540\" src=\"https:\/\/hnwoodmachinery.com\/wp-content\/uploads\/2022\/09\/finished-product-of-the-wood-shaving-grinder.webp\" alt=\"ah\u015fap tala\u015f\u0131 \u00f6\u011f\u00fct\u00fcc\u00fcn\u00fcn bitmi\u015f \u00fcr\u00fcn\u00fc\" class=\"wp-image-474\" title=\"ah\u015fap tala\u015f \u00f6\u011f\u00fct\u00fcc\u00fcs\u00fcn\u00fcn bitmi\u015f \u00fcr\u00fcn\u00fc\"\/><figcaption class=\"wp-element-caption\">ah\u015fap t\u0131ra\u015f \u00f6\u011f\u00fct\u00fcc\u00fcn\u00fcn bitmi\u015f \u00fcr\u00fcn\u00fc<\/figcaption><\/figure> <\/div>   <h2 class=\"wp-block-heading\" id=\"h-working-principle-of-the-hammer-mill-wood-crusher\">\u00c7eki\u00e7li de\u011firmen ah\u015fap k\u0131r\u0131c\u0131 \u00e7al\u0131\u015fma prensibi<\/h2>    <p>\u00c7eki\u00e7li de\u011firmen ah\u015fap k\u0131r\u0131c\u0131 \u00f6ncelikle malzemeleri par\u00e7alamak i\u00e7in darbeyi kullan\u0131r. Malzeme makineye girdi\u011finde y\u00fcksek h\u0131zda d\u00f6nen \u00e7eki\u00e7 ba\u015fl\u0131\u011f\u0131n\u0131n kuvvetiyle ezilir. Ayr\u0131ca k\u0131r\u0131lan malzemeler birbiriyle \u00e7arp\u0131\u015f\u0131r. <\/p>    <p>Tekrarlanan bu k\u0131rma i\u015flemi sayesinde malzeme elek deliklerinden k\u00fc\u00e7\u00fcl\u00fcr ve bo\u015fluklardan d\u0131\u015far\u0131 at\u0131l\u0131r. Daha b\u00fcy\u00fck par\u00e7alar elek a\u011f\u0131ndan ge\u00e7inceye kadar tekrar d\u00f6v\u00fcl\u00fcr. Sonu\u00e7ta istenilen par\u00e7ac\u0131k boyutunda \u00fcr\u00fcn elde edilir.<\/p>    <figure class=\"wp-block-embed aligncenter is-type-video is-provider-youtube wp-block-embed-youtube wp-embed-aspect-16-9 wp-has-aspect-ratio\"><div class=\"wp-block-embed__wrapper\"> <iframe loading=\"lazy\" title=\"Ah\u015fap \u00e7eki\u00e7li de\u011firmen makinesi \u4e28 ah\u015fap tala\u015f \u00e7eki\u00e7li de\u011firmen k\u0131r\u0131c\u0131\" width=\"500\" height=\"281\" src=\"https:\/\/www.youtube.com\/embed\/ZU7KSzZnOTI?feature=oembed\" frameborder=\"0\" allow=\"accelerometer; autoplay; clipboard-write; encrypted-media; gyroscope; picture-in-picture; web-share\" referrerpolicy=\"strict-origin-when-cross-origin\" allowfullscreen><\/iframe> <\/div><figcaption class=\"wp-element-caption\">ah\u015fap \u00e7eki\u00e7li de\u011firmen k\u0131rma makinesi<\/figcaption><\/figure>    <h2 class=\"wp-block-heading\" id=\"h-structure-of-the-hammer-wood-crusher\">\u00c7eki\u00e7li ah\u015fap k\u0131r\u0131c\u0131n\u0131n yap\u0131s\u0131<\/h2>    <p>\u00c7eki\u00e7li ah\u015fap k\u0131r\u0131c\u0131 \u00f6ncelikle bir \u00e7er\u00e7eve, mahfaza, yatak tablas\u0131, sabit b\u0131\u00e7ak tablas\u0131, elek ve elek \u00e7er\u00e7evesi i\u00e7erir. Makinenin tamam\u0131 kompakt bir tasar\u0131ma, geni\u015fletilmi\u015f toz bo\u015faltma alan\u0131na, etkili k\u0131rma \u00f6zelliklerine sahiptir ve elek de\u011fi\u015fimini kolayla\u015ft\u0131r\u0131r.<\/p>    <figure class=\"wp-block-gallery has-nested-images columns-default is-cropped wp-block-gallery-4 is-layout-flex wp-block-gallery-is-layout-flex\"> <figure class=\"wp-block-image size-large\"><img loading=\"lazy\" decoding=\"async\" width=\"720\" height=\"540\" data-id=\"478\" src=\"https:\/\/hnwoodmachinery.com\/wp-content\/uploads\/2022\/09\/hammer-mill-wood-crusher-.webp\" alt=\"\u00e7eki\u00e7li de\u011firmen ah\u015fap k\u0131r\u0131c\u0131\" class=\"wp-image-478\" title=\"\u00e7eki\u00e7li de\u011firmen ah\u015fap k\u0131r\u0131c\u0131\"\/><figcaption class=\"wp-element-caption\">\u00c7eki\u00e7li De\u011firmen A\u011fa\u00e7 K\u0131r\u0131c\u0131<\/figcaption><\/figure>    <figure class=\"wp-block-image size-large\"><img loading=\"lazy\" decoding=\"async\" width=\"720\" height=\"540\" data-id=\"479\" src=\"https:\/\/hnwoodmachinery.com\/wp-content\/uploads\/2022\/09\/wood-hammer-mill\u2018s-hammer-.webp\" alt=\"ah\u015fap de\u011firmenin \u00e7eki\u00e7leri\" class=\"wp-image-479\" title=\"ah\u015fap de\u011firmenin \u00e7eki\u00e7leri\"\/><figcaption class=\"wp-element-caption\">Ah\u015fap \u00c7eki\u00e7li De\u011firmenin \u00c7ekici<\/figcaption><\/figure> <\/figure>   <div class=\"wp-block-image\"> <figure class=\"aligncenter size-full\"><img loading=\"lazy\" decoding=\"async\" width=\"720\" height=\"540\" src=\"https:\/\/hnwoodmachinery.com\/wp-content\/uploads\/2022\/09\/hammer-wood-crusher\u2018s-structure-.webp\" alt=\"\u00e7eki\u00e7li ah\u015fap k\u0131r\u0131c\u0131n\u0131n yap\u0131s\u0131\" class=\"wp-image-476\" title=\"\u00e7eki\u00e7li ah\u015fap k\u0131r\u0131c\u0131n\u0131n yap\u0131s\u0131\"\/><figcaption class=\"wp-element-caption\">\u00e7eki\u00e7li ah\u015fap k\u0131r\u0131c\u0131n\u0131n yap\u0131s\u0131<\/figcaption><\/figure> <\/div>   <h2 class=\"wp-block-heading\" id=\"h-technical-parameters-of-the-hammer-mill-crusher\">\u00c7eki\u00e7li de\u011firmen k\u0131r\u0131c\u0131 teknik parametreler<\/h2>    <figure class=\"wp-block-table is-style-stripes\"><table><tbody><tr><td><strong>Modeli<\/strong><\/td><td>SL-60<\/td><td>SL-70<\/td><td>SL-80<\/td><td>SL-90<\/td><td>SL-1000<\/td><td>SL-1300<\/td><\/tr><tr><td>G\u00fc\u00e7(kw)<\/td><td>22<\/td><td>30<\/td><td>37<\/td><td>55<\/td><td>75<\/td><td>90<\/td><\/tr><tr><td>\u00c7eki\u00e7ler (adet)<\/td><td>30<\/td><td>40<\/td><td>50<\/td><td>50<\/td><td>105<\/td><td>105<\/td><\/tr><tr><td>Fan(kw)<\/td><td><\/td><td><\/td><td>7.5<\/td><td>7.5<\/td><td>11<\/td><td>22<\/td><\/tr><tr><td>Toz giderici (adet)<\/td><td>5<\/td><td>5<\/td><td>5<\/td><td>5<\/td><td>14<\/td><td>14<\/td><\/tr><tr><td>Siklon \u00e7ap\u0131 (m)<\/td><td>1<\/td><td>1<\/td><td>1<\/td><td>1<\/td><td>1<\/td><td>1<\/td><\/tr><tr><td>Kapasite(ton\/saat)<\/td><td>0.8-1<\/td><td>1-1.5<\/td><td>1.5-2<\/td><td>2-3<\/td><td>3-4<\/td><td>4-5<\/td><\/tr><\/tbody><\/table><figcaption class=\"wp-element-caption\">\u00e7eki\u00e7li de\u011firmen k\u0131r\u0131c\u0131 parametreleri<\/figcaption><\/figure>    <h2 class=\"wp-block-heading\" id=\"h-the-difference-between-the-hammer-chip-crusher-and-the-wood-crusher\">\u00c7eki\u00e7li de\u011firmen ve odun k\u0131r\u0131c\u0131 aras\u0131ndaki fark<\/h2>    <ol class=\"wp-block-list\"> <li>\u0130ki makinenin g\u00f6r\u00fcn\u00fcm\u00fc biraz farkl\u0131d\u0131r. \u00c7eki\u00e7li tala\u015f k\u0131r\u0131c\u0131, makinenin k\u0131rma k\u0131sm\u0131n\u0131n kabu\u011funun \u00fcst\u00fcnde \u00e7\u0131k\u0131nt\u0131l\u0131 vidalara sahipken, ah\u015fap k\u0131r\u0131c\u0131n\u0131n t\u00fcm kabu\u011fu p\u00fcr\u00fczs\u00fczd\u00fcr.<\/li>    <li>Makinelerin ekranlar\u0131 farkl\u0131d\u0131r. \u00c7eki\u00e7li de\u011firmenin ekran\u0131 yar\u0131m halkad\u0131r. Odun k\u0131r\u0131c\u0131n\u0131n ekran\u0131 tam bir dairedir.<\/li>    <li>Malzeme farkl\u0131d\u0131r. \u00c7eki\u00e7li de\u011firmen taraf\u0131ndan i\u015flenen malzeme kabaca i\u015flenmi\u015f ah\u015fap, hindistancevizi kabu\u011fu, saman, karton vb.'dir. Ah\u015fap k\u0131r\u0131c\u0131 genellikle her t\u00fcrl\u00fc ah\u015fap, tahta, kullan\u0131lm\u0131\u015f mobilya vb. ile ilgilenir.<\/li>    <li>Makinenin i\u00e7 yap\u0131s\u0131 farkl\u0131d\u0131r. \u00c7eki\u00e7 b\u0131\u00e7akl\u0131 par\u00e7alay\u0131c\u0131 dahili olarak esas olarak \u00e7eki\u00e7 b\u0131\u00e7a\u011f\u0131, ah\u015fap par\u00e7alay\u0131c\u0131 dahili olarak esas olarak b\u0131\u00e7ak plakas\u0131, b\u0131\u00e7ak ve \u00e7eki\u00e7 b\u0131\u00e7a\u011f\u0131.<\/li> <\/ol>    <p class=\"translation-block\">Ah\u015fap k\u0131r\u0131c\u0131lar hakk\u0131nda daha fazla bilgi edinmek i\u00e7in l\u00fctfen <strong><em><a href=\"https:\/\/hnwoodmachinery.com\/tr\/product\/wood-shredder-machine\/\">Tala\u015f Yap\u0131m\u0131 \u0130\u00e7in Ah\u015fap Par\u00e7alay\u0131c\u0131 Makine<\/a><\/em><\/strong>'ye t\u0131klay\u0131n.<\/p>    <h2 class=\"wp-block-heading\" id=\"h-successful-case\">Ba\u015far\u0131l\u0131 vaka<\/h2>    <p>M\u00fc\u015fterimiz Kolombiya'da ya\u015f\u0131yor ve YouTube videomuzu izledikten sonra bize ula\u015ft\u0131. Tart\u0131\u015fmalar\u0131m\u0131z s\u0131ras\u0131nda fabrikalar\u0131n\u0131n farkl\u0131 ah\u015fap t\u00fcrlerini d\u00f6n\u00fc\u015ft\u00fcrme konusunda uzmanla\u015ft\u0131\u011f\u0131n\u0131 ke\u015ffettik. Son zamanlarda \u00e7e\u015fitli at\u0131k ah\u015fap malzemeleri i\u015flemek i\u00e7in bir par\u00e7alay\u0131c\u0131ya ihtiya\u00e7 duydular. <\/p>    <p>M\u00fc\u015fterinin \u00e7\u0131kt\u0131 gereksinimlerini de\u011ferlendirdikten sonra, sat\u0131\u015f y\u00f6neticimiz SL-WC700 model de\u011firmeni \u00f6nerdi. M\u00fc\u015fteri \u00f6neriden memnun kald\u0131 ve nihayetinde bir sipari\u015f vermeye karar verdi.<\/p>    <figure class=\"wp-block-gallery has-nested-images columns-default is-cropped wp-block-gallery-5 is-layout-flex wp-block-gallery-is-layout-flex\"> <figure class=\"wp-block-image size-large\"><img loading=\"lazy\" decoding=\"async\" width=\"720\" height=\"540\" data-id=\"482\" src=\"https:\/\/hnwoodmachinery.com\/wp-content\/uploads\/2022\/09\/wooden-case-packing-of-the-Wood-hammer-mill-_.webp\" alt=\"Ah\u015fap de\u011firmenin ah\u015fap kutu ambalaj\u0131 \" class=\"wp-image-482\" title=\"Ah\u015fap de\u011firmenin ah\u015fap kutu ambalaj\u0131 \"\/><figcaption class=\"wp-element-caption\">Ah\u015fap \u00c7eki\u00e7li De\u011firmenin Ah\u015fap Sand\u0131k Ambalaj\u0131<\/figcaption><\/figure>    <figure class=\"wp-block-image size-large\"><img loading=\"lazy\" decoding=\"async\" width=\"720\" height=\"540\" data-id=\"481\" src=\"https:\/\/hnwoodmachinery.com\/wp-content\/uploads\/2022\/09\/shipping-of-the-hammer-chip-crusher-.webp\" alt=\"\u00e7eki\u00e7li tala\u015f k\u0131r\u0131c\u0131 g\u00f6nderimi\" class=\"wp-image-481\" title=\"\u00e7eki\u00e7li tala\u015f k\u0131r\u0131c\u0131 g\u00f6nderimi\"\/><figcaption class=\"wp-element-caption\">\u00c7eki\u00e7li Tala\u015f K\u0131r\u0131c\u0131n\u0131n Nakliyesi<\/figcaption><\/figure> <\/figure>    <p>Her m\u00fc\u015fterinin ihtiya\u00e7lar\u0131n\u0131n benzersiz oldu\u011funu anl\u0131yoruz ve birebir \u00f6zelle\u015ftirilmi\u015f hizmetler sunuyoruz. Herhangi bir sorunuz var m\u0131? Sa\u011fdaki formda bir mesaj b\u0131rakmaktan \u00e7ekinmeyin, size h\u0131zl\u0131 bir \u015fekilde yan\u0131t verece\u011fiz.<\/p>","protected":false},"excerpt":{"rendered":"<p>Ah\u015fap \u00e7eki\u00e7li de\u011firmen k\u0131r\u0131c\u0131s\u0131, end\u00fcstriyel sekt\u00f6rde \u00e7ok \u00e7e\u015fitli malzemelerde daha y\u00fcksek k\u0131rma oranlar\u0131 sunarak maksimum 5 ton\/saat \u00fcretime ula\u015fmas\u0131yla tan\u0131nmaktad\u0131r. 3\/16 in\u00e7ten (4 mm) daha ince malzeme \u00fcretir. <\/p>","protected":false},"author":1,"featured_media":467,"parent":0,"template":"","tags":[36,37,35,40],"product-type":[7],"class_list":["post-96","product","type-product","status-publish","has-post-thumbnail","hentry","tag-log","tag-sawdust","tag-wood","tag-wood-chips","product-type-wood-crusher"],"_links":{"self":[{"href":"https:\/\/hnwoodmachinery.com\/tr\/wp-json\/wp\/v2\/product\/96","targetHints":{"allow":["GET"]}}],"collection":[{"href":"https:\/\/hnwoodmachinery.com\/tr\/wp-json\/wp\/v2\/product"}],"about":[{"href":"https:\/\/hnwoodmachinery.com\/tr\/wp-json\/wp\/v2\/types\/product"}],"author":[{"embeddable":true,"href":"https:\/\/hnwoodmachinery.com\/tr\/wp-json\/wp\/v2\/users\/1"}],"wp:featuredmedia":[{"embeddable":true,"href":"https:\/\/hnwoodmachinery.com\/tr\/wp-json\/wp\/v2\/media\/467"}],"wp:attachment":[{"href":"https:\/\/hnwoodmachinery.com\/tr\/wp-json\/wp\/v2\/media?parent=96"}],"wp:term":[{"taxonomy":"post_tag","embeddable":true,"href":"https:\/\/hnwoodmachinery.com\/tr\/wp-json\/wp\/v2\/tags?post=96"},{"taxonomy":"product-type","embeddable":true,"href":"https:\/\/hnwoodmachinery.com\/tr\/wp-json\/wp\/v2\/product-type?post=96"}],"curies":[{"name":"wp","href":"https:\/\/api.w.org\/{rel}","templated":true}]}}