{"id":94,"date":"2022-07-18T08:56:45","date_gmt":"2022-07-18T08:56:45","guid":{"rendered":"https:\/\/hnwoodmachinery.com\/?post_type=product&#038;p=94"},"modified":"2024-09-25T18:28:48","modified_gmt":"2024-09-25T10:28:48","slug":"wood-chips-making-machine","status":"publish","type":"product","link":"https:\/\/hnwoodmachinery.com\/tr\/product\/wood-chips-making-machine\/","title":{"rendered":"Sat\u0131l\u0131k Ah\u015fap Yonga Yapma Makinesi Kereste Par\u00e7alay\u0131c\u0131 Par\u00e7alay\u0131c\u0131"},"content":{"rendered":"<div class=\"kk-star-ratings kksr-auto kksr-align-left kksr-valign-top\"     data-payload='{&quot;align&quot;:&quot;left&quot;,&quot;id&quot;:&quot;94&quot;,&quot;slug&quot;:&quot;default&quot;,&quot;valign&quot;:&quot;top&quot;,&quot;ignore&quot;:&quot;&quot;,&quot;reference&quot;:&quot;auto&quot;,&quot;class&quot;:&quot;&quot;,&quot;count&quot;:&quot;84&quot;,&quot;legendonly&quot;:&quot;&quot;,&quot;readonly&quot;:&quot;&quot;,&quot;score&quot;:&quot;4.8&quot;,&quot;starsonly&quot;:&quot;&quot;,&quot;best&quot;:&quot;5&quot;,&quot;gap&quot;:&quot;5&quot;,&quot;greet&quot;:&quot;Rate this product&quot;,&quot;legend&quot;:&quot;4.8\\\/5 - (84 votes)&quot;,&quot;size&quot;:&quot;24&quot;,&quot;title&quot;:&quot;Wood Chips Making Machine Timber Chipper Shredder For Sale&quot;,&quot;width&quot;:&quot;136.7&quot;,&quot;_legend&quot;:&quot;{score}\\\/{best} - ({count} {votes})&quot;,&quot;font_factor&quot;:&quot;1.25&quot;}'>              <div class=\"kksr-stars\">      <div class=\"kksr-stars-inactive\">             <div class=\"kksr-star\" data-star=\"1\" style=\"padding-right: 5px\">               <div class=\"kksr-icon\" style=\"width: 24px; height: 24px;\"><\/div>         <\/div>             <div class=\"kksr-star\" data-star=\"2\" style=\"padding-right: 5px\">               <div class=\"kksr-icon\" style=\"width: 24px; height: 24px;\"><\/div>         <\/div>             <div class=\"kksr-star\" data-star=\"3\" style=\"padding-right: 5px\">               <div class=\"kksr-icon\" style=\"width: 24px; height: 24px;\"><\/div>         <\/div>             <div class=\"kksr-star\" data-star=\"4\" style=\"padding-right: 5px\">               <div class=\"kksr-icon\" style=\"width: 24px; height: 24px;\"><\/div>         <\/div>             <div class=\"kksr-star\" data-star=\"5\" style=\"padding-right: 5px\">               <div class=\"kksr-icon\" style=\"width: 24px; height: 24px;\"><\/div>         <\/div>     <\/div>      <div class=\"kksr-stars-active\" style=\"width: 136.7px;\">             <div class=\"kksr-star\" style=\"padding-right: 5px\">               <div class=\"kksr-icon\" style=\"width: 24px; height: 24px;\"><\/div>         <\/div>             <div class=\"kksr-star\" style=\"padding-right: 5px\">               <div class=\"kksr-icon\" style=\"width: 24px; height: 24px;\"><\/div>         <\/div>             <div class=\"kksr-star\" style=\"padding-right: 5px\">               <div class=\"kksr-icon\" style=\"width: 24px; height: 24px;\"><\/div>         <\/div>             <div class=\"kksr-star\" style=\"padding-right: 5px\">               <div class=\"kksr-icon\" style=\"width: 24px; height: 24px;\"><\/div>         <\/div>             <div class=\"kksr-star\" style=\"padding-right: 5px\">               <div class=\"kksr-icon\" style=\"width: 24px; height: 24px;\"><\/div>         <\/div>     <\/div> <\/div>                   <div class=\"kksr-legend\" style=\"font-size: 19.2px;\">             4.8\/5 - (84 oy)    <\/div>     <\/div>  <p>Disk tipi a\u011fa\u00e7 yongas\u0131 yapma makinesi, farkl\u0131 end\u00fcstrilerin \u00f6zel gereksinimlerine uygun, y\u00fcksek kaliteli a\u011fa\u00e7 yongalar\u0131 olu\u015fturur. Paneller, kereste fabrikalar\u0131, ka\u011f\u0131t hamuru ve ka\u011f\u0131t \u00fcretimi ve biyoenerji sekt\u00f6r\u00fc dahil olmak \u00fczere \u00e7e\u015fitli uygulamalarda kullan\u0131labilir. <\/p>    <p>Her gereksinimi kar\u015f\u0131lamak i\u00e7in \u00e7e\u015fitli disk \u00e7aplar\u0131 se\u00e7enekleri sunuyoruz. Ayr\u0131ca disklerdeki b\u0131\u00e7ak say\u0131s\u0131 her uygulaman\u0131n ihtiyac\u0131na g\u00f6re ayarlanabilmektedir. Makinelerimiz, 20 ila 50 mm aras\u0131nda ayarlanabilir tala\u015f uzunluklar\u0131yla saatte 650 m\u00b3'e kadar a\u011fa\u00e7 tala\u015f\u0131 i\u015fleyebilir.<\/p>    <figure class=\"wp-block-embed aligncenter is-type-video is-provider-youtube wp-block-embed-youtube wp-embed-aspect-16-9 wp-has-aspect-ratio\"><div class=\"wp-block-embed__wrapper\"> <iframe loading=\"lazy\" title=\"G\u00fc\u00e7l\u00fc End\u00fcstriyel A\u011fa\u00e7 \u00d6\u011f\u00fct\u00fcc\u00fc Par\u00e7alay\u0131c\u0131 \u0130\u015f Ba\u015f\u0131nda: K\u00fct\u00fckleri K\u0131r\u0131lm\u0131\u015f Ah\u015faba D\u00f6n\u00fc\u015ft\u00fcr\u00fcyor!#wood\" width=\"500\" height=\"281\" src=\"https:\/\/www.youtube.com\/embed\/STHJCMPGEbI?feature=oembed\" frameborder=\"0\" allow=\"accelerometer; autoplay; clipboard-write; encrypted-media; gyroscope; picture-in-picture; web-share\" referrerpolicy=\"strict-origin-when-cross-origin\" allowfullscreen><\/iframe> <\/div><figcaption class=\"wp-element-caption\">end\u00fcstriyel tala\u015f yapma makinesi \u00e7al\u0131\u015fma alan\u0131<\/figcaption><\/figure>    <p>Makine makul ve g\u00fcvenilir bir yap\u0131ya, kolay kullan\u0131ma, kaliteli bitmi\u015f malzemeye ve y\u00fcksek \u00e7\u0131kt\u0131ya sahiptir, bu da onu y\u00fcksek kaliteli tala\u015f kald\u0131rma makine ve ekipman\u0131 yapar. \u0130hracat\u0131ndan bu yana disk par\u00e7alay\u0131c\u0131m\u0131z ABD, Filipinler, Uganda, Malezya, Singapur, Zambiya ve di\u011fer \u00fclkelere yayg\u0131n olarak sat\u0131ld\u0131.<\/p>    <h2 class=\"wp-block-heading\" id=\"h-shuliy-machinery-s-wood-chips-making-machine\">\u00d6zelle\u015ftirilebilir ah\u015fap cips yapma makinesi<\/h2>    <p>A\u011fa\u00e7 yongas\u0131 yapma makinemiz \u00e7ok y\u00f6nl\u00fcd\u00fcr ve m\u00fc\u015fterilerimizin farkl\u0131 \u00e7\u0131kt\u0131 gereksinimlerini kar\u015f\u0131lamak i\u00e7in \u00e7e\u015fitli modellerde sunulur. Par\u00e7alay\u0131c\u0131, bir elektrik motoru veya dizel motorla \u00e7al\u0131\u015ft\u0131r\u0131labilir. <\/p>    <p>Ayr\u0131ca \u00e7\u0131k\u0131\u015f\u0131n y\u00fcksekli\u011fini ve \u015feklini ayarlamak, raflar ve tekerlekler eklemek ve konvey\u00f6r bantlar\u0131 eklemek gibi \u00f6zelle\u015ftirme se\u00e7enekleri de sunuyoruz. Bu esneklik, her m\u00fc\u015fterinin benzersiz ihtiya\u00e7lar\u0131n\u0131 kar\u015f\u0131lamam\u0131za olanak tan\u0131r.<\/p>    <figure class=\"wp-block-gallery has-nested-images columns-default is-cropped wp-block-gallery-2 is-layout-flex wp-block-gallery-is-layout-flex\"> <figure class=\"wp-block-image size-large\"><img loading=\"lazy\" decoding=\"async\" width=\"720\" height=\"540\" data-id=\"459\" src=\"https:\/\/hnwoodmachinery.com\/wp-content\/uploads\/2022\/09\/wood-chipper-0.webp\" alt=\"odun par\u00e7alay\u0131c\u0131\" class=\"wp-image-459\" title=\"odun par\u00e7alay\u0131c\u0131\"\/><figcaption class=\"wp-element-caption\">A\u011fa\u00e7 \u00d6\u011f\u00fct\u00fcc\u00fc<\/figcaption><\/figure>    <figure class=\"wp-block-image size-large\"><img loading=\"lazy\" decoding=\"async\" width=\"720\" height=\"540\" data-id=\"458\" src=\"https:\/\/hnwoodmachinery.com\/wp-content\/uploads\/2022\/09\/wood-chipping-machine-0.webp\" alt=\"ah\u015fap yonga makinesi\" class=\"wp-image-458\" title=\"ah\u015fap yonga makinesi\"\/><figcaption class=\"wp-element-caption\">A\u011fa\u00e7 Yonga Makinas\u0131<\/figcaption><\/figure> <\/figure>    <p>Mobil tala\u015f yapma makinesi, kompakt ve verimli bir tasar\u0131ma sahiptir ve kullan\u0131m\u0131 kolayla\u015ft\u0131r\u0131r. B\u00fcy\u00fck bir \u00fcretim kapasitesi sunar, y\u00fcksek kaliteli a\u011fa\u00e7 yongalar\u0131 \u00fcretir ve d\u00fc\u015f\u00fck enerji t\u00fcketir; bu da onu birinci s\u0131n\u0131f a\u011fa\u00e7 yongalar\u0131 \u00fcretmek isteyen herkes i\u00e7in m\u00fckemmel bir se\u00e7im haline getirir.<\/p>    <figure class=\"wp-block-gallery has-nested-images columns-default is-cropped wp-block-gallery-3 is-layout-flex wp-block-gallery-is-layout-flex\"> <figure class=\"wp-block-image size-large\"><img loading=\"lazy\" decoding=\"async\" width=\"720\" height=\"540\" data-id=\"1118\" src=\"https:\/\/hnwoodmachinery.com\/wp-content\/uploads\/2022\/07\/mobile-type-diesel-wood-chipper.webp\" alt=\"mobil tip dizel a\u011fa\u00e7 \u00f6\u011f\u00fct\u00fcc\u00fc\" class=\"wp-image-1118\" title=\"\" srcset=\"https:\/\/hnwoodmachinery.com\/wp-content\/uploads\/2022\/07\/mobile-type-diesel-wood-chipper.webp 720w, https:\/\/hnwoodmachinery.com\/wp-content\/uploads\/2022\/07\/mobile-type-diesel-wood-chipper-300x225.webp 300w, https:\/\/hnwoodmachinery.com\/wp-content\/uploads\/2022\/07\/mobile-type-diesel-wood-chipper-16x12.webp 16w\" sizes=\"auto, (max-width: 720px) 100vw, 720px\" \/><figcaption class=\"wp-element-caption\">Mobil Tip Dizel A\u011fa\u00e7 \u00d6\u011f\u00fctme Makinas\u0131<\/figcaption><\/figure>    <figure class=\"wp-block-image size-large\"><img loading=\"lazy\" decoding=\"async\" width=\"720\" height=\"540\" data-id=\"1117\" src=\"https:\/\/hnwoodmachinery.com\/wp-content\/uploads\/2022\/07\/disc-wood-chipper-with-wheels.webp\" alt=\"tekerlekli k\u00fc\u00e7\u00fck a\u011fa\u00e7 \u00f6\u011f\u00fct\u00fcc\u00fc\" class=\"wp-image-1117\" title=\"\" srcset=\"https:\/\/hnwoodmachinery.com\/wp-content\/uploads\/2022\/07\/disc-wood-chipper-with-wheels.webp 720w, https:\/\/hnwoodmachinery.com\/wp-content\/uploads\/2022\/07\/disc-wood-chipper-with-wheels-300x225.webp 300w, https:\/\/hnwoodmachinery.com\/wp-content\/uploads\/2022\/07\/disc-wood-chipper-with-wheels-16x12.webp 16w\" sizes=\"auto, (max-width: 720px) 100vw, 720px\" \/><figcaption class=\"wp-element-caption\">Tekerlekli K\u00fc\u00e7\u00fck A\u011fa\u00e7 \u00d6\u011f\u00fct\u00fcc\u00fc<\/figcaption><\/figure> <\/figure>    <h2 class=\"wp-block-heading\" id=\"h-structure-of-wood-chipper\">Disk tipi a\u011fa\u00e7 \u00f6\u011f\u00fct\u00fcc\u00fcn\u00fcn yap\u0131s\u0131<\/h2>    <p>Tala\u015f yapma makinesi, kesici, b\u0131\u00e7ak, yatak taban\u0131, yatak kutusu, yataklar, kay\u0131\u015f, kasnak, motor veya dizel motor, b\u00fcy\u00fck \u015faft ve yuva dahil olmak \u00fczere \u00e7e\u015fitli temel bile\u015fenlerden olu\u015fur. <\/p>    <p>Disk \u00f6\u011f\u00fct\u00fcc\u00fc, yontma b\u0131\u00e7a\u011f\u0131n\u0131n ayarlanmas\u0131na olanak tan\u0131yarak \u00e7e\u015fitli \u00f6zelliklerde ve kal\u0131nl\u0131klarda a\u011fa\u00e7 yongalar\u0131n\u0131n \u00fcretilmesine olanak sa\u011flar. Ek olarak tala\u015flar\u0131n uzunlu\u011fu belirlenmi\u015f bir aral\u0131kta de\u011fi\u015ftirilebilir.<\/p>    <figure class=\"wp-block-gallery has-nested-images columns-default is-cropped wp-block-gallery-4 is-layout-flex wp-block-gallery-is-layout-flex\"> <figure class=\"wp-block-image size-large\"><img loading=\"lazy\" decoding=\"async\" width=\"720\" height=\"540\" data-id=\"462\" src=\"https:\/\/hnwoodmachinery.com\/wp-content\/uploads\/2022\/09\/blade-0.webp\" alt=\"b\u0131\u00e7ak\" class=\"wp-image-462\" title=\"b\u0131\u00e7ak\"\/><figcaption class=\"wp-element-caption\">B\u0131\u00e7ak<\/figcaption><\/figure>    <figure class=\"wp-block-image size-large\"><img loading=\"lazy\" decoding=\"async\" width=\"720\" height=\"540\" data-id=\"461\" src=\"https:\/\/hnwoodmachinery.com\/wp-content\/uploads\/2022\/09\/cut-head-0.webp\" alt=\"K\u0131rma b\u0131\u00e7aklar\u0131\" class=\"wp-image-461\" title=\"ba\u015f kesme \"\/><figcaption class=\"wp-element-caption\">K\u0131rma B\u0131\u00e7aklar\u0131<\/figcaption><\/figure> <\/figure>    <h2 class=\"wp-block-heading\" id=\"h-the-working-principle-of-the-wood-chipper-shredder\">Odun par\u00e7alay\u0131c\u0131 par\u00e7alay\u0131c\u0131 \u00e7al\u0131\u015fma prensibi<\/h2>    <p>Tala\u015f yapma makinesi b\u0131\u00e7a\u011f\u0131n kesme prensibiyle \u00e7al\u0131\u015f\u0131r. Motor veya dizel motor \u00e7al\u0131\u015ft\u0131r\u0131ld\u0131\u011f\u0131nda, mil \u00fczerine monte edilmi\u015f kesici diski tahrik etmek i\u00e7in bir kay\u0131\u015f aktar\u0131m\u0131 kullan\u0131r ve diske ba\u011fl\u0131 b\u0131\u00e7aklar\u0131n s\u00fcrekli d\u00f6nmesine neden olur. <\/p>    <p>Ah\u015fap besleme portuna beslenir, burada d\u00f6nen kesici disk ve b\u0131\u00e7aklar taraf\u0131ndan tala\u015flar halinde dilimlenir ve bunlar daha sonra bo\u015faltma portundan \u00e7\u0131kar.<\/p>    <figure class=\"wp-block-embed aligncenter is-type-video is-provider-youtube wp-block-embed-youtube wp-embed-aspect-16-9 wp-has-aspect-ratio\"><div class=\"wp-block-embed__wrapper\"> <iframe loading=\"lazy\" title=\"Verimli K\u00fc\u00e7\u00fck A\u011fa\u00e7 \u00d6\u011f\u00fct\u00fcc\u00fc: Kompakt Disk tarz\u0131 Par\u00e7alay\u0131c\u0131m\u0131z\u0131 \u00c7al\u0131\u015f\u0131rken \u0130zleyin! #odun \u00f6\u011f\u00fct\u00fcc\u00fc\" width=\"500\" height=\"281\" src=\"https:\/\/www.youtube.com\/embed\/cKdPj8JPIjY?feature=oembed\" frameborder=\"0\" allow=\"accelerometer; autoplay; clipboard-write; encrypted-media; gyroscope; picture-in-picture; web-share\" referrerpolicy=\"strict-origin-when-cross-origin\" allowfullscreen><\/iframe> <\/div><figcaption class=\"wp-element-caption\">ta\u015f\u0131nabilir tala\u015f yapma makinesi \u00e7al\u0131\u015fma videosu<\/figcaption><\/figure>    <h2 class=\"wp-block-heading\" id=\"h-application-range-of-wood-chipper-machine\">A\u011fa\u00e7 \u00f6\u011f\u00fctme makinesinin uygulama aral\u0131\u011f\u0131<\/h2>    <p class=\"translation-block\"><strong>Uygulanabilir malzemeler<\/strong><\/p>    <p>K\u00fct\u00fck, tahta kaplama, ah\u015fap kaplama, bambu, dal a\u011fac\u0131, m\u0131s\u0131r saplar\u0131, pamuk saplar\u0131 ve kam\u0131\u015flar gibi k\u00fc\u00e7\u00fck ve b\u00fcy\u00fck ham maddeler yontulabilir.<\/p>    <p class=\"translation-block\"><strong>Bitmi\u015f \u00fcr\u00fcnlerin uygulamas\u0131<\/strong><\/p>    <p class=\"translation-block\">\u0130\u015flenmi\u015f odun yongalar\u0131 <a href=\"https:\/\/en.wikipedia.org\/wiki\/Papermaking\" target=\"_blank\" rel=\"noopener\">ka\u011f\u0131t yap\u0131m\u0131<\/a>, panel yap\u0131m\u0131 ve enerji \u00fcretimi i\u00e7in biyok\u00fctle yak\u0131t\u0131 olarak kullan\u0131labilir.<\/p>   <div class=\"wp-block-image\"> <figure class=\"aligncenter size-full\"><img loading=\"lazy\" decoding=\"async\" width=\"720\" height=\"540\" src=\"https:\/\/hnwoodmachinery.com\/wp-content\/uploads\/2022\/09\/using-scope-0.webp\" alt=\"A\u011fa\u00e7 tala\u015f\u0131 yapma makinesinin kapsam\u0131n\u0131 kullanma\" class=\"wp-image-464\" title=\"A\u011fa\u00e7 tala\u015f\u0131 yapma makinesinin kapsam\u0131n\u0131 kullanma\"\/><figcaption class=\"wp-element-caption\">A\u011fa\u00e7 tala\u015f\u0131 yapma makinesinin kapsam\u0131n\u0131 kullanma<\/figcaption><\/figure> <\/div>   <h2 class=\"wp-block-heading\">End\u00fcstriyel a\u011fa\u00e7 \u00f6\u011f\u00fct\u00fcc\u00fcn\u00fcn avantajlar\u0131<\/h2>    <ul class=\"wp-block-list\"> <li>Makinenin sa\u011flam tasar\u0131m\u0131, kolay bak\u0131m imkan\u0131 sunar ve a\u015f\u0131nm\u0131\u015f par\u00e7alar\u0131 de\u011fi\u015ftirilerek uzun \u00f6m\u00fcr ve optimal kullan\u0131labilirlik garanti edilebilir. <\/li>    <li>Alet uzunluklar\u0131 kurulumdan \u00f6nce vidalarla ayarlanabilir, b\u00f6ylece do\u011fru alet uzunluklar\u0131 sa\u011flan\u0131r ve h\u0131zl\u0131 ve kolay alet de\u011fi\u015fimi sa\u011flan\u0131r. <\/li>    <li>Besleme olu\u011fu, dilimleyici mahfazas\u0131na kaynakl\u0131 veya c\u0131vatal\u0131d\u0131r ve de\u011fi\u015ftirilebilir a\u015f\u0131nma plakalar\u0131na sahiptir. <\/li>    <li>Kolayca ayarlanabilen ve de\u011fi\u015ftirilebilen b\u0131\u00e7aklarla birlikte gelir.<\/li> <\/ul>    <h2 class=\"wp-block-heading\" id=\"h-parameters-of-the-wood-chipper-shredder\">Odun par\u00e7alay\u0131c\u0131 par\u00e7alay\u0131c\u0131 teknik parametreler<\/h2>    <figure class=\"wp-block-table is-style-stripes\"><table><tbody><tr><td>Modeli<\/td><td>Verim(T)<\/td><td>Destek g\u00fcc\u00fc (KW)<\/td><td>Tek a\u011f\u0131rl\u0131k (kg)<\/td><td>Mil h\u0131z\u0131 (r\/dak)<\/td><td>B\u0131\u00e7ak numaras\u0131<\/td><td>Besleme giri\u015fi boyutu (mm)<\/td><\/tr><tr><td>SL-400<\/td><td>1<\/td><td>7.5<\/td><td>160<\/td><td>650<\/td><td>3<\/td><td>150\u00d7150<\/td><\/tr><tr><td>SL-600<\/td><td>2<\/td><td>15<\/td><td>380<\/td><td>600<\/td><td>3<\/td><td>180\u00d7150<\/td><\/tr><tr><td>SL-800<\/td><td>5<\/td><td>30<\/td><td>520<\/td><td>550<\/td><td>4<\/td><td>200\u00d7200<\/td><\/tr><tr><td>SL-1000<\/td><td>8<\/td><td>37<\/td><td>950<\/td><td>550<\/td><td>4-6<\/td><td>230\u00d7250<\/td><\/tr><tr><td>SL-1200<\/td><td>12<\/td><td>75<\/td><td>2000<\/td><td>500<\/td><td>4-6<\/td><td>330\u00d7300<\/td><\/tr><tr><td>SL-1400<\/td><td>15-16<\/td><td>110<\/td><td>2800<\/td><td>500<\/td><td>4-6<\/td><td>400\u00d7400<\/td><\/tr><tr><td>SL-1600<\/td><td>20<\/td><td>132<\/td><td>4600<\/td><td>500<\/td><td>4-6<\/td><td>480\u00d7450<\/td><\/tr><tr><td>SL-1800<\/td><td>25<\/td><td>160<\/td><td>6500<\/td><td>500<\/td><td>4-6<\/td><td>550\u00d7550<\/td><\/tr><\/tbody><\/table><figcaption class=\"wp-element-caption\">a\u011fa\u00e7 yongalama makinesi teknik verileri<\/figcaption><\/figure>    <h2 class=\"wp-block-heading\" id=\"h-maintenance-of-commercial-wood-chipping-machine\">Ticari a\u011fa\u00e7 yongalama makinesinin bak\u0131m\u0131<\/h2>    <ul class=\"wp-block-list\"> <li>\u00d6\u011f\u00fct\u00fcc\u00fcy\u00fc \u00e7al\u0131\u015ft\u0131rmadan \u00f6nce, makinenin sorunsuz \u00e7al\u0131\u015fmas\u0131n\u0131 garanti etmek i\u00e7in, onu ya\u011flama ya\u011f\u0131yla doldurmak \u00f6nemlidir.<\/li>    <li>Ayr\u0131ca makineyi \u00e7al\u0131\u015ft\u0131rmadan \u00f6nce par\u00e7alarda a\u015f\u0131nma ve y\u0131pranma olup olmad\u0131\u011f\u0131n\u0131n kontrol edilmesi ve ayr\u0131ca t\u00fcm bile\u015fenlerin uygun \u015fekilde s\u0131k\u0131ld\u0131\u011f\u0131ndan emin olunmas\u0131 \u00f6nemlidir.<\/li>    <li>Hem k\u0131rma i\u015fleminin hem de \u00e7\u0131kt\u0131n\u0131n kalitesini korumak i\u00e7in a\u011fa\u00e7 yongas\u0131 yapma makinesinin e\u015fit \u015fekilde beslenmesi gerekir. D\u00fczg\u00fcn \u00e7al\u0131\u015fmas\u0131n\u0131 sa\u011flamak i\u00e7in makinenin a\u015f\u0131r\u0131 y\u00fcklenmesi kesinlikle yasakt\u0131r.<\/li>    <li>\u00d6\u011f\u00fct\u00fcc\u00fcy\u00fc kullan\u0131rken g\u00fc\u00e7 ve h\u0131z ayarlar\u0131n\u0131 de\u011fi\u015ftirmekten ka\u00e7\u0131n\u0131n ve ta\u015flama b\u0131\u00e7a\u011f\u0131 i\u00e7in tutarl\u0131 bir a\u00e7\u0131 koruyun.<\/li> <\/ul>   <div class=\"wp-block-image\"> <figure class=\"aligncenter size-full\"><img loading=\"lazy\" decoding=\"async\" width=\"720\" height=\"540\" src=\"https:\/\/hnwoodmachinery.com\/wp-content\/uploads\/2022\/09\/commercial-wood-chipps-making-machine-0.webp\" alt=\"ticari tala\u015f yapma makinesi\" class=\"wp-image-466\" title=\"ticari odun tala\u015f\u0131 yapma makinesi\"\/><figcaption class=\"wp-element-caption\">ticari tala\u015f yapma makinesi<\/figcaption><\/figure> <\/div>   <p class=\"translation-block\">Bu makineye ek olarak fabrikam\u0131zda b\u00fcy\u00fck kapasiteli odun k\u0131y\u0131c\u0131lar da i\u015flenmektedir. Detaylar i\u00e7in l\u00fctfen <a href=\"https:\/\/hnwoodmachinery.com\/tr\/product\/drum-wood-chipper\/\"><strong><em>Tamburlu Odun K\u0131y\u0131c\u0131 Ticari Kereste Yonga \u00dcretim Makinesi<\/em><\/strong><\/a>'ne t\u0131klay\u0131n. \u0130lgileniyorsan\u0131z, daha fazla bilgi ve makine teklifi i\u00e7in l\u00fctfen bizimle ileti\u015fime ge\u00e7mekten \u00e7ekinmeyin. Sizinle i\u015fbirli\u011fi yapmay\u0131 d\u00f6rt g\u00f6zle bekliyoruz.<\/p>","protected":false},"excerpt":{"rendered":"<p>Disk tipi tala\u015f yapma makinesi, farkl\u0131 end\u00fcstrilere yap\u0131\u015fan tala\u015flar olu\u015fturur. Paneller, kereste fabrikalar\u0131, ka\u011f\u0131t hamuru ve ka\u011f\u0131t \u00fcretimi dahil olmak \u00fczere \u00e7e\u015fitli uygulamalarda kullan\u0131labilir. <\/p>","protected":false},"author":1,"featured_media":456,"parent":0,"template":"","tags":[36,35,40],"product-type":[9],"class_list":["post-94","product","type-product","status-publish","has-post-thumbnail","hentry","tag-log","tag-wood","tag-wood-chips","product-type-wood-chipper"],"_links":{"self":[{"href":"https:\/\/hnwoodmachinery.com\/tr\/wp-json\/wp\/v2\/product\/94","targetHints":{"allow":["GET"]}}],"collection":[{"href":"https:\/\/hnwoodmachinery.com\/tr\/wp-json\/wp\/v2\/product"}],"about":[{"href":"https:\/\/hnwoodmachinery.com\/tr\/wp-json\/wp\/v2\/types\/product"}],"author":[{"embeddable":true,"href":"https:\/\/hnwoodmachinery.com\/tr\/wp-json\/wp\/v2\/users\/1"}],"wp:featuredmedia":[{"embeddable":true,"href":"https:\/\/hnwoodmachinery.com\/tr\/wp-json\/wp\/v2\/media\/456"}],"wp:attachment":[{"href":"https:\/\/hnwoodmachinery.com\/tr\/wp-json\/wp\/v2\/media?parent=94"}],"wp:term":[{"taxonomy":"post_tag","embeddable":true,"href":"https:\/\/hnwoodmachinery.com\/tr\/wp-json\/wp\/v2\/tags?post=94"},{"taxonomy":"product-type","embeddable":true,"href":"https:\/\/hnwoodmachinery.com\/tr\/wp-json\/wp\/v2\/product-type?post=94"}],"curies":[{"name":"wp","href":"https:\/\/api.w.org\/{rel}","templated":true}]}}