{"id":832,"date":"2023-03-21T14:48:03","date_gmt":"2023-03-21T06:48:03","guid":{"rendered":"https:\/\/hnwoodmachinery.com\/?post_type=product&#038;p=832"},"modified":"2023-03-21T14:53:14","modified_gmt":"2023-03-21T06:53:14","slug":"wood-pellet-production-line","status":"publish","type":"product","link":"https:\/\/hnwoodmachinery.com\/tr\/product\/wood-pellet-production-line\/","title":{"rendered":"Biyok\u00fctle yak\u0131t\u0131 i\u00e7in odun pelet \u00fcretim hatt\u0131"},"content":{"rendered":"<div class=\"kk-star-ratings kksr-auto kksr-align-left kksr-valign-top\"     data-payload='{&quot;align&quot;:&quot;left&quot;,&quot;id&quot;:&quot;832&quot;,&quot;slug&quot;:&quot;default&quot;,&quot;valign&quot;:&quot;top&quot;,&quot;ignore&quot;:&quot;&quot;,&quot;reference&quot;:&quot;auto&quot;,&quot;class&quot;:&quot;&quot;,&quot;count&quot;:&quot;24&quot;,&quot;legendonly&quot;:&quot;&quot;,&quot;readonly&quot;:&quot;&quot;,&quot;score&quot;:&quot;4.8&quot;,&quot;starsonly&quot;:&quot;&quot;,&quot;best&quot;:&quot;5&quot;,&quot;gap&quot;:&quot;5&quot;,&quot;greet&quot;:&quot;Rate this product&quot;,&quot;legend&quot;:&quot;4.8\\\/5 - (24 votes)&quot;,&quot;size&quot;:&quot;24&quot;,&quot;title&quot;:&quot;Wood pellet production line for biomass fuel&quot;,&quot;width&quot;:&quot;136.7&quot;,&quot;_legend&quot;:&quot;{score}\\\/{best} - ({count} {votes})&quot;,&quot;font_factor&quot;:&quot;1.25&quot;}'>              <div class=\"kksr-stars\">      <div class=\"kksr-stars-inactive\">             <div class=\"kksr-star\" data-star=\"1\" style=\"padding-right: 5px\">               <div class=\"kksr-icon\" style=\"width: 24px; height: 24px;\"><\/div>         <\/div>             <div class=\"kksr-star\" data-star=\"2\" style=\"padding-right: 5px\">               <div class=\"kksr-icon\" style=\"width: 24px; height: 24px;\"><\/div>         <\/div>             <div class=\"kksr-star\" data-star=\"3\" style=\"padding-right: 5px\">               <div class=\"kksr-icon\" style=\"width: 24px; height: 24px;\"><\/div>         <\/div>             <div class=\"kksr-star\" data-star=\"4\" style=\"padding-right: 5px\">               <div class=\"kksr-icon\" style=\"width: 24px; height: 24px;\"><\/div>         <\/div>             <div class=\"kksr-star\" data-star=\"5\" style=\"padding-right: 5px\">               <div class=\"kksr-icon\" style=\"width: 24px; height: 24px;\"><\/div>         <\/div>     <\/div>      <div class=\"kksr-stars-active\" style=\"width: 136.7px;\">             <div class=\"kksr-star\" style=\"padding-right: 5px\">               <div class=\"kksr-icon\" style=\"width: 24px; height: 24px;\"><\/div>         <\/div>             <div class=\"kksr-star\" style=\"padding-right: 5px\">               <div class=\"kksr-icon\" style=\"width: 24px; height: 24px;\"><\/div>         <\/div>             <div class=\"kksr-star\" style=\"padding-right: 5px\">               <div class=\"kksr-icon\" style=\"width: 24px; height: 24px;\"><\/div>         <\/div>             <div class=\"kksr-star\" style=\"padding-right: 5px\">               <div class=\"kksr-icon\" style=\"width: 24px; height: 24px;\"><\/div>         <\/div>             <div class=\"kksr-star\" style=\"padding-right: 5px\">               <div class=\"kksr-icon\" style=\"width: 24px; height: 24px;\"><\/div>         <\/div>     <\/div> <\/div>                   <div class=\"kksr-legend\" style=\"font-size: 19.2px;\">             4.8\/5 - (24 oy)    <\/div>     <\/div>  <p>odun pelet \u00fcretim hatt\u0131 biyok\u00fctle yak\u0131t\u0131<\/p>    <p>Odun tala\u015f\u0131 pelet de\u011firmeni \u00fcretim hatt\u0131, biyok\u00fctle yak\u0131tl\u0131 odun tala\u015f\u0131 peletlerinin \u00fcretimine adanm\u0131\u015ft\u0131r. Yeni bir \u00e7evre dostu yak\u0131t t\u00fcr\u00fc olarak odun peletlerine olan talep giderek artmaktad\u0131r. Ayr\u0131ca odun peletleri d\u00fc\u015f\u00fck tutu\u015fma noktas\u0131na, y\u00fcksek enerji yo\u011funlu\u011funa ve uzun yanma s\u00fcresine sahiptir. Bu nedenle giderek daha fazla insan odun pelet \u00fcretim end\u00fcstrisine yat\u0131r\u0131m yap\u0131yor.<\/p>    <p>Profesyonel bir ah\u015fap makine \u00fcreticisi olarak Shuli, \u00fcretim hatlar\u0131 konusunda size profesyonel tavsiyelerde bulunabilir. Daha fazla bilgi i\u00e7in bize gelmekten \u00e7ekinmeyin!<\/p>    <h2 class=\"wp-block-heading\">Odun pelet \u00fcretim hatt\u0131 nedir?<\/h2>    <p>Her ne kadar odun pelet \u00fcretim hatt\u0131n\u0131n spesifik ekipmanlar\u0131 farkl\u0131 olsa da a\u015fa\u011f\u0131daki makineler \u00fcretim hatt\u0131nda bulunmas\u0131 gereken ekipmanlard\u0131r.<\/p>    <ol class=\"wp-block-list\"> <li>\u00c7eki\u00e7li de\u011firmen veya k\u0131r\u0131c\u0131. Genel olarak hammadde, ah\u015fap pelet yap\u0131m\u0131na y\u00f6nelik boyut gereksinimlerini kar\u015f\u0131lamamaktad\u0131r. Bu nedenle hammaddeyi istenilen boyuta getirebilmek i\u00e7in \u00e7eki\u00e7li de\u011firmene ihtiyac\u0131m\u0131z var.<\/li>    <li>Hat i\u00e7in kurutucular da gereklidir. Kurutucu a\u011fa\u00e7 tala\u015flar\u0131n\u0131 do\u011fru kuruluk seviyesine kadar i\u015fleyebilir.<\/li>    <li>Odun tala\u015f\u0131 peletleyici, odun tala\u015f\u0131 pelet \u00fcretim hatt\u0131n\u0131n temel bile\u015fenidir. Malzemeyi peletler halinde i\u015fler. M\u00fc\u015fteri iste\u011fine g\u00f6re sonradan pelet so\u011futucu ve paketleme makinesi eklenebilmektedir.<\/li>    <li>Malzemeyi \u00e7e\u015fitli makinelere ba\u011flay\u0131p ta\u015f\u0131yabilmek i\u00e7in. \u00dcretim hatt\u0131nda b\u00fcy\u00fck miktarda insan g\u00fcc\u00fc tasarrufu sa\u011flayan bir ta\u015f\u0131ma band\u0131 yer alacak.<\/li> <\/ol>    <h2 class=\"wp-block-heading\">Odun pelet hatt\u0131nda i\u015flenen hammaddeler nelerdir?<\/h2>    <p>Odun tala\u015f\u0131 pelet \u00fcretim hatt\u0131, ah\u015fap, yer f\u0131st\u0131\u011f\u0131 kabuklar\u0131, k\u00fcspe, saman, tala\u015f, kahve kabu\u011fu, saman, ay\u00e7i\u00e7e\u011fi saplar\u0131, pamuk saplar\u0131, t\u00fct\u00fcn at\u0131klar\u0131, bambu lifleri, palmiye kabuklar\u0131, soya fasulyesi kabuklar\u0131 gibi \u00e7ok \u00e7e\u015fitli hammaddeleri i\u015fleyebilir. hindistan cevizi kabuklar\u0131 vb.<\/p>    <h2 class=\"wp-block-heading\">Odun tala\u015f\u0131 peletlerinin uygulanmas\u0131<\/h2>    <p>Odun peletleri genellikle yak\u0131t olarak kullan\u0131l\u0131r. End\u00fcstriyel ve tar\u0131msal \u00fcretimde, enerji \u00fcretiminde, \u0131s\u0131tmada, kazanlarda, yemek pi\u015firmede vb. kullan\u0131labilir. Enerjisi \u00e7evre dostu ve temiz olup, d\u00fc\u015f\u00fck maliyetli olmas\u0131 ideal bir yak\u0131t enerjisidir.<\/p>    <h2 class=\"wp-block-heading\">Shuri'den odun tala\u015f\u0131 pelet de\u011firmeni \u00fcretim hatlar\u0131 t\u00fcrleri<\/h2>    <p>\u00c7e\u015fitli yard\u0131mc\u0131 makinelerin yan\u0131 s\u0131ra farkl\u0131 kapasitelerde makineler de \u00fcretmekteyiz. Her m\u00fc\u015fterinin farkl\u0131 bir \u00e7\u0131kt\u0131 ve ihtiyac\u0131 olmas\u0131 nedeniyle, her durum i\u00e7in do\u011fru ah\u015fap pelet hatt\u0131n\u0131 sa\u011flayaca\u011f\u0131z.<\/p>    <p>\u00c7o\u011fu pelet \u00fcretim hatt\u0131nda \u00e7eki\u00e7li de\u011firmenler veya k\u0131r\u0131c\u0131lar, konvey\u00f6rler, kurutucular, pelet so\u011futucular\u0131, paketleme makineleri vb. makineler bulunur.<\/p>    <h2 class=\"wp-block-heading\">Pelet \u00fcretim hatt\u0131n\u0131n \u00e7al\u0131\u015fma ad\u0131mlar\u0131.<\/h2>    <ol class=\"wp-block-list\"> <li>\u0130lk \u00f6nce odun par\u00e7alay\u0131c\u0131 veya \u00e7eki\u00e7li tala\u015f k\u0131r\u0131c\u0131, \u00f6nce ham maddeyi uygun bir boyuta i\u015fleyecektir. Ayr\u0131ca ham maddedeki yabanc\u0131 maddeleri de temizleyecektir.<\/li>    <li>Daha sonra tambur veya d\u00f6ner kurutucu ham maddeyi i\u015fler. Bu, ham maddenin do\u011fru nem i\u00e7eri\u011fine sahip olmas\u0131n\u0131 sa\u011flar.<\/li>    <li>Daha sonra hammadde gran\u00fclat\u00f6r\u00fcn kal\u0131p deliklerinden \u015fekillendirilir.<\/li>    <li>Odun peletlerini paketlemeniz gerekiyorsa s\u0131cakl\u0131\u011f\u0131 azaltmak i\u00e7in bir so\u011futucu kullanman\u0131z gerekecektir.<\/li> <\/ol>    <p>Son olarak, peletlerin depolanmas\u0131n\u0131 ve ta\u015f\u0131nmas\u0131n\u0131 kolayla\u015ft\u0131ran, peletleri paketlemek i\u00e7in basit bir paketleme makinesi kullan\u0131l\u0131r.<\/p>    <h2 class=\"wp-block-heading\">\u0130yi bir ah\u015fap pelet \u00fcretim hatt\u0131 tedarik\u00e7isi se\u00e7erken nelere dikkat etmeliyim?<\/h2>    <ol class=\"wp-block-list\"> <li>Makinenin kalitesi. Makinenin kalitesi, m\u00fc\u015fterinin dikkate almas\u0131 gereken bir \u015feydir, bu m\u00fc\u015fteri \u00fcretimi ve bak\u0131m maliyetleri ile ilgilidir. Biz profesyonel ah\u015fap makinesi \u00fcreticileri olarak, y\u00fcksek kaliteli malzemeler kullanarak makineler \u00fcretiyoruz.<\/li>    <li>M\u00fc\u015fterilerden gelen geri bildirim. \u0130yi ekipman, m\u00fc\u015fterinin de\u011ferlendirmesiyle yans\u0131t\u0131l\u0131r. Ah\u015fap pelet de\u011firmeni \u00fcretim hatt\u0131m\u0131z bir\u00e7ok \u00fclkeye sat\u0131ld\u0131 ve m\u00fc\u015fterilerimizden b\u00fcy\u00fck ilgi g\u00f6rd\u00fc.<\/li>    <li>Olumlu yan\u0131t. \u00dcreticiden zaman\u0131nda geri bildirim al\u0131nmas\u0131, m\u00fc\u015fterilerin makine kullan\u0131m\u0131nda kar\u015f\u0131la\u015f\u0131lan sorunlar\u0131 zaman\u0131nda \u00e7\u00f6zmelerine yard\u0131mc\u0131 olabilir. Makinenin kullan\u0131m\u0131 daha rahat olacakt\u0131r.<\/li>    <li>Kapsaml\u0131 hizmet. \u0130yi sat\u0131n alma hizmetinin yan\u0131 s\u0131ra m\u00fc\u015fterilerin fabrika taraf\u0131ndan sa\u011flanan sat\u0131\u015f sonras\u0131 hizmeti de dikkate almas\u0131 gerekir. Fabrikam\u0131z m\u00fc\u015fterilere bir y\u0131ll\u0131k sat\u0131\u015f sonras\u0131 hizmetler ve \u00f6m\u00fcr boyu \u00e7evrimi\u00e7i hizmetler sa\u011flayacakt\u0131r. Ayr\u0131ca m\u00fc\u015fterilerin ekipman\u0131 kurmas\u0131na ve devreye almas\u0131na yard\u0131mc\u0131 olacak m\u00fchendisler de ayarlayabiliriz.<\/li> <\/ol>    <h2 class=\"wp-block-heading\">Yem peleti \u00fcretim hatt\u0131n\u0131n maliyeti nedir?<\/h2>    <p>Bir odun peleti \u00fcretim hatt\u0131n\u0131n fiyat\u0131, makinenin boyutuna, yard\u0131mc\u0131 makinelerin say\u0131s\u0131na, dahil edilen bile\u015fenlere ve di\u011fer fakt\u00f6rlere ba\u011fl\u0131 olarak de\u011fi\u015fecektir. Bir tesis olarak, m\u00fc\u015fterilerimizin farkl\u0131 b\u00fct\u00e7eleri ve ihtiya\u00e7lar\u0131 i\u00e7in do\u011fru odun peleti \u00fcretim hatt\u0131n\u0131 \u00f6nerece\u011fiz. M\u00fc\u015fterinin b\u00fct\u00e7esi i\u00e7inde en maliyet etkin hat kombinasyonu \u00f6nerilmektedir.<\/p>","protected":false},"excerpt":{"rendered":"<p>wood pellet production line biomass fuel The wood chip pellet mill production line is dedicated to the production of biomass fuel wood chip pellets. As a new type of environmentally friendly fuel, there is an increasing demand for wood pellets. In addition, wood pellets have a low ignition point, a high energy density, and a [&hellip;]<\/p>\n","protected":false},"author":1,"featured_media":833,"parent":0,"template":"","tags":[],"product-type":[32],"class_list":["post-832","product","type-product","status-publish","has-post-thumbnail","hentry","product-type-production-line"],"_links":{"self":[{"href":"https:\/\/hnwoodmachinery.com\/tr\/wp-json\/wp\/v2\/product\/832","targetHints":{"allow":["GET"]}}],"collection":[{"href":"https:\/\/hnwoodmachinery.com\/tr\/wp-json\/wp\/v2\/product"}],"about":[{"href":"https:\/\/hnwoodmachinery.com\/tr\/wp-json\/wp\/v2\/types\/product"}],"author":[{"embeddable":true,"href":"https:\/\/hnwoodmachinery.com\/tr\/wp-json\/wp\/v2\/users\/1"}],"wp:featuredmedia":[{"embeddable":true,"href":"https:\/\/hnwoodmachinery.com\/tr\/wp-json\/wp\/v2\/media\/833"}],"wp:attachment":[{"href":"https:\/\/hnwoodmachinery.com\/tr\/wp-json\/wp\/v2\/media?parent=832"}],"wp:term":[{"taxonomy":"post_tag","embeddable":true,"href":"https:\/\/hnwoodmachinery.com\/tr\/wp-json\/wp\/v2\/tags?post=832"},{"taxonomy":"product-type","embeddable":true,"href":"https:\/\/hnwoodmachinery.com\/tr\/wp-json\/wp\/v2\/product-type?post=832"}],"curies":[{"name":"wp","href":"https:\/\/api.w.org\/{rel}","templated":true}]}}