{"id":745,"date":"2022-11-18T18:15:24","date_gmt":"2022-11-18T10:15:24","guid":{"rendered":"https:\/\/hnwoodmachinery.com\/?post_type=product&#038;p=745"},"modified":"2024-10-16T18:04:01","modified_gmt":"2024-10-16T10:04:01","slug":"wood-pellet-making-machine","status":"publish","type":"product","link":"https:\/\/hnwoodmachinery.com\/tr\/product\/wood-pellet-making-machine\/","title":{"rendered":"Sat\u0131l\u0131k Ah\u015fap Pelet Yapma Makinesi Halka Kal\u0131p Pelet De\u011firmeni"},"content":{"rendered":"<div class=\"kk-star-ratings kksr-auto kksr-align-left kksr-valign-top\"     data-payload='{&quot;align&quot;:&quot;left&quot;,&quot;id&quot;:&quot;745&quot;,&quot;slug&quot;:&quot;default&quot;,&quot;valign&quot;:&quot;top&quot;,&quot;ignore&quot;:&quot;&quot;,&quot;reference&quot;:&quot;auto&quot;,&quot;class&quot;:&quot;&quot;,&quot;count&quot;:&quot;88&quot;,&quot;legendonly&quot;:&quot;&quot;,&quot;readonly&quot;:&quot;&quot;,&quot;score&quot;:&quot;4.8&quot;,&quot;starsonly&quot;:&quot;&quot;,&quot;best&quot;:&quot;5&quot;,&quot;gap&quot;:&quot;5&quot;,&quot;greet&quot;:&quot;Rate this product&quot;,&quot;legend&quot;:&quot;4.8\\\/5 - (88 votes)&quot;,&quot;size&quot;:&quot;24&quot;,&quot;title&quot;:&quot;Wood Pellet Making Machine Ring Die Pellet Mill For Sale&quot;,&quot;width&quot;:&quot;136.7&quot;,&quot;_legend&quot;:&quot;{score}\\\/{best} - ({count} {votes})&quot;,&quot;font_factor&quot;:&quot;1.25&quot;}'>              <div class=\"kksr-stars\">      <div class=\"kksr-stars-inactive\">             <div class=\"kksr-star\" data-star=\"1\" style=\"padding-right: 5px\">               <div class=\"kksr-icon\" style=\"width: 24px; height: 24px;\"><\/div>         <\/div>             <div class=\"kksr-star\" data-star=\"2\" style=\"padding-right: 5px\">               <div class=\"kksr-icon\" style=\"width: 24px; height: 24px;\"><\/div>         <\/div>             <div class=\"kksr-star\" data-star=\"3\" style=\"padding-right: 5px\">               <div class=\"kksr-icon\" style=\"width: 24px; height: 24px;\"><\/div>         <\/div>             <div class=\"kksr-star\" data-star=\"4\" style=\"padding-right: 5px\">               <div class=\"kksr-icon\" style=\"width: 24px; height: 24px;\"><\/div>         <\/div>             <div class=\"kksr-star\" data-star=\"5\" style=\"padding-right: 5px\">               <div class=\"kksr-icon\" style=\"width: 24px; height: 24px;\"><\/div>         <\/div>     <\/div>      <div class=\"kksr-stars-active\" style=\"width: 136.7px;\">             <div class=\"kksr-star\" style=\"padding-right: 5px\">               <div class=\"kksr-icon\" style=\"width: 24px; height: 24px;\"><\/div>         <\/div>             <div class=\"kksr-star\" style=\"padding-right: 5px\">               <div class=\"kksr-icon\" style=\"width: 24px; height: 24px;\"><\/div>         <\/div>             <div class=\"kksr-star\" style=\"padding-right: 5px\">               <div class=\"kksr-icon\" style=\"width: 24px; height: 24px;\"><\/div>         <\/div>             <div class=\"kksr-star\" style=\"padding-right: 5px\">               <div class=\"kksr-icon\" style=\"width: 24px; height: 24px;\"><\/div>         <\/div>             <div class=\"kksr-star\" style=\"padding-right: 5px\">               <div class=\"kksr-icon\" style=\"width: 24px; height: 24px;\"><\/div>         <\/div>     <\/div> <\/div>                   <div class=\"kksr-legend\" style=\"font-size: 19.2px;\">             4.8\/5 - (88 oy)    <\/div>     <\/div>  <p>Odun pelet yapma makinesi, farkl\u0131 t\u00fcrde k\u0131r\u0131lm\u0131\u015f odun, bitki saman\u0131, bitki kabuklar\u0131 ve c\u00fcrufu biyoyak\u0131t peletlerine d\u00f6n\u00fc\u015ft\u00fcren bir cihazd\u0131r. Halka kal\u0131pl\u0131 pelet de\u011firmeni 4000 kg\/saat'e kadar \u00fcretim yapabilir ve genellikle b\u00fcy\u00fck \u00f6l\u00e7ekli \u00fcretim i\u00e7in kullan\u0131l\u0131r. Olu\u015fturdu\u011fu yenilenebilir yak\u0131t peletleri p\u00fcr\u00fczs\u00fcz ve yo\u011fun oldu\u011fundan bir\u00e7ok kullan\u0131c\u0131 i\u00e7in en iyi se\u00e7imdir.<\/p>    <figure class=\"wp-block-embed aligncenter is-type-video is-provider-youtube wp-block-embed-youtube wp-embed-aspect-16-9 wp-has-aspect-ratio\"><div class=\"wp-block-embed__wrapper\"> <iframe loading=\"lazy\" title=\"Biyok\u00fctle Odun Pelet Makinesi - Yenilenebilir Enerji i\u00e7in Verimli Yak\u0131t \u00dcretimi#biomasspelletmachine\" width=\"500\" height=\"281\" src=\"https:\/\/www.youtube.com\/embed\/Tn22Pr5sojQ?feature=oembed\" frameborder=\"0\" allow=\"accelerometer; autoplay; clipboard-write; encrypted-media; gyroscope; picture-in-picture; web-share\" referrerpolicy=\"strict-origin-when-cross-origin\" allowfullscreen><\/iframe> <\/div><figcaption class=\"wp-element-caption\">ah\u015fap pelet yapma makinesinin \u00e7al\u0131\u015fma videosu<\/figcaption><\/figure>    <p>Shuliy, her biri farkl\u0131 \u00e7\u0131k\u0131\u015f kapasitesine sahip \u00e7e\u015fitli ah\u015fap pelet yapma makineleri sunmaktad\u0131r. M\u00fc\u015fteriler ihtiya\u00e7lar\u0131na g\u00f6re bir\u00e7ok model aras\u0131ndan se\u00e7im yapabiliyor. Bu makinelerin yan\u0131 s\u0131ra, daha d\u00fc\u015f\u00fck \u00e7\u0131kt\u0131 gereksinimlerine sahip olanlar i\u00e7in daha k\u00fc\u00e7\u00fck ah\u015fap pelet makineleri de sunuyoruz. <\/p>    <p>M\u00fc\u015fterilerimizin \u00f6zel ihtiya\u00e7lar\u0131na g\u00f6re en uygun makineleri \u00f6nermeyi hedefliyoruz. Kolayl\u0131k ve verimlili\u011fi art\u0131rmak i\u00e7in, kesintisiz ve s\u00fcrekli \u00e7al\u0131\u015fma sa\u011flamak amac\u0131yla besleme makineleri ve konvey\u00f6r bantlar\u0131 da tedarik ediyoruz.<\/p>    <figure class=\"wp-block-gallery has-nested-images columns-default is-cropped wp-block-gallery-2 is-layout-flex wp-block-gallery-is-layout-flex\"> <figure class=\"wp-block-image size-large\"><img loading=\"lazy\" decoding=\"async\" width=\"720\" height=\"540\" data-id=\"753\" src=\"https:\/\/hnwoodmachinery.com\/wp-content\/uploads\/2022\/11\/wood-pellet-making-machine-2-1.webp\" alt=\" ah\u015fap pelet yapma makinesi \" class=\"wp-image-753\" title=\" ah\u015fap pelet yapma makinesi \"\/><figcaption class=\"wp-element-caption\"> Ah\u015fap Pelet Yapma Makinesi <\/figcaption><\/figure>    <figure class=\"wp-block-image size-large\"><img loading=\"lazy\" decoding=\"async\" width=\"720\" height=\"540\" data-id=\"754\" src=\"https:\/\/hnwoodmachinery.com\/wp-content\/uploads\/2022\/11\/420-sawdust-pellet-machine-.jpg\" alt=\"420 tala\u015f pelet makinesi\" class=\"wp-image-754\" title=\"420 tala\u015f pelet makinesi\"\/><figcaption class=\"wp-element-caption\">420 Tala\u015f Pelet Makinas\u0131<\/figcaption><\/figure> <\/figure>    <h2 class=\"wp-block-heading\">Ah\u015fap pelet yapma makinesi i\u00e7in hammaddeler<\/h2>    <p>Odun pelet de\u011firmeni, \u00f6ncelikle tala\u015f, tala\u015f, dallar ve k\u00fct\u00fckler gibi ah\u015fap \u00fcr\u00fcnlere odaklanan \u00e7e\u015fitli malzemeleri i\u015fleme kapasitesine sahiptir. <\/p>    <p>Ayr\u0131ca palmiye lifi, k\u00fcspe, yer f\u0131st\u0131\u011f\u0131 kabuklar\u0131, m\u0131s\u0131r saplar\u0131, bu\u011fday saman\u0131 ve \u00e7ok say\u0131da tar\u0131msal at\u0131k gibi di\u011fer hammaddeleri de i\u015fleyebilmektedir. Bu malzemeler kolayl\u0131kla temin edilebilir, uygun maliyetlidir ve \u00e7e\u015fitli uygulamalar i\u00e7in biyok\u00fctle peletlerine d\u00f6n\u00fc\u015ft\u00fcr\u00fclebilir.<\/p>    <h2 class=\"wp-block-heading\">Bitmi\u015f ah\u015fap peletlerin kullan\u0131m\u0131<\/h2>    <p>Biyok\u00fctle peletleri \u00f6ncelikle biyok\u00fctle enerji santrallerinde, biyok\u00fctle kazanlar\u0131nda, ev \u0131s\u0131tmas\u0131nda ve \u00e7e\u015fitli end\u00fcstriyel uygulamalarda kullan\u0131lmaktad\u0131r. Bu nedenle pelet \u00fcretim tesisleri kurmak amac\u0131yla biyok\u00fctle yak\u0131t sekt\u00f6r\u00fcne yat\u0131r\u0131m yapmak \u00f6nemli bir pazar potansiyeli sunmaktad\u0131r.<\/p>    <figure class=\"wp-block-gallery has-nested-images columns-default is-cropped wp-block-gallery-3 is-layout-flex wp-block-gallery-is-layout-flex\"> <figure class=\"wp-block-image size-large\"><img loading=\"lazy\" decoding=\"async\" width=\"720\" height=\"540\" data-id=\"748\" src=\"https:\/\/hnwoodmachinery.com\/wp-content\/uploads\/2022\/11\/raw-material-of-the-wood-pellet-mill-.webp\" alt=\"ah\u015fap pelet de\u011firmeninin hammadde\" class=\"wp-image-748\" title=\"\"><figcaption class=\"wp-element-caption\">Ah\u015fap Pelet De\u011firmeninin Hammaddesi<\/figcaption><\/figure>    <figure class=\"wp-block-image size-large\"><img loading=\"lazy\" decoding=\"async\" width=\"720\" height=\"540\" data-id=\"749\" src=\"https:\/\/hnwoodmachinery.com\/wp-content\/uploads\/2022\/11\/finished-wood-pellets-.jpg\" alt=\"bitmi\u015f ah\u015fap peletler\" class=\"wp-image-749\" title=\"\"><figcaption class=\"wp-element-caption\">Bitmi\u015f Ah\u015fap Peletler<\/figcaption><\/figure> <\/figure>    <h2 class=\"wp-block-heading\">Ah\u015fap biyok\u00fctle peletleme makinesinin yap\u0131s\u0131<\/h2>    <p>Ah\u015fap pelet yapma makinesi, besleme portu, besleme silindiri, g\u00f6zlem penceresi, kapak plakas\u0131, motor, toz kapa\u011f\u0131, bo\u015faltma portu, di\u015fli kutusu ve daha fazlas\u0131n\u0131 i\u00e7eren birka\u00e7 temel bile\u015fenden olu\u015fur. Genel tasar\u0131m\u0131 verimlidir; minimum zemin alan\u0131 gerektirir, ayn\u0131 zamanda sa\u011flam, dayan\u0131kl\u0131 ve a\u015f\u0131nmaya kar\u015f\u0131 diren\u00e7lidir.<\/p>    <h2 class=\"wp-block-heading\">Ah\u015fap pelet ekstruder nas\u0131l \u00e7al\u0131\u015f\u0131r?<\/h2>   <div id=\"rank-math-howto\" class=\"rank-math-block\" > <div class=\"rank-math-howto-description\">  <\/div>  <div class=\"rank-math-steps\"> <div id=\"howto-step-1729071773263\" class=\"rank-math-step\"> <div class=\"rank-math-step-content\"><p>Hammadde, bir vidal\u0131 besleyici arac\u0131l\u0131\u011f\u0131yla pelet de\u011firmenine beslenir ve daha sonra bu, onu ko\u015fulland\u0131r\u0131c\u0131ya y\u00f6nlendirir. Bu a\u015famada, par\u00e7ac\u0131klar\u0131n birbirine ba\u011flanmas\u0131na yard\u0131mc\u0131 olmak i\u00e7in bir yap\u0131\u015fkan eklenir ve bu da yo\u011fun ve kat\u0131 topaklar olu\u015fumunu kolayla\u015ft\u0131r\u0131r.<\/p> <\/div> <\/div> <div id=\"howto-step-1729071784026\" class=\"rank-math-step\"> <div class=\"rank-math-step-content\"><p>\u015eartland\u0131rman\u0131n ard\u0131ndan ham madde peletleme alan\u0131na ta\u015f\u0131n\u0131r. Bu b\u00f6l\u00fcmde halka \u015feklinde bir kal\u0131p bulunur, bu nedenle bu biyok\u00fctle pelet imalat ekipman\u0131na halka kal\u0131pl\u0131 pelet de\u011firmeni ad\u0131 verilir. Halka kal\u0131b\u0131n\u0131n i\u00e7inde iki ila d\u00f6rt silindir vard\u0131r. Hammadde bu odaya girdi\u011finde merkezka\u00e7 kuvveti onu halka kal\u0131b\u0131n i\u00e7 y\u00fczeyine do\u011fru iter. Tipik olarak hem silindir hem de halka kal\u0131p d\u00f6nerek ham maddeyi y\u00fczeyleri aras\u0131nda s\u0131k\u0131\u015ft\u0131r\u0131r.<\/p> <\/div> <\/div> <div id=\"howto-step-1729071790244\" class=\"rank-math-step\"> <div class=\"rank-math-step-content\"><p>S\u0131k\u0131\u015ft\u0131r\u0131lan ham madde halka kal\u0131b\u0131n deliklerinden d\u0131\u015far\u0131 \u00e7\u0131karak \u00e7ubuklar halinde ortaya \u00e7\u0131kar. B\u0131\u00e7a\u011fa benzer bir dilimleyici daha sonra bu \u00e7ubuklar\u0131 keserek istenen boyutta peletler \u00fcretiyor ve \u00f6zel gereksinimlere g\u00f6re pelet uzunlu\u011funun ayarlanmas\u0131na olanak tan\u0131yor.<\/p> <\/div> <\/div> <\/div> <\/div>       <figure class=\"wp-block-embed aligncenter is-type-video is-provider-youtube wp-block-embed-youtube wp-embed-aspect-16-9 wp-has-aspect-ratio\"><div class=\"wp-block-embed__wrapper\"> <iframe loading=\"lazy\" title=\"Y\u00fcksek kapasiteli biyok\u00fctle ah\u015fap pelet \u00fcretme makinesi! Tala\u015f pelet makinesi, ah\u015fap pelet \u00fcreticisi\" width=\"500\" height=\"281\" src=\"https:\/\/www.youtube.com\/embed\/Lz747NqZSl4?feature=oembed\" frameborder=\"0\" allow=\"accelerometer; autoplay; clipboard-write; encrypted-media; gyroscope; picture-in-picture; web-share\" referrerpolicy=\"strict-origin-when-cross-origin\" allowfullscreen><\/iframe> <\/div><figcaption class=\"wp-element-caption\">halka kal\u0131p biyok\u00fctle pelet de\u011firmeni \u00e7al\u0131\u015fma prensibi<\/figcaption><\/figure>    <h2 class=\"wp-block-heading\">Ah\u015fap pelet \u00fcreticisinin parametreleri<\/h2>    <figure class=\"wp-block-table is-style-stripes\"><table><tbody><tr><td>Modeli<\/td><td>YGKJ380<\/td><td>YGKJ450<\/td><td>YGKJ560A<\/td><td>YGKJ560B<\/td><td>YGKJ560C<\/td><td>YGKJ700<\/td><td>YGKJ880<\/td><\/tr><tr><td>Kapasite(T\/H)&nbsp;<\/td><td>0.2-0.3<\/td><td>0.6-0.8<\/td><td>1-1.3<\/td><td>1.2-1.5<\/td><td>1.2-1.5<\/td><td>2-2.5&nbsp;<\/td><td>3-4&nbsp;<\/td><\/tr><tr><td>G\u00fc\u00e7(KW)<\/td><td>22+0.75<\/td><td>55+1.5+ 1.1+0.37+ 0.55<\/td><td>90+1.5+ 1.5+0.55+ 0.37<\/td><td>90+1.5+ 1.5+0.55+ 0.37<\/td><td>90+1.5+ 1.5+0.55+ 0.37<\/td><td>160+2.2+ 0.37+0.75 +1.5<\/td><td>220+3+0.5 5+2.2+1.1<\/td><\/tr><\/tbody><\/table><figcaption class=\"wp-element-caption\">ah\u015fap pelet \u00fcreticisinin parametresi<\/figcaption><\/figure>    <h2 class=\"wp-block-heading\">Halka kal\u0131pl\u0131 pelet de\u011firmeni neden yat\u0131r\u0131mc\u0131lar aras\u0131nda pop\u00fcler?<\/h2>    <ul class=\"wp-block-list\"> <li>Ah\u015fap pelet yapma makinemiz basit bir tasar\u0131ma sahiptir, son derece uyarlanabilirdir, az yer kaplar ve minimum g\u00fcr\u00fclt\u00fcyle \u00e7al\u0131\u015f\u0131r.<\/li>    <li>Geleneksel enerji kaynaklar\u0131 k\u00fcresel pazar\u0131n taleplerini kar\u015f\u0131lamakta zorlan\u0131yor ve bu da biyok\u00fctle pelet yak\u0131t\u0131n\u0131 k\u00f6m\u00fcre uygun bir alternatif haline getiriyor.<\/li>    <li>Toz yem ve \u00e7im tozu herhangi bir s\u0131v\u0131 ilavesine gerek kalmadan gran\u00fcl hale getirilebilmektedir. Sonu\u00e7 olarak pelet yeminin nem i\u00e7eri\u011fi \u00e7ok d\u00fc\u015f\u00fck kalarak saklanmas\u0131n\u0131 kolayla\u015ft\u0131r\u0131r.<\/li>    <li>Halka kal\u0131pl\u0131 pelet makinesinin hammaddeleri \u00f6ncelikle mahsul saman\u0131 ve benzeri malzemeleri i\u00e7erir. Bu girdiler ucuzdur ve ton ba\u015f\u0131na d\u00fc\u015f\u00fck maliyet sa\u011flar. Ek olarak, makine y\u00fcksek i\u015fleme \u00e7\u0131kt\u0131s\u0131na sahiptir. \u00d6nemli pazar talebi g\u00f6z \u00f6n\u00fcne al\u0131nd\u0131\u011f\u0131nda, bu sekt\u00f6r\u00fcn olduk\u00e7a karl\u0131 oldu\u011fu ortaya \u00e7\u0131k\u0131yor.<\/li> <\/ul>   <div class=\"wp-block-image\"> <figure class=\"aligncenter size-full\"><img loading=\"lazy\" decoding=\"async\" width=\"720\" height=\"540\" src=\"https:\/\/hnwoodmachinery.com\/wp-content\/uploads\/2022\/11\/wood-pellet-maker-.webp\" alt=\"ah\u015fap pelet \u00fcreticisi\" class=\"wp-image-750\" title=\"ah\u015fap pelet \u00fcreticisi\"\/><figcaption class=\"wp-element-caption\">ah\u015fap pelet \u00fcreticisi<\/figcaption><\/figure> <\/div>   <h2 class=\"wp-block-heading\">Halka kal\u0131p ve d\u00fcz kal\u0131p pelet makineleri aras\u0131ndaki farklar ve \u00f6neriler<\/h2>    <p class=\"translation-block\">\u0130ki genel biyok\u00fctle pelet makinesi t\u00fcr\u00fc vard\u0131r. Bu makinenin yan\u0131 s\u0131ra di\u011fer t\u00fcre <strong><em><a href=\"https:\/\/hnwoodmachinery.com\/tr\/product\/biomass-pellet-machine\/\">d\u00fcz kal\u0131pl\u0131 pelet makinesi<\/a><\/em><\/strong> denir. Her ikisinin de farkl\u0131 tasar\u0131mlar\u0131, \u00e7al\u0131\u015fma prensipleri, \u00fcretim kapasiteleri vb. vard\u0131r. Ancak ayn\u0131 i\u015fleve sahiptirler \u2013 biyok\u00fctle peleti \u00fcretimi.<\/p>    <ol class=\"wp-block-list\"> <li>D\u00fcz kal\u0131p pelet makinesinin \u00e7\u0131kt\u0131s\u0131 genellikle 1.5 ile 3 kg aras\u0131nda de\u011fi\u015firken, pelet yapma makineleri 0.2 ile 0.3 ton \u00fcretebilir. Bu nedenle, daha y\u00fcksek bir \u00e7\u0131kt\u0131 ar\u0131yorsan\u0131z, halka kal\u0131p pelet makinesini tercih etmeniz \u00f6nerilir.<\/li>    <li>Dikkate al\u0131nmas\u0131 gereken farkl\u0131 besleme y\u00f6ntemleri vard\u0131r. D\u00fcz kal\u0131pl\u0131 pelet makinesinde malzeme, a\u011f\u0131rl\u0131\u011f\u0131ndan dolay\u0131 presleme odas\u0131na dikey olarak girer. Bunun aksine, ah\u015fap pelet yapma makinesi, yemi yuvarlayan ve s\u0131k\u0131\u015ft\u0131ran kavisli bir besleme olu\u011fu kullan\u0131r.<\/li>    <li>Par\u00e7ac\u0131k bitirme ve s\u0131k\u0131\u015ft\u0131rma oran\u0131 s\u00f6z konusu oldu\u011funda, halka kal\u0131pl\u0131 gran\u00fclat\u00f6r, d\u00fcz kal\u0131pl\u0131 pelet makinesine k\u0131yasla daha geni\u015f bir ayarlanabilir aral\u0131k sunar. Halka kal\u0131p makinesi taraf\u0131ndan \u00fcretilen peletler, d\u00fcz kal\u0131p makinesiyle \u00fcretilen peletlere g\u00f6re daha p\u00fcr\u00fczs\u00fcz bir y\u00fczeye sahip olma e\u011filimindedir. Gran\u00fcl \u00fcr\u00fcnlerin s\u0131k\u0131\u015ft\u0131rma oran\u0131 ve g\u00f6r\u00fcn\u00fcm\u00fc ile ilgili \u00f6zel gereksinimleriniz varsa ve daha y\u00fcksek \u00e7\u0131kt\u0131ya ihtiya\u00e7 duyuyorsan\u0131z, ah\u015fap pelet yapma makinesi daha iyi bir se\u00e7im olacakt\u0131r.<\/li> <\/ol>    <figure class=\"wp-block-gallery has-nested-images columns-default is-cropped wp-block-gallery-4 is-layout-flex wp-block-gallery-is-layout-flex\"> <figure class=\"wp-block-image size-large\"><img loading=\"lazy\" decoding=\"async\" width=\"720\" height=\"540\" data-id=\"751\" src=\"https:\/\/hnwoodmachinery.com\/wp-content\/uploads\/2022\/11\/wood-pellet-making-machine-1-.webp\" alt=\"ah\u015fap pelet yapma makinesi \" class=\"wp-image-751\" title=\"ah\u015fap pelet yapma makinesi \"\/><figcaption class=\"wp-element-caption\">Ah\u015fap Pelet Yapma Makinesi <\/figcaption><\/figure>    <figure class=\"wp-block-image size-large\"><img loading=\"lazy\" decoding=\"async\" width=\"720\" height=\"540\" data-id=\"752\" src=\"https:\/\/hnwoodmachinery.com\/wp-content\/uploads\/2022\/11\/flat-die-pellet-machine-.webp\" alt=\"d\u00fcz kal\u0131p pelet makinesi\" class=\"wp-image-752\" title=\"d\u00fcz kal\u0131p pelet makinesi\"\/><figcaption class=\"wp-element-caption\">D\u00fcz Kal\u0131p Pelet Makinas\u0131<\/figcaption><\/figure> <\/figure>    <h2 class=\"wp-block-heading\">Neden Shuliy Makineleri'nin ah\u015fap pelet de\u011firmenini se\u00e7melisiniz?<\/h2>    <p class=\"translation-block\">Biyok\u00fctle pelet makinemiz \u00e7ok pop\u00fclerdir. Ve yurt i\u00e7inde ve yurt d\u0131\u015f\u0131nda bir\u00e7ok biyok\u00fctle pelet fabrikas\u0131 makinemizi tercih etmi\u015ftir. \u015eimdi makinelerimiz <a href=\"https:\/\/en.wikipedia.org\/wiki\/Uganda\" target=\"_blank\" rel=\"noopener\">Uganda<\/a>, Filipinler, Senegal, Malezya, Meksika, Avustralya ve di\u011fer \u00fclkelere sat\u0131ld\u0131.<\/p>    <ul class=\"wp-block-list\"> <li>Shuliy, sekt\u00f6re uzun y\u0131llara dayanan uzmanl\u0131\u011f\u0131 getiren yetenekli bir ah\u015fap makineleri \u00fcreticisidir.<\/li>    <li>Farkl\u0131 m\u00fc\u015fterilerimizin \u00f6zel gereksinimlerini kar\u015f\u0131lamak \u00fczere \u00f6zel olarak tasarlanm\u0131\u015f benzersiz makineler tasarlama ve \u00f6zelle\u015ftirme konusunda uzman\u0131z.<\/li>    <li>\u00d6zel sat\u0131\u015f servis ekibimiz, m\u00fc\u015fterilere hem \u00e7evrimi\u00e7i hem de \u00e7evrimd\u0131\u015f\u0131 profesyonel yard\u0131m sa\u011flamaya haz\u0131rd\u0131r.<\/li>    <li>M\u00fc\u015fteriler \u00f6demelerini \u00e7evrimi\u00e7i olarak rahatl\u0131kla yapabilir ve lojistiklerini izleyebilir, b\u00f6ylece g\u00fcvenli bir sat\u0131n alma deneyimi sa\u011flan\u0131r.<\/li>    <li>Makinelerimizin t\u00fcm bile\u015fenleri, genellikle a\u011f\u0131r makinelerde kullan\u0131lan y\u00fcksek kaliteli, a\u015f\u0131nmaya dayan\u0131kl\u0131 malzemelerden \u00fcretilmi\u015ftir.<\/li> <\/ul>   <div class=\"wp-block-image\"> <figure class=\"aligncenter size-full is-resized\"><img loading=\"lazy\" decoding=\"async\" width=\"720\" height=\"540\" src=\"https:\/\/hnwoodmachinery.com\/wp-content\/uploads\/2022\/11\/wood-pellet-mill-1-1.webp\" alt=\"ah\u015fap pelet de\u011firmeni\" class=\"wp-image-756\" style=\"width:720px;height:auto\" title=\"ah\u015fap pelet de\u011firmeni\"\/><figcaption class=\"wp-element-caption\">ah\u015fap pelet de\u011firmeni \u00fcretim hatt\u0131<\/figcaption><\/figure> <\/div>   <p>Biyok\u00fctle pelet i\u015fleme end\u00fcstrisi ile ilgili maliyetler ve karlar incelendikten sonra, halka kal\u0131pl\u0131 pelet makinesine y\u00f6nelik yat\u0131r\u0131m potansiyelinin olduk\u00e7a \u00f6nemli oldu\u011fu ve sa\u011fl\u0131kl\u0131 bir kar marj\u0131n\u0131n devam etti\u011fi a\u00e7\u0131k\u00e7a ortaya \u00e7\u0131k\u0131yor. Biyok\u00fctle pelet i\u015fleme end\u00fcstrisine kat\u0131lmak istiyorsan\u0131z veya halka kal\u0131pl\u0131 pelet makinesi sat\u0131n alman\u0131z gerekiyorsa istedi\u011finiz zaman bizimle ileti\u015fime ge\u00e7ebilirsiniz.<\/p>","protected":false},"excerpt":{"rendered":"<p>Odun pelet yapma makinesi, farkl\u0131 t\u00fcrde k\u0131r\u0131lm\u0131\u015f odun, bitki saman\u0131, bitki kabuklar\u0131 ve c\u00fcrufu biyoyak\u0131t peletlerine d\u00f6n\u00fc\u015ft\u00fcren bir cihazd\u0131r. 4000kg\/saat\u2019e kadar \u00fcretim yapabilmektedir.<\/p>","protected":false},"author":1,"featured_media":746,"parent":0,"template":"","tags":[46,44,37,35,39],"product-type":[31],"class_list":["post-745","product","type-product","status-publish","has-post-thumbnail","hentry","tag-biomass","tag-biomass-pellet","tag-sawdust","tag-wood","tag-wood-pallet","product-type-wood-pellet-machine"],"_links":{"self":[{"href":"https:\/\/hnwoodmachinery.com\/tr\/wp-json\/wp\/v2\/product\/745","targetHints":{"allow":["GET"]}}],"collection":[{"href":"https:\/\/hnwoodmachinery.com\/tr\/wp-json\/wp\/v2\/product"}],"about":[{"href":"https:\/\/hnwoodmachinery.com\/tr\/wp-json\/wp\/v2\/types\/product"}],"author":[{"embeddable":true,"href":"https:\/\/hnwoodmachinery.com\/tr\/wp-json\/wp\/v2\/users\/1"}],"wp:featuredmedia":[{"embeddable":true,"href":"https:\/\/hnwoodmachinery.com\/tr\/wp-json\/wp\/v2\/media\/746"}],"wp:attachment":[{"href":"https:\/\/hnwoodmachinery.com\/tr\/wp-json\/wp\/v2\/media?parent=745"}],"wp:term":[{"taxonomy":"post_tag","embeddable":true,"href":"https:\/\/hnwoodmachinery.com\/tr\/wp-json\/wp\/v2\/tags?post=745"},{"taxonomy":"product-type","embeddable":true,"href":"https:\/\/hnwoodmachinery.com\/tr\/wp-json\/wp\/v2\/product-type?post=745"}],"curies":[{"name":"wp","href":"https:\/\/api.w.org\/{rel}","templated":true}]}}