{"id":730,"date":"2022-11-15T17:29:27","date_gmt":"2022-11-15T09:29:27","guid":{"rendered":"https:\/\/hnwoodmachinery.com\/?post_type=product&#038;p=730"},"modified":"2024-10-11T18:04:27","modified_gmt":"2024-10-11T10:04:27","slug":"biomass-pellet-machine","status":"publish","type":"product","link":"https:\/\/hnwoodmachinery.com\/tr\/product\/biomass-pellet-machine\/","title":{"rendered":"Sat\u0131l\u0131k Biyok\u00fctle Pelet Makinesi D\u00fcz Kal\u0131p Ah\u015fap Pelet De\u011firmeni"},"content":{"rendered":"<div class=\"kk-star-ratings kksr-auto kksr-align-left kksr-valign-top\"     data-payload='{&quot;align&quot;:&quot;left&quot;,&quot;id&quot;:&quot;730&quot;,&quot;slug&quot;:&quot;default&quot;,&quot;valign&quot;:&quot;top&quot;,&quot;ignore&quot;:&quot;&quot;,&quot;reference&quot;:&quot;auto&quot;,&quot;class&quot;:&quot;&quot;,&quot;count&quot;:&quot;96&quot;,&quot;legendonly&quot;:&quot;&quot;,&quot;readonly&quot;:&quot;&quot;,&quot;score&quot;:&quot;4.8&quot;,&quot;starsonly&quot;:&quot;&quot;,&quot;best&quot;:&quot;5&quot;,&quot;gap&quot;:&quot;5&quot;,&quot;greet&quot;:&quot;Rate this product&quot;,&quot;legend&quot;:&quot;4.8\\\/5 - (96 votes)&quot;,&quot;size&quot;:&quot;24&quot;,&quot;title&quot;:&quot;Biomass Pellet Machine Flat Die Wood Pellet Mill For Sale&quot;,&quot;width&quot;:&quot;136.7&quot;,&quot;_legend&quot;:&quot;{score}\\\/{best} - ({count} {votes})&quot;,&quot;font_factor&quot;:&quot;1.25&quot;}'>              <div class=\"kksr-stars\">      <div class=\"kksr-stars-inactive\">             <div class=\"kksr-star\" data-star=\"1\" style=\"padding-right: 5px\">               <div class=\"kksr-icon\" style=\"width: 24px; height: 24px;\"><\/div>         <\/div>             <div class=\"kksr-star\" data-star=\"2\" style=\"padding-right: 5px\">               <div class=\"kksr-icon\" style=\"width: 24px; height: 24px;\"><\/div>         <\/div>             <div class=\"kksr-star\" data-star=\"3\" style=\"padding-right: 5px\">               <div class=\"kksr-icon\" style=\"width: 24px; height: 24px;\"><\/div>         <\/div>             <div class=\"kksr-star\" data-star=\"4\" style=\"padding-right: 5px\">               <div class=\"kksr-icon\" style=\"width: 24px; height: 24px;\"><\/div>         <\/div>             <div class=\"kksr-star\" data-star=\"5\" style=\"padding-right: 5px\">               <div class=\"kksr-icon\" style=\"width: 24px; height: 24px;\"><\/div>         <\/div>     <\/div>      <div class=\"kksr-stars-active\" style=\"width: 136.7px;\">             <div class=\"kksr-star\" style=\"padding-right: 5px\">               <div class=\"kksr-icon\" style=\"width: 24px; height: 24px;\"><\/div>         <\/div>             <div class=\"kksr-star\" style=\"padding-right: 5px\">               <div class=\"kksr-icon\" style=\"width: 24px; height: 24px;\"><\/div>         <\/div>             <div class=\"kksr-star\" style=\"padding-right: 5px\">               <div class=\"kksr-icon\" style=\"width: 24px; height: 24px;\"><\/div>         <\/div>             <div class=\"kksr-star\" style=\"padding-right: 5px\">               <div class=\"kksr-icon\" style=\"width: 24px; height: 24px;\"><\/div>         <\/div>             <div class=\"kksr-star\" style=\"padding-right: 5px\">               <div class=\"kksr-icon\" style=\"width: 24px; height: 24px;\"><\/div>         <\/div>     <\/div> <\/div>                   <div class=\"kksr-legend\" style=\"font-size: 19.2px;\">             4,8\/5 - (96 oy)    <\/div>     <\/div>  <p>D\u00fcz kal\u0131p biyok\u00fctle pelet makinemiz, tala\u015f, geri d\u00f6n\u00fc\u015ft\u00fcr\u00fclm\u00fc\u015f ka\u011f\u0131t, ot, yapraklar ve di\u011fer biyok\u00fctle t\u00fcrleri gibi \u00e7e\u015fitli malzemelerden odun peletleri \u00fcretme kapasitesine sahiptir. Genellikle evlerde, k\u00fc\u00e7\u00fck \u00e7iftliklerde ve at\u00f6lyelerde kullan\u0131lmaktad\u0131r. <\/p>    <p>Olu\u015fturulan peletler 3 cm'ye kadar uzunlu\u011fa ula\u015fabiliyor ve ev \u0131s\u0131tma, yemek pi\u015firme ve hayvan yata\u011f\u0131 gibi uygulamalar i\u00e7in uygun. 700kg\/saat'e kadar \u00fcretim kapasitelerine sahip, aralar\u0131ndan se\u00e7im yapabilece\u011finiz bir dizi makine modeli sunuyoruz.<\/p>    <figure class=\"wp-block-embed aligncenter is-type-video is-provider-youtube wp-block-embed-youtube wp-embed-aspect-16-9 wp-has-aspect-ratio\"><div class=\"wp-block-embed__wrapper\"> <iframe loading=\"lazy\" title=\"Ah\u015fap At\u0131klar\u0131n\u0131 Enerjiye D\u00f6n\u00fc\u015ft\u00fcr\u00fcyor: Ah\u015fap Pelet K\u0131rma Makinesi Vitrininde!\" width=\"500\" height=\"281\" src=\"https:\/\/www.youtube.com\/embed\/PrQMhExEplU?start=3&#038;feature=oembed\" frameborder=\"0\" allow=\"accelerometer; autoplay; clipboard-write; encrypted-media; gyroscope; picture-in-picture; web-share\" referrerpolicy=\"strict-origin-when-cross-origin\" allowfullscreen><\/iframe> <\/div><figcaption class=\"wp-element-caption\">ah\u015fap biyok\u00fctle peletleri yapma makinesi \u00e7al\u0131\u015fma videosu<\/figcaption><\/figure>    <p>Odun peletinin boyutunu belirleyen d\u00fcz kal\u0131p deli\u011finin \u00e7ap\u0131, \u00f6zel hammadde ve benzersiz ihtiya\u00e7lar\u0131n\u0131z\u0131 kar\u015f\u0131layacak \u015fekilde uyarlanabilir. 30'dan fazla farkl\u0131 hammadde i\u00e7in optimum s\u0131k\u0131\u015ft\u0131rma oranlar\u0131na ula\u015ft\u0131k. \u00d6zel t\u00fcrde bir hammaddeniz varsa, bunu bize g\u00f6ndermekten \u00e7ekinmeyin; sizin i\u00e7in \u00fccretsiz olarak test edece\u011fiz.<\/p>    <p>Pelet de\u011firmeninin kal\u0131b\u0131 ve bas\u0131n\u00e7 \u00e7ark\u0131, a\u015f\u0131nmaya dayan\u0131kl\u0131 ala\u015f\u0131ml\u0131 \u00e7elikten yap\u0131lm\u0131\u015ft\u0131r ve bu onlara sa\u011flaml\u0131k, dayan\u0131kl\u0131l\u0131k ve uzun hizmet \u00f6mr\u00fc nitelikleri kazand\u0131r\u0131r. Biyok\u00fctle pelet makinesi basit bir tasar\u0131ma, geni\u015f uygulanabilirli\u011fe ve kompakt bir ayak izine sahiptir ve d\u00fc\u015f\u00fck g\u00fcr\u00fclt\u00fcyle \u00e7al\u0131\u015f\u0131r, bu da onu bir\u00e7ok biyok\u00fctle \u00fcreticisi i\u00e7in \u00f6nemli bir ekipman par\u00e7as\u0131 haline getirir.<\/p>    <figure class=\"wp-block-gallery has-nested-images columns-default is-cropped wp-block-gallery-2 is-layout-flex wp-block-gallery-is-layout-flex\"> <figure class=\"wp-block-image size-large\"><img loading=\"lazy\" decoding=\"async\" width=\"720\" height=\"540\" data-id=\"735\" src=\"https:\/\/hnwoodmachinery.com\/wp-content\/uploads\/2022\/11\/biomass-pellet-machine-1-1.webp\" alt=\"biyok\u00fctle pelet makinesi\" class=\"wp-image-735\" title=\"biyok\u00fctle pelet makinesi\"\/><figcaption class=\"wp-element-caption\">Biyok\u00fctle Pelet Makinesi<\/figcaption><\/figure>    <figure class=\"wp-block-image size-large\"><img loading=\"lazy\" decoding=\"async\" width=\"720\" height=\"540\" data-id=\"736\" src=\"https:\/\/hnwoodmachinery.com\/wp-content\/uploads\/2022\/11\/wood-pellet-mill-.webp\" alt=\"ah\u015fap pelet de\u011firmeni \" class=\"wp-image-736\" title=\"ah\u015fap pelet de\u011firmeni \"\/><figcaption class=\"wp-element-caption\">Ah\u015fap Pelet De\u011firmeni <\/figcaption><\/figure> <\/figure>    <h2 class=\"wp-block-heading\">Ah\u015fap pelet de\u011firmeninin uygulanabilir malzemeleri<\/h2>    <p class=\"translation-block\">Ah\u015fap biyok\u00fctle pelet makinesi \u00e7ok \u00e7e\u015fitli malzemeler i\u00e7in uygundur. Tala\u015f veya m\u0131s\u0131r saplar\u0131, saman, yer f\u0131st\u0131\u011f\u0131 kabuklar\u0131, m\u0131s\u0131r ko\u00e7anlar\u0131, pamuk saplar\u0131, yabani otlar vb. gibi ekinler olabilir. Tala\u015f hammaddesi elde etmek i\u00e7in bir k\u0131r\u0131c\u0131 makinesi kullanabilirsiniz. (<em>Daha Fazla Bilgi: <strong><a href=\"https:\/\/hnwoodmachinery.com\/tr\/product\/wood-shredder-machine\/\">Tala\u015f Yap\u0131m\u0131 \u0130\u00e7in A\u011fa\u00e7 Par\u00e7alama Makinesi<\/a><\/strong>&gt;&gt;<\/em>)<\/p>    <p class=\"translation-block\">Biyok\u00fctle <a href=\"https:\/\/en.wikipedia.org\/wiki\/Pellet_fuel\" target=\"_blank\" rel=\"noopener\">pelet yak\u0131t\u0131<\/a>, kilogram ba\u015f\u0131na yakla\u015f\u0131k 3900 ila 4800 kalori aras\u0131nda de\u011fi\u015fen y\u00fcksek bir kalorifik de\u011fere sahiptir. Yanma s\u0131ras\u0131nda zararl\u0131 gaz bile\u015fenlerinin emisyonu minimumdur, bu da daha d\u00fc\u015f\u00fck zararl\u0131 gaz emisyonlar\u0131na yol a\u00e7ar ve \u00e7evresel avantajlar sa\u011flar. Ayr\u0131ca, yand\u0131ktan sonra olu\u015fan k\u00fcl, potas g\u00fcbresi olarak kullan\u0131larak maliyet tasarrufu sa\u011flayabilir.<\/p>    <figure class=\"wp-block-gallery has-nested-images columns-default is-cropped wp-block-gallery-3 is-layout-flex wp-block-gallery-is-layout-flex\"> <figure class=\"wp-block-image size-large\"><img loading=\"lazy\" decoding=\"async\" width=\"720\" height=\"540\" data-id=\"737\" src=\"https:\/\/hnwoodmachinery.com\/wp-content\/uploads\/2022\/11\/raw-material-wood-pellet-.webp\" alt=\"ham madde ah\u015fap pelet \" class=\"wp-image-737\" title=\"ham madde ah\u015fap pelet \"\/><figcaption class=\"wp-element-caption\">Hammadde Ah\u015fap Pelet<\/figcaption><\/figure>    <figure class=\"wp-block-image size-large\"><img loading=\"lazy\" decoding=\"async\" width=\"720\" height=\"540\" data-id=\"738\" src=\"https:\/\/hnwoodmachinery.com\/wp-content\/uploads\/2022\/11\/usage-of-the-wood-pellets-.webp\" alt=\"ah\u015fap peletlerin kullan\u0131m\u0131\" class=\"wp-image-738\" title=\"ah\u015fap peletlerin kullan\u0131m\u0131\"\/><figcaption class=\"wp-element-caption\">Odun Peletlerinin Kullan\u0131m\u0131<\/figcaption><\/figure> <\/figure>    <h2 class=\"wp-block-heading\">Biyok\u00fctle pelet makinesi \u00e7al\u0131\u015fma prensibi<\/h2>    <p>Odun pelet ekstruder makinesi, di\u015flileri \u00e7al\u0131\u015ft\u0131ran ve g\u00fcc\u00fc ana mile aktaran bir motor (veya dizel motor) kullanarak \u00e7al\u0131\u015f\u0131r. S\u00fcrt\u00fcnme kuvvetinin bir sonucu olarak, bask\u0131 silindiri d\u00f6nerek bask\u0131 silindiri ile kal\u0131p aras\u0131nda s\u00fcrt\u00fcnme \u0131s\u0131s\u0131 \u00fcretir ve bu da toz halindeki malzemenin plastikle\u015fmesine yard\u0131mc\u0131 olur.<\/p>    <p>Malzeme daha sonra s\u0131k\u0131\u015ft\u0131rma silindiri taraf\u0131ndan kal\u0131p deli\u011finden itilir. Son olarak atma tepsisi, tamamlanan odun peletlerini bo\u015faltma portu arac\u0131l\u0131\u011f\u0131yla biyok\u00fctle pelet makinesinden d\u0131\u015far\u0131 ta\u015f\u0131r.<\/p>    <figure class=\"wp-block-gallery has-nested-images columns-default is-cropped wp-block-gallery-4 is-layout-flex wp-block-gallery-is-layout-flex\"> <figure class=\"wp-block-image size-large\"><img loading=\"lazy\" decoding=\"async\" width=\"720\" height=\"540\" data-id=\"739\" src=\"https:\/\/hnwoodmachinery.com\/wp-content\/uploads\/2022\/11\/wood-pellet-machine-.webp\" alt=\"ah\u015fap pelet makinesi \" class=\"wp-image-739\" title=\"ah\u015fap pelet makinesi \"\/><figcaption class=\"wp-element-caption\">Ah\u015fap Pelet Makinas\u0131 <\/figcaption><\/figure>    <figure class=\"wp-block-image size-large\"><img loading=\"lazy\" decoding=\"async\" width=\"720\" height=\"540\" data-id=\"741\" src=\"https:\/\/hnwoodmachinery.com\/wp-content\/uploads\/2022\/11\/inner-structure-of-the-wood-pellet-extruder-.webp\" alt=\"ah\u015fap pelet ekstruderinin i\u00e7 yap\u0131s\u0131\" class=\"wp-image-741\" title=\"ah\u015fap pelet ekstruderinin i\u00e7 yap\u0131s\u0131\"\/><figcaption class=\"wp-element-caption\">Ah\u015fap Pelet Ekstruderinin \u0130\u00e7 Yap\u0131s\u0131<\/figcaption><\/figure> <\/figure>    <figure class=\"wp-block-embed aligncenter is-type-video is-provider-youtube wp-block-embed-youtube wp-embed-aspect-16-9 wp-has-aspect-ratio\"><div class=\"wp-block-embed__wrapper\"> <iframe loading=\"lazy\" title=\"Bir ah\u015fap pelet de\u011firmeninde temiz enerji biyok\u00fctle peletleri \u00fcretme s\u00fcreci! \ud83c\udf3f\ud83d\udd25#ah\u015fappellet\" width=\"500\" height=\"281\" src=\"https:\/\/www.youtube.com\/embed\/MVtJtbLRF0I?start=13&#038;feature=oembed\" frameborder=\"0\" allow=\"accelerometer; autoplay; clipboard-write; encrypted-media; gyroscope; picture-in-picture; web-share\" referrerpolicy=\"strict-origin-when-cross-origin\" allowfullscreen><\/iframe> <\/div><figcaption class=\"wp-element-caption\">odun pelet de\u011firmeni \u00e7al\u0131\u015fma videosu<\/figcaption><\/figure>    <h2 class=\"wp-block-heading\">Bitmi\u015f ah\u015fap peletler sat\u0131\u015fa sunuldu<\/h2>    <p>Hammadde toplama \u2192 hammadde kurutma \u2192 gran\u00fclasyon ve kal\u0131plama \u2192 torbalama ve sat\u0131\u015f.<\/p>    <p>Notlar:<\/p>    <ol class=\"wp-block-list\"> <li>Tala\u015f\u0131n ezilmesi gerekmedi\u011finden k\u0131rma ba\u011flant\u0131s\u0131 atlan\u0131r ve kuruduktan sonra do\u011frudan gran\u00fcle edilebilir.<\/li>    <li>Kuruduktan sonra nem i\u00e7eri\u011fi 15-18% olmal\u0131d\u0131r. Nem i\u00e7eri\u011finin \u00e7ok b\u00fcy\u00fck veya \u00e7ok k\u00fc\u00e7\u00fck olmas\u0131 partik\u00fcl olu\u015fumuna elveri\u015fli de\u011fildir.<\/li> <\/ol>    <figure class=\"wp-block-gallery has-nested-images columns-default is-cropped wp-block-gallery-5 is-layout-flex wp-block-gallery-is-layout-flex\"> <figure class=\"wp-block-image size-large\"><img loading=\"lazy\" decoding=\"async\" width=\"720\" height=\"540\" data-id=\"1128\" src=\"https:\/\/hnwoodmachinery.com\/wp-content\/uploads\/2022\/11\/sawdust-raw-material.webp\" alt=\"ah\u015fap tala\u015f\u0131 hammadde\" class=\"wp-image-1128\" title=\"\" srcset=\"https:\/\/hnwoodmachinery.com\/wp-content\/uploads\/2022\/11\/sawdust-raw-material.webp 720w, https:\/\/hnwoodmachinery.com\/wp-content\/uploads\/2022\/11\/sawdust-raw-material-300x225.webp 300w, https:\/\/hnwoodmachinery.com\/wp-content\/uploads\/2022\/11\/sawdust-raw-material-16x12.webp 16w\" sizes=\"auto, (max-width: 720px) 100vw, 720px\" \/><figcaption class=\"wp-element-caption\">Tala\u015f Hammaddesi<\/figcaption><\/figure>    <figure class=\"wp-block-image size-large\"><img loading=\"lazy\" decoding=\"async\" width=\"720\" height=\"540\" data-id=\"743\" src=\"https:\/\/hnwoodmachinery.com\/wp-content\/uploads\/2022\/11\/finished-wood-pellets-.webp\" alt=\"bitmi\u015f ah\u015fap peletler\" class=\"wp-image-743\" title=\"\"><figcaption class=\"wp-element-caption\">Bitmi\u015f Ah\u015fap Peletler<\/figcaption><\/figure> <\/figure>    <h2 class=\"wp-block-heading\">Ah\u015fap pelet yapma makinesinin \u00f6zellikleri<\/h2>    <ul class=\"wp-block-list\"> <li>Malzeme kurudur ve nemini kaybetmeden kurur. Diferansiyel di\u015flisine, \u00fcniversal mafsall\u0131 \u015fanz\u0131mana, d\u00fc\u015f\u00fck enerji t\u00fcketimine ve y\u00fcksek \u00e7\u0131k\u0131\u015fa sahiptir.<\/li>    <li>Bu ah\u015fap pelet yapma makinesi, ekstr\u00fczyon gran\u00fclasyonu ve cilalama i\u00e7in ileri teknolojiden yararlanarak geleneksel y\u00f6ntemlerde kar\u015f\u0131la\u015f\u0131lan gran\u00fclasyon zorluklar\u0131n\u0131 etkili bir \u015fekilde ele al\u0131r.<\/li>    <li>Ortaya \u00e7\u0131kan tala\u015f par\u00e7ac\u0131klar\u0131 tekd\u00fcze, p\u00fcr\u00fczs\u00fcz ve yuvarlak olup, y\u00fcksek mukavemet ve m\u00fckemmel ak\u0131\u015fkanl\u0131k sergiler.<\/li>    <li>Genellikle plaka veya disk olarak adland\u0131r\u0131lan silindirler ve kal\u0131plar, y\u00fcksek sertlik ve uzun s\u00fcreli dayan\u0131kl\u0131l\u0131k elde etmek i\u00e7in \u00f6zel \u0131s\u0131l i\u015fleme tabi tutulan a\u015f\u0131nmaya kar\u015f\u0131 olduk\u00e7a diren\u00e7li ala\u015f\u0131ml\u0131 \u00e7elikten yap\u0131lm\u0131\u015ft\u0131r.<\/li>    <li>\u015eanz\u0131man di\u015flileri y\u00fcksek kaliteli ala\u015f\u0131ml\u0131 \u00e7elikten \u00fcretilmi\u015ftir ve d\u00fczg\u00fcn \u00e7al\u0131\u015fma, d\u00fc\u015f\u00fck g\u00fcr\u00fclt\u00fc seviyeleri, y\u00fcksek y\u00fck kapasitesi, minimum s\u0131cakl\u0131k art\u0131\u015f\u0131 ve m\u00fckemmel bas\u0131n\u00e7 direnci gibi avantajlar sunar.<\/li>    <li>Bu biyok\u00fctle pelet makinesinin geni\u015f bir uygulama yelpazesi vard\u0131r. Biyok\u00fctle yak\u0131t santrallerinde, enerji santrallerinde, hayvanc\u0131l\u0131kta, yem fabrikalar\u0131nda ve di\u011fer \u00e7e\u015fitli end\u00fcstrilerde organik at\u0131klar\u0131n yeniden gran\u00fclasyonu i\u00e7in kullan\u0131labilir.<\/li> <\/ul>    <figure class=\"wp-block-gallery has-nested-images columns-default is-cropped wp-block-gallery-6 is-layout-flex wp-block-gallery-is-layout-flex\"> <figure class=\"wp-block-image size-full\"><img loading=\"lazy\" decoding=\"async\" width=\"720\" height=\"540\" data-id=\"1130\" src=\"http:\/\/hnwoodmachinery.com\/wp-content\/uploads\/2022\/11\/biomass-pellets-mill.webp\" alt=\"biyok\u00fctle pelet de\u011firmeni\" class=\"wp-image-1130\" title=\"\" srcset=\"https:\/\/hnwoodmachinery.com\/wp-content\/uploads\/2022\/11\/biomass-pellets-mill.webp 720w, https:\/\/hnwoodmachinery.com\/wp-content\/uploads\/2022\/11\/biomass-pellets-mill-300x225.webp 300w, https:\/\/hnwoodmachinery.com\/wp-content\/uploads\/2022\/11\/biomass-pellets-mill-16x12.webp 16w\" sizes=\"auto, (max-width: 720px) 100vw, 720px\" \/><figcaption class=\"wp-element-caption\">Biyok\u00fctle Pelet De\u011firmeni<\/figcaption><\/figure>    <figure class=\"wp-block-image size-large\"><img loading=\"lazy\" decoding=\"async\" width=\"720\" height=\"540\" data-id=\"742\" src=\"https:\/\/hnwoodmachinery.com\/wp-content\/uploads\/2022\/11\/wood-pellet-making-machine-.webp\" alt=\"ah\u015fap pelet yapma makinesi\" class=\"wp-image-742\" title=\"\"><figcaption class=\"wp-element-caption\">Ah\u015fap Pelet Yapma Makinesi<\/figcaption><\/figure> <\/figure>    <h2 class=\"wp-block-heading\">Ah\u015fap tala\u015f pelet makinesi parametreleri<\/h2>    <figure class=\"wp-block-table is-style-stripes\"><table><tbody><tr><td>Modeli<\/td><td>300<\/td><td>400<\/td><td>450<\/td><\/tr><tr><td>G\u00fc\u00e7 (KW)<\/td><td>22+0.37<\/td><td>37+0.37<\/td><td>55+0.37<\/td><\/tr><tr><td>\u00c7\u0131k\u0131\u015f (kg\/saat)<\/td><td>150-300<\/td><td>200-500<\/td><td>300-700<\/td><\/tr><\/tbody><\/table><figcaption class=\"wp-element-caption\">biyok\u00fctle pelet yapma makinesi teknik verileri<\/figcaption><\/figure>    <p class=\"translation-block\">Bu d\u00fcz kal\u0131pl\u0131 biyok\u00fctle pelet makinesine ek olarak, halka kal\u0131pl\u0131 biyok\u00fctle pelet makineleri de \u00fcretiyoruz. (<em>\u0130lgili Yaz\u0131: <strong><a href=\"https:\/\/hnwoodmachinery.com\/tr\/product\/wood-pellet-making-machine\/\">Ah\u015fap Pelet Yap\u0131m Makinesi\u4e28Sat\u0131l\u0131k Ah\u015fap Pelet \u00d6\u011f\u00fctme Makinesi<\/a><\/strong>&gt;&gt;<\/em>)<\/p>    <h2 class=\"wp-block-heading\">Biyok\u00fctle pelet \u00fcretim i\u015fine nas\u0131l ba\u015flan\u0131r?<\/h2>    <p>\u00c7evre dostu yenilenebilir bir yak\u0131t olarak biyok\u00fctle peletleri \u00e7o\u011funlukla k\u00f6m\u00fcr, do\u011fal gaz vb. yerine kullan\u0131l\u0131yor ve bunlar\u0131n \u00fcretim i\u015fleri giderek daha fazla yat\u0131r\u0131mc\u0131n\u0131n ilgisini \u00e7ekiyor. Peki siz de bu projeyi ger\u00e7ekle\u015ftirmeyi planl\u0131yorsan\u0131z nelere dikkat etmelisiniz?<\/p>    <ul class=\"wp-block-list\"> <li>Olu\u015fturmak istedi\u011finiz pelletlerin amac\u0131 nedir? <\/li>    <li>Ka\u00e7 tane pelet \u00fcretmeyi hedefliyorsunuz? <\/li>    <li>Hangi hammaddeleri kullanmay\u0131 planl\u0131yorsunuz? <\/li>    <li>Bu proje i\u00e7in b\u00fct\u00e7eniz nedir?<\/li> <\/ul>    <p>Fabrikam\u0131z uzun y\u0131llard\u0131r ah\u015fap i\u015fleme ve geri d\u00f6n\u00fc\u015f\u00fcm makineleri \u00fcretiminde uzmanla\u015fm\u0131\u015ft\u0131r. Bu i\u015fle ilgileniyorsan\u0131z, o zaman en iyi se\u00e7iminiz biziz. L\u00fctfen bu web sitesine g\u00f6z at\u0131n, herkesi istedi\u011finiz zaman dan\u0131\u015fmaya te\u015fvik edin ve fabrikam\u0131z\u0131 ziyaret etmeye ho\u015f geldiniz. Sizinle i\u015fbirli\u011fi yapmay\u0131 sab\u0131rs\u0131zl\u0131kla bekliyoruz.<\/p>","protected":false},"excerpt":{"rendered":"<p>Biyok\u00fctle pelet makinesi esas olarak tala\u015f, pirin\u00e7 kabu\u011fu, pamuk sap\u0131 vb. gibi kaba lif gran\u00fclasyonu i\u00e7in uygundur. Pelet yak\u0131t\u0131n\u0131 i\u015flemek i\u00e7in ta\u015f\u0131nabilir bir ara\u00e7t\u0131r. <\/p>","protected":false},"author":1,"featured_media":732,"parent":0,"template":"","tags":[44,45],"product-type":[31],"class_list":["post-730","product","type-product","status-publish","has-post-thumbnail","hentry","tag-biomass-pellet","tag-wood-pellet","product-type-wood-pellet-machine"],"_links":{"self":[{"href":"https:\/\/hnwoodmachinery.com\/tr\/wp-json\/wp\/v2\/product\/730","targetHints":{"allow":["GET"]}}],"collection":[{"href":"https:\/\/hnwoodmachinery.com\/tr\/wp-json\/wp\/v2\/product"}],"about":[{"href":"https:\/\/hnwoodmachinery.com\/tr\/wp-json\/wp\/v2\/types\/product"}],"author":[{"embeddable":true,"href":"https:\/\/hnwoodmachinery.com\/tr\/wp-json\/wp\/v2\/users\/1"}],"wp:featuredmedia":[{"embeddable":true,"href":"https:\/\/hnwoodmachinery.com\/tr\/wp-json\/wp\/v2\/media\/732"}],"wp:attachment":[{"href":"https:\/\/hnwoodmachinery.com\/tr\/wp-json\/wp\/v2\/media?parent=730"}],"wp:term":[{"taxonomy":"post_tag","embeddable":true,"href":"https:\/\/hnwoodmachinery.com\/tr\/wp-json\/wp\/v2\/tags?post=730"},{"taxonomy":"product-type","embeddable":true,"href":"https:\/\/hnwoodmachinery.com\/tr\/wp-json\/wp\/v2\/product-type?post=730"}],"curies":[{"name":"wp","href":"https:\/\/api.w.org\/{rel}","templated":true}]}}