{"id":668,"date":"2022-10-12T17:18:55","date_gmt":"2022-10-12T09:18:55","guid":{"rendered":"https:\/\/hnwoodmachinery.com\/?post_type=product&#038;p=668"},"modified":"2024-09-14T18:21:05","modified_gmt":"2024-09-14T10:21:05","slug":"pallet-block-making-machine","status":"publish","type":"product","link":"https:\/\/hnwoodmachinery.com\/tr\/product\/pallet-block-making-machine\/","title":{"rendered":"Palet Blok Yapma Makinesi Ah\u015fap Tala\u015f Blok \u015eekillendirme Ekipman\u0131"},"content":{"rendered":"<div class=\"kk-star-ratings kksr-auto kksr-align-left kksr-valign-top\"     data-payload='{&quot;align&quot;:&quot;left&quot;,&quot;id&quot;:&quot;668&quot;,&quot;slug&quot;:&quot;default&quot;,&quot;valign&quot;:&quot;top&quot;,&quot;ignore&quot;:&quot;&quot;,&quot;reference&quot;:&quot;auto&quot;,&quot;class&quot;:&quot;&quot;,&quot;count&quot;:&quot;92&quot;,&quot;legendonly&quot;:&quot;&quot;,&quot;readonly&quot;:&quot;&quot;,&quot;score&quot;:&quot;4.8&quot;,&quot;starsonly&quot;:&quot;&quot;,&quot;best&quot;:&quot;5&quot;,&quot;gap&quot;:&quot;5&quot;,&quot;greet&quot;:&quot;Rate this product&quot;,&quot;legend&quot;:&quot;4.8\\\/5 - (92 votes)&quot;,&quot;size&quot;:&quot;24&quot;,&quot;title&quot;:&quot;Pallet Block Making Machine Wood Sawdust Block Forming Equipment&quot;,&quot;width&quot;:&quot;136.7&quot;,&quot;_legend&quot;:&quot;{score}\\\/{best} - ({count} {votes})&quot;,&quot;font_factor&quot;:&quot;1.25&quot;}'>              <div class=\"kksr-stars\">      <div class=\"kksr-stars-inactive\">             <div class=\"kksr-star\" data-star=\"1\" style=\"padding-right: 5px\">               <div class=\"kksr-icon\" style=\"width: 24px; height: 24px;\"><\/div>         <\/div>             <div class=\"kksr-star\" data-star=\"2\" style=\"padding-right: 5px\">               <div class=\"kksr-icon\" style=\"width: 24px; height: 24px;\"><\/div>         <\/div>             <div class=\"kksr-star\" data-star=\"3\" style=\"padding-right: 5px\">               <div class=\"kksr-icon\" style=\"width: 24px; height: 24px;\"><\/div>         <\/div>             <div class=\"kksr-star\" data-star=\"4\" style=\"padding-right: 5px\">               <div class=\"kksr-icon\" style=\"width: 24px; height: 24px;\"><\/div>         <\/div>             <div class=\"kksr-star\" data-star=\"5\" style=\"padding-right: 5px\">               <div class=\"kksr-icon\" style=\"width: 24px; height: 24px;\"><\/div>         <\/div>     <\/div>      <div class=\"kksr-stars-active\" style=\"width: 136.7px;\">             <div class=\"kksr-star\" style=\"padding-right: 5px\">               <div class=\"kksr-icon\" style=\"width: 24px; height: 24px;\"><\/div>         <\/div>             <div class=\"kksr-star\" style=\"padding-right: 5px\">               <div class=\"kksr-icon\" style=\"width: 24px; height: 24px;\"><\/div>         <\/div>             <div class=\"kksr-star\" style=\"padding-right: 5px\">               <div class=\"kksr-icon\" style=\"width: 24px; height: 24px;\"><\/div>         <\/div>             <div class=\"kksr-star\" style=\"padding-right: 5px\">               <div class=\"kksr-icon\" style=\"width: 24px; height: 24px;\"><\/div>         <\/div>             <div class=\"kksr-star\" style=\"padding-right: 5px\">               <div class=\"kksr-icon\" style=\"width: 24px; height: 24px;\"><\/div>         <\/div>     <\/div> <\/div>                   <div class=\"kksr-legend\" style=\"font-size: 19.2px;\">             4.8\/5 - (92 oy)    <\/div>     <\/div>  <p>Palet blok yapma makinesi, nakliye ve depolama i\u00e7in kullan\u0131lan s\u00fcr\u00fckleme tepsisi paspas aya\u011f\u0131 ve koruyucu tabaka paspas bloklar\u0131n\u0131n \u00fcretiminde uzmanla\u015fm\u0131\u015ft\u0131r. G\u00fcnde yakla\u015f\u0131k 4m\u00b3 hammadde i\u015fleyebilir.  Nihai \u00fcr\u00fcn\u00fcn yo\u011funlu\u011fu 550-1000kg\/m\u00b3'e ula\u015fabilir. <\/p>    <p>Bitmi\u015f ah\u015fap blo\u011fun \u015feklini ve boyutunu 75 mm'den 145 mm'ye kadar \u00f6zelle\u015ftirebiliriz. Palet blok yapma makinemiz kat\u0131 ve i\u00e7i bo\u015f olmak \u00fczere iki tip ah\u015fap blok \u00fcretebilmektedir. \u0130htiya\u00e7lar\u0131n\u0131za g\u00f6re se\u00e7im yapabilirsiniz.<\/p>    <figure class=\"wp-block-embed aligncenter is-type-video is-provider-youtube wp-block-embed-youtube wp-embed-aspect-16-9 wp-has-aspect-ratio\"><div class=\"wp-block-embed__wrapper\"> <iframe loading=\"lazy\" title=\"Shuliy Machinery&#039;nin en yeni tala\u015f blok yapma makinesi! s\u0131k\u0131\u015ft\u0131r\u0131lm\u0131\u015f ah\u015fap blok yapma makinesi\" width=\"500\" height=\"281\" src=\"https:\/\/www.youtube.com\/embed\/U64tcpbFAhQ?feature=oembed\" frameborder=\"0\" allow=\"accelerometer; autoplay; clipboard-write; encrypted-media; gyroscope; picture-in-picture; web-share\" referrerpolicy=\"strict-origin-when-cross-origin\" allowfullscreen><\/iframe> <\/div><figcaption class=\"wp-element-caption\">ah\u015fap palet blok presleme makinesi \u00e7al\u0131\u015fma videosu<\/figcaption><\/figure>    <p>Shuliy'nin palet blok yapma makinesi, hammadde olarak odun tala\u015f\u0131n\u0131 kullanarak y\u00fcksek kaliteli odun bloklar\u0131 \u00fcretebilir. Nihai \u00fcr\u00fcnler gev\u015fek par\u00e7alar i\u00e7ermez ve iyi suya dayan\u0131kl\u0131l\u0131k g\u00f6sterir. Bu makine bir\u00e7ok m\u00fc\u015fteri taraf\u0131ndan iyi kar\u015f\u0131lanm\u0131\u015ft\u0131r.<\/p>    <p>Ayr\u0131ca iki tip tala\u015f blok yapma makinesi sunuyoruz: Biri genel model, di\u011feri ise Avrupa standart modeli. Avrupa standart\u0131ndaki makine biraz daha pahal\u0131d\u0131r. Ancak iki makine aras\u0131nda farklar var. E\u011fer ilgileniyorsan\u0131z, daha fazla bilgi i\u00e7in l\u00fctfen bizimle ileti\u015fime ge\u00e7in.<\/p>    <figure class=\"wp-block-gallery has-nested-images columns-default is-cropped wp-block-gallery-2 is-layout-flex wp-block-gallery-is-layout-flex\"> <figure class=\"wp-block-image size-large\"><img loading=\"lazy\" decoding=\"async\" width=\"720\" height=\"540\" data-id=\"670\" src=\"https:\/\/hnwoodmachinery.com\/wp-content\/uploads\/2022\/10\/pallet-block-making-machine-2.webp\" alt=\"palet blok yapma makinesi\" class=\"wp-image-670\" title=\"palet blok yapma makinesi\"\/><figcaption class=\"wp-element-caption\">Palet Blok Yapma Makinesi<\/figcaption><\/figure>    <figure class=\"wp-block-image size-large\"><img loading=\"lazy\" decoding=\"async\" width=\"720\" height=\"540\" data-id=\"671\" src=\"https:\/\/hnwoodmachinery.com\/wp-content\/uploads\/2022\/10\/sawdust-block-making-machine-.webp\" alt=\"ah\u015fap tala\u015f\u0131 blok yapma makinesi\" class=\"wp-image-671\" title=\"ah\u015fap tala\u015f\u0131 blok yapma makinesi\"\/><figcaption class=\"wp-element-caption\">Tala\u015f Blok Yapma Makinesi<\/figcaption><\/figure> <\/figure>    <h2 class=\"wp-block-heading\">Tala\u015f blok yapma makinesinde kullan\u0131lan hammaddeler<\/h2>    <p class=\"translation-block\">Tala\u015f blok yap\u0131m makinesinde kullan\u0131lan hammaddeler genellikle ah\u015fap tala\u015f\u0131, odun yongas\u0131, ah\u015fap rendesi vb. olup, <a href=\"https:\/\/hnwoodmachinery.com\/tr\/product\/hydraulic-wood-pallet-machine\/\">preslenmi\u015f ah\u015fap palet yap\u0131m makinesi<\/a>nde kullan\u0131lan hammaddelere benzer.<\/p>   <div class=\"wp-block-image\"> <figure class=\"aligncenter size-full\"><img loading=\"lazy\" decoding=\"async\" width=\"720\" height=\"540\" src=\"https:\/\/hnwoodmachinery.com\/wp-content\/uploads\/2022\/10\/raw-material-of-the-sawdust-brick-press-machine-.jpg\" alt=\"tala\u015f tu\u011fla pres makinesinin hammaddesi\" class=\"wp-image-677\" title=\"tala\u015f tu\u011fla pres makinesinin hammaddesi\"\/><figcaption class=\"wp-element-caption\">tala\u015f tu\u011fla pres makinesinin hammaddesi<\/figcaption><\/figure> <\/div>   <h2 class=\"wp-block-heading\">\u0130ki tip ah\u015fap blok<\/h2>    <p>\u00dcretti\u011fimiz ah\u015fap bloklar\u0131n masif ve i\u00e7i bo\u015f olmak \u00fczere iki \u00e7e\u015fidi bulunmaktad\u0131r. Ancak i\u00e7i bo\u015f bloklar\u0131 \u00f6neriyoruz \u00e7\u00fcnk\u00fc bunlar nefes alabilir, \u0131s\u0131n\u0131n da\u011f\u0131lmas\u0131na izin verir ve nem olu\u015fumunu \u00f6nler.<\/p>    <figure class=\"wp-block-gallery aligncenter has-nested-images columns-default is-cropped wp-block-gallery-3 is-layout-flex wp-block-gallery-is-layout-flex\"><div class=\"wp-block-image\"> <figure class=\"aligncenter size-large\"><img loading=\"lazy\" decoding=\"async\" width=\"720\" height=\"540\" data-id=\"672\" src=\"https:\/\/hnwoodmachinery.com\/wp-content\/uploads\/2022\/10\/sawdust-wood-blocks-.webp\" alt=\"tala\u015f ah\u015fap bloklar \" class=\"wp-image-672\" title=\"tala\u015f ah\u015fap bloklar \"\/><figcaption class=\"wp-element-caption\">tala\u015f ah\u015fap bloklar<\/figcaption><\/figure> <\/div><\/figure>    <h2 class=\"wp-block-heading\">Tala\u015f ah\u015fap bloklar\u0131n boyutlar\u0131<\/h2>    <p class=\"translation-block\"><strong>Genel boyut:<\/strong> 80*80mm, 90*90mm, 100*100mm.  <\/p>    <p class=\"translation-block\"><strong>Avrupa standart boyutu:<\/strong> genellikle 100mm'nin \u00fczerinde, \u00f6rne\u011fin 145*105mm.<\/p>   <div class=\"wp-block-image\"> <figure class=\"aligncenter size-full\"><img loading=\"lazy\" decoding=\"async\" width=\"720\" height=\"540\" src=\"https:\/\/hnwoodmachinery.com\/wp-content\/uploads\/2022\/10\/different-type-of-wood-block-makers-.webp\" alt=\"farkl\u0131 t\u00fcrde ah\u015fap blok yap\u0131c\u0131lar\" class=\"wp-image-673\" title=\"farkl\u0131 t\u00fcrde ah\u015fap blok yap\u0131c\u0131lar\"\/><figcaption class=\"wp-element-caption\">farkl\u0131 tahta blok yap\u0131c\u0131 t\u00fcrleri<\/figcaption><\/figure> <\/div>   <h2 class=\"wp-block-heading\">Tala\u015f ah\u015fap blok s\u0131cak pres makinesi yap\u0131s\u0131<\/h2>    <p>Palet blok yapma makinesi, bir elektrik kontrol kabini, hazne, hidrolik itme cihaz\u0131, \u0131s\u0131tma ve \u015fekillendirme cihaz\u0131, \u00e7\u0131k\u0131\u015f (\u00e7ift \u00e7\u0131k\u0131\u015fl\u0131 ve \u00fc\u00e7l\u00fc \u00e7\u0131k\u0131\u015fl\u0131), testere (manuel veya otomatik) vb. i\u00e7erir.<\/p>    <figure class=\"wp-block-gallery has-nested-images columns-default is-cropped wp-block-gallery-4 is-layout-flex wp-block-gallery-is-layout-flex\"> <figure class=\"wp-block-image size-large\"><img loading=\"lazy\" decoding=\"async\" width=\"720\" height=\"540\" data-id=\"674\" src=\"https:\/\/hnwoodmachinery.com\/wp-content\/uploads\/2022\/10\/hopper-of-the-sawdust-wood-block-hot-press-machine-.webp\" alt=\"ah\u015fap tala\u015f\u0131 blok s\u0131cak pres makinesi\" class=\"wp-image-674\" title=\"ah\u015fap tala\u015f\u0131 blok s\u0131cak pres makinesi\"\/><figcaption class=\"wp-element-caption\">Tala\u015f Ah\u015fap Blok S\u0131cak Pres Makinas\u0131<\/figcaption><\/figure>    <figure class=\"wp-block-image size-large\"><img loading=\"lazy\" decoding=\"async\" width=\"720\" height=\"540\" data-id=\"675\" src=\"https:\/\/hnwoodmachinery.com\/wp-content\/uploads\/2022\/10\/heating-device-of-the-pallet-block-maker-.webp\" alt=\"palet blok makinesinin \u0131s\u0131tma k\u0131sm\u0131 \" class=\"wp-image-675\" title=\"palet blok makinesinin \u0131s\u0131tma k\u0131sm\u0131 \"\/><figcaption class=\"wp-element-caption\">Palet Blok Makinas\u0131n\u0131n Is\u0131tma Par\u00e7as\u0131 <\/figcaption><\/figure>    <figure class=\"wp-block-image size-large\"><img loading=\"lazy\" decoding=\"async\" width=\"720\" height=\"540\" data-id=\"676\" src=\"https:\/\/hnwoodmachinery.com\/wp-content\/uploads\/2022\/10\/control-panel-of-the-sawdust-block-maker-.jpg\" alt=\"odun tala\u015f\u0131 blok yap\u0131c\u0131s\u0131n\u0131n kontrol paneli\" class=\"wp-image-676\" title=\"odun tala\u015f\u0131 blok yap\u0131c\u0131s\u0131n\u0131n kontrol paneli\"\/><figcaption class=\"wp-element-caption\">Tala\u015f Blok Makinas\u0131n\u0131n Kontrol Paneli<\/figcaption><\/figure> <\/figure>    <h2 class=\"wp-block-heading\">Tala\u015f blok \u015fekillendirme makinesi parametreleri<\/h2>    <figure class=\"wp-block-table is-style-stripes\"><table><tbody><tr><td>Boyut<\/td><td>90*90mm (\u00d6zelle\u015ftirilebilir)<\/td><\/tr><tr><td>Motor<\/td><td>15-18 kW<\/td><\/tr><tr><td>Kapasite<\/td><td>4 m\u00b3\/24 saat (farkl\u0131 malzemeler i\u00e7in farkl\u0131)<\/td><\/tr><tr><td>Yo\u011funluk<\/td><td>550-600kg\/m\u00b3<\/td><\/tr><tr><td>Malzeme t\u00fcketimi<\/td><td>550-600kg\/m\u00b3\uff08tala\u015f,\u00a0tala\u015f\uff09<\/td><\/tr><tr><td>Tutkal t\u00fcketimi<\/td><td>80-100kg\/m\u00b3<\/td><\/tr><tr><td>S\u0131cakl\u0131k kontrol\u00fc<\/td><td>PID<\/td><\/tr><tr><td>Boyut<\/td><td>4800*760*1300mm<\/td><\/tr><tr><td>A\u011f\u0131rl\u0131k<\/td><td>1300 kg<\/td><\/tr><\/tbody><\/table><figcaption class=\"wp-element-caption\">ah\u015fap tala\u015f\u0131 blok yap\u0131c\u0131 parametre<\/figcaption><\/figure>    <h2 class=\"wp-block-heading\">Palet blok makinesinin \u00e7al\u0131\u015fma prensibi<\/h2>    <ol class=\"wp-block-list\"> <li>Hidrolik silindir y\u00fcksek bas\u0131n\u00e7 \u00fcreterek pistonu malzemeleri \u00e7\u0131karmaya ve \u015fekillendirmeye y\u00f6nlendirir. <\/li>    <li>Y\u00fcksek s\u0131cakl\u0131\u011fa ayarlanm\u0131\u015f \u0131s\u0131tma plakas\u0131, \u00fcre-formaldehit tutkal\u0131n\u0131n kat\u0131la\u015fmas\u0131na ve kal\u0131planmas\u0131na yard\u0131mc\u0131 olur. <\/li>    <li>Malzeme daha sonra belirli bir uzunlu\u011fa, tipik olarak yakla\u015f\u0131k 1,2 metreye kadar kesilir. <\/li>    <li>So\u011futulduktan sonra yar\u0131 mamullerin uzun ah\u015fap \u015feritleri son boyutlar\u0131na kadar kesilir.<\/li> <\/ol>    <figure class=\"wp-block-embed aligncenter is-type-video is-provider-youtube wp-block-embed-youtube wp-embed-aspect-16-9 wp-has-aspect-ratio\"><div class=\"wp-block-embed__wrapper\"> <iframe loading=\"lazy\" title=\"A\u011fa\u00e7 \u0130\u015flemede Devrim Yarat\u0131yor: En \u0130yi Ah\u015fap Palet Blok Yapma Makinesiyle Tan\u0131\u015f\u0131n!#woodmachine\" width=\"500\" height=\"281\" src=\"https:\/\/www.youtube.com\/embed\/PGEoARZKCAw?feature=oembed\" frameborder=\"0\" allow=\"accelerometer; autoplay; clipboard-write; encrypted-media; gyroscope; picture-in-picture; web-share\" referrerpolicy=\"strict-origin-when-cross-origin\" allowfullscreen><\/iframe> <\/div><figcaption class=\"wp-element-caption\">ah\u015fap blok pres makinesi \u00e7al\u0131\u015fma prensibi<\/figcaption><\/figure>    <h2 class=\"wp-block-heading\">Makineler tala\u015f blok yap\u0131c\u0131yla birlikte \u00e7al\u0131\u015f\u0131r<\/h2>    <p>Tala\u015f blo\u011fu yapma makinesi, bir k\u0131r\u0131c\u0131, hava ak\u0131\u015f\u0131 kurutucusu (ocak ile birlikte), yap\u0131\u015ft\u0131r\u0131c\u0131 kar\u0131\u015ft\u0131r\u0131c\u0131, odun blo\u011fu kesici vb. ile bir \u00fcretim hatt\u0131 olu\u015fturmak i\u00e7in birle\u015ftirilebilir. M\u00fc\u015fterinin ger\u00e7ek durumuna g\u00f6re odun blo\u011fu makinesi \u00fcretim hatt\u0131n\u0131 e\u015fle\u015ftirebiliriz.<\/p>    <figure class=\"wp-block-gallery has-nested-images columns-default is-cropped wp-block-gallery-5 is-layout-flex wp-block-gallery-is-layout-flex\"> <figure class=\"wp-block-image size-large\"><img loading=\"lazy\" decoding=\"async\" width=\"720\" height=\"540\" data-id=\"1108\" src=\"https:\/\/hnwoodmachinery.com\/wp-content\/uploads\/2022\/10\/glue-mixer.webp\" alt=\"yap\u0131\u015ft\u0131r\u0131c\u0131 kar\u0131\u015ft\u0131r\u0131c\u0131\" class=\"wp-image-1108\" title=\"\" srcset=\"https:\/\/hnwoodmachinery.com\/wp-content\/uploads\/2022\/10\/glue-mixer.webp 720w, https:\/\/hnwoodmachinery.com\/wp-content\/uploads\/2022\/10\/glue-mixer-300x225.webp 300w, https:\/\/hnwoodmachinery.com\/wp-content\/uploads\/2022\/10\/glue-mixer-16x12.webp 16w\" sizes=\"auto, (max-width: 720px) 100vw, 720px\" \/><figcaption class=\"wp-element-caption\">Tutkal Mikseri<\/figcaption><\/figure>    <figure class=\"wp-block-image size-large\"><img loading=\"lazy\" decoding=\"async\" width=\"720\" height=\"540\" data-id=\"1107\" src=\"https:\/\/hnwoodmachinery.com\/wp-content\/uploads\/2022\/10\/dicing-machine.webp\" alt=\"ah\u015fap blok do\u011frama makinesi\" class=\"wp-image-1107\" title=\"\" srcset=\"https:\/\/hnwoodmachinery.com\/wp-content\/uploads\/2022\/10\/dicing-machine.webp 720w, https:\/\/hnwoodmachinery.com\/wp-content\/uploads\/2022\/10\/dicing-machine-300x225.webp 300w, https:\/\/hnwoodmachinery.com\/wp-content\/uploads\/2022\/10\/dicing-machine-16x12.webp 16w\" sizes=\"auto, (max-width: 720px) 100vw, 720px\" \/><figcaption class=\"wp-element-caption\">Ah\u015fap Blok Do\u011frama Makinas\u0131<\/figcaption><\/figure> <\/figure>    <h2 class=\"wp-block-heading\">Tala\u015f blok yapma makinesinin faydalar\u0131<\/h2>    <ul class=\"wp-block-list\"> <li>\u00c7e\u015fitli t\u00fcrleri vard\u0131r <a href=\"https:\/\/en.wikipedia.org\/wiki\/Sawdust\" target=\"_blank\" rel=\"noopener\">tala\u015f<\/a> farkl\u0131 m\u00fc\u015fterilerin ihtiya\u00e7lar\u0131n\u0131 kar\u015f\u0131layabilen blok yapma makineleri.<\/li>    <li>\u0130yi \u00e7al\u0131\u015fma etkisi, g\u00fczel, temiz ve dayan\u0131kl\u0131 briketler \u00fcretilir.<\/li>    <li>Palet blok yapma makinesi dayan\u0131kl\u0131d\u0131r ve uzun \u00f6m\u00fcrl\u00fcd\u00fcr.<\/li>    <li>Elektrikli kontrol kabini ile kullan\u0131m\u0131 kolayd\u0131r ve kullan\u0131m\u0131 kolayd\u0131r.<\/li>    <li>Kullan\u0131m\u0131 kolayd\u0131r, bir ki\u015fi 3 makineyi \u00e7al\u0131\u015ft\u0131rabilir.<\/li>    <li>Makine ah\u015fap at\u0131klar\u0131n\u0131 etkili bir \u015fekilde geri d\u00f6n\u00fc\u015ft\u00fcrebilir.<\/li> <\/ul>    <figure class=\"wp-block-gallery has-nested-images columns-default is-cropped wp-block-gallery-6 is-layout-flex wp-block-gallery-is-layout-flex\"> <figure class=\"wp-block-image size-large\"><img loading=\"lazy\" decoding=\"async\" width=\"720\" height=\"540\" data-id=\"678\" src=\"https:\/\/hnwoodmachinery.com\/wp-content\/uploads\/2022\/10\/pallet-machine-maker-.webp\" alt=\"palet makinesi \u00fcreticisi\" class=\"wp-image-678\" title=\"palet makinesi \u00fcreticisi\"\/><figcaption class=\"wp-element-caption\">Palet Makinas\u0131 \u00dcreticisi<\/figcaption><\/figure>    <figure class=\"wp-block-image size-large\"><img loading=\"lazy\" decoding=\"async\" width=\"720\" height=\"540\" data-id=\"679\" src=\"https:\/\/hnwoodmachinery.com\/wp-content\/uploads\/2022\/10\/pallet-block-making-machine-3.webp\" alt=\"palet blok yapma makinesi\" class=\"wp-image-679\" title=\"palet blok yapma makinesi\"\/><figcaption class=\"wp-element-caption\">Palet Blok Yapma Makinesi<\/figcaption><\/figure> <\/figure>    <h2 class=\"wp-block-heading\">Tala\u015f ah\u015fap bloklar\u0131n\u0131n avantajlar\u0131 nelerdir?<\/h2>    <ul class=\"wp-block-list\"> <li>Ah\u015fap blok y\u00fcksek s\u0131cakl\u0131kta ekstr\u00fczyon yoluyla olu\u015fturuldu\u011fundan f\u00fcmigasyona tabi de\u011fildir.<\/li>    <li>D\u00fc\u015f\u00fck \u00fcretim maliyeti. Ah\u015fap has\u0131r blok tala\u015flardan olu\u015fur ve hammaddesi ucuz ve elde edilmesi kolayd\u0131r.<\/li>    <li>Y\u00fcksek y\u00fck ta\u015f\u0131ma performans\u0131. \u00c7o\u011fu \u00f6\u011feyi destekleyebilir ve yayg\u0131n olarak kullan\u0131l\u0131r.<\/li> <\/ul>    <figure class=\"wp-block-gallery has-nested-images columns-default is-cropped wp-block-gallery-7 is-layout-flex wp-block-gallery-is-layout-flex\"> <figure class=\"wp-block-image size-large\"><img loading=\"lazy\" decoding=\"async\" width=\"720\" height=\"540\" data-id=\"680\" src=\"https:\/\/hnwoodmachinery.com\/wp-content\/uploads\/2022\/10\/wood-blocks-.webp\" alt=\"ah\u015fap bloklar \" class=\"wp-image-680\" title=\"ah\u015fap bloklar \"\/><figcaption class=\"wp-element-caption\">Ah\u015fap Bloklar <\/figcaption><\/figure>    <figure class=\"wp-block-image size-large\"><img loading=\"lazy\" decoding=\"async\" width=\"720\" height=\"540\" data-id=\"681\" src=\"https:\/\/hnwoodmachinery.com\/wp-content\/uploads\/2022\/10\/finished-sawdust-wood-blocks-.webp\" alt=\"tamamlanm\u0131\u015f odun tala\u015f\u0131 bloklar\u0131 \" class=\"wp-image-681\" title=\"tamamlanm\u0131\u015f odun tala\u015f\u0131 bloklar\u0131 \"\/><figcaption class=\"wp-element-caption\">Bitmi\u015f Tala\u015f Ah\u015fap Bloklar <\/figcaption><\/figure> <\/figure>    <p>Fabrikam\u0131z uzun y\u0131llard\u0131r ah\u015fap i\u015fleme ekipmanlar\u0131 \u00fcretmektedir ve zengin deneyime sahiptir. Bu sekt\u00f6rle ilgileniyorsan\u0131z, bu web sitesine g\u00f6z atmak ve bizimle ileti\u015fime ge\u00e7mekten \u00e7ekinmeyin. En iyi se\u00e7iminiz olaca\u011f\u0131z.<\/p>","protected":false},"excerpt":{"rendered":"<p>Palet blok yapma makinesi, s\u00fcr\u00fcklenen tepsi paspas aya\u011f\u0131 ve koruyucu tabaka paspas bloklar\u0131n\u0131n \u00fcretiminde uzmanla\u015fm\u0131\u015ft\u0131r. <\/p>","protected":false},"author":1,"featured_media":669,"parent":0,"template":"","tags":[35,43],"product-type":[30],"class_list":["post-668","product","type-product","status-publish","has-post-thumbnail","hentry","tag-wood","tag-wood-block","product-type-wood-forming-machine"],"_links":{"self":[{"href":"https:\/\/hnwoodmachinery.com\/tr\/wp-json\/wp\/v2\/product\/668","targetHints":{"allow":["GET"]}}],"collection":[{"href":"https:\/\/hnwoodmachinery.com\/tr\/wp-json\/wp\/v2\/product"}],"about":[{"href":"https:\/\/hnwoodmachinery.com\/tr\/wp-json\/wp\/v2\/types\/product"}],"author":[{"embeddable":true,"href":"https:\/\/hnwoodmachinery.com\/tr\/wp-json\/wp\/v2\/users\/1"}],"wp:featuredmedia":[{"embeddable":true,"href":"https:\/\/hnwoodmachinery.com\/tr\/wp-json\/wp\/v2\/media\/669"}],"wp:attachment":[{"href":"https:\/\/hnwoodmachinery.com\/tr\/wp-json\/wp\/v2\/media?parent=668"}],"wp:term":[{"taxonomy":"post_tag","embeddable":true,"href":"https:\/\/hnwoodmachinery.com\/tr\/wp-json\/wp\/v2\/tags?post=668"},{"taxonomy":"product-type","embeddable":true,"href":"https:\/\/hnwoodmachinery.com\/tr\/wp-json\/wp\/v2\/product-type?post=668"}],"curies":[{"name":"wp","href":"https:\/\/api.w.org\/{rel}","templated":true}]}}