{"id":651,"date":"2022-10-11T18:12:30","date_gmt":"2022-10-11T10:12:30","guid":{"rendered":"https:\/\/hnwoodmachinery.com\/?post_type=product&#038;p=651"},"modified":"2024-09-13T18:29:07","modified_gmt":"2024-09-13T10:29:07","slug":"hydraulic-wood-pallet-machine","status":"publish","type":"product","link":"https:\/\/hnwoodmachinery.com\/tr\/product\/hydraulic-wood-pallet-machine\/","title":{"rendered":"Hidrolik Ah\u015fap Palet Makinas\u0131 Presswood Palet Pres Ekipmanlar\u0131"},"content":{"rendered":"<div class=\"kk-star-ratings kksr-auto kksr-align-left kksr-valign-top\"     data-payload='{&quot;align&quot;:&quot;left&quot;,&quot;id&quot;:&quot;651&quot;,&quot;slug&quot;:&quot;default&quot;,&quot;valign&quot;:&quot;top&quot;,&quot;ignore&quot;:&quot;&quot;,&quot;reference&quot;:&quot;auto&quot;,&quot;class&quot;:&quot;&quot;,&quot;count&quot;:&quot;90&quot;,&quot;legendonly&quot;:&quot;&quot;,&quot;readonly&quot;:&quot;&quot;,&quot;score&quot;:&quot;4.8&quot;,&quot;starsonly&quot;:&quot;&quot;,&quot;best&quot;:&quot;5&quot;,&quot;gap&quot;:&quot;5&quot;,&quot;greet&quot;:&quot;Rate this product&quot;,&quot;legend&quot;:&quot;4.8\\\/5 - (90 votes)&quot;,&quot;size&quot;:&quot;24&quot;,&quot;title&quot;:&quot;Hydraulic Wood Pallet Machine Presswood Pallet Press Equipment&quot;,&quot;width&quot;:&quot;136.7&quot;,&quot;_legend&quot;:&quot;{score}\\\/{best} - ({count} {votes})&quot;,&quot;font_factor&quot;:&quot;1.25&quot;}'>              <div class=\"kksr-stars\">      <div class=\"kksr-stars-inactive\">             <div class=\"kksr-star\" data-star=\"1\" style=\"padding-right: 5px\">               <div class=\"kksr-icon\" style=\"width: 24px; height: 24px;\"><\/div>         <\/div>             <div class=\"kksr-star\" data-star=\"2\" style=\"padding-right: 5px\">               <div class=\"kksr-icon\" style=\"width: 24px; height: 24px;\"><\/div>         <\/div>             <div class=\"kksr-star\" data-star=\"3\" style=\"padding-right: 5px\">               <div class=\"kksr-icon\" style=\"width: 24px; height: 24px;\"><\/div>         <\/div>             <div class=\"kksr-star\" data-star=\"4\" style=\"padding-right: 5px\">               <div class=\"kksr-icon\" style=\"width: 24px; height: 24px;\"><\/div>         <\/div>             <div class=\"kksr-star\" data-star=\"5\" style=\"padding-right: 5px\">               <div class=\"kksr-icon\" style=\"width: 24px; height: 24px;\"><\/div>         <\/div>     <\/div>      <div class=\"kksr-stars-active\" style=\"width: 136.7px;\">             <div class=\"kksr-star\" style=\"padding-right: 5px\">               <div class=\"kksr-icon\" style=\"width: 24px; height: 24px;\"><\/div>         <\/div>             <div class=\"kksr-star\" style=\"padding-right: 5px\">               <div class=\"kksr-icon\" style=\"width: 24px; height: 24px;\"><\/div>         <\/div>             <div class=\"kksr-star\" style=\"padding-right: 5px\">               <div class=\"kksr-icon\" style=\"width: 24px; height: 24px;\"><\/div>         <\/div>             <div class=\"kksr-star\" style=\"padding-right: 5px\">               <div class=\"kksr-icon\" style=\"width: 24px; height: 24px;\"><\/div>         <\/div>             <div class=\"kksr-star\" style=\"padding-right: 5px\">               <div class=\"kksr-icon\" style=\"width: 24px; height: 24px;\"><\/div>         <\/div>     <\/div> <\/div>                   <div class=\"kksr-legend\" style=\"font-size: 19.2px;\">             4,8\/5 - (90 oy)    <\/div>     <\/div>  <p>Hidrolik ah\u015fap palet makinesi, ah\u015fap tala\u015f\u0131n\u0131 ve \u00e7e\u015fitli hammaddeleri tek bir s\u0131cak presleme i\u015fleminde verimli bir \u015fekilde kal\u0131plar. Her 4-5 dakikada bir palet \u00fcretiyor ve bu da g\u00fcnde 200'\u00fcn \u00fczerinde palet anlam\u0131na geliyor. <\/p>    <p>Bu preslenmi\u015f ah\u015fap palet makinesi, tala\u015f, hindistancevizi kabu\u011fu ve at\u0131k odun tala\u015f\u0131 dahil olmak \u00fczere \u00e7e\u015fitli hammaddeleri i\u015fler. Bu makinenin \u00fcretti\u011fi ah\u015fap paletler sa\u011flamd\u0131r, uzun \u00f6m\u00fcrl\u00fcd\u00fcr ve yayg\u0131n olarak kullan\u0131lmaktad\u0131r. Ah\u015fap paletlerimiz i\u00e7in \u00e7e\u015fitli modeller sunuyoruz ve bunlar ayr\u0131ca farkl\u0131 \u015fekillerde \u00f6zelle\u015ftirilebilir. Bu sayede m\u00fc\u015fterilerimizin farkl\u0131 ihtiya\u00e7lar\u0131n\u0131 kar\u015f\u0131layabiliyoruz.<\/p>    <figure class=\"wp-block-embed aligncenter is-type-video is-provider-youtube wp-block-embed-youtube wp-embed-aspect-16-9 wp-has-aspect-ratio\"><div class=\"wp-block-embed__wrapper\"> <iframe loading=\"lazy\" title=\"Otomatik Pres A\u011fac\u0131 Palet Makinesi \u0130\u015f Ba\u015f\u0131nda: Palet \u00dcretiminde Devrim Yarat\u0131yor!#woodmachine\" width=\"500\" height=\"281\" src=\"https:\/\/www.youtube.com\/embed\/n4uJwvmJ9R0?feature=oembed\" frameborder=\"0\" allow=\"accelerometer; autoplay; clipboard-write; encrypted-media; gyroscope; picture-in-picture; web-share\" referrerpolicy=\"strict-origin-when-cross-origin\" allowfullscreen><\/iframe> <\/div><figcaption class=\"wp-element-caption\">ah\u015fap palet presleme makinesi \u00e7al\u0131\u015fma videosu<\/figcaption><\/figure>    <p class=\"translation-block\">Our wood pallet machines are popular in various countries, including Canada, Egypt, Malaysia, Madagascar, Mexico, and Slovakia. Additionally, we produce <a href=\"https:\/\/hnwoodmachinery.com\/tr\/product\/wood-hammer-mill\/\">sawdust making machines<\/a> that can be used in conjunction with the hydraulic wood pallet machine.<\/p>    <figure class=\"wp-block-gallery has-nested-images columns-default is-cropped wp-block-gallery-2 is-layout-flex wp-block-gallery-is-layout-flex\"> <figure class=\"wp-block-image size-large\"><img loading=\"lazy\" decoding=\"async\" width=\"720\" height=\"540\" data-id=\"654\" src=\"https:\/\/hnwoodmachinery.com\/wp-content\/uploads\/2022\/10\/hydraulic-wood-pallet-machine-1.webp\" alt=\"hidrolik ah\u015fap palet makinesi\" class=\"wp-image-654\" title=\"hidrolik ah\u015fap palet makinesi\"\/><figcaption class=\"wp-element-caption\">Hidrolik Ah\u015fap Palet Makinas\u0131<\/figcaption><\/figure>    <figure class=\"wp-block-image size-large\"><img loading=\"lazy\" decoding=\"async\" width=\"720\" height=\"540\" data-id=\"655\" src=\"https:\/\/hnwoodmachinery.com\/wp-content\/uploads\/2022\/10\/press-wood-pallet-making-machine-.webp\" alt=\"bas\u0131n ah\u015fap palet yapma makinesi\" class=\"wp-image-655\" title=\"bas\u0131n ah\u015fap palet yapma makinesi\"\/><figcaption class=\"wp-element-caption\">Pres Ah\u015fap Palet Yapma Makinesi<\/figcaption><\/figure> <\/figure>    <h2 class=\"wp-block-heading\">Pres ah\u015fap palet yapma makinesi taraf\u0131ndan i\u015flenen malzemeler<\/h2>    <p class=\"translation-block\"><strong>Raw material:<\/strong> the raw materials that can be processed by the wood pallet machine are quite diverse. Typically, these include coconut shells, coconut fibers, paper, biomass materials, waste wood chips, sawdust, shavings, and various types of wood chips.<\/p>   <div class=\"wp-block-image\"> <figure class=\"aligncenter size-full\"><img loading=\"lazy\" decoding=\"async\" width=\"720\" height=\"540\" src=\"https:\/\/hnwoodmachinery.com\/wp-content\/uploads\/2022\/10\/raw-material-of-the-wood-pallet-.webp\" alt=\"ah\u015fap paletin hammaddesi\" class=\"wp-image-656\" title=\"ah\u015fap paletin hammaddesi\"\/><figcaption class=\"wp-element-caption\">ah\u015fap paletin hammaddesi<\/figcaption><\/figure> <\/div>   <p class=\"translation-block\"><strong>Application of wood pallets:<\/strong> the wood pallets are capable of carrying heavy objects and transporting various items, including food, medicine, agricultural products, and fertilizer.<\/p>   <div class=\"wp-block-image\"> <figure class=\"aligncenter size-full\"><img loading=\"lazy\" decoding=\"async\" width=\"720\" height=\"540\" src=\"https:\/\/hnwoodmachinery.com\/wp-content\/uploads\/2022\/10\/Application-of-wood-pallet-.webp\" alt=\"Ah\u015fap palet uygulamas\u0131\" class=\"wp-image-657\" title=\"Ah\u015fap palet uygulamas\u0131\"\/><figcaption class=\"wp-element-caption\"><strong>Ah\u015fap palet uygulamas\u0131<\/strong><\/figcaption><\/figure> <\/div>   <h2 class=\"wp-block-heading\">Palet pres makinesinin yap\u0131s\u0131<\/h2>    <p>Hidrolik ah\u015fap palet makinesi \u00f6ncelikle bir hidrolik pompa istasyonu, hidrolik silindir, \u00fcst ve alt kal\u0131plar, kontrol kabini, kal\u0131p s\u0131cakl\u0131k makinesi ve di\u011fer bile\u015fenlerden olu\u015fur. \u00c7e\u015fitli makine modelleri farkl\u0131 bas\u0131n\u00e7lar \u00fcretir.<\/p>    <figure class=\"wp-block-gallery has-nested-images columns-default is-cropped wp-block-gallery-3 is-layout-flex wp-block-gallery-is-layout-flex\"> <figure class=\"wp-block-image size-large\"><img loading=\"lazy\" decoding=\"async\" width=\"720\" height=\"540\" data-id=\"658\" src=\"https:\/\/hnwoodmachinery.com\/wp-content\/uploads\/2022\/10\/pallet-press-machine\u2018control-panel-.webp\" alt=\"palet pres makinesinin kontrol paneli\" class=\"wp-image-658\" title=\"palet pres makinesinin kontrol paneli\"\/><figcaption class=\"wp-element-caption\">Palet Pres Makinas\u0131\u2019Kontrol Paneli<\/figcaption><\/figure>    <figure class=\"wp-block-image size-large\"><img loading=\"lazy\" decoding=\"async\" width=\"720\" height=\"540\" data-id=\"659\" src=\"https:\/\/hnwoodmachinery.com\/wp-content\/uploads\/2022\/10\/molding-part-.webp\" alt=\"\" class=\"wp-image-659\" title=\"\"><figcaption class=\"wp-element-caption\">Kal\u0131plama Par\u00e7as\u0131 <\/figcaption><\/figure>    <figure class=\"wp-block-image size-large\"><img loading=\"lazy\" decoding=\"async\" width=\"720\" height=\"540\" data-id=\"660\" src=\"https:\/\/hnwoodmachinery.com\/wp-content\/uploads\/2022\/10\/upper-part-of-the-wood-pallet-machine-.webp\" alt=\"ah\u015fap palet makinesinin \u00fcst k\u0131sm\u0131\" class=\"wp-image-660\" title=\"ah\u015fap palet makinesinin \u00fcst k\u0131sm\u0131\"\/><figcaption class=\"wp-element-caption\">Ah\u015fap Palet Makinas\u0131n\u0131n \u00dcst K\u0131sm\u0131<\/figcaption><\/figure> <\/figure>    <h2 class=\"wp-block-heading\">Tala\u015f pelet pres makinesi i\u015f ak\u0131\u015f\u0131<\/h2>   <div id=\"rank-math-howto\" class=\"rank-math-block\" > <div class=\"rank-math-howto-description\">  <\/div>  <div class=\"rank-math-steps\"> <div id=\"howto-step-1717482181808\" class=\"rank-math-step\"> <div class=\"rank-math-step-content\"><p>\u0130\u015f\u00e7iler ham maddeyi hidrolik ah\u015fap palet makinesinin kal\u0131b\u0131na d\u00fcz bir \u015fekilde yerle\u015ftirerek i\u015fe ba\u015fl\u0131yorlar.<\/p> <\/div> <\/div> <div id=\"howto-step-1717482237057\" class=\"rank-math-step\"> <div class=\"rank-math-step-content\"><p>Makineyi a\u00e7\u0131n ve birka\u00e7 kez ayarlay\u0131n. Bundan sonra makine ham maddeyi s\u0131cak preslemeye ba\u015flar.<\/p> <\/div> <\/div> <div id=\"howto-step-1717482241247\" class=\"rank-math-step\"> <div class=\"rank-math-step-content\"><p>Yakla\u015f\u0131k 4 ila 5 dakika sonra ah\u015fap palet yapma i\u015flemi tamamlan\u0131r.<\/p> <\/div> <\/div> <\/div> <\/div>       <figure class=\"wp-block-embed aligncenter is-type-video is-provider-youtube wp-block-embed-youtube wp-embed-aspect-16-9 wp-has-aspect-ratio\"><div class=\"wp-block-embed__wrapper\"> <iframe loading=\"lazy\" title=\"Verimlilik Artt\u0131: Presswood Palet Kal\u0131plama Makinemizin \u00c7al\u0131\u015f\u0131rken Tan\u0131k Olun! #ah\u015fap i\u015fleme\" width=\"500\" height=\"281\" src=\"https:\/\/www.youtube.com\/embed\/BRzDbvVdf7U?feature=oembed\" frameborder=\"0\" allow=\"accelerometer; autoplay; clipboard-write; encrypted-media; gyroscope; picture-in-picture; web-share\" referrerpolicy=\"strict-origin-when-cross-origin\" allowfullscreen><\/iframe> <\/div><figcaption class=\"wp-element-caption\">hidrolik ah\u015fap palet makinesi i\u015fleme videosu<\/figcaption><\/figure>    <h2 class=\"wp-block-heading\">S\u0131cak pres palet yapma makinesinin teknik parametreleri<\/h2>    <figure class=\"wp-block-table is-style-stripes\"><table><tbody><tr><td>Modeli<\/td><td>SL-800-102 iki kal\u0131pl\u0131<\/td><\/tr><tr><td>Kal\u0131p boyutu<\/td><td>1200*800mm(\u00d6zelle\u015ftirilebilir)<\/td><\/tr><tr><td>Gerilim<\/td><td>11kw (en yeni)<\/td><\/tr><tr><td>Kapasite<\/td><td>220 adet\/g\u00fcn<\/td><\/tr><tr><td>\u00c7al\u0131\u015fma bas\u0131nc\u0131<\/td><td>25 MPa<\/td><\/tr><tr><td>Ya\u011f Silindiri<\/td><td>\u03a6360*4 adet<\/td><\/tr><tr><td>Fel\u00e7<\/td><td>400 mm<\/td><\/tr><tr><td>Boyut<\/td><td>3,3mX3mX3,2m<\/td><\/tr><tr><td>A\u011f\u0131rl\u0131k<\/td><td>25ton<\/td><\/tr><\/tbody><\/table><figcaption class=\"wp-element-caption\">s\u0131cak pres palet yapma makinesinin parametreleri<\/figcaption><\/figure>    <h2 class=\"wp-block-heading\">Neden ah\u015fap palet makinemizi se\u00e7melisiniz?<\/h2>    <ul class=\"wp-block-list\"> <li>Hidrolik ah\u015fap palet makinesi \u00e7ok y\u00f6nl\u00fcd\u00fcr ve farkl\u0131 t\u00fcrde ah\u015fap tala\u015f\u0131 ve uzun lifli malzemeler dahil olmak \u00fczere \u00e7e\u015fitli hammaddelerden yararlanabilir. Bu esneklik, kullan\u0131c\u0131lar\u0131n ham madde girdilerini en aza indirmelerine olanak tan\u0131r.<\/li>    <li>\u00c7e\u015fitli ebatlarda ah\u015fap palet \u00fcretimine olanak sa\u011flayan bu makinenin bir\u00e7ok modeli mevcuttur.<\/li>    <li>Pres ah\u015fap palet makinesi y\u00fcksek bas\u0131n\u00e7ta \u00e7al\u0131\u015farak sa\u011flam ve dayan\u0131kl\u0131 ah\u015fap paletler \u00fcretir.<\/li>    <li>D\u00f6rt direkli bir yap\u0131ya sahip olan ekipman sa\u011flamd\u0131r, bak\u0131m\u0131 kolayd\u0131r ve uzun hizmet \u00f6mr\u00fc i\u00e7in tasarlanm\u0131\u015ft\u0131r.<\/li>    <li>PLC kontrol sistemi kullan\u0131c\u0131 dostu olup, ihtiyac\u0131n\u0131za g\u00f6re s\u00fcreyi ve s\u0131cakl\u0131\u011f\u0131 ayarlaman\u0131za olanak sa\u011flar.<\/li> <\/ul>    <figure class=\"wp-block-gallery has-nested-images columns-default is-cropped wp-block-gallery-4 is-layout-flex wp-block-gallery-is-layout-flex\"> <figure class=\"wp-block-image size-large\"><img loading=\"lazy\" decoding=\"async\" width=\"720\" height=\"540\" data-id=\"666\" src=\"https:\/\/hnwoodmachinery.com\/wp-content\/uploads\/2022\/10\/wood-pallet-machine-.webp\" alt=\"ah\u015fap palet makinesi\" class=\"wp-image-666\" title=\"ah\u015fap palet makinesi\"\/><figcaption class=\"wp-element-caption\">Ah\u015fap Palet Makinas\u0131<\/figcaption><\/figure>    <figure class=\"wp-block-image size-large\"><img loading=\"lazy\" decoding=\"async\" width=\"720\" height=\"540\" data-id=\"667\" src=\"https:\/\/hnwoodmachinery.com\/wp-content\/uploads\/2022\/10\/wood-pallets-2.webp\" alt=\"ah\u015fap palet \" class=\"wp-image-667\" title=\"ah\u015fap palet \"\/><figcaption class=\"wp-element-caption\">Ah\u015fap Palet <\/figcaption><\/figure> <\/figure>    <h2 class=\"wp-block-heading\">Ah\u015fap paletlerin avantajlar\u0131 nelerdir?<\/h2>    <ul class=\"wp-block-list\"> <li>Ah\u015fap paletler f\u00fcmigasyon gerektirmedi\u011finden ithalat ve ihracatta kolayl\u0131k sa\u011flar.<\/li>    <li>\u00c7evre koruma standartlar\u0131na uygundur ve \u00fcretim maliyetleri d\u00fc\u015f\u00fckt\u00fcr.<\/li>    <li>Ah\u015fap paletler sabit bir \u015fekli korur, deformasyona kar\u015f\u0131 dayan\u0131kl\u0131d\u0131r ve uzun \u00f6m\u00fcrl\u00fcd\u00fcr.<\/li>    <li>Y\u00fcksek hassasiyet ve hafif tasar\u0131mla karakterize edilirler.<\/li> <\/ul>    <figure class=\"wp-block-gallery has-nested-images columns-default is-cropped wp-block-gallery-5 is-layout-flex wp-block-gallery-is-layout-flex\"> <figure class=\"wp-block-image size-large\"><img loading=\"lazy\" decoding=\"async\" width=\"720\" height=\"540\" data-id=\"661\" src=\"https:\/\/hnwoodmachinery.com\/wp-content\/uploads\/2022\/10\/finished-wood-pallet-.webp\" alt=\"bitmi\u015f ah\u015fap palet\" class=\"wp-image-661\" title=\"bitmi\u015f ah\u015fap palet\"\/><figcaption class=\"wp-element-caption\">Bitmi\u015f Ah\u015fap Palet<\/figcaption><\/figure>    <figure class=\"wp-block-image size-large\"><img loading=\"lazy\" decoding=\"async\" width=\"720\" height=\"540\" data-id=\"662\" src=\"https:\/\/hnwoodmachinery.com\/wp-content\/uploads\/2022\/10\/wood-pallets-.webp\" alt=\"ah\u015fap paletler\" class=\"wp-image-662\" title=\"ah\u015fap paletler\"\/><figcaption class=\"wp-element-caption\">Ah\u015fap Paletler<\/figcaption><\/figure> <\/figure>    <figure class=\"wp-block-gallery has-nested-images columns-default is-cropped wp-block-gallery-6 is-layout-flex wp-block-gallery-is-layout-flex\"> <figure class=\"wp-block-image size-large\"><img loading=\"lazy\" decoding=\"async\" width=\"720\" height=\"540\" data-id=\"1103\" src=\"https:\/\/hnwoodmachinery.com\/wp-content\/uploads\/2022\/10\/wooden-pallets.webp\" alt=\"ah\u015fap paletler\" class=\"wp-image-1103\" title=\"\" srcset=\"https:\/\/hnwoodmachinery.com\/wp-content\/uploads\/2022\/10\/wooden-pallets.webp 720w, https:\/\/hnwoodmachinery.com\/wp-content\/uploads\/2022\/10\/wooden-pallets-300x225.webp 300w, https:\/\/hnwoodmachinery.com\/wp-content\/uploads\/2022\/10\/wooden-pallets-16x12.webp 16w\" sizes=\"auto, (max-width: 720px) 100vw, 720px\" \/><figcaption class=\"wp-element-caption\">Ah\u015fap Paletler<\/figcaption><\/figure>    <figure class=\"wp-block-image size-large\"><img loading=\"lazy\" decoding=\"async\" width=\"720\" height=\"540\" data-id=\"1102\" src=\"https:\/\/hnwoodmachinery.com\/wp-content\/uploads\/2022\/10\/presswood-pallet-production.webp\" alt=\"preslenmi\u015f ah\u015fap palet \u00fcretimi\" class=\"wp-image-1102\" title=\"\" srcset=\"https:\/\/hnwoodmachinery.com\/wp-content\/uploads\/2022\/10\/presswood-pallet-production.webp 720w, https:\/\/hnwoodmachinery.com\/wp-content\/uploads\/2022\/10\/presswood-pallet-production-300x225.webp 300w, https:\/\/hnwoodmachinery.com\/wp-content\/uploads\/2022\/10\/presswood-pallet-production-16x12.webp 16w\" sizes=\"auto, (max-width: 720px) 100vw, 720px\" \/><figcaption class=\"wp-element-caption\">Pres A\u011fac\u0131 Palet \u00dcretimi<\/figcaption><\/figure> <\/figure>    <h2 class=\"wp-block-heading\">SSS<\/h2>   <div id=\"rank-math-faq\" class=\"rank-math-block\"> <div class=\"rank-math-list\"> <div id=\"faq-question-1717482314554\" class=\"rank-math-list-item\"> <h3 class=\"rank-math-question\">Ah\u015fap paletlerin boyutu \u00f6zelle\u015ftirilebilir mi?<\/h3> <div class=\"rank-math-answer\">  <p>Evet, bu m\u00fcmk\u00fcn.<\/p>  <\/div> <\/div> <div id=\"faq-question-1717482319564\" class=\"rank-math-list-item\"> <h3 class=\"rank-math-question\">Ah\u015fap paletlerin kal\u0131b\u0131 de\u011fi\u015ftirilebilir mi? \u00d6zelle\u015ftirilebilir mi?<\/h3> <div class=\"rank-math-answer\">  <p>Kal\u0131plar de\u011fi\u015ftirilebilir. M\u00fc\u015fterinin taleplerine g\u00f6re ah\u015fap paletlerin kal\u0131b\u0131n\u0131 \u00f6zelle\u015ftirebiliriz.<\/p>  <\/div> <\/div> <div id=\"faq-question-1717482326171\" class=\"rank-math-list-item\"> <h3 class=\"rank-math-question\">Ta\u015f\u0131nabilecek ah\u015fap paletlerin a\u011f\u0131rl\u0131\u011f\u0131 nedir?<\/h3> <div class=\"rank-math-answer\">  <p>Statik y\u00fck: 3, 5, 10 ton. Dinamik y\u00fck: 3-5 ton.<\/p>  <\/div> <\/div> <div id=\"faq-question-1717482333756\" class=\"rank-math-list-item\"> <h3 class=\"rank-math-question\">Hammaddenin nem ihtiyac\u0131 nedir?<\/h3> <div class=\"rank-math-answer\">  <p>Ne kadar az nem olursa o kadar iyidir. Genellikle yakla\u015f\u0131k 10%'dir.<\/p>  <\/div> <\/div> <div id=\"faq-question-1717482341738\" class=\"rank-math-list-item\"> <h3 class=\"rank-math-question\">Ah\u015fap palet yapmak ne kadar s\u00fcrer?<\/h3> <div class=\"rank-math-answer\">  <p>4-5 dakika.<\/p>  <\/div> <\/div> <\/div> <\/div>   <figure class=\"wp-block-gallery has-nested-images columns-default is-cropped wp-block-gallery-7 is-layout-flex wp-block-gallery-is-layout-flex\"> <figure class=\"wp-block-image size-large\"><img loading=\"lazy\" decoding=\"async\" width=\"720\" height=\"540\" data-id=\"664\" src=\"https:\/\/hnwoodmachinery.com\/wp-content\/uploads\/2022\/10\/sawdust-pellet-press-machines-mold-1-1.jpg\" alt=\"ah\u015fap tala\u015f\u0131 pelet pres makinesi kal\u0131b\u0131\" class=\"wp-image-664\" title=\"ah\u015fap tala\u015f\u0131 pelet pres makinesi kal\u0131b\u0131\"\/><figcaption class=\"wp-element-caption\">Odun tozu pelet pres makinesinin kal\u0131b\u0131<\/figcaption><\/figure>    <figure class=\"wp-block-image size-large\"><img loading=\"lazy\" decoding=\"async\" width=\"720\" height=\"540\" data-id=\"665\" src=\"https:\/\/hnwoodmachinery.com\/wp-content\/uploads\/2022\/10\/hot-press-pallet-making-machine-.jpg\" alt=\"s\u0131cak pres palet yapma makinesi kal\u0131b\u0131 \" class=\"wp-image-665\" title=\"s\u0131cak pres palet yapma makinesi kal\u0131b\u0131 \"\/><figcaption class=\"wp-element-caption\">S\u0131cak pres palet yapma makinesinin kal\u0131b\u0131 <\/figcaption><\/figure> <\/figure>    <h2 class=\"wp-block-heading\">Kanada'ya ah\u015fap palet makinesi sat\u0131ld\u0131<\/h2>    <p class=\"translation-block\">Bir Kanada <a href=\"https:\/\/en.wikipedia.org\/wiki\/Canada\" target=\"_blank\" rel=\"noopener\">Kanada<\/a> m\u00fc\u015fterisi ge\u00e7en hafta bizimle TP-800-102 hidrolik ah\u015fap palet makinesine sipari\u015f verdi. G\u00f6r\u00fc\u015fmelerimiz s\u0131ras\u0131nda m\u00fc\u015fterinin bir ah\u015fap palet fabrikas\u0131 i\u015fletti\u011fini ve yeni bir makine edinmeyi arzulad\u0131\u011f\u0131n\u0131 ke\u015ffettik. <\/p>    <p>Daha \u00f6nce m\u00fc\u015fteri daha eski bir \u00e7er\u00e7eve tipi ah\u015fap palet makinesi kullan\u0131yordu. Daha k\u00fc\u00e7\u00fck ayak izini, artan verimlili\u011fini ve bitmi\u015f \u00fcr\u00fcn\u00fcn dayan\u0131kl\u0131l\u0131\u011f\u0131n\u0131 vurgulayarak yeni modeli \u00f6nerdik. M\u00fc\u015fteri, makineyi kapsaml\u0131 bir \u015fekilde tan\u0131tt\u0131ktan sonra ah\u015fap palet makinesini sat\u0131n almaya karar verdi.<\/p>","protected":false},"excerpt":{"rendered":"<p>Hidrolik ah\u015fap palet makinesi, ah\u015fap tala\u015f\u0131n\u0131 ve \u00e7e\u015fitli hammaddeleri tek bir s\u0131cak presleme i\u015fleminde verimli bir \u015fekilde kal\u0131plar. Her 4-5 dakikada bir palet \u00fcretiyor ve bu da g\u00fcnde 200'\u00fcn \u00fczerinde palet anlam\u0131na geliyor. <\/p>","protected":false},"author":1,"featured_media":653,"parent":0,"template":"","tags":[35,39],"product-type":[30],"class_list":["post-651","product","type-product","status-publish","has-post-thumbnail","hentry","tag-wood","tag-wood-pallet","product-type-wood-forming-machine"],"_links":{"self":[{"href":"https:\/\/hnwoodmachinery.com\/tr\/wp-json\/wp\/v2\/product\/651","targetHints":{"allow":["GET"]}}],"collection":[{"href":"https:\/\/hnwoodmachinery.com\/tr\/wp-json\/wp\/v2\/product"}],"about":[{"href":"https:\/\/hnwoodmachinery.com\/tr\/wp-json\/wp\/v2\/types\/product"}],"author":[{"embeddable":true,"href":"https:\/\/hnwoodmachinery.com\/tr\/wp-json\/wp\/v2\/users\/1"}],"wp:featuredmedia":[{"embeddable":true,"href":"https:\/\/hnwoodmachinery.com\/tr\/wp-json\/wp\/v2\/media\/653"}],"wp:attachment":[{"href":"https:\/\/hnwoodmachinery.com\/tr\/wp-json\/wp\/v2\/media?parent=651"}],"wp:term":[{"taxonomy":"post_tag","embeddable":true,"href":"https:\/\/hnwoodmachinery.com\/tr\/wp-json\/wp\/v2\/tags?post=651"},{"taxonomy":"product-type","embeddable":true,"href":"https:\/\/hnwoodmachinery.com\/tr\/wp-json\/wp\/v2\/product-type?post=651"}],"curies":[{"name":"wp","href":"https:\/\/api.w.org\/{rel}","templated":true}]}}