{"id":30,"date":"2022-07-18T03:48:36","date_gmt":"2022-07-18T03:48:36","guid":{"rendered":"https:\/\/hnwoodmachinery.com\/?post_type=product&#038;p=30"},"modified":"2024-09-11T17:57:28","modified_gmt":"2024-09-11T09:57:28","slug":"shavings-for-animal-bedding","status":"publish","type":"product","link":"https:\/\/hnwoodmachinery.com\/tr\/product\/shavings-for-animal-bedding\/","title":{"rendered":"Hayvan Yataklar\u0131 \u0130\u00e7in Tala\u015flar \u0130yi Fiyat Ah\u015fap T\u0131ra\u015f Makinesi"},"content":{"rendered":"<div class=\"kk-star-ratings kksr-auto kksr-align-left kksr-valign-top\"     data-payload='{&quot;align&quot;:&quot;left&quot;,&quot;id&quot;:&quot;30&quot;,&quot;slug&quot;:&quot;default&quot;,&quot;valign&quot;:&quot;top&quot;,&quot;ignore&quot;:&quot;&quot;,&quot;reference&quot;:&quot;auto&quot;,&quot;class&quot;:&quot;&quot;,&quot;count&quot;:&quot;92&quot;,&quot;legendonly&quot;:&quot;&quot;,&quot;readonly&quot;:&quot;&quot;,&quot;score&quot;:&quot;4.8&quot;,&quot;starsonly&quot;:&quot;&quot;,&quot;best&quot;:&quot;5&quot;,&quot;gap&quot;:&quot;5&quot;,&quot;greet&quot;:&quot;Rate this product&quot;,&quot;legend&quot;:&quot;4.8\\\/5 - (92 votes)&quot;,&quot;size&quot;:&quot;24&quot;,&quot;title&quot;:&quot;Shavings For Animal Bedding Good Price Wood Shaving Machine&quot;,&quot;width&quot;:&quot;136.7&quot;,&quot;_legend&quot;:&quot;{score}\\\/{best} - ({count} {votes})&quot;,&quot;font_factor&quot;:&quot;1.25&quot;}'>              <div class=\"kksr-stars\">      <div class=\"kksr-stars-inactive\">             <div class=\"kksr-star\" data-star=\"1\" style=\"padding-right: 5px\">               <div class=\"kksr-icon\" style=\"width: 24px; height: 24px;\"><\/div>         <\/div>             <div class=\"kksr-star\" data-star=\"2\" style=\"padding-right: 5px\">               <div class=\"kksr-icon\" style=\"width: 24px; height: 24px;\"><\/div>         <\/div>             <div class=\"kksr-star\" data-star=\"3\" style=\"padding-right: 5px\">               <div class=\"kksr-icon\" style=\"width: 24px; height: 24px;\"><\/div>         <\/div>             <div class=\"kksr-star\" data-star=\"4\" style=\"padding-right: 5px\">               <div class=\"kksr-icon\" style=\"width: 24px; height: 24px;\"><\/div>         <\/div>             <div class=\"kksr-star\" data-star=\"5\" style=\"padding-right: 5px\">               <div class=\"kksr-icon\" style=\"width: 24px; height: 24px;\"><\/div>         <\/div>     <\/div>      <div class=\"kksr-stars-active\" style=\"width: 136.7px;\">             <div class=\"kksr-star\" style=\"padding-right: 5px\">               <div class=\"kksr-icon\" style=\"width: 24px; height: 24px;\"><\/div>         <\/div>             <div class=\"kksr-star\" style=\"padding-right: 5px\">               <div class=\"kksr-icon\" style=\"width: 24px; height: 24px;\"><\/div>         <\/div>             <div class=\"kksr-star\" style=\"padding-right: 5px\">               <div class=\"kksr-icon\" style=\"width: 24px; height: 24px;\"><\/div>         <\/div>             <div class=\"kksr-star\" style=\"padding-right: 5px\">               <div class=\"kksr-icon\" style=\"width: 24px; height: 24px;\"><\/div>         <\/div>             <div class=\"kksr-star\" style=\"padding-right: 5px\">               <div class=\"kksr-icon\" style=\"width: 24px; height: 24px;\"><\/div>         <\/div>     <\/div> <\/div>                   <div class=\"kksr-legend\" style=\"font-size: 19.2px;\">             4.8\/5 - (92 oy)    <\/div>     <\/div>  <p>Ah\u015fap t\u0131ra\u015f makinesi, farkl\u0131 \u00e7aplardaki yuvarlak k\u00fct\u00fck a\u011fa\u00e7lar\u0131n\u0131 hayvan yataklar\u0131 i\u00e7in kaliteli ah\u015fap tala\u015flar\u0131na t\u0131ra\u015f etmek \u00fczere \u00f6zel olarak tasarlanm\u0131\u015ft\u0131r. 0,5 mm'ye kadar hassasiyetle ultra ince tala\u015flar \u00fcretmek i\u00e7in b\u0131\u00e7a\u011f\u0131n\u0131 d\u00f6nd\u00fcrerek \u00e7al\u0131\u015f\u0131r. <\/p>    <p>Saatte 3.000 kg'a kadar k\u00fct\u00fc\u011f\u00fc i\u015fleyebilir, bu da \u00fcretim s\u00fcrecindeki enerji t\u00fcketiminin 20%'ye kadar azalt\u0131lmas\u0131na yard\u0131mc\u0131 olur. \u0130ster mobilya imalat\u0131nda, ister levha \u00fcretiminde, ister in\u015faat malzemelerinin \u00f6n i\u015fleminde kullan\u0131ls\u0131n, \u00fcretim verimlili\u011finin artmas\u0131na katk\u0131da bulunur.<\/p>    <p>Bitmi\u015f tala\u015flar ayarlanabilir boyutlara sahiptir ve at, domuz, s\u0131\u011f\u0131r, koyun, tavuk, evcil hayvan vb. hayvanc\u0131l\u0131k ve \u00fcreme i\u00e7in yatakl\u0131k olarak kullan\u0131labilir. At yeti\u015ftirme end\u00fcstrisi, hayvanc\u0131l\u0131k veya hayvanc\u0131l\u0131k end\u00fcstrisi i\u00e7in \u00e7ok faydal\u0131d\u0131r. .<\/p>    <figure class=\"wp-block-embed aligncenter is-type-video is-provider-youtube wp-block-embed-youtube wp-embed-aspect-16-9 wp-has-aspect-ratio\"><div class=\"wp-block-embed__wrapper\"> <iframe loading=\"lazy\" title=\"At\u0131\u011f\u0131 Hazineye D\u00f6n\u00fc\u015ft\u00fcrmek: Y\u00fcksek Verimli Bir Tahta T\u0131ra\u015f Makinesinin Muhte\u015fem \u00c7al\u0131\u015fmas\u0131!\" width=\"500\" height=\"281\" src=\"https:\/\/www.youtube.com\/embed\/AT86gcX0xlU?feature=oembed\" frameborder=\"0\" allow=\"accelerometer; autoplay; clipboard-write; encrypted-media; gyroscope; picture-in-picture; web-share\" referrerpolicy=\"strict-origin-when-cross-origin\" allowfullscreen><\/iframe> <\/div><figcaption class=\"wp-element-caption\">Hayvan yataklar\u0131 i\u00e7in tala\u015flar\u0131n \u00e7al\u0131\u015fma videosu<\/figcaption><\/figure>    <h2 class=\"wp-block-heading\" id=\"h-brief-introduction-shavings-for-animal-bedding\">Hayvan yataklar\u0131 i\u00e7in \u00f6zelle\u015ftirilebilir makine tala\u015flar\u0131<\/h2>    <p>Shuliy'nin ah\u015fap tala\u015f makinesi farkl\u0131 modellerde mevcuttur. Daha fazla m\u00fc\u015fterinin ihtiya\u00e7lar\u0131n\u0131 kar\u015f\u0131layabiliriz. Ayr\u0131ca, m\u00fc\u015fterilerimizin \u00f6zel ihtiya\u00e7lar\u0131na g\u00f6re makineyi \u00f6zelle\u015ftirebiliriz. <\/p>    <p>\u00d6rne\u011fin, hayvan yataklar\u0131 i\u00e7in tala\u015flar\u0131n \u00e7er\u00e7evesini y\u00fckseltebilir ve m\u00fc\u015fterilerin makineyi hareket ettirmesini kolayla\u015ft\u0131rmak i\u00e7in iki b\u00fcy\u00fck tekerlek ekleyebiliriz. Farkl\u0131 kal\u0131nl\u0131klarda tala\u015flar elde etmek i\u00e7in b\u0131\u00e7a\u011f\u0131n derinli\u011fi gerekti\u011fi gibi ayarlanabilir. <\/p>    <p>G\u00fc\u00e7 a\u00e7\u0131s\u0131ndan, makine bir dizel motor ve bir elektrik motoruyla donat\u0131labilir. S\u0131kl\u0131kla ihracat yapt\u0131\u011f\u0131m\u0131z \u00fclkeler G\u00fcney Afrika ve \u00e7evresidir.<\/p>    <figure class=\"wp-block-gallery has-nested-images columns-2 is-cropped wp-block-gallery-2 is-layout-flex wp-block-gallery-is-layout-flex\"> <figure class=\"wp-block-image size-large\"><img loading=\"lazy\" decoding=\"async\" width=\"720\" height=\"540\" data-id=\"441\" src=\"https:\/\/hnwoodmachinery.com\/wp-content\/uploads\/2022\/09\/wood-shaving-machine-0.webp\" alt=\"hayvan yatakl\u0131\u011f\u0131 i\u00e7in tala\u015f\" class=\"wp-image-441\" title=\"hayvan yatakl\u0131\u011f\u0131 i\u00e7in tala\u015f\"\/><figcaption class=\"wp-element-caption\">Hayvan Yataklar\u0131 \u0130\u00e7in Tala\u015flar<\/figcaption><\/figure>    <figure class=\"wp-block-image size-large\"><img loading=\"lazy\" decoding=\"async\" width=\"720\" height=\"540\" data-id=\"442\" src=\"https:\/\/hnwoodmachinery.com\/wp-content\/uploads\/2022\/09\/wood-shaving-machine-for-animal-bedding-0.webp\" alt=\"Hayvan Yataklar\u0131 \u0130\u00e7in Ah\u015fap T\u0131ra\u015f Makinesi\" class=\"wp-image-442\" title=\"Hayvan Yataklar\u0131 \u0130\u00e7in Ah\u015fap T\u0131ra\u015f Makinesi\"\/><figcaption class=\"wp-element-caption\">Hayvan Yata\u011f\u0131 \u0130\u00e7in Ah\u015fap T\u0131ra\u015f Makinesi<\/figcaption><\/figure>    <figure class=\"wp-block-image size-large\"><img loading=\"lazy\" decoding=\"async\" width=\"720\" height=\"540\" data-id=\"1162\" src=\"https:\/\/hnwoodmachinery.com\/wp-content\/uploads\/2022\/07\/portable-wood-shaving-machine-.webp\" alt=\"ta\u015f\u0131nabilir ah\u015fap t\u0131ra\u015f makinesi\" class=\"wp-image-1162\" title=\"\" srcset=\"https:\/\/hnwoodmachinery.com\/wp-content\/uploads\/2022\/07\/portable-wood-shaving-machine-.webp 720w, https:\/\/hnwoodmachinery.com\/wp-content\/uploads\/2022\/07\/portable-wood-shaving-machine--300x225.webp 300w, https:\/\/hnwoodmachinery.com\/wp-content\/uploads\/2022\/07\/portable-wood-shaving-machine--16x12.webp 16w\" sizes=\"auto, (max-width: 720px) 100vw, 720px\" \/><figcaption class=\"wp-element-caption\">Ta\u015f\u0131nabilir Ah\u015fap T\u0131ra\u015f Makinesi<\/figcaption><\/figure>    <figure class=\"wp-block-image size-large\"><img loading=\"lazy\" decoding=\"async\" width=\"720\" height=\"540\" data-id=\"1161\" src=\"https:\/\/hnwoodmachinery.com\/wp-content\/uploads\/2022\/07\/diesel-wood-shaver-machine.webp\" alt=\"dizel ah\u015fap t\u0131ra\u015f makinesi\" class=\"wp-image-1161\" title=\"\" srcset=\"https:\/\/hnwoodmachinery.com\/wp-content\/uploads\/2022\/07\/diesel-wood-shaver-machine.webp 720w, https:\/\/hnwoodmachinery.com\/wp-content\/uploads\/2022\/07\/diesel-wood-shaver-machine-300x225.webp 300w, https:\/\/hnwoodmachinery.com\/wp-content\/uploads\/2022\/07\/diesel-wood-shaver-machine-16x12.webp 16w\" sizes=\"auto, (max-width: 720px) 100vw, 720px\" \/><figcaption class=\"wp-element-caption\">Dizel Ah\u015fap T\u0131ra\u015f Makinesi<\/figcaption><\/figure> <\/figure>    <p class=\"translation-block\">Yongalar yapmadan \u00f6nce, k\u00fct\u00fckleri <a href=\"https:\/\/hnwoodmachinery.com\/tr\/product\/log-debarker-machine\/\">k\u00fct\u00fck soyma makinemizle<\/a> \u00f6n i\u015flemden ge\u00e7irebilirsiniz.<\/p>    <h2 class=\"wp-block-heading\" id=\"h-application-scope-of-wood-shaving-machine\">Ah\u015fap t\u0131ra\u015f makinesinin uygulama kapsam\u0131<\/h2>    <p class=\"translation-block\"><strong>Hammadde:<\/strong> k\u00fct\u00fckler (soyulduktan sonra daha iyi), dallar vb.<\/p>    <p class=\"translation-block\"><strong>Bitmi\u015f \u00fcr\u00fcnlerin uygulamas\u0131<\/strong><\/p>    <ul class=\"wp-block-list\"> <li>Yonga levha (kontrplak) haline getirilerek, ka\u011f\u0131t fabrikalar\u0131nda odun hamuru ka\u011f\u0131d\u0131n\u0131n hammaddesi olarak, nakliye \u015firketlerinde ise k\u0131r\u0131labilir e\u015fya ta\u015f\u0131mac\u0131l\u0131\u011f\u0131nda dolgu olarak kullan\u0131labilmektedir. <\/li>    <li>Ayr\u0131ca k\u00fc\u00e7\u00fck \u00f6l\u00e7ekli domuz, s\u0131\u011f\u0131r, koyun ve \u00e7e\u015fitli hayvanlar\u0131n yuvalar\u0131nda dolgu olarak ve biyo-enerji olarak da kullan\u0131lmaktad\u0131r.<\/li>    <li>Bu makine, k\u00fc\u00e7\u00fck ve orta \u00f6l\u00e7ekli i\u015fletmelerin yan\u0131 s\u0131ra, yonga levha fabrikalar\u0131, levha yap\u0131m fabrikalar\u0131, ka\u011f\u0131t fabrikalar\u0131, biyo-enerji yak\u0131t\u0131, evcil hayvan yataklar\u0131, yatak yuvalar\u0131 i\u00e7in k\u00fcmes hayvan\u0131 yeti\u015ftiricili\u011fi ve lojistik a\u00e7\u0131dan hassas olan bireysel ah\u015fap i\u015fleyen haneler taraf\u0131ndan kullan\u0131lmaktad\u0131r. yatak tak\u0131m\u0131. <\/li>    <li>Ayr\u0131ca mantar ekimi ve yeti\u015ftirme tabanlar\u0131nda da kullan\u0131l\u0131r.<\/li> <\/ul>   <div class=\"wp-block-image\"> <figure class=\"aligncenter size-full\"><img loading=\"lazy\" decoding=\"async\" width=\"720\" height=\"540\" src=\"https:\/\/hnwoodmachinery.com\/wp-content\/uploads\/2022\/09\/applications-of-wood-shaving-machine-0.webp\" alt=\"ah\u015fap t\u0131ra\u015f makinesinin uygulamalar\u0131\" class=\"wp-image-444\" title=\"ah\u015fap t\u0131ra\u015f makinesinin uygulamalar\u0131\"\/><figcaption class=\"wp-element-caption\">ah\u015fap t\u0131ra\u015f makinesinin uygulamalar\u0131<\/figcaption><\/figure> <\/div>  <div class=\"wp-block-image\"> <figure class=\"aligncenter size-full\"><img loading=\"lazy\" decoding=\"async\" width=\"720\" height=\"540\" src=\"http:\/\/hnwoodmachinery.com\/wp-content\/uploads\/2022\/07\/wood-shavings-machine-application.webp\" alt=\"tala\u015f makineleri uygulamas\u0131\" class=\"wp-image-1067\" title=\"\" srcset=\"https:\/\/hnwoodmachinery.com\/wp-content\/uploads\/2022\/07\/wood-shavings-machine-application.webp 720w, https:\/\/hnwoodmachinery.com\/wp-content\/uploads\/2022\/07\/wood-shavings-machine-application-300x225.webp 300w, https:\/\/hnwoodmachinery.com\/wp-content\/uploads\/2022\/07\/wood-shavings-machine-application-16x12.webp 16w\" sizes=\"auto, (max-width: 720px) 100vw, 720px\" \/><figcaption class=\"wp-element-caption\">hayvan yataklar\u0131 i\u00e7in tala\u015flar<\/figcaption><\/figure> <\/div>   <h2 class=\"wp-block-heading\" id=\"h-technical-information-on-the-industrial-wood-shaving-machine\">End\u00fcstriyel ah\u015fap t\u0131ra\u015f makinesi hakk\u0131nda teknik bilgiler<\/h2>    <figure class=\"wp-block-table is-style-stripes\"><table><tbody><tr><td><strong>MODEL\u0130<\/strong><strong><\/strong><\/td><td><strong>KAPAS\u0130TE<\/strong><strong><\/strong><\/td><td><strong>G\u0130R\u0130\u015e BOYUTU<\/strong><strong><\/strong><\/td><td><strong>G\u00dc\u00c7<\/strong><strong><\/strong><\/td><\/tr><tr><td>SL-420<\/td><td>300kg\/saat<\/td><td>6cm<\/td><td>7,5 kW<\/td><\/tr><tr><td>SL-600<\/td><td>500kg\/saat<\/td><td>12cm<\/td><td>15kw<\/td><\/tr><tr><td>SL-800<\/td><td>1000kg\/saat<\/td><td>16cm<\/td><td>30kw<\/td><\/tr><tr><td>SL-1000<\/td><td>1500kg\/saat<\/td><td>20cm<\/td><td>55kw<\/td><\/tr><tr><td>SL-1200<\/td><td>2000kg\/saat<\/td><td>24cm<\/td><td>55kw<\/td><\/tr><tr><td>SL-1500<\/td><td>2500kg\/saat<\/td><td>32cm<\/td><td>75kw<\/td><\/tr><\/tbody><\/table><figcaption class=\"wp-element-caption\">hayvan yataklar\u0131 i\u00e7in tala\u015f parametreleri<\/figcaption><\/figure>    <h2 class=\"wp-block-heading\" id=\"h-structure-of-pine-wood-shaving-machine\">\u00c7am tala\u015f\u0131 yapma makinesinin yap\u0131s\u0131<\/h2>    <p>\u00c7am tala\u015f\u0131 makinesi esas olarak \u00e7er\u00e7eve, besleme giri\u015fi, b\u0131\u00e7ak plakas\u0131, b\u0131\u00e7ak, ekran, bo\u015faltma portu vb. bile\u015fenlerden olu\u015fur. Genellikle, tala\u015f makinesinin k\u00fc\u00e7\u00fck boyutu ayr\u0131ca, \u00e7al\u0131\u015f\u0131rken makine taraf\u0131ndan \u00fcretilen tozu yo\u011funla\u015ft\u0131rabilen Shakelong ile birlikte gelir. M\u00fc\u015fterinin taleplerine g\u00f6re \u00e7er\u00e7eveyi y\u00fckseltebilir ve tekerlekleri monte edebiliriz.<\/p>    <h2 class=\"wp-block-heading\" id=\"h-how-does-the-animal-bedding-machine-work\">Ah\u015fap k\u00fct\u00fck t\u0131ra\u015f makinesi nas\u0131l \u00e7al\u0131\u015f\u0131r?<\/h2>   <div id=\"rank-math-howto\" class=\"rank-math-block\" > <div class=\"rank-math-howto-description\">  <\/div>  <div class=\"rank-math-steps\"> <div id=\"howto-step-1717403657746\" class=\"rank-math-step\"> <div class=\"rank-math-step-content\"><p>Hammadde besleme portuna girdikten sonra y\u00fcksek h\u0131zl\u0131 d\u00f6nen \u00e7ekicin etkisiyle ezilecektir. Kesme b\u0131\u00e7a\u011f\u0131 daha sonra onu k\u0131rma odas\u0131na kesecektir.<\/p> <\/div> <\/div> <div id=\"howto-step-1717403675893\" class=\"rank-math-step\"> <div class=\"rank-math-step-content\"><p>Daha sonra yerle\u015fik r\u00fczgar b\u0131\u00e7a\u011f\u0131 taraf\u0131ndan \u00fcretilen r\u00fczgar, elek arac\u0131l\u0131\u011f\u0131yla malzeme \u00e7\u0131k\u0131\u015f\u0131na g\u00f6nderilecek veya r\u00fczgar\u0131 malzeme \u00e7\u0131k\u0131\u015f\u0131na pompalamak i\u00e7in harici bir fan kullan\u0131lacakt\u0131r.<\/p> <\/div> <\/div> <div id=\"howto-step-1717403683686\" class=\"rank-math-step\"> <div class=\"rank-math-step-content\"><p>Tala\u015f boyutu, b\u0131\u00e7ak uzunlu\u011funun ve elek a\u00e7\u0131kl\u0131\u011f\u0131n\u0131n boyutunun \u00e7e\u015fitli ihtiya\u00e7lar\u0131 kar\u015f\u0131layacak \u015fekilde ayarlanmas\u0131yla belirlenir.<\/p> <\/div> <\/div> <\/div> <\/div>       <figure class=\"wp-block-embed aligncenter is-type-video is-provider-youtube wp-block-embed-youtube wp-embed-aspect-16-9 wp-has-aspect-ratio\"><div class=\"wp-block-embed__wrapper\"> <iframe loading=\"lazy\" title=\"S\u0131cak sat\u0131\u015f ah\u015fap t\u0131ra\u015f makinesi sat\u0131l\u0131k! ta\u015f\u0131nabilir ah\u015fap t\u0131ra\u015f makinesi\u4e28disk ah\u015fap t\u0131ra\u015f makinesi\" width=\"500\" height=\"281\" src=\"https:\/\/www.youtube.com\/embed\/Ioj-kvQLih4?start=1&#038;feature=oembed\" frameborder=\"0\" allow=\"accelerometer; autoplay; clipboard-write; encrypted-media; gyroscope; picture-in-picture; web-share\" referrerpolicy=\"strict-origin-when-cross-origin\" allowfullscreen><\/iframe> <\/div><figcaption class=\"wp-element-caption\">odun t\u0131ra\u015f makinesi nas\u0131l \u00e7al\u0131\u015f\u0131r<\/figcaption><\/figure>    <h2 class=\"wp-block-heading\" id=\"h-disk-wood-shaving-machine-s-knife-and-blade\">Disk ah\u015fap tala\u015f makinesinin b\u0131\u00e7a\u011f\u0131 ve b\u0131\u00e7a\u011f\u0131<\/h2>    <ul class=\"wp-block-list\"> <li>Tala\u015f sistemi, makinenin b\u0131\u00e7ak plakas\u0131 ve b\u0131\u00e7a\u011f\u0131 i\u00e7eren en \u00f6nemli par\u00e7as\u0131d\u0131r.<\/li>    <li>\u00dcretti\u011fimiz kesici disk ve b\u0131\u00e7ak, y\u00fcksek kaliteli malzemeden yap\u0131lm\u0131\u015f, g\u00fc\u00e7l\u00fc ve dayan\u0131kl\u0131, keskin ve iyi bir t\u0131ra\u015f etkisi sa\u011flar.<\/li>    <li>Ayr\u0131ca b\u0131\u00e7ak say\u0131s\u0131 modelden modele de\u011fi\u015fiklik g\u00f6stermekte olup d\u00f6rt b\u0131\u00e7akl\u0131 ve sekiz b\u0131\u00e7akl\u0131 se\u00e7enekler mevcuttur.<\/li>    <li>B\u0131\u00e7a\u011f\u0131n e\u011fimi tala\u015f kal\u0131nl\u0131\u011f\u0131n\u0131 kontrol edecek \u015fekilde ayarlanabilir.<\/li> <\/ul>    <figure class=\"wp-block-gallery has-nested-images columns-default is-cropped wp-block-gallery-3 is-layout-flex wp-block-gallery-is-layout-flex\"> <figure class=\"wp-block-image size-large\"><img loading=\"lazy\" decoding=\"async\" width=\"720\" height=\"540\" data-id=\"448\" src=\"https:\/\/hnwoodmachinery.com\/wp-content\/uploads\/2022\/09\/blade.webp\" alt=\"b\u0131\u00e7ak\" class=\"wp-image-448\" title=\"b\u0131\u00e7ak\"\/><figcaption class=\"wp-element-caption\">B\u0131\u00e7ak<\/figcaption><\/figure>    <figure class=\"wp-block-image size-large\"><img loading=\"lazy\" decoding=\"async\" width=\"720\" height=\"540\" data-id=\"449\" src=\"https:\/\/hnwoodmachinery.com\/wp-content\/uploads\/2022\/09\/cutter-.webp\" alt=\"kesici \" class=\"wp-image-449\" title=\"kesici \"\/><figcaption class=\"wp-element-caption\">Kesici <\/figcaption><\/figure> <\/figure>    <h2 class=\"wp-block-heading\" id=\"h-highlights-of-the-commercial-wood-shaving-machine\">Ticari ah\u015fap t\u0131ra\u015f fabrikas\u0131n\u0131n \u00f6ne \u00e7\u0131kan \u00f6zellikleri<\/h2>    <ul class=\"wp-block-list\"> <li>Ticari ah\u015fap t\u0131ra\u015f makinesinin makul bir d\u00fczeni, kolay kurulumu, rahat kullan\u0131m\u0131 ve bak\u0131m\u0131 vard\u0131r.<\/li>    <li>G\u00fcvenli, dayan\u0131kl\u0131 b\u0131\u00e7aklar ve d\u00fc\u015f\u00fck g\u00fcr\u00fclt\u00fc.<\/li>    <li>Y\u00fcksek manganl\u0131 \u00e7elikten yap\u0131lm\u0131\u015f makul tasar\u0131m, kompakt yap\u0131.<\/li>    <li>Yaln\u0131zca tek bir motorla \u00e7al\u0131\u015ft\u0131r\u0131ld\u0131\u011f\u0131ndan y\u00fcksek verimlili\u011fe ve y\u00fcksek maliyet performans\u0131na sahiptir.<\/li>    <li>Hayvan yataklar\u0131na y\u00f6nelik tala\u015flar y\u00fcksek bir \u00fcretim h\u0131z\u0131na sahip olup, zamandan ve insan g\u00fcc\u00fcnden b\u00fcy\u00fck oranda tasarruf sa\u011flar.<\/li>    <li>\u00dcretilen bitmi\u015f tala\u015flar ince, yumu\u015fak ve doku bak\u0131m\u0131ndan iyidir.<\/li>    <li>Tahta ile b\u0131\u00e7ak aras\u0131ndaki temas bas\u0131nc\u0131 sabit kal\u0131r ve ah\u015fab\u0131n ileri geri hareket h\u0131z\u0131 da sabit kalarak e\u015fit kal\u0131nl\u0131kta tala\u015flar \u00fcretir.<\/li> <\/ul>   <div class=\"wp-block-image\"> <figure class=\"aligncenter size-full\"><img loading=\"lazy\" decoding=\"async\" width=\"720\" height=\"540\" src=\"https:\/\/hnwoodmachinery.com\/wp-content\/uploads\/2022\/09\/commercial-wood-shaving-machines-0.webp\" alt=\"ticari ah\u015fap t\u0131ra\u015f makineleri\" class=\"wp-image-446\" title=\"ticari ah\u015fap t\u0131ra\u015f makineleri\"\/><figcaption class=\"wp-element-caption\">ticari ah\u015fap t\u0131ra\u015f makineleri<\/figcaption><\/figure> <\/div>   <h2 class=\"wp-block-heading\" id=\"h-successful-case\">Ba\u015far\u0131l\u0131 vaka<\/h2>    <p class=\"translation-block\">M\u00fc\u015fteri <a href=\"https:\/\/en.wikipedia.org\/wiki\/Abkhazia\" target=\"_blank\" rel=\"noopener\">Abkhazya<\/a>'dan ve bir kereste fabrikas\u0131n\u0131n sat\u0131n alma m\u00fcd\u00fcr\u00fcd\u00fcr. YouTube videomuzu izledikten sonra bizimle ileti\u015fime ge\u00e7ti. \u0130leti\u015fim yoluyla m\u00fc\u015fteri, hayvan altl\u0131\u011f\u0131 i\u00e7in daha b\u00fcy\u00fck bir yonga t\u00fcr\u00fcne olan ihtiyac\u0131n\u0131 dile getirdi. <\/p>    <p>Sat\u0131\u015f y\u00f6neticimiz m\u00fc\u015fteriye daha b\u00fcy\u00fck ah\u015fap t\u0131ra\u015f makinesinin resimlerini, videolar\u0131n\u0131 ve parametrelerini sa\u011flad\u0131. Son olarak m\u00fc\u015fteri 1000kg\/saat kapasiteli SL-800 modelini tercih etti. Bundan sonra derhal makinenin PI'sini sa\u011flad\u0131k. M\u00fc\u015fteri memnun kald\u0131 ve t\u0131ra\u015f makinesini g\u00f6rd\u00fckten sonra sipari\u015f verdi.<\/p>    <figure class=\"wp-block-gallery has-nested-images columns-default is-cropped wp-block-gallery-4 is-layout-flex wp-block-gallery-is-layout-flex\"> <figure class=\"wp-block-image size-large\"><img loading=\"lazy\" decoding=\"async\" width=\"720\" height=\"540\" data-id=\"450\" src=\"https:\/\/hnwoodmachinery.com\/wp-content\/uploads\/2022\/09\/shipping-of-the-portable-wood-shaving-machine-0.webp\" alt=\"ta\u015f\u0131nabilir ah\u015fap tala\u015f makinesinin g\u00f6nderimi\" class=\"wp-image-450\" title=\"ta\u015f\u0131nabilir ah\u015fap tala\u015f makinesinin g\u00f6nderimi\"\/><figcaption class=\"wp-element-caption\">Ta\u015f\u0131nabilir Ah\u015fap T\u0131ra\u015f Makinesinin Nakliyesi<\/figcaption><\/figure>    <figure class=\"wp-block-image size-large\"><img loading=\"lazy\" decoding=\"async\" width=\"720\" height=\"540\" data-id=\"451\" src=\"https:\/\/hnwoodmachinery.com\/wp-content\/uploads\/2022\/09\/wooden-case-packing-of-wood-shaving-machine-0.webp\" alt=\"ah\u015fap tala\u015f makinesi i\u00e7in ah\u015fap kutu ambalaj\u0131\" class=\"wp-image-451\" title=\"ah\u015fap tala\u015f makinesi i\u00e7in ah\u015fap kutu ambalaj\u0131\"\/><figcaption class=\"wp-element-caption\">Ah\u015fap T\u0131ra\u015f Makinesi Ah\u015fap Sand\u0131k Ambalaj\u0131<\/figcaption><\/figure> <\/figure>    <h2 class=\"wp-block-heading\">Hizmetimiz<\/h2>    <p>Bir dizi yedek par\u00e7a ve ambalaj sa\u011fl\u0131yoruz. T\u00fcm makineler sevkiyattan \u00f6nce test edilir. Ayr\u0131ca makineler standart ihracat ah\u015fap kutularda paketlenmekte olup, uzun vadeli ortak nakliye firmam\u0131z bunlar\u0131 zaman\u0131nda ve g\u00fcvenli bir \u015fekilde g\u00f6nderecektir.<\/p>    <p>Sat\u0131\u015f sonras\u0131 hizmet i\u00e7in bir y\u0131l garanti s\u00fcresi veriyoruz, yedek par\u00e7ay\u0131 bizden sat\u0131n alabilirsiniz. Ayn\u0131 zamanda profesyonel dan\u0131\u015fmanl\u0131k ve sorun \u00e7\u00f6z\u00fcmleri de sunabiliyoruz.<\/p>","protected":false},"excerpt":{"rendered":"<p>Hayvan yataklar\u0131na y\u00f6nelik tala\u015flar, a\u011fa\u00e7 par\u00e7alar\u0131n\u0131 i\u015fleyerek e\u015fit kal\u0131nl\u0131kta ince tala\u015flara d\u00f6n\u00fc\u015ft\u00fcrebilir. Hayvan kul\u00fcbesi yataklar\u0131, paneller, mobilyalar ve di\u011fer end\u00fcstrilerde yayg\u0131n olarak kullan\u0131lmaktad\u0131r.<\/p>","protected":false},"author":1,"featured_media":439,"parent":0,"template":"","tags":[38,35],"product-type":[8],"class_list":["post-30","product","type-product","status-publish","has-post-thumbnail","hentry","tag-shavings","tag-wood","product-type-wood-shaving-machine"],"_links":{"self":[{"href":"https:\/\/hnwoodmachinery.com\/tr\/wp-json\/wp\/v2\/product\/30","targetHints":{"allow":["GET"]}}],"collection":[{"href":"https:\/\/hnwoodmachinery.com\/tr\/wp-json\/wp\/v2\/product"}],"about":[{"href":"https:\/\/hnwoodmachinery.com\/tr\/wp-json\/wp\/v2\/types\/product"}],"author":[{"embeddable":true,"href":"https:\/\/hnwoodmachinery.com\/tr\/wp-json\/wp\/v2\/users\/1"}],"wp:featuredmedia":[{"embeddable":true,"href":"https:\/\/hnwoodmachinery.com\/tr\/wp-json\/wp\/v2\/media\/439"}],"wp:attachment":[{"href":"https:\/\/hnwoodmachinery.com\/tr\/wp-json\/wp\/v2\/media?parent=30"}],"wp:term":[{"taxonomy":"post_tag","embeddable":true,"href":"https:\/\/hnwoodmachinery.com\/tr\/wp-json\/wp\/v2\/tags?post=30"},{"taxonomy":"product-type","embeddable":true,"href":"https:\/\/hnwoodmachinery.com\/tr\/wp-json\/wp\/v2\/product-type?post=30"}],"curies":[{"name":"wp","href":"https:\/\/api.w.org\/{rel}","templated":true}]}}