{"id":28,"date":"2022-07-18T03:46:28","date_gmt":"2022-07-18T03:46:28","guid":{"rendered":"https:\/\/hnwoodmachinery.com\/?post_type=product&#038;p=28"},"modified":"2024-09-26T18:32:42","modified_gmt":"2024-09-26T10:32:42","slug":"wood-shredder-machine","status":"publish","type":"product","link":"https:\/\/hnwoodmachinery.com\/tr\/product\/wood-shredder-machine\/","title":{"rendered":"Tala\u015f Yap\u0131m\u0131 \u0130\u00e7in Ah\u015fap Par\u00e7alay\u0131c\u0131 Makinesi"},"content":{"rendered":"<div class=\"kk-star-ratings kksr-auto kksr-align-left kksr-valign-top\"     data-payload='{&quot;align&quot;:&quot;left&quot;,&quot;id&quot;:&quot;28&quot;,&quot;slug&quot;:&quot;default&quot;,&quot;valign&quot;:&quot;top&quot;,&quot;ignore&quot;:&quot;&quot;,&quot;reference&quot;:&quot;auto&quot;,&quot;class&quot;:&quot;&quot;,&quot;count&quot;:&quot;92&quot;,&quot;legendonly&quot;:&quot;&quot;,&quot;readonly&quot;:&quot;&quot;,&quot;score&quot;:&quot;4.8&quot;,&quot;starsonly&quot;:&quot;&quot;,&quot;best&quot;:&quot;5&quot;,&quot;gap&quot;:&quot;5&quot;,&quot;greet&quot;:&quot;Rate this product&quot;,&quot;legend&quot;:&quot;4.8\\\/5 - (92 votes)&quot;,&quot;size&quot;:&quot;24&quot;,&quot;title&quot;:&quot;Wood Shredder Machine For Sawdust Making&quot;,&quot;width&quot;:&quot;136.7&quot;,&quot;_legend&quot;:&quot;{score}\\\/{best} - ({count} {votes})&quot;,&quot;font_factor&quot;:&quot;1.25&quot;}'>              <div class=\"kksr-stars\">      <div class=\"kksr-stars-inactive\">             <div class=\"kksr-star\" data-star=\"1\" style=\"padding-right: 5px\">               <div class=\"kksr-icon\" style=\"width: 24px; height: 24px;\"><\/div>         <\/div>             <div class=\"kksr-star\" data-star=\"2\" style=\"padding-right: 5px\">               <div class=\"kksr-icon\" style=\"width: 24px; height: 24px;\"><\/div>         <\/div>             <div class=\"kksr-star\" data-star=\"3\" style=\"padding-right: 5px\">               <div class=\"kksr-icon\" style=\"width: 24px; height: 24px;\"><\/div>         <\/div>             <div class=\"kksr-star\" data-star=\"4\" style=\"padding-right: 5px\">               <div class=\"kksr-icon\" style=\"width: 24px; height: 24px;\"><\/div>         <\/div>             <div class=\"kksr-star\" data-star=\"5\" style=\"padding-right: 5px\">               <div class=\"kksr-icon\" style=\"width: 24px; height: 24px;\"><\/div>         <\/div>     <\/div>      <div class=\"kksr-stars-active\" style=\"width: 136.7px;\">             <div class=\"kksr-star\" style=\"padding-right: 5px\">               <div class=\"kksr-icon\" style=\"width: 24px; height: 24px;\"><\/div>         <\/div>             <div class=\"kksr-star\" style=\"padding-right: 5px\">               <div class=\"kksr-icon\" style=\"width: 24px; height: 24px;\"><\/div>         <\/div>             <div class=\"kksr-star\" style=\"padding-right: 5px\">               <div class=\"kksr-icon\" style=\"width: 24px; height: 24px;\"><\/div>         <\/div>             <div class=\"kksr-star\" style=\"padding-right: 5px\">               <div class=\"kksr-icon\" style=\"width: 24px; height: 24px;\"><\/div>         <\/div>             <div class=\"kksr-star\" style=\"padding-right: 5px\">               <div class=\"kksr-icon\" style=\"width: 24px; height: 24px;\"><\/div>         <\/div>     <\/div> <\/div>                   <div class=\"kksr-legend\" style=\"font-size: 19.2px;\">             4.8\/5 - (92 oy)    <\/div>     <\/div>  <p>Odun par\u00e7alama makinesi, ah\u015fab\u0131 verimli bir \u015fekilde tala\u015f veya tala\u015fa d\u00f6n\u00fc\u015ft\u00fcr\u00fcr. Bu \u00fcr\u00fcn serisi darbe, kesme, kar\u015f\u0131l\u0131kl\u0131 etki ve ta\u015flama prensipleri kullan\u0131larak tasarlanm\u0131\u015ft\u0131r. Saatte maksimum 4 tona kadar \u00e7\u0131kt\u0131 elde edebilir. <\/p>    <p>Ba\u015flang\u0131\u00e7ta makine, etkili bir i\u015fleme sa\u011flamak i\u00e7in ince bir \u015fekilde ezmeden \u00f6nce b\u00fcy\u00fck ah\u015fap par\u00e7alar\u0131n\u0131 keser. Bu y\u00f6ntem, odun at\u0131klar\u0131n\u0131n hacmini \u00f6nemli \u00f6l\u00e7\u00fcde azaltarak bunlar\u0131n odun peletleri halinde i\u015flenmesine veya kojenerasyon veya at\u0131k ar\u0131tma tesislerinde yak\u0131t olarak kullan\u0131lmas\u0131na olanak tan\u0131r.<\/p>    <figure class=\"wp-block-embed aligncenter is-type-video is-provider-youtube wp-block-embed-youtube wp-embed-aspect-16-9 wp-has-aspect-ratio\"><div class=\"wp-block-embed__wrapper\"> <iframe loading=\"lazy\" title=\"Ah\u015fap K\u0131r\u0131c\u0131: Y\u00fcksek Verimli K\u0131rma, Ah\u015fap At\u0131klarla Kolayca Ba\u015fa \u00c7\u0131kman\u0131za Yard\u0131mc\u0131 Olur!#wood #woodcrusher\" width=\"500\" height=\"281\" src=\"https:\/\/www.youtube.com\/embed\/AaxrdfNcGS0?feature=oembed\" frameborder=\"0\" allow=\"accelerometer; autoplay; clipboard-write; encrypted-media; gyroscope; picture-in-picture; web-share\" referrerpolicy=\"strict-origin-when-cross-origin\" allowfullscreen><\/iframe> <\/div><figcaption class=\"wp-element-caption\">ta\u015f\u0131nabilir bir a\u011fa\u00e7 par\u00e7alay\u0131c\u0131n\u0131n \u00e7al\u0131\u015fma videosu<\/figcaption><\/figure>    <p>A\u011fa\u00e7 par\u00e7alama makinesi serisinde \u00e7o\u011fu kullan\u0131c\u0131n\u0131n ihtiya\u00e7lar\u0131n\u0131 kar\u015f\u0131layabilecek be\u015f model bulunmaktad\u0131r. G\u00fc\u00e7 a\u00e7\u0131s\u0131ndan odun k\u0131r\u0131c\u0131, elektrik motoru veya dizel jenerat\u00f6r kullan\u0131larak \u00e7al\u0131\u015fabilir. Ayr\u0131ca farkl\u0131 inceliklerde tala\u015f \u00fcretmek i\u00e7in farkl\u0131 boyutlarda elekler de sunuyoruz. <\/p>    <p class=\"translation-block\">Odun par\u00e7alama makinesi, \u00e7eki\u00e7li yonga k\u0131r\u0131c\u0131ya ve <a href=\"https:\/\/hnwoodmachinery.com\/tr\/product\/wood-chips-making-machine\/\">ah\u015fap tala\u015f makinesine<\/a> benzemektedir. Bu nedenle, m\u00fc\u015fterilerimizin ihtiya\u00e7lar\u0131na en uygun makineyi \u00f6nerece\u011fiz. Herhangi bir sorunuz olursa l\u00fctfen bizimle ileti\u015fime ge\u00e7mekten \u00e7ekinmeyin.<\/p>    <figure class=\"wp-block-gallery has-nested-images columns-default is-cropped wp-block-gallery-2 is-layout-flex wp-block-gallery-is-layout-flex\"> <figure class=\"wp-block-image size-large\"><img loading=\"lazy\" decoding=\"async\" width=\"720\" height=\"540\" data-id=\"489\" src=\"https:\/\/hnwoodmachinery.com\/wp-content\/uploads\/2022\/09\/wood-crusher-machine-.webp\" alt=\"odun k\u0131rma makinesi\" class=\"wp-image-489\" title=\"odun k\u0131rma makinesi\"\/><figcaption class=\"wp-element-caption\">A\u011fa\u00e7 K\u0131rma Makinas\u0131<\/figcaption><\/figure>    <figure class=\"wp-block-image size-large\"><img loading=\"lazy\" decoding=\"async\" width=\"720\" height=\"540\" data-id=\"490\" src=\"https:\/\/hnwoodmachinery.com\/wp-content\/uploads\/2022\/09\/wood-shredder-machine-.webp\" alt=\"odun par\u00e7alay\u0131c\u0131 makine\" class=\"wp-image-490\" title=\"odun par\u00e7alay\u0131c\u0131 makine\"\/><figcaption class=\"wp-element-caption\">A\u011fa\u00e7 Par\u00e7alama Makinas\u0131<\/figcaption><\/figure> <\/figure>    <h2 class=\"wp-block-heading\">Tala\u015f yapma makinemizin \u00f6zellikleri<\/h2>    <ol class=\"wp-block-list\"> <li>D\u00fc\u015f\u00fcnceli tasar\u0131m, k\u0131rma verimlili\u011fini geleneksel modellere g\u00f6re 50% art\u0131r\u0131r. <\/li>    <li>400 ila 2000 kg\/saat aras\u0131nda de\u011fi\u015fen y\u00fcksek \u00fcretim kapasitesiyle g\u00f6rsel a\u00e7\u0131dan \u00e7ekici. <\/li>    <li>Tek bir motorla \u00e7al\u0131\u015ft\u0131r\u0131ld\u0131\u011f\u0131ndan enerji tasarrufu ve daha d\u00fc\u015f\u00fck maliyetler sunar. <\/li>    <li>Ezilmi\u015f malzemeler pelet veya briket i\u015flemeye uygundur.<\/li> <\/ol>    <h2 class=\"wp-block-heading\">A\u011fa\u00e7 par\u00e7alama makinesinin geni\u015f uygulamas\u0131<\/h2>    <p>Odun k\u0131r\u0131c\u0131, k\u00fct\u00fckler, dallar, at\u0131k tahtalar ve in\u015faat art\u0131klar\u0131 dahil olmak \u00fczere \u00e7e\u015fitli malzemeleri verimli bir \u015fekilde par\u00e7alama kapasitesine sahiptir. Her t\u00fcr ve boyuttaki ah\u015fab\u0131 i\u015fleyebilir; bu da onu kereste, i\u015flenmemi\u015f ah\u015fab\u0131n, paletlerin, kap\u0131lar\u0131n, \u00e7\u0131talar\u0131n, \u00e7er\u00e7evelerin ve daha fazlas\u0131n\u0131n ta\u015flanmas\u0131 i\u00e7in m\u00fckemmel k\u0131lar.<\/p>    <h2 class=\"wp-block-heading\" id=\"h-structure-of-wood-crusher-machine\">A\u011fa\u00e7 k\u0131rma makinesinin yap\u0131s\u0131<\/h2>    <p>A\u011fa\u00e7 k\u0131rma makinesi \u00f6ncelikle a\u015fa\u011f\u0131daki bile\u015fenlerden olu\u015fur: makine taban\u0131, besleme portu, b\u0131\u00e7ak plakas\u0131, b\u0131\u00e7ak, \u00e7eki\u00e7 b\u0131\u00e7a\u011f\u0131, makine kabu\u011fu ve elektrik kontrol kabini.<\/p>   <div class=\"wp-block-image\"> <figure class=\"aligncenter size-full\"><img loading=\"lazy\" decoding=\"async\" width=\"720\" height=\"540\" src=\"https:\/\/hnwoodmachinery.com\/wp-content\/uploads\/2022\/09\/sawdust-making-machines-structure-.webp\" alt=\"tahta tala\u015f\u0131 yapma makinesinin yap\u0131s\u0131\" class=\"wp-image-491\" title=\"tahta tala\u015f\u0131 yapma makinesinin yap\u0131s\u0131\"\/><figcaption class=\"wp-element-caption\">tahta tala\u015f\u0131 yapma makinesinin yap\u0131s\u0131<\/figcaption><\/figure> <\/div>   <p>Farkl\u0131 elekler, farkl\u0131 boyutlarda a\u011fa\u00e7 tala\u015flar\u0131 olu\u015fturabilir. Tala\u015f yapma makinesi \u00e7al\u0131\u015ft\u0131\u011f\u0131nda k\u0131rma odas\u0131ndaki malzeme verimli bir \u015fekilde ince bir \u015fekilde k\u0131r\u0131l\u0131r. \u0130htiya\u00e7lar\u0131n\u0131za g\u00f6re do\u011fru ekran boyutunu se\u00e7ebilirsiniz.<\/p>    <p>Ek olarak, a\u011fa\u00e7 par\u00e7alama makinesi y\u00fcksek \u00e7\u0131k\u0131\u015f g\u00fcc\u00fcne, d\u00fc\u015f\u00fck enerji t\u00fcketimine sahiptir ve ince, tekd\u00fcze par\u00e7ac\u0131klar \u00fcretir. \u00dcstelik bu ekipman, d\u00fc\u015f\u00fck g\u00fcr\u00fclt\u00fc, minimum toz, kirlilik olmamas\u0131, basit \u00e7al\u0131\u015fma, d\u00fc\u015f\u00fck bak\u0131m maliyetleri ve kullan\u0131m kolayl\u0131\u011f\u0131 ile karakterize edilir.<\/p>    <figure class=\"wp-block-gallery has-nested-images columns-default is-cropped wp-block-gallery-3 is-layout-flex wp-block-gallery-is-layout-flex\"> <figure class=\"wp-block-image size-large\"><img loading=\"lazy\" decoding=\"async\" width=\"720\" height=\"540\" data-id=\"493\" src=\"https:\/\/hnwoodmachinery.com\/wp-content\/uploads\/2022\/09\/wood-shredder-machines-hammer-0.webp\" alt=\"ah\u015fap par\u00e7alay\u0131c\u0131 makinenin \u00e7eki\u00e7i\" class=\"wp-image-493\" title=\"ah\u015fap par\u00e7alay\u0131c\u0131 makinenin \u00e7eki\u00e7i\"\/><figcaption class=\"wp-element-caption\">Ah\u015fap Par\u00e7alay\u0131c\u0131 Makine'nin \u00c7eki\u00e7leri<\/figcaption><\/figure>    <figure class=\"wp-block-image size-large\"><img loading=\"lazy\" decoding=\"async\" width=\"720\" height=\"540\" data-id=\"492\" src=\"https:\/\/hnwoodmachinery.com\/wp-content\/uploads\/2022\/09\/screen-.webp\" alt=\"par\u00e7alay\u0131c\u0131 makinenin ekran\u0131\" class=\"wp-image-492\" title=\"\"><figcaption class=\"wp-element-caption\">Par\u00e7alay\u0131c\u0131 Makinesi Ekran\u0131<\/figcaption><\/figure> <\/figure>    <h2 class=\"wp-block-heading\" id=\"h-usage-of-the-pallet-wood-shredder\">Bitmi\u015f \u00fcr\u00fcnlerin sergilenmesi ve kullan\u0131lmas\u0131<\/h2>    <p>Bir a\u011fa\u00e7 k\u0131r\u0131c\u0131 taraf\u0131ndan i\u015flenebilecek hammaddeler \u00e7e\u015fitlidir ancak standart boyut gereklilikleri vard\u0131r. Genel olarak \u00e7ap\u0131 70mm'den 250mm'ye kadar olan a\u011fa\u00e7 dallar\u0131n\u0131 ve g\u00f6vdelerini k\u0131rabilir. Ortaya \u00e7\u0131kan ezilmi\u015f malzemeler yakla\u015f\u0131k 3-5 mm \u00e7ap\u0131nda par\u00e7ac\u0131klard\u0131r.<\/p>    <p class=\"translation-block\">Odun par\u00e7alama makinesi, <a href=\"https:\/\/en.wikipedia.org\/wiki\/Hardwood\" target=\"_blank\" rel=\"noopener\">sert a\u011fa\u00e7<\/a>, yumu\u015fak a\u011fa\u00e7, yonga levha, kontrplak ve kanepe ile ah\u015fap dolap gibi at\u0131k malzemeler dahil olmak \u00fczere \u00e7e\u015fitli ah\u015fap k\u0131rma ve geri d\u00f6n\u00fc\u015f\u00fcm g\u00f6revleri i\u00e7in tasarlanm\u0131\u015ft\u0131r. <\/p>    <p>Ayr\u0131ca bambu tala\u015flar\u0131n\u0131, sazlar\u0131, m\u0131s\u0131r saplar\u0131n\u0131, sorgum saplar\u0131n\u0131 ve di\u011fer lifli malzemeleri i\u015fleyebilir. Ayr\u0131ca yonga levhalar, tala\u015fl\u0131 levhalar ve y\u00fcksek yo\u011funluklu levhalar i\u00e7in hammadde \u00fcretimine de uygundur.<\/p>   <div class=\"wp-block-image\"> <figure class=\"aligncenter size-full\"><img loading=\"lazy\" decoding=\"async\" width=\"720\" height=\"540\" src=\"https:\/\/hnwoodmachinery.com\/wp-content\/uploads\/2022\/09\/wood-crushers-finished-wood-sawdust-.webp\" alt=\"ah\u015fap k\u0131r\u0131c\u0131dan \u00e7\u0131kan ah\u015fap tala\u015f\u0131\" class=\"wp-image-495\" title=\"ah\u015fap k\u0131r\u0131c\u0131dan \u00e7\u0131kan ah\u015fap tala\u015f\u0131\"\/><figcaption class=\"wp-element-caption\">ah\u015fap k\u0131r\u0131c\u0131dan \u00e7\u0131kan tala\u015f<\/figcaption><\/figure> <\/div>   <h2 class=\"wp-block-heading\" id=\"h-working-principle-of-the-industrial-wood-crusher\">End\u00fcstriyel a\u011fa\u00e7 k\u0131r\u0131c\u0131 \u00e7al\u0131\u015fma prensibi<\/h2>    <p>Ah\u015fap giri\u015f yoluyla tan\u0131t\u0131l\u0131r. B\u0131\u00e7aklar malzemeyi kesip ezdik\u00e7e rotor, b\u0131\u00e7aklarla ayn\u0131 y\u00f6nde hareket eden y\u00fcksek h\u0131zl\u0131 bir hava ak\u0131\u015f\u0131 yarat\u0131r. Bu hava ak\u0131\u015f\u0131 malzemeyi h\u0131zland\u0131rarak malzemenin defalarca darbe almas\u0131na ve daha iyi bir \u015fekilde ezilmesine neden olur. <\/p>    <p>Ayn\u0131 zamanda bu i\u015flem malzemenin ezilme oran\u0131n\u0131 da artt\u0131r\u0131r. Sonu\u00e7ta ortaya \u00e7\u0131kan tala\u015flar, r\u00fczgar b\u0131\u00e7a\u011f\u0131n\u0131n k\u0131rma b\u0131\u00e7a\u011f\u0131 plakas\u0131 \u00fczerinde \u00fcretti\u011fi y\u00fcksek h\u0131zl\u0131 buhar ak\u0131\u015f\u0131yla d\u0131\u015far\u0131 at\u0131l\u0131r.<\/p>    <figure class=\"wp-block-embed aligncenter is-type-video is-provider-youtube wp-block-embed-youtube wp-embed-aspect-16-9 wp-has-aspect-ratio\"><div class=\"wp-block-embed__wrapper\"> <iframe loading=\"lazy\" title=\"Odun par\u00e7alama makinesi nas\u0131l \u00e7al\u0131\u015f\u0131r? mobil a\u011fa\u00e7 k\u0131rma makinesi, odun par\u00e7alama makinesi\" width=\"500\" height=\"281\" src=\"https:\/\/www.youtube.com\/embed\/U4E0BGeTqng?feature=oembed\" frameborder=\"0\" allow=\"accelerometer; autoplay; clipboard-write; encrypted-media; gyroscope; picture-in-picture; web-share\" referrerpolicy=\"strict-origin-when-cross-origin\" allowfullscreen><\/iframe> <\/div><figcaption class=\"wp-element-caption\">a\u011fa\u00e7 k\u0131rma makinas\u0131 nas\u0131l \u00e7al\u0131\u015f\u0131r<\/figcaption><\/figure>    <h2 class=\"wp-block-heading\" id=\"h-technical-parameter-of-wood-chipper-shredder\">Odun par\u00e7alay\u0131c\u0131 par\u00e7alay\u0131c\u0131 teknik parametreler<\/h2>    <figure class=\"wp-block-table is-style-stripes\"><table><tbody><tr><td><strong>Modeli<\/strong><\/td><td><strong>Kapasite<\/strong><\/td><td><strong>\u00c7\u0131k\u0131\u015f boyutu<\/strong><\/td><td><strong>G\u00fc\u00e7<\/strong><\/td><\/tr><tr><td>SL-420<\/td><td>600-800kg\/saat<\/td><td>0.3-0.8cm<\/td><td>7.5-11 kW<\/td><\/tr><tr><td>SL-500<\/td><td>1000-1500kg\/saat<\/td><td>0.3-0.8cm<\/td><td>18,5 kW<\/td><\/tr><tr><td>SL-600<\/td><td>1500-2000kg\/saat<\/td><td>0.3-0.8cm<\/td><td>30kw<\/td><\/tr><tr><td>SL-700<\/td><td>2000-2500KG\/saat<\/td><td>0.3-0.8cm<\/td><td>37 kW<\/td><\/tr><tr><td>SL-900<\/td><td>2500-3000KG\/saat<\/td><td>0.3-0.8cm<\/td><td>55kw<\/td><\/tr><tr><td>SL-1000<\/td><td>3000-4000KG\/saat<\/td><td>0.3-0.8cm<\/td><td>75+7,5kw<\/td><\/tr><\/tbody><\/table><figcaption class=\"wp-element-caption\">ah\u015fap par\u00e7alama makinesinin parametreleri<\/figcaption><\/figure>    <h2 class=\"wp-block-heading\">Farkl\u0131 g\u00fc\u00e7 modlar\u0131 mevcuttur<\/h2>    <p>Ah\u015fap tala\u015f yapma makinesi elektrik motorlar\u0131, dizel motorlar veya dizel jenerat\u00f6r setleri ile \u00e7al\u0131\u015ft\u0131r\u0131labilir. Yerel \u00e7al\u0131\u015fma ko\u015fullar\u0131n\u0131za en uygun se\u00e7ene\u011fi se\u00e7ebilirsiniz. \u00d6zelle\u015ftirme sunuyoruz ve \u00f6zel ihtiya\u00e7lar\u0131n\u0131za g\u00f6re en uygun g\u00fc\u00e7 \u00e7\u00f6z\u00fcm\u00fcn\u00fc \u00f6nerece\u011fiz.<\/p>    <figure class=\"wp-block-gallery has-nested-images columns-default is-cropped wp-block-gallery-4 is-layout-flex wp-block-gallery-is-layout-flex\"> <figure class=\"wp-block-image size-large\"><img loading=\"lazy\" decoding=\"async\" width=\"720\" height=\"540\" data-id=\"1058\" src=\"https:\/\/hnwoodmachinery.com\/wp-content\/uploads\/2022\/07\/motor-wood-crusher.webp\" alt=\"motorlu a\u011fa\u00e7 k\u0131r\u0131c\u0131\" class=\"wp-image-1058\" title=\"\" srcset=\"https:\/\/hnwoodmachinery.com\/wp-content\/uploads\/2022\/07\/motor-wood-crusher.webp 720w, https:\/\/hnwoodmachinery.com\/wp-content\/uploads\/2022\/07\/motor-wood-crusher-300x225.webp 300w, https:\/\/hnwoodmachinery.com\/wp-content\/uploads\/2022\/07\/motor-wood-crusher-16x12.webp 16w\" sizes=\"auto, (max-width: 720px) 100vw, 720px\" \/><figcaption class=\"wp-element-caption\">Motorlu A\u011fa\u00e7 K\u0131r\u0131c\u0131<\/figcaption><\/figure>    <figure class=\"wp-block-image size-large\"><img loading=\"lazy\" decoding=\"async\" width=\"720\" height=\"540\" data-id=\"1057\" src=\"https:\/\/hnwoodmachinery.com\/wp-content\/uploads\/2022\/07\/diesel-engine-wood-shredder.webp\" alt=\"dizel motorlu a\u011fa\u00e7 par\u00e7alay\u0131c\u0131\" class=\"wp-image-1057\" title=\"\" srcset=\"https:\/\/hnwoodmachinery.com\/wp-content\/uploads\/2022\/07\/diesel-engine-wood-shredder.webp 720w, https:\/\/hnwoodmachinery.com\/wp-content\/uploads\/2022\/07\/diesel-engine-wood-shredder-300x225.webp 300w, https:\/\/hnwoodmachinery.com\/wp-content\/uploads\/2022\/07\/diesel-engine-wood-shredder-16x12.webp 16w\" sizes=\"auto, (max-width: 720px) 100vw, 720px\" \/><figcaption class=\"wp-element-caption\">Dizel Motorlu A\u011fa\u00e7 \u00d6\u011f\u00fct\u00fcc\u00fc<\/figcaption><\/figure> <\/figure>    <h2 class=\"wp-block-heading\">Mobil tip a\u011fa\u00e7 par\u00e7alama makinas\u0131<\/h2>    <p>Kullan\u0131c\u0131lar\u0131n makineyi farkl\u0131 yerlere ta\u015f\u0131mas\u0131n\u0131 kolayla\u015ft\u0131rmak i\u00e7in makinenin alt\u0131na tekerlekler takabiliyoruz.<\/p>    <figure class=\"wp-block-gallery has-nested-images columns-default is-cropped wp-block-gallery-5 is-layout-flex wp-block-gallery-is-layout-flex\"> <figure class=\"wp-block-image size-large\"><img loading=\"lazy\" decoding=\"async\" width=\"540\" height=\"720\" data-id=\"1191\" src=\"https:\/\/hnwoodmachinery.com\/wp-content\/uploads\/2022\/07\/moblie-wood-shredder-machine.webp\" alt=\"mobil ah\u015fap par\u00e7alay\u0131c\u0131 makine\" class=\"wp-image-1191\" title=\"\" srcset=\"https:\/\/hnwoodmachinery.com\/wp-content\/uploads\/2022\/07\/moblie-wood-shredder-machine.webp 540w, https:\/\/hnwoodmachinery.com\/wp-content\/uploads\/2022\/07\/moblie-wood-shredder-machine-225x300.webp 225w, https:\/\/hnwoodmachinery.com\/wp-content\/uploads\/2022\/07\/moblie-wood-shredder-machine-9x12.webp 9w\" sizes=\"auto, (max-width: 540px) 100vw, 540px\" \/><figcaption class=\"wp-element-caption\">Moblie A\u011fa\u00e7 Par\u00e7alama Makinesi<\/figcaption><\/figure>    <figure class=\"wp-block-image size-large\"><img loading=\"lazy\" decoding=\"async\" width=\"540\" height=\"720\" data-id=\"1192\" src=\"https:\/\/hnwoodmachinery.com\/wp-content\/uploads\/2022\/07\/portable-wood-crusher-machine.webp\" alt=\"ta\u015f\u0131nabilir ah\u015fap k\u0131r\u0131c\u0131 makine\" class=\"wp-image-1192\" title=\"\" srcset=\"https:\/\/hnwoodmachinery.com\/wp-content\/uploads\/2022\/07\/portable-wood-crusher-machine.webp 540w, https:\/\/hnwoodmachinery.com\/wp-content\/uploads\/2022\/07\/portable-wood-crusher-machine-225x300.webp 225w, https:\/\/hnwoodmachinery.com\/wp-content\/uploads\/2022\/07\/portable-wood-crusher-machine-9x12.webp 9w\" sizes=\"auto, (max-width: 540px) 100vw, 540px\" \/><figcaption class=\"wp-element-caption\">Ta\u015f\u0131nabilir Ah\u015fap K\u0131rma Makinesi<\/figcaption><\/figure> <\/figure>    <h2 class=\"wp-block-heading\" id=\"h-industrial-wood-shredder-shipped-to-mauritius\">End\u00fcstriyel odun par\u00e7alay\u0131c\u0131 Mauritius'a g\u00f6nderildi<\/h2>    <p>Bu m\u00fc\u015fteri ithalat konusunda deneyime sahiptir ve daha \u00f6nce \u00c7in'den iki ah\u015fap i\u015fleme makinesi sat\u0131n alm\u0131\u015ft\u0131r. \u015eimdi tavuk yuvalama i\u00e7in tala\u015f \u00fcretmek \u00fczere ba\u015fka bir odun par\u00e7alama makinesi ar\u0131yor. \u0130\u015fledi\u011fi tomruklar\u0131n boyutuna ve \u00e7\u0131kt\u0131s\u0131na g\u00f6re SL-1000 a\u011fa\u00e7 \u00f6\u011f\u00fct\u00fcc\u00fcy\u00fc tavsiye ettik.<\/p>   <div class=\"wp-block-image\"> <figure class=\"aligncenter size-large\"><img loading=\"lazy\" decoding=\"async\" width=\"720\" height=\"540\" src=\"https:\/\/hnwoodmachinery.com\/wp-content\/uploads\/2022\/09\/packaging-of-the-log-pulverizer-.webp\" alt=\"ah\u015fap k\u0131r\u0131c\u0131dan \u00e7\u0131kan ah\u015fap tala\u015f\u0131\" class=\"wp-image-497\" title=\"ah\u015fap k\u0131r\u0131c\u0131dan \u00e7\u0131kan ah\u015fap tala\u015f\u0131\"\/><figcaption class=\"wp-element-caption\">ah\u015fap k\u0131r\u0131c\u0131dan \u00e7\u0131kan tala\u015f<\/figcaption><\/figure> <\/div>   <p>M\u00fc\u015fteri, makineyi bir s\u00fcre kulland\u0131ktan sonra memnun kald\u0131. Sonu\u00e7 olarak, odun tala\u015f\u0131 kullanarak tavuk yuvalar\u0131 yaratma i\u015fine ba\u015flamak i\u00e7in bir tane sipari\u015f etmeye karar verdi. \u0130\u015fte end\u00fcstriyel odun par\u00e7alama makinesinin ambalaj\u0131 ve teslimat\u0131n\u0131n bir resmi. E\u011fer odun i\u015fleme makineleriyle ilgileniyorsan\u0131z, bu web sitesini ke\u015ffetmekten \u00e7ekinmeyin ve bizimle ileti\u015fime ge\u00e7in.<\/p>","protected":false},"excerpt":{"rendered":"<p>Odun par\u00e7alama makinesi, ah\u015fap kerestesini do\u011frudan tala\u015f veya tala\u015f haline getirebilir ve at\u0131k ah\u015fab\u0131n geri d\u00f6n\u00fc\u015ft\u00fcr\u00fclmesi ve yeniden kullan\u0131lmas\u0131 i\u00e7in \u00f6nemli bir makinedir.<\/p>","protected":false},"author":1,"featured_media":486,"parent":0,"template":"","tags":[37,35],"product-type":[7],"class_list":["post-28","product","type-product","status-publish","has-post-thumbnail","hentry","tag-sawdust","tag-wood","product-type-wood-crusher"],"_links":{"self":[{"href":"https:\/\/hnwoodmachinery.com\/tr\/wp-json\/wp\/v2\/product\/28","targetHints":{"allow":["GET"]}}],"collection":[{"href":"https:\/\/hnwoodmachinery.com\/tr\/wp-json\/wp\/v2\/product"}],"about":[{"href":"https:\/\/hnwoodmachinery.com\/tr\/wp-json\/wp\/v2\/types\/product"}],"author":[{"embeddable":true,"href":"https:\/\/hnwoodmachinery.com\/tr\/wp-json\/wp\/v2\/users\/1"}],"wp:featuredmedia":[{"embeddable":true,"href":"https:\/\/hnwoodmachinery.com\/tr\/wp-json\/wp\/v2\/media\/486"}],"wp:attachment":[{"href":"https:\/\/hnwoodmachinery.com\/tr\/wp-json\/wp\/v2\/media?parent=28"}],"wp:term":[{"taxonomy":"post_tag","embeddable":true,"href":"https:\/\/hnwoodmachinery.com\/tr\/wp-json\/wp\/v2\/tags?post=28"},{"taxonomy":"product-type","embeddable":true,"href":"https:\/\/hnwoodmachinery.com\/tr\/wp-json\/wp\/v2\/product-type?post=28"}],"curies":[{"name":"wp","href":"https:\/\/api.w.org\/{rel}","templated":true}]}}