{"id":23,"date":"2022-07-18T03:37:21","date_gmt":"2022-07-18T03:37:21","guid":{"rendered":"https:\/\/hnwoodmachinery.com\/?post_type=product&#038;p=23"},"modified":"2024-09-12T18:33:58","modified_gmt":"2024-09-12T10:33:58","slug":"log-debarker-machine","status":"publish","type":"product","link":"https:\/\/hnwoodmachinery.com\/tr\/product\/log-debarker-machine\/","title":{"rendered":"Ah\u015fap Kereste Soyma \u0130\u00e7in K\u00fct\u00fck Kabuk Soyma Makinesi"},"content":{"rendered":"<div class=\"kk-star-ratings kksr-auto kksr-align-left kksr-valign-top\"     data-payload='{&quot;align&quot;:&quot;left&quot;,&quot;id&quot;:&quot;23&quot;,&quot;slug&quot;:&quot;default&quot;,&quot;valign&quot;:&quot;top&quot;,&quot;ignore&quot;:&quot;&quot;,&quot;reference&quot;:&quot;auto&quot;,&quot;class&quot;:&quot;&quot;,&quot;count&quot;:&quot;95&quot;,&quot;legendonly&quot;:&quot;&quot;,&quot;readonly&quot;:&quot;&quot;,&quot;score&quot;:&quot;4.8&quot;,&quot;starsonly&quot;:&quot;&quot;,&quot;best&quot;:&quot;5&quot;,&quot;gap&quot;:&quot;5&quot;,&quot;greet&quot;:&quot;Rate this product&quot;,&quot;legend&quot;:&quot;4.8\\\/5 - (95 votes)&quot;,&quot;size&quot;:&quot;24&quot;,&quot;title&quot;:&quot;Log Debarker Machine For Wood Timber Peeling&quot;,&quot;width&quot;:&quot;136.7&quot;,&quot;_legend&quot;:&quot;{score}\\\/{best} - ({count} {votes})&quot;,&quot;font_factor&quot;:&quot;1.25&quot;}'>              <div class=\"kksr-stars\">      <div class=\"kksr-stars-inactive\">             <div class=\"kksr-star\" data-star=\"1\" style=\"padding-right: 5px\">               <div class=\"kksr-icon\" style=\"width: 24px; height: 24px;\"><\/div>         <\/div>             <div class=\"kksr-star\" data-star=\"2\" style=\"padding-right: 5px\">               <div class=\"kksr-icon\" style=\"width: 24px; height: 24px;\"><\/div>         <\/div>             <div class=\"kksr-star\" data-star=\"3\" style=\"padding-right: 5px\">               <div class=\"kksr-icon\" style=\"width: 24px; height: 24px;\"><\/div>         <\/div>             <div class=\"kksr-star\" data-star=\"4\" style=\"padding-right: 5px\">               <div class=\"kksr-icon\" style=\"width: 24px; height: 24px;\"><\/div>         <\/div>             <div class=\"kksr-star\" data-star=\"5\" style=\"padding-right: 5px\">               <div class=\"kksr-icon\" style=\"width: 24px; height: 24px;\"><\/div>         <\/div>     <\/div>      <div class=\"kksr-stars-active\" style=\"width: 136.7px;\">             <div class=\"kksr-star\" style=\"padding-right: 5px\">               <div class=\"kksr-icon\" style=\"width: 24px; height: 24px;\"><\/div>         <\/div>             <div class=\"kksr-star\" style=\"padding-right: 5px\">               <div class=\"kksr-icon\" style=\"width: 24px; height: 24px;\"><\/div>         <\/div>             <div class=\"kksr-star\" style=\"padding-right: 5px\">               <div class=\"kksr-icon\" style=\"width: 24px; height: 24px;\"><\/div>         <\/div>             <div class=\"kksr-star\" style=\"padding-right: 5px\">               <div class=\"kksr-icon\" style=\"width: 24px; height: 24px;\"><\/div>         <\/div>             <div class=\"kksr-star\" style=\"padding-right: 5px\">               <div class=\"kksr-icon\" style=\"width: 24px; height: 24px;\"><\/div>         <\/div>     <\/div> <\/div>                   <div class=\"kksr-legend\" style=\"font-size: 19.2px;\">             4,8\/5 - (95 oy)    <\/div>     <\/div>  <p>Odun k\u00fct\u00fck kabuk soyma makinesi, k\u00fct\u00fcklerden etkili bir \u015fekilde kabuk soymak i\u00e7in y\u00fcksek mukavemetli ala\u015f\u0131ml\u0131 b\u0131\u00e7aklarla donat\u0131lm\u0131\u015f en son d\u00f6ner kabuk soyma teknolojisini kullan\u0131r. Saatte 20 tona kadar k\u00fct\u00fc\u011f\u00fc i\u015fleyebilir ve geleneksel ekipmanlarla kar\u015f\u0131la\u015ft\u0131r\u0131ld\u0131\u011f\u0131nda verimlili\u011fi 30%'nin \u00fczerinde art\u0131r\u0131r. <\/p>    <p>Hassas olarak kontrol edilen soyma derinli\u011fi ve otomatik ayarlama sistemi sayesinde her bir ah\u015fap par\u00e7as\u0131 e\u015fit ve hasars\u0131z bir soyma i\u015flemi ger\u00e7ekle\u015ftirirken, enerji t\u00fcketimini de 20%'ye kadar azalt\u0131r.<\/p>    <figure class=\"wp-block-embed aligncenter is-type-video is-provider-youtube wp-block-embed-youtube wp-embed-aspect-16-9 wp-has-aspect-ratio\"><div class=\"wp-block-embed__wrapper\"> <iframe loading=\"lazy\" title=\"Ah\u015fap i\u00e7in yeni bir hayat: A\u011fa\u00e7 soyma makinesinin muhte\u015fem s\u00fcrecini ke\u015ffedin! \ud83c\udf33\ud83d\udd27#woodcraft\" width=\"500\" height=\"281\" src=\"https:\/\/www.youtube.com\/embed\/lwGNGeHfYN0?feature=oembed\" frameborder=\"0\" allow=\"accelerometer; autoplay; clipboard-write; encrypted-media; gyroscope; picture-in-picture; web-share\" referrerpolicy=\"strict-origin-when-cross-origin\" allowfullscreen><\/iframe> <\/div><figcaption class=\"wp-element-caption\">ah\u015fap k\u00fct\u00fck kabuk soyma makinesi \u00e7al\u0131\u015fma videosu<\/figcaption><\/figure>    <p>Genel olarak konu\u015fursak, ah\u015fab\u0131n kabu\u011fu ne kadar \u0131slaksa makinenin etkisi o kadar iyi olur. \u0130\u015flenmi\u015f ah\u015fap, odun kesme, tra\u015flama, k\u0131rma vb. gibi \u00e7e\u015fitli \u015fekillerde daha fazla i\u015flenebilir. <\/p>    <h2 class=\"wp-block-heading\" id=\"h-brief-introduction-of-log-debarker-machine\">Mevcut ah\u015fap k\u00fct\u00fck soyma makinesi<\/h2>    <p>Fabrikam\u0131z iki tip ah\u015fap soyma makinesi \u00fcretmektedir: biri k\u00fc\u00e7\u00fck dikey ah\u015fap soyma makinesi, di\u011feri ise b\u00fcy\u00fck yatay ah\u015fap soyma makinesidir. Havlama y\u00f6ntemleri ve \u00e7\u0131kt\u0131lar\u0131 farkl\u0131l\u0131k g\u00f6stererek m\u00fc\u015fterilerin ihtiya\u00e7lar\u0131na en uygun makineyi se\u00e7melerine olanak tan\u0131r.<\/p>    <p>Kurulu\u015fumuzdan bu yana, a\u011fa\u00e7 kabu\u011fu soyma makinesini Amerika Birle\u015fik Devletleri, Avrupa \u00fclkeleri, G\u00fcney Afrika ve Avustralya gibi \u00e7e\u015fitli \u00fclkelere s\u0131k\u00e7a ihra\u00e7 ettik. M\u00fc\u015fterilerimiz, makinenin d\u00fc\u015f\u00fck fiyat\u0131, dayan\u0131kl\u0131l\u0131\u011f\u0131 ve etkili performans\u0131 sayesinde bizimle uzun vadeli ili\u015fkiler geli\u015ftirmi\u015ftir.<\/p>    <figure class=\"wp-block-gallery has-nested-images columns-default is-cropped wp-block-gallery-2 is-layout-flex wp-block-gallery-is-layout-flex\"> <figure class=\"wp-block-image size-large\"><img loading=\"lazy\" decoding=\"async\" width=\"720\" height=\"540\" data-id=\"426\" src=\"https:\/\/hnwoodmachinery.com\/wp-content\/uploads\/2022\/09\/best-log-debarker-0.webp\" alt=\"en iyi k\u00fct\u00fck soyan \" class=\"wp-image-426\" title=\"en iyi k\u00fct\u00fck soyan \"\/><figcaption class=\"wp-element-caption\">En \u0130yi Tomruk Kabuk Soyma Makinesi<\/figcaption><\/figure>    <figure class=\"wp-block-image size-large\"><img loading=\"lazy\" decoding=\"async\" width=\"720\" height=\"540\" data-id=\"427\" src=\"https:\/\/hnwoodmachinery.com\/wp-content\/uploads\/2022\/09\/wood-peeling-machine-0.webp\" alt=\"ah\u015fap soyma makinesi \" class=\"wp-image-427\" title=\"ah\u015fap soyma makinesi \"\/><figcaption class=\"wp-element-caption\">Ah\u015fap Soyma Makinas\u0131<\/figcaption><\/figure> <\/figure>    <h2 class=\"wp-block-heading\" id=\"h-using-scopes-of-the-wood-peeling-machine\">Ah\u015fap kereste soyma makinesinin kapsamlar\u0131n\u0131 kullanma<\/h2>    <p>Tomruk kabuk soyma makinesi, taze kesilmi\u015f i\u011fne yaprakl\u0131 a\u011fa\u00e7lar\u0131n ve baz\u0131 sert a\u011fa\u00e7lar\u0131n kabu\u011funun soyulmas\u0131 ile donmu\u015f ve kuru a\u011fa\u00e7lar\u0131n kabu\u011funun soyulmas\u0131 i\u00e7in uygundur. <\/p>    <p>Ka\u011f\u0131t fabrikalar\u0131nda, ka\u011f\u0131t hamuru fabrikalar\u0131nda, a\u011fa\u00e7 yonga fabrikalar\u0131nda, ormanc\u0131l\u0131kta, yak\u0131t pelet \u00fcreticilerinde ve kereste fabrikalar\u0131 ve yapay tahta fabrikalar\u0131 (kontrplak fabrikalar\u0131, MDF fabrikalar\u0131) gibi di\u011fer ah\u015fap i\u015fleme i\u015fletmelerinde yayg\u0131n olarak kullan\u0131lmaktad\u0131r. <\/p>    <p>Ayr\u0131ca ah\u015fap soyma makinesi montaj hatt\u0131 operasyonlar\u0131 i\u00e7in son derece uygundur ve otomatik \u00fcretimde \u00f6nemli bir ekipman par\u00e7as\u0131d\u0131r.<\/p>   <div class=\"wp-block-image\"> <figure class=\"aligncenter size-full\"><img loading=\"lazy\" decoding=\"async\" width=\"720\" height=\"540\" src=\"https:\/\/hnwoodmachinery.com\/wp-content\/uploads\/2022\/09\/using-scope-of-wood-peeling-machine-0.webp\" alt=\"ah\u015fap soyma makinesinin kapsam\u0131n\u0131 kullanma\" class=\"wp-image-429\" title=\"ah\u015fap soyma makinesinin kapsam\u0131n\u0131 kullanma\"\/><figcaption class=\"wp-element-caption\">ah\u015fap soyma makinesinin kapsam\u0131n\u0131 kullanma<\/figcaption><\/figure> <\/div>   <h2 class=\"wp-block-heading\" id=\"h-model-1-vertical-wood-peeling-machine\">Tip 1: Dikey ah\u015fap soyma makinesi<\/h2>    <p>Dikey a\u011fa\u00e7 soyma makinesinin \u00e7\u0131kt\u0131s\u0131 nispeten k\u00fc\u00e7\u00fckt\u00fcr. Bu tip k\u00fct\u00fck soyma makinesi k\u00fct\u00fcklerin, g\u00f6vdelerin, b\u00f6l\u00fcmlerin ve di\u011fer ah\u015faplar\u0131n i\u015flenmesi i\u00e7in uygundur. 8%'ye kadar ah\u015fab\u0131n b\u00fck\u00fclmesine ve g\u00f6vde \u00e7ap\u0131n\u0131n 5-35cm aral\u0131\u011f\u0131nda olmas\u0131na olanak sa\u011flar.<\/p>    <p>G\u00f6vde ne kadar taze olursa havlama verimlili\u011fi o kadar y\u00fcksek ve havlama etkisi o kadar iyi olur. G\u00fc\u00e7 kayna\u011f\u0131na gelince, bir elektrik motoru veya bir dizel motor olabilir. M\u00fc\u015fteriler ihtiya\u00e7lar\u0131na g\u00f6re se\u00e7im yapabilirler.<\/p>   <div class=\"wp-block-image\"> <figure class=\"aligncenter size-full\"><img loading=\"lazy\" decoding=\"async\" width=\"720\" height=\"540\" src=\"https:\/\/hnwoodmachinery.com\/wp-content\/uploads\/2022\/09\/wood-debarker-0.webp\" alt=\"ah\u015fap kabuk soyucu \" class=\"wp-image-432\" title=\"ah\u015fap kabuk soyucu \"\/><figcaption class=\"wp-element-caption\">ah\u015fap k\u00fct\u00fck kabuk soyma makinesi<\/figcaption><\/figure> <\/div>   <h3 class=\"wp-block-heading\" id=\"h-structure-of-the-high-speed-wood-peeling-machine\">Y\u00fcksek h\u0131zl\u0131 ah\u015fap soyma makinesinin yap\u0131s\u0131<\/h3>    <p>Halka tipi ah\u015fap soyma makinesi olarak da bilinen dikey ah\u015fap soyma makinesi, esas olarak bir besleme mekanizmas\u0131, bo\u015faltma mekanizmas\u0131, b\u0131\u00e7ak plakas\u0131, aktarma sistemi ve alt \u00e7er\u00e7evenin yan\u0131 s\u0131ra di\u011fer par\u00e7alardan olu\u015fur. Bu tasar\u0131m daha kolay beslenmeye olanak tan\u0131r. <\/p>    <p>Ayr\u0131ca, besleme a\u00e7\u0131s\u0131nda uzun bir kanal ve braket kaynakl\u0131yoruz. Ayr\u0131ca, m\u00fc\u015fteri gereksinimlerine g\u00f6re k\u00fct\u00fck soydurma makinesine raflar ve tekerlekler de tak\u0131labilir, bu da ta\u015f\u0131may\u0131 kolayla\u015ft\u0131r\u0131r.<\/p>   <div class=\"wp-block-image\"> <figure class=\"aligncenter size-full\"><img loading=\"lazy\" decoding=\"async\" width=\"720\" height=\"540\" src=\"https:\/\/hnwoodmachinery.com\/wp-content\/uploads\/2022\/09\/structure-of-the-wood-skin-removing-machine-0.webp\" alt=\"ah\u015fap deri \u00e7\u0131karma makinesinin yap\u0131s\u0131 \" class=\"wp-image-433\" title=\"ah\u015fap deri \u00e7\u0131karma makinesinin yap\u0131s\u0131 \"\/><figcaption class=\"wp-element-caption\">ah\u015fap deri \u00e7\u0131karma makinesinin yap\u0131s\u0131<\/figcaption><\/figure> <\/div>   <h3 class=\"wp-block-heading\" id=\"h-technical-parameter-of-the-small-log-debarker\">K\u00fc\u00e7\u00fck k\u00fct\u00fck kabuk soyucunun teknik parametresi<\/h3>    <figure class=\"wp-block-table is-style-stripes\"><table><tbody><tr><td>Modeli<\/td><td>SL-260<\/td><td>SL-300<\/td><\/tr><tr><td>Maksimum \u00e7ap<\/td><td>260 mm<\/td><td>300 mm<\/td><\/tr><tr><td>B\u0131\u00e7ak miktar\u0131(adet)<\/td><td>4<\/td><td>4<\/td><\/tr><tr><td>Ana g\u00fc\u00e7(kw)<\/td><td>7.5&nbsp;<\/td><td>7.5&nbsp;<\/td><\/tr><tr><td>S\u00fcr\u00fc\u015f g\u00fcc\u00fc(kw)<\/td><td>1.5&nbsp;<\/td><td>1.5&nbsp;<\/td><\/tr><tr><td>A\u011f\u0131rl\u0131k(T)<\/td><td>1.2<\/td><td>1.5<\/td><\/tr><tr><td>Boyut(U*G*Y)(m)<\/td><td>2.2*1.3*1.1<\/td><td>2.5*1.8*1.1<\/td><\/tr><\/tbody><\/table><figcaption class=\"wp-element-caption\">k\u00fc\u00e7\u00fck a\u011fa\u00e7 k\u00fct\u00fc\u011f\u00fc soyan\u0131n parametreleri<\/figcaption><\/figure>    <h3 class=\"wp-block-heading\" id=\"h-how-does-the-industrial-log-debarker-work\">End\u00fcstriyel k\u00fct\u00fck kabuk soyucu nas\u0131l \u00e7al\u0131\u015f\u0131r?<\/h3>    <p>End\u00fcstriyel k\u00fct\u00fck kabuk soyucu, besleme h\u0131z\u0131n\u0131 otomatik olarak ayarlamak i\u00e7in kademesiz de\u011fi\u015fken h\u0131z teknolojisini kullan\u0131r. Bu, farkl\u0131 t\u00fcr, \u00e7ap dereceleri ve e\u011friliklere sahip \u00e7e\u015fitli ah\u015fap t\u00fcrlerinin soyulmas\u0131 i\u00e7in uygun olmas\u0131n\u0131 sa\u011flar. <\/p>    <p>Halka tipi kabuk soyucu, halka b\u0131\u00e7a\u011f\u0131yla d\u00f6ner kesme \u00e7al\u0131\u015fma prensibini kullan\u0131r. Her ah\u015fap ayr\u0131 ayr\u0131 soyulur ve i\u015flenir, bu da daha iyi ve daha kapsaml\u0131 bir tedavi etkisi sa\u011flar.<\/p>    <figure class=\"wp-block-embed is-type-video is-provider-youtube wp-block-embed-youtube wp-embed-aspect-16-9 wp-has-aspect-ratio\"><div class=\"wp-block-embed__wrapper\"> <iframe loading=\"lazy\" title=\"En iyi k\u00fct\u00fck soyucu, yuvarlak ah\u015fap soyma makinesi, ah\u015fap k\u00fct\u00fck soyma makinesi\" width=\"500\" height=\"281\" src=\"https:\/\/www.youtube.com\/embed\/AitTndc2M6k?feature=oembed\" frameborder=\"0\" allow=\"accelerometer; autoplay; clipboard-write; encrypted-media; gyroscope; picture-in-picture; web-share\" referrerpolicy=\"strict-origin-when-cross-origin\" allowfullscreen><\/iframe> <\/div><figcaption class=\"wp-element-caption\">k\u00fct\u00fck kabuk soyma makinesinin \u00e7al\u0131\u015fma videosu<\/figcaption><\/figure>    <h2 class=\"wp-block-heading\" id=\"h-type-2-horizontal-wood-peeling-machine\">Tip 2: Yatay ah\u015fap soyma makinesi<\/h2>    <p>Oluk tipi ah\u015fap soyma makinesi olarak da bilinen yatay ah\u015fap soyma makinesinin y\u00fcksek verimi vard\u0131r. \u00c7e\u015fitli t\u00fcrleri, \u015fekilleri ve uzunluklardaki ah\u015fab\u0131 partiler halinde i\u015fleyebilir. <\/p>    <p>Tomruk kabuk soyma makinesinin i\u015fleyece\u011fi malzemenin \u00e7ap\u0131 30 cm'den az olmal\u0131d\u0131r. Makineyle birlikte tutucular\u0131n ve \u00f6rg\u00fc bantl\u0131 konvey\u00f6rlerin kullan\u0131lmas\u0131yla daha verimli \u00e7al\u0131\u015fabilir ve \u00f6nemli miktarda i\u015f g\u00fcc\u00fc tasarrufu sa\u011flanabilir.<\/p>   <div class=\"wp-block-image\"> <figure class=\"aligncenter size-full\"><img loading=\"lazy\" decoding=\"async\" width=\"720\" height=\"540\" src=\"https:\/\/hnwoodmachinery.com\/wp-content\/uploads\/2022\/09\/commercial-log-debarker-0.webp\" alt=\"ah\u015fap deri \u00e7\u0131karma makinesinin yap\u0131s\u0131 \" class=\"wp-image-434\" title=\"ah\u015fap deri \u00e7\u0131karma makinesinin yap\u0131s\u0131 \"\/><figcaption class=\"wp-element-caption\">ah\u015fap deri \u00e7\u0131karma makinesinin yap\u0131s\u0131<\/figcaption><\/figure> <\/div>   <h3 class=\"wp-block-heading\" id=\"h-what-is-the-structure-of-a-horizontal-wood-skinning-machine\">Yatay ah\u015fap kaplama makinesinin yap\u0131s\u0131<\/h3>    <p>Tekneli tip deri y\u00fczme makinesinin yap\u0131s\u0131 basittir. K\u00fct\u00fck kabuk soyma makinesi esas olarak bir \u00e7er\u00e7eve, kabuk soyma mekanizmas\u0131, iletim sistemi, sapt\u0131rma plakas\u0131, kabuk soyma di\u015flerine sahip rotor ve g\u00fc\u00e7 \u00fcnitesinden olu\u015fur.<\/p>   <div class=\"wp-block-image\"> <figure class=\"aligncenter size-full\"><img loading=\"lazy\" decoding=\"async\" width=\"720\" height=\"540\" src=\"https:\/\/hnwoodmachinery.com\/wp-content\/uploads\/2022\/09\/wood-peeling-machine\u2018s-structure-0.webp\" alt=\"ah\u015fap deri \u00e7\u0131karma makinesinin yap\u0131s\u0131 \" class=\"wp-image-435\" title=\"ah\u015fap deri \u00e7\u0131karma makinesinin yap\u0131s\u0131 \"\/><figcaption class=\"wp-element-caption\">ah\u015fap deri \u00e7\u0131karma makinesinin yap\u0131s\u0131<\/figcaption><\/figure> <\/div>   <h3 class=\"wp-block-heading\" id=\"h-detailed-information-on-the-log-peeler\">Tomruk soyucu hakk\u0131nda detayl\u0131 bilgi<\/h3>    <figure class=\"wp-block-table is-style-stripes\"><table><tbody><tr><td>Modeli<\/td><td>SL-700<\/td><td>SL-800<\/td><\/tr><tr><td>Maksimum \u00e7ap<\/td><td>400<\/td><td>500<\/td><\/tr><tr><td>Ah\u015fap uzunlu\u011fu (m)<\/td><td>2-5<\/td><td>2-6<\/td><\/tr><tr><td>Kapasite(T\/H)<\/td><td>10-12<\/td><td>15-18<\/td><\/tr><tr><td>G\u00fc\u00e7(kw)<\/td><td>11*2<\/td><td>15*2<\/td><\/tr><tr><td>A\u011f\u0131rl\u0131k(T)<\/td><td>3.5<\/td><td>6<\/td><\/tr><tr><td>Boyut(U*G*Y)(m)<\/td><td>6*2.5*1.6<\/td><td>6*2.8*1.7<\/td><\/tr><\/tbody><\/table><figcaption class=\"wp-element-caption\">k\u00fct\u00fck soyma makinesinin parametresi<\/figcaption><\/figure>    <h3 class=\"wp-block-heading\" id=\"h-working-principle-of-the-double-roller-wood-peeling-machine\">\u00c7ift silindirli ah\u015fap soyma makinesinin \u00e7al\u0131\u015fma prensibi<\/h3>    <p>\u00c7ift silindirli bir a\u011fa\u00e7 soyma makinesi, silo yar\u0131k plakas\u0131 d\u00f6ng\u00fcs\u00fcnde ah\u015fap b\u00f6l\u00fcm\u00fc hareket ettirmek i\u00e7in havlayan di\u015flere sahip rotor taraf\u0131ndan olu\u015fturulan benzersiz kuvveti kullan\u0131r. <\/p>    <p>Ayr\u0131ca ah\u015fap b\u00f6l\u00fcm\u00fcn kendi ekseni etraf\u0131nda d\u00f6nmesine ve d\u00fczensiz atlama yapmas\u0131na neden olur. Sonu\u00e7 olarak, ah\u015fap b\u00f6l\u00fcm ile di\u015fler aras\u0131nda ve ayr\u0131ca ah\u015fap b\u00f6l\u00fcm ile ah\u0131r yuvas\u0131 aras\u0131nda s\u00fcrekli bir s\u00fcrt\u00fcnme meydana gelir ve bu da verimli bir soyma etkisi sa\u011flar.<\/p>    <figure class=\"wp-block-embed aligncenter is-type-video is-provider-youtube wp-block-embed-youtube wp-embed-aspect-16-9 wp-has-aspect-ratio\"><div class=\"wp-block-embed__wrapper\"> <iframe loading=\"lazy\" title=\"Ah\u015fap K\u00fct\u00fck Kabuk Soyma Makinesi Kereste Kereste \u0130\u015fleme Ekipmanlar\u0131#wood #woodmachine\" width=\"500\" height=\"281\" src=\"https:\/\/www.youtube.com\/embed\/JSPAvQG3i-M?feature=oembed\" frameborder=\"0\" allow=\"accelerometer; autoplay; clipboard-write; encrypted-media; gyroscope; picture-in-picture; web-share\" referrerpolicy=\"strict-origin-when-cross-origin\" allowfullscreen><\/iframe> <\/div><figcaption class=\"wp-element-caption\">yatay ah\u015fap k\u00fct\u00fck kabuk soyma makinesinin \u00e7al\u0131\u015fma videosu<\/figcaption><\/figure>    <h3 class=\"wp-block-heading\" id=\"h-features-of-a-wood-barking-machine\">Ah\u015fap k\u00fct\u00fck soyma makinesinin \u00f6zellikleri<\/h3>    <ul class=\"wp-block-list\"> <li>Ah\u015fap kabuk soyma makinesinin geni\u015f bir uygulama yelpazesi vard\u0131r ve \u00e7e\u015fitli boyutlarda ve t\u00fcrlerde ah\u015faplar\u0131 i\u015fleyebilir.<\/li>    <li>95%'nin \u00fczerinde verime ula\u015fan y\u00fcksek bir soyma oran\u0131na sahiptir.<\/li>    <li>Makinenin kullan\u0131m\u0131 basit ve rahatt\u0131r; t\u00fcm soyma i\u015fini tamamlamak i\u00e7in yaln\u0131zca bir \u00e7al\u0131\u015fana ihtiya\u00e7 vard\u0131r.<\/li>    <li>D\u00fc\u015f\u00fck enerji t\u00fcketimi ve d\u00fc\u015f\u00fck ar\u0131za oran\u0131n\u0131n yan\u0131 s\u0131ra uzun servis \u00f6mr\u00fcne sahiptir. Makinenin ek kurulum gerektirmeden yerde kullan\u0131labilmesi kullan\u0131m\u0131 kolayla\u015ft\u0131r\u0131r.<\/li>    <li>Her iki makine de y\u00fcksek verime sahiptir ve s\u00fcrekli \u00e7al\u0131\u015fabilir. Yatay kabuk soyma makinesi ayn\u0131 anda b\u00fcy\u00fck miktarda ah\u015fab\u0131 i\u015fleyebilir.<\/li> <\/ul>    <h2 class=\"wp-block-heading\">Her iki ah\u015fap soyma makinesinin \u00f6zellikleri<\/h2>    <ul class=\"wp-block-list\"> <li>Dikey a\u011fa\u00e7 soyma makineleri genellikle nispeten b\u00fcy\u00fck a\u011fa\u00e7 \u00e7aplar\u0131n\u0131 i\u015fler. Ancak en iyi hammaddeler \u00e7ok fazla b\u00fck\u00fclmemelidir. Makine, \u00e7al\u0131\u015fanlar\u0131n s\u00fcrekli olarak ah\u015fab\u0131 makineye beslemesini gerektiriyor. <\/li>    <li>Yatay ah\u015fap soyma makineleri, b\u00fckme ve daha k\u00fc\u00e7\u00fck \u00e7apl\u0131 ah\u015faplar\u0131 i\u015fleyebilir. Bu makineler ayn\u0131 anda birden fazla malzemeyi toplu olarak i\u015fleyebilir. Genellikle kavrama kelep\u00e7eleri ve konvey\u00f6r bantlar\u0131yla birlikte kullan\u0131l\u0131rlar. Y\u00fcksek \u00e7al\u0131\u015fma verimlilikleri orta ve b\u00fcy\u00fck a\u011fa\u00e7 i\u015fleme tesislerinin gereksinimlerini kar\u015f\u0131lar.<\/li> <\/ul>    <h2 class=\"wp-block-heading\" id=\"h-successful-case\">Ba\u015far\u0131l\u0131 vaka<\/h2>    <p class=\"translation-block\"><span>Amerika'dan bir m\u00fc\u015fterimiz bir kereste fabrikas\u0131na sahip. Bize bir k\u00fct\u00fck soyma makinesi i\u00e7in do\u011frudan bir talep g\u00f6nderdi. \u0130leti\u015fim sonras\u0131nda, m\u00fc\u015fterinin daha kaba k\u00fct\u00fckleri i\u015flemek istedi\u011fini anlad\u0131k. Bu nedenle, m\u00fc\u015fteriye do\u011frudan en b\u00fcy\u00fck soyma makinesi modelinin resimlerini ve videolar\u0131n\u0131 sa\u011flad\u0131k. M\u00fc\u015fteri ayr\u0131ca makinenin gereksinimleri kar\u015f\u0131lad\u0131\u011f\u0131n\u0131 belirtti.<\/span> <\/p>    <p>Daha sonra sat\u0131\u015f eleman\u0131m\u0131z m\u00fc\u015fteriye bir fiyat teklifi sundu. M\u00fc\u015fteri makinenin t\u00fcm ayr\u0131nt\u0131lar\u0131n\u0131 onaylad\u0131ktan sonra. M\u00fc\u015fteri sipari\u015fi verdi, biz de makineyi \u00fcretime haz\u0131rlad\u0131k. Bundan sonra makine var\u0131\u015f noktas\u0131na g\u00f6nderilir.<\/p>    <figure class=\"wp-block-gallery has-nested-images columns-default is-cropped wp-block-gallery-3 is-layout-flex wp-block-gallery-is-layout-flex\"> <figure class=\"wp-block-image size-large\"><img loading=\"lazy\" decoding=\"async\" width=\"720\" height=\"540\" data-id=\"436\" src=\"https:\/\/hnwoodmachinery.com\/wp-content\/uploads\/2022\/09\/wooden-case-packing-of-the-wood-flaker-machine-0.webp\" alt=\"ah\u015fap flaker makinesinin ah\u015fap kutu ambalaj\u0131 \" class=\"wp-image-436\" title=\"ah\u015fap flaker makinesinin ah\u015fap kutu ambalaj\u0131 \"\/><figcaption class=\"wp-element-caption\">Ah\u015fap Flaker Makinesinin Ah\u015fap Sand\u0131k Ambalaj\u0131<\/figcaption><\/figure>    <figure class=\"wp-block-image size-large\"><img loading=\"lazy\" decoding=\"async\" width=\"720\" height=\"540\" data-id=\"437\" src=\"https:\/\/hnwoodmachinery.com\/wp-content\/uploads\/2022\/09\/wood-debarker-.webp\" alt=\"ah\u015fap kabuk soyucu\" class=\"wp-image-437\" title=\"ah\u015fap kabuk soyucu\"\/><figcaption class=\"wp-element-caption\">Ah\u015fap Kabuk Soyucu<\/figcaption><\/figure> <\/figure>    <h2 class=\"wp-block-heading\" id=\"h-what-are-the-reasons-for-choosing-the-shuliy-log-debarker\">Neden Shuliy k\u00fct\u00fck soyucuyu se\u00e7melisiniz?<\/h2>    <ul class=\"wp-block-list\"> <li>Shuliy Machinery, ah\u015fap makinelerinin profesyonel bir \u00fcreticisidir. M\u00fc\u015fterilere uygun fiyatlar ve y\u00fcksek kaliteli makineler sa\u011flayabiliriz.<\/li>    <li>M\u00fc\u015fterilerimizin kar\u015f\u0131la\u015ft\u0131\u011f\u0131 sorunlar\u0131n \u00e7o\u011funu h\u0131zl\u0131 bir \u015fekilde \u00e7\u00f6zebiliriz. Ah\u015fap makineleri konusunda derin bir bilgi birikimimiz var ve m\u00fc\u015fterilerimizin bilmek istedi\u011fi her konuda bilgi sa\u011flayabiliriz.<\/li>    <li>\u0130hracat konusunda geni\u015f deneyime sahibiz ve m\u00fc\u015fterilerimize ihracatla ilgili sorunlar\u0131n derhal \u00e7\u00f6z\u00fclmesinde yard\u0131mc\u0131 olabiliriz.<\/li>    <li>Makinelerimiz bir\u00e7ok \u00fclkeye ihra\u00e7 edilmi\u015ftir ve t\u00fcm m\u00fc\u015fterilerimiz makinelerimizden memnundur.<\/li> <\/ul>    <p class=\"translation-block\"><span>Bizim de <a href=\"https:\/\/hnwoodmachinery.com\/tr\/product\/automatic-saw-mill-machine\/\">ah\u015fap kesim makinelerimiz<\/a> ve <a href=\"https:\/\/hnwoodmachinery.com\/tr\/product\/wood-hammer-mill\/\">a\u011fa\u00e7 tala\u015f\u0131 makinelerimiz<\/a> bulunmaktad\u0131r. K\u00fct\u00fck soyma makinesi, ah\u015fap i\u015fleme projeleri i\u00e7in kullan\u0131labilir ve \u00e7ift\u00e7iler ile k\u00fct\u00fck kullan\u0131c\u0131lar\u0131 i\u00e7in de idealdir. Ah\u015fap i\u015fleme makineleri hakk\u0131nda daha detayl\u0131 bilgi almak i\u00e7in her zaman dan\u0131\u015fman\u0131z\u0131 i\u00e7tenlikle davet ediyoruz ve fabrikam\u0131z\u0131 ziyaret etmenizi bekliyoruz. Sizinle i\u015fbirli\u011fi yapmay\u0131 umuyoruz.<\/span><\/p>","protected":false},"excerpt":{"rendered":"<p>Odun k\u00fct\u00fck kabuk soyma makinesi, k\u00fct\u00fcklerden etkili bir \u015fekilde kabuk soymak i\u00e7in y\u00fcksek mukavemetli ala\u015f\u0131ml\u0131 b\u0131\u00e7aklarla donat\u0131lm\u0131\u015f en son d\u00f6ner kabuk soyma teknolojisini kullan\u0131r. Saatte 20 tona kadar k\u00fct\u00fc\u011f\u00fc i\u015fleyebilir.<\/p>","protected":false},"author":1,"featured_media":430,"parent":0,"template":"","tags":[36,41,35],"product-type":[5],"class_list":["post-23","product","type-product","status-publish","has-post-thumbnail","hentry","tag-log","tag-timber","tag-wood","product-type-wood-debarker"],"_links":{"self":[{"href":"https:\/\/hnwoodmachinery.com\/tr\/wp-json\/wp\/v2\/product\/23","targetHints":{"allow":["GET"]}}],"collection":[{"href":"https:\/\/hnwoodmachinery.com\/tr\/wp-json\/wp\/v2\/product"}],"about":[{"href":"https:\/\/hnwoodmachinery.com\/tr\/wp-json\/wp\/v2\/types\/product"}],"author":[{"embeddable":true,"href":"https:\/\/hnwoodmachinery.com\/tr\/wp-json\/wp\/v2\/users\/1"}],"wp:featuredmedia":[{"embeddable":true,"href":"https:\/\/hnwoodmachinery.com\/tr\/wp-json\/wp\/v2\/media\/430"}],"wp:attachment":[{"href":"https:\/\/hnwoodmachinery.com\/tr\/wp-json\/wp\/v2\/media?parent=23"}],"wp:term":[{"taxonomy":"post_tag","embeddable":true,"href":"https:\/\/hnwoodmachinery.com\/tr\/wp-json\/wp\/v2\/tags?post=23"},{"taxonomy":"product-type","embeddable":true,"href":"https:\/\/hnwoodmachinery.com\/tr\/wp-json\/wp\/v2\/product-type?post=23"}],"curies":[{"name":"wp","href":"https:\/\/api.w.org\/{rel}","templated":true}]}}