{"id":222,"date":"2022-07-25T07:25:37","date_gmt":"2022-07-25T07:25:37","guid":{"rendered":"https:\/\/hnwoodmachinery.com\/?post_type=product&#038;p=222"},"modified":"2024-09-29T18:27:49","modified_gmt":"2024-09-29T10:27:49","slug":"comprehensive-pallet-crusher","status":"publish","type":"product","link":"https:\/\/hnwoodmachinery.com\/tr\/product\/comprehensive-pallet-crusher\/","title":{"rendered":"Kapsaml\u0131 Palet K\u0131r\u0131c\u0131 Y\u00fcksek Kapasiteli End\u00fcstriyel Ah\u015fap \u00d6\u011f\u00fct\u00fcc\u00fc"},"content":{"rendered":"<div class=\"kk-star-ratings kksr-auto kksr-align-left kksr-valign-top\"     data-payload='{&quot;align&quot;:&quot;left&quot;,&quot;id&quot;:&quot;222&quot;,&quot;slug&quot;:&quot;default&quot;,&quot;valign&quot;:&quot;top&quot;,&quot;ignore&quot;:&quot;&quot;,&quot;reference&quot;:&quot;auto&quot;,&quot;class&quot;:&quot;&quot;,&quot;count&quot;:&quot;91&quot;,&quot;legendonly&quot;:&quot;&quot;,&quot;readonly&quot;:&quot;&quot;,&quot;score&quot;:&quot;4.9&quot;,&quot;starsonly&quot;:&quot;&quot;,&quot;best&quot;:&quot;5&quot;,&quot;gap&quot;:&quot;5&quot;,&quot;greet&quot;:&quot;Rate this product&quot;,&quot;legend&quot;:&quot;4.9\\\/5 - (91 votes)&quot;,&quot;size&quot;:&quot;24&quot;,&quot;title&quot;:&quot;Comprehensive Pallet Crusher High Capacity Industrial Wood Grinder&quot;,&quot;width&quot;:&quot;139.6&quot;,&quot;_legend&quot;:&quot;{score}\\\/{best} - ({count} {votes})&quot;,&quot;font_factor&quot;:&quot;1.25&quot;}'>              <div class=\"kksr-stars\">      <div class=\"kksr-stars-inactive\">             <div class=\"kksr-star\" data-star=\"1\" style=\"padding-right: 5px\">               <div class=\"kksr-icon\" style=\"width: 24px; height: 24px;\"><\/div>         <\/div>             <div class=\"kksr-star\" data-star=\"2\" style=\"padding-right: 5px\">               <div class=\"kksr-icon\" style=\"width: 24px; height: 24px;\"><\/div>         <\/div>             <div class=\"kksr-star\" data-star=\"3\" style=\"padding-right: 5px\">               <div class=\"kksr-icon\" style=\"width: 24px; height: 24px;\"><\/div>         <\/div>             <div class=\"kksr-star\" data-star=\"4\" style=\"padding-right: 5px\">               <div class=\"kksr-icon\" style=\"width: 24px; height: 24px;\"><\/div>         <\/div>             <div class=\"kksr-star\" data-star=\"5\" style=\"padding-right: 5px\">               <div class=\"kksr-icon\" style=\"width: 24px; height: 24px;\"><\/div>         <\/div>     <\/div>      <div class=\"kksr-stars-active\" style=\"width: 139.6px;\">             <div class=\"kksr-star\" style=\"padding-right: 5px\">               <div class=\"kksr-icon\" style=\"width: 24px; height: 24px;\"><\/div>         <\/div>             <div class=\"kksr-star\" style=\"padding-right: 5px\">               <div class=\"kksr-icon\" style=\"width: 24px; height: 24px;\"><\/div>         <\/div>             <div class=\"kksr-star\" style=\"padding-right: 5px\">               <div class=\"kksr-icon\" style=\"width: 24px; height: 24px;\"><\/div>         <\/div>             <div class=\"kksr-star\" style=\"padding-right: 5px\">               <div class=\"kksr-icon\" style=\"width: 24px; height: 24px;\"><\/div>         <\/div>             <div class=\"kksr-star\" style=\"padding-right: 5px\">               <div class=\"kksr-icon\" style=\"width: 24px; height: 24px;\"><\/div>         <\/div>     <\/div> <\/div>                   <div class=\"kksr-legend\" style=\"font-size: 19.2px;\">             4,9\/5 - (91 oy)    <\/div>     <\/div>  <p class=\"translation-block\"><strong>Kapsaml\u0131 palet k\u0131r\u0131c\u0131<\/strong>, farkl\u0131 ah\u015fap t\u00fcrlerini i\u015flemek i\u00e7in \u00e7e\u015fitli end\u00fcstrilerde kullan\u0131l\u0131r. \u00c7ivili ah\u015fap, ah\u015fap paletler, in\u015faat sahas\u0131 at\u0131k ah\u015faplar\u0131, ah\u015fap braketler, dallar, kereste vb. ile \u00e7e\u015fitli toplu saman, saz ve di\u011fer \u00e7e\u015fitli ah\u015fap d\u0131\u015f\u0131 malzemeleri i\u015fleyebilir, geni\u015f bir uygulama alan\u0131na sahiptir. <\/p>    <p>Di\u011fer k\u0131r\u0131c\u0131larla kar\u015f\u0131la\u015ft\u0131r\u0131ld\u0131\u011f\u0131nda, kapsaml\u0131 k\u0131r\u0131c\u0131, beslemeyi daha p\u00fcr\u00fczs\u00fcz hale getirebilen ve \u00fcretim kapasitesini saatte 30 tona kadar b\u00fcy\u00fck \u00f6l\u00e7\u00fcde art\u0131rabilen zincir plakal\u0131 ta\u015f\u0131ma beslemesini benimser.<\/p>    <figure class=\"wp-block-embed aligncenter is-type-video is-provider-youtube wp-block-embed-youtube wp-embed-aspect-16-9 wp-has-aspect-ratio\"><div class=\"wp-block-embed__wrapper\"> <iframe loading=\"lazy\" title=\"Dev A\u011fa\u00e7 K\u0131r\u0131c\u0131: B\u00fcy\u00fck ah\u015fap paletleri g\u00fc\u00e7l\u00fc bir \u015fekilde par\u00e7alaman\u0131n en zorlu m\u00fccadelesi! \ud83d\udd25#ah\u015fap\" width=\"500\" height=\"281\" src=\"https:\/\/www.youtube.com\/embed\/bjuIT1J-sVk?feature=oembed\" frameborder=\"0\" allow=\"accelerometer; autoplay; clipboard-write; encrypted-media; gyroscope; picture-in-picture; web-share\" referrerpolicy=\"strict-origin-when-cross-origin\" allowfullscreen><\/iframe> <\/div><figcaption class=\"wp-element-caption\">kapsaml\u0131 palet k\u0131r\u0131c\u0131 makine \u00e7al\u0131\u015fma videosu<\/figcaption><\/figure>    <p>Shuliy kapsaml\u0131 palet k\u0131r\u0131c\u0131, kullan\u0131c\u0131lar\u0131n tahtalar\u0131, ah\u015fab\u0131 ve di\u011fer malzemeleri do\u011frudan \u00fczerine yerle\u015ftirmesine olanak tan\u0131yan bir besleme konvey\u00f6r band\u0131na sahiptir. Konvey\u00f6r band\u0131 daha sonra malzemeyi otomatik olarak k\u0131rma sistemine aktar\u0131r ve bu da \u00f6nemli \u00f6l\u00e7\u00fcde enerji tasarrufu sa\u011flar. Bu makine hem toplu hem de s\u00fcrekli ah\u015fap i\u015fleme i\u00e7in uygundur.<\/p>    <p class=\"translation-block\">Makine, \u00e7\u0131k\u0131\u015f\u0131nda bitmi\u015f \u00fcr\u00fcnden \u00e7ivi, d\u00f6k\u00fcnt\u00fc ve di\u011fer malzemeleri \u00e7\u0131karabilen manyetik bir emi\u015f cihaz\u0131na sahiptir. Ek olarak, m\u00fc\u015fterilerimizin \u00e7e\u015fitli ihtiya\u00e7lar\u0131n\u0131 kar\u015f\u0131lamak i\u00e7in \u00e7e\u015fitli ah\u015fap k\u0131r\u0131c\u0131 modelleri sunuyoruz. Ayr\u0131ca, <a href=\"https:\/\/hnwoodmachinery.com\/tr\/product\/wood-shredder-machine\/\">daha k\u00fc\u00e7\u00fck ah\u015fap k\u0131r\u0131c\u0131lar\u0131m\u0131z<\/a> da mevcuttur ve bunlar a\u011f\u0131rl\u0131kl\u0131 olarak k\u00fct\u00fck, dal vb. i\u015fleyebilir.<\/p>    <figure class=\"wp-block-gallery has-nested-images columns-default is-cropped wp-block-gallery-2 is-layout-flex wp-block-gallery-is-layout-flex\"> <figure class=\"wp-block-image size-large\"><img loading=\"lazy\" decoding=\"async\" width=\"720\" height=\"540\" data-id=\"415\" src=\"https:\/\/hnwoodmachinery.com\/wp-content\/uploads\/2022\/09\/comprehensive-pallet-crusher-a.webp\" alt=\"kapsaml\u0131 palet k\u0131r\u0131c\u0131\" class=\"wp-image-415\" title=\"kapsaml\u0131 palet k\u0131r\u0131c\u0131\"\/><figcaption class=\"wp-element-caption\">Kapsaml\u0131 Palet K\u0131r\u0131c\u0131<\/figcaption><\/figure>    <figure class=\"wp-block-image size-large\"><img loading=\"lazy\" decoding=\"async\" width=\"720\" height=\"540\" data-id=\"416\" src=\"https:\/\/hnwoodmachinery.com\/wp-content\/uploads\/2022\/09\/newly-manufactured-pallet-crusher-machine-a.webp\" alt=\"end\u00fcstriyel ah\u015fap palet par\u00e7alay\u0131c\u0131\" class=\"wp-image-416\" title=\"end\u00fcstriyel ah\u015fap palet par\u00e7alay\u0131c\u0131\"\/><figcaption class=\"wp-element-caption\">End\u00fcstriyel Ah\u015fap Palet Par\u00e7alay\u0131c\u0131<\/figcaption><\/figure> <\/figure>    <p>&nbsp;&nbsp;&nbsp;&nbsp;&nbsp;&nbsp;&nbsp;&nbsp;&nbsp;&nbsp;&nbsp;&nbsp;&nbsp;&nbsp;&nbsp;&nbsp;&nbsp;&nbsp;&nbsp;&nbsp;&nbsp;&nbsp;&nbsp;&nbsp;&nbsp;<\/p>    <h2 class=\"wp-block-heading\">End\u00fcstriyel ah\u015fap \u00f6\u011f\u00fct\u00fcc\u00fcn\u00fcn uygulama kapsam\u0131<\/h2>    <p>End\u00fcstriyel ah\u015fap \u00f6\u011f\u00fct\u00fcc\u00fc, silaj\u0131 etkili bir \u015fekilde k\u0131rarken, ambalaj kutular\u0131, \u015fablonlar, tahtalar, dallar, ah\u015fap kutular, paletler, m\u0131s\u0131r saplar\u0131, k\u00fct\u00fckler ve daha fazlas\u0131 dahil olmak \u00fczere \u00e7e\u015fitli at\u0131k ah\u015fap malzemeleri i\u015fleyebilir. \u0130\u015flevselli\u011fi sa\u011flam, sa\u011flam ve dayan\u0131kl\u0131 oldu\u011fundan \u00e7ok \u00e7e\u015fitli malzemeler i\u00e7in uygundur.<\/p>    <p class=\"translation-block\"><strong>Bitmi\u015f ah\u015fap yongalar\u0131n\u0131n uygulama kapsam\u0131<\/strong>: Ah\u015fap yongalar\u0131, biyok\u00fctle peletleri, m\u00fchendislik levhalar\u0131, k\u00f6m\u00fcr \u00fcretimi, organik g\u00fcbreler ve daha fazlas\u0131 i\u00e7in ana hammaddedir. Ayr\u0131ca santraller, <a href=\"https:\/\/en.wikipedia.org\/wiki\/Pellet_fuel\" target=\"_blank\" rel=\"noopener\">biyok\u00fctle pelet<\/a> \u00fcretim tesisleri, m\u00fchendislik levha \u00fcretimi ve di\u011fer \u00e7e\u015fitli end\u00fcstriler i\u00e7in de gereklidir.<\/p>   <div class=\"wp-block-image\"> <figure class=\"aligncenter size-full\"><img loading=\"lazy\" decoding=\"async\" width=\"720\" height=\"540\" src=\"https:\/\/hnwoodmachinery.com\/wp-content\/uploads\/2022\/09\/applications-of-industial-wood-grinder-machine-0.webp\" alt=\"end\u00fcstriyel ah\u015fap \u00f6\u011f\u00fct\u00fcc\u00fc makinesinin uygulamalar\u0131\" class=\"wp-image-417\" title=\"end\u00fcstriyel ah\u015fap \u00f6\u011f\u00fct\u00fcc\u00fc makinesinin uygulamalar\u0131\"\/><figcaption class=\"wp-element-caption\">end\u00fcstriyel ah\u015fap \u00f6\u011f\u00fct\u00fcc\u00fc makinesinin uygulamalar\u0131<\/figcaption><\/figure> <\/div>   <h2 class=\"wp-block-heading\">Ah\u015fap palet par\u00e7alay\u0131c\u0131n\u0131n dikkat \u00e7ekici \u00f6zellikleri<\/h2>    <ul class=\"wp-block-list\"> <li>Ekipmanlar\u0131n kurulumu ve kullan\u0131m\u0131 i\u00e7in \u00e7e\u015fitli co\u011frafi ve arazi ko\u015fullar\u0131na uyum sa\u011flayabilmekte, mevsimsel iklimlerden ve di\u011fer d\u0131\u015f etkenlerden etkilenmemektedir.<\/li>    <li>Geli\u015fmi\u015f palet k\u0131r\u0131c\u0131m\u0131z, \u00fcretim kapasitesini art\u0131ran otomatik besleme ve bo\u015faltman\u0131n yan\u0131 s\u0131ra otomatik kontrol \u00f6zelli\u011fine de sahiptir. Ek olarak insan-makine ayr\u0131m\u0131 sa\u011flayarak makinenin \u00e7al\u0131\u015fma g\u00fcvenli\u011fini art\u0131r\u0131r.<\/li>    <li>Kapsaml\u0131 k\u0131r\u0131c\u0131, metal \u00e7ivili olanlar da dahil olmak \u00fczere her t\u00fcrl\u00fc at\u0131k ah\u015fab\u0131 i\u015fleme kapasitesine sahiptir. K\u00fct\u00fckler, dallar, at\u0131lm\u0131\u015f mobilyalar ve tahtalar gibi \u00e7ok \u00e7e\u015fitli ham maddeleri bar\u0131nd\u0131rabilir.<\/li>    <li>Besleme i\u00e7in daha d\u00fczg\u00fcn malzeme giri\u015fi sa\u011flayan ve \u00fcretim kapasitesini \u00f6nemli \u00f6l\u00e7\u00fcde art\u0131ran bir zincir plakas\u0131 kullan\u0131r.\u3000\u3000<\/li> <\/ul>   <div class=\"wp-block-image\"> <figure class=\"aligncenter size-full\"><img loading=\"lazy\" decoding=\"async\" width=\"720\" height=\"540\" src=\"https:\/\/hnwoodmachinery.com\/wp-content\/uploads\/2022\/09\/industrial-wood-pallet-shredders-for-sale_.webp\" alt=\"end\u00fcstriyel ah\u015fap palet \u00f6\u011f\u00fct\u00fcc\u00fcler\" class=\"wp-image-418\" title=\"end\u00fcstriyel ah\u015fap palet \u00f6\u011f\u00fct\u00fcc\u00fcler\"\/><figcaption class=\"wp-element-caption\">end\u00fcstriyel ah\u015fap palet \u00f6\u011f\u00fct\u00fcc\u00fcler<\/figcaption><\/figure> <\/div>   <h2 class=\"wp-block-heading\">End\u00fcstriyel ah\u015fap k\u0131r\u0131c\u0131 makine parametreleri<\/h2>    <figure class=\"wp-block-table is-style-stripes\"><table><tbody><tr><td>Modeli<\/td><td>SL-C-1300<\/td><td>SL-C-1400<\/td><td>SL-C-1600<\/td><\/tr><tr><td>Besleme giri\u015fi boyutu<\/td><td>1300*500mm<\/td><td>1400*800mm<\/td><td>1600*800mm<\/td><\/tr><tr><td>Maksimum \u00e7ap\u0131 besleme<\/td><td>400 mm<\/td><td>500 mm<\/td><td>600 mm<\/td><\/tr><tr><td>\u00c7\u0131k\u0131\u015f boyutu<\/td><td>100 mm'den az<\/td><td>100 mm'den az<\/td><td>100 mm'den az<\/td><\/tr><tr><td>Giri\u015f konvey\u00f6r\u00fc<\/td><td>6m<\/td><td>6m<\/td><td>6m<\/td><\/tr><tr><td>\u00c7\u0131k\u0131\u015f konvey\u00f6r\u00fc<\/td><td>8m<\/td><td>10m<\/td><td>10m<\/td><\/tr><tr><td>\u00c7eki\u00e7 miktar\u0131<\/td><td>20 adet<\/td><td>32 adet<\/td><td>66 adet<\/td><\/tr><tr><td>Kapasite<\/td><td>8-10 ton\/saat<\/td><td>10-15 ton\/saat<\/td><td>20-30 ton\/saat<\/td><\/tr><tr><td>Toplam g\u00fc\u00e7<\/td><td>156,5kW<\/td><td>213,5kW<\/td><td>233,5kW<\/td><\/tr><tr><td>Genel boyut<\/td><td>8600*2000*2300mm<\/td><td>9600*2400*3300mm<\/td><td>12500*2800*3200mm<\/td><\/tr><\/tbody><\/table><figcaption class=\"wp-element-caption\">kapsaml\u0131 palet k\u0131r\u0131c\u0131 teknik verileri<\/figcaption><\/figure>    <h2 class=\"wp-block-heading\">Ah\u015fap palet par\u00e7alay\u0131c\u0131n\u0131n bile\u015fenleri nelerdir?<\/h2>    <p>Kapsaml\u0131 palet k\u0131r\u0131c\u0131 esas olarak bir besleme konvey\u00f6r\u00fc, besleme cihaz\u0131, b\u0131\u00e7ak silindiri, elek, bo\u015faltma portu, manyetik emme cihaz\u0131 vb. olu\u015fur. Makinenin yap\u0131s\u0131 geli\u015fmi\u015f ve makuld\u00fcr ve kullan\u0131m\u0131 ve bak\u0131m\u0131 kolayd\u0131r.<\/p>   <div class=\"wp-block-image\"> <figure class=\"aligncenter size-full\"><img loading=\"lazy\" decoding=\"async\" width=\"720\" height=\"540\" src=\"https:\/\/hnwoodmachinery.com\/wp-content\/uploads\/2022\/09\/structure-of-the-wood-crusher-machine_.webp\" alt=\"odun k\u0131rma makinesinin yap\u0131s\u0131\" class=\"wp-image-419\" title=\"odun k\u0131rma makinesinin yap\u0131s\u0131\"\/><figcaption class=\"wp-element-caption\">odun k\u0131rma makinesinin yap\u0131s\u0131<\/figcaption><\/figure> <\/div>   <h2 class=\"wp-block-heading\">B\u00fcy\u00fck kapasiteli bir a\u011fa\u00e7 k\u0131r\u0131c\u0131 nas\u0131l \u00e7al\u0131\u015f\u0131r?<\/h2>   <div id=\"rank-math-howto\" class=\"rank-math-block\" > <div class=\"rank-math-howto-description\">  <\/div>  <div class=\"rank-math-steps\"> <div id=\"howto-step-1717405163877\" class=\"rank-math-step\"> <div class=\"rank-math-step-content\"><p>Kapsaml\u0131 palet k\u0131rma makinesi \u00f6ncelikle ah\u015fab\u0131 par\u00e7alamak i\u00e7in darbe kuvvetini kullan\u0131r. \u00c7al\u0131\u015fma s\u0131ras\u0131nda motor, i\u00e7 rotorun y\u00fcksek h\u0131zlarda d\u00f6nmesine g\u00fc\u00e7 vererek ah\u015fab\u0131n k\u0131rma odas\u0131na e\u015fit \u015fekilde girmesini sa\u011flar.<\/p> <\/div> <\/div> <div id=\"howto-step-1717405183757\" class=\"rank-math-step\"> <div class=\"rank-math-step-content\"><p>Y\u00fcksek h\u0131zda d\u00f6nen \u00e7eki\u00e7ler daha sonra ah\u015faba \u00e7arparak par\u00e7alanmas\u0131na neden olur. Bu arada, a\u011f\u0131rl\u0131\u011f\u0131ndan etkilenen ah\u015fap, \u00e7eki\u00e7lerden sapt\u0131rma plakas\u0131na do\u011fru itilir.<\/p> <\/div> <\/div> <div id=\"howto-step-1717405206741\" class=\"rank-math-step\"> <div class=\"rank-math-step-content\"><p>Makinenin alt k\u0131sm\u0131nda elek plakas\u0131 bulunmaktad\u0131r; Ezilmi\u015f ah\u015fap, a\u011f boyutundan daha k\u00fc\u00e7\u00fck a\u00e7\u0131kl\u0131klardan ge\u00e7erken, daha b\u00fcy\u00fck par\u00e7alar \u00e7eki\u00e7ler taraf\u0131ndan daha fazla i\u015flenmek \u00fczere elek \u00fczerinde kal\u0131r.<\/p> <\/div> <\/div> <\/div> <\/div>       <figure class=\"wp-block-embed aligncenter is-type-video is-provider-youtube wp-block-embed-youtube wp-embed-aspect-16-9 wp-has-aspect-ratio\"><div class=\"wp-block-embed__wrapper\"> <iframe loading=\"lazy\" title=\"G\u00fc\u00e7l\u00fc Kereste Palet Par\u00e7alay\u0131c\u0131 \u0130\u015f Ba\u015f\u0131nda: Verimli Ah\u015fap At\u0131\u011f\u0131 Azaltma Teknolojisi!#crusher #wood\" width=\"500\" height=\"281\" src=\"https:\/\/www.youtube.com\/embed\/jimooBVD8i8?feature=oembed\" frameborder=\"0\" allow=\"accelerometer; autoplay; clipboard-write; encrypted-media; gyroscope; picture-in-picture; web-share\" referrerpolicy=\"strict-origin-when-cross-origin\" allowfullscreen><\/iframe> <\/div><figcaption class=\"wp-element-caption\">kapsaml\u0131 palet k\u0131r\u0131c\u0131 \u00e7al\u0131\u015fma prensibi<\/figcaption><\/figure>    <h2 class=\"wp-block-heading\">Singapur'a kapsaml\u0131 k\u0131r\u0131c\u0131 ihracat\u0131<\/h2>    <p>Singapurlu bir m\u00fc\u015fteri e-posta yoluyla bize ula\u015farak kapsaml\u0131 bir palet k\u0131r\u0131c\u0131ya olan ihtiyac\u0131n\u0131 dile getirdi. Daha \u00f6nce web sitemizi ziyaret etmi\u015f ve ileti\u015fim bilgilerimizi bulmu\u015ftu. K\u0131sa bir s\u00fcre sonra sat\u0131\u015f y\u00f6neticimiz e-postas\u0131na yan\u0131t verdi. <\/p>    <p>M\u00fc\u015fteriyle onun hammadde olarak ah\u015fap levhalar\u0131 i\u015fledi\u011fini teyit ettik. Levhalar\u0131n boyutlar\u0131 1200x1100x150mm olup i\u00e7erisinde \u00e7ivi bulunmaktad\u0131r. Ayr\u0131ca kendisine makinenin resimlerini, teknik \u00f6zelliklerini ve videosunu da verdik. Entegre k\u0131r\u0131c\u0131m\u0131z bu t\u00fcr hammaddeler i\u00e7in \u00e7ok uygundur. M\u00fc\u015fteri biraz d\u00fc\u015f\u00fcnd\u00fckten sonra sat\u0131n almaya karar verdi.<\/p>   <div class=\"wp-block-image\"> <figure class=\"aligncenter size-full\"><img loading=\"lazy\" decoding=\"async\" width=\"720\" height=\"540\" src=\"https:\/\/hnwoodmachinery.com\/wp-content\/uploads\/2022\/09\/comprehensive-crusher_.webp\" alt=\"kapsaml\u0131 k\u0131r\u0131c\u0131\" class=\"wp-image-421\" title=\"kapsaml\u0131 k\u0131r\u0131c\u0131\"\/><figcaption class=\"wp-element-caption\">kapsaml\u0131 k\u0131r\u0131c\u0131<\/figcaption><\/figure> <\/div>   <h2 class=\"wp-block-heading\">Bizimle ileti\u015fime ge\u00e7mekten memnuniyet duyar\u0131z<\/h2>    <p>Fabrikam\u0131z uzun y\u0131llard\u0131r ah\u015fap i\u015fleme makineleri \u00fcretiminde uzmanla\u015fm\u0131\u015ft\u0131r ve masaya zengin bir deneyim ve ileri teknoloji getirmektedir. \u00c7e\u015fitli ah\u015fap geri d\u00f6n\u00fc\u015f\u00fcm ihtiya\u00e7lar\u0131n\u0131 kar\u015f\u0131layan y\u00fcksek kaliteli, b\u00fcy\u00fck kapasiteli entegre k\u0131r\u0131c\u0131lar sunmaya kendimizi adad\u0131k. \u00dcr\u00fcnlerimiz hakk\u0131nda daha fazla bilgi edinmek veya fabrikam\u0131z\u0131 ziyaret etmek i\u00e7in istedi\u011finiz zaman bize ula\u015fmaktan \u00e7ekinmeyin. Birlikte \u00e7al\u0131\u015fma f\u0131rsat\u0131n\u0131 sab\u0131rs\u0131zl\u0131kla bekliyoruz.<\/p>","protected":false},"excerpt":{"rendered":"<p>Kapsaml\u0131 palet k\u0131r\u0131c\u0131n\u0131n geni\u015f bir uygulama yelpazesi vard\u0131r. B\u00fcy\u00fck \u00e7\u0131kt\u0131, y\u00fcksek verimlilik, a\u015f\u0131nma direnci ve dayan\u0131kl\u0131l\u0131k ile \u00e7e\u015fitli ah\u015fap t\u00fcrleri i\u00e7in uygundur.<\/p>","protected":false},"author":1,"featured_media":520,"parent":0,"template":"","tags":[35,40,39],"product-type":[7],"class_list":["post-222","product","type-product","status-publish","has-post-thumbnail","hentry","tag-wood","tag-wood-chips","tag-wood-pallet","product-type-wood-crusher"],"_links":{"self":[{"href":"https:\/\/hnwoodmachinery.com\/tr\/wp-json\/wp\/v2\/product\/222","targetHints":{"allow":["GET"]}}],"collection":[{"href":"https:\/\/hnwoodmachinery.com\/tr\/wp-json\/wp\/v2\/product"}],"about":[{"href":"https:\/\/hnwoodmachinery.com\/tr\/wp-json\/wp\/v2\/types\/product"}],"author":[{"embeddable":true,"href":"https:\/\/hnwoodmachinery.com\/tr\/wp-json\/wp\/v2\/users\/1"}],"wp:featuredmedia":[{"embeddable":true,"href":"https:\/\/hnwoodmachinery.com\/tr\/wp-json\/wp\/v2\/media\/520"}],"wp:attachment":[{"href":"https:\/\/hnwoodmachinery.com\/tr\/wp-json\/wp\/v2\/media?parent=222"}],"wp:term":[{"taxonomy":"post_tag","embeddable":true,"href":"https:\/\/hnwoodmachinery.com\/tr\/wp-json\/wp\/v2\/tags?post=222"},{"taxonomy":"product-type","embeddable":true,"href":"https:\/\/hnwoodmachinery.com\/tr\/wp-json\/wp\/v2\/product-type?post=222"}],"curies":[{"name":"wp","href":"https:\/\/api.w.org\/{rel}","templated":true}]}}