{"id":207,"date":"2022-07-22T08:10:18","date_gmt":"2022-07-22T08:10:18","guid":{"rendered":"https:\/\/hnwoodmachinery.com\/?post_type=product&#038;p=207"},"modified":"2024-09-24T18:28:36","modified_gmt":"2024-09-24T10:28:36","slug":"drum-wood-chipper","status":"publish","type":"product","link":"https:\/\/hnwoodmachinery.com\/tr\/product\/drum-wood-chipper\/","title":{"rendered":"Davul A\u011fa\u00e7 \u00d6\u011f\u00fct\u00fcc\u00fc Ticari Kereste Cips Yapma Makinesi"},"content":{"rendered":"<div class=\"kk-star-ratings kksr-auto kksr-align-left kksr-valign-top\"     data-payload='{&quot;align&quot;:&quot;left&quot;,&quot;id&quot;:&quot;207&quot;,&quot;slug&quot;:&quot;default&quot;,&quot;valign&quot;:&quot;top&quot;,&quot;ignore&quot;:&quot;&quot;,&quot;reference&quot;:&quot;auto&quot;,&quot;class&quot;:&quot;&quot;,&quot;count&quot;:&quot;94&quot;,&quot;legendonly&quot;:&quot;&quot;,&quot;readonly&quot;:&quot;&quot;,&quot;score&quot;:&quot;4.8&quot;,&quot;starsonly&quot;:&quot;&quot;,&quot;best&quot;:&quot;5&quot;,&quot;gap&quot;:&quot;5&quot;,&quot;greet&quot;:&quot;Rate this product&quot;,&quot;legend&quot;:&quot;4.8\\\/5 - (94 votes)&quot;,&quot;size&quot;:&quot;24&quot;,&quot;title&quot;:&quot;Drum Wood Chipper Commercial Timber Chips Making Machine&quot;,&quot;width&quot;:&quot;136.7&quot;,&quot;_legend&quot;:&quot;{score}\\\/{best} - ({count} {votes})&quot;,&quot;font_factor&quot;:&quot;1.25&quot;}'>              <div class=\"kksr-stars\">      <div class=\"kksr-stars-inactive\">             <div class=\"kksr-star\" data-star=\"1\" style=\"padding-right: 5px\">               <div class=\"kksr-icon\" style=\"width: 24px; height: 24px;\"><\/div>         <\/div>             <div class=\"kksr-star\" data-star=\"2\" style=\"padding-right: 5px\">               <div class=\"kksr-icon\" style=\"width: 24px; height: 24px;\"><\/div>         <\/div>             <div class=\"kksr-star\" data-star=\"3\" style=\"padding-right: 5px\">               <div class=\"kksr-icon\" style=\"width: 24px; height: 24px;\"><\/div>         <\/div>             <div class=\"kksr-star\" data-star=\"4\" style=\"padding-right: 5px\">               <div class=\"kksr-icon\" style=\"width: 24px; height: 24px;\"><\/div>         <\/div>             <div class=\"kksr-star\" data-star=\"5\" style=\"padding-right: 5px\">               <div class=\"kksr-icon\" style=\"width: 24px; height: 24px;\"><\/div>         <\/div>     <\/div>      <div class=\"kksr-stars-active\" style=\"width: 136.7px;\">             <div class=\"kksr-star\" style=\"padding-right: 5px\">               <div class=\"kksr-icon\" style=\"width: 24px; height: 24px;\"><\/div>         <\/div>             <div class=\"kksr-star\" style=\"padding-right: 5px\">               <div class=\"kksr-icon\" style=\"width: 24px; height: 24px;\"><\/div>         <\/div>             <div class=\"kksr-star\" style=\"padding-right: 5px\">               <div class=\"kksr-icon\" style=\"width: 24px; height: 24px;\"><\/div>         <\/div>             <div class=\"kksr-star\" style=\"padding-right: 5px\">               <div class=\"kksr-icon\" style=\"width: 24px; height: 24px;\"><\/div>         <\/div>             <div class=\"kksr-star\" style=\"padding-right: 5px\">               <div class=\"kksr-icon\" style=\"width: 24px; height: 24px;\"><\/div>         <\/div>     <\/div> <\/div>                   <div class=\"kksr-legend\" style=\"font-size: 19.2px;\">             4.8\/5 - (94 oy)    <\/div>     <\/div>  <p>Tamburlu a\u011fa\u00e7 \u00f6\u011f\u00fct\u00fcc\u00fc geli\u015fmi\u015f bir kesme sistemi ile donat\u0131lm\u0131\u015ft\u0131r. Saatte 15 tona kadar ah\u015fap i\u015fleme kapasitesi ile hassas ve h\u0131zl\u0131 yongalama i\u015flemleri i\u00e7in \u00e7e\u015fitli sertliklerdeki k\u00fct\u00fck ve dallar\u0131 kolayl\u0131kla i\u015fleyebilir. <\/p>    <p>Bu makinenin y\u00fcksek verimi nedeniyle genellikle orta ve b\u00fcy\u00fck a\u011fa\u00e7 i\u015fleyicilerinde kullan\u0131l\u0131r. Tala\u015flar genellikle odun k\u0131rmadan \u00f6nce kaba k\u0131rma, ka\u011f\u0131t yap\u0131m\u0131, yak\u0131t ve her t\u00fcrl\u00fc tahta yap\u0131m\u0131nda vb. kullan\u0131l\u0131r.<\/p>    <figure class=\"wp-block-embed aligncenter is-type-video is-provider-youtube wp-block-embed-youtube wp-embed-aspect-16-9 wp-has-aspect-ratio\"><div class=\"wp-block-embed__wrapper\"> <iframe loading=\"lazy\" title=\"B\u00fcy\u00fck Kapasiteli Tambur Tipi A\u011fa\u00e7 \u00d6\u011f\u00fct\u00fcc\u00fcn\u00fcn G\u00fcc\u00fcn\u00fc Ortaya \u00c7\u0131kar\u0131n: Keresteyi Bir Profesyonel Gibi Par\u00e7alay\u0131n!\" width=\"500\" height=\"281\" src=\"https:\/\/www.youtube.com\/embed\/EXLexC2cebo?start=4&#038;feature=oembed\" frameborder=\"0\" allow=\"accelerometer; autoplay; clipboard-write; encrypted-media; gyroscope; picture-in-picture; web-share\" referrerpolicy=\"strict-origin-when-cross-origin\" allowfullscreen><\/iframe> <\/div><figcaption class=\"wp-element-caption\">b\u00fcy\u00fck davul odun par\u00e7alama makinesi \u00e7al\u0131\u015fma videosu<\/figcaption><\/figure>    <p>Tamburlu par\u00e7alay\u0131c\u0131, otomatik besleme i\u00e7in hem zaman hem de i\u015f g\u00fcc\u00fc gereksinimlerini \u00f6nemli \u00f6l\u00e7\u00fcde azaltan bir ta\u015f\u0131ma band\u0131yla donat\u0131lm\u0131\u015ft\u0131r. Ayr\u0131ca tambur \u00f6\u011f\u00fct\u00fcc\u00fcdeki bas\u0131n\u00e7 silindirleri, malzemeyi aktif olarak \u00f6\u011f\u00fctme sistemine iter. <\/p>    <p class=\"translation-block\">Bu makine, tam bir odun yonga \u00fcretim hatt\u0131 olu\u015fturmak i\u00e7in bir konvey\u00f6r bant ve bir \u00e7eki\u00e7li de\u011firmen ile entegre edilebilir. Ayr\u0131ca, daha k\u00fc\u00e7\u00fck <a href=\"https:\/\/hnwoodmachinery.com\/tr\/product\/wood-chips-making-machine\/\">k\u00fc\u00e7\u00fck odun yongalama makineleri<\/a> de \u00fcretiyoruz.<\/p>   <div class=\"wp-block-image\"> <figure class=\"aligncenter size-full\"><img loading=\"lazy\" decoding=\"async\" width=\"720\" height=\"540\" src=\"https:\/\/hnwoodmachinery.com\/wp-content\/uploads\/2022\/09\/industrial-wood-chipper0.webp\" alt=\"end\u00fcstriyel odun par\u00e7alay\u0131c\u0131\" class=\"wp-image-407\" title=\"end\u00fcstriyel odun par\u00e7alay\u0131c\u0131\"\/><figcaption class=\"wp-element-caption\">end\u00fcstriyel odun par\u00e7alay\u0131c\u0131<\/figcaption><\/figure> <\/div>   <h2 class=\"wp-block-heading\">Ticari odun par\u00e7alay\u0131c\u0131yla ilgili uygulamalar<\/h2>    <p class=\"translation-block\"><strong>Hammadde:<\/strong> bu tamburlu yongalama makinesi, kereste, tomruk ve k\u00fc\u00e7\u00fck \u00e7apl\u0131 odun gibi \u00e7e\u015fitli malzemeleri i\u015fleyebilir. (L\u00fctfen bu makine ile kullan\u0131lan malzemelerin \u00e7ivi i\u00e7ermemesi gerekti\u011fini unutmay\u0131n).<\/p>    <p class=\"translation-block\"><strong>Odun yongalar\u0131n\u0131n uygulama kapsam\u0131:<\/strong> \u00fcretilen odun yongalar\u0131 ka\u011f\u0131t yap\u0131m\u0131nda, sunta ve lif levha \u00fcretiminde veya yak\u0131t olarak kullan\u0131labilir. Ayr\u0131ca, odun yongalar\u0131n\u0131 do\u011frudan satabiliriz.<\/p>   <div class=\"wp-block-image\"> <figure class=\"aligncenter size-full\"><img loading=\"lazy\" decoding=\"async\" width=\"720\" height=\"540\" src=\"https:\/\/hnwoodmachinery.com\/wp-content\/uploads\/2022\/09\/using-scope-of-the-wood-chipper-0-2.webp\" alt=\"Odun par\u00e7alama makinesinin kullan\u0131m alan\u0131\" class=\"wp-image-412\" title=\"Odun par\u00e7alama makinesinin kullan\u0131m alan\u0131\"\/><figcaption class=\"wp-element-caption\">tambur odun par\u00e7alay\u0131c\u0131n\u0131n kapsam\u0131n\u0131 kullanma<\/figcaption><\/figure> <\/div>   <h2 class=\"wp-block-heading\">End\u00fcstriyel a\u011fa\u00e7 \u00f6\u011f\u00fct\u00fcc\u00fcn\u00fcn benzersiz faydalar\u0131<\/h2>    <ul class=\"wp-block-list\"> <li>G\u00fc\u00e7l\u00fc \u00e7al\u0131\u015fma. \u00c7e\u015fitli malzemeleri verimli bir \u015fekilde i\u015fleyebilir. Nihai \u00fcr\u00fcn i\u015fleme iyidir.<\/li>    <li>Makinenin uzun hizmet \u00f6mr\u00fc: makinenin b\u0131\u00e7ak silindiri, b\u0131\u00e7ak plakas\u0131 ve b\u0131\u00e7aklar\u0131 y\u00fcksek kaliteli malzemelerden yap\u0131lm\u0131\u015ft\u0131r, bu da a\u015f\u0131nmaya dayan\u0131kl\u0131 ve dayan\u0131kl\u0131d\u0131r.<\/li>    <li>Tamburlu a\u011fa\u00e7 \u00f6\u011f\u00fct\u00fcc\u00fcn\u00fcn ba\u011f\u0131ms\u0131z bir elektrik kontrol kabini vard\u0131r, bu nedenle makinenin kullan\u0131m\u0131 g\u00fcvenli ve kullan\u0131m\u0131 kolayd\u0131r.<\/li>    <li>Par\u00e7alay\u0131c\u0131, besleme portunun boyutunu otomatik olarak ayarlayabilir. Hammaddenin farkl\u0131 kal\u0131nl\u0131klar\u0131na g\u00f6re \u00fcst besleme silindiri hidrolik sistem yard\u0131m\u0131yla belirli bir aral\u0131kta yukar\u0131 a\u015fa\u011f\u0131 hareket ettirilebilir.<\/li> <\/ul>   <div class=\"wp-block-image\"> <figure class=\"aligncenter size-full\"><img loading=\"lazy\" decoding=\"async\" width=\"720\" height=\"540\" src=\"https:\/\/hnwoodmachinery.com\/wp-content\/uploads\/2022\/09\/drum-wood-chipper-0.webp\" alt=\"end\u00fcstriyel odun par\u00e7alay\u0131c\u0131\" class=\"wp-image-409\" title=\"end\u00fcstriyel odun par\u00e7alay\u0131c\u0131\"\/><figcaption class=\"wp-element-caption\">end\u00fcstriyel odun par\u00e7alay\u0131c\u0131<\/figcaption><\/figure> <\/div>   <h2 class=\"wp-block-heading\">Tamburlu a\u011fa\u00e7 yongalama makinesinin i\u00e7 yap\u0131s\u0131<\/h2>    <p>Tamburlu odun par\u00e7alay\u0131c\u0131 esas olarak g\u00f6vdeyi, b\u0131\u00e7ak silindirini, besleme ve bo\u015faltma mekanizmas\u0131n\u0131, hidrolik sistemi, besleme cihaz\u0131n\u0131 ve di\u011fer par\u00e7alar\u0131 i\u00e7erir.<\/p>    <ul class=\"wp-block-list\"> <li>G\u00f6vde: tamam\u0131, t\u00fcm makinenin destek taban\u0131 olan y\u00fcksek mukavemetli \u00e7elik levha ile kaynaklanm\u0131\u015ft\u0131r. <\/li>    <li>B\u0131\u00e7ak silindiri: B\u0131\u00e7ak \u00e7ubu\u011funa monte edilmi\u015f birka\u00e7 u\u00e7an b\u0131\u00e7ak vard\u0131r. Ve u\u00e7an b\u0131\u00e7aklar\u0131 bas\u0131n\u00e7 blo\u011fu arac\u0131l\u0131\u011f\u0131yla b\u0131\u00e7ak silindirine sabitliyoruz.<\/li>    <li>Hidrolik sistem: Ya\u011f silindiri, kapa\u011f\u0131 \u00e7al\u0131\u015ft\u0131rabilen ve b\u0131\u00e7a\u011f\u0131n de\u011fi\u015ftirilmesini kolayla\u015ft\u0131rabilen ya\u011f pompas\u0131 taraf\u0131ndan beslenir. \u00dcst besleme silindiri d\u00fczene\u011fi bak\u0131m s\u0131ras\u0131nda kald\u0131r\u0131labilir, bu da u\u00e7an b\u0131\u00e7ak ile alt b\u0131\u00e7ak aras\u0131ndaki bo\u015flu\u011fun ayarlanmas\u0131n\u0131 kolayla\u015ft\u0131r\u0131r.<\/li>    <li>Yukar\u0131-a\u015fa\u011f\u0131 besleme mekanizmas\u0131: bir besleme aray\u00fcz\u00fc, bir yukar\u0131-a\u015fa\u011f\u0131 besleme silindiri ve bir besleme bo\u015flu\u011fu ayarlama mekanizmas\u0131ndan olu\u015fur. Besleme aray\u00fcz\u00fcnden giren ah\u015fap, \u00fcst ve alt besleme silindirleri taraf\u0131ndan preslenerek belirli bir h\u0131zla yongalama mekanizmas\u0131na beslenir.<\/li> <\/ul>   <div class=\"wp-block-image\"> <figure class=\"aligncenter size-full\"><img loading=\"lazy\" decoding=\"async\" width=\"720\" height=\"540\" src=\"https:\/\/hnwoodmachinery.com\/wp-content\/uploads\/2022\/09\/drum-wood-chippers-structure-0.webp\" alt=\"end\u00fcstriyel odun par\u00e7alay\u0131c\u0131\" class=\"wp-image-408\" title=\"end\u00fcstriyel odun par\u00e7alay\u0131c\u0131\"\/><figcaption class=\"wp-element-caption\">end\u00fcstriyel odun par\u00e7alay\u0131c\u0131<\/figcaption><\/figure> <\/div>   <h2 class=\"wp-block-heading\">B\u00fcy\u00fck ticari odun par\u00e7alay\u0131c\u0131 \u00f6zellikleri<\/h2>    <figure class=\"wp-block-table is-style-stripes\"><table><tbody><tr><td><strong>Modeli<\/strong><\/td><td><strong>SL-218<\/strong><\/td><td><strong>SL-216<\/strong><\/td><\/tr><tr><td><strong>B\u0131\u00e7ak miktar\u0131<\/strong><\/td><td>2<\/td><td>2<\/td><\/tr><tr><td><strong>Besleme boyutu<\/strong><strong><\/strong><\/td><td>300*680 mm<\/td><td>230*500mm<\/td><\/tr><tr><td><strong>Kapasite<\/strong><strong><\/strong><\/td><td>10-15 ton\/saat<\/td><td>5-8 ton\/saat<\/td><\/tr><tr><td><strong>Hammadde boyutu<\/strong><strong><\/strong><\/td><td>\u2264300 mm<\/td><td>\u2264230 mm<\/td><\/tr><tr><td><strong>Tala\u015f boyutu<\/strong><strong><\/strong><\/td><td>25 mm(Ayarlanabilir)<\/td><td>25 mm(Ayarlanabilir)<\/td><\/tr><tr><td><strong>Ana g\u00fc\u00e7<\/strong><strong><\/strong><\/td><td>110 kW<\/td><td>55 kw<\/td><\/tr><tr><td><strong>A\u011f\u0131rl\u0131k<\/strong><strong><\/strong><\/td><td>8600 kg<\/td><td>5600 kilo<\/td><\/tr><tr><td><strong>Besleme giri\u015f konvey\u00f6r\u00fc<\/strong><strong><\/strong><\/td><td>6 m<\/td><td>6 m<\/td><\/tr><tr><td><strong>\u00c7\u0131k\u0131\u015f konvey\u00f6r\u00fc<\/strong><strong><\/strong><\/td><td>8 m<\/td><td>8 m<\/td><\/tr><tr><td><strong>Ambalaj boyutu<\/strong><\/td><td>3105*2300*1650 mm<\/td><td>2735*2200*1200mm<\/td><\/tr><\/tbody><\/table><figcaption class=\"wp-element-caption\">davul odun par\u00e7alay\u0131c\u0131 teknik veriler<\/figcaption><\/figure>    <h2 class=\"wp-block-heading\">Bu tala\u015f yapma makinesi nas\u0131l \u00e7al\u0131\u015f\u0131r?<\/h2>   <div id=\"rank-math-howto\" class=\"rank-math-block\" > <div class=\"rank-math-howto-description\">  <\/div>  <div class=\"rank-math-steps\"> <div id=\"howto-step-1717407006129\" class=\"rank-math-step\"> <div class=\"rank-math-step-content\"><p>Tahta besleme a\u011fz\u0131ndan beslenir ve kesme b\u0131\u00e7a\u011f\u0131yla temas etti\u011finde kesme b\u0131\u00e7a\u011f\u0131n\u0131n y\u00fcksek h\u0131zda d\u00f6nmesiyle kesilir.<\/p> <\/div> <\/div> <div id=\"howto-step-1717407019499\" class=\"rank-math-step\"> <div class=\"rank-math-step-content\"><p>Kesme mekanizmas\u0131, \u00fczerine birka\u00e7 u\u00e7an b\u0131\u00e7a\u011f\u0131n monte edildi\u011fi d\u00f6nen bir tambur \u00e7ark\u0131d\u0131r. B\u0131\u00e7aklar ah\u015fab\u0131 par\u00e7alara ay\u0131rmak i\u00e7in d\u00f6ner.<\/p> <\/div> <\/div> <div id=\"howto-step-1717407032563\" class=\"rank-math-step\"> <div class=\"rank-math-step-content\"><p class=\"translation-block\">Tambur tekerle\u011finin d\u0131\u015f kenar\u0131nda birka\u00e7 kare delik bulunur ve nitelikli malzemenin kesilmi\u015f par\u00e7alar\u0131 elek deliklerinden d\u00fc\u015ferek alttan tahliye edilir. Daha b\u00fcy\u00fck malzeme par\u00e7alar\u0131 <a href=\"https:\/\/en.wikipedia.org\/wiki\/Woodchipper\" target=\"_blank\" rel=\"noopener\">odun yongalay\u0131c\u0131<\/a> makinesinde tekrar kesilir.<\/p> <\/div> <\/div> <\/div> <\/div>       <figure class=\"wp-block-embed aligncenter is-type-video is-provider-youtube wp-block-embed-youtube wp-embed-aspect-16-9 wp-has-aspect-ratio\"><div class=\"wp-block-embed__wrapper\"> <iframe loading=\"lazy\" title=\"B\u00fcy\u00fck end\u00fcstriyel odun par\u00e7alay\u0131c\u0131, davul odun par\u00e7alay\u0131c\u0131 sat\u0131l\u0131k\" width=\"500\" height=\"281\" src=\"https:\/\/www.youtube.com\/embed\/4ADKE0Xolj8?feature=oembed\" frameborder=\"0\" allow=\"accelerometer; autoplay; clipboard-write; encrypted-media; gyroscope; picture-in-picture; web-share\" referrerpolicy=\"strict-origin-when-cross-origin\" allowfullscreen><\/iframe> <\/div><figcaption class=\"wp-element-caption\">tala\u015f yapma makinesi \u00e7al\u0131\u015fma videosu<\/figcaption><\/figure>   <div class=\"wp-block-image\"> <figure class=\"aligncenter size-full\"><img loading=\"lazy\" decoding=\"async\" width=\"720\" height=\"540\" src=\"http:\/\/hnwoodmachinery.com\/wp-content\/uploads\/2022\/07\/wood-chips-making-machine.webp\" alt=\"odun tala\u015f\u0131 yapma makinesi\" class=\"wp-image-1080\" title=\"\" srcset=\"https:\/\/hnwoodmachinery.com\/wp-content\/uploads\/2022\/07\/wood-chips-making-machine.webp 720w, https:\/\/hnwoodmachinery.com\/wp-content\/uploads\/2022\/07\/wood-chips-making-machine-300x225.webp 300w, https:\/\/hnwoodmachinery.com\/wp-content\/uploads\/2022\/07\/wood-chips-making-machine-16x12.webp 16w\" sizes=\"auto, (max-width: 720px) 100vw, 720px\" \/><figcaption class=\"wp-element-caption\">davul a\u011fa\u00e7 par\u00e7alama makinesi<\/figcaption><\/figure> <\/div>   <h2 class=\"wp-block-heading\">Neden Shuliy'nin davul odun par\u00e7alama makinesini se\u00e7melisiniz?<\/h2>    <ul class=\"wp-block-list\"> <li>Yeni tasarlanm\u0131\u015f b\u0131\u00e7ak rotoru sayesinde b\u0131\u00e7aklar\u0131n de\u011fi\u015ftirilmesi kolayd\u0131r.<\/li>    <li>K\u0131rma haznesi kapa\u011f\u0131, kolay bak\u0131m ve b\u0131\u00e7ak de\u011fi\u015fimi i\u00e7in hidrolik olarak a\u00e7\u0131labilir.<\/li>    <li>Ekran boyutu, nihai \u00fcr\u00fcn boyutunun farkl\u0131 gereksinimlerine g\u00f6re \u00f6zelle\u015ftirilebilir. Hidrolik tampon sistemi sorunsuz \u00e7al\u0131\u015fmay\u0131 sa\u011flar.<\/li>    <li>Ters besleme cihaz\u0131, bant makinesi ilerlemek i\u00e7in tersine \u00e7evrilebilir. Bu cihaz, b\u00fcy\u00fck ah\u015fap par\u00e7alar\u0131yla kar\u015f\u0131la\u015f\u0131ld\u0131\u011f\u0131nda makineyi koruyabilir.<\/li>    <li>Geleneksel modellere g\u00f6re daha b\u00fcy\u00fck kapasite ve daha b\u00fcy\u00fck besleme boyutu, 230-500 mm \u00e7ap\u0131ndaki k\u00fct\u00fckleri kesebilir.<\/li> <\/ul>   <div class=\"wp-block-image\"> <figure class=\"aligncenter size-full\"><img loading=\"lazy\" decoding=\"async\" width=\"720\" height=\"540\" src=\"https:\/\/hnwoodmachinery.com\/wp-content\/uploads\/2022\/09\/commercial-wood-chipper-0.webp\" alt=\"ticari odun par\u00e7alay\u0131c\u0131\" class=\"wp-image-413\" title=\"ticari odun par\u00e7alay\u0131c\u0131\"\/><figcaption class=\"wp-element-caption\">ticari odun par\u00e7alay\u0131c\u0131<\/figcaption><\/figure> <\/div>   <p>Fabrikam\u0131z uzun y\u0131llard\u0131r ah\u015fap i\u015fleme makinelerinin \u00fcretimi ve imalat\u0131 konusunda uzmanla\u015fm\u0131\u015f, zengin deneyim ve ileri teknoloji kazanm\u0131\u015ft\u0131r. Sizi istedi\u011finiz zaman bize dan\u0131\u015fmaya i\u00e7tenlikle davet ediyoruz ve fabrikam\u0131z\u0131 ziyaret etmenizi memnuniyetle kar\u015f\u0131l\u0131yoruz. Sizinle i\u015fbirli\u011fi yapmay\u0131 sab\u0131rs\u0131zl\u0131kla bekliyoruz.<\/p>","protected":false},"excerpt":{"rendered":"<p>Tamburlu a\u011fa\u00e7 \u00f6\u011f\u00fct\u00fcc\u00fc, b\u00fcy\u00fck bir end\u00fcstriyel a\u011fa\u00e7 yongalama makinesidir. Bu makine b\u00fcy\u00fck bir \u00e7\u0131kt\u0131ya sahiptir ve genellikle orta ve b\u00fcy\u00fck a\u011fa\u00e7 i\u015fleme fabrikalar\u0131nda kullan\u0131l\u0131r.<\/p>","protected":false},"author":1,"featured_media":403,"parent":0,"template":"","tags":[41,35,40],"product-type":[9],"class_list":["post-207","product","type-product","status-publish","has-post-thumbnail","hentry","tag-timber","tag-wood","tag-wood-chips","product-type-wood-chipper"],"_links":{"self":[{"href":"https:\/\/hnwoodmachinery.com\/tr\/wp-json\/wp\/v2\/product\/207","targetHints":{"allow":["GET"]}}],"collection":[{"href":"https:\/\/hnwoodmachinery.com\/tr\/wp-json\/wp\/v2\/product"}],"about":[{"href":"https:\/\/hnwoodmachinery.com\/tr\/wp-json\/wp\/v2\/types\/product"}],"author":[{"embeddable":true,"href":"https:\/\/hnwoodmachinery.com\/tr\/wp-json\/wp\/v2\/users\/1"}],"wp:featuredmedia":[{"embeddable":true,"href":"https:\/\/hnwoodmachinery.com\/tr\/wp-json\/wp\/v2\/media\/403"}],"wp:attachment":[{"href":"https:\/\/hnwoodmachinery.com\/tr\/wp-json\/wp\/v2\/media?parent=207"}],"wp:term":[{"taxonomy":"post_tag","embeddable":true,"href":"https:\/\/hnwoodmachinery.com\/tr\/wp-json\/wp\/v2\/tags?post=207"},{"taxonomy":"product-type","embeddable":true,"href":"https:\/\/hnwoodmachinery.com\/tr\/wp-json\/wp\/v2\/product-type?post=207"}],"curies":[{"name":"wp","href":"https:\/\/api.w.org\/{rel}","templated":true}]}}