{"id":3,"date":"2022-07-15T10:01:21","date_gmt":"2022-07-15T10:01:21","guid":{"rendered":"http:\/\/hnwoodmachinery.com\/?page_id=3"},"modified":"2022-09-22T15:00:54","modified_gmt":"2022-09-22T07:00:54","slug":"about-us","status":"publish","type":"page","link":"https:\/\/hnwoodmachinery.com\/tr\/about-us\/","title":{"rendered":"Hakk\u0131m\u0131zda"},"content":{"rendered":"<div class=\"wp-block-media-text alignwide is-stacked-on-mobile\"><figure class=\"wp-block-media-text__media\"><img loading=\"lazy\" decoding=\"async\" width=\"720\" height=\"540\" src=\"https:\/\/hnwoodmachinery.com\/wp-content\/uploads\/2022\/09\/our-factory-.webp\" alt=\"fabrikam\u0131z\" class=\"wp-image-615 size-full\" title=\"\"><\/figure><div class=\"wp-block-media-text__content\"> <p class=\"translation-block\">Shuliy Machinery, \u00c7in'in Henan Eyaleti'nde, Zhengzhou'da bulunmaktad\u0131r. Ah\u015fap i\u015fleme makineleri \u00fcreten b\u00fcy\u00fck bir \u00fcreticidir. 2011 y\u0131l\u0131nda kurulmu\u015ftur. \u0130hracat konusunda zengin bir deneyime sahibiz. Ve makineleri <strong>BAE, G\u00fcney Afrika, Peru, Libya, Bulgaristan, Yeni Zelanda, ABD, Kanada, Filipinler, Malezya<\/strong> gibi bir\u00e7ok \u00fclkeye ihra\u00e7 ediyoruz. Her m\u00fc\u015fteriye y\u00fcksek kaliteli makineler, uygun fiyat ve d\u00fc\u015f\u00fcnceli hizmet sunuyoruz. Bu nedenle, bir\u00e7ok \u00fclkeyle uzun vadeli i\u015fbirli\u011fi s\u00fcrd\u00fcrd\u00fck.<\/p> <\/div><\/div>    <h2 class=\"wp-block-heading\" id=\"h-main-products\">Ana \u00dcr\u00fcnler<\/h2>    <p class=\"translation-block\">Shuliy Machinery'nin ana \u00fcr\u00fcnleri aras\u0131nda <strong>ah\u015fap kabuk soyma makinesi<\/strong>, <strong>testere makinesi<\/strong>, <strong>ah\u015fap tala\u015f\u0131 makinesi<\/strong>, <strong>ah\u015fap k\u0131r\u0131c\u0131<\/strong>, <strong>ah\u015fap par\u00e7alama makinesi<\/strong>, end\u00fcstriyel ah\u015fap par\u00e7alama makinesi, <strong>kapsaml\u0131 k\u0131r\u0131c\u0131<\/strong> vb. bulunmaktad\u0131r. Ayr\u0131ca, m\u00fc\u015fterilere makinelerden olu\u015fan bir \u00fcretim hatt\u0131 da sunabiliyoruz, bu da m\u00fc\u015fterilerin g\u00fcnl\u00fck i\u015flerini daha pratik hale getirir ve verimlili\u011fi art\u0131r\u0131r.<\/p>    <figure class=\"wp-block-gallery has-nested-images columns-2 is-cropped wp-block-gallery-2 is-layout-flex wp-block-gallery-is-layout-flex\"> <figure class=\"wp-block-image size-large\"><img loading=\"lazy\" decoding=\"async\" width=\"720\" height=\"540\" data-id=\"618\" src=\"https:\/\/hnwoodmachinery.com\/wp-content\/uploads\/2022\/09\/hammer-wood-mill-machine-.webp\" alt=\"\u00e7eki\u00e7 ah\u015fap de\u011firmen makinesi\" class=\"wp-image-618\" title=\"\u00e7eki\u00e7 ah\u015fap de\u011firmen makinesi\"\/><figcaption>\u00c7eki\u00e7li Ah\u015fap De\u011firmen Makinesi<\/figcaption><\/figure>    <figure class=\"wp-block-image size-large\"><img loading=\"lazy\" decoding=\"async\" width=\"720\" height=\"540\" data-id=\"619\" src=\"https:\/\/hnwoodmachinery.com\/wp-content\/uploads\/2022\/09\/wood-chipper-.webp\" alt=\"\" class=\"wp-image-619\" title=\"\"><figcaption>A\u011fa\u00e7 \u00d6\u011f\u00fct\u00fcc\u00fc<\/figcaption><\/figure>    <figure class=\"wp-block-image size-full\"><img loading=\"lazy\" decoding=\"async\" width=\"720\" height=\"540\" data-id=\"620\" src=\"https:\/\/hnwoodmachinery.com\/wp-content\/uploads\/2022\/09\/wood-peeling-machine-.webp\" alt=\"ah\u015fap soyma makinesi\" class=\"wp-image-620\" title=\"ah\u015fap soyma makinesi\"\/><figcaption>Ah\u015fap Soyma Makinas\u0131<\/figcaption><\/figure>    <figure class=\"wp-block-image size-large\"><img loading=\"lazy\" decoding=\"async\" width=\"720\" height=\"540\" data-id=\"621\" src=\"https:\/\/hnwoodmachinery.com\/wp-content\/uploads\/2022\/09\/wood-shaving-machine-1-1.webp\" alt=\"ah\u015fap t\u0131ra\u015f makinesi\" class=\"wp-image-621\" title=\"ah\u015fap t\u0131ra\u015f makinesi\"\/><figcaption>Ah\u015fap T\u0131ra\u015f Makinesi<\/figcaption><\/figure> <\/figure>    <h2 class=\"wp-block-heading\" id=\"h-our-services\">Hizmetlerimiz<\/h2>    <p>1. Profesyonel makine bilgisi. Personelimizin her biri makinelerimiz hakk\u0131nda derinlemesine bilgi sahibi olup, m\u00fc\u015fterilerimizle yapt\u0131\u011f\u0131m\u0131z g\u00f6r\u00fc\u015fmelerde zaman\u0131nda profesyonel cevaplar verebilmekteyiz. Ayn\u0131 zamanda m\u00fc\u015fterilerin \u00f6zel ihtiya\u00e7lar\u0131na g\u00f6re profesyonel makine \u00e7\u00f6z\u00fcmleri sunaca\u011f\u0131z.<\/p>    <p>2. Paketleme ve nakliye makineleri. Herhangi bir makine var\u0131\u015f noktas\u0131na g\u00f6nderilmeden \u00f6nce, makineyi sa\u011flam bir ah\u015fap kutuya paketleyerek koruyaca\u011f\u0131z. Ayr\u0131ca m\u00fc\u015fterilerimize zaman\u0131nda lojistik bilgileri sa\u011fl\u0131yoruz.<\/p>    <p>3. Makinenin kurulumu ve kullan\u0131m\u0131. \u00c7evrimi\u00e7i talimat yoluyla veya makineyi kuracak bir m\u00fchendis ayarlayarak m\u00fc\u015fterinin makineyi kurmas\u0131na yard\u0131mc\u0131 olaca\u011f\u0131z.<\/p>    <p>4. Fabrika tasar\u0131m\u0131. M\u00fc\u015fterilerin fabrika alan\u0131n\u0131 planlamas\u0131na, fabrika ekipmanlar\u0131n\u0131n yerle\u015ftirilmesine, \u00e7izimlerin sa\u011flanmas\u0131na vs. yard\u0131mc\u0131 olaca\u011f\u0131z.<\/p>    <figure class=\"wp-block-gallery has-nested-images columns-2 is-cropped wp-block-gallery-3 is-layout-flex wp-block-gallery-is-layout-flex\"> <figure class=\"wp-block-image size-large\"><img loading=\"lazy\" decoding=\"async\" width=\"720\" height=\"540\" data-id=\"624\" src=\"https:\/\/hnwoodmachinery.com\/wp-content\/uploads\/2022\/09\/vertical-log-debarker-machine-packaging-.webp\" alt=\"dikey k\u00fct\u00fck soyar makinesi ambalajlama\" class=\"wp-image-624\" title=\"dikey k\u00fct\u00fck soyar makinesi ambalajlama\"\/><figcaption>Dikey K\u00fct\u00fck Kabuk Soyma Makinesi Paketleme<\/figcaption><\/figure>    <figure class=\"wp-block-image size-large\"><img loading=\"lazy\" decoding=\"async\" width=\"720\" height=\"540\" data-id=\"625\" src=\"https:\/\/hnwoodmachinery.com\/wp-content\/uploads\/2022\/09\/wooden-case-packing-.webp\" alt=\"ah\u015fap kasa ambalajlama\" class=\"wp-image-625\" title=\"ah\u015fap kasa ambalajlama\"\/><figcaption>Ah\u015fap Sand\u0131k Ambalaj\u0131<\/figcaption><\/figure>    <figure class=\"wp-block-image size-large\"><img loading=\"lazy\" decoding=\"async\" width=\"720\" height=\"540\" data-id=\"627\" src=\"https:\/\/hnwoodmachinery.com\/wp-content\/uploads\/2022\/09\/loading-of-the-wood-log-peeling-machine-.webp\" alt=\"ah\u015fap k\u00fct\u00fck soyar makinesinin y\u00fcklenmesi\" class=\"wp-image-627\" title=\"ah\u015fap k\u00fct\u00fck soyar makinesinin y\u00fcklenmesi\"\/><figcaption>A\u011fa\u00e7 K\u00fct\u00fck Soyma Makinesinin Y\u00fcklenmesi<\/figcaption><\/figure>    <figure class=\"wp-block-image size-large\"><img loading=\"lazy\" decoding=\"async\" width=\"720\" height=\"540\" data-id=\"628\" src=\"https:\/\/hnwoodmachinery.com\/wp-content\/uploads\/2022\/09\/shipping-of-the-machine-1.webp\" alt=\"makinenin sevkiyat\u0131\" class=\"wp-image-628\" title=\"makinenin sevkiyat\u0131\"\/><figcaption>Makinenin Nakliyesi<\/figcaption><\/figure> <\/figure>    <h2 class=\"wp-block-heading\" id=\"h-professional-wood-machines-manufacturer\">Profesyonel ah\u015fap makineleri \u00fcreticisi<\/h2>    <p>Ah\u015fap makineleri \u00fcreticisi olan Shuliy Machinery, profesyonel bir Ar-Ge tasar\u0131m ekibine sahiptir. Her makinenin malzemesi, yap\u0131s\u0131 ve g\u00f6r\u00fcn\u00fcm\u00fc dikkatle incelenir ve tasarlan\u0131r. M\u00fc\u015fterilerimize daha kaliteli, g\u00fc\u00e7l\u00fc ve dayan\u0131kl\u0131 ah\u015fap makineleri \u00fcretmek i\u00e7in \u00e7a\u011fa ayak uydurmaya kararl\u0131y\u0131z.<\/p>    <p>Shuliy Machinery sizinle i\u015fbirli\u011fi yapmay\u0131 sab\u0131rs\u0131zl\u0131kla bekliyor!<\/p>    <figure class=\"wp-block-image size-full\"><img loading=\"lazy\" decoding=\"async\" width=\"720\" height=\"540\" src=\"https:\/\/hnwoodmachinery.com\/wp-content\/uploads\/2022\/09\/manufacturing-situation-.webp\" alt=\"\u00fcretim durumu\" class=\"wp-image-631\" title=\"\u00fcretim durumu\"\/><figcaption>\u00dcretim Durumu<\/figcaption><\/figure>    <p><\/p>","protected":false},"excerpt":{"rendered":"<p>Shuliy Machinery, \u00c7in'in Henan Eyaleti, Zhengzhou'da yer almaktad\u0131r. Ah\u015fap i\u015fleme makinelerinin b\u00fcy\u00fck bir \u00fcreticisidir.<\/p>","protected":false},"author":1,"featured_media":0,"parent":0,"menu_order":0,"comment_status":"closed","ping_status":"closed","template":"","meta":{"footnotes":""},"class_list":["post-3","page","type-page","status-publish","hentry"],"_links":{"self":[{"href":"https:\/\/hnwoodmachinery.com\/tr\/wp-json\/wp\/v2\/pages\/3","targetHints":{"allow":["GET"]}}],"collection":[{"href":"https:\/\/hnwoodmachinery.com\/tr\/wp-json\/wp\/v2\/pages"}],"about":[{"href":"https:\/\/hnwoodmachinery.com\/tr\/wp-json\/wp\/v2\/types\/page"}],"author":[{"embeddable":true,"href":"https:\/\/hnwoodmachinery.com\/tr\/wp-json\/wp\/v2\/users\/1"}],"replies":[{"embeddable":true,"href":"https:\/\/hnwoodmachinery.com\/tr\/wp-json\/wp\/v2\/comments?post=3"}],"version-history":[{"count":0,"href":"https:\/\/hnwoodmachinery.com\/tr\/wp-json\/wp\/v2\/pages\/3\/revisions"}],"wp:attachment":[{"href":"https:\/\/hnwoodmachinery.com\/tr\/wp-json\/wp\/v2\/media?parent=3"}],"curies":[{"name":"wp","href":"https:\/\/api.w.org\/{rel}","templated":true}]}}