{"id":96,"date":"2022-07-18T09:02:16","date_gmt":"2022-07-18T09:02:16","guid":{"rendered":"https:\/\/hnwoodmachinery.com\/?post_type=product&#038;p=96"},"modified":"2024-09-27T18:30:34","modified_gmt":"2024-09-27T10:30:34","slug":"wood-hammer-mill","status":"publish","type":"product","link":"https:\/\/hnwoodmachinery.com\/sw\/product\/wood-hammer-mill\/","title":{"rendered":"Wood Hammer Mill Viwanda Logi Mbao Hammermill Crusher"},"content":{"rendered":"<div class=\"kk-star-ratings kksr-auto kksr-align-left kksr-valign-top\"     data-payload='{&quot;align&quot;:&quot;left&quot;,&quot;id&quot;:&quot;96&quot;,&quot;slug&quot;:&quot;default&quot;,&quot;valign&quot;:&quot;top&quot;,&quot;ignore&quot;:&quot;&quot;,&quot;reference&quot;:&quot;auto&quot;,&quot;class&quot;:&quot;&quot;,&quot;count&quot;:&quot;96&quot;,&quot;legendonly&quot;:&quot;&quot;,&quot;readonly&quot;:&quot;&quot;,&quot;score&quot;:&quot;4.8&quot;,&quot;starsonly&quot;:&quot;&quot;,&quot;best&quot;:&quot;5&quot;,&quot;gap&quot;:&quot;5&quot;,&quot;greet&quot;:&quot;Rate this product&quot;,&quot;legend&quot;:&quot;4.8\\\/5 - (96 votes)&quot;,&quot;size&quot;:&quot;24&quot;,&quot;title&quot;:&quot;Wood Hammer Mill Industrial Log Timber Hammermill Crusher&quot;,&quot;width&quot;:&quot;136.7&quot;,&quot;_legend&quot;:&quot;{score}\\\/{best} - ({count} {votes})&quot;,&quot;font_factor&quot;:&quot;1.25&quot;}'>              <div class=\"kksr-stars\">      <div class=\"kksr-stars-inactive\">             <div class=\"kksr-star\" data-star=\"1\" style=\"padding-right: 5px\">               <div class=\"kksr-icon\" style=\"width: 24px; height: 24px;\"><\/div>         <\/div>             <div class=\"kksr-star\" data-star=\"2\" style=\"padding-right: 5px\">               <div class=\"kksr-icon\" style=\"width: 24px; height: 24px;\"><\/div>         <\/div>             <div class=\"kksr-star\" data-star=\"3\" style=\"padding-right: 5px\">               <div class=\"kksr-icon\" style=\"width: 24px; height: 24px;\"><\/div>         <\/div>             <div class=\"kksr-star\" data-star=\"4\" style=\"padding-right: 5px\">               <div class=\"kksr-icon\" style=\"width: 24px; height: 24px;\"><\/div>         <\/div>             <div class=\"kksr-star\" data-star=\"5\" style=\"padding-right: 5px\">               <div class=\"kksr-icon\" style=\"width: 24px; height: 24px;\"><\/div>         <\/div>     <\/div>      <div class=\"kksr-stars-active\" style=\"width: 136.7px;\">             <div class=\"kksr-star\" style=\"padding-right: 5px\">               <div class=\"kksr-icon\" style=\"width: 24px; height: 24px;\"><\/div>         <\/div>             <div class=\"kksr-star\" style=\"padding-right: 5px\">               <div class=\"kksr-icon\" style=\"width: 24px; height: 24px;\"><\/div>         <\/div>             <div class=\"kksr-star\" style=\"padding-right: 5px\">               <div class=\"kksr-icon\" style=\"width: 24px; height: 24px;\"><\/div>         <\/div>             <div class=\"kksr-star\" style=\"padding-right: 5px\">               <div class=\"kksr-icon\" style=\"width: 24px; height: 24px;\"><\/div>         <\/div>             <div class=\"kksr-star\" style=\"padding-right: 5px\">               <div class=\"kksr-icon\" style=\"width: 24px; height: 24px;\"><\/div>         <\/div>     <\/div> <\/div>                   <div class=\"kksr-legend\" style=\"font-size: 19.2px;\">             4.8\/5 - (96 kura)    <\/div>     <\/div>  <p>Kisagio cha kusaga nyundo cha mbao kinatambuliwa kwa kutoa uwiano wa juu zaidi wa kusagwa kwenye anuwai ya nyenzo katika sekta ya viwanda, na kupata kiwango cha juu cha pato cha tani 5 kwa saa. Inazalisha nyenzo bora kuliko inchi 3\/16 (4 mm). Muundo wake thabiti na wa kudumu huwezesha utumiaji wa nguvu kubwa zaidi, na hivyo kusababisha ongezeko la tija wakati wa kudhibiti ukubwa wa juu na ubora wa bidhaa ya mwisho.<\/p>    <p>Kiponda nyundo hiki kina ufanisi wa juu, muundo rahisi, kazi thabiti, matumizi ya chini ya nishati na gharama ya chini ya usindikaji. Inaweza pia kutumika kuchambua majani, majani, kadibodi, mkaa na vifaa vingine. Kwa kawaida, kinu cha nyundo cha mbao hutumiwa kwa kawaida katika mistari ya uzalishaji ili kuponda zaidi nyenzo baada ya kusindika na kichimba ngoma au kiponda-juu.<\/p>    <figure class=\"wp-block-embed aligncenter is-type-video is-provider-youtube wp-block-embed-youtube wp-embed-aspect-16-9 wp-has-aspect-ratio\"><div class=\"wp-block-embed__wrapper\"> <iframe loading=\"lazy\" title=\"Kisagio chenye Nguvu cha Hammer Mill: Zana Bora ya Kuchakata kwa Ufanisi Nyenzo za Taka!#woodworking\" width=\"500\" height=\"281\" src=\"https:\/\/www.youtube.com\/embed\/yCIh8pMPPks?start=8&#038;feature=oembed\" frameborder=\"0\" allow=\"accelerometer; autoplay; clipboard-write; encrypted-media; gyroscope; picture-in-picture; web-share\" referrerpolicy=\"strict-origin-when-cross-origin\" allowfullscreen><\/iframe> <\/div><figcaption class=\"wp-element-caption\">tovuti ya kazi ya mashine ya kusaga nyundo ya mbao<\/figcaption><\/figure>    <h2 class=\"wp-block-heading\" id=\"h-brief-introduction-of-the-wood-hammer-mill\">Mashine ya kinu ya nyundo ya mbao inayoweza kubinafsishwa<\/h2>    <p>Kuna mifano kadhaa ya mill ya nyundo ya mbao iliyoundwa kwa viwango mbalimbali vya pato. Vipande vyote vya kuponda nyundo vina vifaa vya vimbunga, ambavyo hukusanya kwa ufanisi vumbi na uchafu unaozalishwa wakati wa operesheni. Kipengele hiki pia husaidia kupunguza uchafuzi wa vumbi katika eneo la uzalishaji. <\/p>    <p>Mashine hizo kwa kawaida huendeshwa na injini ya umeme au injini ya dizeli, kuhakikisha kwamba zinaweza kukidhi mahitaji mbalimbali ya nishati ya wateja. <\/p>    <p>Det \u00e4r viktigt att notera att tr\u00e4slipmaskiner skiljer sig fr\u00e5n tr\u00e4knivmaskiner, b\u00e5de n\u00e4r det g\u00e4ller de typer av material de bearbetar och deras interna strukturer. Dessutom fungerar denna utrustning med l\u00e5ga ljudniv\u00e5er, \u00e4r anv\u00e4ndarv\u00e4nlig och kr\u00e4ver minimal underh\u00e5ll.<\/p>    <figure class=\"wp-block-gallery has-nested-images columns-default is-cropped wp-block-gallery-2 is-layout-flex wp-block-gallery-is-layout-flex\"> <figure class=\"wp-block-image size-large\"><img loading=\"lazy\" decoding=\"async\" width=\"720\" height=\"540\" data-id=\"471\" src=\"https:\/\/hnwoodmachinery.com\/wp-content\/uploads\/2022\/09\/hammer-mill-crusher-0.webp\" alt=\"drobilica s \u010deki\u0107em\" class=\"wp-image-471\" title=\"drobilica s \u010deki\u0107em\"\/><figcaption class=\"wp-element-caption\">Hammer Mill Crusher<\/figcaption><\/figure>    <figure class=\"wp-block-image size-large\"><img loading=\"lazy\" decoding=\"async\" width=\"720\" height=\"540\" data-id=\"472\" src=\"https:\/\/hnwoodmachinery.com\/wp-content\/uploads\/2022\/09\/wood-hammer-mill-.webp\" alt=\"drvena drobilica s \u010deki\u0107em\" class=\"wp-image-472\" title=\"drvena drobilica s \u010deki\u0107em\"\/><figcaption class=\"wp-element-caption\">Wood Hammer Mill<\/figcaption><\/figure> <\/figure>    <h2 class=\"wp-block-heading\">Vipengele na faida za mashine<\/h2>    <ul class=\"wp-block-list\"> <li>Ubunifu mkubwa wa ufunguzi, unaoweza kubadilika na unaoweza kutumika. <\/li>    <li>Mipangilio mbalimbali ya rotor inachukua nyenzo yoyote.<\/li>    <li>Skrini huruhusu ukubwa wa bidhaa na ni rahisi kubadilisha. <\/li>    <li>Nyumba nzuri za kufunga hutoa usalama zaidi dhidi ya kupasuka na vumbi. <\/li>    <li>Ufungaji wa chuma unaostahimili uvaaji na sahani za kusagwa za manganese huhakikisha maisha marefu ya huduma. <\/li>    <li>Chuma cha aloi ghushi na vihimili vizito vya ziada hupunguza mtetemo na kurefusha maisha ya kuzaa. <\/li> <\/ul>    <figure class=\"wp-block-gallery has-nested-images columns-default is-cropped wp-block-gallery-3 is-layout-flex wp-block-gallery-is-layout-flex\"> <figure class=\"wp-block-image size-large\"><img loading=\"lazy\" decoding=\"async\" width=\"720\" height=\"540\" data-id=\"1200\" src=\"https:\/\/hnwoodmachinery.com\/wp-content\/uploads\/2022\/07\/large-type-hammer-mill-crusher-manufacturer.webp\" alt=\"tillverkare av stor typ hammarslipmaskin\" class=\"wp-image-1200\" title=\"\" srcset=\"https:\/\/hnwoodmachinery.com\/wp-content\/uploads\/2022\/07\/large-type-hammer-mill-crusher-manufacturer.webp 720w, https:\/\/hnwoodmachinery.com\/wp-content\/uploads\/2022\/07\/large-type-hammer-mill-crusher-manufacturer-300x225.webp 300w, https:\/\/hnwoodmachinery.com\/wp-content\/uploads\/2022\/07\/large-type-hammer-mill-crusher-manufacturer-16x12.webp 16w\" sizes=\"auto, (max-width: 720px) 100vw, 720px\" \/><figcaption class=\"wp-element-caption\">Mtengenezaji wa Kusagwa kwa Aina Kubwa ya Hammer Mill<\/figcaption><\/figure>    <figure class=\"wp-block-image size-large\"><img loading=\"lazy\" decoding=\"async\" width=\"720\" height=\"540\" data-id=\"1199\" src=\"https:\/\/hnwoodmachinery.com\/wp-content\/uploads\/2022\/07\/large-capacity-hammer-crushing-machine.webp\" alt=\"hammarslagningsmaskin med stor kapacitet\" class=\"wp-image-1199\" title=\"\" srcset=\"https:\/\/hnwoodmachinery.com\/wp-content\/uploads\/2022\/07\/large-capacity-hammer-crushing-machine.webp 720w, https:\/\/hnwoodmachinery.com\/wp-content\/uploads\/2022\/07\/large-capacity-hammer-crushing-machine-300x225.webp 300w, https:\/\/hnwoodmachinery.com\/wp-content\/uploads\/2022\/07\/large-capacity-hammer-crushing-machine-16x12.webp 16w\" sizes=\"auto, (max-width: 720px) 100vw, 720px\" \/><figcaption class=\"wp-element-caption\">Mashine ya Kusaga Nyundo yenye Uwezo Mkubwa<\/figcaption><\/figure> <\/figure>    <h2 class=\"wp-block-heading\" id=\"h-application-range-of-wood-shaving-grinder\">Maombi anuwai ya grinder ya nyundo ya kuni<\/h2>    <p class=\"translation-block\"><strong>Mimea Inayotumika<\/strong><\/p>    <p>Aina hii ya vifaa imeundwa kwa matumizi ya simu. Kwa kawaida hutumiwa katika eneo la utayarishaji la bodi ndogo hadi za ukubwa wa kati na kampuni za utengenezaji wa fiberboard. Zaidi ya hayo, inaweza kuajiriwa na kaya binafsi kwa ajili ya kuzalisha chips za mbao za kibiashara.<\/p>    <p class=\"translation-block\"><strong>Malighafi Zinazotumika na Bidhaa Zilizokamilika<\/strong><\/p>    <p class=\"translation-block\">Kiunzi cha nyundo kimeundwa kwa ajili ya kuchakata aina mbalimbali za miti, ikiwa ni pamoja na misonobari, miti mchanganyiko, mti wa yang, mti wa fir, na mianzi ghafi. Mashine hii inafaa sana kwa ajili ya kuchakata vipande vya mbao katika vituo vya utamaduni wa uyoga unaoweza kuliwa. Zaidi ya hayo, kiunzi kinaweza kutumiwa kuzalisha malighafi kwa ajili ya <a href=\"https:\/\/en.wikipedia.org\/wiki\/Particle_board\" target=\"_blank\" rel=\"noopener\">bodi ya chembechembe<\/a>, bodi ya mbao ya msumeno, na bodi ya msongamano wa juu.<\/p>   <div class=\"wp-block-image\"> <figure class=\"aligncenter size-full\"><img loading=\"lazy\" decoding=\"async\" width=\"720\" height=\"540\" src=\"https:\/\/hnwoodmachinery.com\/wp-content\/uploads\/2022\/09\/finished-product-of-the-wood-shaving-grinder.webp\" alt=\"den f\u00e4rdiga produkten av tr\u00e4sp\u00e5ns slipmaskin\" class=\"wp-image-474\" title=\"gotov proizvod od drobljenog drveta\"\/><figcaption class=\"wp-element-caption\">bidhaa ya kumaliza ya grinder ya kunyoa kuni<\/figcaption><\/figure> <\/div>   <h2 class=\"wp-block-heading\" id=\"h-working-principle-of-the-hammer-mill-wood-crusher\">Kanuni ya kazi ya kinu cha kusaga kuni<\/h2>    <p>Kisaga cha kusaga kuni cha nyundo kimsingi hutumia athari kuvunja vifaa. Wakati nyenzo inapoingia kwenye mashine, inavunjwa na nguvu ya kichwa cha nyundo kinachozunguka kwa kasi. Zaidi ya hayo, nyenzo zilizopigwa hugongana. <\/p>    <p>Kupitia mchakato huu wa kusagwa unaorudiwa, nyenzo inakuwa ndogo kuliko mashimo ya skrini na hutolewa kupitia mapengo. Vipande vyovyote vikubwa zaidi hupondwa tena hadi vitoshee kupitia wavu wa skrini. Hatimaye, bidhaa ya ukubwa wa chembe inayohitajika hupatikana.<\/p>    <figure class=\"wp-block-embed aligncenter is-type-video is-provider-youtube wp-block-embed-youtube wp-embed-aspect-16-9 wp-has-aspect-ratio\"><div class=\"wp-block-embed__wrapper\"> <iframe loading=\"lazy\" title=\"Mashine ya kusaga nyundo ya mbao\u4e28 mbao nyundo nyundo kinu crusher\" width=\"500\" height=\"281\" src=\"https:\/\/www.youtube.com\/embed\/ZU7KSzZnOTI?feature=oembed\" frameborder=\"0\" allow=\"accelerometer; autoplay; clipboard-write; encrypted-media; gyroscope; picture-in-picture; web-share\" referrerpolicy=\"strict-origin-when-cross-origin\" allowfullscreen><\/iframe> <\/div><figcaption class=\"wp-element-caption\">mashine ya kusaga nyundo ya mbao<\/figcaption><\/figure>    <h2 class=\"wp-block-heading\" id=\"h-structure-of-the-hammer-wood-crusher\">Muundo wa crusher ya kuni ya nyundo<\/h2>    <p>Kisagaji cha mbao cha nyundo kimsingi kinajumuisha fremu, nyumba, meza ya kuzaa, jedwali la kisu lisilobadilika, skrini na fremu ya skrini. Mashine nzima ina muundo thabiti, eneo lililopanuliwa la kumwaga poda, uwezo mzuri wa kusagwa, na kuwezesha uingizwaji wa ungo kwa urahisi.<\/p>    <figure class=\"wp-block-gallery has-nested-images columns-default is-cropped wp-block-gallery-4 is-layout-flex wp-block-gallery-is-layout-flex\"> <figure class=\"wp-block-image size-large\"><img loading=\"lazy\" decoding=\"async\" width=\"720\" height=\"540\" data-id=\"478\" src=\"https:\/\/hnwoodmachinery.com\/wp-content\/uploads\/2022\/09\/hammer-mill-wood-crusher-.webp\" alt=\"kinu cha kusaga kuni cha nyundo\" class=\"wp-image-478\" title=\"kinu cha kusaga kuni cha nyundo\"\/><figcaption class=\"wp-element-caption\">Hammer Mill Wood Crusher<\/figcaption><\/figure>    <figure class=\"wp-block-image size-large\"><img loading=\"lazy\" decoding=\"async\" width=\"720\" height=\"540\" data-id=\"479\" src=\"https:\/\/hnwoodmachinery.com\/wp-content\/uploads\/2022\/09\/wood-hammer-mill\u2018s-hammer-.webp\" alt=\"hammare f\u00f6r tr\u00e4slipmaskin\" class=\"wp-image-479\" title=\"hammare f\u00f6r tr\u00e4slipmaskin\"\/><figcaption class=\"wp-element-caption\">Nyundo ya Wood Hammer Mill<\/figcaption><\/figure> <\/figure>   <div class=\"wp-block-image\"> <figure class=\"aligncenter size-full\"><img loading=\"lazy\" decoding=\"async\" width=\"720\" height=\"540\" src=\"https:\/\/hnwoodmachinery.com\/wp-content\/uploads\/2022\/09\/hammer-wood-crusher\u2018s-structure-.webp\" alt=\"muundo wa mashine ya kusaga kuni\" class=\"wp-image-476\" title=\"muundo wa mashine ya kusaga kuni\"\/><figcaption class=\"wp-element-caption\">muundo wa mashine ya kusaga kuni<\/figcaption><\/figure> <\/div>   <h2 class=\"wp-block-heading\" id=\"h-technical-parameters-of-the-hammer-mill-crusher\">Vigezo vya kiufundi vya crusher ya kinu cha nyundo<\/h2>    <figure class=\"wp-block-table is-style-stripes\"><table><tbody><tr><td><strong>Mfano<\/strong><\/td><td>SL-60<\/td><td>SL-70<\/td><td>SL-80<\/td><td>SL-90<\/td><td>SL-1000<\/td><td>SL-1300<\/td><\/tr><tr><td>Nguvu (k)<\/td><td>22<\/td><td>30<\/td><td>37<\/td><td>55<\/td><td>75<\/td><td>90<\/td><\/tr><tr><td>Nyundo(pcs)<\/td><td>30<\/td><td>40<\/td><td>50<\/td><td>50<\/td><td>105<\/td><td>105<\/td><\/tr><tr><td>Shabiki(kw)<\/td><td><\/td><td><\/td><td>7.5<\/td><td>7.5<\/td><td>11<\/td><td>22<\/td><\/tr><tr><td>Kiondoa vumbi (pcs)<\/td><td>5<\/td><td>5<\/td><td>5<\/td><td>5<\/td><td>14<\/td><td>14<\/td><\/tr><tr><td>Kipenyo cha kimbunga(m)<\/td><td>1<\/td><td>1<\/td><td>1<\/td><td>1<\/td><td>1<\/td><td>1<\/td><\/tr><tr><td>Uwezo (t\/h)<\/td><td>0.8-1<\/td><td>1-1.5<\/td><td>1.5-2<\/td><td>2-3<\/td><td>3-4<\/td><td>4-5<\/td><\/tr><\/tbody><\/table><figcaption class=\"wp-element-caption\">parametri za drobilicu s \u010deki\u0107em<\/figcaption><\/figure>    <h2 class=\"wp-block-heading\" id=\"h-the-difference-between-the-hammer-chip-crusher-and-the-wood-crusher\">Tofauti kati ya kinu cha nyundo na mashine ya kusaga kuni<\/h2>    <ol class=\"wp-block-list\"> <li>Muonekano wa mashine hizo mbili ni tofauti kidogo. Kiponda chip cha nyundo kina skrubu zinazochomoza juu ya ganda la sehemu ya kusagwa ya mashine, huku ganda zima la kiponda kuni ni laini.<\/li>    <li>Skrini za mashine ni tofauti. Skrini ya kinu ya nyundo ni pete ya nusu. Skrini ya crusher ya kuni ni mduara kamili.<\/li>    <li>Nyenzo ni tofauti. Nyenzo zinazoshughulikiwa na kinu cha nyundo ni mbao zilizochakatwa takribani, maganda ya nazi, majani, kadibodi, n.k. Kisagaji cha mbao kwa ujumla kinahusika na kila aina ya mbao, mbao, samani zilizotumika, n.k.<\/li>    <li>Muundo wa ndani wa mashine ni tofauti. Kipasua nyundo cha ndani hasa kisu cha nyundo, kisulilia mbao cha ndani hasa sahani ya kisu, ubao, na ubao wa nyundo.<\/li> <\/ol>    <p class=\"translation-block\">Ili kupata maelezo zaidi kuhusu viunzi vya mbao, tafadhali bofya <strong><em><a href=\"https:\/\/hnwoodmachinery.com\/sw\/product\/wood-shredder-machine\/\">Mashine ya Kuponda Mbao kwa Kutengeneza Mbao Iliyo Msumeno<\/a><\/em><\/strong>.<\/p>    <h2 class=\"wp-block-heading\" id=\"h-successful-case\">Kesi iliyofanikiwa<\/h2>    <p>Mteja wetu anaishi Colombia na aliwasiliana nasi baada ya kutazama video yetu ya YouTube. Wakati wa majadiliano yetu, tuligundua kuwa kiwanda chao kina utaalam wa kubadilisha aina tofauti za kuni. Hivi majuzi, walihitaji shredder kushughulikia vifaa anuwai vya kuni. <\/p>    <p>Baada ya kutathmini mahitaji ya pato la mteja, meneja wetu wa mauzo alipendekeza mfano wa SL-WC700 wa mashine ya kusaga. Mteja alifurahia pendekezo hilo na hatimaye aliamua kuweka oda ya moja.<\/p>    <figure class=\"wp-block-gallery has-nested-images columns-default is-cropped wp-block-gallery-5 is-layout-flex wp-block-gallery-is-layout-flex\"> <figure class=\"wp-block-image size-large\"><img loading=\"lazy\" decoding=\"async\" width=\"720\" height=\"540\" data-id=\"482\" src=\"https:\/\/hnwoodmachinery.com\/wp-content\/uploads\/2022\/09\/wooden-case-packing-of-the-Wood-hammer-mill-_.webp\" alt=\"tr\u00e4f\u00f6rpackning av tr\u00e4slipmaskinen \" class=\"wp-image-482\" title=\"tr\u00e4f\u00f6rpackning av tr\u00e4slipmaskinen \"\/><figcaption class=\"wp-element-caption\">Ufungaji wa Kesi ya Mbao ya Kinu ya Nyundo ya Kuni<\/figcaption><\/figure>    <figure class=\"wp-block-image size-large\"><img loading=\"lazy\" decoding=\"async\" width=\"720\" height=\"540\" data-id=\"481\" src=\"https:\/\/hnwoodmachinery.com\/wp-content\/uploads\/2022\/09\/shipping-of-the-hammer-chip-crusher-.webp\" alt=\"frakt av hammarskruvknusare\" class=\"wp-image-481\" title=\"frakt av hammarskruvknusare\"\/><figcaption class=\"wp-element-caption\">Usafirishaji Wa Kisaga Chipu cha Nyundo<\/figcaption><\/figure> <\/figure>    <p>Vi f\u00f6rst\u00e5r att varje klients behov \u00e4r unika och erbjuder skr\u00e4ddarsydda tj\u00e4nster en-mot-en. Har du n\u00e5gra fr\u00e5gor? Tveka inte att l\u00e4mna ett meddelande i formul\u00e4ret till h\u00f6ger s\u00e5 svarar vi snabbt.<\/p>","protected":false},"excerpt":{"rendered":"<p>Kisagio cha kusaga nyundo cha mbao kinatambulika kwa kutoa uwiano wa juu zaidi wa kusagwa katika aina mbalimbali za nyenzo katika sekta ya viwanda, na kufikia kiwango cha juu cha pato cha tani 5 kwa saa. Inazalisha nyenzo bora kuliko inchi 3\/16 (4 mm). <\/p>","protected":false},"author":1,"featured_media":467,"parent":0,"template":"","tags":[36,37,35,40],"product-type":[7],"class_list":["post-96","product","type-product","status-publish","has-post-thumbnail","hentry","tag-log","tag-sawdust","tag-wood","tag-wood-chips","product-type-wood-crusher"],"_links":{"self":[{"href":"https:\/\/hnwoodmachinery.com\/sw\/wp-json\/wp\/v2\/product\/96","targetHints":{"allow":["GET"]}}],"collection":[{"href":"https:\/\/hnwoodmachinery.com\/sw\/wp-json\/wp\/v2\/product"}],"about":[{"href":"https:\/\/hnwoodmachinery.com\/sw\/wp-json\/wp\/v2\/types\/product"}],"author":[{"embeddable":true,"href":"https:\/\/hnwoodmachinery.com\/sw\/wp-json\/wp\/v2\/users\/1"}],"wp:featuredmedia":[{"embeddable":true,"href":"https:\/\/hnwoodmachinery.com\/sw\/wp-json\/wp\/v2\/media\/467"}],"wp:attachment":[{"href":"https:\/\/hnwoodmachinery.com\/sw\/wp-json\/wp\/v2\/media?parent=96"}],"wp:term":[{"taxonomy":"post_tag","embeddable":true,"href":"https:\/\/hnwoodmachinery.com\/sw\/wp-json\/wp\/v2\/tags?post=96"},{"taxonomy":"product-type","embeddable":true,"href":"https:\/\/hnwoodmachinery.com\/sw\/wp-json\/wp\/v2\/product-type?post=96"}],"curies":[{"name":"wp","href":"https:\/\/api.w.org\/{rel}","templated":true}]}}