{"id":832,"date":"2023-03-21T14:48:03","date_gmt":"2023-03-21T06:48:03","guid":{"rendered":"https:\/\/hnwoodmachinery.com\/?post_type=product&#038;p=832"},"modified":"2023-03-21T14:53:14","modified_gmt":"2023-03-21T06:53:14","slug":"wood-pellet-production-line","status":"publish","type":"product","link":"https:\/\/hnwoodmachinery.com\/sw\/product\/wood-pellet-production-line\/","title":{"rendered":"Mstari wa uzalishaji wa pellet ya kuni kwa mafuta ya majani"},"content":{"rendered":"<div class=\"kk-star-ratings kksr-auto kksr-align-left kksr-valign-top\"     data-payload='{&quot;align&quot;:&quot;left&quot;,&quot;id&quot;:&quot;832&quot;,&quot;slug&quot;:&quot;default&quot;,&quot;valign&quot;:&quot;top&quot;,&quot;ignore&quot;:&quot;&quot;,&quot;reference&quot;:&quot;auto&quot;,&quot;class&quot;:&quot;&quot;,&quot;count&quot;:&quot;24&quot;,&quot;legendonly&quot;:&quot;&quot;,&quot;readonly&quot;:&quot;&quot;,&quot;score&quot;:&quot;4.8&quot;,&quot;starsonly&quot;:&quot;&quot;,&quot;best&quot;:&quot;5&quot;,&quot;gap&quot;:&quot;5&quot;,&quot;greet&quot;:&quot;Rate this product&quot;,&quot;legend&quot;:&quot;4.8\\\/5 - (24 votes)&quot;,&quot;size&quot;:&quot;24&quot;,&quot;title&quot;:&quot;Wood pellet production line for biomass fuel&quot;,&quot;width&quot;:&quot;136.7&quot;,&quot;_legend&quot;:&quot;{score}\\\/{best} - ({count} {votes})&quot;,&quot;font_factor&quot;:&quot;1.25&quot;}'>              <div class=\"kksr-stars\">      <div class=\"kksr-stars-inactive\">             <div class=\"kksr-star\" data-star=\"1\" style=\"padding-right: 5px\">               <div class=\"kksr-icon\" style=\"width: 24px; height: 24px;\"><\/div>         <\/div>             <div class=\"kksr-star\" data-star=\"2\" style=\"padding-right: 5px\">               <div class=\"kksr-icon\" style=\"width: 24px; height: 24px;\"><\/div>         <\/div>             <div class=\"kksr-star\" data-star=\"3\" style=\"padding-right: 5px\">               <div class=\"kksr-icon\" style=\"width: 24px; height: 24px;\"><\/div>         <\/div>             <div class=\"kksr-star\" data-star=\"4\" style=\"padding-right: 5px\">               <div class=\"kksr-icon\" style=\"width: 24px; height: 24px;\"><\/div>         <\/div>             <div class=\"kksr-star\" data-star=\"5\" style=\"padding-right: 5px\">               <div class=\"kksr-icon\" style=\"width: 24px; height: 24px;\"><\/div>         <\/div>     <\/div>      <div class=\"kksr-stars-active\" style=\"width: 136.7px;\">             <div class=\"kksr-star\" style=\"padding-right: 5px\">               <div class=\"kksr-icon\" style=\"width: 24px; height: 24px;\"><\/div>         <\/div>             <div class=\"kksr-star\" style=\"padding-right: 5px\">               <div class=\"kksr-icon\" style=\"width: 24px; height: 24px;\"><\/div>         <\/div>             <div class=\"kksr-star\" style=\"padding-right: 5px\">               <div class=\"kksr-icon\" style=\"width: 24px; height: 24px;\"><\/div>         <\/div>             <div class=\"kksr-star\" style=\"padding-right: 5px\">               <div class=\"kksr-icon\" style=\"width: 24px; height: 24px;\"><\/div>         <\/div>             <div class=\"kksr-star\" style=\"padding-right: 5px\">               <div class=\"kksr-icon\" style=\"width: 24px; height: 24px;\"><\/div>         <\/div>     <\/div> <\/div>                   <div class=\"kksr-legend\" style=\"font-size: 19.2px;\">             4.8\/5 - (24 r\u00f6ster)    <\/div>     <\/div>  <p>kuni pellet uzalishaji line majani mafuta<\/p>    <p>Mstari wa uzalishaji wa kinu cha pellet ya kuni umejitolea kwa utengenezaji wa pellets za kuni za mafuta ya majani. Kama aina mpya ya mafuta ambayo ni rafiki wa mazingira, kuna ongezeko la mahitaji ya pellets za kuni. Kwa kuongeza, pellets za mbao zina sehemu ya chini ya moto, wiani mkubwa wa nishati, na muda mrefu wa kuungua. Kwa hiyo, watu zaidi na zaidi wanawekeza katika sekta ya uzalishaji wa pellet ya kuni.<\/p>    <p>Kama mtengenezaji mtaalamu wa mashine za mbao, Shuli anaweza kukupa ushauri wa kitaalamu kuhusu njia za uzalishaji. Jisikie huru kuja kwetu kwa habari zaidi!<\/p>    <h2 class=\"wp-block-heading\">Mstari wa uzalishaji wa pellet ya kuni ni nini?<\/h2>    <p>Ingawa vifaa maalum vya kila mstari wa uzalishaji wa pellets za mbao ni tofauti, mashine zifuatazo ni vifaa ambavyo lazima vijumuishwe kwenye mstari wa uzalishaji.<\/p>    <ol class=\"wp-block-list\"> <li>Kinu cha nyundo au crusher. Kwa ujumla, malighafi haikidhi mahitaji ya ukubwa wa kutengeneza pellets za kuni. Kwa hiyo, tunahitaji kinu cha nyundo ili kusindika malighafi kwa ukubwa unaotaka.<\/li>    <li>Kavu pia ni muhimu kwa mstari. Kikausha kinaweza kusindika chips za kuni kwa kiwango sahihi cha ukavu.<\/li>    <li>Pelletizer ya chip ya kuni ni sehemu ya msingi ya mstari wa uzalishaji wa pellet ya chip ya kuni. Inasindika nyenzo kuwa pellets. Kipozezi cha pellet na mashine ya kupakia inaweza kuongezwa baadaye kulingana na mahitaji ya mteja.<\/li>    <li>Ili kuweza kuunganisha na kusafirisha nyenzo kwenye mashine mbalimbali. Mstari wa uzalishaji utajumuisha ukanda wa conveyor, ambayo huokoa nguvu nyingi za wafanyakazi.<\/li> <\/ol>    <h2 class=\"wp-block-heading\">Je, ni malighafi gani inayoshughulikiwa na mstari wa pellet ya kuni?<\/h2>    <p>Laini ya uzalishaji wa pellet ya mbao inaweza kusindika malighafi mbalimbali kama vile mbao, maganda ya karanga, bagasse, majani, machujo ya mbao, maganda ya kahawa, majani, mabua ya alizeti, mabua ya pamba, taka za tumbaku, nyuzi za mianzi, maganda ya mitende, maganda ya soya, maganda ya nazi, nk.<\/p>    <h2 class=\"wp-block-heading\">Utumiaji wa pellets za mbao<\/h2>    <p>Pellet za kuni kwa ujumla hutumiwa kama mafuta. Inaweza kutumika katika uzalishaji wa viwanda na kilimo, uzalishaji wa umeme, inapokanzwa, boilers, kupikia, nk Nishati ni rafiki wa mazingira na safi, na gharama ya chini ni bora r nishati ya mafuta.<\/p>    <h2 class=\"wp-block-heading\">Aina za mistari ya uzalishaji wa kinu cha chip pellet kutoka Shuri<\/h2>    <p>Tunatengeneza mashine zenye uwezo tofauti tofauti pamoja na mashine mbalimbali saidizi. Kwa vile kila mteja anahitaji pato na mahitaji tofauti, tutatoa mstari sahihi wa pellet ya mbao kwa kila kesi.<\/p>    <p>Laini nyingi za uzalishaji wa pellet ni pamoja na mashine kama vile vinu vya nyundo au vichungi, vidhibiti, vikaushio, vipozezi vya pellet, mashine za kufungasha n.k.<\/p>    <h2 class=\"wp-block-heading\">Hatua za kazi za mstari wa uzalishaji wa pellet.<\/h2>    <ol class=\"wp-block-list\"> <li>Kwanza kisususia cha mbao au kiponda nyundo kitachakata malighafi katika saizi inayofaa. Pia itasafisha uchafu kutoka kwa malighafi.<\/li>    <li>Kisha kifaa cha kukausha ngoma au rotary kinasindika malighafi. Hii inahakikisha kwamba malighafi ni ya unyevu sahihi.<\/li>    <li>Ifuatayo, malighafi hutengenezwa kupitia mashimo ya kufa ya granulator.<\/li>    <li>Ikiwa unahitaji kufunga pellets za kuni utahitaji kutumia baridi ili kupunguza joto.<\/li> <\/ol>    <p>Hatimaye, mashine rahisi ya ufungaji hutumiwa kufunga vidonge, ambayo inawezesha kuhifadhi na usafiri wa vidonge.<\/p>    <h2 class=\"wp-block-heading\">Ninapaswa kuzingatia nini wakati wa kuchagua muuzaji mzuri wa mistari ya uzalishaji wa pellet ya kuni?<\/h2>    <ol class=\"wp-block-list\"> <li>Kvaliteten p\u00e5 maskinen. Kvaliteten p\u00e5 maskinen \u00e4r n\u00e5got som kunden m\u00e5ste ta h\u00e4nsyn till, det \u00e4r relaterat till kundens produktion och underh\u00e5llskostnader. Vi som professionella tillverkare av tr\u00e4bearbetningsmaskiner tillverkar maskiner med h\u00f6gkvalitativa material.<\/li>    <li>Mikakati kutoka kwa wateja. Vifaa bora vinajitokeza katika tathmini ya mteja. Mstari wetu wa uzalishaji wa mill ya pellet ya kuni unauzwa katika nchi nyingi na umepokea upendo mwingi kutoka kwa wateja wetu.<\/li>    <li>Jibu chanya. Upokeaji wa maoni kwa wakati kutoka kwa mtengenezaji unaweza kusaidia wateja kutatua matatizo yaliyopatikana katika matumizi ya mashine kwa wakati. Matumizi ya mashine itakuwa rahisi zaidi.<\/li>    <li>Huduma ya kina. Mbali na huduma nzuri ya ununuzi, wateja pia wanahitaji kuzingatia huduma ya baada ya mauzo inayotolewa na kiwanda. Kiwanda chetu kitawapa wateja mwaka mmoja wa huduma za baada ya mauzo, na huduma za mtandaoni za maisha yote. Tunaweza pia kupanga wahandisi kuwasaidia wateja kusakinisha na kuagiza vifaa.<\/li> <\/ol>    <h2 class=\"wp-block-heading\">Je, ni gharama gani ya mstari wa uzalishaji wa pellet ya kulisha?<\/h2>    <p>Hadi ya uzalishaji wa pellet za kuni itatofautiana kulingana na ukubwa wa mashine, idadi ya mashine za ziada, vipengele vilivyomo, na mambo mengine. Kama kiwanda, tutapendekeza laini sahihi ya uzalishaji wa pellet za kuni kwa bajeti na mahitaji tofauti ya wateja wetu. Mchanganyiko wa laini unaofaa zaidi kiuchumi unapendekezwa ndani ya bajeti ya mteja.<\/p>","protected":false},"excerpt":{"rendered":"<p>wood pellet production line biomass fuel The wood chip pellet mill production line is dedicated to the production of biomass fuel wood chip pellets. As a new type of environmentally friendly fuel, there is an increasing demand for wood pellets. In addition, wood pellets have a low ignition point, a high energy density, and a [&hellip;]<\/p>\n","protected":false},"author":1,"featured_media":833,"parent":0,"template":"","tags":[],"product-type":[32],"class_list":["post-832","product","type-product","status-publish","has-post-thumbnail","hentry","product-type-production-line"],"_links":{"self":[{"href":"https:\/\/hnwoodmachinery.com\/sw\/wp-json\/wp\/v2\/product\/832","targetHints":{"allow":["GET"]}}],"collection":[{"href":"https:\/\/hnwoodmachinery.com\/sw\/wp-json\/wp\/v2\/product"}],"about":[{"href":"https:\/\/hnwoodmachinery.com\/sw\/wp-json\/wp\/v2\/types\/product"}],"author":[{"embeddable":true,"href":"https:\/\/hnwoodmachinery.com\/sw\/wp-json\/wp\/v2\/users\/1"}],"wp:featuredmedia":[{"embeddable":true,"href":"https:\/\/hnwoodmachinery.com\/sw\/wp-json\/wp\/v2\/media\/833"}],"wp:attachment":[{"href":"https:\/\/hnwoodmachinery.com\/sw\/wp-json\/wp\/v2\/media?parent=832"}],"wp:term":[{"taxonomy":"post_tag","embeddable":true,"href":"https:\/\/hnwoodmachinery.com\/sw\/wp-json\/wp\/v2\/tags?post=832"},{"taxonomy":"product-type","embeddable":true,"href":"https:\/\/hnwoodmachinery.com\/sw\/wp-json\/wp\/v2\/product-type?post=832"}],"curies":[{"name":"wp","href":"https:\/\/api.w.org\/{rel}","templated":true}]}}