{"id":745,"date":"2022-11-18T18:15:24","date_gmt":"2022-11-18T10:15:24","guid":{"rendered":"https:\/\/hnwoodmachinery.com\/?post_type=product&#038;p=745"},"modified":"2024-10-16T18:04:01","modified_gmt":"2024-10-16T10:04:01","slug":"wood-pellet-making-machine","status":"publish","type":"product","link":"https:\/\/hnwoodmachinery.com\/sw\/product\/wood-pellet-making-machine\/","title":{"rendered":"Pete ya Mashine ya Kutengeneza Pellet ya Kuni Inauzwa"},"content":{"rendered":"<div class=\"kk-star-ratings kksr-auto kksr-align-left kksr-valign-top\"     data-payload='{&quot;align&quot;:&quot;left&quot;,&quot;id&quot;:&quot;745&quot;,&quot;slug&quot;:&quot;default&quot;,&quot;valign&quot;:&quot;top&quot;,&quot;ignore&quot;:&quot;&quot;,&quot;reference&quot;:&quot;auto&quot;,&quot;class&quot;:&quot;&quot;,&quot;count&quot;:&quot;88&quot;,&quot;legendonly&quot;:&quot;&quot;,&quot;readonly&quot;:&quot;&quot;,&quot;score&quot;:&quot;4.8&quot;,&quot;starsonly&quot;:&quot;&quot;,&quot;best&quot;:&quot;5&quot;,&quot;gap&quot;:&quot;5&quot;,&quot;greet&quot;:&quot;Rate this product&quot;,&quot;legend&quot;:&quot;4.8\\\/5 - (88 votes)&quot;,&quot;size&quot;:&quot;24&quot;,&quot;title&quot;:&quot;Wood Pellet Making Machine Ring Die Pellet Mill For Sale&quot;,&quot;width&quot;:&quot;136.7&quot;,&quot;_legend&quot;:&quot;{score}\\\/{best} - ({count} {votes})&quot;,&quot;font_factor&quot;:&quot;1.25&quot;}'>              <div class=\"kksr-stars\">      <div class=\"kksr-stars-inactive\">             <div class=\"kksr-star\" data-star=\"1\" style=\"padding-right: 5px\">               <div class=\"kksr-icon\" style=\"width: 24px; height: 24px;\"><\/div>         <\/div>             <div class=\"kksr-star\" data-star=\"2\" style=\"padding-right: 5px\">               <div class=\"kksr-icon\" style=\"width: 24px; height: 24px;\"><\/div>         <\/div>             <div class=\"kksr-star\" data-star=\"3\" style=\"padding-right: 5px\">               <div class=\"kksr-icon\" style=\"width: 24px; height: 24px;\"><\/div>         <\/div>             <div class=\"kksr-star\" data-star=\"4\" style=\"padding-right: 5px\">               <div class=\"kksr-icon\" style=\"width: 24px; height: 24px;\"><\/div>         <\/div>             <div class=\"kksr-star\" data-star=\"5\" style=\"padding-right: 5px\">               <div class=\"kksr-icon\" style=\"width: 24px; height: 24px;\"><\/div>         <\/div>     <\/div>      <div class=\"kksr-stars-active\" style=\"width: 136.7px;\">             <div class=\"kksr-star\" style=\"padding-right: 5px\">               <div class=\"kksr-icon\" style=\"width: 24px; height: 24px;\"><\/div>         <\/div>             <div class=\"kksr-star\" style=\"padding-right: 5px\">               <div class=\"kksr-icon\" style=\"width: 24px; height: 24px;\"><\/div>         <\/div>             <div class=\"kksr-star\" style=\"padding-right: 5px\">               <div class=\"kksr-icon\" style=\"width: 24px; height: 24px;\"><\/div>         <\/div>             <div class=\"kksr-star\" style=\"padding-right: 5px\">               <div class=\"kksr-icon\" style=\"width: 24px; height: 24px;\"><\/div>         <\/div>             <div class=\"kksr-star\" style=\"padding-right: 5px\">               <div class=\"kksr-icon\" style=\"width: 24px; height: 24px;\"><\/div>         <\/div>     <\/div> <\/div>                   <div class=\"kksr-legend\" style=\"font-size: 19.2px;\">             4.8\/5 - (88 r\u00f6ster)    <\/div>     <\/div>  <p>Mashine ya kutengeneza pellet ya mbao ni kifaa ambacho hubadilisha aina tofauti za mbao zilizosagwa, majani ya mimea, maganda ya mimea, na slag kuwa pellets za biofuel. Kinu cha kusaga pellet kinaweza kutoa hadi 4000kg\/h na mara nyingi hutumika kwa uzalishaji mkubwa. Pellets za mafuta zinazoweza kufanywa upya ambazo huunda ni laini na mnene, na kuifanya kuwa chaguo bora kwa watumiaji wengi.<\/p>    <figure class=\"wp-block-embed aligncenter is-type-video is-provider-youtube wp-block-embed-youtube wp-embed-aspect-16-9 wp-has-aspect-ratio\"><div class=\"wp-block-embed__wrapper\"> <iframe loading=\"lazy\" title=\"Mashine ya Pellet ya Biomass Wood - Uzalishaji Bora wa Mafuta kwa Nishati Mbadala#biomasspelletmachine\" width=\"500\" height=\"281\" src=\"https:\/\/www.youtube.com\/embed\/Tn22Pr5sojQ?feature=oembed\" frameborder=\"0\" allow=\"accelerometer; autoplay; clipboard-write; encrypted-media; gyroscope; picture-in-picture; web-share\" referrerpolicy=\"strict-origin-when-cross-origin\" allowfullscreen><\/iframe> <\/div><figcaption class=\"wp-element-caption\">video ya kazi ya mashine ya kutengeneza pellet ya mbao<\/figcaption><\/figure>    <p>Shuliy hutoa aina mbalimbali za mashine za kutengeneza pellet za mbao, kila moja ikiwa na uwezo tofauti wa kutoa. Wateja wanaweza kuchagua kutoka kwa mifano kadhaa kulingana na mahitaji yao. Kando na mashine hizi, pia tunatoa mashine ndogo za mbao kwa wale walio na mahitaji ya chini ya pato. <\/p>    <p>Tunalenga kupendekeza mashine zinazofaa zaidi kulingana na mahitaji maalum ya wateja wetu. Ili kuboresha urahisi na ufanisi, pia tunatoa mashine za kulisha na mikanda ya kubebea, kuruhusu operesheni isiyo na mshono na endelevu.<\/p>    <figure class=\"wp-block-gallery has-nested-images columns-default is-cropped wp-block-gallery-2 is-layout-flex wp-block-gallery-is-layout-flex\"> <figure class=\"wp-block-image size-large\"><img loading=\"lazy\" decoding=\"async\" width=\"720\" height=\"540\" data-id=\"753\" src=\"https:\/\/hnwoodmachinery.com\/wp-content\/uploads\/2022\/11\/wood-pellet-making-machine-2-1.webp\" alt=\" mashine ya kutengeneza pellet ya mbao \" class=\"wp-image-753\" title=\" mashine ya kutengeneza pellet ya mbao \"\/><figcaption class=\"wp-element-caption\"> Mashine ya Kutengeneza Pellet ya Mbao <\/figcaption><\/figure>    <figure class=\"wp-block-image size-large\"><img loading=\"lazy\" decoding=\"async\" width=\"720\" height=\"540\" data-id=\"754\" src=\"https:\/\/hnwoodmachinery.com\/wp-content\/uploads\/2022\/11\/420-sawdust-pellet-machine-.jpg\" alt=\"Mashine ya pellet 420\" class=\"wp-image-754\" title=\"Mashine ya pellet 420\"\/><figcaption class=\"wp-element-caption\">420 Mashine ya Pellet ya Sawdust<\/figcaption><\/figure> <\/figure>    <h2 class=\"wp-block-heading\">Malighafi kwa mashine ya kutengeneza pellet ya mbao<\/h2>    <p>Kinu cha mbao kinaweza kusindika vifaa mbalimbali, hasa vinavyolenga bidhaa za mbao kama vile vipandikizi vya mbao, vumbi la mbao, matawi na magogo. <\/p>    <p>Zaidi ya hayo, inaweza pia kushughulikia malighafi nyingine kama vile nyuzinyuzi za mawese, bagasse, maganda ya karanga, mashina ya mahindi, majani ya ngano, na taka nyingi za kilimo. Nyenzo hizi zinapatikana kwa urahisi, kwa gharama nafuu, na zinaweza kubadilishwa kuwa pellets za biomass kwa matumizi mbalimbali.<\/p>    <h2 class=\"wp-block-heading\">Matumizi ya pellets za kuni zilizokamilishwa<\/h2>    <p>Peliti za majani hutumiwa kimsingi katika mitambo ya nishati ya mimea, vichomio vya kupokanzwa nyumba, na matumizi mbalimbali ya viwandani. Kwa hivyo, kuwekeza katika sekta ya mafuta ya majani ili kuanzisha vifaa vya uzalishaji wa pellet kunatoa uwezekano mkubwa wa soko.<\/p>    <figure class=\"wp-block-gallery has-nested-images columns-default is-cropped wp-block-gallery-3 is-layout-flex wp-block-gallery-is-layout-flex\"> <figure class=\"wp-block-image size-large\"><img loading=\"lazy\" decoding=\"async\" width=\"720\" height=\"540\" data-id=\"748\" src=\"https:\/\/hnwoodmachinery.com\/wp-content\/uploads\/2022\/11\/raw-material-of-the-wood-pellet-mill-.webp\" alt=\"r\u00e5material f\u00f6r tr\u00e4pelletsverket\" class=\"wp-image-748\" title=\"\"><figcaption class=\"wp-element-caption\">Malighafi ya Kinu cha Pellet ya Kuni<\/figcaption><\/figure>    <figure class=\"wp-block-image size-large\"><img loading=\"lazy\" decoding=\"async\" width=\"720\" height=\"540\" data-id=\"749\" src=\"https:\/\/hnwoodmachinery.com\/wp-content\/uploads\/2022\/11\/finished-wood-pellets-.jpg\" alt=\"kumaliza pellets za mbao\" class=\"wp-image-749\" title=\"\"><figcaption class=\"wp-element-caption\">Pellets za mbao zilizokamilishwa<\/figcaption><\/figure> <\/figure>    <h2 class=\"wp-block-heading\">Muundo wa mashine ya pelletizer ya majani ya kuni<\/h2>    <p>Mashine ya kutengeneza pellet ya mbao ina vipengee kadhaa muhimu, ikiwa ni pamoja na mlango wa kulisha, silinda ya kulisha, dirisha la uchunguzi, sahani ya kifuniko, motor, kifuniko cha vumbi, mlango wa kutoa, sanduku la gia, na zaidi. Muundo wake wa jumla ni mzuri, unaohitaji nafasi ndogo ya sakafu huku ikiwa imara, hudumu na sugu kuvaa.<\/p>    <h2 class=\"wp-block-heading\">Je, extruder ya pellet ya kuni inafanya kazi gani?<\/h2>   <div id=\"rank-math-howto\" class=\"rank-math-block\" > <div class=\"rank-math-howto-description\">  <\/div>  <div class=\"rank-math-steps\"> <div id=\"howto-step-1729071773263\" class=\"rank-math-step\"> <div class=\"rank-math-step-content\"><p>Malighafi huletwa ndani ya kinu cha pellet kupitia feeder ya screw, ambayo kisha inaielekeza kwenye kiyoyozi. Katika hatua hii, mfuasi huongezwa ili kusaidia kuunganisha chembe, kuwezesha uundaji wa pellets zenye na imara.<\/p> <\/div> <\/div> <div id=\"howto-step-1729071784026\" class=\"rank-math-step\"> <div class=\"rank-math-step-content\"><p>Baada ya kuweka hali, malighafi huhamia kwenye eneo la pelletizing. Sehemu hii ina kinu chenye umbo la pete, ndiyo maana kifaa hiki cha kutengeneza pellet ya majani hurejelewa kama kinu cha pete. Ndani ya kufa kwa pete, kuna rollers mbili hadi nne. Malighafi inapoingia kwenye chumba hiki, nguvu ya katikati huisukuma dhidi ya uso wa ndani wa pete. Kwa kawaida, roller na pete hufa huzunguka, ikikandamiza malighafi kati ya nyuso zao.<\/p> <\/div> <\/div> <div id=\"howto-step-1729071790244\" class=\"rank-math-step\"> <div class=\"rank-math-step-content\"><p>Malighafi iliyoshinikizwa hutoka kupitia mashimo ya kufa kwa pete, ikitokea kwa namna ya vijiti. Kikataji kisu kinachofanana na kisu kisha hukata vijiti hivi ili kutoa pellets za ukubwa unaohitajika, kuwezesha marekebisho ya urefu wa pellet kulingana na mahitaji maalum.<\/p> <\/div> <\/div> <\/div> <\/div>       <figure class=\"wp-block-embed aligncenter is-type-video is-provider-youtube wp-block-embed-youtube wp-embed-aspect-16-9 wp-has-aspect-ratio\"><div class=\"wp-block-embed__wrapper\"> <iframe loading=\"lazy\" title=\"Mashine ya kutengeneza pellet ya kuni yenye uwezo wa juu! Mashine ya machujo ya mbao na kutengeneza pellet ya mbao\" width=\"500\" height=\"281\" src=\"https:\/\/www.youtube.com\/embed\/Lz747NqZSl4?feature=oembed\" frameborder=\"0\" allow=\"accelerometer; autoplay; clipboard-write; encrypted-media; gyroscope; picture-in-picture; web-share\" referrerpolicy=\"strict-origin-when-cross-origin\" allowfullscreen><\/iframe> <\/div><figcaption class=\"wp-element-caption\">pete kufa majani pellet kinu kanuni ya kazi<\/figcaption><\/figure>    <h2 class=\"wp-block-heading\">Parametrar f\u00f6r tr\u00e4pelletsproducent<\/h2>    <figure class=\"wp-block-table is-style-stripes\"><table><tbody><tr><td>Mfano<\/td><td>YGKJ380<\/td><td>YGKJ450<\/td><td>YGKJ560A<\/td><td>YGKJ560B<\/td><td>YGKJ560C<\/td><td>YGKJ700<\/td><td>YGKJ880<\/td><\/tr><tr><td>Uwezo (T\/H)&nbsp;<\/td><td>0.2-0.3<\/td><td>0.6-0.8<\/td><td>1-1.3<\/td><td>1.2-1.5<\/td><td>1.2-1.5<\/td><td>2-2.5&nbsp;<\/td><td>3-4&nbsp;<\/td><\/tr><tr><td>Nguvu (KW)<\/td><td>22+0.75<\/td><td>55+1.5+ 1.1+0.37+ 0.55<\/td><td>90+1.5+ 1.5+0.55+ 0.37<\/td><td>90+1.5+ 1.5+0.55+ 0.37<\/td><td>90+1.5+ 1.5+0.55+ 0.37<\/td><td>160+2.2+ 0.37+0.75 +1.5<\/td><td>220+3+0.5 5+2.2+1.1<\/td><\/tr><\/tbody><\/table><figcaption class=\"wp-element-caption\">parameter f\u00f6r tr\u00e4pelletsproducent<\/figcaption><\/figure>    <h2 class=\"wp-block-heading\">Kwa nini kiwanda cha kutengeneza pellet cha pellet kinapendwa na wawekezaji?<\/h2>    <ul class=\"wp-block-list\"> <li>Mashine yetu ya kutengeneza pellet ya mbao ina muundo wa moja kwa moja, inaweza kubadilika sana, inachukua nafasi ndogo, na inafanya kazi kwa kelele kidogo.<\/li>    <li>Vyanzo vya nishati asilia vinatatizika kuendana na mahitaji ya soko la kimataifa, na kufanya mafuta ya pellet ya majani kuwa mbadala mzuri wa makaa ya mawe.<\/li>    <li>Chakula cha unga na poda ya nyasi inaweza kuchujwa bila hitaji la kioevu chochote kilichoongezwa. Matokeo yake, unyevu wa chakula cha pellet hubakia chini sana, na iwe rahisi kuhifadhi.<\/li>    <li>Malighafi ya mashine ya pellet ya pete kimsingi ni pamoja na majani ya mazao na vifaa sawa. Pembejeo hizi ni za bei nafuu, na kusababisha gharama ya chini kwa tani. Zaidi ya hayo, mashine inajivunia pato la juu la usindikaji. Kwa kuzingatia mahitaji makubwa ya soko, tasnia hii inathibitisha kuwa na faida kubwa.<\/li> <\/ul>   <div class=\"wp-block-image\"> <figure class=\"aligncenter size-full\"><img loading=\"lazy\" decoding=\"async\" width=\"720\" height=\"540\" src=\"https:\/\/hnwoodmachinery.com\/wp-content\/uploads\/2022\/11\/wood-pellet-maker-.webp\" alt=\"mtengenezaji wa pellet ya mbao\" class=\"wp-image-750\" title=\"mtengenezaji wa pellet ya mbao\"\/><figcaption class=\"wp-element-caption\">mtengenezaji wa pellet ya mbao<\/figcaption><\/figure> <\/div>   <h2 class=\"wp-block-heading\">Tofauti na mapendekezo kati ya mashine ya pellet die na flat die pellet<\/h2>    <p class=\"translation-block\">Kuna aina mbili kuu za mashine za kutengeneza pellet za biomasi. Mbali na mashine hii, aina nyingine inaitwa mashine ya kutengeneza pellet ya <strong><em><a href=\"https:\/\/hnwoodmachinery.com\/sw\/product\/biomass-pellet-machine\/\">flat die<\/a><\/em><\/strong>. Zote zina miundo tofauti, kanuni za kufanya kazi, uwezo wa uzalishaji, na kadhalika. Lakini zote zina kazi sawa \u2013 uzalishaji wa pellet za biomasi.<\/p>    <ol class=\"wp-block-list\"> <li>Matokeo ya mashine ya pellet ya die tambarare kwa kawaida ni kati ya 1.5 hadi 3 kg wakati mashine za kutengeneza pellet zinaweza kuzalisha tani 0.2 hadi 0.3. Hivyo, ikiwa unatafuta uzalishaji wa juu, ni vyema kuchagua mashine ya pellet ya die ya pete.<\/li>    <li>Kuna njia tofauti za kulisha za kuzingatia. Katika mashine ya gorofa ya pellet ya kufa, nyenzo huingia kwenye chumba cha kushinikiza kwa wima kutokana na uzito wake. Kinyume chake, mashine ya kutengenezea pellet ya mbao hutumia njia ya kulishia iliyopinda ambayo huviringisha na kubana malisho.<\/li>    <li>Linapokuja suala la kumalizia kwa chembe na uwiano wa mgandamizo, kipunjaji cha pete cha kufa hutoa anuwai pana inayoweza kurekebishwa ikilinganishwa na mashine ya gorofa ya pellet. Pellets zinazozalishwa na mashine ya kufa ya pete huwa na kumaliza laini kuliko zile za mashine ya kufa gorofa. Ikiwa una mahitaji maalum ya uwiano wa compression na kuonekana kwa bidhaa za granulated, pamoja na haja ya pato la juu, mashine ya kutengeneza pellet ya kuni itakuwa chaguo bora zaidi.<\/li> <\/ol>    <figure class=\"wp-block-gallery has-nested-images columns-default is-cropped wp-block-gallery-4 is-layout-flex wp-block-gallery-is-layout-flex\"> <figure class=\"wp-block-image size-large\"><img loading=\"lazy\" decoding=\"async\" width=\"720\" height=\"540\" data-id=\"751\" src=\"https:\/\/hnwoodmachinery.com\/wp-content\/uploads\/2022\/11\/wood-pellet-making-machine-1-.webp\" alt=\"mashine ya kutengeneza pellet ya mbao \" class=\"wp-image-751\" title=\"mashine ya kutengeneza pellet ya mbao \"\/><figcaption class=\"wp-element-caption\">Mashine ya Kutengeneza Pellet ya Mbao <\/figcaption><\/figure>    <figure class=\"wp-block-image size-large\"><img loading=\"lazy\" decoding=\"async\" width=\"720\" height=\"540\" data-id=\"752\" src=\"https:\/\/hnwoodmachinery.com\/wp-content\/uploads\/2022\/11\/flat-die-pellet-machine-.webp\" alt=\"mashine ya pellet ya kufa gorofa\" class=\"wp-image-752\" title=\"mashine ya pellet ya kufa gorofa\"\/><figcaption class=\"wp-element-caption\">Flat Die Pellet Machine<\/figcaption><\/figure> <\/figure>    <h2 class=\"wp-block-heading\">Varf\u00f6r v\u00e4lja Shuliy Machinerys tr\u00e4pelletsverk?<\/h2>    <p class=\"translation-block\">Mashine yetu ya kutengeneza pellet za biomasi ni maarufu sana. Na viwanda vingi vya pellet za biomasi nyumbani na nje ya nchi vimechagua mashine yetu. Sasa mashine zetu zimeuzwa kwa <a href=\"https:\/\/en.wikipedia.org\/wiki\/Uganda\" target=\"_blank\" rel=\"noopener\">Uganda<\/a>, Ufilipino, Senegal, Malaysia, Mexico, Australia, na nchi nyingine.<\/p>    <ul class=\"wp-block-list\"> <li>Shuliy ni mtengenezaji mwenye ujuzi wa mashine za mbao, na kuleta miaka ya utaalamu kwa sekta hiyo.<\/li>    <li>Tuna utaalam katika kubuni na kubinafsisha mashine za kipekee iliyoundwa ili kukidhi mahitaji maalum ya wateja wetu anuwai.<\/li>    <li>Timu yetu ya huduma ya mauzo iliyojitolea inapatikana ili kutoa usaidizi wa kitaalamu kwa wateja mtandaoni na nje ya mtandao.<\/li>    <li>Wateja wanaweza kufanya malipo mtandaoni kwa urahisi na kufuatilia vifaa vyao, na kuhakikisha hali ya uhakika ya ununuzi.<\/li>    <li>Vipengele vyote vya mashine zetu vimeundwa kutoka kwa nyenzo za hali ya juu, sugu ambazo kawaida hutumika kwenye mashine nzito.<\/li> <\/ul>   <div class=\"wp-block-image\"> <figure class=\"aligncenter size-full is-resized\"><img loading=\"lazy\" decoding=\"async\" width=\"720\" height=\"540\" src=\"https:\/\/hnwoodmachinery.com\/wp-content\/uploads\/2022\/11\/wood-pellet-mill-1-1.webp\" alt=\"kottepelletsfabrik\" class=\"wp-image-756\" style=\"width:720px;height:auto\" title=\"kottepelletsfabrik\"\/><figcaption class=\"wp-element-caption\">mbao pellet kinu uzalishaji line<\/figcaption><\/figure> <\/div>   <p>Baada ya kuchunguza gharama na faida zinazohusiana na sekta ya usindikaji wa pellet ya majani, inakuwa wazi kwamba uwezekano wa uwekezaji wa mashine ya pellet ya pellet ni muhimu sana, na bado kuna kiasi cha faida cha afya. Ikiwa unataka kujiunga na sekta ya usindikaji wa pellet ya majani au unahitaji kununua mashine ya pellet ya pellet, unaweza kuwasiliana nasi wakati wowote.<\/p>","protected":false},"excerpt":{"rendered":"<p>Mashine ya kutengeneza pellet ya mbao ni kifaa ambacho hubadilisha aina tofauti za mbao zilizosagwa, majani ya mimea, maganda ya mimea, na slag kuwa pellets za biofuel. Inaweza kuzalisha hadi 4000kg\/h.<\/p>","protected":false},"author":1,"featured_media":746,"parent":0,"template":"","tags":[46,44,37,35,39],"product-type":[31],"class_list":["post-745","product","type-product","status-publish","has-post-thumbnail","hentry","tag-biomass","tag-biomass-pellet","tag-sawdust","tag-wood","tag-wood-pallet","product-type-wood-pellet-machine"],"_links":{"self":[{"href":"https:\/\/hnwoodmachinery.com\/sw\/wp-json\/wp\/v2\/product\/745","targetHints":{"allow":["GET"]}}],"collection":[{"href":"https:\/\/hnwoodmachinery.com\/sw\/wp-json\/wp\/v2\/product"}],"about":[{"href":"https:\/\/hnwoodmachinery.com\/sw\/wp-json\/wp\/v2\/types\/product"}],"author":[{"embeddable":true,"href":"https:\/\/hnwoodmachinery.com\/sw\/wp-json\/wp\/v2\/users\/1"}],"wp:featuredmedia":[{"embeddable":true,"href":"https:\/\/hnwoodmachinery.com\/sw\/wp-json\/wp\/v2\/media\/746"}],"wp:attachment":[{"href":"https:\/\/hnwoodmachinery.com\/sw\/wp-json\/wp\/v2\/media?parent=745"}],"wp:term":[{"taxonomy":"post_tag","embeddable":true,"href":"https:\/\/hnwoodmachinery.com\/sw\/wp-json\/wp\/v2\/tags?post=745"},{"taxonomy":"product-type","embeddable":true,"href":"https:\/\/hnwoodmachinery.com\/sw\/wp-json\/wp\/v2\/product-type?post=745"}],"curies":[{"name":"wp","href":"https:\/\/api.w.org\/{rel}","templated":true}]}}