{"id":668,"date":"2022-10-12T17:18:55","date_gmt":"2022-10-12T09:18:55","guid":{"rendered":"https:\/\/hnwoodmachinery.com\/?post_type=product&#038;p=668"},"modified":"2024-09-14T18:21:05","modified_gmt":"2024-09-14T10:21:05","slug":"pallet-block-making-machine","status":"publish","type":"product","link":"https:\/\/hnwoodmachinery.com\/sw\/product\/pallet-block-making-machine\/","title":{"rendered":"Kizuizi cha godoro cha Kutengeneza Kifaa cha Kutengeneza Kizuizi cha Mbao"},"content":{"rendered":"<div class=\"kk-star-ratings kksr-auto kksr-align-left kksr-valign-top\"     data-payload='{&quot;align&quot;:&quot;left&quot;,&quot;id&quot;:&quot;668&quot;,&quot;slug&quot;:&quot;default&quot;,&quot;valign&quot;:&quot;top&quot;,&quot;ignore&quot;:&quot;&quot;,&quot;reference&quot;:&quot;auto&quot;,&quot;class&quot;:&quot;&quot;,&quot;count&quot;:&quot;92&quot;,&quot;legendonly&quot;:&quot;&quot;,&quot;readonly&quot;:&quot;&quot;,&quot;score&quot;:&quot;4.8&quot;,&quot;starsonly&quot;:&quot;&quot;,&quot;best&quot;:&quot;5&quot;,&quot;gap&quot;:&quot;5&quot;,&quot;greet&quot;:&quot;Rate this product&quot;,&quot;legend&quot;:&quot;4.8\\\/5 - (92 votes)&quot;,&quot;size&quot;:&quot;24&quot;,&quot;title&quot;:&quot;Pallet Block Making Machine Wood Sawdust Block Forming Equipment&quot;,&quot;width&quot;:&quot;136.7&quot;,&quot;_legend&quot;:&quot;{score}\\\/{best} - ({count} {votes})&quot;,&quot;font_factor&quot;:&quot;1.25&quot;}'>              <div class=\"kksr-stars\">      <div class=\"kksr-stars-inactive\">             <div class=\"kksr-star\" data-star=\"1\" style=\"padding-right: 5px\">               <div class=\"kksr-icon\" style=\"width: 24px; height: 24px;\"><\/div>         <\/div>             <div class=\"kksr-star\" data-star=\"2\" style=\"padding-right: 5px\">               <div class=\"kksr-icon\" style=\"width: 24px; height: 24px;\"><\/div>         <\/div>             <div class=\"kksr-star\" data-star=\"3\" style=\"padding-right: 5px\">               <div class=\"kksr-icon\" style=\"width: 24px; height: 24px;\"><\/div>         <\/div>             <div class=\"kksr-star\" data-star=\"4\" style=\"padding-right: 5px\">               <div class=\"kksr-icon\" style=\"width: 24px; height: 24px;\"><\/div>         <\/div>             <div class=\"kksr-star\" data-star=\"5\" style=\"padding-right: 5px\">               <div class=\"kksr-icon\" style=\"width: 24px; height: 24px;\"><\/div>         <\/div>     <\/div>      <div class=\"kksr-stars-active\" style=\"width: 136.7px;\">             <div class=\"kksr-star\" style=\"padding-right: 5px\">               <div class=\"kksr-icon\" style=\"width: 24px; height: 24px;\"><\/div>         <\/div>             <div class=\"kksr-star\" style=\"padding-right: 5px\">               <div class=\"kksr-icon\" style=\"width: 24px; height: 24px;\"><\/div>         <\/div>             <div class=\"kksr-star\" style=\"padding-right: 5px\">               <div class=\"kksr-icon\" style=\"width: 24px; height: 24px;\"><\/div>         <\/div>             <div class=\"kksr-star\" style=\"padding-right: 5px\">               <div class=\"kksr-icon\" style=\"width: 24px; height: 24px;\"><\/div>         <\/div>             <div class=\"kksr-star\" style=\"padding-right: 5px\">               <div class=\"kksr-icon\" style=\"width: 24px; height: 24px;\"><\/div>         <\/div>     <\/div> <\/div>                   <div class=\"kksr-legend\" style=\"font-size: 19.2px;\">             4.8\/5 - (92 r\u00f6ster)    <\/div>     <\/div>  <p>Mashine ya kutengenezea godoro ni maalumu kwa ajili ya kuzalisha miguu ya kukokotwa ya trei ya kutandaza na vitalu vya kutandika safu ya kinga, vinavyotumika kwa usafirishaji na uhifadhi. Inaweza kusindika takriban 4m\u00b3 za malighafi kwa siku.  Msongamano wa bidhaa ya mwisho unaweza kufikia 550-1000kg\/m\u00b3. <\/p>    <p>Tunaweza kubinafsisha sura na saizi ya kizuizi cha kuni kilichomalizika, kuanzia 75 mm hadi 145 mm. Mashine yetu ya kutengeneza vitalu vya godoro inaweza kutoa aina mbili za vitalu vya mbao, imara na mashimo. Unaweza kuchagua kulingana na mahitaji yako.<\/p>    <figure class=\"wp-block-embed aligncenter is-type-video is-provider-youtube wp-block-embed-youtube wp-embed-aspect-16-9 wp-has-aspect-ratio\"><div class=\"wp-block-embed__wrapper\"> <iframe loading=\"lazy\" title=\"Mashine mpya zaidi ya kutengenezea machujo ya mbao kutoka kwa Mashine ya Shuliy! mashine ya kutengeneza vizuizi vya mbao iliyoshinikwa\" width=\"500\" height=\"281\" src=\"https:\/\/www.youtube.com\/embed\/U64tcpbFAhQ?feature=oembed\" frameborder=\"0\" allow=\"accelerometer; autoplay; clipboard-write; encrypted-media; gyroscope; picture-in-picture; web-share\" referrerpolicy=\"strict-origin-when-cross-origin\" allowfullscreen><\/iframe> <\/div><figcaption class=\"wp-element-caption\">mbao godoro vitalu kubwa mashine kazi ya video<\/figcaption><\/figure>    <p>Mashine ya kutengeneza vizuizi vya pallet ya Shuliy inaweza kuzalisha vizuizi vya kuni vya ubora wa juu kwa kutumia vumbi la kuni kama malighafi. Bidhaa zilizokamilishwa hazina vipande vya kupoteza na zinaonyesha upinzani mzuri wa maji. Mashine hii imepokelewa vizuri na wateja wengi.<\/p>    <p>Zaidi ya hayo, tunatoa aina mbili za mashine za kutengeneza vitalu vya mbao: moja ni mfano wa kawaida na nyingine ni mfano wa kawaida wa Ulaya. Mashine ya kawaida ya Ulaya ni ghali zaidi. Walakini, kuna tofauti kati ya mashine hizo mbili. Ikiwa una nia, tafadhali wasiliana nasi kwa habari zaidi.<\/p>    <figure class=\"wp-block-gallery has-nested-images columns-default is-cropped wp-block-gallery-2 is-layout-flex wp-block-gallery-is-layout-flex\"> <figure class=\"wp-block-image size-large\"><img loading=\"lazy\" decoding=\"async\" width=\"720\" height=\"540\" data-id=\"670\" src=\"https:\/\/hnwoodmachinery.com\/wp-content\/uploads\/2022\/10\/pallet-block-making-machine-2.webp\" alt=\"pallblockstillverkningsmaskin\" class=\"wp-image-670\" title=\"pallblockstillverkningsmaskin\"\/><figcaption class=\"wp-element-caption\">Mashine ya Kutengeneza Pallet Block<\/figcaption><\/figure>    <figure class=\"wp-block-image size-large\"><img loading=\"lazy\" decoding=\"async\" width=\"720\" height=\"540\" data-id=\"671\" src=\"https:\/\/hnwoodmachinery.com\/wp-content\/uploads\/2022\/10\/sawdust-block-making-machine-.webp\" alt=\"s\u00e5gsp\u00e5nblockstillverkningsmaskin\" class=\"wp-image-671\" title=\"s\u00e5gsp\u00e5nblockstillverkningsmaskin\"\/><figcaption class=\"wp-element-caption\">Mashine ya Kutengeneza Kizuizi cha Sawdust<\/figcaption><\/figure> <\/figure>    <h2 class=\"wp-block-heading\">Malighafi inayotumika katika mashine ya kutengeneza vitalu vya mbao<\/h2>    <p class=\"translation-block\">Malighafi ghafi yanayotumiwa katika mashine ya kutengeneza vizuizi vya mbao kwa ujumla ni mbao za mbao, vipande vya mbao, machujo ya mbao, n.k., sawa na malighafi zinazotumiwa katika <a href=\"https:\/\/hnwoodmachinery.com\/sw\/product\/hydraulic-wood-pallet-machine\/\">mashine ya kutengeneza pallet za mbao za kubana<\/a>.<\/p>   <div class=\"wp-block-image\"> <figure class=\"aligncenter size-full\"><img loading=\"lazy\" decoding=\"async\" width=\"720\" height=\"540\" src=\"https:\/\/hnwoodmachinery.com\/wp-content\/uploads\/2022\/10\/raw-material-of-the-sawdust-brick-press-machine-.jpg\" alt=\"malighafi ya mashine ya vyombo vya habari vya tofali ya tofali\" class=\"wp-image-677\" title=\"malighafi ya mashine ya vyombo vya habari vya tofali ya tofali\"\/><figcaption class=\"wp-element-caption\">malighafi ya mashine ya vyombo vya habari vya tofali ya tofali<\/figcaption><\/figure> <\/div>   <h2 class=\"wp-block-heading\">Aina mbili za vitalu vya mbao<\/h2>    <p>Kuna aina mbili za vitalu vya mbao tunazozalisha: imara na mashimo. Lakini tunapendekeza vitalu vyenye mashimo kwa sababu vinaweza kupumua, kuruhusu joto kupotea na kuzuia mkusanyiko wa unyevu.<\/p>    <figure class=\"wp-block-gallery aligncenter has-nested-images columns-default is-cropped wp-block-gallery-3 is-layout-flex wp-block-gallery-is-layout-flex\"><div class=\"wp-block-image\"> <figure class=\"aligncenter size-large\"><img loading=\"lazy\" decoding=\"async\" width=\"720\" height=\"540\" data-id=\"672\" src=\"https:\/\/hnwoodmachinery.com\/wp-content\/uploads\/2022\/10\/sawdust-wood-blocks-.webp\" alt=\"mbao za mbao za mbao \" class=\"wp-image-672\" title=\"mbao za mbao za mbao \"\/><figcaption class=\"wp-element-caption\">mbao za mbao za mbao<\/figcaption><\/figure> <\/div><\/figure>    <h2 class=\"wp-block-heading\">Ukubwa wa vitalu vya mbao vya mbao<\/h2>    <p class=\"translation-block\"><strong>Ukubwa wa jumla:<\/strong> 80*80mm, 90*90mm, 100*100mm.  <\/p>    <p class=\"translation-block\"><strong>Ukubwa wa kiwango cha Ulaya:<\/strong> kwa ujumla zaidi ya 100mm, kwa mfano, 145*105mm.<\/p>   <div class=\"wp-block-image\"> <figure class=\"aligncenter size-full\"><img loading=\"lazy\" decoding=\"async\" width=\"720\" height=\"540\" src=\"https:\/\/hnwoodmachinery.com\/wp-content\/uploads\/2022\/10\/different-type-of-wood-block-makers-.webp\" alt=\"olika typer av tr\u00e4blockstillverkare\" class=\"wp-image-673\" title=\"olika typer av tr\u00e4blockstillverkare\"\/><figcaption class=\"wp-element-caption\">aina tofauti za watunga mbao<\/figcaption><\/figure> <\/div>   <h2 class=\"wp-block-heading\">Muundo wa mashine ya machujo ya mbao moto vyombo vya habari<\/h2>    <p>Mashine ya kutengeneza vizuizi vya godoro ina kabati ya kudhibiti umeme, hopa, kifaa cha kusukuma majimaji, kifaa cha kupokanzwa na kutengeneza, sehemu (iliyo na sehemu mbili na sehemu tatu), saw (mwongozo au otomatiki), nk.<\/p>    <figure class=\"wp-block-gallery has-nested-images columns-default is-cropped wp-block-gallery-4 is-layout-flex wp-block-gallery-is-layout-flex\"> <figure class=\"wp-block-image size-large\"><img loading=\"lazy\" decoding=\"async\" width=\"720\" height=\"540\" data-id=\"674\" src=\"https:\/\/hnwoodmachinery.com\/wp-content\/uploads\/2022\/10\/hopper-of-the-sawdust-wood-block-hot-press-machine-.webp\" alt=\"s\u00e5gsp\u00e5ntr\u00e4block varmpressmaskin\" class=\"wp-image-674\" title=\"s\u00e5gsp\u00e5ntr\u00e4block varmpressmaskin\"\/><figcaption class=\"wp-element-caption\">Mashine ya Kuzuia Kuni ya Kuni ya Moto<\/figcaption><\/figure>    <figure class=\"wp-block-image size-large\"><img loading=\"lazy\" decoding=\"async\" width=\"720\" height=\"540\" data-id=\"675\" src=\"https:\/\/hnwoodmachinery.com\/wp-content\/uploads\/2022\/10\/heating-device-of-the-pallet-block-maker-.webp\" alt=\"uppv\u00e4rmning av pallblockmaskinens del \" class=\"wp-image-675\" title=\"uppv\u00e4rmning av pallblockmaskinens del \"\/><figcaption class=\"wp-element-caption\">Inapokanzwa Sehemu ya Mashine ya Kuzuia Pallet <\/figcaption><\/figure>    <figure class=\"wp-block-image size-large\"><img loading=\"lazy\" decoding=\"async\" width=\"720\" height=\"540\" data-id=\"676\" src=\"https:\/\/hnwoodmachinery.com\/wp-content\/uploads\/2022\/10\/control-panel-of-the-sawdust-block-maker-.jpg\" alt=\"kontrollpanel f\u00f6r s\u00e5gsp\u00e5nsblockstillverkare\" class=\"wp-image-676\" title=\"kontrollpanel f\u00f6r s\u00e5gsp\u00e5nsblockstillverkare\"\/><figcaption class=\"wp-element-caption\">Jopo la Kudhibiti la Kitengeneza Kizuizi cha Sawdust<\/figcaption><\/figure> <\/figure>    <h2 class=\"wp-block-heading\">Vigezo vya mashine ya kutengeneza machujo ya mbao<\/h2>    <figure class=\"wp-block-table is-style-stripes\"><table><tbody><tr><td>Ukubwa<\/td><td>90*90mm (Unaweza kubinafsishwa)<\/td><\/tr><tr><td>Injini<\/td><td>15-18kw<\/td><\/tr><tr><td>Uwezo<\/td><td>4 m\u00b3\/24h (tofauti kwa vifaa tofauti)<\/td><\/tr><tr><td>Msongamano<\/td><td>550-600kg\/m\u00b3<\/td><\/tr><tr><td>Matumizi ya nyenzo<\/td><td>550-600kg\/m\u00b3 (vinyolea vya mbao,\u00a0machujo ya mbao)<\/td><\/tr><tr><td>Matumizi ya gundi<\/td><td>80-100kg\/m\u00b3<\/td><\/tr><tr><td>Udhibiti wa joto<\/td><td>PID<\/td><\/tr><tr><td>Dimension<\/td><td>4800*760*1300mm<\/td><\/tr><tr><td>Uzito<\/td><td>1300 Kg<\/td><\/tr><\/tbody><\/table><figcaption class=\"wp-element-caption\">parametrar f\u00f6r s\u00e5gsp\u00e5nblockstillverkare<\/figcaption><\/figure>    <h2 class=\"wp-block-heading\">Kanuni ya kazi ya mashine ya kuzuia pallet<\/h2>    <ol class=\"wp-block-list\"> <li>Silinda ya hydraulic hutoa shinikizo la juu, huendesha pistoni ili kutoa nje na kuunda nyenzo. <\/li>    <li>Sahani ya kupokanzwa, iliyowekwa kwenye joto la juu, inasaidia katika uimarishaji na ukingo wa gundi ya urea-formaldehyde. <\/li>    <li>Kisha nyenzo hukatwa kwa urefu maalum, kwa kawaida karibu mita 1.2. <\/li>    <li>Baada ya baridi, vipande vya mbao vya muda mrefu vya bidhaa za kumaliza nusu hukatwa hadi ukubwa wao wa mwisho.<\/li> <\/ol>    <figure class=\"wp-block-embed aligncenter is-type-video is-provider-youtube wp-block-embed-youtube wp-embed-aspect-16-9 wp-has-aspect-ratio\"><div class=\"wp-block-embed__wrapper\"> <iframe loading=\"lazy\" title=\"Kubadilisha Utengenezaji wa Mbao: Tunakuletea Mashine ya Ultimate ya Kutengeneza Pallet ya Mbao!#woodmachine\" width=\"500\" height=\"281\" src=\"https:\/\/www.youtube.com\/embed\/PGEoARZKCAw?feature=oembed\" frameborder=\"0\" allow=\"accelerometer; autoplay; clipboard-write; encrypted-media; gyroscope; picture-in-picture; web-share\" referrerpolicy=\"strict-origin-when-cross-origin\" allowfullscreen><\/iframe> <\/div><figcaption class=\"wp-element-caption\">kanuni ya kazi ya mashine ya block block ya mbao<\/figcaption><\/figure>    <h2 class=\"wp-block-heading\">Mashine hufanya kazi pamoja na kutengeneza machujo ya mbao<\/h2>    <p>Mashine ya kutengeneza vizuizi vya sawdust inaweza kuunganishwa na crusher, dryer ya hewa (pamoja na tanuru), mchanganyiko wa gundi, mkatakata wa mbao, n.k. ili kuunda laini ya uzalishaji. Tunaweza kuoanisha laini ya uzalishaji ya mashine ya vizuizi vya mbao kulingana na hali halisi ya mteja.<\/p>    <figure class=\"wp-block-gallery has-nested-images columns-default is-cropped wp-block-gallery-5 is-layout-flex wp-block-gallery-is-layout-flex\"> <figure class=\"wp-block-image size-large\"><img loading=\"lazy\" decoding=\"async\" width=\"720\" height=\"540\" data-id=\"1108\" src=\"https:\/\/hnwoodmachinery.com\/wp-content\/uploads\/2022\/10\/glue-mixer.webp\" alt=\"limblandare\" class=\"wp-image-1108\" title=\"\" srcset=\"https:\/\/hnwoodmachinery.com\/wp-content\/uploads\/2022\/10\/glue-mixer.webp 720w, https:\/\/hnwoodmachinery.com\/wp-content\/uploads\/2022\/10\/glue-mixer-300x225.webp 300w, https:\/\/hnwoodmachinery.com\/wp-content\/uploads\/2022\/10\/glue-mixer-16x12.webp 16w\" sizes=\"auto, (max-width: 720px) 100vw, 720px\" \/><figcaption class=\"wp-element-caption\">Mchanganyiko wa Gundi<\/figcaption><\/figure>    <figure class=\"wp-block-image size-large\"><img loading=\"lazy\" decoding=\"async\" width=\"720\" height=\"540\" data-id=\"1107\" src=\"https:\/\/hnwoodmachinery.com\/wp-content\/uploads\/2022\/10\/dicing-machine.webp\" alt=\"tr\u00e4block t\u00e4rningsmaskin\" class=\"wp-image-1107\" title=\"\" srcset=\"https:\/\/hnwoodmachinery.com\/wp-content\/uploads\/2022\/10\/dicing-machine.webp 720w, https:\/\/hnwoodmachinery.com\/wp-content\/uploads\/2022\/10\/dicing-machine-300x225.webp 300w, https:\/\/hnwoodmachinery.com\/wp-content\/uploads\/2022\/10\/dicing-machine-16x12.webp 16w\" sizes=\"auto, (max-width: 720px) 100vw, 720px\" \/><figcaption class=\"wp-element-caption\">Wood Block Dicing Machine<\/figcaption><\/figure> <\/figure>    <h2 class=\"wp-block-heading\">Faida za mashine ya kutengeneza vitalu vya mbao<\/h2>    <ul class=\"wp-block-list\"> <li>Kuna aina mbalimbali za <a href=\"https:\/\/en.wikipedia.org\/wiki\/Sawdust\" target=\"_blank\" rel=\"noopener\">vumbi la mbao<\/a> maskini ya kutengeneza vizuizi, ambayo yanaweza kukidhi mahitaji tofauti ya wateja.<\/li>    <li>Athari nzuri ya kufanya kazi, briketi nzuri, safi, na za kudumu zinazozalishwa.<\/li>    <li>Mashine ya kutengeneza pallet ni ya kudumu na ina maisha marefu ya huduma.<\/li>    <li>Rahisi kutumia, na baraza la mawaziri la kudhibiti umeme, na rahisi kufanya kazi.<\/li>    <li>Rahisi kufanya kazi, mtu mmoja anaweza kutumia mashine 3.<\/li>    <li>Mashine inaweza kusaga taka ya kuni kwa ufanisi.<\/li> <\/ul>    <figure class=\"wp-block-gallery has-nested-images columns-default is-cropped wp-block-gallery-6 is-layout-flex wp-block-gallery-is-layout-flex\"> <figure class=\"wp-block-image size-large\"><img loading=\"lazy\" decoding=\"async\" width=\"720\" height=\"540\" data-id=\"678\" src=\"https:\/\/hnwoodmachinery.com\/wp-content\/uploads\/2022\/10\/pallet-machine-maker-.webp\" alt=\"pallmaskinstillverkare\" class=\"wp-image-678\" title=\"pallmaskinstillverkare\"\/><figcaption class=\"wp-element-caption\">Muundaji wa Mashine ya Pallet<\/figcaption><\/figure>    <figure class=\"wp-block-image size-large\"><img loading=\"lazy\" decoding=\"async\" width=\"720\" height=\"540\" data-id=\"679\" src=\"https:\/\/hnwoodmachinery.com\/wp-content\/uploads\/2022\/10\/pallet-block-making-machine-3.webp\" alt=\"pallblockstillverkningsmaskin\" class=\"wp-image-679\" title=\"pallblockstillverkningsmaskin\"\/><figcaption class=\"wp-element-caption\">Mashine ya Kutengeneza Pallet Block<\/figcaption><\/figure> <\/figure>    <h2 class=\"wp-block-heading\">Je, ni faida gani za vitalu vya mbao vya mbao?<\/h2>    <ul class=\"wp-block-list\"> <li>Kwa sababu kizuizi cha kuni kinaundwa kwa njia ya extrusion ya juu-joto, ni bure kutoka kwa mafusho.<\/li>    <li>Gharama ya chini ya uzalishaji. Kizuizi cha mbao cha mkeka kina chips za mbao, na malighafi ni ya bei nafuu na rahisi kupata.<\/li>    <li>Utendaji wa juu wa kubeba mzigo. Inaweza kusaidia vitu vingi na hutumiwa sana.<\/li> <\/ul>    <figure class=\"wp-block-gallery has-nested-images columns-default is-cropped wp-block-gallery-7 is-layout-flex wp-block-gallery-is-layout-flex\"> <figure class=\"wp-block-image size-large\"><img loading=\"lazy\" decoding=\"async\" width=\"720\" height=\"540\" data-id=\"680\" src=\"https:\/\/hnwoodmachinery.com\/wp-content\/uploads\/2022\/10\/wood-blocks-.webp\" alt=\"vitalu vya mbao \" class=\"wp-image-680\" title=\"vitalu vya mbao \"\/><figcaption class=\"wp-element-caption\">Vitalu vya Mbao <\/figcaption><\/figure>    <figure class=\"wp-block-image size-large\"><img loading=\"lazy\" decoding=\"async\" width=\"720\" height=\"540\" data-id=\"681\" src=\"https:\/\/hnwoodmachinery.com\/wp-content\/uploads\/2022\/10\/finished-sawdust-wood-blocks-.webp\" alt=\"f\u00e4rdiga s\u00e5gsp\u00e5n tr\u00e4block \" class=\"wp-image-681\" title=\"f\u00e4rdiga s\u00e5gsp\u00e5n tr\u00e4block \"\/><figcaption class=\"wp-element-caption\">Vitalu vya Kuni vilivyomaliza vya Sawdust <\/figcaption><\/figure> <\/figure>    <p>Kiwanda chetu kimekuwa kikizalisha vifaa vya usindikaji wa kuni kwa miaka mingi na kina uzoefu mzuri. Ikiwa unajishughulisha na tasnia hii, unaweza kutaka kuvinjari tovuti hii na ujisikie huru kuwasiliana nasi. Tutakuwa chaguo lako bora.<\/p>","protected":false},"excerpt":{"rendered":"<p>Mashine ya kutengenezea vizuizi vya godoro ina utaalam wa kutengeneza miguu ya kukokotwa ya sinia na vitalu vya kutandika safu ya kinga. <\/p>","protected":false},"author":1,"featured_media":669,"parent":0,"template":"","tags":[35,43],"product-type":[30],"class_list":["post-668","product","type-product","status-publish","has-post-thumbnail","hentry","tag-wood","tag-wood-block","product-type-wood-forming-machine"],"_links":{"self":[{"href":"https:\/\/hnwoodmachinery.com\/sw\/wp-json\/wp\/v2\/product\/668","targetHints":{"allow":["GET"]}}],"collection":[{"href":"https:\/\/hnwoodmachinery.com\/sw\/wp-json\/wp\/v2\/product"}],"about":[{"href":"https:\/\/hnwoodmachinery.com\/sw\/wp-json\/wp\/v2\/types\/product"}],"author":[{"embeddable":true,"href":"https:\/\/hnwoodmachinery.com\/sw\/wp-json\/wp\/v2\/users\/1"}],"wp:featuredmedia":[{"embeddable":true,"href":"https:\/\/hnwoodmachinery.com\/sw\/wp-json\/wp\/v2\/media\/669"}],"wp:attachment":[{"href":"https:\/\/hnwoodmachinery.com\/sw\/wp-json\/wp\/v2\/media?parent=668"}],"wp:term":[{"taxonomy":"post_tag","embeddable":true,"href":"https:\/\/hnwoodmachinery.com\/sw\/wp-json\/wp\/v2\/tags?post=668"},{"taxonomy":"product-type","embeddable":true,"href":"https:\/\/hnwoodmachinery.com\/sw\/wp-json\/wp\/v2\/product-type?post=668"}],"curies":[{"name":"wp","href":"https:\/\/api.w.org\/{rel}","templated":true}]}}