{"id":651,"date":"2022-10-11T18:12:30","date_gmt":"2022-10-11T10:12:30","guid":{"rendered":"https:\/\/hnwoodmachinery.com\/?post_type=product&#038;p=651"},"modified":"2024-09-13T18:29:07","modified_gmt":"2024-09-13T10:29:07","slug":"hydraulic-wood-pallet-machine","status":"publish","type":"product","link":"https:\/\/hnwoodmachinery.com\/sw\/product\/hydraulic-wood-pallet-machine\/","title":{"rendered":"Hydraulic Wood Pallet Machine Presswood Pallet Vifaa vya Press"},"content":{"rendered":"<div class=\"kk-star-ratings kksr-auto kksr-align-left kksr-valign-top\"     data-payload='{&quot;align&quot;:&quot;left&quot;,&quot;id&quot;:&quot;651&quot;,&quot;slug&quot;:&quot;default&quot;,&quot;valign&quot;:&quot;top&quot;,&quot;ignore&quot;:&quot;&quot;,&quot;reference&quot;:&quot;auto&quot;,&quot;class&quot;:&quot;&quot;,&quot;count&quot;:&quot;90&quot;,&quot;legendonly&quot;:&quot;&quot;,&quot;readonly&quot;:&quot;&quot;,&quot;score&quot;:&quot;4.8&quot;,&quot;starsonly&quot;:&quot;&quot;,&quot;best&quot;:&quot;5&quot;,&quot;gap&quot;:&quot;5&quot;,&quot;greet&quot;:&quot;Rate this product&quot;,&quot;legend&quot;:&quot;4.8\\\/5 - (90 votes)&quot;,&quot;size&quot;:&quot;24&quot;,&quot;title&quot;:&quot;Hydraulic Wood Pallet Machine Presswood Pallet Press Equipment&quot;,&quot;width&quot;:&quot;136.7&quot;,&quot;_legend&quot;:&quot;{score}\\\/{best} - ({count} {votes})&quot;,&quot;font_factor&quot;:&quot;1.25&quot;}'>              <div class=\"kksr-stars\">      <div class=\"kksr-stars-inactive\">             <div class=\"kksr-star\" data-star=\"1\" style=\"padding-right: 5px\">               <div class=\"kksr-icon\" style=\"width: 24px; height: 24px;\"><\/div>         <\/div>             <div class=\"kksr-star\" data-star=\"2\" style=\"padding-right: 5px\">               <div class=\"kksr-icon\" style=\"width: 24px; height: 24px;\"><\/div>         <\/div>             <div class=\"kksr-star\" data-star=\"3\" style=\"padding-right: 5px\">               <div class=\"kksr-icon\" style=\"width: 24px; height: 24px;\"><\/div>         <\/div>             <div class=\"kksr-star\" data-star=\"4\" style=\"padding-right: 5px\">               <div class=\"kksr-icon\" style=\"width: 24px; height: 24px;\"><\/div>         <\/div>             <div class=\"kksr-star\" data-star=\"5\" style=\"padding-right: 5px\">               <div class=\"kksr-icon\" style=\"width: 24px; height: 24px;\"><\/div>         <\/div>     <\/div>      <div class=\"kksr-stars-active\" style=\"width: 136.7px;\">             <div class=\"kksr-star\" style=\"padding-right: 5px\">               <div class=\"kksr-icon\" style=\"width: 24px; height: 24px;\"><\/div>         <\/div>             <div class=\"kksr-star\" style=\"padding-right: 5px\">               <div class=\"kksr-icon\" style=\"width: 24px; height: 24px;\"><\/div>         <\/div>             <div class=\"kksr-star\" style=\"padding-right: 5px\">               <div class=\"kksr-icon\" style=\"width: 24px; height: 24px;\"><\/div>         <\/div>             <div class=\"kksr-star\" style=\"padding-right: 5px\">               <div class=\"kksr-icon\" style=\"width: 24px; height: 24px;\"><\/div>         <\/div>             <div class=\"kksr-star\" style=\"padding-right: 5px\">               <div class=\"kksr-icon\" style=\"width: 24px; height: 24px;\"><\/div>         <\/div>     <\/div> <\/div>                   <div class=\"kksr-legend\" style=\"font-size: 19.2px;\">             4.8\/5 - (90 kura)    <\/div>     <\/div>  <p>Mashine ya godoro ya mbao ya majimaji huunda kwa ufanisi vumbi la mbao na malighafi mbalimbali katika mchakato mmoja wa kusukuma moto. Inazalisha godoro moja kila baada ya dakika 4-5, na kusababisha zaidi ya pallet 200 kila siku. <\/p>    <p>Mashine hii ya godoro ya mbao huchakata malighafi mbalimbali, ikiwa ni pamoja na chipsi za mbao, maganda ya nazi, na vumbi la mbao taka. Paleti za mbao zinazozalishwa na mashine hii ni imara, hudumu kwa muda mrefu, na hutumiwa kwa kawaida. Tunatoa mifano mbalimbali kwa pallets zetu za mbao, na zinaweza pia kubinafsishwa kwa maumbo tofauti. Hii inaruhusu sisi kukidhi mahitaji mbalimbali ya wateja wetu.<\/p>    <figure class=\"wp-block-embed aligncenter is-type-video is-provider-youtube wp-block-embed-youtube wp-embed-aspect-16-9 wp-has-aspect-ratio\"><div class=\"wp-block-embed__wrapper\"> <iframe loading=\"lazy\" title=\"Mashine ya Otomatiki ya Pallet ya Presswood Inayotumika: Kubadilisha Uzalishaji wa Pallet!#woodmachine\" width=\"500\" height=\"281\" src=\"https:\/\/www.youtube.com\/embed\/n4uJwvmJ9R0?feature=oembed\" frameborder=\"0\" allow=\"accelerometer; autoplay; clipboard-write; encrypted-media; gyroscope; picture-in-picture; web-share\" referrerpolicy=\"strict-origin-when-cross-origin\" allowfullscreen><\/iframe> <\/div><figcaption class=\"wp-element-caption\">mbao pallet kubwa ya kufanya kazi video<\/figcaption><\/figure>    <p class=\"translation-block\">Mashine zetu za pallet za mbao ni maarufu katika nchi mbalimbali, ikiwa ni pamoja na Kanada, Misri, Malaysia, Madagaska, Meksiko, na Slovakia. Zaidi ya hayo, tunazalisha <a href=\"https:\/\/hnwoodmachinery.com\/sw\/product\/wood-hammer-mill\/\">mashine za kutengeneza vumbi la mbao<\/a> ambazo zinaweza kutumiwa pamoja na mashine ya mbao ya majimaji.<\/p>    <figure class=\"wp-block-gallery has-nested-images columns-default is-cropped wp-block-gallery-2 is-layout-flex wp-block-gallery-is-layout-flex\"> <figure class=\"wp-block-image size-large\"><img loading=\"lazy\" decoding=\"async\" width=\"720\" height=\"540\" data-id=\"654\" src=\"https:\/\/hnwoodmachinery.com\/wp-content\/uploads\/2022\/10\/hydraulic-wood-pallet-machine-1.webp\" alt=\"mashine ya pallet ya kuni ya majimaji\" class=\"wp-image-654\" title=\"mashine ya pallet ya kuni ya majimaji\"\/><figcaption class=\"wp-element-caption\">Hydraulic Wood Pallet Machine<\/figcaption><\/figure>    <figure class=\"wp-block-image size-large\"><img loading=\"lazy\" decoding=\"async\" width=\"720\" height=\"540\" data-id=\"655\" src=\"https:\/\/hnwoodmachinery.com\/wp-content\/uploads\/2022\/10\/press-wood-pallet-making-machine-.webp\" alt=\"bonyeza mashine ya kutengeneza godoro la mbao\" class=\"wp-image-655\" title=\"bonyeza mashine ya kutengeneza godoro la mbao\"\/><figcaption class=\"wp-element-caption\">Bonyeza Mashine ya Kutengeneza Pallet ya Kuni<\/figcaption><\/figure> <\/figure>    <h2 class=\"wp-block-heading\">Nyenzo zilizochakatwa na mashine ya kutengeneza godoro za mbao<\/h2>    <p class=\"translation-block\"><strong>Malighafi:<\/strong> malighafi ambazo zinaweza kuchakatwa na mashine ya pallet ya mbao ni tofauti sana. Kwa kawaida, hizi ni pamoja na maganda ya nazi, nyuzi za nazi, karatasi, vifaa vya biomasi, vipande vya mbao vilivyochakatwa, vumbi la mbao, vipande, na aina mbalimbali za vipande vya mbao.<\/p>   <div class=\"wp-block-image\"> <figure class=\"aligncenter size-full\"><img loading=\"lazy\" decoding=\"async\" width=\"720\" height=\"540\" src=\"https:\/\/hnwoodmachinery.com\/wp-content\/uploads\/2022\/10\/raw-material-of-the-wood-pallet-.webp\" alt=\"malighafi ya pallet ya kuni\" class=\"wp-image-656\" title=\"malighafi ya pallet ya kuni\"\/><figcaption class=\"wp-element-caption\">malighafi ya pallet ya kuni<\/figcaption><\/figure> <\/div>   <p class=\"translation-block\"><strong>Matumizi ya pallet za mbao:<\/strong> pallet za mbao zina uwezo wa kubeba vitu vizito na kusafirisha vitu mbalimbali, ikiwa ni pamoja na chakula, dawa, bidhaa za kilimo, na mbolea.<\/p>   <div class=\"wp-block-image\"> <figure class=\"aligncenter size-full\"><img loading=\"lazy\" decoding=\"async\" width=\"720\" height=\"540\" src=\"https:\/\/hnwoodmachinery.com\/wp-content\/uploads\/2022\/10\/Application-of-wood-pallet-.webp\" alt=\"Utumiaji wa pallet ya kuni\" class=\"wp-image-657\" title=\"Utumiaji wa pallet ya kuni\"\/><figcaption class=\"wp-element-caption\"><strong>Utumiaji wa pallet ya kuni<\/strong><\/figcaption><\/figure> <\/div>   <h2 class=\"wp-block-heading\">Muundo wa mashine ya vyombo vya habari vya pallet<\/h2>    <p>Mashine ya pallet ya kuni ya hydraulic kimsingi ina kituo cha pampu ya majimaji, silinda ya majimaji, kufa kwa juu na chini, baraza la mawaziri la kudhibiti, mashine ya joto ya ukungu, na vifaa vingine. Mifano mbalimbali za mashine hutoa shinikizo tofauti.<\/p>    <figure class=\"wp-block-gallery has-nested-images columns-default is-cropped wp-block-gallery-3 is-layout-flex wp-block-gallery-is-layout-flex\"> <figure class=\"wp-block-image size-large\"><img loading=\"lazy\" decoding=\"async\" width=\"720\" height=\"540\" data-id=\"658\" src=\"https:\/\/hnwoodmachinery.com\/wp-content\/uploads\/2022\/10\/pallet-press-machine\u2018control-panel-.webp\" alt=\"kontrolna tabla ma\u0161ine za pre\u0161anje paleta\" class=\"wp-image-658\" title=\"kontrolna tabla ma\u0161ine za pre\u0161anje paleta\"\/><figcaption class=\"wp-element-caption\">Paneli ya kudhibiti ya Pallet Press Machine<\/figcaption><\/figure>    <figure class=\"wp-block-image size-large\"><img loading=\"lazy\" decoding=\"async\" width=\"720\" height=\"540\" data-id=\"659\" src=\"https:\/\/hnwoodmachinery.com\/wp-content\/uploads\/2022\/10\/molding-part-.webp\" alt=\"\" class=\"wp-image-659\" title=\"\"><figcaption class=\"wp-element-caption\">Sehemu ya Uundaji <\/figcaption><\/figure>    <figure class=\"wp-block-image size-large\"><img loading=\"lazy\" decoding=\"async\" width=\"720\" height=\"540\" data-id=\"660\" src=\"https:\/\/hnwoodmachinery.com\/wp-content\/uploads\/2022\/10\/upper-part-of-the-wood-pallet-machine-.webp\" alt=\"\u00f6vre delen av tr\u00e4pallmaskinen\" class=\"wp-image-660\" title=\"\u00f6vre delen av tr\u00e4pallmaskinen\"\/><figcaption class=\"wp-element-caption\">Sehemu ya Juu ya Mashine ya Pallet ya Kuni<\/figcaption><\/figure> <\/figure>    <h2 class=\"wp-block-heading\">Mtiririko wa kazi wa mashine ya kushinikiza pellet ya sawdust<\/h2>   <div id=\"rank-math-howto\" class=\"rank-math-block\" > <div class=\"rank-math-howto-description\">  <\/div>  <div class=\"rank-math-steps\"> <div id=\"howto-step-1717482181808\" class=\"rank-math-step\"> <div class=\"rank-math-step-content\"><p>Wafanyakazi huanza kwa kuweka malighafi kwenye mold ya mashine ya pallet ya mbao ya majimaji.<\/p> <\/div> <\/div> <div id=\"howto-step-1717482237057\" class=\"rank-math-step\"> <div class=\"rank-math-step-content\"><p>Washa mashine na uiweke mara kadhaa. Baada ya hayo, mashine huanza kushinikiza malighafi kwa moto.<\/p> <\/div> <\/div> <div id=\"howto-step-1717482241247\" class=\"rank-math-step\"> <div class=\"rank-math-step-content\"><p>Baada ya kama dakika 4 hadi 5, mchakato wa kutengeneza godoro la mbao umekamilika.<\/p> <\/div> <\/div> <\/div> <\/div>       <figure class=\"wp-block-embed aligncenter is-type-video is-provider-youtube wp-block-embed-youtube wp-embed-aspect-16-9 wp-has-aspect-ratio\"><div class=\"wp-block-embed__wrapper\"> <iframe loading=\"lazy\" title=\"Ufanisi Umeinuliwa: Shuhudia Mashine Yetu ya Kufinyanga Pallet ya Presswood Inayotumika! #wood usindikaji\" width=\"500\" height=\"281\" src=\"https:\/\/www.youtube.com\/embed\/BRzDbvVdf7U?feature=oembed\" frameborder=\"0\" allow=\"accelerometer; autoplay; clipboard-write; encrypted-media; gyroscope; picture-in-picture; web-share\" referrerpolicy=\"strict-origin-when-cross-origin\" allowfullscreen><\/iframe> <\/div><figcaption class=\"wp-element-caption\">video ya usindikaji wa mashine ya godoro ya mbao ya majimaji<\/figcaption><\/figure>    <h2 class=\"wp-block-heading\">Vigezo vya kiufundi vya mashine ya kutengeneza pallet ya vyombo vya habari vya moto<\/h2>    <figure class=\"wp-block-table is-style-stripes\"><table><tbody><tr><td>Mfano<\/td><td>SL-800-102 na molds mbili<\/td><\/tr><tr><td>Ukubwa wa ukungu<\/td><td>1200*800mm(Inaweza kubinafsishwa)<\/td><\/tr><tr><td>Voltage<\/td><td>11kw (mpya zaidi)<\/td><\/tr><tr><td>Uwezo<\/td><td>220pcs \/ siku<\/td><\/tr><tr><td>Shinikizo la kufanya kazi<\/td><td>25MPa<\/td><\/tr><tr><td>Silinda ya Mafuta<\/td><td>\u03a6360*4pcs<\/td><\/tr><tr><td>Kiharusi<\/td><td>400 mm<\/td><\/tr><tr><td>Dimension<\/td><td>3.3mX3mX3.2m<\/td><\/tr><tr><td>Uzito<\/td><td>25 tani<\/td><\/tr><\/tbody><\/table><figcaption class=\"wp-element-caption\">parametri za ma\u0161inu za pravljenje paleta vru\u0107im pre\u0161anjem<\/figcaption><\/figure>    <h2 class=\"wp-block-heading\">Kwa nini kuchagua mashine yetu ya pallet ya kuni?<\/h2>    <ul class=\"wp-block-list\"> <li>Mashine ya godoro ya mbao ya hydraulic inaweza kutumika tofauti na inaweza kutumia aina mbalimbali za malighafi, ikiwa ni pamoja na aina tofauti za mbao za mbao na nyenzo ndefu za nyuzi. Unyumbulifu huu huruhusu watumiaji kupunguza ingizo lao la malighafi.<\/li>    <li>Kuna mifano kadhaa ya mashine hii inapatikana, kuwezesha uzalishaji wa pallets za mbao kwa ukubwa mbalimbali.<\/li>    <li>Mashine ya pallet ya mbao ya vyombo vya habari hufanya kazi kwa shinikizo la juu, na kusababisha pallets za mbao imara na za kudumu.<\/li>    <li>Inashirikiana na muundo wa machapisho manne, vifaa ni imara, rahisi kudumisha, na imeundwa kwa maisha ya muda mrefu ya huduma.<\/li>    <li>Mfumo wa udhibiti wa PLC ni rahisi kutumia, hukuruhusu kuweka wakati na halijoto kulingana na mahitaji yako.<\/li> <\/ul>    <figure class=\"wp-block-gallery has-nested-images columns-default is-cropped wp-block-gallery-4 is-layout-flex wp-block-gallery-is-layout-flex\"> <figure class=\"wp-block-image size-large\"><img loading=\"lazy\" decoding=\"async\" width=\"720\" height=\"540\" data-id=\"666\" src=\"https:\/\/hnwoodmachinery.com\/wp-content\/uploads\/2022\/10\/wood-pallet-machine-.webp\" alt=\"tr\u00e4pallmaskin\" class=\"wp-image-666\" title=\"tr\u00e4pallmaskin\"\/><figcaption class=\"wp-element-caption\">Mashine ya Pallet ya Mbao<\/figcaption><\/figure>    <figure class=\"wp-block-image size-large\"><img loading=\"lazy\" decoding=\"async\" width=\"720\" height=\"540\" data-id=\"667\" src=\"https:\/\/hnwoodmachinery.com\/wp-content\/uploads\/2022\/10\/wood-pallets-2.webp\" alt=\"godoro la mbao \" class=\"wp-image-667\" title=\"godoro la mbao \"\/><figcaption class=\"wp-element-caption\">Pallet ya mbao <\/figcaption><\/figure> <\/figure>    <h2 class=\"wp-block-heading\">Je, ni faida gani za pallets za mbao?<\/h2>    <ul class=\"wp-block-list\"> <li>Pallet za mbao hazihitaji ufukizo, kuruhusu kuagiza na kuuza nje kwa urahisi.<\/li>    <li>Wanazingatia viwango vya ulinzi wa mazingira na wana gharama ndogo za uzalishaji.<\/li>    <li>Pallets za mbao huhifadhi sura thabiti, kupinga deformation, na maisha ya muda mrefu.<\/li>    <li>Wao ni sifa ya usahihi wa juu na kubuni nyepesi.<\/li> <\/ul>    <figure class=\"wp-block-gallery has-nested-images columns-default is-cropped wp-block-gallery-5 is-layout-flex wp-block-gallery-is-layout-flex\"> <figure class=\"wp-block-image size-large\"><img loading=\"lazy\" decoding=\"async\" width=\"720\" height=\"540\" data-id=\"661\" src=\"https:\/\/hnwoodmachinery.com\/wp-content\/uploads\/2022\/10\/finished-wood-pallet-.webp\" alt=\"f\u00e4rdig tr\u00e4pall\" class=\"wp-image-661\" title=\"f\u00e4rdig tr\u00e4pall\"\/><figcaption class=\"wp-element-caption\">Pallet ya mbao iliyomalizika<\/figcaption><\/figure>    <figure class=\"wp-block-image size-large\"><img loading=\"lazy\" decoding=\"async\" width=\"720\" height=\"540\" data-id=\"662\" src=\"https:\/\/hnwoodmachinery.com\/wp-content\/uploads\/2022\/10\/wood-pallets-.webp\" alt=\"tr\u00e4pallar\" class=\"wp-image-662\" title=\"tr\u00e4pallar\"\/><figcaption class=\"wp-element-caption\">Pallets za mbao<\/figcaption><\/figure> <\/figure>    <figure class=\"wp-block-gallery has-nested-images columns-default is-cropped wp-block-gallery-6 is-layout-flex wp-block-gallery-is-layout-flex\"> <figure class=\"wp-block-image size-large\"><img loading=\"lazy\" decoding=\"async\" width=\"720\" height=\"540\" data-id=\"1103\" src=\"https:\/\/hnwoodmachinery.com\/wp-content\/uploads\/2022\/10\/wooden-pallets.webp\" alt=\"tr\u00e4pallar\" class=\"wp-image-1103\" title=\"\" srcset=\"https:\/\/hnwoodmachinery.com\/wp-content\/uploads\/2022\/10\/wooden-pallets.webp 720w, https:\/\/hnwoodmachinery.com\/wp-content\/uploads\/2022\/10\/wooden-pallets-300x225.webp 300w, https:\/\/hnwoodmachinery.com\/wp-content\/uploads\/2022\/10\/wooden-pallets-16x12.webp 16w\" sizes=\"auto, (max-width: 720px) 100vw, 720px\" \/><figcaption class=\"wp-element-caption\">Pallets za mbao<\/figcaption><\/figure>    <figure class=\"wp-block-image size-large\"><img loading=\"lazy\" decoding=\"async\" width=\"720\" height=\"540\" data-id=\"1102\" src=\"https:\/\/hnwoodmachinery.com\/wp-content\/uploads\/2022\/10\/presswood-pallet-production.webp\" alt=\"produktion av presswoodpallar\" class=\"wp-image-1102\" title=\"\" srcset=\"https:\/\/hnwoodmachinery.com\/wp-content\/uploads\/2022\/10\/presswood-pallet-production.webp 720w, https:\/\/hnwoodmachinery.com\/wp-content\/uploads\/2022\/10\/presswood-pallet-production-300x225.webp 300w, https:\/\/hnwoodmachinery.com\/wp-content\/uploads\/2022\/10\/presswood-pallet-production-16x12.webp 16w\" sizes=\"auto, (max-width: 720px) 100vw, 720px\" \/><figcaption class=\"wp-element-caption\">Uzalishaji wa Pallet ya Presswood<\/figcaption><\/figure> <\/figure>    <h2 class=\"wp-block-heading\">Maswali Yanayoulizwa Mara kwa Mara<\/h2>   <div id=\"rank-math-faq\" class=\"rank-math-block\"> <div class=\"rank-math-list\"> <div id=\"faq-question-1717482314554\" class=\"rank-math-list-item\"> <h3 class=\"rank-math-question\">Je, ukubwa wa pallets za mbao unaweza kubinafsishwa?<\/h3> <div class=\"rank-math-answer\">  <p>Ndiyo, inawezekana.<\/p>  <\/div> <\/div> <div id=\"faq-question-1717482319564\" class=\"rank-math-list-item\"> <h3 class=\"rank-math-question\">Je, mold ya pallets za mbao inaweza kubadilishwa? Je, inaweza kubinafsishwa?<\/h3> <div class=\"rank-math-answer\">  <p>Formarna kan \u00e4ndras. Vi kan anpassa formen av tr\u00e4pallar enligt kundens krav.<\/p>  <\/div> <\/div> <div id=\"faq-question-1717482326171\" class=\"rank-math-list-item\"> <h3 class=\"rank-math-question\">Je, ni uzito gani wa pallets za mbao ambazo zinaweza kubeba?<\/h3> <div class=\"rank-math-answer\">  <p>Mzigo tuli: 3, 5, tani 10. Mzigo wa nguvu: tani 3-5.<\/p>  <\/div> <\/div> <div id=\"faq-question-1717482333756\" class=\"rank-math-list-item\"> <h3 class=\"rank-math-question\">Ni nini mahitaji ya unyevu wa malighafi?<\/h3> <div class=\"rank-math-answer\">  <p>Unyevu mdogo ni bora zaidi. Kwa ujumla, ni kuhusu 10%.<\/p>  <\/div> <\/div> <div id=\"faq-question-1717482341738\" class=\"rank-math-list-item\"> <h3 class=\"rank-math-question\">Inachukua muda gani kutengeneza godoro la mbao?<\/h3> <div class=\"rank-math-answer\">  <p>Dakika 4-5.<\/p>  <\/div> <\/div> <\/div> <\/div>   <figure class=\"wp-block-gallery has-nested-images columns-default is-cropped wp-block-gallery-7 is-layout-flex wp-block-gallery-is-layout-flex\"> <figure class=\"wp-block-image size-large\"><img loading=\"lazy\" decoding=\"async\" width=\"720\" height=\"540\" data-id=\"664\" src=\"https:\/\/hnwoodmachinery.com\/wp-content\/uploads\/2022\/10\/sawdust-pellet-press-machines-mold-1-1.jpg\" alt=\"form f\u00f6r s\u00e5gsp\u00e5nspressmaskin\" class=\"wp-image-664\" title=\"form f\u00f6r s\u00e5gsp\u00e5nspressmaskin\"\/><figcaption class=\"wp-element-caption\">Mold za ma\u0161inu za pre\u0161anje peleta od piljevine<\/figcaption><\/figure>    <figure class=\"wp-block-image size-large\"><img loading=\"lazy\" decoding=\"async\" width=\"720\" height=\"540\" data-id=\"665\" src=\"https:\/\/hnwoodmachinery.com\/wp-content\/uploads\/2022\/10\/hot-press-pallet-making-machine-.jpg\" alt=\"form f\u00f6r varmpressningsmaskin f\u00f6r palltillverkning \" class=\"wp-image-665\" title=\"form f\u00f6r varmpressningsmaskin f\u00f6r palltillverkning \"\/><figcaption class=\"wp-element-caption\">Mold za ma\u0161inu za pravljenje paleta vru\u0107im pre\u0161anjem <\/figcaption><\/figure> <\/figure>    <h2 class=\"wp-block-heading\">Mashine ya pallet ya mbao inauzwa Kanada<\/h2>    <p class=\"translation-block\">Mteja kutoka <a href=\"https:\/\/en.wikipedia.org\/wiki\/Canada\" target=\"_blank\" rel=\"noopener\">Kanada<\/a> aliagiza mashine ya pallet ya mbao ya TP-800-102 ya majimaji kutoka kwetu wiki iliyopita. Kupitia majadiliano yetu, tuligundua kuwa mteja anaendesha kiwanda cha pallet za mbao na anatafuta mashine mpya. <\/p>    <p>Hapo awali, mteja alikuwa akitumia mashine ya zamani ya pallet ya mbao. Tulipendekeza mtindo mpya, tukiangazia alama yake ndogo, ufanisi ulioongezeka, na uimara wa bidhaa iliyokamilishwa. Baada ya kutoa utangulizi wa kina kwa mashine, mteja alichagua kuendelea na ununuzi wa mashine ya pallet ya mbao.<\/p>","protected":false},"excerpt":{"rendered":"<p>Mashine ya godoro ya mbao ya majimaji huunda kwa ufanisi vumbi la mbao na malighafi mbalimbali katika mchakato mmoja wa kusukuma moto. Inazalisha godoro moja kila baada ya dakika 4-5, na kusababisha zaidi ya pallet 200 kila siku. <\/p>","protected":false},"author":1,"featured_media":653,"parent":0,"template":"","tags":[35,39],"product-type":[30],"class_list":["post-651","product","type-product","status-publish","has-post-thumbnail","hentry","tag-wood","tag-wood-pallet","product-type-wood-forming-machine"],"_links":{"self":[{"href":"https:\/\/hnwoodmachinery.com\/sw\/wp-json\/wp\/v2\/product\/651","targetHints":{"allow":["GET"]}}],"collection":[{"href":"https:\/\/hnwoodmachinery.com\/sw\/wp-json\/wp\/v2\/product"}],"about":[{"href":"https:\/\/hnwoodmachinery.com\/sw\/wp-json\/wp\/v2\/types\/product"}],"author":[{"embeddable":true,"href":"https:\/\/hnwoodmachinery.com\/sw\/wp-json\/wp\/v2\/users\/1"}],"wp:featuredmedia":[{"embeddable":true,"href":"https:\/\/hnwoodmachinery.com\/sw\/wp-json\/wp\/v2\/media\/653"}],"wp:attachment":[{"href":"https:\/\/hnwoodmachinery.com\/sw\/wp-json\/wp\/v2\/media?parent=651"}],"wp:term":[{"taxonomy":"post_tag","embeddable":true,"href":"https:\/\/hnwoodmachinery.com\/sw\/wp-json\/wp\/v2\/tags?post=651"},{"taxonomy":"product-type","embeddable":true,"href":"https:\/\/hnwoodmachinery.com\/sw\/wp-json\/wp\/v2\/product-type?post=651"}],"curies":[{"name":"wp","href":"https:\/\/api.w.org\/{rel}","templated":true}]}}