{"id":30,"date":"2022-07-18T03:48:36","date_gmt":"2022-07-18T03:48:36","guid":{"rendered":"https:\/\/hnwoodmachinery.com\/?post_type=product&#038;p=30"},"modified":"2024-09-11T17:57:28","modified_gmt":"2024-09-11T09:57:28","slug":"shavings-for-animal-bedding","status":"publish","type":"product","link":"https:\/\/hnwoodmachinery.com\/sw\/product\/shavings-for-animal-bedding\/","title":{"rendered":"Mashine ya Kunyolea Kuni kwa Bei Nzuri kwa Tandiko la Wanyama"},"content":{"rendered":"<div class=\"kk-star-ratings kksr-auto kksr-align-left kksr-valign-top\"     data-payload='{&quot;align&quot;:&quot;left&quot;,&quot;id&quot;:&quot;30&quot;,&quot;slug&quot;:&quot;default&quot;,&quot;valign&quot;:&quot;top&quot;,&quot;ignore&quot;:&quot;&quot;,&quot;reference&quot;:&quot;auto&quot;,&quot;class&quot;:&quot;&quot;,&quot;count&quot;:&quot;92&quot;,&quot;legendonly&quot;:&quot;&quot;,&quot;readonly&quot;:&quot;&quot;,&quot;score&quot;:&quot;4.8&quot;,&quot;starsonly&quot;:&quot;&quot;,&quot;best&quot;:&quot;5&quot;,&quot;gap&quot;:&quot;5&quot;,&quot;greet&quot;:&quot;Rate this product&quot;,&quot;legend&quot;:&quot;4.8\\\/5 - (92 votes)&quot;,&quot;size&quot;:&quot;24&quot;,&quot;title&quot;:&quot;Shavings For Animal Bedding Good Price Wood Shaving Machine&quot;,&quot;width&quot;:&quot;136.7&quot;,&quot;_legend&quot;:&quot;{score}\\\/{best} - ({count} {votes})&quot;,&quot;font_factor&quot;:&quot;1.25&quot;}'>              <div class=\"kksr-stars\">      <div class=\"kksr-stars-inactive\">             <div class=\"kksr-star\" data-star=\"1\" style=\"padding-right: 5px\">               <div class=\"kksr-icon\" style=\"width: 24px; height: 24px;\"><\/div>         <\/div>             <div class=\"kksr-star\" data-star=\"2\" style=\"padding-right: 5px\">               <div class=\"kksr-icon\" style=\"width: 24px; height: 24px;\"><\/div>         <\/div>             <div class=\"kksr-star\" data-star=\"3\" style=\"padding-right: 5px\">               <div class=\"kksr-icon\" style=\"width: 24px; height: 24px;\"><\/div>         <\/div>             <div class=\"kksr-star\" data-star=\"4\" style=\"padding-right: 5px\">               <div class=\"kksr-icon\" style=\"width: 24px; height: 24px;\"><\/div>         <\/div>             <div class=\"kksr-star\" data-star=\"5\" style=\"padding-right: 5px\">               <div class=\"kksr-icon\" style=\"width: 24px; height: 24px;\"><\/div>         <\/div>     <\/div>      <div class=\"kksr-stars-active\" style=\"width: 136.7px;\">             <div class=\"kksr-star\" style=\"padding-right: 5px\">               <div class=\"kksr-icon\" style=\"width: 24px; height: 24px;\"><\/div>         <\/div>             <div class=\"kksr-star\" style=\"padding-right: 5px\">               <div class=\"kksr-icon\" style=\"width: 24px; height: 24px;\"><\/div>         <\/div>             <div class=\"kksr-star\" style=\"padding-right: 5px\">               <div class=\"kksr-icon\" style=\"width: 24px; height: 24px;\"><\/div>         <\/div>             <div class=\"kksr-star\" style=\"padding-right: 5px\">               <div class=\"kksr-icon\" style=\"width: 24px; height: 24px;\"><\/div>         <\/div>             <div class=\"kksr-star\" style=\"padding-right: 5px\">               <div class=\"kksr-icon\" style=\"width: 24px; height: 24px;\"><\/div>         <\/div>     <\/div> <\/div>                   <div class=\"kksr-legend\" style=\"font-size: 19.2px;\">             4.8\/5 - (92 r\u00f6ster)    <\/div>     <\/div>  <p>Mashine ya kunyolea kuni imeundwa mahususi kunyoa mbao za gogo za duara za kipenyo tofauti kuwa vinyolea vya mbao bora kwa matandiko ya wanyama. Inafanya kazi kwa kuzungusha blade yake ili kutoa chips bora zaidi na usahihi wa hadi 0.5 mm. <\/p>    <p>Inaweza kushughulikia hadi kilo 3,000 za kumbukumbu kila saa, ambayo husaidia kupunguza matumizi ya nishati katika mchakato wa uzalishaji kufikia 20%. Ikiwa inatumiwa katika utengenezaji wa samani, uzalishaji wa bodi, au matibabu ya awali ya vifaa vya ujenzi, inachangia kuboresha ufanisi wa uzalishaji.<\/p>    <p>Miti iliyokamilishwa ina ukubwa unaoweza kurekebishwa na inaweza kutumika kama matandiko kwa ajili ya ufugaji na uzazi wa mifugo kama vile farasi, nguruwe, ng'ombe, kondoo, kuku, wanyama wa kufugwa, n.k. Inafaida sana kwa tasnia ya ufugaji wa farasi, ufugaji au tasnia ya ufugaji wa wanyama. .<\/p>    <figure class=\"wp-block-embed aligncenter is-type-video is-provider-youtube wp-block-embed-youtube wp-embed-aspect-16-9 wp-has-aspect-ratio\"><div class=\"wp-block-embed__wrapper\"> <iframe loading=\"lazy\" title=\"Kugeuza Taka kuwa Hazina: Operesheni ya Kustaajabisha ya Mashine ya Kunyoa Kuni yenye Ufanisi Sana!\" width=\"500\" height=\"281\" src=\"https:\/\/www.youtube.com\/embed\/AT86gcX0xlU?feature=oembed\" frameborder=\"0\" allow=\"accelerometer; autoplay; clipboard-write; encrypted-media; gyroscope; picture-in-picture; web-share\" referrerpolicy=\"strict-origin-when-cross-origin\" allowfullscreen><\/iframe> <\/div><figcaption class=\"wp-element-caption\">video ya kazi ya kunyoa kuni kwa matandiko ya wanyama<\/figcaption><\/figure>    <h2 class=\"wp-block-heading\" id=\"h-brief-introduction-shavings-for-animal-bedding\">Unyoaji wa mashine unayoweza kubinafsishwa kwa matandiko ya wanyama<\/h2>    <p>Mashine ya kukata kuni ya Shuliy ina mifano tofauti. Tunaweza kukidhi mahitaji ya wateja wengi zaidi. Tunaweza pia kubinafsisha mashine kulingana na mahitaji maalum ya wateja wetu. <\/p>    <p>Kwa mfano, tunaweza kuinua sura ya shavings kwa matandiko ya wanyama na kuongeza magurudumu mawili makubwa ili kuwezesha wateja kusonga mashine, nk. Kina cha kisu kinaweza kubadilishwa inavyohitajika ili kupata shavings ya unene tofauti. <\/p>    <p>Kuhusu nguvu, mashine inaweza kuwa na injini ya dizeli na motor ya umeme. Nchi tunazosafirisha mara nyingi ni Afrika Kusini na maeneo jirani.<\/p>    <figure class=\"wp-block-gallery has-nested-images columns-2 is-cropped wp-block-gallery-2 is-layout-flex wp-block-gallery-is-layout-flex\"> <figure class=\"wp-block-image size-large\"><img loading=\"lazy\" decoding=\"async\" width=\"720\" height=\"540\" data-id=\"441\" src=\"https:\/\/hnwoodmachinery.com\/wp-content\/uploads\/2022\/09\/wood-shaving-machine-0.webp\" alt=\"sp\u00e5n f\u00f6r djurb\u00e4ddning\" class=\"wp-image-441\" title=\"sp\u00e5n f\u00f6r djurb\u00e4ddning\"\/><figcaption class=\"wp-element-caption\">Kunyoa Kwa Matandiko ya Wanyama<\/figcaption><\/figure>    <figure class=\"wp-block-image size-large\"><img loading=\"lazy\" decoding=\"async\" width=\"720\" height=\"540\" data-id=\"442\" src=\"https:\/\/hnwoodmachinery.com\/wp-content\/uploads\/2022\/09\/wood-shaving-machine-for-animal-bedding-0.webp\" alt=\"mashine ya kunyolea kuni kwa matandiko ya wanyama\" class=\"wp-image-442\" title=\"mashine ya kunyolea kuni kwa matandiko ya wanyama\"\/><figcaption class=\"wp-element-caption\">Mashine Ya Kunyolea Mbao Kwa Matandiko Ya Wanyama<\/figcaption><\/figure>    <figure class=\"wp-block-image size-large\"><img loading=\"lazy\" decoding=\"async\" width=\"720\" height=\"540\" data-id=\"1162\" src=\"https:\/\/hnwoodmachinery.com\/wp-content\/uploads\/2022\/07\/portable-wood-shaving-machine-.webp\" alt=\"mashine ya kunyoa kuni inayobebeka\" class=\"wp-image-1162\" title=\"\" srcset=\"https:\/\/hnwoodmachinery.com\/wp-content\/uploads\/2022\/07\/portable-wood-shaving-machine-.webp 720w, https:\/\/hnwoodmachinery.com\/wp-content\/uploads\/2022\/07\/portable-wood-shaving-machine--300x225.webp 300w, https:\/\/hnwoodmachinery.com\/wp-content\/uploads\/2022\/07\/portable-wood-shaving-machine--16x12.webp 16w\" sizes=\"auto, (max-width: 720px) 100vw, 720px\" \/><figcaption class=\"wp-element-caption\">Mashine ya Kunyoa Kuni inayobebeka<\/figcaption><\/figure>    <figure class=\"wp-block-image size-large\"><img loading=\"lazy\" decoding=\"async\" width=\"720\" height=\"540\" data-id=\"1161\" src=\"https:\/\/hnwoodmachinery.com\/wp-content\/uploads\/2022\/07\/diesel-wood-shaver-machine.webp\" alt=\"mashine ya kunyoa kuni ya dizeli\" class=\"wp-image-1161\" title=\"\" srcset=\"https:\/\/hnwoodmachinery.com\/wp-content\/uploads\/2022\/07\/diesel-wood-shaver-machine.webp 720w, https:\/\/hnwoodmachinery.com\/wp-content\/uploads\/2022\/07\/diesel-wood-shaver-machine-300x225.webp 300w, https:\/\/hnwoodmachinery.com\/wp-content\/uploads\/2022\/07\/diesel-wood-shaver-machine-16x12.webp 16w\" sizes=\"auto, (max-width: 720px) 100vw, 720px\" \/><figcaption class=\"wp-element-caption\">Mashine ya Kunyoa Mbao ya Dizeli<\/figcaption><\/figure> <\/figure>    <p class=\"translation-block\">Kabla ya kutengeneza vipande, unaweza kutibu magogo mapema kwa kutumia <a href=\"https:\/\/hnwoodmachinery.com\/sw\/product\/log-debarker-machine\/\">mashine yetu ya kumenya magogo<\/a>.<\/p>    <h2 class=\"wp-block-heading\" id=\"h-application-scope-of-wood-shaving-machine\">Upeo wa maombi ya mashine ya kunyoa kuni<\/h2>    <p class=\"translation-block\"><strong>Nyenzo ghafi:<\/strong> magogo (bora baada ya kumenywa), matawi, n.k.<\/p>    <p class=\"translation-block\"><strong>Utumizi wa bidhaa zilizomalizika<\/strong><\/p>    <ul class=\"wp-block-list\"> <li>Inaweza kutengenezwa kuwa ubao wa chembe (plywood), kutumika kama malighafi kwa karatasi ya mbao kwenye vinu vya karatasi, na kutumika kama kujaza kwa usafirishaji wa bidhaa dhaifu katika kampuni za usafirishaji. <\/li>    <li>Pia hutumika kama kujaza nguruwe wadogo, ng'ombe, kondoo, na wanyama mbalimbali katika viota vyao, na kama bio-nishati.<\/li>    <li>Mashine hii hutumiwa na biashara ndogo na za kati, pamoja na kaya za usindikaji wa mbao kama vile viwanda vya bodi ya chembe, viwanda vya kutengeneza bodi, viwanda vya karatasi, mafuta ya bio-nishati, matandiko ya wanyama, ufugaji wa kuku kwa viota vya matandiko, na vifaa dhaifu. matandiko. <\/li>    <li>Pia hutumiwa katika upandaji wa uyoga na misingi ya kukua.<\/li> <\/ul>   <div class=\"wp-block-image\"> <figure class=\"aligncenter size-full\"><img loading=\"lazy\" decoding=\"async\" width=\"720\" height=\"540\" src=\"https:\/\/hnwoodmachinery.com\/wp-content\/uploads\/2022\/09\/applications-of-wood-shaving-machine-0.webp\" alt=\"matumizi ya mashine ya kunyoa kuni\" class=\"wp-image-444\" title=\"matumizi ya mashine ya kunyoa kuni\"\/><figcaption class=\"wp-element-caption\">matumizi ya mashine ya kunyoa kuni<\/figcaption><\/figure> <\/div>  <div class=\"wp-block-image\"> <figure class=\"aligncenter size-full\"><img loading=\"lazy\" decoding=\"async\" width=\"720\" height=\"540\" src=\"http:\/\/hnwoodmachinery.com\/wp-content\/uploads\/2022\/07\/wood-shavings-machine-application.webp\" alt=\"till\u00e4mpning av tr\u00e4sp\u00e5nmaskin\" class=\"wp-image-1067\" title=\"\" srcset=\"https:\/\/hnwoodmachinery.com\/wp-content\/uploads\/2022\/07\/wood-shavings-machine-application.webp 720w, https:\/\/hnwoodmachinery.com\/wp-content\/uploads\/2022\/07\/wood-shavings-machine-application-300x225.webp 300w, https:\/\/hnwoodmachinery.com\/wp-content\/uploads\/2022\/07\/wood-shavings-machine-application-16x12.webp 16w\" sizes=\"auto, (max-width: 720px) 100vw, 720px\" \/><figcaption class=\"wp-element-caption\">shavings kuni kwa matandiko ya wanyama<\/figcaption><\/figure> <\/div>   <h2 class=\"wp-block-heading\" id=\"h-technical-information-on-the-industrial-wood-shaving-machine\">Maelezo ya kiufundi juu ya mashine ya kunyoa kuni ya viwanda<\/h2>    <figure class=\"wp-block-table is-style-stripes\"><table><tbody><tr><td><strong>MFANO<\/strong><strong><\/strong><\/td><td><strong>UWEZO<\/strong><strong><\/strong><\/td><td><strong>UKUBWA WA INGIA<\/strong><strong><\/strong><\/td><td><strong>NGUVU<\/strong><strong><\/strong><\/td><\/tr><tr><td>SL-420<\/td><td>300KG\/H<\/td><td>6cm<\/td><td>7.5kw<\/td><\/tr><tr><td>SL-600<\/td><td>500KG\/H<\/td><td>12cm<\/td><td>15kw<\/td><\/tr><tr><td>SL-800<\/td><td>1000KG\/H<\/td><td>16cm<\/td><td>30kw<\/td><\/tr><tr><td>SL-1000<\/td><td>1500KG\/H<\/td><td>20cm<\/td><td>55kw<\/td><\/tr><tr><td>SL-1200<\/td><td>2000KG\/H<\/td><td>24cm<\/td><td>55kw<\/td><\/tr><tr><td>SL-1500<\/td><td>2500KG\/H<\/td><td>sentimita 32<\/td><td>75kw<\/td><\/tr><\/tbody><\/table><figcaption class=\"wp-element-caption\">vigezo vya shavings kuni kwa matandiko ya wanyama<\/figcaption><\/figure>    <h2 class=\"wp-block-heading\" id=\"h-structure-of-pine-wood-shaving-machine\">Muundo wa mashine ya kutengenezea mbao za pine<\/h2>    <p>Mashine ya kuchonga mbao za mkaratusi inajumuisha msingi, bandari ya kulisha, sahani ya kisu, kipande, chujio, bandari ya kutolewa, nk. Kwa kawaida, ukubwa mdogo wa mashine ya kuchonga pia huja na Shakelong, ambayo inaweza kuzingatia vumbi vinavyotokana na mashine wakati inafanya kazi. Tunaweza pia kuinua msingi na kufunga magurudumu kulingana na mahitaji ya mteja.<\/p>    <h2 class=\"wp-block-heading\" id=\"h-how-does-the-animal-bedding-machine-work\">Mashine ya kunyoa logi ya mbao inafanyaje kazi?<\/h2>   <div id=\"rank-math-howto\" class=\"rank-math-block\" > <div class=\"rank-math-howto-description\">  <\/div>  <div class=\"rank-math-steps\"> <div id=\"howto-step-1717403657746\" class=\"rank-math-step\"> <div class=\"rank-math-step-content\"><p>Baada ya malighafi kuingia kwenye bandari ya kulisha, itavunjwa na athari ya nyundo inayozunguka kwa kasi. Kisha kisu cha kukata nywele kitakatwa kwenye chumba cha kusaga.<\/p> <\/div> <\/div> <div id=\"howto-step-1717403675893\" class=\"rank-math-step\"> <div class=\"rank-math-step-content\"><p>Kisha upepo unaotokana na blade iliyojengwa ndani itatumwa kwa kifaa cha nyenzo kupitia skrini, au feni ya nje itatumika kusukuma upepo kwa nyenzo ya nyenzo.<\/p> <\/div> <\/div> <div id=\"howto-step-1717403683686\" class=\"rank-math-step\"> <div class=\"rank-math-step-content\"><p>Ukubwa wa shavings imedhamiriwa kwa kurekebisha urefu wa blade na ukubwa wa aperture ya skrini ili kukidhi mahitaji mbalimbali.<\/p> <\/div> <\/div> <\/div> <\/div>       <figure class=\"wp-block-embed aligncenter is-type-video is-provider-youtube wp-block-embed-youtube wp-embed-aspect-16-9 wp-has-aspect-ratio\"><div class=\"wp-block-embed__wrapper\"> <iframe loading=\"lazy\" title=\"Uuzaji wa moto wa mashine ya kunyoa kuni inauzwa! mashine ya kunyolea mbao inayoweza kubebeka\u4e28disk mashine ya kunyolea mbao\" width=\"500\" height=\"281\" src=\"https:\/\/www.youtube.com\/embed\/Ioj-kvQLih4?start=1&#038;feature=oembed\" frameborder=\"0\" allow=\"accelerometer; autoplay; clipboard-write; encrypted-media; gyroscope; picture-in-picture; web-share\" referrerpolicy=\"strict-origin-when-cross-origin\" allowfullscreen><\/iframe> <\/div><figcaption class=\"wp-element-caption\">jinsi mashine ya kunyoa kuni inavyofanya kazi<\/figcaption><\/figure>    <h2 class=\"wp-block-heading\" id=\"h-disk-wood-shaving-machine-s-knife-and-blade\">Disk tr\u00e4sp\u00e5nmaskinens kniv och blad<\/h2>    <ul class=\"wp-block-list\"> <li>Mfumo wa kunyoa ni sehemu muhimu zaidi ya mashine, ambayo ina sahani ya kisu na blade.<\/li>    <li>Diski ya kukata na blade tunayozalisha imetengenezwa kwa nyenzo za ubora wa juu, zenye nguvu na za kudumu, kali, na hutoa athari nzuri ya kunyoa.<\/li>    <li>Kwa kuongeza, idadi ya vile inatofautiana kutoka kwa mfano hadi mfano, na chaguzi za vile vinne na vile nane.<\/li>    <li>Tilt ya blade inaweza kubadilishwa ili kudhibiti unene wa shavings.<\/li> <\/ul>    <figure class=\"wp-block-gallery has-nested-images columns-default is-cropped wp-block-gallery-3 is-layout-flex wp-block-gallery-is-layout-flex\"> <figure class=\"wp-block-image size-large\"><img loading=\"lazy\" decoding=\"async\" width=\"720\" height=\"540\" data-id=\"448\" src=\"https:\/\/hnwoodmachinery.com\/wp-content\/uploads\/2022\/09\/blade.webp\" alt=\"blad\" class=\"wp-image-448\" title=\"blad\"\/><figcaption class=\"wp-element-caption\">Blade<\/figcaption><\/figure>    <figure class=\"wp-block-image size-large\"><img loading=\"lazy\" decoding=\"async\" width=\"720\" height=\"540\" data-id=\"449\" src=\"https:\/\/hnwoodmachinery.com\/wp-content\/uploads\/2022\/09\/cutter-.webp\" alt=\"sk\u00e4rare \" class=\"wp-image-449\" title=\"sk\u00e4rare \"\/><figcaption class=\"wp-element-caption\">Mkataji <\/figcaption><\/figure> <\/figure>    <h2 class=\"wp-block-heading\" id=\"h-highlights-of-the-commercial-wood-shaving-machine\">Vivutio vya kinu cha kibiashara cha kunyoa kuni<\/h2>    <ul class=\"wp-block-list\"> <li>Mashine ya kibiashara ya kunyoa kuni ina mpangilio unaofaa, usakinishaji rahisi, uendeshaji rahisi, na matengenezo.<\/li>    <li>Visu salama, za kudumu na kelele ya chini.<\/li>    <li>Ubunifu wa busara, uliotengenezwa kwa chuma cha juu cha manganese, muundo wa kompakt.<\/li>    <li>Inaendeshwa na motor moja tu, ina ufanisi wa juu na utendaji wa gharama kubwa.<\/li>    <li>Kunyoa kwa matandiko ya wanyama kuna kasi ya uzalishaji, kuokoa muda mwingi na wafanyikazi.<\/li>    <li>Shavings kumaliza zinazozalishwa ni nyembamba, laini, na nzuri katika texture.<\/li>    <li>Shinikizo la mawasiliano kati ya kuni na blade inabakia mara kwa mara, na kasi ya kukubaliana ya kuni pia inabaki mara kwa mara, ikitoa shavings ya unene sare.<\/li> <\/ul>   <div class=\"wp-block-image\"> <figure class=\"aligncenter size-full\"><img loading=\"lazy\" decoding=\"async\" width=\"720\" height=\"540\" src=\"https:\/\/hnwoodmachinery.com\/wp-content\/uploads\/2022\/09\/commercial-wood-shaving-machines-0.webp\" alt=\"mashine za kunyolea mbao za kibiashara\" class=\"wp-image-446\" title=\"mashine za kunyolea mbao za kibiashara\"\/><figcaption class=\"wp-element-caption\">mashine za kunyolea mbao za kibiashara<\/figcaption><\/figure> <\/div>   <h2 class=\"wp-block-heading\" id=\"h-successful-case\">Kesi iliyofanikiwa<\/h2>    <p class=\"translation-block\">Mteja anatoka <a href=\"https:\/\/en.wikipedia.org\/wiki\/Abkhazia\" target=\"_blank\" rel=\"noopener\">Abkhazia<\/a> na ni msimamizi wa ununuzi wa kiwanda cha mbao. Alitutafuta baada ya kutazama video yetu ya YouTube. Kupitia mawasiliano, mteja alielezea hitaji la aina kubwa zaidi ya vipande vya kulalia wanyama. <\/p>    <p>Meneja wetu wa mauzo alimpa mteja picha, video, na vigezo vya mashine kubwa ya kunyolea kuni. Hatimaye, mteja alichagua modeli ya SL-800 yenye uwezo wa 1000KG\/H. Baada ya hapo, tulitoa mara moja PI ya mashine. Mteja aliridhika na kuweka oda ya shaver baada ya kuiona.<\/p>    <figure class=\"wp-block-gallery has-nested-images columns-default is-cropped wp-block-gallery-4 is-layout-flex wp-block-gallery-is-layout-flex\"> <figure class=\"wp-block-image size-large\"><img loading=\"lazy\" decoding=\"async\" width=\"720\" height=\"540\" data-id=\"450\" src=\"https:\/\/hnwoodmachinery.com\/wp-content\/uploads\/2022\/09\/shipping-of-the-portable-wood-shaving-machine-0.webp\" alt=\"frakt av den b\u00e4rbara tr\u00e4sp\u00e5nmaskinen\" class=\"wp-image-450\" title=\"frakt av den b\u00e4rbara tr\u00e4sp\u00e5nmaskinen\"\/><figcaption class=\"wp-element-caption\">Usafirishaji wa Mashine ya Kunyolea Mbao ya Kubebeka<\/figcaption><\/figure>    <figure class=\"wp-block-image size-large\"><img loading=\"lazy\" decoding=\"async\" width=\"720\" height=\"540\" data-id=\"451\" src=\"https:\/\/hnwoodmachinery.com\/wp-content\/uploads\/2022\/09\/wooden-case-packing-of-wood-shaving-machine-0.webp\" alt=\"f\u00f6rpackning av tr\u00e4fallmaskin i tr\u00e4fodral\" class=\"wp-image-451\" title=\"f\u00f6rpackning av tr\u00e4fallmaskin i tr\u00e4fodral\"\/><figcaption class=\"wp-element-caption\">Ufungashaji Wa Kesi Ya Mbao Ya Mashine Ya Kunyolea Kuni<\/figcaption><\/figure> <\/figure>    <h2 class=\"wp-block-heading\">Huduma yetu<\/h2>    <p>Tunatoa seti ya vipuri na ufungaji. Mashine zote zinajaribiwa kabla ya usafirishaji. Kwa kuongeza, mashine zimefungwa katika masanduku ya kawaida ya mbao ya kuuza nje, na kampuni yetu ya usafiri wa ushirika wa muda mrefu itasafirisha kwa wakati na kwa usalama.<\/p>    <p>Kwa huduma ya baada ya mauzo, tunatoa muda wa udhamini wa mwaka mmoja, na unaweza kununua vipuri kutoka kwetu. Wakati huo huo, tunaweza kutoa ushauri wa kitaalamu na ufumbuzi wa tatizo.<\/p>","protected":false},"excerpt":{"rendered":"<p>Kunyoa kwa matandiko ya wanyama kunaweza kusindika sehemu za mbao ndani ya shavings nyembamba za unene sawa. Inatumika sana katika vitanda vya kumwaga wanyama, paneli, samani na viwanda vingine.<\/p>","protected":false},"author":1,"featured_media":439,"parent":0,"template":"","tags":[38,35],"product-type":[8],"class_list":["post-30","product","type-product","status-publish","has-post-thumbnail","hentry","tag-shavings","tag-wood","product-type-wood-shaving-machine"],"_links":{"self":[{"href":"https:\/\/hnwoodmachinery.com\/sw\/wp-json\/wp\/v2\/product\/30","targetHints":{"allow":["GET"]}}],"collection":[{"href":"https:\/\/hnwoodmachinery.com\/sw\/wp-json\/wp\/v2\/product"}],"about":[{"href":"https:\/\/hnwoodmachinery.com\/sw\/wp-json\/wp\/v2\/types\/product"}],"author":[{"embeddable":true,"href":"https:\/\/hnwoodmachinery.com\/sw\/wp-json\/wp\/v2\/users\/1"}],"wp:featuredmedia":[{"embeddable":true,"href":"https:\/\/hnwoodmachinery.com\/sw\/wp-json\/wp\/v2\/media\/439"}],"wp:attachment":[{"href":"https:\/\/hnwoodmachinery.com\/sw\/wp-json\/wp\/v2\/media?parent=30"}],"wp:term":[{"taxonomy":"post_tag","embeddable":true,"href":"https:\/\/hnwoodmachinery.com\/sw\/wp-json\/wp\/v2\/tags?post=30"},{"taxonomy":"product-type","embeddable":true,"href":"https:\/\/hnwoodmachinery.com\/sw\/wp-json\/wp\/v2\/product-type?post=30"}],"curies":[{"name":"wp","href":"https:\/\/api.w.org\/{rel}","templated":true}]}}