{"id":28,"date":"2022-07-18T03:46:28","date_gmt":"2022-07-18T03:46:28","guid":{"rendered":"https:\/\/hnwoodmachinery.com\/?post_type=product&#038;p=28"},"modified":"2024-09-26T18:32:42","modified_gmt":"2024-09-26T10:32:42","slug":"wood-shredder-machine","status":"publish","type":"product","link":"https:\/\/hnwoodmachinery.com\/sw\/product\/wood-shredder-machine\/","title":{"rendered":"Mashine ya Kukata Mbao Kwa Kutengeneza Machujo ya mbao"},"content":{"rendered":"<div class=\"kk-star-ratings kksr-auto kksr-align-left kksr-valign-top\"     data-payload='{&quot;align&quot;:&quot;left&quot;,&quot;id&quot;:&quot;28&quot;,&quot;slug&quot;:&quot;default&quot;,&quot;valign&quot;:&quot;top&quot;,&quot;ignore&quot;:&quot;&quot;,&quot;reference&quot;:&quot;auto&quot;,&quot;class&quot;:&quot;&quot;,&quot;count&quot;:&quot;92&quot;,&quot;legendonly&quot;:&quot;&quot;,&quot;readonly&quot;:&quot;&quot;,&quot;score&quot;:&quot;4.8&quot;,&quot;starsonly&quot;:&quot;&quot;,&quot;best&quot;:&quot;5&quot;,&quot;gap&quot;:&quot;5&quot;,&quot;greet&quot;:&quot;Rate this product&quot;,&quot;legend&quot;:&quot;4.8\\\/5 - (92 votes)&quot;,&quot;size&quot;:&quot;24&quot;,&quot;title&quot;:&quot;Wood Shredder Machine For Sawdust Making&quot;,&quot;width&quot;:&quot;136.7&quot;,&quot;_legend&quot;:&quot;{score}\\\/{best} - ({count} {votes})&quot;,&quot;font_factor&quot;:&quot;1.25&quot;}'>              <div class=\"kksr-stars\">      <div class=\"kksr-stars-inactive\">             <div class=\"kksr-star\" data-star=\"1\" style=\"padding-right: 5px\">               <div class=\"kksr-icon\" style=\"width: 24px; height: 24px;\"><\/div>         <\/div>             <div class=\"kksr-star\" data-star=\"2\" style=\"padding-right: 5px\">               <div class=\"kksr-icon\" style=\"width: 24px; height: 24px;\"><\/div>         <\/div>             <div class=\"kksr-star\" data-star=\"3\" style=\"padding-right: 5px\">               <div class=\"kksr-icon\" style=\"width: 24px; height: 24px;\"><\/div>         <\/div>             <div class=\"kksr-star\" data-star=\"4\" style=\"padding-right: 5px\">               <div class=\"kksr-icon\" style=\"width: 24px; height: 24px;\"><\/div>         <\/div>             <div class=\"kksr-star\" data-star=\"5\" style=\"padding-right: 5px\">               <div class=\"kksr-icon\" style=\"width: 24px; height: 24px;\"><\/div>         <\/div>     <\/div>      <div class=\"kksr-stars-active\" style=\"width: 136.7px;\">             <div class=\"kksr-star\" style=\"padding-right: 5px\">               <div class=\"kksr-icon\" style=\"width: 24px; height: 24px;\"><\/div>         <\/div>             <div class=\"kksr-star\" style=\"padding-right: 5px\">               <div class=\"kksr-icon\" style=\"width: 24px; height: 24px;\"><\/div>         <\/div>             <div class=\"kksr-star\" style=\"padding-right: 5px\">               <div class=\"kksr-icon\" style=\"width: 24px; height: 24px;\"><\/div>         <\/div>             <div class=\"kksr-star\" style=\"padding-right: 5px\">               <div class=\"kksr-icon\" style=\"width: 24px; height: 24px;\"><\/div>         <\/div>             <div class=\"kksr-star\" style=\"padding-right: 5px\">               <div class=\"kksr-icon\" style=\"width: 24px; height: 24px;\"><\/div>         <\/div>     <\/div> <\/div>                   <div class=\"kksr-legend\" style=\"font-size: 19.2px;\">             4.8\/5 - (92 r\u00f6ster)    <\/div>     <\/div>  <p>Mashine ya kupasua mbao kwa ufanisi hubadilisha kuni kuwa vumbi la mbao au vichipukizi vya mbao. Msururu huu wa bidhaa umeundwa kwa kutumia kanuni za athari, kukata, kuheshimiana, na kusaga. Inaweza kufikia pato la juu la hadi tani 4 kwa saa. <\/p>    <p>Hapo awali, mashine hukata vipande vikubwa vya mbao kabla ya kuviponda vizuri ili kuhakikisha usindikaji mzuri. Njia hii hupunguza kwa kiasi kikubwa kiasi cha taka za kuni, ikiruhusu kuchakatwa zaidi kuwa pellets za kuni au kutumika kama mafuta katika mitambo ya kukusanya au ya kutibu taka.<\/p>    <figure class=\"wp-block-embed aligncenter is-type-video is-provider-youtube wp-block-embed-youtube wp-embed-aspect-16-9 wp-has-aspect-ratio\"><div class=\"wp-block-embed__wrapper\"> <iframe loading=\"lazy\" title=\"Kisaga Mbao: Kusagwa kwa Ufanisi wa Juu, Hukusaidia Kukabiliana na Taka za Mbao kwa Urahisi!#wood #woodcrusher\" width=\"500\" height=\"281\" src=\"https:\/\/www.youtube.com\/embed\/AaxrdfNcGS0?feature=oembed\" frameborder=\"0\" allow=\"accelerometer; autoplay; clipboard-write; encrypted-media; gyroscope; picture-in-picture; web-share\" referrerpolicy=\"strict-origin-when-cross-origin\" allowfullscreen><\/iframe> <\/div><figcaption class=\"wp-element-caption\">video inayofanya kazi ya mashine ya kupasua kuni inayobebeka<\/figcaption><\/figure>    <p>Kuna mifano mitano katika mfululizo wa mashine za kupasua mbao, ambayo inaweza kukidhi mahitaji ya watumiaji wengi. Kwa upande wa nguvu, crusher ya kuni inaweza kufanya kazi kwa kutumia motor ya umeme au jenereta ya dizeli. Zaidi ya hayo, ili kuzalisha vipande vya mbao vya laini tofauti, tunatoa ukubwa tofauti wa skrini. <\/p>    <p class=\"translation-block\">Mashine ya kusaga mbao inafanana na kipondaponda cha nyundo na <a href=\"https:\/\/hnwoodmachinery.com\/sw\/product\/wood-chips-making-machine\/\">mashine ya kutengeneza vipande vya mbao<\/a>. Kwa hivyo, tutapendekeza mashine inayofaa zaidi mahitaji ya wateja wetu. Ikiwa una maswali yoyote, tafadhali usisite kuwasiliana nasi.<\/p>    <figure class=\"wp-block-gallery has-nested-images columns-default is-cropped wp-block-gallery-2 is-layout-flex wp-block-gallery-is-layout-flex\"> <figure class=\"wp-block-image size-large\"><img loading=\"lazy\" decoding=\"async\" width=\"720\" height=\"540\" data-id=\"489\" src=\"https:\/\/hnwoodmachinery.com\/wp-content\/uploads\/2022\/09\/wood-crusher-machine-.webp\" alt=\"mashine ya kusaga mbao\" class=\"wp-image-489\" title=\"mashine ya kusaga mbao\"\/><figcaption class=\"wp-element-caption\">Mashine ya Kusaga Mbao<\/figcaption><\/figure>    <figure class=\"wp-block-image size-large\"><img loading=\"lazy\" decoding=\"async\" width=\"720\" height=\"540\" data-id=\"490\" src=\"https:\/\/hnwoodmachinery.com\/wp-content\/uploads\/2022\/09\/wood-shredder-machine-.webp\" alt=\"mashine ya kusaga mbao\" class=\"wp-image-490\" title=\"mashine ya kusaga mbao\"\/><figcaption class=\"wp-element-caption\">Mashine ya kufyeka mbao<\/figcaption><\/figure> <\/figure>    <h2 class=\"wp-block-heading\">Vipengele vya mashine yetu ya kutengeneza vumbi<\/h2>    <ol class=\"wp-block-list\"> <li>Muundo makini huongeza ufanisi mkubwa kwa 50% juu ya miundo ya kitamaduni. <\/li>    <li>Inaonekana kuvutia, na pato la juu kuanzia 400 hadi 2000 kg \/ h. <\/li>    <li>Inaendeshwa na motor moja, inatoa akiba ya nishati na kupunguza gharama. <\/li>    <li>Vifaa vilivyochapwa vinafaa kwa usindikaji wa pellet au briquette.<\/li> <\/ol>    <h2 class=\"wp-block-heading\">Utumiaji mpana wa mashine ya kuchana mbao<\/h2>    <p>Kisaga cha mbao kina uwezo wa kuvunja kwa ufanisi vifaa mbalimbali, ikiwa ni pamoja na magogo, matawi, ubao wa taka, na mbao zilizobaki kutoka kwa ujenzi. Inaweza kushughulikia aina zote na saizi za mbao, na kuifanya iwe kamili kwa kusaga mbao, mbao ambazo hazijatibiwa, pallets, milango, slats, fremu, na zaidi.<\/p>    <h2 class=\"wp-block-heading\" id=\"h-structure-of-wood-crusher-machine\">Muundo wa mashine ya kusaga kuni<\/h2>    <p>Mashine ya kuponda kuni kimsingi inajumuisha vipengele vifuatavyo: msingi wa mashine, lango la kulishia, sahani ya kisu, blade, blade ya nyundo, ganda la mashine na kabati ya kudhibiti umeme.<\/p>   <div class=\"wp-block-image\"> <figure class=\"aligncenter size-full\"><img loading=\"lazy\" decoding=\"async\" width=\"720\" height=\"540\" src=\"https:\/\/hnwoodmachinery.com\/wp-content\/uploads\/2022\/09\/sawdust-making-machines-structure-.webp\" alt=\"strukturen f\u00f6r s\u00e5gsp\u00e5nstillverkningsmaskinen\" class=\"wp-image-491\" title=\"strukturen f\u00f6r s\u00e5gsp\u00e5nstillverkningsmaskinen\"\/><figcaption class=\"wp-element-caption\">strukturen f\u00f6r s\u00e5gsp\u00e5nstillverkningsmaskinen<\/figcaption><\/figure> <\/div>   <p>Sieves tofauti zinaweza kuunda ukubwa tofauti wa chips za mbao. Wakati mashine ya kutengeneza vumbi inafanya kazi, nyenzo kwenye chumba cha kusagwa hupondwa vizuri. Unaweza kuchagua ukubwa sahihi wa skrini kulingana na mahitaji yako.<\/p>    <p>Zaidi ya hayo, mashine ya kupasua kuni inajivunia pato la juu, matumizi ya chini ya nishati, na hutoa chembe nzuri, zinazofanana. Aidha, kifaa hiki kina sifa ya kelele ya chini, vumbi kidogo, hakuna uchafuzi wa mazingira, uendeshaji wa moja kwa moja, gharama za chini za matengenezo, na urahisi wa matumizi.<\/p>    <figure class=\"wp-block-gallery has-nested-images columns-default is-cropped wp-block-gallery-3 is-layout-flex wp-block-gallery-is-layout-flex\"> <figure class=\"wp-block-image size-large\"><img loading=\"lazy\" decoding=\"async\" width=\"720\" height=\"540\" data-id=\"493\" src=\"https:\/\/hnwoodmachinery.com\/wp-content\/uploads\/2022\/09\/wood-shredder-machines-hammer-0.webp\" alt=\"hamar f\u00f6r tr\u00e4flismaskin\" class=\"wp-image-493\" title=\"hamar f\u00f6r tr\u00e4flismaskin\"\/><figcaption class=\"wp-element-caption\">Tr\u00e4sk\u00e4rare maskinens hammare<\/figcaption><\/figure>    <figure class=\"wp-block-image size-large\"><img loading=\"lazy\" decoding=\"async\" width=\"720\" height=\"540\" data-id=\"492\" src=\"https:\/\/hnwoodmachinery.com\/wp-content\/uploads\/2022\/09\/screen-.webp\" alt=\"skrini ya mashine ya shredder\" class=\"wp-image-492\" title=\"\"><figcaption class=\"wp-element-caption\">Skrini ya Mashine ya Shredder<\/figcaption><\/figure> <\/figure>    <h2 class=\"wp-block-heading\" id=\"h-usage-of-the-pallet-wood-shredder\">Onyesha na matumizi ya bidhaa za kumaliza<\/h2>    <p>Malighafi ambayo inaweza kusindika na crusher ya kuni ni tofauti, lakini kuna mahitaji ya kawaida ya kawaida. Kwa ujumla, inaweza kuponda matawi ya miti na mashina yenye kipenyo cha kuanzia 70mm hadi 250mm. Nyenzo zilizovunjwa zilizosababishwa ni chembe zenye kipenyo cha takriban 3-5mm.<\/p>    <p class=\"translation-block\">Mashine ya kusaga mbao imeundwa kwa ajili ya kazi mbalimbali za kusaga na kuchakata mbao, ikiwa ni pamoja na <a href=\"https:\/\/en.wikipedia.org\/wiki\/Hardwood\" target=\"_blank\" rel=\"noopener\">mbao ngumu<\/a>, mbao laini, bodi ya chembe, plywood, na vifaa vya taka kama vile sofa na kabati za mbao. <\/p>    <p>Zaidi ya hayo, inaweza kushughulikia chips za mianzi, nyasi, mashina ya mahindi, mashina ya mtama, na nyenzo nyingine za nyuzi. Inafaa pia kwa kutengeneza malighafi kwa bodi za chembe, mbao za machujo ya mbao, na bodi zenye msongamano mkubwa.<\/p>   <div class=\"wp-block-image\"> <figure class=\"aligncenter size-full\"><img loading=\"lazy\" decoding=\"async\" width=\"720\" height=\"540\" src=\"https:\/\/hnwoodmachinery.com\/wp-content\/uploads\/2022\/09\/wood-crushers-finished-wood-sawdust-.webp\" alt=\"f\u00e4rdigt tr\u00e4flis fr\u00e5n tr\u00e4knuser\" class=\"wp-image-495\" title=\"f\u00e4rdigt tr\u00e4flis fr\u00e5n tr\u00e4knuser\"\/><figcaption class=\"wp-element-caption\">tr\u00e4knusars f\u00e4rdiga s\u00e5gsp\u00e5n<\/figcaption><\/figure> <\/div>   <h2 class=\"wp-block-heading\" id=\"h-working-principle-of-the-industrial-wood-crusher\">Kanuni ya kazi ya crusher ya mbao ya viwanda<\/h2>    <p>Mbao huletwa kupitia ghuba. Vile vinapokata na kuponda nyenzo, rota huunda mtiririko wa hewa wa kasi ambayo huenda kwa mwelekeo sawa na vile vile. Mtiririko huu wa hewa huharakisha nyenzo, na kusababisha kuathiriwa mara kwa mara na kusagwa vizuri zaidi. <\/p>    <p>Wakati huo huo, mchakato huu huongeza kiwango cha kusagwa kwa nyenzo. Hatimaye, vipande vya mbao vinavyotokana navyo hutolewa na mtiririko wa mvuke wa kasi ya juu unaozalishwa na blade ya upepo kwenye sahani ya kisu cha kusagwa.<\/p>    <figure class=\"wp-block-embed aligncenter is-type-video is-provider-youtube wp-block-embed-youtube wp-embed-aspect-16-9 wp-has-aspect-ratio\"><div class=\"wp-block-embed__wrapper\"> <iframe loading=\"lazy\" title=\"Mashine ya kukaushia mbao inafanya kazi vipi? mashine ya kusaga kuni ya mkononi\u4e28 mashine ya kupasua mbao\" width=\"500\" height=\"281\" src=\"https:\/\/www.youtube.com\/embed\/U4E0BGeTqng?feature=oembed\" frameborder=\"0\" allow=\"accelerometer; autoplay; clipboard-write; encrypted-media; gyroscope; picture-in-picture; web-share\" referrerpolicy=\"strict-origin-when-cross-origin\" allowfullscreen><\/iframe> <\/div><figcaption class=\"wp-element-caption\">jinsi mashine ya kusaga kuni inavyofanya kazi<\/figcaption><\/figure>    <h2 class=\"wp-block-heading\" id=\"h-technical-parameter-of-wood-chipper-shredder\">Vigezo vya kiufundi vya shredder ya kuni<\/h2>    <figure class=\"wp-block-table is-style-stripes\"><table><tbody><tr><td><strong>Mfano<\/strong><\/td><td><strong>Uwezo<\/strong><\/td><td><strong>Ukubwa wa duka<\/strong><\/td><td><strong>Nguvu<\/strong><\/td><\/tr><tr><td>SL-420<\/td><td>600-800KG\/H<\/td><td>0.3-0.8cm<\/td><td>7.5-11kw<\/td><\/tr><tr><td>SL-500<\/td><td>1000-1500KG\/H<\/td><td>0.3-0.8cm<\/td><td>18.5kw<\/td><\/tr><tr><td>SL-600<\/td><td>1500-2000KG\/H<\/td><td>0.3-0.8cm<\/td><td>30kw<\/td><\/tr><tr><td>SL-700<\/td><td>2000-2500KG\/H<\/td><td>0.3-0.8cm<\/td><td>37kw<\/td><\/tr><tr><td>SL-900<\/td><td>2500-3000KG\/H<\/td><td>0.3-0.8cm<\/td><td>55kw<\/td><\/tr><tr><td>SL-1000<\/td><td>3000-4000KG\/H<\/td><td>0.3-0.8cm<\/td><td>75+7.5kw<\/td><\/tr><\/tbody><\/table><figcaption class=\"wp-element-caption\">tr\u00e4flis krossares parametrar<\/figcaption><\/figure>    <h2 class=\"wp-block-heading\">Njia tofauti za nguvu zinapatikana<\/h2>    <p>Mashine ya kutengeneza machujo ya mbao inaweza kuwa na injini za umeme, injini za dizeli, au seti za jenereta za dizeli. Unaweza kuchagua chaguo linalolingana vyema na hali yako ya kazi ya ndani. Tunatoa ubinafsishaji na tutapendekeza suluhisho la nguvu linalofaa zaidi kulingana na mahitaji yako maalum.<\/p>    <figure class=\"wp-block-gallery has-nested-images columns-default is-cropped wp-block-gallery-4 is-layout-flex wp-block-gallery-is-layout-flex\"> <figure class=\"wp-block-image size-large\"><img loading=\"lazy\" decoding=\"async\" width=\"720\" height=\"540\" data-id=\"1058\" src=\"https:\/\/hnwoodmachinery.com\/wp-content\/uploads\/2022\/07\/motor-wood-crusher.webp\" alt=\"motor kuni crusher\" class=\"wp-image-1058\" title=\"\" srcset=\"https:\/\/hnwoodmachinery.com\/wp-content\/uploads\/2022\/07\/motor-wood-crusher.webp 720w, https:\/\/hnwoodmachinery.com\/wp-content\/uploads\/2022\/07\/motor-wood-crusher-300x225.webp 300w, https:\/\/hnwoodmachinery.com\/wp-content\/uploads\/2022\/07\/motor-wood-crusher-16x12.webp 16w\" sizes=\"auto, (max-width: 720px) 100vw, 720px\" \/><figcaption class=\"wp-element-caption\">Motor Wood crusher<\/figcaption><\/figure>    <figure class=\"wp-block-image size-large\"><img loading=\"lazy\" decoding=\"async\" width=\"720\" height=\"540\" data-id=\"1057\" src=\"https:\/\/hnwoodmachinery.com\/wp-content\/uploads\/2022\/07\/diesel-engine-wood-shredder.webp\" alt=\"shredder ya kuni ya injini ya dizeli\" class=\"wp-image-1057\" title=\"\" srcset=\"https:\/\/hnwoodmachinery.com\/wp-content\/uploads\/2022\/07\/diesel-engine-wood-shredder.webp 720w, https:\/\/hnwoodmachinery.com\/wp-content\/uploads\/2022\/07\/diesel-engine-wood-shredder-300x225.webp 300w, https:\/\/hnwoodmachinery.com\/wp-content\/uploads\/2022\/07\/diesel-engine-wood-shredder-16x12.webp 16w\" sizes=\"auto, (max-width: 720px) 100vw, 720px\" \/><figcaption class=\"wp-element-caption\">Shredder ya Kuni ya Dizeli-Injini<\/figcaption><\/figure> <\/figure>    <h2 class=\"wp-block-heading\">Mashine ya kupasua mbao aina ya simu<\/h2>    <p>Tunaweza kuambatisha magurudumu chini ya mashine ili kurahisisha watumiaji kuihamisha hadi maeneo tofauti.<\/p>    <figure class=\"wp-block-gallery has-nested-images columns-default is-cropped wp-block-gallery-5 is-layout-flex wp-block-gallery-is-layout-flex\"> <figure class=\"wp-block-image size-large\"><img loading=\"lazy\" decoding=\"async\" width=\"540\" height=\"720\" data-id=\"1191\" src=\"https:\/\/hnwoodmachinery.com\/wp-content\/uploads\/2022\/07\/moblie-wood-shredder-machine.webp\" alt=\"mobil tr\u00e4flismaskin\" class=\"wp-image-1191\" title=\"\" srcset=\"https:\/\/hnwoodmachinery.com\/wp-content\/uploads\/2022\/07\/moblie-wood-shredder-machine.webp 540w, https:\/\/hnwoodmachinery.com\/wp-content\/uploads\/2022\/07\/moblie-wood-shredder-machine-225x300.webp 225w, https:\/\/hnwoodmachinery.com\/wp-content\/uploads\/2022\/07\/moblie-wood-shredder-machine-9x12.webp 9w\" sizes=\"auto, (max-width: 540px) 100vw, 540px\" \/><figcaption class=\"wp-element-caption\">Moblie Wood Shredder Machine<\/figcaption><\/figure>    <figure class=\"wp-block-image size-large\"><img loading=\"lazy\" decoding=\"async\" width=\"540\" height=\"720\" data-id=\"1192\" src=\"https:\/\/hnwoodmachinery.com\/wp-content\/uploads\/2022\/07\/portable-wood-crusher-machine.webp\" alt=\"b\u00e4rbar tr\u00e4knusermaskin\" class=\"wp-image-1192\" title=\"\" srcset=\"https:\/\/hnwoodmachinery.com\/wp-content\/uploads\/2022\/07\/portable-wood-crusher-machine.webp 540w, https:\/\/hnwoodmachinery.com\/wp-content\/uploads\/2022\/07\/portable-wood-crusher-machine-225x300.webp 225w, https:\/\/hnwoodmachinery.com\/wp-content\/uploads\/2022\/07\/portable-wood-crusher-machine-9x12.webp 9w\" sizes=\"auto, (max-width: 540px) 100vw, 540px\" \/><figcaption class=\"wp-element-caption\">Mashine ya Kusaga Mbao inayoweza kubebeka<\/figcaption><\/figure> <\/figure>    <h2 class=\"wp-block-heading\" id=\"h-industrial-wood-shredder-shipped-to-mauritius\">Kichimba mbao cha viwandani kilisafirishwa hadi Mauritius<\/h2>    <p>Mteja huyu ana uzoefu wa kuagiza na kununua awali mashine mbili za kuchakata mbao kutoka China. Sasa, anatafuta mashine nyingine ya kung'oa mbao ili kuzalisha vipande vya kuni kwa ajili ya kutagia kuku. Kulingana na ukubwa na matokeo ya magogo anayoshughulikia, tulipendekeza shredder ya kuni ya SL-1000.<\/p>   <div class=\"wp-block-image\"> <figure class=\"aligncenter size-large\"><img loading=\"lazy\" decoding=\"async\" width=\"720\" height=\"540\" src=\"https:\/\/hnwoodmachinery.com\/wp-content\/uploads\/2022\/09\/packaging-of-the-log-pulverizer-.webp\" alt=\"f\u00e4rdigt tr\u00e4flis fr\u00e5n tr\u00e4knuser\" class=\"wp-image-497\" title=\"f\u00e4rdigt tr\u00e4flis fr\u00e5n tr\u00e4knuser\"\/><figcaption class=\"wp-element-caption\">tr\u00e4knusars f\u00e4rdiga s\u00e5gsp\u00e5n<\/figcaption><\/figure> <\/div>   <p>Kunden var n\u00f6jd med maskinen efter att ha anv\u00e4nt den ett tag. D\u00e4rf\u00f6r beslutade han sig f\u00f6r att best\u00e4lla en f\u00f6r att starta sin verksamhet med att skapa h\u00f6nsn\u00e4sten med hj\u00e4lp av tr\u00e4flis. H\u00e4r \u00e4r en bild p\u00e5 f\u00f6rpackningen och leveransen av den industriella tr\u00e4sk\u00e4rmaskinen. Om du \u00e4r intresserad av tr\u00e4bearbetningsmaskiner, tveka inte att utforska denna webbplats och kontakta oss.<\/p>","protected":false},"excerpt":{"rendered":"<p>Mashine ya kupasua mbao inaweza kuponda mbao moja kwa moja kuwa vumbi la mbao au vipande vya mbao, na ni mashine muhimu ya kuchakata na kutumia tena kuni taka.<\/p>","protected":false},"author":1,"featured_media":486,"parent":0,"template":"","tags":[37,35],"product-type":[7],"class_list":["post-28","product","type-product","status-publish","has-post-thumbnail","hentry","tag-sawdust","tag-wood","product-type-wood-crusher"],"_links":{"self":[{"href":"https:\/\/hnwoodmachinery.com\/sw\/wp-json\/wp\/v2\/product\/28","targetHints":{"allow":["GET"]}}],"collection":[{"href":"https:\/\/hnwoodmachinery.com\/sw\/wp-json\/wp\/v2\/product"}],"about":[{"href":"https:\/\/hnwoodmachinery.com\/sw\/wp-json\/wp\/v2\/types\/product"}],"author":[{"embeddable":true,"href":"https:\/\/hnwoodmachinery.com\/sw\/wp-json\/wp\/v2\/users\/1"}],"wp:featuredmedia":[{"embeddable":true,"href":"https:\/\/hnwoodmachinery.com\/sw\/wp-json\/wp\/v2\/media\/486"}],"wp:attachment":[{"href":"https:\/\/hnwoodmachinery.com\/sw\/wp-json\/wp\/v2\/media?parent=28"}],"wp:term":[{"taxonomy":"post_tag","embeddable":true,"href":"https:\/\/hnwoodmachinery.com\/sw\/wp-json\/wp\/v2\/tags?post=28"},{"taxonomy":"product-type","embeddable":true,"href":"https:\/\/hnwoodmachinery.com\/sw\/wp-json\/wp\/v2\/product-type?post=28"}],"curies":[{"name":"wp","href":"https:\/\/api.w.org\/{rel}","templated":true}]}}