{"id":23,"date":"2022-07-18T03:37:21","date_gmt":"2022-07-18T03:37:21","guid":{"rendered":"https:\/\/hnwoodmachinery.com\/?post_type=product&#038;p=23"},"modified":"2024-09-12T18:33:58","modified_gmt":"2024-09-12T10:33:58","slug":"log-debarker-machine","status":"publish","type":"product","link":"https:\/\/hnwoodmachinery.com\/sw\/product\/log-debarker-machine\/","title":{"rendered":"Mashine ya Debarker ya Kuchambua Mbao ya Mbao"},"content":{"rendered":"<div class=\"kk-star-ratings kksr-auto kksr-align-left kksr-valign-top\"     data-payload='{&quot;align&quot;:&quot;left&quot;,&quot;id&quot;:&quot;23&quot;,&quot;slug&quot;:&quot;default&quot;,&quot;valign&quot;:&quot;top&quot;,&quot;ignore&quot;:&quot;&quot;,&quot;reference&quot;:&quot;auto&quot;,&quot;class&quot;:&quot;&quot;,&quot;count&quot;:&quot;95&quot;,&quot;legendonly&quot;:&quot;&quot;,&quot;readonly&quot;:&quot;&quot;,&quot;score&quot;:&quot;4.8&quot;,&quot;starsonly&quot;:&quot;&quot;,&quot;best&quot;:&quot;5&quot;,&quot;gap&quot;:&quot;5&quot;,&quot;greet&quot;:&quot;Rate this product&quot;,&quot;legend&quot;:&quot;4.8\\\/5 - (95 votes)&quot;,&quot;size&quot;:&quot;24&quot;,&quot;title&quot;:&quot;Log Debarker Machine For Wood Timber Peeling&quot;,&quot;width&quot;:&quot;136.7&quot;,&quot;_legend&quot;:&quot;{score}\\\/{best} - ({count} {votes})&quot;,&quot;font_factor&quot;:&quot;1.25&quot;}'>              <div class=\"kksr-stars\">      <div class=\"kksr-stars-inactive\">             <div class=\"kksr-star\" data-star=\"1\" style=\"padding-right: 5px\">               <div class=\"kksr-icon\" style=\"width: 24px; height: 24px;\"><\/div>         <\/div>             <div class=\"kksr-star\" data-star=\"2\" style=\"padding-right: 5px\">               <div class=\"kksr-icon\" style=\"width: 24px; height: 24px;\"><\/div>         <\/div>             <div class=\"kksr-star\" data-star=\"3\" style=\"padding-right: 5px\">               <div class=\"kksr-icon\" style=\"width: 24px; height: 24px;\"><\/div>         <\/div>             <div class=\"kksr-star\" data-star=\"4\" style=\"padding-right: 5px\">               <div class=\"kksr-icon\" style=\"width: 24px; height: 24px;\"><\/div>         <\/div>             <div class=\"kksr-star\" data-star=\"5\" style=\"padding-right: 5px\">               <div class=\"kksr-icon\" style=\"width: 24px; height: 24px;\"><\/div>         <\/div>     <\/div>      <div class=\"kksr-stars-active\" style=\"width: 136.7px;\">             <div class=\"kksr-star\" style=\"padding-right: 5px\">               <div class=\"kksr-icon\" style=\"width: 24px; height: 24px;\"><\/div>         <\/div>             <div class=\"kksr-star\" style=\"padding-right: 5px\">               <div class=\"kksr-icon\" style=\"width: 24px; height: 24px;\"><\/div>         <\/div>             <div class=\"kksr-star\" style=\"padding-right: 5px\">               <div class=\"kksr-icon\" style=\"width: 24px; height: 24px;\"><\/div>         <\/div>             <div class=\"kksr-star\" style=\"padding-right: 5px\">               <div class=\"kksr-icon\" style=\"width: 24px; height: 24px;\"><\/div>         <\/div>             <div class=\"kksr-star\" style=\"padding-right: 5px\">               <div class=\"kksr-icon\" style=\"width: 24px; height: 24px;\"><\/div>         <\/div>     <\/div> <\/div>                   <div class=\"kksr-legend\" style=\"font-size: 19.2px;\">             4.8\/5 - (95 kura)    <\/div>     <\/div>  <p>Mashine ya kutengenezea gogo za mbao hutumia teknolojia ya kisasa ya kuzungusha inayozungusha iliyo na viunzi vya aloi zenye nguvu ya juu ili kutegua magogo kwa ufanisi. Inaweza kuchakata hadi tani 20 za kumbukumbu kwa saa, na kuongeza ufanisi kwa zaidi ya 30% ikilinganishwa na vifaa vya kawaida. <\/p>    <p>Kwa kina chake cha kuchubua kilichodhibitiwa kwa usahihi na mfumo wa urekebishaji wa kiotomatiki, kila kipande cha mbao hufanikiwa kumenya na bila uharibifu, huku pia kinapunguza matumizi ya nishati kwa kiasi cha 20%.<\/p>    <figure class=\"wp-block-embed aligncenter is-type-video is-provider-youtube wp-block-embed-youtube wp-embed-aspect-16-9 wp-has-aspect-ratio\"><div class=\"wp-block-embed__wrapper\"> <iframe loading=\"lazy\" title=\"Ukodishaji mpya wa maisha kwa kuni: gundua mchakato wa kushangaza wa peeler ya kuni! \ud83c\udf33\ud83d\udd27#woodcraft\" width=\"500\" height=\"281\" src=\"https:\/\/www.youtube.com\/embed\/lwGNGeHfYN0?feature=oembed\" frameborder=\"0\" allow=\"accelerometer; autoplay; clipboard-write; encrypted-media; gyroscope; picture-in-picture; web-share\" referrerpolicy=\"strict-origin-when-cross-origin\" allowfullscreen><\/iframe> <\/div><figcaption class=\"wp-element-caption\">mbao logi debarker mashine ya kufanya kazi video<\/figcaption><\/figure>    <p>Kwa ujumla, jinsi gome la kuni linavyokuwa na unyevu, ndivyo athari ya mashine inavyokuwa bora zaidi. Mbao iliyotibiwa inaweza kusindika zaidi kwa njia mbalimbali, kama vile kukata kuni, kunyoa, kusagwa, nk. <\/p>    <h2 class=\"wp-block-heading\" id=\"h-brief-introduction-of-log-debarker-machine\">Mashine ya kutengenezea logi ya mbao inapatikana<\/h2>    <p>Kiwanda chetu kinazalisha aina mbili za mashine za kumenya mbao: moja ni mashine ndogo ya kumenya mbao wima, na nyingine ni mashine kubwa ya kumenya mbao iliyo mlalo. Mbinu zao za kubweka na matokeo hutofautiana, hivyo basi huwaruhusu wateja kuchagua mashine inayofaa mahitaji yao.<\/p>    <p>Sedan vi grundades har vi ofta exporterat maskinen f\u00f6r avbarkning av stockar till olika l\u00e4nder, inklusive USA, europeiska l\u00e4nder, Sydafrika och Australien. V\u00e5ra kunder har utvecklat l\u00e5ngsiktiga relationer med oss p\u00e5 grund av maskinens l\u00e5ga pris, h\u00e5llbarhet och effektiva prestanda.<\/p>    <figure class=\"wp-block-gallery has-nested-images columns-default is-cropped wp-block-gallery-2 is-layout-flex wp-block-gallery-is-layout-flex\"> <figure class=\"wp-block-image size-large\"><img loading=\"lazy\" decoding=\"async\" width=\"720\" height=\"540\" data-id=\"426\" src=\"https:\/\/hnwoodmachinery.com\/wp-content\/uploads\/2022\/09\/best-log-debarker-0.webp\" alt=\"b\u00e4sta logg avbarkare \" class=\"wp-image-426\" title=\"b\u00e4sta logg avbarkare \"\/><figcaption class=\"wp-element-caption\">Mashine Bora ya Debarker ya logi<\/figcaption><\/figure>    <figure class=\"wp-block-image size-large\"><img loading=\"lazy\" decoding=\"async\" width=\"720\" height=\"540\" data-id=\"427\" src=\"https:\/\/hnwoodmachinery.com\/wp-content\/uploads\/2022\/09\/wood-peeling-machine-0.webp\" alt=\"mashine ya kumenya mbao \" class=\"wp-image-427\" title=\"mashine ya kumenya mbao \"\/><figcaption class=\"wp-element-caption\">Mashine ya Kung'oa Mbao<\/figcaption><\/figure> <\/figure>    <h2 class=\"wp-block-heading\" id=\"h-using-scopes-of-the-wood-peeling-machine\">Kutumia wigo wa mashine ya kumenya mbao za mbao<\/h2>    <p>Mashine ya kukata magogo inafaa kwa ajili ya kupanda miti mipya ya coniferous iliyokatwa na baadhi ya miti migumu, pamoja na miti migumu iliyoganda na kavu. <\/p>    <p>Inatumika sana katika vinu vya karatasi, vinu vya kunde, vinu vya mbao, misitu, wazalishaji wa pellet za mafuta, na biashara zingine za usindikaji wa kuni, kama vile vinu vya mbao na vinu vya bandia (vinu vya plywood, vinu vya MDF). <\/p>    <p>Zaidi ya hayo, mashine ya kumenya mbao inafaa sana kwa uendeshaji wa mstari wa kusanyiko na ni kipande muhimu cha vifaa katika uzalishaji wa kiotomatiki.<\/p>   <div class=\"wp-block-image\"> <figure class=\"aligncenter size-full\"><img loading=\"lazy\" decoding=\"async\" width=\"720\" height=\"540\" src=\"https:\/\/hnwoodmachinery.com\/wp-content\/uploads\/2022\/09\/using-scope-of-wood-peeling-machine-0.webp\" alt=\"kwa kutumia wigo wa mashine ya kumenya kuni\" class=\"wp-image-429\" title=\"kwa kutumia wigo wa mashine ya kumenya kuni\"\/><figcaption class=\"wp-element-caption\">kwa kutumia wigo wa mashine ya kumenya kuni<\/figcaption><\/figure> <\/div>   <h2 class=\"wp-block-heading\" id=\"h-model-1-vertical-wood-peeling-machine\">Aina ya 1: Mashine ya kumenya mbao wima<\/h2>    <p>Pato la mashine ya kumenya kuni ya wima ni ndogo. Aina hii ya mashine ya debarker inafaa kwa usindikaji wa magogo, vigogo, sehemu, na mbao nyingine. Huruhusu kuni kupinda hadi 8% na kipenyo cha shina katika safu ya 5-35cm.<\/p>    <p>Kadiri shina linavyokuwa mbichi, ndivyo ufanisi wa kubweka unavyoongezeka na ndivyo athari ya kubweka inavyoongezeka. Kama chanzo cha nguvu, inaweza kuwa injini ya umeme au injini ya dizeli. Wateja wanaweza kuchagua kulingana na mahitaji yao.<\/p>   <div class=\"wp-block-image\"> <figure class=\"aligncenter size-full\"><img loading=\"lazy\" decoding=\"async\" width=\"720\" height=\"540\" src=\"https:\/\/hnwoodmachinery.com\/wp-content\/uploads\/2022\/09\/wood-debarker-0.webp\" alt=\"mkulima wa mbao \" class=\"wp-image-432\" title=\"mkulima wa mbao \"\/><figcaption class=\"wp-element-caption\">mashine ya debarker ya mbao<\/figcaption><\/figure> <\/div>   <h3 class=\"wp-block-heading\" id=\"h-structure-of-the-high-speed-wood-peeling-machine\">Muundo wa mashine ya kumenya kuni ya kasi ya juu<\/h3>    <p>Mashine ya kumenya kuni wima, inayojulikana pia kama mashine ya kumenya mbao aina ya pete, kimsingi huundwa na njia ya kulisha, njia ya kutoa, sahani ya kisu, mfumo wa upokezaji, na fremu ya chini, pamoja na sehemu nyinginezo. Kubuni hii inaruhusu kulisha rahisi. <\/p>    <p>Dessutom svetsar vi en l\u00e5ng kanal och en f\u00e4ste vid inmatnings\u00f6ppningen. Vidare kan hyllor och hjul installeras p\u00e5 loggavskalarmaskinen baserat p\u00e5 kundens krav, vilket g\u00f6r det bekv\u00e4mt f\u00f6r transport.<\/p>   <div class=\"wp-block-image\"> <figure class=\"aligncenter size-full\"><img loading=\"lazy\" decoding=\"async\" width=\"720\" height=\"540\" src=\"https:\/\/hnwoodmachinery.com\/wp-content\/uploads\/2022\/09\/structure-of-the-wood-skin-removing-machine-0.webp\" alt=\"muundo wa mashine ya kuondoa ngozi ya mbao \" class=\"wp-image-433\" title=\"muundo wa mashine ya kuondoa ngozi ya mbao \"\/><figcaption class=\"wp-element-caption\">muundo wa mashine ya kuondoa ngozi ya mbao<\/figcaption><\/figure> <\/div>   <h3 class=\"wp-block-heading\" id=\"h-technical-parameter-of-the-small-log-debarker\">Kigezo cha kiufundi cha debarker ndogo ya logi<\/h3>    <figure class=\"wp-block-table is-style-stripes\"><table><tbody><tr><td>Mfano<\/td><td>SL-260<\/td><td>SL-300<\/td><\/tr><tr><td>Upeo\u00a0kipenyo<\/td><td>260 mm<\/td><td>300 mm<\/td><\/tr><tr><td>Kiasi cha kisu (pcs)<\/td><td>4<\/td><td>4<\/td><\/tr><tr><td>Nguvu\u00a0kuu(kw)<\/td><td>7.5&nbsp;<\/td><td>7.5&nbsp;<\/td><\/tr><tr><td>Nguvu za\u00a0kuendesha(kw)<\/td><td>1.5&nbsp;<\/td><td>1.5&nbsp;<\/td><\/tr><tr><td>Uzito(T)<\/td><td>1.2<\/td><td>1.5<\/td><\/tr><tr><td>Ukubwa(L*W*H)(m)<\/td><td>2.2*1.3*1.1<\/td><td>2.5*1.8*1.1<\/td><\/tr><\/tbody><\/table><figcaption class=\"wp-element-caption\">sm\u00e5 logg avbarkare parametrar<\/figcaption><\/figure>    <h3 class=\"wp-block-heading\" id=\"h-how-does-the-industrial-log-debarker-work\">Je, msuluhishi wa logi wa viwandani hufanya kazi vipi?<\/h3>    <p>Kiuzaji cha logi za viwandani kinachukua teknolojia ya kasi ya kutofautisha isiyo na hatua ili kurekebisha kiotomatiki kasi ya kulisha. Hii huiruhusu kufaa kwa kumenya aina mbalimbali za mbao zenye spishi tofauti, viwango vya kipenyo, na mikunjo. <\/p>    <p>Debarker ya aina ya pete hutumia kanuni ya kazi ya kukata mzunguko na kisu cha pete. Kila kuni hupigwa na kutibiwa kibinafsi, na kusababisha athari bora na ya kina zaidi ya matibabu.<\/p>    <figure class=\"wp-block-embed is-type-video is-provider-youtube wp-block-embed-youtube wp-embed-aspect-16-9 wp-has-aspect-ratio\"><div class=\"wp-block-embed__wrapper\"> <iframe loading=\"lazy\" title=\"Mashine bora ya kumenya magogo ya mbao na mashine ya kumenya mbao\" width=\"500\" height=\"281\" src=\"https:\/\/www.youtube.com\/embed\/AitTndc2M6k?feature=oembed\" frameborder=\"0\" allow=\"accelerometer; autoplay; clipboard-write; encrypted-media; gyroscope; picture-in-picture; web-share\" referrerpolicy=\"strict-origin-when-cross-origin\" allowfullscreen><\/iframe> <\/div><figcaption class=\"wp-element-caption\">video ya kufanya kazi ya mashine ya debarker ya logi<\/figcaption><\/figure>    <h2 class=\"wp-block-heading\" id=\"h-type-2-horizontal-wood-peeling-machine\">Aina ya 2: Mashine ya kumenya mbao ya mlalo<\/h2>    <p>Mashine ya kumenya mbao iliyo mlalo, pia inajulikana kama mashine ya kumenya mbao aina ya kupitia nyimbo, ina matokeo ya juu. Inaweza kusindika spishi mbalimbali, maumbo, na urefu wa mbao katika makundi. <\/p>    <p>Kipenyo cha nyenzo za kusindika na mashine ya debarker ya logi inapaswa kuwa chini ya 30 cm. Kwa kutumia vishikio na vidhibiti vya ukanda wa matundu kwa kushirikiana na mashine, inaweza kufanya kazi kwa ufanisi zaidi na kuokoa idadi kubwa ya wafanyakazi.<\/p>   <div class=\"wp-block-image\"> <figure class=\"aligncenter size-full\"><img loading=\"lazy\" decoding=\"async\" width=\"720\" height=\"540\" src=\"https:\/\/hnwoodmachinery.com\/wp-content\/uploads\/2022\/09\/commercial-log-debarker-0.webp\" alt=\"muundo wa mashine ya kuondoa ngozi ya mbao \" class=\"wp-image-434\" title=\"muundo wa mashine ya kuondoa ngozi ya mbao \"\/><figcaption class=\"wp-element-caption\">muundo wa mashine ya kuondoa ngozi ya mbao<\/figcaption><\/figure> <\/div>   <h3 class=\"wp-block-heading\" id=\"h-what-is-the-structure-of-a-horizontal-wood-skinning-machine\">Muundo wa mashine ya usawa ya ngozi ya mbao<\/h3>    <p>Muundo wa mashine ya kuchuna ngozi ya aina ya kupitia nyimbo ni rahisi. Mashine ya kukata logi inajumuisha fremu, utaratibu wa kuchuna ngozi, mfumo wa uambukizaji, baffle, rota yenye meno ya kuchuna ngozi, na kitengo cha nguvu.<\/p>   <div class=\"wp-block-image\"> <figure class=\"aligncenter size-full\"><img loading=\"lazy\" decoding=\"async\" width=\"720\" height=\"540\" src=\"https:\/\/hnwoodmachinery.com\/wp-content\/uploads\/2022\/09\/wood-peeling-machine\u2018s-structure-0.webp\" alt=\"muundo wa mashine ya kuondoa ngozi ya mbao \" class=\"wp-image-435\" title=\"muundo wa mashine ya kuondoa ngozi ya mbao \"\/><figcaption class=\"wp-element-caption\">muundo wa mashine ya kuondoa ngozi ya mbao<\/figcaption><\/figure> <\/div>   <h3 class=\"wp-block-heading\" id=\"h-detailed-information-on-the-log-peeler\">Maelezo ya kina juu ya peeler ya logi<\/h3>    <figure class=\"wp-block-table is-style-stripes\"><table><tbody><tr><td>Mfano<\/td><td>SL-700<\/td><td>SL-800<\/td><\/tr><tr><td>Upeo\u00a0kipenyo<\/td><td>400<\/td><td>500<\/td><\/tr><tr><td>Urefu wa mbao (m)<\/td><td>2-5<\/td><td>2-6<\/td><\/tr><tr><td>Uwezo (T\/H)<\/td><td>10-12<\/td><td>15-18<\/td><\/tr><tr><td>Nguvu (k)<\/td><td>11*2<\/td><td>15*2<\/td><\/tr><tr><td>Uzito(T)<\/td><td>3.5<\/td><td>6<\/td><\/tr><tr><td>Ukubwa(L*W*H)(m)<\/td><td>6*2.5*1.6<\/td><td>6*2.8*1.7<\/td><\/tr><\/tbody><\/table><figcaption class=\"wp-element-caption\">logg skalare parametrar<\/figcaption><\/figure>    <h3 class=\"wp-block-heading\" id=\"h-working-principle-of-the-double-roller-wood-peeling-machine\">Kanuni ya kufanya kazi ya mashine ya kumenya mbao ya roller mbili<\/h3>    <p>Mashine ya kumenya mbao ya roller mbili hutumia nguvu ya kipekee inayozalishwa na rota yenye meno ya kubweka ili kusogeza sehemu ya mbao katika mzunguko wa bati la silo. <\/p>    <p>Pia husababisha sehemu ya kuni kuzunguka mhimili wake na kufanya kuruka bila mpangilio. Matokeo yake, kuna msuguano unaoendelea kati ya sehemu ya kuni na meno, na pia kati ya sehemu ya kuni na slot ya ghalani, ambayo inafikia athari ya ufanisi ya peeling.<\/p>    <figure class=\"wp-block-embed aligncenter is-type-video is-provider-youtube wp-block-embed-youtube wp-embed-aspect-16-9 wp-has-aspect-ratio\"><div class=\"wp-block-embed__wrapper\"> <iframe loading=\"lazy\" title=\"Mashine ya Kutengeneza Mbao ya Kutengeneza Mbao#wood #woodmachine\" width=\"500\" height=\"281\" src=\"https:\/\/www.youtube.com\/embed\/JSPAvQG3i-M?feature=oembed\" frameborder=\"0\" allow=\"accelerometer; autoplay; clipboard-write; encrypted-media; gyroscope; picture-in-picture; web-share\" referrerpolicy=\"strict-origin-when-cross-origin\" allowfullscreen><\/iframe> <\/div><figcaption class=\"wp-element-caption\">video ya kufanya kazi ya mashine ya debarker ya mbao ya usawa<\/figcaption><\/figure>    <h3 class=\"wp-block-heading\" id=\"h-features-of-a-wood-barking-machine\">Vipengele vya mashine ya kutengenezea logi ya mbao<\/h3>    <ul class=\"wp-block-list\"> <li>Mashine ya kukata miti ina anuwai ya matumizi na inaweza kushughulikia saizi na spishi tofauti za kuni.<\/li>    <li>Ina kiwango cha juu cha kumenya, kufikia ufanisi wa zaidi ya 95%.<\/li>    <li>Mashine ni rahisi na rahisi kufanya kazi, na mfanyakazi mmoja tu anayehitajika kukamilisha kazi yote ya kumenya.<\/li>    <li>Ina matumizi ya chini ya nishati na kiwango cha chini cha kushindwa, pamoja na maisha ya huduma ya muda mrefu. Mashine inaweza kutumika chini bila ufungaji wa ziada, na kuifanya iwe rahisi kutumia.<\/li>    <li>Mashine zote mbili zina ufanisi wa juu na zinaweza kufanya kazi kwa kuendelea. Mashine ya debarking ya usawa inaweza kushughulikia kiasi kikubwa cha kuni mara moja.<\/li> <\/ul>    <h2 class=\"wp-block-heading\">Tabia za mashine zote mbili za kumenya kuni<\/h2>    <ul class=\"wp-block-list\"> <li>Mashine za kumenya mbao wima kwa ujumla hushughulikia kipenyo kikubwa kiasi cha kuni. Hata hivyo, malighafi bora haipaswi kuinama sana. Mashine inahitaji wafanyikazi kuendelea kulisha kuni ndani yake. <\/li>    <li>Mashine za kumenya mbao za mlalo zinaweza kushughulikia mbao za kupinda na zenye kipenyo kidogo. Mashine hizi zinaweza kuchakata nyenzo nyingi kwa wingi kwa wakati mmoja. Kawaida hutumiwa kwa kushirikiana na mikanda ya kukamata na mikanda ya kusafirisha. Ufanisi wao wa juu wa kufanya kazi hukutana na mahitaji ya mimea ya usindikaji wa miti ya kati na kubwa.<\/li> <\/ul>    <h2 class=\"wp-block-heading\" id=\"h-successful-case\">Kesi iliyofanikiwa<\/h2>    <p class=\"translation-block\">Mteja wetu kutoka <a href=\"https:\/\/en.wikipedia.org\/wiki\/United_States\" target=\"_blank\" rel=\"noopener\">Amerika<\/a> anamiliki kiwanda cha mbao. Alitutumia moja kwa moja uchunguzi kwa mashine ya magogo ya magogo. Baada ya mawasiliano, tulielewa kuwa mteja alihitaji kuchakata magogo mabaya zaidi. Kwa hivyo tulimpa mteja moja kwa moja picha na video za mfano mkubwa zaidi wa mashine ya maganda. Mteja pia alionyesha kuwa mashine ilikidhi mahitaji. <\/p>    <p>Kisha muuzaji wetu alitoa nukuu kwa mteja. Baada ya mteja kuthibitisha maelezo yote ya mashine. Mteja aliweka oda na tukatayarisha mashine kwa ajili ya uzalishaji. Baada ya hayo, mashine hutumwa kwa marudio.<\/p>    <figure class=\"wp-block-gallery has-nested-images columns-default is-cropped wp-block-gallery-3 is-layout-flex wp-block-gallery-is-layout-flex\"> <figure class=\"wp-block-image size-large\"><img loading=\"lazy\" decoding=\"async\" width=\"720\" height=\"540\" data-id=\"436\" src=\"https:\/\/hnwoodmachinery.com\/wp-content\/uploads\/2022\/09\/wooden-case-packing-of-the-wood-flaker-machine-0.webp\" alt=\"tr\u00e4f\u00f6rpackning av tr\u00e4flakmaskinen \" class=\"wp-image-436\" title=\"tr\u00e4f\u00f6rpackning av tr\u00e4flakmaskinen \"\/><figcaption class=\"wp-element-caption\">Ufungaji wa Kesi ya Mbao ya Mashine ya Flaker ya Mbao<\/figcaption><\/figure>    <figure class=\"wp-block-image size-large\"><img loading=\"lazy\" decoding=\"async\" width=\"720\" height=\"540\" data-id=\"437\" src=\"https:\/\/hnwoodmachinery.com\/wp-content\/uploads\/2022\/09\/wood-debarker-.webp\" alt=\"mkulima wa mbao\" class=\"wp-image-437\" title=\"mkulima wa mbao\"\/><figcaption class=\"wp-element-caption\">Wood Debarker<\/figcaption><\/figure> <\/figure>    <h2 class=\"wp-block-heading\" id=\"h-what-are-the-reasons-for-choosing-the-shuliy-log-debarker\">Kwa nini uchague kizuizi cha logi cha Shuliy?<\/h2>    <ul class=\"wp-block-list\"> <li>Shuliy Machinery ni mtengenezaji mtaalamu wa mashine za mbao. Tunaweza kuwapa wateja bei nzuri na mashine za ubora wa juu.<\/li>    <li>Tunaweza kutatua matatizo mengi yanayokumba wateja mara moja. Tuna ujuzi wa kina wa mashine za mbao na tunaweza kutoa taarifa juu ya kipengele chochote ambacho wateja wanataka kujua.<\/li>    <li>Tuna uzoefu mkubwa katika kusafirisha nje na tunaweza kusaidia wateja katika kutatua masuala yanayohusiana na mauzo ya nje mara moja.<\/li>    <li>Mashine zetu zimesafirishwa kwa nchi nyingi, na wateja wote wameridhika na mashine zetu.<\/li> <\/ul>    <p class=\"translation-block\">Pia tuna <a href=\"https:\/\/hnwoodmachinery.com\/sw\/product\/automatic-saw-mill-machine\/\">mashine za mbao za mbao<\/a> na <a href=\"https:\/\/hnwoodmachinery.com\/sw\/product\/wood-hammer-mill\/\">mashine za kutengeneza vumbi la mbao<\/a>. Mashine ya magogo ya magogo inaweza kutumika kwa miradi ya utengenezaji wa mbao na pia ni bora kwa wakulima na watumiaji wa magogo. Tunakualika kwa dhati kushauriana wakati wowote ili kupata habari zaidi juu ya mashine za usindikaji wa mbao na tunakaribisha kutembelea kiwanda chetu. Tunatarajia kushirikiana nawe.<\/p>","protected":false},"excerpt":{"rendered":"<p>Mashine ya kutengenezea logi ya mbao hutumia teknolojia ya kisasa ya kuzungusha inayozungusha iliyo na viunzi vya aloi zenye nguvu ya juu ili kutegua magogo kwa ufanisi. Inaweza kusindika hadi tani 20 za magogo kwa saa.<\/p>","protected":false},"author":1,"featured_media":430,"parent":0,"template":"","tags":[36,41,35],"product-type":[5],"class_list":["post-23","product","type-product","status-publish","has-post-thumbnail","hentry","tag-log","tag-timber","tag-wood","product-type-wood-debarker"],"_links":{"self":[{"href":"https:\/\/hnwoodmachinery.com\/sw\/wp-json\/wp\/v2\/product\/23","targetHints":{"allow":["GET"]}}],"collection":[{"href":"https:\/\/hnwoodmachinery.com\/sw\/wp-json\/wp\/v2\/product"}],"about":[{"href":"https:\/\/hnwoodmachinery.com\/sw\/wp-json\/wp\/v2\/types\/product"}],"author":[{"embeddable":true,"href":"https:\/\/hnwoodmachinery.com\/sw\/wp-json\/wp\/v2\/users\/1"}],"wp:featuredmedia":[{"embeddable":true,"href":"https:\/\/hnwoodmachinery.com\/sw\/wp-json\/wp\/v2\/media\/430"}],"wp:attachment":[{"href":"https:\/\/hnwoodmachinery.com\/sw\/wp-json\/wp\/v2\/media?parent=23"}],"wp:term":[{"taxonomy":"post_tag","embeddable":true,"href":"https:\/\/hnwoodmachinery.com\/sw\/wp-json\/wp\/v2\/tags?post=23"},{"taxonomy":"product-type","embeddable":true,"href":"https:\/\/hnwoodmachinery.com\/sw\/wp-json\/wp\/v2\/product-type?post=23"}],"curies":[{"name":"wp","href":"https:\/\/api.w.org\/{rel}","templated":true}]}}