{"id":207,"date":"2022-07-22T08:10:18","date_gmt":"2022-07-22T08:10:18","guid":{"rendered":"https:\/\/hnwoodmachinery.com\/?post_type=product&#038;p=207"},"modified":"2024-09-24T18:28:36","modified_gmt":"2024-09-24T10:28:36","slug":"drum-wood-chipper","status":"publish","type":"product","link":"https:\/\/hnwoodmachinery.com\/sw\/product\/drum-wood-chipper\/","title":{"rendered":"Mashine ya Kutengeneza Chipu za Mbao za Kibiashara"},"content":{"rendered":"<div class=\"kk-star-ratings kksr-auto kksr-align-left kksr-valign-top\"     data-payload='{&quot;align&quot;:&quot;left&quot;,&quot;id&quot;:&quot;207&quot;,&quot;slug&quot;:&quot;default&quot;,&quot;valign&quot;:&quot;top&quot;,&quot;ignore&quot;:&quot;&quot;,&quot;reference&quot;:&quot;auto&quot;,&quot;class&quot;:&quot;&quot;,&quot;count&quot;:&quot;94&quot;,&quot;legendonly&quot;:&quot;&quot;,&quot;readonly&quot;:&quot;&quot;,&quot;score&quot;:&quot;4.8&quot;,&quot;starsonly&quot;:&quot;&quot;,&quot;best&quot;:&quot;5&quot;,&quot;gap&quot;:&quot;5&quot;,&quot;greet&quot;:&quot;Rate this product&quot;,&quot;legend&quot;:&quot;4.8\\\/5 - (94 votes)&quot;,&quot;size&quot;:&quot;24&quot;,&quot;title&quot;:&quot;Drum Wood Chipper Commercial Timber Chips Making Machine&quot;,&quot;width&quot;:&quot;136.7&quot;,&quot;_legend&quot;:&quot;{score}\\\/{best} - ({count} {votes})&quot;,&quot;font_factor&quot;:&quot;1.25&quot;}'>              <div class=\"kksr-stars\">      <div class=\"kksr-stars-inactive\">             <div class=\"kksr-star\" data-star=\"1\" style=\"padding-right: 5px\">               <div class=\"kksr-icon\" style=\"width: 24px; height: 24px;\"><\/div>         <\/div>             <div class=\"kksr-star\" data-star=\"2\" style=\"padding-right: 5px\">               <div class=\"kksr-icon\" style=\"width: 24px; height: 24px;\"><\/div>         <\/div>             <div class=\"kksr-star\" data-star=\"3\" style=\"padding-right: 5px\">               <div class=\"kksr-icon\" style=\"width: 24px; height: 24px;\"><\/div>         <\/div>             <div class=\"kksr-star\" data-star=\"4\" style=\"padding-right: 5px\">               <div class=\"kksr-icon\" style=\"width: 24px; height: 24px;\"><\/div>         <\/div>             <div class=\"kksr-star\" data-star=\"5\" style=\"padding-right: 5px\">               <div class=\"kksr-icon\" style=\"width: 24px; height: 24px;\"><\/div>         <\/div>     <\/div>      <div class=\"kksr-stars-active\" style=\"width: 136.7px;\">             <div class=\"kksr-star\" style=\"padding-right: 5px\">               <div class=\"kksr-icon\" style=\"width: 24px; height: 24px;\"><\/div>         <\/div>             <div class=\"kksr-star\" style=\"padding-right: 5px\">               <div class=\"kksr-icon\" style=\"width: 24px; height: 24px;\"><\/div>         <\/div>             <div class=\"kksr-star\" style=\"padding-right: 5px\">               <div class=\"kksr-icon\" style=\"width: 24px; height: 24px;\"><\/div>         <\/div>             <div class=\"kksr-star\" style=\"padding-right: 5px\">               <div class=\"kksr-icon\" style=\"width: 24px; height: 24px;\"><\/div>         <\/div>             <div class=\"kksr-star\" style=\"padding-right: 5px\">               <div class=\"kksr-icon\" style=\"width: 24px; height: 24px;\"><\/div>         <\/div>     <\/div> <\/div>                   <div class=\"kksr-legend\" style=\"font-size: 19.2px;\">             4.8\/5 - (94 r\u00f6ster)    <\/div>     <\/div>  <p>Chombo cha mbao cha ngoma kina vifaa vya mfumo wa kukata juu. Inaweza kushughulikia kwa urahisi magogo na matawi ya ugumu mbalimbali kwa ajili ya operesheni sahihi na ya haraka ya kuchimba, na uwezo wa usindikaji wa hadi tani 15 za kuni kwa saa. <\/p>    <p>Kutokana na pato la juu la mashine hii, kwa ujumla hutumiwa katika wasindikaji wa mbao wa kati na wakubwa. Vipande vya mbao kwa ujumla hutumika kusagwa kabla ya kusagwa mbao, kutengeneza karatasi, kuni, na kutengeneza kila aina ya mbao, n.k.<\/p>    <figure class=\"wp-block-embed aligncenter is-type-video is-provider-youtube wp-block-embed-youtube wp-embed-aspect-16-9 wp-has-aspect-ratio\"><div class=\"wp-block-embed__wrapper\"> <iframe loading=\"lazy\" title=\"Kuachilia Nguvu ya Uwezo Mkubwa Aina ya Chipa Kuni ya Ngoma: Kupasua Mbao Kama Mtaalamu!\" width=\"500\" height=\"281\" src=\"https:\/\/www.youtube.com\/embed\/EXLexC2cebo?start=4&#038;feature=oembed\" frameborder=\"0\" allow=\"accelerometer; autoplay; clipboard-write; encrypted-media; gyroscope; picture-in-picture; web-share\" referrerpolicy=\"strict-origin-when-cross-origin\" allowfullscreen><\/iframe> <\/div><figcaption class=\"wp-element-caption\">mashine kubwa ya kuchakata mbao ya ngoma inayofanya kazi video<\/figcaption><\/figure>    <p>Chipper ya ngoma ina ukanda wa conveyor kwa kulisha moja kwa moja, ambayo hupunguza kwa kiasi kikubwa mahitaji ya wakati na kazi. Zaidi ya hayo, vibandiko vya shinikizo kwenye kichipa ngoma husukuma nyenzo kikamilifu kwenye mfumo wa chipukizi. <\/p>    <p class=\"translation-block\">Mashine hii inaweza kuunganishwa na ukanda wa usafirishaji na kiwanda cha nyundo ili kuunda njia kamili ya uzalishaji kwa ajili ya kuchakata chipu za mbao. Zaidi ya hayo, tunatengeneza pia <a href=\"https:\/\/hnwoodmachinery.com\/sw\/product\/wood-chips-making-machine\/\">chipa ndogo za mbao<\/a> ndogo zaidi.<\/p>   <div class=\"wp-block-image\"> <figure class=\"aligncenter size-full\"><img loading=\"lazy\" decoding=\"async\" width=\"720\" height=\"540\" src=\"https:\/\/hnwoodmachinery.com\/wp-content\/uploads\/2022\/09\/industrial-wood-chipper0.webp\" alt=\"mtema kuni wa viwandani\" class=\"wp-image-407\" title=\"mtema kuni wa viwandani\"\/><figcaption class=\"wp-element-caption\">mtema kuni wa viwandani<\/figcaption><\/figure> <\/div>   <h2 class=\"wp-block-heading\">Maombi yanayohusiana na biashara ya chipper kuni<\/h2>    <p class=\"translation-block\"><strong>Malighafi:<\/strong> mashine hii ya ngoma ya mbao inaweza kuchakata vifaa mbalimbali kama vile bikira, mbao, magogo, na mbao za kipenyo kidogo. (Tafadhali kumbuka kuwa vifaa vinavyotumiwa na mashine hii havipaswi kuwa na misumari).<\/p>    <p class=\"translation-block\"><strong>Matumizi ya chipu za mbao:<\/strong> chipu za mbao zinazozalishwa zinaweza kutumiwa kutengeneza karatasi, kutengeneza bodi ya chembe, na bodi ya nyuzi, au kama mafuta. Zaidi ya hayo, tunaweza kuuza chipu za mbao moja kwa moja.<\/p>   <div class=\"wp-block-image\"> <figure class=\"aligncenter size-full\"><img loading=\"lazy\" decoding=\"async\" width=\"720\" height=\"540\" src=\"https:\/\/hnwoodmachinery.com\/wp-content\/uploads\/2022\/09\/using-scope-of-the-wood-chipper-0-2.webp\" alt=\"matumizi ya chipper ya kuni\" class=\"wp-image-412\" title=\"matumizi ya chipper ya kuni\"\/><figcaption class=\"wp-element-caption\">kwa kutumia wigo wa mtema kuni<\/figcaption><\/figure> <\/div>   <h2 class=\"wp-block-heading\">Faida za kipekee za chipper ya kuni ya viwandani<\/h2>    <ul class=\"wp-block-list\"> <li>Kufanya kazi kwa nguvu. Inaweza kusindika vifaa mbalimbali kwa ufanisi. Usindikaji wa mwisho wa bidhaa ni mzuri.<\/li>    <li>L\u00e5ng livsl\u00e4ngd f\u00f6r maskinen: maskinens knivvals, knivplatta och blad \u00e4r alla tillverkade av h\u00f6gkvalitativa material som \u00e4r slitstarka och h\u00e5llbara.<\/li>    <li>Mchimbaji wa mbao wa ngoma ana baraza la mawaziri la kujitegemea la kudhibiti umeme, hivyo mashine ni salama kutumia na ni rahisi kufanya kazi.<\/li>    <li>Chipper inaweza kurekebisha kiotomati ukubwa wa bandari ya kulisha. Kwa mujibu wa unene tofauti wa malighafi, roller ya juu ya kulisha inaweza kuelea juu na chini ndani ya aina fulani kwa msaada wa mfumo wa majimaji.<\/li> <\/ul>   <div class=\"wp-block-image\"> <figure class=\"aligncenter size-full\"><img loading=\"lazy\" decoding=\"async\" width=\"720\" height=\"540\" src=\"https:\/\/hnwoodmachinery.com\/wp-content\/uploads\/2022\/09\/drum-wood-chipper-0.webp\" alt=\"mtema kuni wa viwandani\" class=\"wp-image-409\" title=\"mtema kuni wa viwandani\"\/><figcaption class=\"wp-element-caption\">mtema kuni wa viwandani<\/figcaption><\/figure> <\/div>   <h2 class=\"wp-block-heading\">Muundo wa ndani wa mashine ya kuchimba mbao ya ngoma<\/h2>    <p>Mchimbaji wa mbao wa ngoma hujumuisha mwili, roller ya kisu, utaratibu wa kulisha na upakuaji, mfumo wa majimaji, kifaa cha kulisha, na sehemu zingine.<\/p>    <ul class=\"wp-block-list\"> <li>Mwili: zote zimechochewa kwa bamba la chuma la nguvu ya juu, ambalo ni msingi wa mashine nzima. <\/li>    <li>Roller ya kisu: kuna visu kadhaa vya kuruka vilivyowekwa kwenye bar ya kisu. Na tunatengeneza visu za kuruka kwenye roller ya kisu kupitia kizuizi cha shinikizo.<\/li>    <li>Mfumo wa hydraulic: silinda ya mafuta hutolewa na pampu ya mafuta, ambayo inaweza kuanza kifuniko na kuwezesha uingizwaji wa blade. Mkutano wa roller ya juu ya kulisha inaweza kuinuliwa wakati wa matengenezo, ambayo inafanya kuwa rahisi kurekebisha pengo kati ya kisu cha kuruka na kisu cha chini.<\/li>    <li>Utaratibu wa kulisha juu-chini: unajumuisha kiolesura cha kulisha, roller ya kulisha juu-chini, na utaratibu wa kurekebisha pengo la kulisha. Mbao inayoingia kutoka kwa kiolesura cha kulisha inashinikizwa na rollers ya juu na ya chini ya kulisha na kulishwa kwenye utaratibu wa kupiga kwa kasi fulani.<\/li> <\/ul>   <div class=\"wp-block-image\"> <figure class=\"aligncenter size-full\"><img loading=\"lazy\" decoding=\"async\" width=\"720\" height=\"540\" src=\"https:\/\/hnwoodmachinery.com\/wp-content\/uploads\/2022\/09\/drum-wood-chippers-structure-0.webp\" alt=\"mtema kuni wa viwandani\" class=\"wp-image-408\" title=\"mtema kuni wa viwandani\"\/><figcaption class=\"wp-element-caption\">mtema kuni wa viwandani<\/figcaption><\/figure> <\/div>   <h2 class=\"wp-block-heading\">Vipimo vikubwa vya chipa vya mbao vya kibiashara<\/h2>    <figure class=\"wp-block-table is-style-stripes\"><table><tbody><tr><td><strong>Mfano<\/strong><\/td><td><strong>SL-218<\/strong><\/td><td><strong>SL-216<\/strong><\/td><\/tr><tr><td><strong>Kiasi cha kisu<\/strong><\/td><td>2<\/td><td>2<\/td><\/tr><tr><td><strong>Ukubwa wa kulisha<\/strong><strong><\/strong><\/td><td>300*680\u00a0mm<\/td><td>230*500 mm<\/td><\/tr><tr><td><strong>Uwezo<\/strong><strong><\/strong><\/td><td>10-15 t \/ h<\/td><td>5-8t\/saa<\/td><\/tr><tr><td><strong>Kipimo cha malighafi<\/strong><strong><\/strong><\/td><td>\u2264300\u00a0mm<\/td><td>\u2264230\u00a0mm<\/td><\/tr><tr><td><strong>Ukubwa wa chip ya kuni<\/strong><strong><\/strong><\/td><td>25\u00a0mm(Inaweza Kurekebishwa)<\/td><td>25 mm (Inaweza Kurekebishwa)<\/td><\/tr><tr><td><strong>Nguvu kuu<\/strong><strong><\/strong><\/td><td>110 kw<\/td><td>55 kw<\/td><\/tr><tr><td><strong>Uzito<\/strong><strong><\/strong><\/td><td>8600\u00a0kg<\/td><td>kilo 5600<\/td><\/tr><tr><td><strong>Kulisha conveyor ya kuingiza<\/strong><strong><\/strong><\/td><td>6 m<\/td><td>6 m<\/td><\/tr><tr><td><strong>Msafirishaji wa nje<\/strong><strong><\/strong><\/td><td>8\u00a0m<\/td><td>8 m<\/td><\/tr><tr><td><strong>Ukubwa wa kufunga<\/strong><\/td><td>3105*2300*1650\u00a0mm<\/td><td>2735*2200*1200 mm<\/td><\/tr><\/tbody><\/table><figcaption class=\"wp-element-caption\">data ya kiufundi ya kipiga mbao cha ngoma<\/figcaption><\/figure>    <h2 class=\"wp-block-heading\">Je, mashine hii ya kutengeneza chips za mbao inafanya kazi gani?<\/h2>   <div id=\"rank-math-howto\" class=\"rank-math-block\" > <div class=\"rank-math-howto-description\">  <\/div>  <div class=\"rank-math-steps\"> <div id=\"howto-step-1717407006129\" class=\"rank-math-step\"> <div class=\"rank-math-step-content\"><p>Mbao hulishwa kupitia bandari ya kulisha na inapogusana na blade ya kukata, hukatwa kufuatia mzunguko wa kasi wa kukata.<\/p> <\/div> <\/div> <div id=\"howto-step-1717407019499\" class=\"rank-math-step\"> <div class=\"rank-math-step-content\"><p>Utaratibu wa kukata ni gurudumu la ngoma inayozunguka na visu kadhaa vya kuruka vilivyowekwa juu yake. Visu huzunguka kusindika kuni vipande vipande.<\/p> <\/div> <\/div> <div id=\"howto-step-1717407032563\" class=\"rank-math-step\"> <div class=\"rank-math-step-content\"><p class=\"translation-block\">Kuna mashimo kadhaa ya mraba kwenye ukingo wa nje wa gurudumu la ngoma, na vipande vilivyokatwa vya nyenzo zinazostahiki huanguka kupitia mashimo ya skrini ya matundu na kutolewa kutoka chini. Vipande vikubwa vya nyenzo vitakatwa tena kwenye mashine ya <a href=\"https:\/\/en.wikipedia.org\/wiki\/Woodchipper\" target=\"_blank\" rel=\"noopener\">woodchipper<\/a>.<\/p> <\/div> <\/div> <\/div> <\/div>       <figure class=\"wp-block-embed aligncenter is-type-video is-provider-youtube wp-block-embed-youtube wp-embed-aspect-16-9 wp-has-aspect-ratio\"><div class=\"wp-block-embed__wrapper\"> <iframe loading=\"lazy\" title=\"Mchimba mbao wa viwandani mkubwa\u4e28 chipa cha mbao kinauzwa\" width=\"500\" height=\"281\" src=\"https:\/\/www.youtube.com\/embed\/4ADKE0Xolj8?feature=oembed\" frameborder=\"0\" allow=\"accelerometer; autoplay; clipboard-write; encrypted-media; gyroscope; picture-in-picture; web-share\" referrerpolicy=\"strict-origin-when-cross-origin\" allowfullscreen><\/iframe> <\/div><figcaption class=\"wp-element-caption\">chip za mbao video ya kufanya kazi kwa mashine<\/figcaption><\/figure>   <div class=\"wp-block-image\"> <figure class=\"aligncenter size-full\"><img loading=\"lazy\" decoding=\"async\" width=\"720\" height=\"540\" src=\"http:\/\/hnwoodmachinery.com\/wp-content\/uploads\/2022\/07\/wood-chips-making-machine.webp\" alt=\"mashine ya kutengeneza chips za mbao\" class=\"wp-image-1080\" title=\"\" srcset=\"https:\/\/hnwoodmachinery.com\/wp-content\/uploads\/2022\/07\/wood-chips-making-machine.webp 720w, https:\/\/hnwoodmachinery.com\/wp-content\/uploads\/2022\/07\/wood-chips-making-machine-300x225.webp 300w, https:\/\/hnwoodmachinery.com\/wp-content\/uploads\/2022\/07\/wood-chips-making-machine-16x12.webp 16w\" sizes=\"auto, (max-width: 720px) 100vw, 720px\" \/><figcaption class=\"wp-element-caption\">mashine ya kuchakata ngoma<\/figcaption><\/figure> <\/div>   <h2 class=\"wp-block-heading\">Kwa nini uchague chipper ya kuni ya Shuliy?<\/h2>    <ul class=\"wp-block-list\"> <li>Iliyoundwa hivi karibuni rotor ya blade, vile ni rahisi kubadilika.<\/li>    <li>Kifuniko cha chumba cha kusagwa kinaweza kufunguliwa kwa majimaji kwa matengenezo rahisi na uingizwaji wa blade.<\/li>    <li>Ukubwa wa skrini unaweza kubinafsishwa kulingana na mahitaji tofauti ya saizi ya mwisho ya bidhaa. Mfumo wa buffer ya hydraulic huhakikisha uendeshaji mzuri.<\/li>    <li>Kifaa cha kulisha nyuma, mashine ya ukanda inaweza kuachwa ili kuendeleza. Kifaa hiki kinaweza kulinda mashine wakati wa kukutana na vipande vikubwa vya kuni.<\/li>    <li>Uwezo mkubwa na ukubwa mkubwa wa kulisha kuliko mifano ya jadi, inaweza kukata magogo na kipenyo cha 230-500mm.<\/li> <\/ul>   <div class=\"wp-block-image\"> <figure class=\"aligncenter size-full\"><img loading=\"lazy\" decoding=\"async\" width=\"720\" height=\"540\" src=\"https:\/\/hnwoodmachinery.com\/wp-content\/uploads\/2022\/09\/commercial-wood-chipper-0.webp\" alt=\"mtema kuni kibiashara\" class=\"wp-image-413\" title=\"mtema kuni kibiashara\"\/><figcaption class=\"wp-element-caption\">mtema kuni kibiashara<\/figcaption><\/figure> <\/div>   <p>Kiwanda chetu kina utaalam katika utengenezaji na utengenezaji wa mashine za usindikaji wa kuni kwa miaka mingi, kupata uzoefu mzuri na teknolojia ya hali ya juu. Tunakualika kwa dhati kushauriana nasi wakati wowote na tunakukaribisha kwa moyo mkunjufu kutembelea kiwanda chetu. Tunatazamia kushirikiana nawe.<\/p>","protected":false},"excerpt":{"rendered":"<p>Kipasua mbao cha ngoma ni mashine kubwa ya viwanda ya kuchakata mbao. Mashine hii ina pato kubwa na kwa ujumla hutumiwa katika viwanda vya usindikaji wa mbao vya kati na vikubwa.<\/p>","protected":false},"author":1,"featured_media":403,"parent":0,"template":"","tags":[41,35,40],"product-type":[9],"class_list":["post-207","product","type-product","status-publish","has-post-thumbnail","hentry","tag-timber","tag-wood","tag-wood-chips","product-type-wood-chipper"],"_links":{"self":[{"href":"https:\/\/hnwoodmachinery.com\/sw\/wp-json\/wp\/v2\/product\/207","targetHints":{"allow":["GET"]}}],"collection":[{"href":"https:\/\/hnwoodmachinery.com\/sw\/wp-json\/wp\/v2\/product"}],"about":[{"href":"https:\/\/hnwoodmachinery.com\/sw\/wp-json\/wp\/v2\/types\/product"}],"author":[{"embeddable":true,"href":"https:\/\/hnwoodmachinery.com\/sw\/wp-json\/wp\/v2\/users\/1"}],"wp:featuredmedia":[{"embeddable":true,"href":"https:\/\/hnwoodmachinery.com\/sw\/wp-json\/wp\/v2\/media\/403"}],"wp:attachment":[{"href":"https:\/\/hnwoodmachinery.com\/sw\/wp-json\/wp\/v2\/media?parent=207"}],"wp:term":[{"taxonomy":"post_tag","embeddable":true,"href":"https:\/\/hnwoodmachinery.com\/sw\/wp-json\/wp\/v2\/tags?post=207"},{"taxonomy":"product-type","embeddable":true,"href":"https:\/\/hnwoodmachinery.com\/sw\/wp-json\/wp\/v2\/product-type?post=207"}],"curies":[{"name":"wp","href":"https:\/\/api.w.org\/{rel}","templated":true}]}}