{"id":3,"date":"2022-07-15T10:01:21","date_gmt":"2022-07-15T10:01:21","guid":{"rendered":"http:\/\/hnwoodmachinery.com\/?page_id=3"},"modified":"2022-09-22T15:00:54","modified_gmt":"2022-09-22T07:00:54","slug":"about-us","status":"publish","type":"page","link":"https:\/\/hnwoodmachinery.com\/sw\/about-us\/","title":{"rendered":"Kuhusu sisi"},"content":{"rendered":"<div class=\"wp-block-media-text alignwide is-stacked-on-mobile\"><figure class=\"wp-block-media-text__media\"><img loading=\"lazy\" decoding=\"async\" width=\"720\" height=\"540\" src=\"https:\/\/hnwoodmachinery.com\/wp-content\/uploads\/2022\/09\/our-factory-.webp\" alt=\"v\u00e5r fabrik\" class=\"wp-image-615 size-full\" title=\"\"><\/figure><div class=\"wp-block-media-text__content\"> <p class=\"translation-block\">Shuliy Machinery iko katika Zhengzhou, Mkoa wa Henan, China. Ni mtengenezaji mkubwa wa mashine za kushughulikia miti. Ilianzishwa mnamo 2011. Tunayo uzoefu mwingi katika kuuza nje. Na tunasafirisha mashine kwa nchi nyingi, kama vile UAE, Afrika Kusini, Peru, Libya, Bulgaria, New Zealand, USA, Canada, Philippines, Malaysia, na nchi zingine tofauti. Tunatoa mashine za hali ya juu, bei nafuu, na huduma makini kwa kila mteja. Kwa hivyo, tumedumisha ushirikiano wa muda mrefu na nchi nyingi.<\/p> <\/div><\/div>    <h2 class=\"wp-block-heading\" id=\"h-main-products\">Bidhaa Kuu<\/h2>    <p class=\"translation-block\">Bidhaa kuu za Shuliy Machinery ni pamoja na mashine ya kuondoa magogo ya mbao, mashine ya kukata mbao, mashine ya kung'oa mbao, mashine ya kusaga mbao, mashine ya kukata mbao, mashine ya kukata mbao ya viwandani, mashine ya kusaga ya kina, n.k. Kwa kuongezea, tunaweza pia kuwapa wateja mstari wa uzalishaji wa mashine, ambayo ni rahisi zaidi kwa kazi ya kila siku ya wateja na inaboresha ufanisi.<\/p>    <figure class=\"wp-block-gallery has-nested-images columns-2 is-cropped wp-block-gallery-2 is-layout-flex wp-block-gallery-is-layout-flex\"> <figure class=\"wp-block-image size-large\"><img loading=\"lazy\" decoding=\"async\" width=\"720\" height=\"540\" data-id=\"618\" src=\"https:\/\/hnwoodmachinery.com\/wp-content\/uploads\/2022\/09\/hammer-wood-mill-machine-.webp\" alt=\"hammare tr\u00e4 kvarn maskin\" class=\"wp-image-618\" title=\"hammare tr\u00e4 kvarn maskin\"\/><figcaption>Mashine ya Kusaga Kuni ya Nyundo<\/figcaption><\/figure>    <figure class=\"wp-block-image size-large\"><img loading=\"lazy\" decoding=\"async\" width=\"720\" height=\"540\" data-id=\"619\" src=\"https:\/\/hnwoodmachinery.com\/wp-content\/uploads\/2022\/09\/wood-chipper-.webp\" alt=\"\" class=\"wp-image-619\" title=\"\"><figcaption>Chipper Mbao<\/figcaption><\/figure>    <figure class=\"wp-block-image size-full\"><img loading=\"lazy\" decoding=\"async\" width=\"720\" height=\"540\" data-id=\"620\" src=\"https:\/\/hnwoodmachinery.com\/wp-content\/uploads\/2022\/09\/wood-peeling-machine-.webp\" alt=\"mashine ya kumenya mbao\" class=\"wp-image-620\" title=\"mashine ya kumenya mbao\"\/><figcaption>Mashine ya Kung'oa Mbao<\/figcaption><\/figure>    <figure class=\"wp-block-image size-large\"><img loading=\"lazy\" decoding=\"async\" width=\"720\" height=\"540\" data-id=\"621\" src=\"https:\/\/hnwoodmachinery.com\/wp-content\/uploads\/2022\/09\/wood-shaving-machine-1-1.webp\" alt=\"mashine ya kunyoa kuni\" class=\"wp-image-621\" title=\"mashine ya kunyoa kuni\"\/><figcaption>Mashine ya Kunyoa Mbao<\/figcaption><\/figure> <\/figure>    <h2 class=\"wp-block-heading\" id=\"h-our-services\">Huduma zetu<\/h2>    <p>1. Ujuzi wa mashine ya kitaaluma. Kila mmoja wa wafanyakazi wetu ana ujuzi wa kina wa mashine zetu, na tunaweza kutoa majibu ya kitaalamu kwa wateja wetu kwa wakati ufaao wakati wa mazungumzo nao. Wakati huo huo, tutatoa ufumbuzi wa mashine za kitaaluma kulingana na mahitaji maalum ya wateja.<\/p>    <p>2. Mashine za kufunga na kusafirisha. Kabla ya mashine yoyote kusafirishwa hadi inapoenda, tutalinda mashine kwa kuipakia kwenye kisanduku chenye nguvu cha mbao. Pia tunatoa taarifa za vifaa kwa wakati kwa wateja wetu.<\/p>    <p>3. Ufungaji na matumizi ya mashine. Tutamsaidia mteja kufunga mashine, ama kwa maelekezo ya mtandaoni au kwa kupanga mhandisi aimarishe mashine.<\/p>    <p>4. Muundo wa kiwanda. Tutasaidia wateja kupanga eneo la kiwanda, na uwekaji wa vifaa vya kiwanda, kutoa michoro, nk.<\/p>    <figure class=\"wp-block-gallery has-nested-images columns-2 is-cropped wp-block-gallery-3 is-layout-flex wp-block-gallery-is-layout-flex\"> <figure class=\"wp-block-image size-large\"><img loading=\"lazy\" decoding=\"async\" width=\"720\" height=\"540\" data-id=\"624\" src=\"https:\/\/hnwoodmachinery.com\/wp-content\/uploads\/2022\/09\/vertical-log-debarker-machine-packaging-.webp\" alt=\"vertikal stock avbarkningsmaskin f\u00f6rpackning\" class=\"wp-image-624\" title=\"vertikal stock avbarkningsmaskin f\u00f6rpackning\"\/><figcaption>Ufungaji wa Mashine ya Debarker ya Logi Wima<\/figcaption><\/figure>    <figure class=\"wp-block-image size-large\"><img loading=\"lazy\" decoding=\"async\" width=\"720\" height=\"540\" data-id=\"625\" src=\"https:\/\/hnwoodmachinery.com\/wp-content\/uploads\/2022\/09\/wooden-case-packing-.webp\" alt=\"tr\u00e4 l\u00e5da f\u00f6rpackning\" class=\"wp-image-625\" title=\"tr\u00e4 l\u00e5da f\u00f6rpackning\"\/><figcaption>Ufungaji wa Kesi ya Mbao<\/figcaption><\/figure>    <figure class=\"wp-block-image size-large\"><img loading=\"lazy\" decoding=\"async\" width=\"720\" height=\"540\" data-id=\"627\" src=\"https:\/\/hnwoodmachinery.com\/wp-content\/uploads\/2022\/09\/loading-of-the-wood-log-peeling-machine-.webp\" alt=\"lastning av tr\u00e4stock avskalar maskin\" class=\"wp-image-627\" title=\"lastning av tr\u00e4stock avskalar maskin\"\/><figcaption>Upakiaji Wa Mashine Ya Kumenya Mbao<\/figcaption><\/figure>    <figure class=\"wp-block-image size-large\"><img loading=\"lazy\" decoding=\"async\" width=\"720\" height=\"540\" data-id=\"628\" src=\"https:\/\/hnwoodmachinery.com\/wp-content\/uploads\/2022\/09\/shipping-of-the-machine-1.webp\" alt=\"frakt av maskinen\" class=\"wp-image-628\" title=\"frakt av maskinen\"\/><figcaption>Usafirishaji wa Mashine<\/figcaption><\/figure> <\/figure>    <h2 class=\"wp-block-heading\" id=\"h-professional-wood-machines-manufacturer\">Mtengenezaji wa mashine za mbao za kitaalam<\/h2>    <p>Kama mtengenezaji wa mashine za mbao, Shuliy Machinery\u00a0ina timu ya kitaalamu ya Usanifu wa R &amp; D. Nyenzo, muundo, na kuonekana kwa kila mashine husomwa kwa uangalifu na iliyoundwa. Tumejitolea kwenda sambamba na wakati wa kutengeneza mashine za mbao zenye ubora zaidi, zenye nguvu na zinazodumu kwa ajili ya wateja wetu.<\/p>    <p>Shuliy\u00a0Machinery inatarajia kushirikiana nawe!<\/p>    <figure class=\"wp-block-image size-full\"><img loading=\"lazy\" decoding=\"async\" width=\"720\" height=\"540\" src=\"https:\/\/hnwoodmachinery.com\/wp-content\/uploads\/2022\/09\/manufacturing-situation-.webp\" alt=\"tillverkningssituation\" class=\"wp-image-631\" title=\"tillverkningssituation\"\/><figcaption>Hali ya Utengenezaji<\/figcaption><\/figure>    <p><\/p>","protected":false},"excerpt":{"rendered":"<p>Shuliy\u00a0Machinery iko katika Zhengzhou, Mkoa wa Henan, Uchina. Ni mtengenezaji mkubwa wa mashine za kushughulikia mbao.<\/p>","protected":false},"author":1,"featured_media":0,"parent":0,"menu_order":0,"comment_status":"closed","ping_status":"closed","template":"","meta":{"footnotes":""},"class_list":["post-3","page","type-page","status-publish","hentry"],"_links":{"self":[{"href":"https:\/\/hnwoodmachinery.com\/sw\/wp-json\/wp\/v2\/pages\/3","targetHints":{"allow":["GET"]}}],"collection":[{"href":"https:\/\/hnwoodmachinery.com\/sw\/wp-json\/wp\/v2\/pages"}],"about":[{"href":"https:\/\/hnwoodmachinery.com\/sw\/wp-json\/wp\/v2\/types\/page"}],"author":[{"embeddable":true,"href":"https:\/\/hnwoodmachinery.com\/sw\/wp-json\/wp\/v2\/users\/1"}],"replies":[{"embeddable":true,"href":"https:\/\/hnwoodmachinery.com\/sw\/wp-json\/wp\/v2\/comments?post=3"}],"version-history":[{"count":0,"href":"https:\/\/hnwoodmachinery.com\/sw\/wp-json\/wp\/v2\/pages\/3\/revisions"}],"wp:attachment":[{"href":"https:\/\/hnwoodmachinery.com\/sw\/wp-json\/wp\/v2\/media?parent=3"}],"curies":[{"name":"wp","href":"https:\/\/api.w.org\/{rel}","templated":true}]}}