{"id":96,"date":"2022-07-18T09:02:16","date_gmt":"2022-07-18T09:02:16","guid":{"rendered":"https:\/\/hnwoodmachinery.com\/?post_type=product&#038;p=96"},"modified":"2024-09-27T18:30:34","modified_gmt":"2024-09-27T10:30:34","slug":"wood-hammer-mill","status":"publish","type":"product","link":"https:\/\/hnwoodmachinery.com\/pt\/product\/wood-hammer-mill\/","title":{"rendered":"Moinho de martelo de madeira Log industrial Triturador de martelo de madeira"},"content":{"rendered":"<div class=\"kk-star-ratings kksr-auto kksr-align-left kksr-valign-top\"     data-payload='{&quot;align&quot;:&quot;left&quot;,&quot;id&quot;:&quot;96&quot;,&quot;slug&quot;:&quot;default&quot;,&quot;valign&quot;:&quot;top&quot;,&quot;ignore&quot;:&quot;&quot;,&quot;reference&quot;:&quot;auto&quot;,&quot;class&quot;:&quot;&quot;,&quot;count&quot;:&quot;96&quot;,&quot;legendonly&quot;:&quot;&quot;,&quot;readonly&quot;:&quot;&quot;,&quot;score&quot;:&quot;4.8&quot;,&quot;starsonly&quot;:&quot;&quot;,&quot;best&quot;:&quot;5&quot;,&quot;gap&quot;:&quot;5&quot;,&quot;greet&quot;:&quot;Rate this product&quot;,&quot;legend&quot;:&quot;4.8\\\/5 - (96 votes)&quot;,&quot;size&quot;:&quot;24&quot;,&quot;title&quot;:&quot;Wood Hammer Mill Industrial Log Timber Hammermill Crusher&quot;,&quot;width&quot;:&quot;136.7&quot;,&quot;_legend&quot;:&quot;{score}\\\/{best} - ({count} {votes})&quot;,&quot;font_factor&quot;:&quot;1.25&quot;}'>              <div class=\"kksr-stars\">      <div class=\"kksr-stars-inactive\">             <div class=\"kksr-star\" data-star=\"1\" style=\"padding-right: 5px\">               <div class=\"kksr-icon\" style=\"width: 24px; height: 24px;\"><\/div>         <\/div>             <div class=\"kksr-star\" data-star=\"2\" style=\"padding-right: 5px\">               <div class=\"kksr-icon\" style=\"width: 24px; height: 24px;\"><\/div>         <\/div>             <div class=\"kksr-star\" data-star=\"3\" style=\"padding-right: 5px\">               <div class=\"kksr-icon\" style=\"width: 24px; height: 24px;\"><\/div>         <\/div>             <div class=\"kksr-star\" data-star=\"4\" style=\"padding-right: 5px\">               <div class=\"kksr-icon\" style=\"width: 24px; height: 24px;\"><\/div>         <\/div>             <div class=\"kksr-star\" data-star=\"5\" style=\"padding-right: 5px\">               <div class=\"kksr-icon\" style=\"width: 24px; height: 24px;\"><\/div>         <\/div>     <\/div>      <div class=\"kksr-stars-active\" style=\"width: 136.7px;\">             <div class=\"kksr-star\" style=\"padding-right: 5px\">               <div class=\"kksr-icon\" style=\"width: 24px; height: 24px;\"><\/div>         <\/div>             <div class=\"kksr-star\" style=\"padding-right: 5px\">               <div class=\"kksr-icon\" style=\"width: 24px; height: 24px;\"><\/div>         <\/div>             <div class=\"kksr-star\" style=\"padding-right: 5px\">               <div class=\"kksr-icon\" style=\"width: 24px; height: 24px;\"><\/div>         <\/div>             <div class=\"kksr-star\" style=\"padding-right: 5px\">               <div class=\"kksr-icon\" style=\"width: 24px; height: 24px;\"><\/div>         <\/div>             <div class=\"kksr-star\" style=\"padding-right: 5px\">               <div class=\"kksr-icon\" style=\"width: 24px; height: 24px;\"><\/div>         <\/div>     <\/div> <\/div>                   <div class=\"kksr-legend\" style=\"font-size: 19.2px;\">             4.8\/5 - (96 votos)    <\/div>     <\/div>  <p>O triturador de martelo para madeira \u00e9 reconhecido por fornecer taxas de britagem mais altas em uma ampla gama de materiais no setor industrial, alcan\u00e7ando uma produ\u00e7\u00e3o m\u00e1xima de 5 toneladas por hora. Produz material mais fino que 3\/16 pol. (4 mm). Seu design robusto e dur\u00e1vel permite a aplica\u00e7\u00e3o de maiores for\u00e7as, levando ao aumento da produtividade e ao mesmo tempo gerenciando o m\u00e1ximo tamanho e qualidade do produto final.<\/p>    <p>Este britador de martelo possui alta efici\u00eancia, estrutura simples, trabalho est\u00e1vel, baixo consumo de energia e baixo custo de processamento. Tamb\u00e9m pode ser usado para lascar palha, palha, papel\u00e3o, carv\u00e3o e outros materiais. Normalmente, o moinho de martelo para madeira \u00e9 comumente usado em linhas de produ\u00e7\u00e3o para esmagar ainda mais o material ap\u00f3s o processamento por picador de tambor ou triturador integrado.<\/p>    <figure class=\"wp-block-embed aligncenter is-type-video is-provider-youtube wp-block-embed-youtube wp-embed-aspect-16-9 wp-has-aspect-ratio\"><div class=\"wp-block-embed__wrapper\"> <iframe loading=\"lazy\" title=\"Triturador de martelo poderoso: uma \u00f3tima ferramenta para processamento eficiente de materiais residuais!#Marcenaria\" width=\"500\" height=\"281\" src=\"https:\/\/www.youtube.com\/embed\/yCIh8pMPPks?start=8&#038;feature=oembed\" frameborder=\"0\" allow=\"accelerometer; autoplay; clipboard-write; encrypted-media; gyroscope; picture-in-picture; web-share\" referrerpolicy=\"strict-origin-when-cross-origin\" allowfullscreen><\/iframe> <\/div><figcaption class=\"wp-element-caption\">local de trabalho da m\u00e1quina de moinho de martelo de madeira<\/figcaption><\/figure>    <h2 class=\"wp-block-heading\" id=\"h-brief-introduction-of-the-wood-hammer-mill\">M\u00e1quina de moinho de martelo de madeira personaliz\u00e1vel<\/h2>    <p>Existem v\u00e1rios modelos de moinhos de martelo para madeira projetados para v\u00e1rios n\u00edveis de produ\u00e7\u00e3o. Todos os britadores de martelo s\u00e3o equipados com ciclones, que coletam efetivamente a poeira e os detritos gerados durante a opera\u00e7\u00e3o. Esse recurso tamb\u00e9m ajuda a minimizar a polui\u00e7\u00e3o por poeira na \u00e1rea de produ\u00e7\u00e3o. <\/p>    <p>As m\u00e1quinas s\u00e3o normalmente movidas por um motor el\u00e9trico ou diesel, garantindo que possam atender aos diversos requisitos de energia dos clientes. <\/p>    <p>\u00c9 importante notar que os moinhos de martelo de madeira diferem dos trituradores de madeira, tanto nos tipos de materiais que processam quanto nas suas estruturas internas. Al\u00e9m disso, este equipamento opera com baixos n\u00edveis de ru\u00eddo, \u00e9 f\u00e1cil de usar e requer manuten\u00e7\u00e3o m\u00ednima.<\/p>    <figure class=\"wp-block-gallery has-nested-images columns-default is-cropped wp-block-gallery-2 is-layout-flex wp-block-gallery-is-layout-flex\"> <figure class=\"wp-block-image size-large\"><img loading=\"lazy\" decoding=\"async\" width=\"720\" height=\"540\" data-id=\"471\" src=\"https:\/\/hnwoodmachinery.com\/wp-content\/uploads\/2022\/09\/hammer-mill-crusher-0.webp\" alt=\"triturador de martelo\" class=\"wp-image-471\" title=\"triturador de martelo\"\/><figcaption class=\"wp-element-caption\">Triturador de martelo<\/figcaption><\/figure>    <figure class=\"wp-block-image size-large\"><img loading=\"lazy\" decoding=\"async\" width=\"720\" height=\"540\" data-id=\"472\" src=\"https:\/\/hnwoodmachinery.com\/wp-content\/uploads\/2022\/09\/wood-hammer-mill-.webp\" alt=\"triturador de martelo de madeira\" class=\"wp-image-472\" title=\"triturador de martelo de madeira\"\/><figcaption class=\"wp-element-caption\">Moinho de martelo de madeira<\/figcaption><\/figure> <\/figure>    <h2 class=\"wp-block-heading\">Recursos e benef\u00edcios da m\u00e1quina<\/h2>    <ul class=\"wp-block-list\"> <li>Grande abertura, design adapt\u00e1vel e vers\u00e1til. <\/li>    <li>V\u00e1rias configura\u00e7\u00f5es de rotor acomodam qualquer material.<\/li>    <li>As telas permitem o dimensionamento preciso do produto e s\u00e3o f\u00e1ceis de substituir. <\/li>    <li>As caixas com travamento positivo oferecem seguran\u00e7a adicional contra explos\u00e3o e poeira. <\/li>    <li>O revestimento de a\u00e7o resistente ao desgaste e as placas de britagem de mangan\u00eas fundido garantem uma longa vida \u00fatil. <\/li>    <li>Liga de a\u00e7o forjado e eixos extra-resistentes minimizam a vibra\u00e7\u00e3o e prolongam a vida \u00fatil do rolamento. <\/li> <\/ul>    <figure class=\"wp-block-gallery has-nested-images columns-default is-cropped wp-block-gallery-3 is-layout-flex wp-block-gallery-is-layout-flex\"> <figure class=\"wp-block-image size-large\"><img loading=\"lazy\" decoding=\"async\" width=\"720\" height=\"540\" data-id=\"1200\" src=\"https:\/\/hnwoodmachinery.com\/wp-content\/uploads\/2022\/07\/large-type-hammer-mill-crusher-manufacturer.webp\" alt=\"fabricante de triturador de martelo de grande porte\" class=\"wp-image-1200\" title=\"\" srcset=\"https:\/\/hnwoodmachinery.com\/wp-content\/uploads\/2022\/07\/large-type-hammer-mill-crusher-manufacturer.webp 720w, https:\/\/hnwoodmachinery.com\/wp-content\/uploads\/2022\/07\/large-type-hammer-mill-crusher-manufacturer-300x225.webp 300w, https:\/\/hnwoodmachinery.com\/wp-content\/uploads\/2022\/07\/large-type-hammer-mill-crusher-manufacturer-16x12.webp 16w\" sizes=\"auto, (max-width: 720px) 100vw, 720px\" \/><figcaption class=\"wp-element-caption\">Fabricante de britador de martelo tipo grande<\/figcaption><\/figure>    <figure class=\"wp-block-image size-large\"><img loading=\"lazy\" decoding=\"async\" width=\"720\" height=\"540\" data-id=\"1199\" src=\"https:\/\/hnwoodmachinery.com\/wp-content\/uploads\/2022\/07\/large-capacity-hammer-crushing-machine.webp\" alt=\"m\u00e1quina de esmagamento de martelo de grande capacidade\" class=\"wp-image-1199\" title=\"\" srcset=\"https:\/\/hnwoodmachinery.com\/wp-content\/uploads\/2022\/07\/large-capacity-hammer-crushing-machine.webp 720w, https:\/\/hnwoodmachinery.com\/wp-content\/uploads\/2022\/07\/large-capacity-hammer-crushing-machine-300x225.webp 300w, https:\/\/hnwoodmachinery.com\/wp-content\/uploads\/2022\/07\/large-capacity-hammer-crushing-machine-16x12.webp 16w\" sizes=\"auto, (max-width: 720px) 100vw, 720px\" \/><figcaption class=\"wp-element-caption\">M\u00e1quina trituradora de martelo de grande capacidade<\/figcaption><\/figure> <\/figure>    <h2 class=\"wp-block-heading\" id=\"h-application-range-of-wood-shaving-grinder\">Faixa de aplica\u00e7\u00e3o do moedor de martelo de madeira<\/h2>    <p class=\"translation-block\"><strong>Plantas aplic\u00e1veis<\/strong><\/p>    <p>Esta gama de equipamentos foi concebida para utiliza\u00e7\u00e3o m\u00f3vel. \u00c9 comumente utilizado na \u00e1rea de prepara\u00e7\u00e3o de pequenas e m\u00e9dias empresas fabricantes de pain\u00e9is de part\u00edculas e pain\u00e9is de fibra. Al\u00e9m disso, pode ser utilizado por fam\u00edlias individuais para a produ\u00e7\u00e3o de aparas de madeira comerciais.<\/p>    <p class=\"translation-block\"><strong>Mat\u00e9rias-primas e produtos acabados aplic\u00e1veis<\/strong><\/p>    <p class=\"translation-block\">O triturador de martelo \u00e9 projetado principalmente para processar v\u00e1rios tipos de madeira, incluindo pinho, madeira diversa, madeira de choupo, abeto e bambu cru. Esta m\u00e1quina \u00e9 particularmente adequada para o processamento de lascas de madeira em instala\u00e7\u00f5es de cultura de fungos comest\u00edveis. Adicionalmente, o triturador pode ser utilizado para produzir mat\u00e9rias-primas para <a href=\"https:\/\/en.wikipedia.org\/wiki\/Particle_board\" target=\"_blank\" rel=\"noopener\">painel de part\u00edculas<\/a>, painel de serradura e painel de alta densidade.<\/p>   <div class=\"wp-block-image\"> <figure class=\"aligncenter size-full\"><img loading=\"lazy\" decoding=\"async\" width=\"720\" height=\"540\" src=\"https:\/\/hnwoodmachinery.com\/wp-content\/uploads\/2022\/09\/finished-product-of-the-wood-shaving-grinder.webp\" alt=\"o produto acabado do moedor de lascas de madeira\" class=\"wp-image-474\" title=\"produto acabado do moedor de lascas de madeira\"\/><figcaption class=\"wp-element-caption\">o produto acabado do moedor de barbear de madeira<\/figcaption><\/figure> <\/div>   <h2 class=\"wp-block-heading\" id=\"h-working-principle-of-the-hammer-mill-wood-crusher\">Princ\u00edpio de funcionamento do triturador de madeira do moinho de martelo<\/h2>    <p>O triturador de madeira para moinho de martelo usa principalmente impacto para quebrar materiais. Quando o material entra na m\u00e1quina, ele \u00e9 esmagado pela for\u00e7a da cabe\u00e7a do martelo girat\u00f3rio de alta velocidade. Al\u00e9m disso, os materiais triturados colidem uns com os outros. <\/p>    <p>Atrav\u00e9s deste processo repetido de britagem, o material torna-se menor que os furos da tela e \u00e9 descarregado atrav\u00e9s das aberturas. Quaisquer peda\u00e7os maiores s\u00e3o socados novamente at\u00e9 que caibam na malha da tela. Em \u00faltima an\u00e1lise, o produto de tamanho de part\u00edcula desejado \u00e9 alcan\u00e7ado.<\/p>    <figure class=\"wp-block-embed aligncenter is-type-video is-provider-youtube wp-block-embed-youtube wp-embed-aspect-16-9 wp-has-aspect-ratio\"><div class=\"wp-block-embed__wrapper\"> <iframe loading=\"lazy\" title=\"Moinho de martelo para madeira\u4e28triturador de martelo para serragem de madeira\" width=\"500\" height=\"281\" src=\"https:\/\/www.youtube.com\/embed\/ZU7KSzZnOTI?feature=oembed\" frameborder=\"0\" allow=\"accelerometer; autoplay; clipboard-write; encrypted-media; gyroscope; picture-in-picture; web-share\" referrerpolicy=\"strict-origin-when-cross-origin\" allowfullscreen><\/iframe> <\/div><figcaption class=\"wp-element-caption\">m\u00e1quina trituradora de martelo para madeira<\/figcaption><\/figure>    <h2 class=\"wp-block-heading\" id=\"h-structure-of-the-hammer-wood-crusher\">Estrutura do martelo triturador de madeira<\/h2>    <p>O triturador de madeira de martelo inclui principalmente uma estrutura, carca\u00e7a, mesa de rolamento, mesa de faca fixa, tela e estrutura de tela. Toda a m\u00e1quina apresenta um design compacto, uma \u00e1rea de descarga de p\u00f3 expandida, capacidade de britagem eficaz e facilita a substitui\u00e7\u00e3o da peneira.<\/p>    <figure class=\"wp-block-gallery has-nested-images columns-default is-cropped wp-block-gallery-4 is-layout-flex wp-block-gallery-is-layout-flex\"> <figure class=\"wp-block-image size-large\"><img loading=\"lazy\" decoding=\"async\" width=\"720\" height=\"540\" data-id=\"478\" src=\"https:\/\/hnwoodmachinery.com\/wp-content\/uploads\/2022\/09\/hammer-mill-wood-crusher-.webp\" alt=\"moinho de martelo triturador de madeira\" class=\"wp-image-478\" title=\"moinho de martelo triturador de madeira\"\/><figcaption class=\"wp-element-caption\">Triturador de madeira para moinho de martelo<\/figcaption><\/figure>    <figure class=\"wp-block-image size-large\"><img loading=\"lazy\" decoding=\"async\" width=\"720\" height=\"540\" data-id=\"479\" src=\"https:\/\/hnwoodmachinery.com\/wp-content\/uploads\/2022\/09\/wood-hammer-mill\u2018s-hammer-.webp\" alt=\"martelo do triturador de martelo de madeira\" class=\"wp-image-479\" title=\"martelo do triturador de martelo de madeira\"\/><figcaption class=\"wp-element-caption\">Martelo de moinho de martelo de madeira<\/figcaption><\/figure> <\/figure>   <div class=\"wp-block-image\"> <figure class=\"aligncenter size-full\"><img loading=\"lazy\" decoding=\"async\" width=\"720\" height=\"540\" src=\"https:\/\/hnwoodmachinery.com\/wp-content\/uploads\/2022\/09\/hammer-wood-crusher\u2018s-structure-.webp\" alt=\"estrutura do triturador de madeira de martelo\" class=\"wp-image-476\" title=\"estrutura do triturador de madeira de martelo\"\/><figcaption class=\"wp-element-caption\">estrutura do triturador de madeira de martelo<\/figcaption><\/figure> <\/div>   <h2 class=\"wp-block-heading\" id=\"h-technical-parameters-of-the-hammer-mill-crusher\">Par\u00e2metros t\u00e9cnicos do britador de martelo<\/h2>    <figure class=\"wp-block-table is-style-stripes\"><table><tbody><tr><td><strong>Modelo<\/strong><\/td><td>SL-60<\/td><td>SL-70<\/td><td>SL-80<\/td><td>SL-90<\/td><td>SL-1000<\/td><td>SL-1300<\/td><\/tr><tr><td>Pot\u00eancia (kw)<\/td><td>22<\/td><td>30<\/td><td>37<\/td><td>55<\/td><td>75<\/td><td>90<\/td><\/tr><tr><td>Martelos (pe\u00e7as)<\/td><td>30<\/td><td>40<\/td><td>50<\/td><td>50<\/td><td>105<\/td><td>105<\/td><\/tr><tr><td>Ventilador (kw)<\/td><td><\/td><td><\/td><td>7.5<\/td><td>7.5<\/td><td>11<\/td><td>22<\/td><\/tr><tr><td>Removedor de poeira (pcs)<\/td><td>5<\/td><td>5<\/td><td>5<\/td><td>5<\/td><td>14<\/td><td>14<\/td><\/tr><tr><td>Di\u00e2metro do ciclone (m)<\/td><td>1<\/td><td>1<\/td><td>1<\/td><td>1<\/td><td>1<\/td><td>1<\/td><\/tr><tr><td>Capacidade (t\/h)<\/td><td>0.8-1<\/td><td>1-1.5<\/td><td>1.5-2<\/td><td>2-3<\/td><td>3-4<\/td><td>4-5<\/td><\/tr><\/tbody><\/table><figcaption class=\"wp-element-caption\">par\u00e2metro do triturador de martelo<\/figcaption><\/figure>    <h2 class=\"wp-block-heading\" id=\"h-the-difference-between-the-hammer-chip-crusher-and-the-wood-crusher\">Diferen\u00e7a entre moinho de martelo e triturador de madeira<\/h2>    <ol class=\"wp-block-list\"> <li>A apar\u00eancia das duas m\u00e1quinas \u00e9 ligeiramente diferente. O triturador de cavacos de martelo possui parafusos salientes na parte superior da carca\u00e7a da parte de britagem da m\u00e1quina, enquanto toda a carca\u00e7a do triturador de madeira \u00e9 lisa.<\/li>    <li>As telas das m\u00e1quinas s\u00e3o diferentes. A tela do moinho de martelos \u00e9 meio anel. A tela do triturador de madeira \u00e9 um c\u00edrculo completo.<\/li>    <li>O material \u00e9 diferente. O material manuseado pelo moinho de martelos \u00e9 madeira processada grosseiramente, cascas de coco, palha, papel\u00e3o, etc. O triturador de madeira geralmente lida com todos os tipos de madeira, t\u00e1buas, m\u00f3veis usados, etc.<\/li>    <li>A estrutura interna da m\u00e1quina \u00e9 diferente. Triturador de l\u00e2mina de martelo interno, principalmente l\u00e2mina de martelo, triturador de madeira interno, principalmente placa de faca, l\u00e2mina e l\u00e2mina de martelo.<\/li> <\/ol>    <p class=\"translation-block\">Para saber mais sobre trituradores de madeira, clique em <strong><em><a href=\"https:\/\/hnwoodmachinery.com\/pt\/product\/wood-shredder-machine\/\">M\u00e1quina Trituradora de Madeira para Produ\u00e7\u00e3o de Serradura<\/a><\/em><\/strong>.<\/p>    <h2 class=\"wp-block-heading\" id=\"h-successful-case\">Caso de sucesso<\/h2>    <p>Nosso cliente mora na Col\u00f4mbia e nos procurou depois de assistir ao nosso v\u00eddeo no YouTube. Durante nossas discuss\u00f5es, descobrimos que sua f\u00e1brica \u00e9 especializada na transforma\u00e7\u00e3o de diversos tipos de madeira. Recentemente, eles precisaram de um triturador para lidar com v\u00e1rios res\u00edduos de madeira. <\/p>    <p>Ap\u00f3s avaliar os requisitos de produ\u00e7\u00e3o do cliente, o nosso gerente de vendas sugeriu o modelo de moinho de martelos SL-WC700. O cliente ficou satisfeito com a recomenda\u00e7\u00e3o e decidiu, em \u00faltima an\u00e1lise, fazer um pedido de um.<\/p>    <figure class=\"wp-block-gallery has-nested-images columns-default is-cropped wp-block-gallery-5 is-layout-flex wp-block-gallery-is-layout-flex\"> <figure class=\"wp-block-image size-large\"><img loading=\"lazy\" decoding=\"async\" width=\"720\" height=\"540\" data-id=\"482\" src=\"https:\/\/hnwoodmachinery.com\/wp-content\/uploads\/2022\/09\/wooden-case-packing-of-the-Wood-hammer-mill-_.webp\" alt=\"embalagem em caixa de madeira do moinho de martelo de madeira \" class=\"wp-image-482\" title=\"embalagem em caixa de madeira do moinho de martelo de madeira \"\/><figcaption class=\"wp-element-caption\">Embalagem de caixa de madeira do moinho de martelo de madeira<\/figcaption><\/figure>    <figure class=\"wp-block-image size-large\"><img loading=\"lazy\" decoding=\"async\" width=\"720\" height=\"540\" data-id=\"481\" src=\"https:\/\/hnwoodmachinery.com\/wp-content\/uploads\/2022\/09\/shipping-of-the-hammer-chip-crusher-.webp\" alt=\"envio do triturador de lascas de martelo\" class=\"wp-image-481\" title=\"envio do triturador de lascas de martelo\"\/><figcaption class=\"wp-element-caption\">Transporte do triturador de cavacos de martelo<\/figcaption><\/figure> <\/figure>    <p>Entendemos que as necessidades de cada cliente s\u00e3o \u00fanicas e oferecemos servi\u00e7os personalizados um a um. Tem alguma pergunta? Sinta-se \u00e0 vontade para deixar uma mensagem no formul\u00e1rio \u00e0 direita e responderemos prontamente.<\/p>","protected":false},"excerpt":{"rendered":"<p>O triturador de martelo para madeira \u00e9 reconhecido por fornecer taxas de britagem mais altas em uma ampla gama de materiais no setor industrial, alcan\u00e7ando uma produ\u00e7\u00e3o m\u00e1xima de 5 toneladas\/h. Produz material mais fino que 3\/16 polegadas (4 mm). <\/p>","protected":false},"author":1,"featured_media":467,"parent":0,"template":"","tags":[36,37,35,40],"product-type":[7],"class_list":["post-96","product","type-product","status-publish","has-post-thumbnail","hentry","tag-log","tag-sawdust","tag-wood","tag-wood-chips","product-type-wood-crusher"],"_links":{"self":[{"href":"https:\/\/hnwoodmachinery.com\/pt\/wp-json\/wp\/v2\/product\/96","targetHints":{"allow":["GET"]}}],"collection":[{"href":"https:\/\/hnwoodmachinery.com\/pt\/wp-json\/wp\/v2\/product"}],"about":[{"href":"https:\/\/hnwoodmachinery.com\/pt\/wp-json\/wp\/v2\/types\/product"}],"author":[{"embeddable":true,"href":"https:\/\/hnwoodmachinery.com\/pt\/wp-json\/wp\/v2\/users\/1"}],"wp:featuredmedia":[{"embeddable":true,"href":"https:\/\/hnwoodmachinery.com\/pt\/wp-json\/wp\/v2\/media\/467"}],"wp:attachment":[{"href":"https:\/\/hnwoodmachinery.com\/pt\/wp-json\/wp\/v2\/media?parent=96"}],"wp:term":[{"taxonomy":"post_tag","embeddable":true,"href":"https:\/\/hnwoodmachinery.com\/pt\/wp-json\/wp\/v2\/tags?post=96"},{"taxonomy":"product-type","embeddable":true,"href":"https:\/\/hnwoodmachinery.com\/pt\/wp-json\/wp\/v2\/product-type?post=96"}],"curies":[{"name":"wp","href":"https:\/\/api.w.org\/{rel}","templated":true}]}}