{"id":94,"date":"2022-07-18T08:56:45","date_gmt":"2022-07-18T08:56:45","guid":{"rendered":"https:\/\/hnwoodmachinery.com\/?post_type=product&#038;p=94"},"modified":"2024-09-25T18:28:48","modified_gmt":"2024-09-25T10:28:48","slug":"wood-chips-making-machine","status":"publish","type":"product","link":"https:\/\/hnwoodmachinery.com\/pt\/product\/wood-chips-making-machine\/","title":{"rendered":"M\u00e1quina para fazer lascas de madeira, triturador de picador de madeira para venda"},"content":{"rendered":"<div class=\"kk-star-ratings kksr-auto kksr-align-left kksr-valign-top\"     data-payload='{&quot;align&quot;:&quot;left&quot;,&quot;id&quot;:&quot;94&quot;,&quot;slug&quot;:&quot;default&quot;,&quot;valign&quot;:&quot;top&quot;,&quot;ignore&quot;:&quot;&quot;,&quot;reference&quot;:&quot;auto&quot;,&quot;class&quot;:&quot;&quot;,&quot;count&quot;:&quot;84&quot;,&quot;legendonly&quot;:&quot;&quot;,&quot;readonly&quot;:&quot;&quot;,&quot;score&quot;:&quot;4.8&quot;,&quot;starsonly&quot;:&quot;&quot;,&quot;best&quot;:&quot;5&quot;,&quot;gap&quot;:&quot;5&quot;,&quot;greet&quot;:&quot;Rate this product&quot;,&quot;legend&quot;:&quot;4.8\\\/5 - (84 votes)&quot;,&quot;size&quot;:&quot;24&quot;,&quot;title&quot;:&quot;Wood Chips Making Machine Timber Chipper Shredder For Sale&quot;,&quot;width&quot;:&quot;136.7&quot;,&quot;_legend&quot;:&quot;{score}\\\/{best} - ({count} {votes})&quot;,&quot;font_factor&quot;:&quot;1.25&quot;}'>              <div class=\"kksr-stars\">      <div class=\"kksr-stars-inactive\">             <div class=\"kksr-star\" data-star=\"1\" style=\"padding-right: 5px\">               <div class=\"kksr-icon\" style=\"width: 24px; height: 24px;\"><\/div>         <\/div>             <div class=\"kksr-star\" data-star=\"2\" style=\"padding-right: 5px\">               <div class=\"kksr-icon\" style=\"width: 24px; height: 24px;\"><\/div>         <\/div>             <div class=\"kksr-star\" data-star=\"3\" style=\"padding-right: 5px\">               <div class=\"kksr-icon\" style=\"width: 24px; height: 24px;\"><\/div>         <\/div>             <div class=\"kksr-star\" data-star=\"4\" style=\"padding-right: 5px\">               <div class=\"kksr-icon\" style=\"width: 24px; height: 24px;\"><\/div>         <\/div>             <div class=\"kksr-star\" data-star=\"5\" style=\"padding-right: 5px\">               <div class=\"kksr-icon\" style=\"width: 24px; height: 24px;\"><\/div>         <\/div>     <\/div>      <div class=\"kksr-stars-active\" style=\"width: 136.7px;\">             <div class=\"kksr-star\" style=\"padding-right: 5px\">               <div class=\"kksr-icon\" style=\"width: 24px; height: 24px;\"><\/div>         <\/div>             <div class=\"kksr-star\" style=\"padding-right: 5px\">               <div class=\"kksr-icon\" style=\"width: 24px; height: 24px;\"><\/div>         <\/div>             <div class=\"kksr-star\" style=\"padding-right: 5px\">               <div class=\"kksr-icon\" style=\"width: 24px; height: 24px;\"><\/div>         <\/div>             <div class=\"kksr-star\" style=\"padding-right: 5px\">               <div class=\"kksr-icon\" style=\"width: 24px; height: 24px;\"><\/div>         <\/div>             <div class=\"kksr-star\" style=\"padding-right: 5px\">               <div class=\"kksr-icon\" style=\"width: 24px; height: 24px;\"><\/div>         <\/div>     <\/div> <\/div>                   <div class=\"kksr-legend\" style=\"font-size: 19.2px;\">             4,8\/5 - (84 votos)    <\/div>     <\/div>  <p>A m\u00e1quina para fabricar cavacos de madeira tipo disco cria cavacos de madeira de alta qualidade que atendem aos requisitos espec\u00edficos de diferentes ind\u00fastrias. Pode ser utilizado em diversas aplica\u00e7\u00f5es, incluindo pain\u00e9is, serrarias, produ\u00e7\u00e3o de celulose e papel e setor de bioenergia. <\/p>    <p>Fornecemos uma sele\u00e7\u00e3o diversificada de di\u00e2metros de disco para atender a todas as necessidades. Al\u00e9m disso, o n\u00famero de facas nos discos pode ser ajustado de acordo com a necessidade de cada aplica\u00e7\u00e3o. Nossas m\u00e1quinas podem processar at\u00e9 650 m\u00b3 de cavacos de madeira por hora, com comprimentos de cavacos ajust\u00e1veis \u200b\u200bque variam de 20 a 50 mm.<\/p>    <figure class=\"wp-block-embed aligncenter is-type-video is-provider-youtube wp-block-embed-youtube wp-embed-aspect-16-9 wp-has-aspect-ratio\"><div class=\"wp-block-embed__wrapper\"> <iframe loading=\"lazy\" title=\"Poderoso triturador industrial de madeira em a\u00e7\u00e3o: transformando toras em madeira lascada!#wood\" width=\"500\" height=\"281\" src=\"https:\/\/www.youtube.com\/embed\/STHJCMPGEbI?feature=oembed\" frameborder=\"0\" allow=\"accelerometer; autoplay; clipboard-write; encrypted-media; gyroscope; picture-in-picture; web-share\" referrerpolicy=\"strict-origin-when-cross-origin\" allowfullscreen><\/iframe> <\/div><figcaption class=\"wp-element-caption\">lascas de madeira industriais que fazem o local de trabalho da m\u00e1quina<\/figcaption><\/figure>    <p>A m\u00e1quina tem uma estrutura razo\u00e1vel e confi\u00e1vel, f\u00e1cil opera\u00e7\u00e3o, boa qualidade de material acabado e alto rendimento, o que a torna m\u00e1quinas e equipamentos de lascamento de alta qualidade. Desde a sua exporta\u00e7\u00e3o, o nosso picador de disco tem sido amplamente vendido para os EUA, Filipinas, Uganda, Mal\u00e1sia, Singapura, Z\u00e2mbia e outros pa\u00edses.<\/p>    <h2 class=\"wp-block-heading\" id=\"h-shuliy-machinery-s-wood-chips-making-machine\">M\u00e1quina de fazer lascas de madeira personaliz\u00e1vel<\/h2>    <p>Nossa m\u00e1quina para fabricar cavacos de madeira \u00e9 vers\u00e1til e vem em v\u00e1rios modelos para atender \u00e0s diversas necessidades de produ\u00e7\u00e3o de nossos clientes. O picador pode ser movido por motor el\u00e9trico ou diesel. <\/p>    <p>Tamb\u00e9m oferecemos op\u00e7\u00f5es de personaliza\u00e7\u00e3o, como ajuste de altura e formato da sa\u00edda, adi\u00e7\u00e3o de racks e rodas e incorpora\u00e7\u00e3o de esteiras transportadoras. Essa flexibilidade nos permite atender \u00e0s necessidades exclusivas de cada cliente.<\/p>    <figure class=\"wp-block-gallery has-nested-images columns-default is-cropped wp-block-gallery-2 is-layout-flex wp-block-gallery-is-layout-flex\"> <figure class=\"wp-block-image size-large\"><img loading=\"lazy\" decoding=\"async\" width=\"720\" height=\"540\" data-id=\"459\" src=\"https:\/\/hnwoodmachinery.com\/wp-content\/uploads\/2022\/09\/wood-chipper-0.webp\" alt=\"picador de madeira\" class=\"wp-image-459\" title=\"picador de madeira\"\/><figcaption class=\"wp-element-caption\">Picador de madeira<\/figcaption><\/figure>    <figure class=\"wp-block-image size-large\"><img loading=\"lazy\" decoding=\"async\" width=\"720\" height=\"540\" data-id=\"458\" src=\"https:\/\/hnwoodmachinery.com\/wp-content\/uploads\/2022\/09\/wood-chipping-machine-0.webp\" alt=\"m\u00e1quina de lascar madeira\" class=\"wp-image-458\" title=\"m\u00e1quina de lascar madeira\"\/><figcaption class=\"wp-element-caption\">M\u00e1quina de lascar madeira<\/figcaption><\/figure> <\/figure>    <p>Uma m\u00e1quina m\u00f3vel para fazer aparas de madeira apresenta um design compacto e eficiente, tornando-a f\u00e1cil de operar. Oferece grande capacidade de produ\u00e7\u00e3o, produz cavacos de madeira de alta qualidade e consome baixo consumo de energia, sendo a escolha perfeita para quem deseja produzir cavacos de madeira de primeira linha.<\/p>    <figure class=\"wp-block-gallery has-nested-images columns-default is-cropped wp-block-gallery-3 is-layout-flex wp-block-gallery-is-layout-flex\"> <figure class=\"wp-block-image size-large\"><img loading=\"lazy\" decoding=\"async\" width=\"720\" height=\"540\" data-id=\"1118\" src=\"https:\/\/hnwoodmachinery.com\/wp-content\/uploads\/2022\/07\/mobile-type-diesel-wood-chipper.webp\" alt=\"picador de madeira a diesel tipo m\u00f3vel\" class=\"wp-image-1118\" title=\"\" srcset=\"https:\/\/hnwoodmachinery.com\/wp-content\/uploads\/2022\/07\/mobile-type-diesel-wood-chipper.webp 720w, https:\/\/hnwoodmachinery.com\/wp-content\/uploads\/2022\/07\/mobile-type-diesel-wood-chipper-300x225.webp 300w, https:\/\/hnwoodmachinery.com\/wp-content\/uploads\/2022\/07\/mobile-type-diesel-wood-chipper-16x12.webp 16w\" sizes=\"auto, (max-width: 720px) 100vw, 720px\" \/><figcaption class=\"wp-element-caption\">Triturador de madeira diesel tipo m\u00f3vel<\/figcaption><\/figure>    <figure class=\"wp-block-image size-large\"><img loading=\"lazy\" decoding=\"async\" width=\"720\" height=\"540\" data-id=\"1117\" src=\"https:\/\/hnwoodmachinery.com\/wp-content\/uploads\/2022\/07\/disc-wood-chipper-with-wheels.webp\" alt=\"picador de madeira pequeno com rodas\" class=\"wp-image-1117\" title=\"\" srcset=\"https:\/\/hnwoodmachinery.com\/wp-content\/uploads\/2022\/07\/disc-wood-chipper-with-wheels.webp 720w, https:\/\/hnwoodmachinery.com\/wp-content\/uploads\/2022\/07\/disc-wood-chipper-with-wheels-300x225.webp 300w, https:\/\/hnwoodmachinery.com\/wp-content\/uploads\/2022\/07\/disc-wood-chipper-with-wheels-16x12.webp 16w\" sizes=\"auto, (max-width: 720px) 100vw, 720px\" \/><figcaption class=\"wp-element-caption\">Picador de madeira pequeno com rodas<\/figcaption><\/figure> <\/figure>    <h2 class=\"wp-block-heading\" id=\"h-structure-of-wood-chipper\">Estrutura do picador de madeira tipo disco<\/h2>    <p>A m\u00e1quina para fabricar cavacos de madeira consiste em v\u00e1rios componentes principais, incluindo um cortador, l\u00e2mina, base de rolamento, caixa de rolamento, rolamentos, correia, polia, motor ou motor diesel, eixo grande e carca\u00e7a. <\/p>    <p>O picador de disco permite ajustes na l\u00e2mina picadora, possibilitando a produ\u00e7\u00e3o de cavacos de madeira em diversas especifica\u00e7\u00f5es e espessuras. Al\u00e9m disso, o comprimento das aparas de madeira pode ser modificado dentro de uma faixa designada.<\/p>    <figure class=\"wp-block-gallery has-nested-images columns-default is-cropped wp-block-gallery-4 is-layout-flex wp-block-gallery-is-layout-flex\"> <figure class=\"wp-block-image size-large\"><img loading=\"lazy\" decoding=\"async\" width=\"720\" height=\"540\" data-id=\"462\" src=\"https:\/\/hnwoodmachinery.com\/wp-content\/uploads\/2022\/09\/blade-0.webp\" alt=\"l\u00e2mina\" class=\"wp-image-462\" title=\"l\u00e2mina\"\/><figcaption class=\"wp-element-caption\">L\u00e2mina<\/figcaption><\/figure>    <figure class=\"wp-block-image size-large\"><img loading=\"lazy\" decoding=\"async\" width=\"720\" height=\"540\" data-id=\"461\" src=\"https:\/\/hnwoodmachinery.com\/wp-content\/uploads\/2022\/09\/cut-head-0.webp\" alt=\"L\u00e2minas esmagadoras\" class=\"wp-image-461\" title=\"cortar cabe\u00e7a \"\/><figcaption class=\"wp-element-caption\">L\u00e2minas Esmagadoras<\/figcaption><\/figure> <\/figure>    <h2 class=\"wp-block-heading\" id=\"h-the-working-principle-of-the-wood-chipper-shredder\">Princ\u00edpio de funcionamento do triturador de madeira<\/h2>    <p>A m\u00e1quina para fazer aparas de madeira opera com base no princ\u00edpio de corte de uma l\u00e2mina. Quando o motor ou motor diesel \u00e9 ligado, ele utiliza uma transmiss\u00e3o por correia para acionar o disco cortador montado no fuso, fazendo com que as l\u00e2minas fixadas ao disco girem continuamente. <\/p>    <p>A madeira \u00e9 alimentada na porta de alimenta\u00e7\u00e3o, onde \u00e9 cortada em cavacos de madeira pelo disco de corte rotativo e pelas l\u00e2minas, que ent\u00e3o saem pela porta de descarga.<\/p>    <figure class=\"wp-block-embed aligncenter is-type-video is-provider-youtube wp-block-embed-youtube wp-embed-aspect-16-9 wp-has-aspect-ratio\"><div class=\"wp-block-embed__wrapper\"> <iframe loading=\"lazy\" title=\"Triturador de madeira pequeno e eficiente: observe nosso triturador tipo disco compacto em a\u00e7\u00e3o! # picador de madeira\" width=\"500\" height=\"281\" src=\"https:\/\/www.youtube.com\/embed\/cKdPj8JPIjY?feature=oembed\" frameborder=\"0\" allow=\"accelerometer; autoplay; clipboard-write; encrypted-media; gyroscope; picture-in-picture; web-share\" referrerpolicy=\"strict-origin-when-cross-origin\" allowfullscreen><\/iframe> <\/div><figcaption class=\"wp-element-caption\">v\u00eddeo de funcionamento da m\u00e1quina de fazer lascas de madeira port\u00e1til<\/figcaption><\/figure>    <h2 class=\"wp-block-heading\" id=\"h-application-range-of-wood-chipper-machine\">Faixa de aplica\u00e7\u00e3o da m\u00e1quina picadora de madeira<\/h2>    <p class=\"translation-block\"><strong>Materiais aplic\u00e1veis<\/strong><\/p>    <p>Mat\u00e9rias-primas pequenas e grandes, incluindo toras, folheado de madeira, folheado, bambu, galhos de madeira, talos de milho, talos de algod\u00e3o e juncos podem ser lascados.<\/p>    <p class=\"translation-block\"><strong>Aplica\u00e7\u00e3o dos produtos acabados<\/strong><\/p>    <p class=\"translation-block\">As aparas de madeira processadas podem ser usadas para <a href=\"https:\/\/en.wikipedia.org\/wiki\/Papermaking\" target=\"_blank\" rel=\"noopener\">fabrica\u00e7\u00e3o de papel<\/a>, fabrica\u00e7\u00e3o de pain\u00e9is e como combust\u00edvel de biomassa para gera\u00e7\u00e3o de energia.<\/p>   <div class=\"wp-block-image\"> <figure class=\"aligncenter size-full\"><img loading=\"lazy\" decoding=\"async\" width=\"720\" height=\"540\" src=\"https:\/\/hnwoodmachinery.com\/wp-content\/uploads\/2022\/09\/using-scope-0.webp\" alt=\"usando o escopo da m\u00e1quina de fazer aparas de madeira\" class=\"wp-image-464\" title=\"usando o escopo da m\u00e1quina de fazer aparas de madeira\"\/><figcaption class=\"wp-element-caption\">usando o escopo da m\u00e1quina de fazer aparas de madeira<\/figcaption><\/figure> <\/div>   <h2 class=\"wp-block-heading\">Vantagens do picador de madeira industrial<\/h2>    <ul class=\"wp-block-list\"> <li>O design robusto da m\u00e1quina permite uma f\u00e1cil manuten\u00e7\u00e3o, e suas pe\u00e7as desgastadas podem ser substitu\u00eddas para garantir uma longa vida \u00fatil e uma disponibilidade \u00f3tima. <\/li>    <li>Os comprimentos das ferramentas podem ser ajustados com parafusos antes da instala\u00e7\u00e3o, garantindo comprimentos precisos das ferramentas e facilitando trocas r\u00e1pidas e f\u00e1ceis de ferramentas. <\/li>    <li>A calha de alimenta\u00e7\u00e3o \u00e9 soldada ou aparafusada \u00e0 carca\u00e7a do fatiador e possui placas de desgaste substitu\u00edveis. <\/li>    <li>Ele vem com facas que s\u00e3o facilmente ajust\u00e1veis \u200b\u200be substitu\u00edveis.<\/li> <\/ul>    <h2 class=\"wp-block-heading\" id=\"h-parameters-of-the-wood-chipper-shredder\">Par\u00e2metros t\u00e9cnicos do triturador de madeira<\/h2>    <figure class=\"wp-block-table is-style-stripes\"><table><tbody><tr><td>Modelo<\/td><td>Rendimento(T)<\/td><td>Pot\u00eancia de suporte (KW)<\/td><td>Peso \u00fanico (kg)<\/td><td>Velocidade do fuso (r\/min)<\/td><td>N\u00famero da l\u00e2mina<\/td><td>Tamanho da entrada de alimenta\u00e7\u00e3o (mm)<\/td><\/tr><tr><td>SL-400<\/td><td>1<\/td><td>7.5<\/td><td>160<\/td><td>650<\/td><td>3<\/td><td>150\u00d7150<\/td><\/tr><tr><td>SL-600<\/td><td>2<\/td><td>15<\/td><td>380<\/td><td>600<\/td><td>3<\/td><td>180\u00d7150<\/td><\/tr><tr><td>SL-800<\/td><td>5<\/td><td>30<\/td><td>520<\/td><td>550<\/td><td>4<\/td><td>200\u00d7200<\/td><\/tr><tr><td>SL-1000<\/td><td>8<\/td><td>37<\/td><td>950<\/td><td>550<\/td><td>4-6<\/td><td>230\u00d7250<\/td><\/tr><tr><td>SL-1200<\/td><td>12<\/td><td>75<\/td><td>2000<\/td><td>500<\/td><td>4-6<\/td><td>330\u00d7300<\/td><\/tr><tr><td>SL-1400<\/td><td>15-16<\/td><td>110<\/td><td>2800<\/td><td>500<\/td><td>4-6<\/td><td>400\u00d7400<\/td><\/tr><tr><td>SL-1600<\/td><td>20<\/td><td>132<\/td><td>4600<\/td><td>500<\/td><td>4-6<\/td><td>480\u00d7450<\/td><\/tr><tr><td>SL-1800<\/td><td>25<\/td><td>160<\/td><td>6500<\/td><td>500<\/td><td>4-6<\/td><td>550\u00d7550<\/td><\/tr><\/tbody><\/table><figcaption class=\"wp-element-caption\">dados t\u00e9cnicos da m\u00e1quina de picar madeira<\/figcaption><\/figure>    <h2 class=\"wp-block-heading\" id=\"h-maintenance-of-commercial-wood-chipping-machine\">Manuten\u00e7\u00e3o de m\u00e1quina comercial de picar madeira<\/h2>    <ul class=\"wp-block-list\"> <li>Antes de o picador funcionar, \u00e9 imprescind\u00edvel ench\u00ea-lo com \u00f3leo lubrificante para garantir o bom funcionamento da m\u00e1quina.<\/li>    <li>Al\u00e9m disso, antes de ligar a m\u00e1quina, \u00e9 importante verificar se h\u00e1 desgaste nas pe\u00e7as, bem como garantir que todos os componentes estejam devidamente apertados.<\/li>    <li>A m\u00e1quina para fabricar cavacos de madeira deve ser alimentada uniformemente para manter a qualidade do processo de britagem e a produ\u00e7\u00e3o. \u00c9 estritamente proibido sobrecarregar a m\u00e1quina para garantir o seu bom funcionamento.<\/li>    <li>Ao usar o picador, evite alterar as configura\u00e7\u00f5es de pot\u00eancia e velocidade e mantenha um \u00e2ngulo consistente para a faca de moagem.<\/li> <\/ul>   <div class=\"wp-block-image\"> <figure class=\"aligncenter size-full\"><img loading=\"lazy\" decoding=\"async\" width=\"720\" height=\"540\" src=\"https:\/\/hnwoodmachinery.com\/wp-content\/uploads\/2022\/09\/commercial-wood-chipps-making-machine-0.webp\" alt=\"m\u00e1quina comercial para fazer lascas de madeira\" class=\"wp-image-466\" title=\"m\u00e1quina de fabrica\u00e7\u00e3o de lascas de madeira comercial\"\/><figcaption class=\"wp-element-caption\">m\u00e1quina comercial para fazer lascas de madeira<\/figcaption><\/figure> <\/div>   <p class=\"translation-block\">Al\u00e9m desta m\u00e1quina, a nossa f\u00e1brica tamb\u00e9m processa picadores de madeira de grande capacidade. Para mais detalhes, clique em <a href=\"https:\/\/hnwoodmachinery.com\/pt\/product\/drum-wood-chipper\/\"><strong><em>M\u00e1quina de fabrico de aparas de madeira comercial com picador de tambor<\/em><\/strong><\/a>. Se estiver interessado, n\u00e3o hesite em contactar-nos para mais informa\u00e7\u00f5es e or\u00e7amentos de m\u00e1quinas. Aguardamos com expectativa a coopera\u00e7\u00e3o consigo.<\/p>","protected":false},"excerpt":{"rendered":"<p>A m\u00e1quina para fabricar cavacos de madeira tipo disco cria cavacos de madeira que aderem a diferentes ind\u00fastrias. Pode ser utilizado em diversas aplica\u00e7\u00f5es, incluindo pain\u00e9is, serrarias, produ\u00e7\u00e3o de celulose e papel. <\/p>","protected":false},"author":1,"featured_media":456,"parent":0,"template":"","tags":[36,35,40],"product-type":[9],"class_list":["post-94","product","type-product","status-publish","has-post-thumbnail","hentry","tag-log","tag-wood","tag-wood-chips","product-type-wood-chipper"],"_links":{"self":[{"href":"https:\/\/hnwoodmachinery.com\/pt\/wp-json\/wp\/v2\/product\/94","targetHints":{"allow":["GET"]}}],"collection":[{"href":"https:\/\/hnwoodmachinery.com\/pt\/wp-json\/wp\/v2\/product"}],"about":[{"href":"https:\/\/hnwoodmachinery.com\/pt\/wp-json\/wp\/v2\/types\/product"}],"author":[{"embeddable":true,"href":"https:\/\/hnwoodmachinery.com\/pt\/wp-json\/wp\/v2\/users\/1"}],"wp:featuredmedia":[{"embeddable":true,"href":"https:\/\/hnwoodmachinery.com\/pt\/wp-json\/wp\/v2\/media\/456"}],"wp:attachment":[{"href":"https:\/\/hnwoodmachinery.com\/pt\/wp-json\/wp\/v2\/media?parent=94"}],"wp:term":[{"taxonomy":"post_tag","embeddable":true,"href":"https:\/\/hnwoodmachinery.com\/pt\/wp-json\/wp\/v2\/tags?post=94"},{"taxonomy":"product-type","embeddable":true,"href":"https:\/\/hnwoodmachinery.com\/pt\/wp-json\/wp\/v2\/product-type?post=94"}],"curies":[{"name":"wp","href":"https:\/\/api.w.org\/{rel}","templated":true}]}}