{"id":832,"date":"2023-03-21T14:48:03","date_gmt":"2023-03-21T06:48:03","guid":{"rendered":"https:\/\/hnwoodmachinery.com\/?post_type=product&#038;p=832"},"modified":"2023-03-21T14:53:14","modified_gmt":"2023-03-21T06:53:14","slug":"wood-pellet-production-line","status":"publish","type":"product","link":"https:\/\/hnwoodmachinery.com\/pt\/product\/wood-pellet-production-line\/","title":{"rendered":"Linha de produ\u00e7\u00e3o de pellets de madeira para combust\u00edvel de biomassa"},"content":{"rendered":"<div class=\"kk-star-ratings kksr-auto kksr-align-left kksr-valign-top\"     data-payload='{&quot;align&quot;:&quot;left&quot;,&quot;id&quot;:&quot;832&quot;,&quot;slug&quot;:&quot;default&quot;,&quot;valign&quot;:&quot;top&quot;,&quot;ignore&quot;:&quot;&quot;,&quot;reference&quot;:&quot;auto&quot;,&quot;class&quot;:&quot;&quot;,&quot;count&quot;:&quot;24&quot;,&quot;legendonly&quot;:&quot;&quot;,&quot;readonly&quot;:&quot;&quot;,&quot;score&quot;:&quot;4.8&quot;,&quot;starsonly&quot;:&quot;&quot;,&quot;best&quot;:&quot;5&quot;,&quot;gap&quot;:&quot;5&quot;,&quot;greet&quot;:&quot;Rate this product&quot;,&quot;legend&quot;:&quot;4.8\\\/5 - (24 votes)&quot;,&quot;size&quot;:&quot;24&quot;,&quot;title&quot;:&quot;Wood pellet production line for biomass fuel&quot;,&quot;width&quot;:&quot;136.7&quot;,&quot;_legend&quot;:&quot;{score}\\\/{best} - ({count} {votes})&quot;,&quot;font_factor&quot;:&quot;1.25&quot;}'>              <div class=\"kksr-stars\">      <div class=\"kksr-stars-inactive\">             <div class=\"kksr-star\" data-star=\"1\" style=\"padding-right: 5px\">               <div class=\"kksr-icon\" style=\"width: 24px; height: 24px;\"><\/div>         <\/div>             <div class=\"kksr-star\" data-star=\"2\" style=\"padding-right: 5px\">               <div class=\"kksr-icon\" style=\"width: 24px; height: 24px;\"><\/div>         <\/div>             <div class=\"kksr-star\" data-star=\"3\" style=\"padding-right: 5px\">               <div class=\"kksr-icon\" style=\"width: 24px; height: 24px;\"><\/div>         <\/div>             <div class=\"kksr-star\" data-star=\"4\" style=\"padding-right: 5px\">               <div class=\"kksr-icon\" style=\"width: 24px; height: 24px;\"><\/div>         <\/div>             <div class=\"kksr-star\" data-star=\"5\" style=\"padding-right: 5px\">               <div class=\"kksr-icon\" style=\"width: 24px; height: 24px;\"><\/div>         <\/div>     <\/div>      <div class=\"kksr-stars-active\" style=\"width: 136.7px;\">             <div class=\"kksr-star\" style=\"padding-right: 5px\">               <div class=\"kksr-icon\" style=\"width: 24px; height: 24px;\"><\/div>         <\/div>             <div class=\"kksr-star\" style=\"padding-right: 5px\">               <div class=\"kksr-icon\" style=\"width: 24px; height: 24px;\"><\/div>         <\/div>             <div class=\"kksr-star\" style=\"padding-right: 5px\">               <div class=\"kksr-icon\" style=\"width: 24px; height: 24px;\"><\/div>         <\/div>             <div class=\"kksr-star\" style=\"padding-right: 5px\">               <div class=\"kksr-icon\" style=\"width: 24px; height: 24px;\"><\/div>         <\/div>             <div class=\"kksr-star\" style=\"padding-right: 5px\">               <div class=\"kksr-icon\" style=\"width: 24px; height: 24px;\"><\/div>         <\/div>     <\/div> <\/div>                   <div class=\"kksr-legend\" style=\"font-size: 19.2px;\">             4.8\/5 - (24 votos)    <\/div>     <\/div>  <p>linha de produ\u00e7\u00e3o de pellets de madeira combust\u00edvel de biomassa<\/p>    <p>A linha de produ\u00e7\u00e3o de pellets de aparas de madeira \u00e9 dedicada \u00e0 produ\u00e7\u00e3o de pellets de aparas de madeira para combust\u00edvel de biomassa. Sendo um novo tipo de combust\u00edvel amigo do ambiente, existe uma procura crescente por pellets de madeira. Al\u00e9m disso, os pellets de madeira possuem baixo ponto de igni\u00e7\u00e3o, alta densidade de energia e longo tempo de queima. Portanto, cada vez mais pessoas est\u00e3o investindo na ind\u00fastria de produ\u00e7\u00e3o de pellets de madeira.<\/p>    <p>Como fabricante profissional de m\u00e1quinas para madeira, Shuli pode fornecer consultoria profissional sobre linhas de produ\u00e7\u00e3o. Sinta-se \u00e0 vontade para nos procurar para obter mais informa\u00e7\u00f5es!<\/p>    <h2 class=\"wp-block-heading\">O que \u00e9 uma linha de produ\u00e7\u00e3o de pellets de madeira?<\/h2>    <p>Embora os equipamentos espec\u00edficos de cada linha de produ\u00e7\u00e3o de pellets de madeira sejam diferentes, as seguintes m\u00e1quinas s\u00e3o os equipamentos que devem ser inclu\u00eddos na linha de produ\u00e7\u00e3o.<\/p>    <ol class=\"wp-block-list\"> <li>Moinho de martelo ou triturador. Em geral, a mat\u00e9ria-prima n\u00e3o atende aos requisitos de tamanho para a fabrica\u00e7\u00e3o de pellets de madeira. Portanto, precisamos de um moinho de martelos para processar a mat\u00e9ria-prima no tamanho desejado.<\/li>    <li>Secadores tamb\u00e9m s\u00e3o necess\u00e1rios para a linha. A secadora pode processar as aparas de madeira at\u00e9 o n\u00edvel certo de secura.<\/li>    <li>O peletizador de cavacos de madeira \u00e9 o componente principal da linha de produ\u00e7\u00e3o de pellets de cavacos de madeira. Ele processa o material em pellets. Um resfriador de pellets e uma m\u00e1quina de embalagem podem ser adicionados posteriormente de acordo com as necessidades do cliente.<\/li>    <li>Para poder conectar e transportar o material \u00e0s diversas m\u00e1quinas. A linha de produ\u00e7\u00e3o incluir\u00e1 uma correia transportadora, o que economiza muita m\u00e3o de obra.<\/li> <\/ol>    <h2 class=\"wp-block-heading\">Quais s\u00e3o as mat\u00e9rias-primas movimentadas pela linha de pellets de madeira?<\/h2>    <p>A linha de produ\u00e7\u00e3o de pellets de cavacos de madeira pode processar uma ampla gama de mat\u00e9rias-primas, como madeira, cascas de amendoim, baga\u00e7o, palha, serragem, cascas de caf\u00e9, palha, talos de girassol, talos de algod\u00e3o, res\u00edduos de tabaco, fibras de bambu, cascas de palma, cascas de soja, cascas de coco, etc.<\/p>    <h2 class=\"wp-block-heading\">Aplica\u00e7\u00e3o de pellets de aparas de madeira<\/h2>    <p>Pellets de madeira s\u00e3o geralmente usados \u200b\u200bcomo combust\u00edvel. Pode ser utilizado na produ\u00e7\u00e3o industrial e agr\u00edcola, gera\u00e7\u00e3o de energia, aquecimento, caldeiras, cozinha, etc. A energia \u00e9 ecologicamente correta e limpa, e o baixo custo \u00e9 o combust\u00edvel ideal para energia.<\/p>    <h2 class=\"wp-block-heading\">Tipos de linhas de produ\u00e7\u00e3o de peletizadoras de cavacos de madeira de Shuri<\/h2>    <p>Produzimos m\u00e1quinas com diferentes capacidades, bem como diversas m\u00e1quinas auxiliares. Como cada cliente exige uma produ\u00e7\u00e3o e necessidades diferentes, forneceremos a linha de pellets de madeira certa para cada caso.<\/p>    <p>A maioria das linhas de produ\u00e7\u00e3o de pellets inclui m\u00e1quinas como moinhos de martelo ou trituradores, transportadores, secadores, resfriadores de pellets, m\u00e1quinas de embalagem, etc.<\/p>    <h2 class=\"wp-block-heading\">Etapas de trabalho de uma linha de produ\u00e7\u00e3o de pellets.<\/h2>    <ol class=\"wp-block-list\"> <li>Primeiro, o picador de madeira ou o triturador de madeira com martelo processar\u00e1 primeiro a mat\u00e9ria-prima em um tamanho adequado. Tamb\u00e9m limpar\u00e1 as impurezas da mat\u00e9ria-prima.<\/li>    <li>Em seguida, o tambor ou secador rotativo processa a mat\u00e9ria-prima. Isso garante que a mat\u00e9ria-prima tenha o teor de umidade correto.<\/li>    <li>Em seguida, a mat\u00e9ria-prima \u00e9 moldada atrav\u00e9s dos orif\u00edcios do granulador.<\/li>    <li>Se precisar embalar os pellets de madeira ser\u00e1 necess\u00e1rio usar um refrigerador para reduzir a temperatura.<\/li> <\/ol>    <p>Por fim, uma simples m\u00e1quina de embalagem \u00e9 utilizada para embalar os pellets, o que facilita o armazenamento e transporte dos pellets.<\/p>    <h2 class=\"wp-block-heading\">O que devo considerar ao escolher um bom fornecedor de linhas de produ\u00e7\u00e3o de pellets de madeira?<\/h2>    <ol class=\"wp-block-list\"> <li>A qualidade da m\u00e1quina. A qualidade da m\u00e1quina \u00e9 algo que o cliente deve ter em conta, est\u00e1 relacionada com a produ\u00e7\u00e3o do cliente e os custos de manuten\u00e7\u00e3o. N\u00f3s, como fabricantes profissionais de m\u00e1quinas de madeira, fabricamos m\u00e1quinas utilizando materiais de alta qualidade.<\/li>    <li>Feedback dos clientes. Um bom equipamento \u00e9 refletido pela avalia\u00e7\u00e3o do cliente. Nossa linha de produ\u00e7\u00e3o de pellets de madeira \u00e9 vendida para muitos pa\u00edses e recebeu muito carinho dos nossos clientes.<\/li>    <li>Resposta positiva. O recebimento oportuno de feedback do fabricante pode ajudar os clientes a resolver os problemas encontrados no uso da m\u00e1quina em tempo h\u00e1bil. O uso da m\u00e1quina ficar\u00e1 mais tranquilo.<\/li>    <li>Servi\u00e7o completo. Al\u00e9m de um bom atendimento de compra, o cliente tamb\u00e9m precisa considerar o servi\u00e7o p\u00f3s-venda prestado pela f\u00e1brica. Nossa f\u00e1brica fornecer\u00e1 aos clientes um ano de servi\u00e7os p\u00f3s-venda e servi\u00e7os online vital\u00edcios. Tamb\u00e9m podemos contratar engenheiros para ajudar os clientes a instalar e comissionar o equipamento.<\/li> <\/ol>    <h2 class=\"wp-block-heading\">Qual \u00e9 o custo de uma linha de produ\u00e7\u00e3o de pellets de ra\u00e7\u00e3o?<\/h2>    <p>O pre\u00e7o de uma linha de produ\u00e7\u00e3o de pellets de madeira varia dependendo do tamanho da m\u00e1quina, do n\u00famero de m\u00e1quinas auxiliares, dos componentes inclu\u00eddos e de outros fatores. Como uma f\u00e1brica, recomendaremos a linha de produ\u00e7\u00e3o de pellets de madeira certa para os diferentes or\u00e7amentos e necessidades dos nossos clientes. A combina\u00e7\u00e3o mais rent\u00e1vel de linhas \u00e9 recomendada dentro do or\u00e7amento do cliente.<\/p>","protected":false},"excerpt":{"rendered":"<p>wood pellet production line biomass fuel The wood chip pellet mill production line is dedicated to the production of biomass fuel wood chip pellets. As a new type of environmentally friendly fuel, there is an increasing demand for wood pellets. In addition, wood pellets have a low ignition point, a high energy density, and a [&hellip;]<\/p>\n","protected":false},"author":1,"featured_media":833,"parent":0,"template":"","tags":[],"product-type":[32],"class_list":["post-832","product","type-product","status-publish","has-post-thumbnail","hentry","product-type-production-line"],"_links":{"self":[{"href":"https:\/\/hnwoodmachinery.com\/pt\/wp-json\/wp\/v2\/product\/832","targetHints":{"allow":["GET"]}}],"collection":[{"href":"https:\/\/hnwoodmachinery.com\/pt\/wp-json\/wp\/v2\/product"}],"about":[{"href":"https:\/\/hnwoodmachinery.com\/pt\/wp-json\/wp\/v2\/types\/product"}],"author":[{"embeddable":true,"href":"https:\/\/hnwoodmachinery.com\/pt\/wp-json\/wp\/v2\/users\/1"}],"wp:featuredmedia":[{"embeddable":true,"href":"https:\/\/hnwoodmachinery.com\/pt\/wp-json\/wp\/v2\/media\/833"}],"wp:attachment":[{"href":"https:\/\/hnwoodmachinery.com\/pt\/wp-json\/wp\/v2\/media?parent=832"}],"wp:term":[{"taxonomy":"post_tag","embeddable":true,"href":"https:\/\/hnwoodmachinery.com\/pt\/wp-json\/wp\/v2\/tags?post=832"},{"taxonomy":"product-type","embeddable":true,"href":"https:\/\/hnwoodmachinery.com\/pt\/wp-json\/wp\/v2\/product-type?post=832"}],"curies":[{"name":"wp","href":"https:\/\/api.w.org\/{rel}","templated":true}]}}