{"id":745,"date":"2022-11-18T18:15:24","date_gmt":"2022-11-18T10:15:24","guid":{"rendered":"https:\/\/hnwoodmachinery.com\/?post_type=product&#038;p=745"},"modified":"2024-10-16T18:04:01","modified_gmt":"2024-10-16T10:04:01","slug":"wood-pellet-making-machine","status":"publish","type":"product","link":"https:\/\/hnwoodmachinery.com\/pt\/product\/wood-pellet-making-machine\/","title":{"rendered":"M\u00e1quina de fazer pelotas de madeira Ring Die Pellet Mill para venda"},"content":{"rendered":"<div class=\"kk-star-ratings kksr-auto kksr-align-left kksr-valign-top\"     data-payload='{&quot;align&quot;:&quot;left&quot;,&quot;id&quot;:&quot;745&quot;,&quot;slug&quot;:&quot;default&quot;,&quot;valign&quot;:&quot;top&quot;,&quot;ignore&quot;:&quot;&quot;,&quot;reference&quot;:&quot;auto&quot;,&quot;class&quot;:&quot;&quot;,&quot;count&quot;:&quot;88&quot;,&quot;legendonly&quot;:&quot;&quot;,&quot;readonly&quot;:&quot;&quot;,&quot;score&quot;:&quot;4.8&quot;,&quot;starsonly&quot;:&quot;&quot;,&quot;best&quot;:&quot;5&quot;,&quot;gap&quot;:&quot;5&quot;,&quot;greet&quot;:&quot;Rate this product&quot;,&quot;legend&quot;:&quot;4.8\\\/5 - (88 votes)&quot;,&quot;size&quot;:&quot;24&quot;,&quot;title&quot;:&quot;Wood Pellet Making Machine Ring Die Pellet Mill For Sale&quot;,&quot;width&quot;:&quot;136.7&quot;,&quot;_legend&quot;:&quot;{score}\\\/{best} - ({count} {votes})&quot;,&quot;font_factor&quot;:&quot;1.25&quot;}'>              <div class=\"kksr-stars\">      <div class=\"kksr-stars-inactive\">             <div class=\"kksr-star\" data-star=\"1\" style=\"padding-right: 5px\">               <div class=\"kksr-icon\" style=\"width: 24px; height: 24px;\"><\/div>         <\/div>             <div class=\"kksr-star\" data-star=\"2\" style=\"padding-right: 5px\">               <div class=\"kksr-icon\" style=\"width: 24px; height: 24px;\"><\/div>         <\/div>             <div class=\"kksr-star\" data-star=\"3\" style=\"padding-right: 5px\">               <div class=\"kksr-icon\" style=\"width: 24px; height: 24px;\"><\/div>         <\/div>             <div class=\"kksr-star\" data-star=\"4\" style=\"padding-right: 5px\">               <div class=\"kksr-icon\" style=\"width: 24px; height: 24px;\"><\/div>         <\/div>             <div class=\"kksr-star\" data-star=\"5\" style=\"padding-right: 5px\">               <div class=\"kksr-icon\" style=\"width: 24px; height: 24px;\"><\/div>         <\/div>     <\/div>      <div class=\"kksr-stars-active\" style=\"width: 136.7px;\">             <div class=\"kksr-star\" style=\"padding-right: 5px\">               <div class=\"kksr-icon\" style=\"width: 24px; height: 24px;\"><\/div>         <\/div>             <div class=\"kksr-star\" style=\"padding-right: 5px\">               <div class=\"kksr-icon\" style=\"width: 24px; height: 24px;\"><\/div>         <\/div>             <div class=\"kksr-star\" style=\"padding-right: 5px\">               <div class=\"kksr-icon\" style=\"width: 24px; height: 24px;\"><\/div>         <\/div>             <div class=\"kksr-star\" style=\"padding-right: 5px\">               <div class=\"kksr-icon\" style=\"width: 24px; height: 24px;\"><\/div>         <\/div>             <div class=\"kksr-star\" style=\"padding-right: 5px\">               <div class=\"kksr-icon\" style=\"width: 24px; height: 24px;\"><\/div>         <\/div>     <\/div> <\/div>                   <div class=\"kksr-legend\" style=\"font-size: 19.2px;\">             4.8\/5 - (88 votos)    <\/div>     <\/div>  <p>A m\u00e1quina para fabricar pellets de madeira \u00e9 um dispositivo que transforma diferentes tipos de madeira triturada, palha de plantas, cascas de plantas e esc\u00f3ria em pellets de biocombust\u00edvel. A peletizadora de matriz anelar pode produzir at\u00e9 4.000 kg\/h e \u00e9 frequentemente utilizada para produ\u00e7\u00e3o em larga escala. Os pellets de combust\u00edvel renov\u00e1vel criados s\u00e3o suaves e densos, tornando-os a melhor escolha para muitos usu\u00e1rios.<\/p>    <figure class=\"wp-block-embed aligncenter is-type-video is-provider-youtube wp-block-embed-youtube wp-embed-aspect-16-9 wp-has-aspect-ratio\"><div class=\"wp-block-embed__wrapper\"> <iframe loading=\"lazy\" title=\"M\u00e1quina de pellets de madeira de biomassa - produ\u00e7\u00e3o eficiente de combust\u00edvel para energia renov\u00e1vel#biomasspelletmachine\" width=\"500\" height=\"281\" src=\"https:\/\/www.youtube.com\/embed\/Tn22Pr5sojQ?feature=oembed\" frameborder=\"0\" allow=\"accelerometer; autoplay; clipboard-write; encrypted-media; gyroscope; picture-in-picture; web-share\" referrerpolicy=\"strict-origin-when-cross-origin\" allowfullscreen><\/iframe> <\/div><figcaption class=\"wp-element-caption\">v\u00eddeo de trabalho da m\u00e1quina de fazer pellets de madeira<\/figcaption><\/figure>    <p>Shuliy oferece uma variedade de m\u00e1quinas para fabricar pellets de madeira, cada uma com diferentes capacidades de produ\u00e7\u00e3o. Os clientes podem escolher entre v\u00e1rios modelos de acordo com suas necessidades. Al\u00e9m dessas m\u00e1quinas, tamb\u00e9m fornecemos m\u00e1quinas de pellets de madeira menores para aqueles com menores requisitos de produ\u00e7\u00e3o. <\/p>    <p>O nosso objetivo \u00e9 recomendar as m\u00e1quinas mais adequadas, adaptadas \u00e0s necessidades espec\u00edficas dos nossos clientes. Para aumentar a conveni\u00eancia e a efici\u00eancia, tamb\u00e9m fornecemos m\u00e1quinas de alimenta\u00e7\u00e3o e correias transportadoras, permitindo uma opera\u00e7\u00e3o cont\u00ednua e sem interrup\u00e7\u00f5es.<\/p>    <figure class=\"wp-block-gallery has-nested-images columns-default is-cropped wp-block-gallery-2 is-layout-flex wp-block-gallery-is-layout-flex\"> <figure class=\"wp-block-image size-large\"><img loading=\"lazy\" decoding=\"async\" width=\"720\" height=\"540\" data-id=\"753\" src=\"https:\/\/hnwoodmachinery.com\/wp-content\/uploads\/2022\/11\/wood-pellet-making-machine-2-1.webp\" alt=\" m\u00e1quina de fazer pelotas de madeira \" class=\"wp-image-753\" title=\" m\u00e1quina de fazer pelotas de madeira \"\/><figcaption class=\"wp-element-caption\"> M\u00e1quina para fabricar pellets de madeira <\/figcaption><\/figure>    <figure class=\"wp-block-image size-large\"><img loading=\"lazy\" decoding=\"async\" width=\"720\" height=\"540\" data-id=\"754\" src=\"https:\/\/hnwoodmachinery.com\/wp-content\/uploads\/2022\/11\/420-sawdust-pellet-machine-.jpg\" alt=\"M\u00e1quina da pelota da serragem 420\" class=\"wp-image-754\" title=\"M\u00e1quina da pelota da serragem 420\"\/><figcaption class=\"wp-element-caption\">M\u00e1quina de pelotas de serragem 420<\/figcaption><\/figure> <\/figure>    <h2 class=\"wp-block-heading\">Mat\u00e9rias-primas para m\u00e1quina de fabrica\u00e7\u00e3o de pellets de madeira<\/h2>    <p>A peletizadora de madeira \u00e9 capaz de processar uma variedade de materiais, concentrando-se principalmente em produtos de madeira como aparas de madeira, serragem, galhos e toras. <\/p>    <p>Al\u00e9m disso, tamb\u00e9m pode manusear outras mat\u00e9rias-primas, como fibra de palma, baga\u00e7o, casca de amendoim, talos de milho, palha de trigo e in\u00fameros res\u00edduos agr\u00edcolas. Esses materiais est\u00e3o prontamente dispon\u00edveis, s\u00e3o econ\u00f4micos e podem ser transformados em pellets de biomassa para diversas aplica\u00e7\u00f5es.<\/p>    <h2 class=\"wp-block-heading\">Uso de pellets de madeira acabados<\/h2>    <p>Os pellets de biomassa s\u00e3o utilizados principalmente em usinas de biomassa, caldeiras de biomassa, aquecimento dom\u00e9stico e diversas aplica\u00e7\u00f5es industriais. Portanto, investir no setor de combust\u00edveis de biomassa para estabelecer instala\u00e7\u00f5es de produ\u00e7\u00e3o de pellets apresenta um potencial de mercado significativo.<\/p>    <figure class=\"wp-block-gallery has-nested-images columns-default is-cropped wp-block-gallery-3 is-layout-flex wp-block-gallery-is-layout-flex\"> <figure class=\"wp-block-image size-large\"><img loading=\"lazy\" decoding=\"async\" width=\"720\" height=\"540\" data-id=\"748\" src=\"https:\/\/hnwoodmachinery.com\/wp-content\/uploads\/2022\/11\/raw-material-of-the-wood-pellet-mill-.webp\" alt=\"mat\u00e9ria-prima do moinho de pellets de madeira\" class=\"wp-image-748\" title=\"\"><figcaption class=\"wp-element-caption\">Mat\u00e9ria-prima da peletizadora de madeira<\/figcaption><\/figure>    <figure class=\"wp-block-image size-large\"><img loading=\"lazy\" decoding=\"async\" width=\"720\" height=\"540\" data-id=\"749\" src=\"https:\/\/hnwoodmachinery.com\/wp-content\/uploads\/2022\/11\/finished-wood-pellets-.jpg\" alt=\"pellets de madeira acabados\" class=\"wp-image-749\" title=\"\"><figcaption class=\"wp-element-caption\">Pellets de madeira acabados<\/figcaption><\/figure> <\/figure>    <h2 class=\"wp-block-heading\">Estrutura da m\u00e1quina peletizadora de biomassa de madeira<\/h2>    <p>A m\u00e1quina para fabricar pellets de madeira consiste em v\u00e1rios componentes principais, incluindo a porta de alimenta\u00e7\u00e3o, cilindro de alimenta\u00e7\u00e3o, janela de observa\u00e7\u00e3o, placa de cobertura, motor, tampa contra poeira, porta de descarga, caixa de engrenagens e muito mais. Seu design geral \u00e9 eficiente, exigindo espa\u00e7o m\u00ednimo e ao mesmo tempo robusto, dur\u00e1vel e resistente ao desgaste.<\/p>    <h2 class=\"wp-block-heading\">Como funciona a extrusora de pellets de madeira?<\/h2>   <div id=\"rank-math-howto\" class=\"rank-math-block\" > <div class=\"rank-math-howto-description\">  <\/div>  <div class=\"rank-math-steps\"> <div id=\"howto-step-1729071773263\" class=\"rank-math-step\"> <div class=\"rank-math-step-content\"><p>A mat\u00e9ria-prima \u00e9 introduzida na peletizadora por meio de um alimentador de rosca, que a direciona para o condicionador. Nesta etapa, \u00e9 adicionado um aderente para ajudar a unir as part\u00edculas, facilitando a forma\u00e7\u00e3o de pellets densos e s\u00f3lidos.<\/p> <\/div> <\/div> <div id=\"howto-step-1729071784026\" class=\"rank-math-step\"> <div class=\"rank-math-step-content\"><p>Ap\u00f3s o condicionamento, a mat\u00e9ria-prima segue para a \u00e1rea de pelotiza\u00e7\u00e3o. Esta se\u00e7\u00e3o apresenta uma matriz em forma de anel, raz\u00e3o pela qual este equipamento de fabrica\u00e7\u00e3o de pellets de biomassa \u00e9 conhecido como peletizadora de matriz anelar. Dentro da matriz do anel, existem dois a quatro rolos. \u00c0 medida que a mat\u00e9ria-prima entra nesta c\u00e2mara, a for\u00e7a centr\u00edfuga a empurra contra a superf\u00edcie interna da matriz do anel. Normalmente, tanto o rolo quanto a matriz anelar giram, comprimindo a mat\u00e9ria-prima entre suas superf\u00edcies.<\/p> <\/div> <\/div> <div id=\"howto-step-1729071790244\" class=\"rank-math-step\"> <div class=\"rank-math-step-content\"><p>A mat\u00e9ria-prima comprimida \u00e9 expelida pelos furos da matriz anelar, emergindo em forma de bast\u00f5es. Um cortador em forma de faca corta esses palitos para produzir pellets do tamanho desejado, permitindo ajustes no comprimento do pellet de acordo com requisitos espec\u00edficos.<\/p> <\/div> <\/div> <\/div> <\/div>       <figure class=\"wp-block-embed aligncenter is-type-video is-provider-youtube wp-block-embed-youtube wp-embed-aspect-16-9 wp-has-aspect-ratio\"><div class=\"wp-block-embed__wrapper\"> <iframe loading=\"lazy\" title=\"M\u00e1quina para fabricar pellets de madeira de biomassa de alta capacidade! M\u00e1quina de pellets de serragem\u4e28fabricante de pellets de madeira\" width=\"500\" height=\"281\" src=\"https:\/\/www.youtube.com\/embed\/Lz747NqZSl4?feature=oembed\" frameborder=\"0\" allow=\"accelerometer; autoplay; clipboard-write; encrypted-media; gyroscope; picture-in-picture; web-share\" referrerpolicy=\"strict-origin-when-cross-origin\" allowfullscreen><\/iframe> <\/div><figcaption class=\"wp-element-caption\">princ\u00edpio de funcionamento do moinho de pelotiza\u00e7\u00e3o de biomassa<\/figcaption><\/figure>    <h2 class=\"wp-block-heading\">Par\u00e2metros da m\u00e1quina de pellets de madeira<\/h2>    <figure class=\"wp-block-table is-style-stripes\"><table><tbody><tr><td>Modelo<\/td><td>YGKJ380<\/td><td>YGKJ450<\/td><td>YGKJ560A<\/td><td>YGKJ560B<\/td><td>YGKJ560C<\/td><td>YGKJ700<\/td><td>YGKJ880<\/td><\/tr><tr><td>Capacidade (T\/H)&nbsp;<\/td><td>0.2-0.3<\/td><td>0.6-0.8<\/td><td>1-1.3<\/td><td>1.2-1.5<\/td><td>1.2-1.5<\/td><td>2-2.5&nbsp;<\/td><td>3-4&nbsp;<\/td><\/tr><tr><td>Pot\u00eancia (KW)<\/td><td>22+0.75<\/td><td>55+1.5+ 1.1+0.37+ 0.55<\/td><td>90+1.5+ 1.5+0.55+ 0.37<\/td><td>90+1.5+ 1.5+0.55+ 0.37<\/td><td>90+1.5+ 1.5+0.55+ 0.37<\/td><td>160+2.2+ 0.37+0.75 +1.5<\/td><td>220+3+0.5 5+2.2+1.1<\/td><\/tr><\/tbody><\/table><figcaption class=\"wp-element-caption\">par\u00e2metro da m\u00e1quina de pellets de madeira<\/figcaption><\/figure>    <h2 class=\"wp-block-heading\">Por que a peletizadora de matriz anelar \u00e9 popular entre os investidores?<\/h2>    <ul class=\"wp-block-list\"> <li>Nossa m\u00e1quina para fabrica\u00e7\u00e3o de pellets de madeira apresenta um design simples, \u00e9 altamente adapt\u00e1vel, ocupa um espa\u00e7o pequeno e opera com ru\u00eddo m\u00ednimo.<\/li>    <li>As fontes de energia tradicionais est\u00e3o a lutar para acompanhar as exig\u00eancias do mercado global, tornando o combust\u00edvel de pellets de biomassa uma alternativa vi\u00e1vel ao carv\u00e3o.<\/li>    <li>A ra\u00e7\u00e3o em p\u00f3 e o p\u00f3 de grama podem ser granulados sem a necessidade de adi\u00e7\u00e3o de l\u00edquido. Como resultado, o teor de umidade da ra\u00e7\u00e3o peletizada permanece muito baixo, facilitando seu armazenamento.<\/li>    <li>As mat\u00e9rias-primas para uma peletizadora de matriz anelar incluem principalmente palha e materiais semelhantes. Esses insumos s\u00e3o baratos, resultando em baixo custo por tonelada. Al\u00e9m disso, a m\u00e1quina possui um alto rendimento de processamento. Dada a significativa procura do mercado, esta ind\u00fastria revela-se bastante lucrativa.<\/li> <\/ul>   <div class=\"wp-block-image\"> <figure class=\"aligncenter size-full\"><img loading=\"lazy\" decoding=\"async\" width=\"720\" height=\"540\" src=\"https:\/\/hnwoodmachinery.com\/wp-content\/uploads\/2022\/11\/wood-pellet-maker-.webp\" alt=\"fabricante de pellets de madeira\" class=\"wp-image-750\" title=\"fabricante de pellets de madeira\"\/><figcaption class=\"wp-element-caption\">fabricante de pellets de madeira<\/figcaption><\/figure> <\/div>   <h2 class=\"wp-block-heading\">Diferen\u00e7as e sugest\u00f5es entre m\u00e1quinas de pelotiza\u00e7\u00e3o de matriz anelar e matriz plana<\/h2>    <p class=\"translation-block\">Existem dois tipos gerais de moinhos de pellets de biomassa. Al\u00e9m desta m\u00e1quina, o outro tipo \u00e9 chamado de <strong><em><a href=\"https:\/\/hnwoodmachinery.com\/pt\/product\/biomass-pellet-machine\/\">m\u00e1quina de pellets de matriz plana<\/a><\/em><\/strong>. Ambos t\u00eam designs, princ\u00edpios de funcionamento, capacidades de produ\u00e7\u00e3o, etc., diferentes. Mas t\u00eam a mesma fun\u00e7\u00e3o \u2013 produ\u00e7\u00e3o de pellets de biomassa.<\/p>    <ol class=\"wp-block-list\"> <li>A produ\u00e7\u00e3o de uma m\u00e1quina de peletiza\u00e7\u00e3o com matriz plana \u00e9 tipicamente entre 1,5 a 3 kg, enquanto as m\u00e1quinas de produ\u00e7\u00e3o de pellets podem produzir de 0,2 a 0,3 toneladas. Portanto, se voc\u00ea est\u00e1 procurando uma produ\u00e7\u00e3o maior, \u00e9 aconselh\u00e1vel optar por uma m\u00e1quina de peletiza\u00e7\u00e3o com matriz anelar.<\/li>    <li>Existem diferentes m\u00e9todos de alimenta\u00e7\u00e3o a serem considerados. Em uma peletizadora de matriz plana, o material entra verticalmente na c\u00e2mara de prensagem devido ao seu peso. Em contraste, a m\u00e1quina de produ\u00e7\u00e3o de pellets de madeira utiliza uma calha de alimenta\u00e7\u00e3o curva que rola e comprime a ra\u00e7\u00e3o.<\/li>    <li>Quando se trata de acabamento de part\u00edculas e taxa de compress\u00e3o, o granulador de matriz anelar oferece uma faixa ajust\u00e1vel mais ampla em compara\u00e7\u00e3o com a peletizadora de matriz plana. Os pellets produzidos pela m\u00e1quina de matriz anelar tendem a ter um acabamento mais liso do que os da m\u00e1quina de matriz plana. Se voc\u00ea tiver requisitos espec\u00edficos para a taxa de compress\u00e3o e apar\u00eancia dos produtos granulados, juntamente com a necessidade de maior produ\u00e7\u00e3o, uma m\u00e1quina para fabricar pellets de madeira seria a melhor escolha.<\/li> <\/ol>    <figure class=\"wp-block-gallery has-nested-images columns-default is-cropped wp-block-gallery-4 is-layout-flex wp-block-gallery-is-layout-flex\"> <figure class=\"wp-block-image size-large\"><img loading=\"lazy\" decoding=\"async\" width=\"720\" height=\"540\" data-id=\"751\" src=\"https:\/\/hnwoodmachinery.com\/wp-content\/uploads\/2022\/11\/wood-pellet-making-machine-1-.webp\" alt=\"m\u00e1quina de fazer pelotas de madeira \" class=\"wp-image-751\" title=\"m\u00e1quina de fazer pelotas de madeira \"\/><figcaption class=\"wp-element-caption\">M\u00e1quina para fabricar pellets de madeira <\/figcaption><\/figure>    <figure class=\"wp-block-image size-large\"><img loading=\"lazy\" decoding=\"async\" width=\"720\" height=\"540\" data-id=\"752\" src=\"https:\/\/hnwoodmachinery.com\/wp-content\/uploads\/2022\/11\/flat-die-pellet-machine-.webp\" alt=\"m\u00e1quina de pelotiza\u00e7\u00e3o de matriz plana\" class=\"wp-image-752\" title=\"m\u00e1quina de pelotiza\u00e7\u00e3o de matriz plana\"\/><figcaption class=\"wp-element-caption\">M\u00e1quina de pelotiza\u00e7\u00e3o de matriz plana<\/figcaption><\/figure> <\/figure>    <h2 class=\"wp-block-heading\">Por que escolher o moinho de pellets de madeira da Shuliy Machinery?<\/h2>    <p class=\"translation-block\">A nossa m\u00e1quina de pellets de biomassa \u00e9 muito popular. E muitas f\u00e1bricas de pellets de biomassa em casa e no exterior escolheram a nossa m\u00e1quina. Agora, as nossas m\u00e1quinas foram vendidas para <a href=\"https:\/\/en.wikipedia.org\/wiki\/Uganda\" target=\"_blank\" rel=\"noopener\">Uganda<\/a>, as Filipinas, Senegal, Mal\u00e1sia, M\u00e9xico, Austr\u00e1lia e outros pa\u00edses.<\/p>    <ul class=\"wp-block-list\"> <li>Shuliy \u00e9 um fabricante qualificado de m\u00e1quinas para madeira, trazendo anos de experi\u00eancia para a ind\u00fastria.<\/li>    <li>Somos especializados em projetar e personalizar m\u00e1quinas exclusivas, adaptadas para atender \u00e0s necessidades espec\u00edficas de nossa diversificada clientela.<\/li>    <li>Nossa equipe dedicada de servi\u00e7o de vendas est\u00e1 dispon\u00edvel para fornecer assist\u00eancia profissional aos clientes online e offline.<\/li>    <li>Os clientes podem efetuar pagamentos on-line de forma conveniente e monitorar sua log\u00edstica, garantindo uma experi\u00eancia de compra confi\u00e1vel.<\/li>    <li>Todos os componentes de nossas m\u00e1quinas s\u00e3o fabricados com materiais de alta qualidade e resistentes ao desgaste, normalmente usados \u200b\u200bem m\u00e1quinas pesadas.<\/li> <\/ul>   <div class=\"wp-block-image\"> <figure class=\"aligncenter size-full is-resized\"><img loading=\"lazy\" decoding=\"async\" width=\"720\" height=\"540\" src=\"https:\/\/hnwoodmachinery.com\/wp-content\/uploads\/2022\/11\/wood-pellet-mill-1-1.webp\" alt=\"moinho de pellets de madeira\" class=\"wp-image-756\" style=\"width:720px;height:auto\" title=\"moinho de pellets de madeira\"\/><figcaption class=\"wp-element-caption\">linha de produ\u00e7\u00e3o de pellets de madeira<\/figcaption><\/figure> <\/div>   <p>Depois de examinar os custos e lucros associados \u00e0 ind\u00fastria de processamento de pellets de biomassa, fica claro que o potencial de investimento para a m\u00e1quina de pellets de matriz anelar \u00e9 bastante significativo e permanece uma margem de lucro saud\u00e1vel. Se voc\u00ea deseja ingressar na ind\u00fastria de processamento de pelotas de biomassa ou precisa comprar uma peletizadora de matriz anelar, pode entrar em contato conosco a qualquer momento.<\/p>","protected":false},"excerpt":{"rendered":"<p>A m\u00e1quina para fabricar pellets de madeira \u00e9 um dispositivo que transforma diferentes tipos de madeira triturada, palha de plantas, cascas de plantas e esc\u00f3ria em pellets de biocombust\u00edvel. Pode produzir at\u00e9 4.000 kg\/h.<\/p>","protected":false},"author":1,"featured_media":746,"parent":0,"template":"","tags":[46,44,37,35,39],"product-type":[31],"class_list":["post-745","product","type-product","status-publish","has-post-thumbnail","hentry","tag-biomass","tag-biomass-pellet","tag-sawdust","tag-wood","tag-wood-pallet","product-type-wood-pellet-machine"],"_links":{"self":[{"href":"https:\/\/hnwoodmachinery.com\/pt\/wp-json\/wp\/v2\/product\/745","targetHints":{"allow":["GET"]}}],"collection":[{"href":"https:\/\/hnwoodmachinery.com\/pt\/wp-json\/wp\/v2\/product"}],"about":[{"href":"https:\/\/hnwoodmachinery.com\/pt\/wp-json\/wp\/v2\/types\/product"}],"author":[{"embeddable":true,"href":"https:\/\/hnwoodmachinery.com\/pt\/wp-json\/wp\/v2\/users\/1"}],"wp:featuredmedia":[{"embeddable":true,"href":"https:\/\/hnwoodmachinery.com\/pt\/wp-json\/wp\/v2\/media\/746"}],"wp:attachment":[{"href":"https:\/\/hnwoodmachinery.com\/pt\/wp-json\/wp\/v2\/media?parent=745"}],"wp:term":[{"taxonomy":"post_tag","embeddable":true,"href":"https:\/\/hnwoodmachinery.com\/pt\/wp-json\/wp\/v2\/tags?post=745"},{"taxonomy":"product-type","embeddable":true,"href":"https:\/\/hnwoodmachinery.com\/pt\/wp-json\/wp\/v2\/product-type?post=745"}],"curies":[{"name":"wp","href":"https:\/\/api.w.org\/{rel}","templated":true}]}}