{"id":730,"date":"2022-11-15T17:29:27","date_gmt":"2022-11-15T09:29:27","guid":{"rendered":"https:\/\/hnwoodmachinery.com\/?post_type=product&#038;p=730"},"modified":"2024-10-11T18:04:27","modified_gmt":"2024-10-11T10:04:27","slug":"biomass-pellet-machine","status":"publish","type":"product","link":"https:\/\/hnwoodmachinery.com\/pt\/product\/biomass-pellet-machine\/","title":{"rendered":"M\u00e1quina de pelotiza\u00e7\u00e3o de biomassa com matriz plana de madeira para venda"},"content":{"rendered":"<div class=\"kk-star-ratings kksr-auto kksr-align-left kksr-valign-top\"     data-payload='{&quot;align&quot;:&quot;left&quot;,&quot;id&quot;:&quot;730&quot;,&quot;slug&quot;:&quot;default&quot;,&quot;valign&quot;:&quot;top&quot;,&quot;ignore&quot;:&quot;&quot;,&quot;reference&quot;:&quot;auto&quot;,&quot;class&quot;:&quot;&quot;,&quot;count&quot;:&quot;96&quot;,&quot;legendonly&quot;:&quot;&quot;,&quot;readonly&quot;:&quot;&quot;,&quot;score&quot;:&quot;4.8&quot;,&quot;starsonly&quot;:&quot;&quot;,&quot;best&quot;:&quot;5&quot;,&quot;gap&quot;:&quot;5&quot;,&quot;greet&quot;:&quot;Rate this product&quot;,&quot;legend&quot;:&quot;4.8\\\/5 - (96 votes)&quot;,&quot;size&quot;:&quot;24&quot;,&quot;title&quot;:&quot;Biomass Pellet Machine Flat Die Wood Pellet Mill For Sale&quot;,&quot;width&quot;:&quot;136.7&quot;,&quot;_legend&quot;:&quot;{score}\\\/{best} - ({count} {votes})&quot;,&quot;font_factor&quot;:&quot;1.25&quot;}'>              <div class=\"kksr-stars\">      <div class=\"kksr-stars-inactive\">             <div class=\"kksr-star\" data-star=\"1\" style=\"padding-right: 5px\">               <div class=\"kksr-icon\" style=\"width: 24px; height: 24px;\"><\/div>         <\/div>             <div class=\"kksr-star\" data-star=\"2\" style=\"padding-right: 5px\">               <div class=\"kksr-icon\" style=\"width: 24px; height: 24px;\"><\/div>         <\/div>             <div class=\"kksr-star\" data-star=\"3\" style=\"padding-right: 5px\">               <div class=\"kksr-icon\" style=\"width: 24px; height: 24px;\"><\/div>         <\/div>             <div class=\"kksr-star\" data-star=\"4\" style=\"padding-right: 5px\">               <div class=\"kksr-icon\" style=\"width: 24px; height: 24px;\"><\/div>         <\/div>             <div class=\"kksr-star\" data-star=\"5\" style=\"padding-right: 5px\">               <div class=\"kksr-icon\" style=\"width: 24px; height: 24px;\"><\/div>         <\/div>     <\/div>      <div class=\"kksr-stars-active\" style=\"width: 136.7px;\">             <div class=\"kksr-star\" style=\"padding-right: 5px\">               <div class=\"kksr-icon\" style=\"width: 24px; height: 24px;\"><\/div>         <\/div>             <div class=\"kksr-star\" style=\"padding-right: 5px\">               <div class=\"kksr-icon\" style=\"width: 24px; height: 24px;\"><\/div>         <\/div>             <div class=\"kksr-star\" style=\"padding-right: 5px\">               <div class=\"kksr-icon\" style=\"width: 24px; height: 24px;\"><\/div>         <\/div>             <div class=\"kksr-star\" style=\"padding-right: 5px\">               <div class=\"kksr-icon\" style=\"width: 24px; height: 24px;\"><\/div>         <\/div>             <div class=\"kksr-star\" style=\"padding-right: 5px\">               <div class=\"kksr-icon\" style=\"width: 24px; height: 24px;\"><\/div>         <\/div>     <\/div> <\/div>                   <div class=\"kksr-legend\" style=\"font-size: 19.2px;\">             4.8\/5 - (96 votos)    <\/div>     <\/div>  <p>A nossa m\u00e1quina de pellets de biomassa de matriz plana \u00e9 capaz de produzir pellets de madeira a partir de v\u00e1rios materiais, como serradura, papel reciclado, relva, folhas e outros tipos de biomassa. \u00c9 comumente utilizada em casas, pequenas quintas e oficinas. <\/p>    <p>Os pellets criados podem atingir comprimentos de at\u00e9 3 cm e s\u00e3o adequados para aplica\u00e7\u00f5es como aquecimento dom\u00e9stico, cozinha e cama de animais. Oferecemos uma variedade de modelos de m\u00e1quinas \u00e0 sua escolha, com capacidades de produ\u00e7\u00e3o de at\u00e9 700kg\/h.<\/p>    <figure class=\"wp-block-embed aligncenter is-type-video is-provider-youtube wp-block-embed-youtube wp-embed-aspect-16-9 wp-has-aspect-ratio\"><div class=\"wp-block-embed__wrapper\"> <iframe loading=\"lazy\" title=\"Transformando Res\u00edduos de Madeira em Energia: Vitrine de M\u00e1quina Granuladora de Pellets de Madeira!\" width=\"500\" height=\"281\" src=\"https:\/\/www.youtube.com\/embed\/PrQMhExEplU?start=3&#038;feature=oembed\" frameborder=\"0\" allow=\"accelerometer; autoplay; clipboard-write; encrypted-media; gyroscope; picture-in-picture; web-share\" referrerpolicy=\"strict-origin-when-cross-origin\" allowfullscreen><\/iframe> <\/div><figcaption class=\"wp-element-caption\">pellets de biomassa de madeira fazendo v\u00eddeo de opera\u00e7\u00e3o da m\u00e1quina<\/figcaption><\/figure>    <p>O di\u00e2metro do furo plano da matriz, que determina o tamanho do pellet de madeira, pode ser adaptado para atender \u00e0 sua mat\u00e9ria-prima espec\u00edfica e \u00e0s suas necessidades exclusivas. Alcan\u00e7amos taxas de compress\u00e3o ideais para mais de 30 mat\u00e9rias-primas diferentes. Se voc\u00ea possui um tipo especial de mat\u00e9ria-prima, fique \u00e0 vontade para nos enviar, que testaremos para voc\u00ea sem nenhum custo.<\/p>    <p>O molde e a roda de press\u00e3o da peletizadora s\u00e3o constru\u00eddos em liga de a\u00e7o resistente ao desgaste, conferindo-lhes qualidades de resist\u00eancia, durabilidade e vida \u00fatil prolongada. A m\u00e1quina de pellets de biomassa apresenta um design simples, ampla aplicabilidade e um tamanho compacto, al\u00e9m de operar com baixo ru\u00eddo, tornando-a uma pe\u00e7a de equipamento essencial para muitos fabricantes de biomassa.<\/p>    <figure class=\"wp-block-gallery has-nested-images columns-default is-cropped wp-block-gallery-2 is-layout-flex wp-block-gallery-is-layout-flex\"> <figure class=\"wp-block-image size-large\"><img loading=\"lazy\" decoding=\"async\" width=\"720\" height=\"540\" data-id=\"735\" src=\"https:\/\/hnwoodmachinery.com\/wp-content\/uploads\/2022\/11\/biomass-pellet-machine-1-1.webp\" alt=\"m\u00e1quina da pelota da biomassa\" class=\"wp-image-735\" title=\"m\u00e1quina da pelota da biomassa\"\/><figcaption class=\"wp-element-caption\">M\u00e1quina de pellets de biomassa<\/figcaption><\/figure>    <figure class=\"wp-block-image size-large\"><img loading=\"lazy\" decoding=\"async\" width=\"720\" height=\"540\" data-id=\"736\" src=\"https:\/\/hnwoodmachinery.com\/wp-content\/uploads\/2022\/11\/wood-pellet-mill-.webp\" alt=\"moinho de pellets de madeira \" class=\"wp-image-736\" title=\"moinho de pellets de madeira \"\/><figcaption class=\"wp-element-caption\">Moinho de pelotiza\u00e7\u00e3o de madeira <\/figcaption><\/figure> <\/figure>    <h2 class=\"wp-block-heading\">Materiais aplic\u00e1veis \u200b\u200bde peletizadora de madeira<\/h2>    <p class=\"translation-block\">A m\u00e1quina de pellets de biomassa de madeira \u00e9 adequada para uma ampla gama de materiais. Podem ser serradura ou culturas, como talos de milho, palhas, cascas de amendoim, espigas de milho, talos de algod\u00e3o, ervas daninhas, etc. Pode usar uma m\u00e1quina trituradora para obter mat\u00e9ria-prima de serradura. (<em>Leia Mais: <strong><a href=\"https:\/\/hnwoodmachinery.com\/pt\/product\/wood-shredder-machine\/\">M\u00e1quina Trituradora de Madeira para Produ\u00e7\u00e3o de Serradura<\/a><\/strong>&gt;&gt;<\/em>)<\/p>    <p class=\"translation-block\">O <a href=\"https:\/\/en.wikipedia.org\/wiki\/Pellet_fuel\" target=\"_blank\" rel=\"noopener\">combust\u00edvel de pellet<\/a> de biomassa possui um alto valor calor\u00edfico, variando de aproximadamente 3900 a 4800 calorias por quilograma. Durante a combust\u00e3o, a emiss\u00e3o de componentes de gases nocivos \u00e9 m\u00ednima, resultando em menores emiss\u00f5es de gases nocivos e proporcionando vantagens ambientais. Al\u00e9m disso, as cinzas produzidas ap\u00f3s a queima podem ser utilizadas como fertilizante de pot\u00e1ssio, oferecendo economia de custos.<\/p>    <figure class=\"wp-block-gallery has-nested-images columns-default is-cropped wp-block-gallery-3 is-layout-flex wp-block-gallery-is-layout-flex\"> <figure class=\"wp-block-image size-large\"><img loading=\"lazy\" decoding=\"async\" width=\"720\" height=\"540\" data-id=\"737\" src=\"https:\/\/hnwoodmachinery.com\/wp-content\/uploads\/2022\/11\/raw-material-wood-pellet-.webp\" alt=\"mat\u00e9ria-prima para pellets de madeira \" class=\"wp-image-737\" title=\"mat\u00e9ria-prima para pellets de madeira \"\/><figcaption class=\"wp-element-caption\">Pelota de madeira de mat\u00e9ria-prima<\/figcaption><\/figure>    <figure class=\"wp-block-image size-large\"><img loading=\"lazy\" decoding=\"async\" width=\"720\" height=\"540\" data-id=\"738\" src=\"https:\/\/hnwoodmachinery.com\/wp-content\/uploads\/2022\/11\/usage-of-the-wood-pellets-.webp\" alt=\"uso dos pellets de madeira\" class=\"wp-image-738\" title=\"uso dos pellets de madeira\"\/><figcaption class=\"wp-element-caption\">Uso dos pellets de madeira<\/figcaption><\/figure> <\/figure>    <h2 class=\"wp-block-heading\">Princ\u00edpio de funcionamento da m\u00e1quina de pellets de biomassa<\/h2>    <p>A extrusora de pellets de madeira funciona por meio de um motor (ou diesel) que aciona as engrenagens, transferindo energia para o eixo principal. Como resultado da for\u00e7a de atrito, o rolo de press\u00e3o gira, gerando calor de fric\u00e7\u00e3o entre o rolo de press\u00e3o e a matriz, o que ajuda a plastificar o material em p\u00f3.<\/p>    <p>O material \u00e9 ent\u00e3o empurrado atrav\u00e9s do orif\u00edcio da matriz pelo rolo de press\u00e3o. Finalmente, a bandeja de lan\u00e7amento transporta os pellets de madeira completos para fora da m\u00e1quina de pellets de biomassa atrav\u00e9s da porta de descarga.<\/p>    <figure class=\"wp-block-gallery has-nested-images columns-default is-cropped wp-block-gallery-4 is-layout-flex wp-block-gallery-is-layout-flex\"> <figure class=\"wp-block-image size-large\"><img loading=\"lazy\" decoding=\"async\" width=\"720\" height=\"540\" data-id=\"739\" src=\"https:\/\/hnwoodmachinery.com\/wp-content\/uploads\/2022\/11\/wood-pellet-machine-.webp\" alt=\"m\u00e1quina de pellets de madeira \" class=\"wp-image-739\" title=\"m\u00e1quina de pellets de madeira \"\/><figcaption class=\"wp-element-caption\">M\u00e1quina de pellets de madeira <\/figcaption><\/figure>    <figure class=\"wp-block-image size-large\"><img loading=\"lazy\" decoding=\"async\" width=\"720\" height=\"540\" data-id=\"741\" src=\"https:\/\/hnwoodmachinery.com\/wp-content\/uploads\/2022\/11\/inner-structure-of-the-wood-pellet-extruder-.webp\" alt=\"estrutura interna do extrusor de pellets de madeira\" class=\"wp-image-741\" title=\"estrutura interna do extrusor de pellets de madeira\"\/><figcaption class=\"wp-element-caption\">Estrutura interna da extrusora de pellets de madeira<\/figcaption><\/figure> <\/figure>    <figure class=\"wp-block-embed aligncenter is-type-video is-provider-youtube wp-block-embed-youtube wp-embed-aspect-16-9 wp-has-aspect-ratio\"><div class=\"wp-block-embed__wrapper\"> <iframe loading=\"lazy\" title=\"Processo de fabrica\u00e7\u00e3o de pellets de biomassa de energia limpa em uma peletizadora de madeira! \ud83c\udf3f\ud83d\udd25#woodpellet\" width=\"500\" height=\"281\" src=\"https:\/\/www.youtube.com\/embed\/MVtJtbLRF0I?start=13&#038;feature=oembed\" frameborder=\"0\" allow=\"accelerometer; autoplay; clipboard-write; encrypted-media; gyroscope; picture-in-picture; web-share\" referrerpolicy=\"strict-origin-when-cross-origin\" allowfullscreen><\/iframe> <\/div><figcaption class=\"wp-element-caption\">v\u00eddeo de funcionamento do moinho de pellets de madeira<\/figcaption><\/figure>    <h2 class=\"wp-block-heading\">Pellets de madeira acabados dispon\u00edveis para venda<\/h2>    <p>Coleta de mat\u00e9ria-prima \u2192 secagem de mat\u00e9ria-prima \u2192 granula\u00e7\u00e3o e moldagem \u2192 ensacamento e venda.<\/p>    <p>Notas:<\/p>    <ol class=\"wp-block-list\"> <li>Como a serragem n\u00e3o precisa ser triturada, o elo de tritura\u00e7\u00e3o \u00e9 omitido, podendo ser granulado logo ap\u00f3s a secagem.<\/li>    <li>O teor de umidade ap\u00f3s a secagem deve ser 15-18%. Se o teor de umidade for muito grande ou muito pequeno, n\u00e3o favorece a forma\u00e7\u00e3o de part\u00edculas.<\/li> <\/ol>    <figure class=\"wp-block-gallery has-nested-images columns-default is-cropped wp-block-gallery-5 is-layout-flex wp-block-gallery-is-layout-flex\"> <figure class=\"wp-block-image size-large\"><img loading=\"lazy\" decoding=\"async\" width=\"720\" height=\"540\" data-id=\"1128\" src=\"https:\/\/hnwoodmachinery.com\/wp-content\/uploads\/2022\/11\/sawdust-raw-material.webp\" alt=\"mat\u00e9ria-prima de serradura\" class=\"wp-image-1128\" title=\"\" srcset=\"https:\/\/hnwoodmachinery.com\/wp-content\/uploads\/2022\/11\/sawdust-raw-material.webp 720w, https:\/\/hnwoodmachinery.com\/wp-content\/uploads\/2022\/11\/sawdust-raw-material-300x225.webp 300w, https:\/\/hnwoodmachinery.com\/wp-content\/uploads\/2022\/11\/sawdust-raw-material-16x12.webp 16w\" sizes=\"auto, (max-width: 720px) 100vw, 720px\" \/><figcaption class=\"wp-element-caption\">Mat\u00e9ria Prima Serragem<\/figcaption><\/figure>    <figure class=\"wp-block-image size-large\"><img loading=\"lazy\" decoding=\"async\" width=\"720\" height=\"540\" data-id=\"743\" src=\"https:\/\/hnwoodmachinery.com\/wp-content\/uploads\/2022\/11\/finished-wood-pellets-.webp\" alt=\"pellets de madeira acabados\" class=\"wp-image-743\" title=\"\"><figcaption class=\"wp-element-caption\">Pellets de madeira acabados<\/figcaption><\/figure> <\/figure>    <h2 class=\"wp-block-heading\">Caracter\u00edsticas da m\u00e1quina para fabricar pellets de madeira<\/h2>    <ul class=\"wp-block-list\"> <li>O material fica seco e seca sem perder umidade. Possui engrenagem diferencial, transmiss\u00e3o de junta universal, baixo consumo de energia e alto rendimento.<\/li>    <li>Esta m\u00e1quina para fabricar pellets de madeira utiliza tecnologia avan\u00e7ada para granula\u00e7\u00e3o por extrus\u00e3o e polimento, enfrentando efetivamente os desafios de granula\u00e7\u00e3o encontrados nos m\u00e9todos tradicionais.<\/li>    <li>As part\u00edculas de serragem resultantes s\u00e3o uniformes, lisas e redondas, apresentando alta resist\u00eancia e excelente fluidez.<\/li>    <li>Os rolos e moldes, muitas vezes chamados de placas ou discos, s\u00e3o constru\u00eddos a partir de uma liga de a\u00e7o altamente resistente ao desgaste que passa por tratamento t\u00e9rmico especial para atingir alta dureza e maior durabilidade.<\/li>    <li>As engrenagens de transmiss\u00e3o s\u00e3o fabricadas em liga de a\u00e7o de alta qualidade, oferecendo benef\u00edcios como opera\u00e7\u00e3o suave, baixos n\u00edveis de ru\u00eddo, alta capacidade de carga, aumento m\u00ednimo de temperatura e excelente resist\u00eancia \u00e0 press\u00e3o.<\/li>    <li>Esta m\u00e1quina de pellets de biomassa tem uma ampla gama de aplica\u00e7\u00f5es. Pode ser empregado para a regranula\u00e7\u00e3o de res\u00edduos org\u00e2nicos em usinas de biomassa combust\u00edvel, usinas de energia, pecu\u00e1ria, f\u00e1bricas de ra\u00e7\u00f5es e diversas outras ind\u00fastrias.<\/li> <\/ul>    <figure class=\"wp-block-gallery has-nested-images columns-default is-cropped wp-block-gallery-6 is-layout-flex wp-block-gallery-is-layout-flex\"> <figure class=\"wp-block-image size-full\"><img loading=\"lazy\" decoding=\"async\" width=\"720\" height=\"540\" data-id=\"1130\" src=\"http:\/\/hnwoodmachinery.com\/wp-content\/uploads\/2022\/11\/biomass-pellets-mill.webp\" alt=\"moinho de pelotas de biomassa\" class=\"wp-image-1130\" title=\"\" srcset=\"https:\/\/hnwoodmachinery.com\/wp-content\/uploads\/2022\/11\/biomass-pellets-mill.webp 720w, https:\/\/hnwoodmachinery.com\/wp-content\/uploads\/2022\/11\/biomass-pellets-mill-300x225.webp 300w, https:\/\/hnwoodmachinery.com\/wp-content\/uploads\/2022\/11\/biomass-pellets-mill-16x12.webp 16w\" sizes=\"auto, (max-width: 720px) 100vw, 720px\" \/><figcaption class=\"wp-element-caption\">Moinho de pelotas de biomassa<\/figcaption><\/figure>    <figure class=\"wp-block-image size-large\"><img loading=\"lazy\" decoding=\"async\" width=\"720\" height=\"540\" data-id=\"742\" src=\"https:\/\/hnwoodmachinery.com\/wp-content\/uploads\/2022\/11\/wood-pellet-making-machine-.webp\" alt=\"m\u00e1quina de fazer pelotas de madeira\" class=\"wp-image-742\" title=\"\"><figcaption class=\"wp-element-caption\">M\u00e1quina para fabricar pellets de madeira<\/figcaption><\/figure> <\/figure>    <h2 class=\"wp-block-heading\">Par\u00e2metros da m\u00e1quina de pellets de serragem de madeira<\/h2>    <figure class=\"wp-block-table is-style-stripes\"><table><tbody><tr><td>Modelo<\/td><td>300<\/td><td>400<\/td><td>450<\/td><\/tr><tr><td>Pot\u00eancia (KW)<\/td><td>22+0.37<\/td><td>37+0.37<\/td><td>55+0.37<\/td><\/tr><tr><td>Produ\u00e7\u00e3o (kg\/h)<\/td><td>150-300<\/td><td>200-500<\/td><td>300-700<\/td><\/tr><\/tbody><\/table><figcaption class=\"wp-element-caption\">dados t\u00e9cnicos da m\u00e1quina de fabrica\u00e7\u00e3o de pellets de biomassa<\/figcaption><\/figure>    <p class=\"translation-block\">Al\u00e9m desta m\u00e1quina de pellets de biomassa de matriz plana, tamb\u00e9m produzimos m\u00e1quinas de pellets de biomassa de matriz anular. (<em>Post Relacionado: <strong><a href=\"https:\/\/hnwoodmachinery.com\/pt\/product\/wood-pellet-making-machine\/\">M\u00e1quina de fabrico de pellets de madeira\u4e28Moinho de pellets de madeira \u00e0 venda<\/a><\/strong>&gt;&gt;<\/em>)<\/p>    <h2 class=\"wp-block-heading\">Como iniciar um neg\u00f3cio de fabrica\u00e7\u00e3o de pellets de biomassa?<\/h2>    <p>Sendo um combust\u00edvel renov\u00e1vel amigo do ambiente, os pellets de biomassa s\u00e3o utilizados principalmente para substituir o carv\u00e3o, o g\u00e1s natural, etc., e o seu neg\u00f3cio de produ\u00e7\u00e3o atrai cada vez mais investidores. Ent\u00e3o, no que voc\u00ea deve prestar aten\u00e7\u00e3o se tamb\u00e9m planeja realizar este projeto?<\/p>    <ul class=\"wp-block-list\"> <li>Qual \u00e9 a finalidade dos pellets que voc\u00ea deseja criar? <\/li>    <li>Quantos pellets voc\u00ea pretende produzir? <\/li>    <li>Que mat\u00e9rias-primas voc\u00ea planeja usar? <\/li>    <li>Qual \u00e9 o seu or\u00e7amento para este projeto?<\/li> <\/ul>    <p>Nossa f\u00e1brica \u00e9 especializada na fabrica\u00e7\u00e3o de m\u00e1quinas para processamento e reciclagem de madeira h\u00e1 muitos anos. Se voc\u00ea est\u00e1 envolvido neste neg\u00f3cio, ent\u00e3o somos sua melhor escolha. Por favor, navegue neste site, incentive todos a consultar a qualquer momento e seja bem-vindo para visitar nossa f\u00e1brica. Estamos ansiosos para cooperar com voc\u00ea.<\/p>","protected":false},"excerpt":{"rendered":"<p>A peletizadora de biomassa \u00e9 adequada principalmente para granula\u00e7\u00e3o de fibra grossa, como lascas de madeira, cascas de arroz, talos de algod\u00e3o, etc. <\/p>","protected":false},"author":1,"featured_media":732,"parent":0,"template":"","tags":[44,45],"product-type":[31],"class_list":["post-730","product","type-product","status-publish","has-post-thumbnail","hentry","tag-biomass-pellet","tag-wood-pellet","product-type-wood-pellet-machine"],"_links":{"self":[{"href":"https:\/\/hnwoodmachinery.com\/pt\/wp-json\/wp\/v2\/product\/730","targetHints":{"allow":["GET"]}}],"collection":[{"href":"https:\/\/hnwoodmachinery.com\/pt\/wp-json\/wp\/v2\/product"}],"about":[{"href":"https:\/\/hnwoodmachinery.com\/pt\/wp-json\/wp\/v2\/types\/product"}],"author":[{"embeddable":true,"href":"https:\/\/hnwoodmachinery.com\/pt\/wp-json\/wp\/v2\/users\/1"}],"wp:featuredmedia":[{"embeddable":true,"href":"https:\/\/hnwoodmachinery.com\/pt\/wp-json\/wp\/v2\/media\/732"}],"wp:attachment":[{"href":"https:\/\/hnwoodmachinery.com\/pt\/wp-json\/wp\/v2\/media?parent=730"}],"wp:term":[{"taxonomy":"post_tag","embeddable":true,"href":"https:\/\/hnwoodmachinery.com\/pt\/wp-json\/wp\/v2\/tags?post=730"},{"taxonomy":"product-type","embeddable":true,"href":"https:\/\/hnwoodmachinery.com\/pt\/wp-json\/wp\/v2\/product-type?post=730"}],"curies":[{"name":"wp","href":"https:\/\/api.w.org\/{rel}","templated":true}]}}