{"id":668,"date":"2022-10-12T17:18:55","date_gmt":"2022-10-12T09:18:55","guid":{"rendered":"https:\/\/hnwoodmachinery.com\/?post_type=product&#038;p=668"},"modified":"2024-09-14T18:21:05","modified_gmt":"2024-09-14T10:21:05","slug":"pallet-block-making-machine","status":"publish","type":"product","link":"https:\/\/hnwoodmachinery.com\/pt\/product\/pallet-block-making-machine\/","title":{"rendered":"Bloco de paletes que faz a m\u00e1quina Bloco de serragem de madeira formando equipamento"},"content":{"rendered":"<div class=\"kk-star-ratings kksr-auto kksr-align-left kksr-valign-top\"     data-payload='{&quot;align&quot;:&quot;left&quot;,&quot;id&quot;:&quot;668&quot;,&quot;slug&quot;:&quot;default&quot;,&quot;valign&quot;:&quot;top&quot;,&quot;ignore&quot;:&quot;&quot;,&quot;reference&quot;:&quot;auto&quot;,&quot;class&quot;:&quot;&quot;,&quot;count&quot;:&quot;92&quot;,&quot;legendonly&quot;:&quot;&quot;,&quot;readonly&quot;:&quot;&quot;,&quot;score&quot;:&quot;4.8&quot;,&quot;starsonly&quot;:&quot;&quot;,&quot;best&quot;:&quot;5&quot;,&quot;gap&quot;:&quot;5&quot;,&quot;greet&quot;:&quot;Rate this product&quot;,&quot;legend&quot;:&quot;4.8\\\/5 - (92 votes)&quot;,&quot;size&quot;:&quot;24&quot;,&quot;title&quot;:&quot;Pallet Block Making Machine Wood Sawdust Block Forming Equipment&quot;,&quot;width&quot;:&quot;136.7&quot;,&quot;_legend&quot;:&quot;{score}\\\/{best} - ({count} {votes})&quot;,&quot;font_factor&quot;:&quot;1.25&quot;}'>              <div class=\"kksr-stars\">      <div class=\"kksr-stars-inactive\">             <div class=\"kksr-star\" data-star=\"1\" style=\"padding-right: 5px\">               <div class=\"kksr-icon\" style=\"width: 24px; height: 24px;\"><\/div>         <\/div>             <div class=\"kksr-star\" data-star=\"2\" style=\"padding-right: 5px\">               <div class=\"kksr-icon\" style=\"width: 24px; height: 24px;\"><\/div>         <\/div>             <div class=\"kksr-star\" data-star=\"3\" style=\"padding-right: 5px\">               <div class=\"kksr-icon\" style=\"width: 24px; height: 24px;\"><\/div>         <\/div>             <div class=\"kksr-star\" data-star=\"4\" style=\"padding-right: 5px\">               <div class=\"kksr-icon\" style=\"width: 24px; height: 24px;\"><\/div>         <\/div>             <div class=\"kksr-star\" data-star=\"5\" style=\"padding-right: 5px\">               <div class=\"kksr-icon\" style=\"width: 24px; height: 24px;\"><\/div>         <\/div>     <\/div>      <div class=\"kksr-stars-active\" style=\"width: 136.7px;\">             <div class=\"kksr-star\" style=\"padding-right: 5px\">               <div class=\"kksr-icon\" style=\"width: 24px; height: 24px;\"><\/div>         <\/div>             <div class=\"kksr-star\" style=\"padding-right: 5px\">               <div class=\"kksr-icon\" style=\"width: 24px; height: 24px;\"><\/div>         <\/div>             <div class=\"kksr-star\" style=\"padding-right: 5px\">               <div class=\"kksr-icon\" style=\"width: 24px; height: 24px;\"><\/div>         <\/div>             <div class=\"kksr-star\" style=\"padding-right: 5px\">               <div class=\"kksr-icon\" style=\"width: 24px; height: 24px;\"><\/div>         <\/div>             <div class=\"kksr-star\" style=\"padding-right: 5px\">               <div class=\"kksr-icon\" style=\"width: 24px; height: 24px;\"><\/div>         <\/div>     <\/div> <\/div>                   <div class=\"kksr-legend\" style=\"font-size: 19.2px;\">             4.8\/5 - (92 votos)    <\/div>     <\/div>  <p>A m\u00e1quina para fabricar blocos de paletes \u00e9 especializada na produ\u00e7\u00e3o de blocos de esteiras para bandejas de arrasto e camadas protetoras, usados \u200b\u200bpara transporte e armazenamento. Pode processar cerca de 4m\u00b3 de mat\u00e9ria-prima por dia.  A densidade do produto final pode atingir 550-1000kg\/m\u00b3. <\/p>    <p>Podemos personalizar o formato e o tamanho do bloco de madeira acabado, variando de 75 mm a 145 mm. Nossa m\u00e1quina para fabricar blocos de paletes pode produzir dois tipos de blocos de madeira, s\u00f3lidos e ocos. Voc\u00ea pode escolher de acordo com suas necessidades.<\/p>    <figure class=\"wp-block-embed aligncenter is-type-video is-provider-youtube wp-block-embed-youtube wp-embed-aspect-16-9 wp-has-aspect-ratio\"><div class=\"wp-block-embed__wrapper\"> <iframe loading=\"lazy\" title=\"A mais nova m\u00e1quina para fazer blocos de serragem da Shuliy Machinery! m\u00e1quina para fazer blocos de madeira comprimida\" width=\"500\" height=\"281\" src=\"https:\/\/www.youtube.com\/embed\/U64tcpbFAhQ?feature=oembed\" frameborder=\"0\" allow=\"accelerometer; autoplay; clipboard-write; encrypted-media; gyroscope; picture-in-picture; web-share\" referrerpolicy=\"strict-origin-when-cross-origin\" allowfullscreen><\/iframe> <\/div><figcaption class=\"wp-element-caption\">v\u00eddeo de funcionamento da m\u00e1quina de prensagem de blocos de paletes de madeira<\/figcaption><\/figure>    <p>A m\u00e1quina de fazer blocos de paletes da Shuliy pode produzir blocos de madeira de alta qualidade usando serradura de madeira como mat\u00e9ria-prima. Os produtos acabados n\u00e3o t\u00eam res\u00edduos soltos e apresentam boa resist\u00eancia \u00e0 \u00e1gua. Esta m\u00e1quina foi bem recebida por numerosos clientes.<\/p>    <p>Al\u00e9m disso, oferecemos dois tipos de m\u00e1quinas para fazer blocos de serragem: um \u00e9 o modelo comum e o outro \u00e9 o modelo padr\u00e3o europeu. A m\u00e1quina padr\u00e3o europeu \u00e9 um pouco mais cara. No entanto, existem diferen\u00e7as entre as duas m\u00e1quinas. Se voc\u00ea estiver interessado, entre em contato conosco para mais informa\u00e7\u00f5es.<\/p>    <figure class=\"wp-block-gallery has-nested-images columns-default is-cropped wp-block-gallery-2 is-layout-flex wp-block-gallery-is-layout-flex\"> <figure class=\"wp-block-image size-large\"><img loading=\"lazy\" decoding=\"async\" width=\"720\" height=\"540\" data-id=\"670\" src=\"https:\/\/hnwoodmachinery.com\/wp-content\/uploads\/2022\/10\/pallet-block-making-machine-2.webp\" alt=\"m\u00e1quina de fazer blocos de paletes\" class=\"wp-image-670\" title=\"m\u00e1quina de fazer blocos de paletes\"\/><figcaption class=\"wp-element-caption\">M\u00e1quina para fazer blocos de paletes<\/figcaption><\/figure>    <figure class=\"wp-block-image size-large\"><img loading=\"lazy\" decoding=\"async\" width=\"720\" height=\"540\" data-id=\"671\" src=\"https:\/\/hnwoodmachinery.com\/wp-content\/uploads\/2022\/10\/sawdust-block-making-machine-.webp\" alt=\"m\u00e1quina de fazer blocos de serragem\" class=\"wp-image-671\" title=\"m\u00e1quina de fazer blocos de serragem\"\/><figcaption class=\"wp-element-caption\">M\u00e1quina para fazer blocos de serragem<\/figcaption><\/figure> <\/figure>    <h2 class=\"wp-block-heading\">Mat\u00e9rias-primas utilizadas na m\u00e1quina de fazer blocos de serragem<\/h2>    <p class=\"translation-block\">As mat\u00e9rias-primas utilizadas na m\u00e1quina de fabrico de blocos de serradura s\u00e3o geralmente serradura de madeira, aparas de madeira, raspas de madeira, etc., semelhantes \u00e0s mat\u00e9rias-primas utilizadas na <a href=\"https:\/\/hnwoodmachinery.com\/pt\/product\/hydraulic-wood-pallet-machine\/\">m\u00e1quina de fabrico de paletes de madeira prensada<\/a>.<\/p>   <div class=\"wp-block-image\"> <figure class=\"aligncenter size-full\"><img loading=\"lazy\" decoding=\"async\" width=\"720\" height=\"540\" src=\"https:\/\/hnwoodmachinery.com\/wp-content\/uploads\/2022\/10\/raw-material-of-the-sawdust-brick-press-machine-.jpg\" alt=\"mat\u00e9ria-prima da prensa de tijolos de serragem\" class=\"wp-image-677\" title=\"mat\u00e9ria-prima da prensa de tijolos de serragem\"\/><figcaption class=\"wp-element-caption\">mat\u00e9ria-prima da prensa de tijolos de serragem<\/figcaption><\/figure> <\/div>   <h2 class=\"wp-block-heading\">Dois tipos de blocos de madeira<\/h2>    <p>Existem dois tipos de blocos de madeira que produzimos: s\u00f3lidos e ocos. Mas recomendamos os blocos ocos porque s\u00e3o respir\u00e1veis, permitindo a dissipa\u00e7\u00e3o do calor e evitando o ac\u00famulo de umidade.<\/p>    <figure class=\"wp-block-gallery aligncenter has-nested-images columns-default is-cropped wp-block-gallery-3 is-layout-flex wp-block-gallery-is-layout-flex\"><div class=\"wp-block-image\"> <figure class=\"aligncenter size-large\"><img loading=\"lazy\" decoding=\"async\" width=\"720\" height=\"540\" data-id=\"672\" src=\"https:\/\/hnwoodmachinery.com\/wp-content\/uploads\/2022\/10\/sawdust-wood-blocks-.webp\" alt=\"blocos de madeira de serragem \" class=\"wp-image-672\" title=\"blocos de madeira de serragem \"\/><figcaption class=\"wp-element-caption\">blocos de madeira de serragem<\/figcaption><\/figure> <\/div><\/figure>    <h2 class=\"wp-block-heading\">Os tamanhos dos blocos de madeira de serragem<\/h2>    <p class=\"translation-block\"><strong>Tamanho geral:<\/strong> 80*80mm, 90*90mm, 100*100mm.  <\/p>    <p class=\"translation-block\"><strong>Tamanho padr\u00e3o europeu:<\/strong> geralmente acima de 100mm, por exemplo, 145*105mm.<\/p>   <div class=\"wp-block-image\"> <figure class=\"aligncenter size-full\"><img loading=\"lazy\" decoding=\"async\" width=\"720\" height=\"540\" src=\"https:\/\/hnwoodmachinery.com\/wp-content\/uploads\/2022\/10\/different-type-of-wood-block-makers-.webp\" alt=\"diferentes tipos de m\u00e1quinas de fazer blocos de madeira\" class=\"wp-image-673\" title=\"diferentes tipos de m\u00e1quinas de fazer blocos de madeira\"\/><figcaption class=\"wp-element-caption\">diferentes tipos de fabricantes de xilogravuras<\/figcaption><\/figure> <\/div>   <h2 class=\"wp-block-heading\">Estrutura da m\u00e1quina de prensagem a quente de bloco de madeira de serragem<\/h2>    <p>A m\u00e1quina para fabricar blocos de paletes cont\u00e9m um gabinete de controle el\u00e9trico, tremonha, dispositivo de empurrar hidr\u00e1ulico, dispositivo de aquecimento e conforma\u00e7\u00e3o, sa\u00edda (com sa\u00edda dupla e sa\u00edda tripla), serra (manual ou autom\u00e1tica), etc.<\/p>    <figure class=\"wp-block-gallery has-nested-images columns-default is-cropped wp-block-gallery-4 is-layout-flex wp-block-gallery-is-layout-flex\"> <figure class=\"wp-block-image size-large\"><img loading=\"lazy\" decoding=\"async\" width=\"720\" height=\"540\" data-id=\"674\" src=\"https:\/\/hnwoodmachinery.com\/wp-content\/uploads\/2022\/10\/hopper-of-the-sawdust-wood-block-hot-press-machine-.webp\" alt=\"m\u00e1quina de prensagem a quente de blocos de madeira de serragem\" class=\"wp-image-674\" title=\"m\u00e1quina de prensagem a quente de blocos de madeira de serragem\"\/><figcaption class=\"wp-element-caption\">M\u00e1quina de prensagem a quente para bloco de madeira de serragem<\/figcaption><\/figure>    <figure class=\"wp-block-image size-large\"><img loading=\"lazy\" decoding=\"async\" width=\"720\" height=\"540\" data-id=\"675\" src=\"https:\/\/hnwoodmachinery.com\/wp-content\/uploads\/2022\/10\/heating-device-of-the-pallet-block-maker-.webp\" alt=\"aquecimento da parte da m\u00e1quina de blocos de paletes \" class=\"wp-image-675\" title=\"aquecimento da parte da m\u00e1quina de blocos de paletes \"\/><figcaption class=\"wp-element-caption\">Parte de aquecimento da m\u00e1quina de bloco de paletes <\/figcaption><\/figure>    <figure class=\"wp-block-image size-large\"><img loading=\"lazy\" decoding=\"async\" width=\"720\" height=\"540\" data-id=\"676\" src=\"https:\/\/hnwoodmachinery.com\/wp-content\/uploads\/2022\/10\/control-panel-of-the-sawdust-block-maker-.jpg\" alt=\"painel de controlo da m\u00e1quina de blocos de serradura\" class=\"wp-image-676\" title=\"painel de controlo da m\u00e1quina de blocos de serradura\"\/><figcaption class=\"wp-element-caption\">Painel de controle do fabricante de blocos de serragem<\/figcaption><\/figure> <\/figure>    <h2 class=\"wp-block-heading\">Par\u00e2metros da m\u00e1quina formadora de bloco de serragem<\/h2>    <figure class=\"wp-block-table is-style-stripes\"><table><tbody><tr><td>Tamanho<\/td><td>90*90mm (personaliz\u00e1vel)<\/td><\/tr><tr><td>Motor<\/td><td>15-18 kW<\/td><\/tr><tr><td>Capacidade<\/td><td>4 m\u00b3\/24h \uff08diferente para materiais diferentes\uff09<\/td><\/tr><tr><td>Densidade<\/td><td>550-600kg\/m\u00b3<\/td><\/tr><tr><td>Consumo de materiais<\/td><td>550-600kg\/m\u00b3(aparas de madeira,\u00a0serragem)<\/td><\/tr><tr><td>Consumo de cola<\/td><td>80-100kg\/m\u00b3<\/td><\/tr><tr><td>Controle de temperatura<\/td><td>PID<\/td><\/tr><tr><td>Dimens\u00e3o<\/td><td>4800*760*1300mm<\/td><\/tr><tr><td>Peso<\/td><td>1300kg<\/td><\/tr><\/tbody><\/table><figcaption class=\"wp-element-caption\">par\u00e2metro da m\u00e1quina de fazer blocos de serragem<\/figcaption><\/figure>    <h2 class=\"wp-block-heading\">Princ\u00edpio de funcionamento da m\u00e1quina de bloco de paletes<\/h2>    <ol class=\"wp-block-list\"> <li>O cilindro hidr\u00e1ulico gera alta press\u00e3o, acionando o pist\u00e3o para extrusar e moldar os materiais. <\/li>    <li>A placa de aquecimento, regulada para alta temperatura, auxilia na solidifica\u00e7\u00e3o e moldagem da cola de ureia-formalde\u00eddo. <\/li>    <li>O material \u00e9 ent\u00e3o cortado em um comprimento espec\u00edfico, normalmente em torno de 1,2 metros. <\/li>    <li>Ap\u00f3s o resfriamento, as longas tiras de madeira dos produtos semiacabados s\u00e3o cortadas at\u00e9 o tamanho final.<\/li> <\/ol>    <figure class=\"wp-block-embed aligncenter is-type-video is-provider-youtube wp-block-embed-youtube wp-embed-aspect-16-9 wp-has-aspect-ratio\"><div class=\"wp-block-embed__wrapper\"> <iframe loading=\"lazy\" title=\"Revolucionando a marcenaria: apresentando a melhor m\u00e1quina para fazer blocos de paletes de madeira!#woodmachine\" width=\"500\" height=\"281\" src=\"https:\/\/www.youtube.com\/embed\/PGEoARZKCAw?feature=oembed\" frameborder=\"0\" allow=\"accelerometer; autoplay; clipboard-write; encrypted-media; gyroscope; picture-in-picture; web-share\" referrerpolicy=\"strict-origin-when-cross-origin\" allowfullscreen><\/iframe> <\/div><figcaption class=\"wp-element-caption\">princ\u00edpio de funcionamento da m\u00e1quina de prensa de bloco de madeira<\/figcaption><\/figure>    <h2 class=\"wp-block-heading\">M\u00e1quinas trabalham em conjunto com fabricante de blocos de serragem<\/h2>    <p>A m\u00e1quina de fazer blocos de serradura pode ser combinada com um triturador, secador de ar (com o forno), misturador de cola, cortador de blocos de madeira, etc. para formar uma linha de produ\u00e7\u00e3o. Podemos adaptar a linha de produ\u00e7\u00e3o da m\u00e1quina de blocos de madeira de acordo com a situa\u00e7\u00e3o real do cliente.<\/p>    <figure class=\"wp-block-gallery has-nested-images columns-default is-cropped wp-block-gallery-5 is-layout-flex wp-block-gallery-is-layout-flex\"> <figure class=\"wp-block-image size-large\"><img loading=\"lazy\" decoding=\"async\" width=\"720\" height=\"540\" data-id=\"1108\" src=\"https:\/\/hnwoodmachinery.com\/wp-content\/uploads\/2022\/10\/glue-mixer.webp\" alt=\"misturador de cola\" class=\"wp-image-1108\" title=\"\" srcset=\"https:\/\/hnwoodmachinery.com\/wp-content\/uploads\/2022\/10\/glue-mixer.webp 720w, https:\/\/hnwoodmachinery.com\/wp-content\/uploads\/2022\/10\/glue-mixer-300x225.webp 300w, https:\/\/hnwoodmachinery.com\/wp-content\/uploads\/2022\/10\/glue-mixer-16x12.webp 16w\" sizes=\"auto, (max-width: 720px) 100vw, 720px\" \/><figcaption class=\"wp-element-caption\">Misturador de cola<\/figcaption><\/figure>    <figure class=\"wp-block-image size-large\"><img loading=\"lazy\" decoding=\"async\" width=\"720\" height=\"540\" data-id=\"1107\" src=\"https:\/\/hnwoodmachinery.com\/wp-content\/uploads\/2022\/10\/dicing-machine.webp\" alt=\"m\u00e1quina de corte de blocos de madeira\" class=\"wp-image-1107\" title=\"\" srcset=\"https:\/\/hnwoodmachinery.com\/wp-content\/uploads\/2022\/10\/dicing-machine.webp 720w, https:\/\/hnwoodmachinery.com\/wp-content\/uploads\/2022\/10\/dicing-machine-300x225.webp 300w, https:\/\/hnwoodmachinery.com\/wp-content\/uploads\/2022\/10\/dicing-machine-16x12.webp 16w\" sizes=\"auto, (max-width: 720px) 100vw, 720px\" \/><figcaption class=\"wp-element-caption\">M\u00e1quina de cortar blocos de madeira<\/figcaption><\/figure> <\/figure>    <h2 class=\"wp-block-heading\">Benef\u00edcios da m\u00e1quina para fazer blocos de serragem<\/h2>    <ul class=\"wp-block-list\"> <li>Existem v\u00e1rios tipos de <a href=\"https:\/\/en.wikipedia.org\/wiki\/Sawdust\" target=\"_blank\" rel=\"noopener\">serragem<\/a> m\u00e1quinas de fazer blocos, que podem atender \u00e0s diferentes necessidades dos clientes.<\/li>    <li>O bom efeito de trabalho, briquetes bonitos, limpos e dur\u00e1veis \u200b\u200bproduzidos.<\/li>    <li>A m\u00e1quina para fabricar blocos de paletes \u00e9 dur\u00e1vel e tem uma longa vida \u00fatil.<\/li>    <li>F\u00e1cil de usar, com gabinete de controle el\u00e9trico e f\u00e1cil de operar.<\/li>    <li>F\u00e1cil de operar, uma pessoa pode operar 3 m\u00e1quinas.<\/li>    <li>A m\u00e1quina pode reciclar efetivamente res\u00edduos de madeira.<\/li> <\/ul>    <figure class=\"wp-block-gallery has-nested-images columns-default is-cropped wp-block-gallery-6 is-layout-flex wp-block-gallery-is-layout-flex\"> <figure class=\"wp-block-image size-large\"><img loading=\"lazy\" decoding=\"async\" width=\"720\" height=\"540\" data-id=\"678\" src=\"https:\/\/hnwoodmachinery.com\/wp-content\/uploads\/2022\/10\/pallet-machine-maker-.webp\" alt=\"fabricante de m\u00e1quinas de paletes\" class=\"wp-image-678\" title=\"fabricante de m\u00e1quinas de paletes\"\/><figcaption class=\"wp-element-caption\">Fabricante de m\u00e1quinas de paletes<\/figcaption><\/figure>    <figure class=\"wp-block-image size-large\"><img loading=\"lazy\" decoding=\"async\" width=\"720\" height=\"540\" data-id=\"679\" src=\"https:\/\/hnwoodmachinery.com\/wp-content\/uploads\/2022\/10\/pallet-block-making-machine-3.webp\" alt=\"m\u00e1quina de fazer blocos de paletes\" class=\"wp-image-679\" title=\"m\u00e1quina de fazer blocos de paletes\"\/><figcaption class=\"wp-element-caption\">M\u00e1quina para fazer blocos de paletes<\/figcaption><\/figure> <\/figure>    <h2 class=\"wp-block-heading\">Quais s\u00e3o as vantagens dos blocos de madeira com serragem?<\/h2>    <ul class=\"wp-block-list\"> <li>Como o bloco de madeira \u00e9 formado por extrus\u00e3o em alta temperatura, ele est\u00e1 livre de fumiga\u00e7\u00e3o.<\/li>    <li>Baixo custo de produ\u00e7\u00e3o. O bloco de madeira \u00e9 composto por lascas de madeira e a mat\u00e9ria-prima \u00e9 barata e f\u00e1cil de obter.<\/li>    <li>Alto desempenho de suporte de carga. Ele pode suportar a maioria dos itens e \u00e9 amplamente utilizado.<\/li> <\/ul>    <figure class=\"wp-block-gallery has-nested-images columns-default is-cropped wp-block-gallery-7 is-layout-flex wp-block-gallery-is-layout-flex\"> <figure class=\"wp-block-image size-large\"><img loading=\"lazy\" decoding=\"async\" width=\"720\" height=\"540\" data-id=\"680\" src=\"https:\/\/hnwoodmachinery.com\/wp-content\/uploads\/2022\/10\/wood-blocks-.webp\" alt=\"blocos de madeira \" class=\"wp-image-680\" title=\"blocos de madeira \"\/><figcaption class=\"wp-element-caption\">Blocos de madeira <\/figcaption><\/figure>    <figure class=\"wp-block-image size-large\"><img loading=\"lazy\" decoding=\"async\" width=\"720\" height=\"540\" data-id=\"681\" src=\"https:\/\/hnwoodmachinery.com\/wp-content\/uploads\/2022\/10\/finished-sawdust-wood-blocks-.webp\" alt=\"blocos de madeira de serradura acabados \" class=\"wp-image-681\" title=\"blocos de madeira de serradura acabados \"\/><figcaption class=\"wp-element-caption\">Blocos de madeira serragem acabados <\/figcaption><\/figure> <\/figure>    <p>Nossa f\u00e1brica produz equipamentos de processamento de madeira h\u00e1 muitos anos e tem uma vasta experi\u00eancia. Se voc\u00ea est\u00e1 envolvido neste setor, voc\u00ea pode navegar neste site e n\u00e3o hesite em nos contatar. Seremos sua melhor escolha.<\/p>","protected":false},"excerpt":{"rendered":"<p>A m\u00e1quina para fabricar blocos de paletes \u00e9 especializada na produ\u00e7\u00e3o de blocos de esteiras para bandejas de arrasto e blocos de esteiras para camadas protetoras. <\/p>","protected":false},"author":1,"featured_media":669,"parent":0,"template":"","tags":[35,43],"product-type":[30],"class_list":["post-668","product","type-product","status-publish","has-post-thumbnail","hentry","tag-wood","tag-wood-block","product-type-wood-forming-machine"],"_links":{"self":[{"href":"https:\/\/hnwoodmachinery.com\/pt\/wp-json\/wp\/v2\/product\/668","targetHints":{"allow":["GET"]}}],"collection":[{"href":"https:\/\/hnwoodmachinery.com\/pt\/wp-json\/wp\/v2\/product"}],"about":[{"href":"https:\/\/hnwoodmachinery.com\/pt\/wp-json\/wp\/v2\/types\/product"}],"author":[{"embeddable":true,"href":"https:\/\/hnwoodmachinery.com\/pt\/wp-json\/wp\/v2\/users\/1"}],"wp:featuredmedia":[{"embeddable":true,"href":"https:\/\/hnwoodmachinery.com\/pt\/wp-json\/wp\/v2\/media\/669"}],"wp:attachment":[{"href":"https:\/\/hnwoodmachinery.com\/pt\/wp-json\/wp\/v2\/media?parent=668"}],"wp:term":[{"taxonomy":"post_tag","embeddable":true,"href":"https:\/\/hnwoodmachinery.com\/pt\/wp-json\/wp\/v2\/tags?post=668"},{"taxonomy":"product-type","embeddable":true,"href":"https:\/\/hnwoodmachinery.com\/pt\/wp-json\/wp\/v2\/product-type?post=668"}],"curies":[{"name":"wp","href":"https:\/\/api.w.org\/{rel}","templated":true}]}}