{"id":651,"date":"2022-10-11T18:12:30","date_gmt":"2022-10-11T10:12:30","guid":{"rendered":"https:\/\/hnwoodmachinery.com\/?post_type=product&#038;p=651"},"modified":"2024-09-13T18:29:07","modified_gmt":"2024-09-13T10:29:07","slug":"hydraulic-wood-pallet-machine","status":"publish","type":"product","link":"https:\/\/hnwoodmachinery.com\/pt\/product\/hydraulic-wood-pallet-machine\/","title":{"rendered":"Equipamento hidr\u00e1ulico da imprensa da p\u00e1lete de Presswood da m\u00e1quina de madeira da p\u00e1lete"},"content":{"rendered":"<div class=\"kk-star-ratings kksr-auto kksr-align-left kksr-valign-top\"     data-payload='{&quot;align&quot;:&quot;left&quot;,&quot;id&quot;:&quot;651&quot;,&quot;slug&quot;:&quot;default&quot;,&quot;valign&quot;:&quot;top&quot;,&quot;ignore&quot;:&quot;&quot;,&quot;reference&quot;:&quot;auto&quot;,&quot;class&quot;:&quot;&quot;,&quot;count&quot;:&quot;90&quot;,&quot;legendonly&quot;:&quot;&quot;,&quot;readonly&quot;:&quot;&quot;,&quot;score&quot;:&quot;4.8&quot;,&quot;starsonly&quot;:&quot;&quot;,&quot;best&quot;:&quot;5&quot;,&quot;gap&quot;:&quot;5&quot;,&quot;greet&quot;:&quot;Rate this product&quot;,&quot;legend&quot;:&quot;4.8\\\/5 - (90 votes)&quot;,&quot;size&quot;:&quot;24&quot;,&quot;title&quot;:&quot;Hydraulic Wood Pallet Machine Presswood Pallet Press Equipment&quot;,&quot;width&quot;:&quot;136.7&quot;,&quot;_legend&quot;:&quot;{score}\\\/{best} - ({count} {votes})&quot;,&quot;font_factor&quot;:&quot;1.25&quot;}'>              <div class=\"kksr-stars\">      <div class=\"kksr-stars-inactive\">             <div class=\"kksr-star\" data-star=\"1\" style=\"padding-right: 5px\">               <div class=\"kksr-icon\" style=\"width: 24px; height: 24px;\"><\/div>         <\/div>             <div class=\"kksr-star\" data-star=\"2\" style=\"padding-right: 5px\">               <div class=\"kksr-icon\" style=\"width: 24px; height: 24px;\"><\/div>         <\/div>             <div class=\"kksr-star\" data-star=\"3\" style=\"padding-right: 5px\">               <div class=\"kksr-icon\" style=\"width: 24px; height: 24px;\"><\/div>         <\/div>             <div class=\"kksr-star\" data-star=\"4\" style=\"padding-right: 5px\">               <div class=\"kksr-icon\" style=\"width: 24px; height: 24px;\"><\/div>         <\/div>             <div class=\"kksr-star\" data-star=\"5\" style=\"padding-right: 5px\">               <div class=\"kksr-icon\" style=\"width: 24px; height: 24px;\"><\/div>         <\/div>     <\/div>      <div class=\"kksr-stars-active\" style=\"width: 136.7px;\">             <div class=\"kksr-star\" style=\"padding-right: 5px\">               <div class=\"kksr-icon\" style=\"width: 24px; height: 24px;\"><\/div>         <\/div>             <div class=\"kksr-star\" style=\"padding-right: 5px\">               <div class=\"kksr-icon\" style=\"width: 24px; height: 24px;\"><\/div>         <\/div>             <div class=\"kksr-star\" style=\"padding-right: 5px\">               <div class=\"kksr-icon\" style=\"width: 24px; height: 24px;\"><\/div>         <\/div>             <div class=\"kksr-star\" style=\"padding-right: 5px\">               <div class=\"kksr-icon\" style=\"width: 24px; height: 24px;\"><\/div>         <\/div>             <div class=\"kksr-star\" style=\"padding-right: 5px\">               <div class=\"kksr-icon\" style=\"width: 24px; height: 24px;\"><\/div>         <\/div>     <\/div> <\/div>                   <div class=\"kksr-legend\" style=\"font-size: 19.2px;\">             4.8\/5 - (90 votos)    <\/div>     <\/div>  <p>A m\u00e1quina hidr\u00e1ulica para paletes de madeira molda com efici\u00eancia serragem de madeira e diversas mat\u00e9rias-primas em um \u00fanico processo de prensagem a quente. Produz um palete a cada 4-5 minutos, resultando em mais de 200 paletes diariamente. <\/p>    <p>Esta prensa para paletes de madeira processa uma variedade de mat\u00e9rias-primas, incluindo lascas de madeira, cascas de coco e res\u00edduos de serragem de madeira. Os paletes de madeira produzidos por esta m\u00e1quina s\u00e3o robustos, duradouros e comumente utilizados. Oferecemos uma variedade de modelos de nossos paletes de madeira, que tamb\u00e9m podem ser personalizados em diversos formatos. Isso nos permite atender \u00e0s diversas necessidades de nossos clientes.<\/p>    <figure class=\"wp-block-embed aligncenter is-type-video is-provider-youtube wp-block-embed-youtube wp-embed-aspect-16-9 wp-has-aspect-ratio\"><div class=\"wp-block-embed__wrapper\"> <iframe loading=\"lazy\" title=\"M\u00e1quina automatizada de paletes de madeira prensada em a\u00e7\u00e3o: revolucionando a produ\u00e7\u00e3o de paletes!#woodmachine\" width=\"500\" height=\"281\" src=\"https:\/\/www.youtube.com\/embed\/n4uJwvmJ9R0?feature=oembed\" frameborder=\"0\" allow=\"accelerometer; autoplay; clipboard-write; encrypted-media; gyroscope; picture-in-picture; web-share\" referrerpolicy=\"strict-origin-when-cross-origin\" allowfullscreen><\/iframe> <\/div><figcaption class=\"wp-element-caption\">v\u00eddeo de funcionamento da m\u00e1quina de prensagem de paletes de madeira<\/figcaption><\/figure>    <p class=\"translation-block\">Nossas m\u00e1quinas de paletes de madeira s\u00e3o populares em v\u00e1rios pa\u00edses, incluindo Canad\u00e1, Egito, Mal\u00e1sia, Madagascar, M\u00e9xico e Eslov\u00e1quia. Al\u00e9m disso, produzimos <a href=\"https:\/\/hnwoodmachinery.com\/pt\/product\/wood-hammer-mill\/\">m\u00e1quinas para fazer serragem<\/a> que podem ser usadas em conjunto com a m\u00e1quina hidr\u00e1ulica de paletes de madeira.<\/p>    <figure class=\"wp-block-gallery has-nested-images columns-default is-cropped wp-block-gallery-2 is-layout-flex wp-block-gallery-is-layout-flex\"> <figure class=\"wp-block-image size-large\"><img loading=\"lazy\" decoding=\"async\" width=\"720\" height=\"540\" data-id=\"654\" src=\"https:\/\/hnwoodmachinery.com\/wp-content\/uploads\/2022\/10\/hydraulic-wood-pallet-machine-1.webp\" alt=\"m\u00e1quina hidr\u00e1ulica de paletes de madeira\" class=\"wp-image-654\" title=\"m\u00e1quina hidr\u00e1ulica de paletes de madeira\"\/><figcaption class=\"wp-element-caption\">M\u00e1quina hidr\u00e1ulica de paletes de madeira<\/figcaption><\/figure>    <figure class=\"wp-block-image size-large\"><img loading=\"lazy\" decoding=\"async\" width=\"720\" height=\"540\" data-id=\"655\" src=\"https:\/\/hnwoodmachinery.com\/wp-content\/uploads\/2022\/10\/press-wood-pallet-making-machine-.webp\" alt=\"pressione a m\u00e1quina para fazer paletes de madeira\" class=\"wp-image-655\" title=\"pressione a m\u00e1quina para fazer paletes de madeira\"\/><figcaption class=\"wp-element-caption\">Pressione a m\u00e1quina para fazer paletes de madeira<\/figcaption><\/figure> <\/figure>    <h2 class=\"wp-block-heading\">Materiais processados \u200b\u200bpela m\u00e1quina para fabricar paletes de madeira prensada<\/h2>    <p class=\"translation-block\"><strong>Mat\u00e9ria-prima:<\/strong> as mat\u00e9rias-primas que podem ser processadas pela m\u00e1quina de paletes de madeira s\u00e3o bastante diversas. Normalmente, incluem cascas de coco, fibras de coco, papel, materiais biol\u00f3gicos, aparas de madeira, serragem, lascas e v\u00e1rios tipos de lascas de madeira.<\/p>   <div class=\"wp-block-image\"> <figure class=\"aligncenter size-full\"><img loading=\"lazy\" decoding=\"async\" width=\"720\" height=\"540\" src=\"https:\/\/hnwoodmachinery.com\/wp-content\/uploads\/2022\/10\/raw-material-of-the-wood-pallet-.webp\" alt=\"mat\u00e9ria-prima da palete de madeira\" class=\"wp-image-656\" title=\"mat\u00e9ria-prima da palete de madeira\"\/><figcaption class=\"wp-element-caption\">mat\u00e9ria-prima da palete de madeira<\/figcaption><\/figure> <\/div>   <p class=\"translation-block\"><strong>Aplica\u00e7\u00e3o de paletes de madeira:<\/strong> os paletes de madeira s\u00e3o capazes de transportar objetos pesados e transportar diversos itens, incluindo alimentos, medicamentos, produtos agr\u00edcolas e fertilizantes.<\/p>   <div class=\"wp-block-image\"> <figure class=\"aligncenter size-full\"><img loading=\"lazy\" decoding=\"async\" width=\"720\" height=\"540\" src=\"https:\/\/hnwoodmachinery.com\/wp-content\/uploads\/2022\/10\/Application-of-wood-pallet-.webp\" alt=\"Aplica\u00e7\u00e3o de palete de madeira\" class=\"wp-image-657\" title=\"Aplica\u00e7\u00e3o de palete de madeira\"\/><figcaption class=\"wp-element-caption\"><strong>Aplica\u00e7\u00e3o de palete de madeira<\/strong><\/figcaption><\/figure> <\/div>   <h2 class=\"wp-block-heading\">Estrutura da prensa de paletes<\/h2>    <p>A m\u00e1quina hidr\u00e1ulica para paletes de madeira consiste principalmente em uma esta\u00e7\u00e3o de bomba hidr\u00e1ulica, cilindro hidr\u00e1ulico, matrizes superior e inferior, gabinete de controle, m\u00e1quina de temperatura do molde e outros componentes. V\u00e1rios modelos de m\u00e1quinas geram press\u00f5es diferentes.<\/p>    <figure class=\"wp-block-gallery has-nested-images columns-default is-cropped wp-block-gallery-3 is-layout-flex wp-block-gallery-is-layout-flex\"> <figure class=\"wp-block-image size-large\"><img loading=\"lazy\" decoding=\"async\" width=\"720\" height=\"540\" data-id=\"658\" src=\"https:\/\/hnwoodmachinery.com\/wp-content\/uploads\/2022\/10\/pallet-press-machine\u2018control-panel-.webp\" alt=\"painel de controle da m\u00e1quina de prensagem de paletes\" class=\"wp-image-658\" title=\"painel de controle da m\u00e1quina de prensagem de paletes\"\/><figcaption class=\"wp-element-caption\">Painel de controle da m\u00e1quina prensa de paletes<\/figcaption><\/figure>    <figure class=\"wp-block-image size-large\"><img loading=\"lazy\" decoding=\"async\" width=\"720\" height=\"540\" data-id=\"659\" src=\"https:\/\/hnwoodmachinery.com\/wp-content\/uploads\/2022\/10\/molding-part-.webp\" alt=\"\" class=\"wp-image-659\" title=\"\"><figcaption class=\"wp-element-caption\">Pe\u00e7a de moldagem <\/figcaption><\/figure>    <figure class=\"wp-block-image size-large\"><img loading=\"lazy\" decoding=\"async\" width=\"720\" height=\"540\" data-id=\"660\" src=\"https:\/\/hnwoodmachinery.com\/wp-content\/uploads\/2022\/10\/upper-part-of-the-wood-pallet-machine-.webp\" alt=\"parte superior da m\u00e1quina de paletes de madeira\" class=\"wp-image-660\" title=\"parte superior da m\u00e1quina de paletes de madeira\"\/><figcaption class=\"wp-element-caption\">Parte superior da m\u00e1quina de paletes de madeira<\/figcaption><\/figure> <\/figure>    <h2 class=\"wp-block-heading\">Fluxo de trabalho da prensa de pellets de serragem<\/h2>   <div id=\"rank-math-howto\" class=\"rank-math-block\" > <div class=\"rank-math-howto-description\">  <\/div>  <div class=\"rank-math-steps\"> <div id=\"howto-step-1717482181808\" class=\"rank-math-step\"> <div class=\"rank-math-step-content\"><p>Os trabalhadores come\u00e7am colocando a mat\u00e9ria-prima plana no molde da m\u00e1quina hidr\u00e1ulica de paletes de madeira.<\/p> <\/div> <\/div> <div id=\"howto-step-1717482237057\" class=\"rank-math-step\"> <div class=\"rank-math-step-content\"><p>Ligue a m\u00e1quina e configure-a v\u00e1rias vezes. Depois disso, a m\u00e1quina come\u00e7a a prensar a quente a mat\u00e9ria-prima.<\/p> <\/div> <\/div> <div id=\"howto-step-1717482241247\" class=\"rank-math-step\"> <div class=\"rank-math-step-content\"><p>Ap\u00f3s cerca de 4 a 5 minutos, o processo de confec\u00e7\u00e3o do palete de madeira est\u00e1 conclu\u00eddo.<\/p> <\/div> <\/div> <\/div> <\/div>       <figure class=\"wp-block-embed aligncenter is-type-video is-provider-youtube wp-block-embed-youtube wp-embed-aspect-16-9 wp-has-aspect-ratio\"><div class=\"wp-block-embed__wrapper\"> <iframe loading=\"lazy\" title=\"Efici\u00eancia Elevada: Veja Nossa M\u00e1quina Moldadora de Paletes Presswood em A\u00e7\u00e3o! #processamento de madeira\" width=\"500\" height=\"281\" src=\"https:\/\/www.youtube.com\/embed\/BRzDbvVdf7U?feature=oembed\" frameborder=\"0\" allow=\"accelerometer; autoplay; clipboard-write; encrypted-media; gyroscope; picture-in-picture; web-share\" referrerpolicy=\"strict-origin-when-cross-origin\" allowfullscreen><\/iframe> <\/div><figcaption class=\"wp-element-caption\">v\u00eddeo de processamento de m\u00e1quina hidr\u00e1ulica de paletes de madeira<\/figcaption><\/figure>    <h2 class=\"wp-block-heading\">Par\u00e2metros t\u00e9cnicos da m\u00e1quina para fabricar paletes de prensagem a quente<\/h2>    <figure class=\"wp-block-table is-style-stripes\"><table><tbody><tr><td>Modelo<\/td><td>SL-800-102 com dois moldes<\/td><\/tr><tr><td>Tamanho dos moldes<\/td><td>1200*800mm(Personaliz\u00e1vel)<\/td><\/tr><tr><td>Tens\u00e3o<\/td><td>11kw (mais novo)<\/td><\/tr><tr><td>Capacidade<\/td><td>220 unidades\/dia<\/td><\/tr><tr><td>Press\u00e3o de trabalho<\/td><td>25MPa<\/td><\/tr><tr><td>Cilindro de \u00d3leo<\/td><td>\u03a6360*4pcs<\/td><\/tr><tr><td>AVC<\/td><td>400mm<\/td><\/tr><tr><td>Dimens\u00e3o<\/td><td>3,3mX3mX3,2m<\/td><\/tr><tr><td>Peso<\/td><td>25 toneladas<\/td><\/tr><\/tbody><\/table><figcaption class=\"wp-element-caption\">par\u00e2metro da m\u00e1quina de fabrica\u00e7\u00e3o de paletes de prensagem a quente<\/figcaption><\/figure>    <h2 class=\"wp-block-heading\">Por que escolher nossa m\u00e1quina de paletes de madeira?<\/h2>    <ul class=\"wp-block-list\"> <li>A m\u00e1quina hidr\u00e1ulica para paletes de madeira \u00e9 vers\u00e1til e pode utilizar uma variedade de mat\u00e9rias-primas, incluindo diferentes tipos de serragem de madeira e materiais de fibra longa. Essa flexibilidade permite que os usu\u00e1rios minimizem a entrada de mat\u00e9ria-prima.<\/li>    <li>Existem v\u00e1rios modelos desta m\u00e1quina dispon\u00edveis, possibilitando a produ\u00e7\u00e3o de paletes de madeira em diversos tamanhos.<\/li>    <li>A m\u00e1quina de prensar paletes de madeira opera em alta press\u00e3o, resultando em paletes de madeira s\u00f3lidas e dur\u00e1veis.<\/li>    <li>Apresentando uma estrutura de quatro postes, o equipamento \u00e9 est\u00e1vel, de f\u00e1cil manuten\u00e7\u00e3o e projetado para uma longa vida \u00fatil.<\/li>    <li>O sistema de controle PLC \u00e9 f\u00e1cil de usar, permitindo definir o tempo e a temperatura de acordo com suas necessidades.<\/li> <\/ul>    <figure class=\"wp-block-gallery has-nested-images columns-default is-cropped wp-block-gallery-4 is-layout-flex wp-block-gallery-is-layout-flex\"> <figure class=\"wp-block-image size-large\"><img loading=\"lazy\" decoding=\"async\" width=\"720\" height=\"540\" data-id=\"666\" src=\"https:\/\/hnwoodmachinery.com\/wp-content\/uploads\/2022\/10\/wood-pallet-machine-.webp\" alt=\"m\u00e1quina de paletes de madeira\" class=\"wp-image-666\" title=\"m\u00e1quina de paletes de madeira\"\/><figcaption class=\"wp-element-caption\">M\u00e1quina de paletes de madeira<\/figcaption><\/figure>    <figure class=\"wp-block-image size-large\"><img loading=\"lazy\" decoding=\"async\" width=\"720\" height=\"540\" data-id=\"667\" src=\"https:\/\/hnwoodmachinery.com\/wp-content\/uploads\/2022\/10\/wood-pallets-2.webp\" alt=\"palete de madeira \" class=\"wp-image-667\" title=\"palete de madeira \"\/><figcaption class=\"wp-element-caption\">Palete de madeira <\/figcaption><\/figure> <\/figure>    <h2 class=\"wp-block-heading\">Quais s\u00e3o as vantagens dos paletes de madeira?<\/h2>    <ul class=\"wp-block-list\"> <li>Os paletes de madeira n\u00e3o necessitam de fumiga\u00e7\u00e3o, permitindo f\u00e1cil importa\u00e7\u00e3o e exporta\u00e7\u00e3o.<\/li>    <li>Cumprem as normas de prote\u00e7\u00e3o ambiental e t\u00eam baixos custos de produ\u00e7\u00e3o.<\/li>    <li>Os paletes de madeira mant\u00eam uma forma est\u00e1vel, resistem \u00e0 deforma\u00e7\u00e3o e t\u00eam uma longa vida \u00fatil.<\/li>    <li>Eles s\u00e3o caracterizados por alta precis\u00e3o e design leve.<\/li> <\/ul>    <figure class=\"wp-block-gallery has-nested-images columns-default is-cropped wp-block-gallery-5 is-layout-flex wp-block-gallery-is-layout-flex\"> <figure class=\"wp-block-image size-large\"><img loading=\"lazy\" decoding=\"async\" width=\"720\" height=\"540\" data-id=\"661\" src=\"https:\/\/hnwoodmachinery.com\/wp-content\/uploads\/2022\/10\/finished-wood-pallet-.webp\" alt=\"palete de madeira acabada\" class=\"wp-image-661\" title=\"palete de madeira acabada\"\/><figcaption class=\"wp-element-caption\">Palete de madeira acabada<\/figcaption><\/figure>    <figure class=\"wp-block-image size-large\"><img loading=\"lazy\" decoding=\"async\" width=\"720\" height=\"540\" data-id=\"662\" src=\"https:\/\/hnwoodmachinery.com\/wp-content\/uploads\/2022\/10\/wood-pallets-.webp\" alt=\"paletes de madeira\" class=\"wp-image-662\" title=\"paletes de madeira\"\/><figcaption class=\"wp-element-caption\">Paletes de madeira<\/figcaption><\/figure> <\/figure>    <figure class=\"wp-block-gallery has-nested-images columns-default is-cropped wp-block-gallery-6 is-layout-flex wp-block-gallery-is-layout-flex\"> <figure class=\"wp-block-image size-large\"><img loading=\"lazy\" decoding=\"async\" width=\"720\" height=\"540\" data-id=\"1103\" src=\"https:\/\/hnwoodmachinery.com\/wp-content\/uploads\/2022\/10\/wooden-pallets.webp\" alt=\"paletes de madeira\" class=\"wp-image-1103\" title=\"\" srcset=\"https:\/\/hnwoodmachinery.com\/wp-content\/uploads\/2022\/10\/wooden-pallets.webp 720w, https:\/\/hnwoodmachinery.com\/wp-content\/uploads\/2022\/10\/wooden-pallets-300x225.webp 300w, https:\/\/hnwoodmachinery.com\/wp-content\/uploads\/2022\/10\/wooden-pallets-16x12.webp 16w\" sizes=\"auto, (max-width: 720px) 100vw, 720px\" \/><figcaption class=\"wp-element-caption\">Paletes de madeira<\/figcaption><\/figure>    <figure class=\"wp-block-image size-large\"><img loading=\"lazy\" decoding=\"async\" width=\"720\" height=\"540\" data-id=\"1102\" src=\"https:\/\/hnwoodmachinery.com\/wp-content\/uploads\/2022\/10\/presswood-pallet-production.webp\" alt=\"produ\u00e7\u00e3o de paletes de aglomerado\" class=\"wp-image-1102\" title=\"\" srcset=\"https:\/\/hnwoodmachinery.com\/wp-content\/uploads\/2022\/10\/presswood-pallet-production.webp 720w, https:\/\/hnwoodmachinery.com\/wp-content\/uploads\/2022\/10\/presswood-pallet-production-300x225.webp 300w, https:\/\/hnwoodmachinery.com\/wp-content\/uploads\/2022\/10\/presswood-pallet-production-16x12.webp 16w\" sizes=\"auto, (max-width: 720px) 100vw, 720px\" \/><figcaption class=\"wp-element-caption\">Produ\u00e7\u00e3o de paletes Presswood<\/figcaption><\/figure> <\/figure>    <h2 class=\"wp-block-heading\">Perguntas frequentes<\/h2>   <div id=\"rank-math-faq\" class=\"rank-math-block\"> <div class=\"rank-math-list\"> <div id=\"faq-question-1717482314554\" class=\"rank-math-list-item\"> <h3 class=\"rank-math-question\">O tamanho dos paletes de madeira pode ser personalizado?<\/h3> <div class=\"rank-math-answer\">  <p>Sim, \u00e9 poss\u00edvel.<\/p>  <\/div> <\/div> <div id=\"faq-question-1717482319564\" class=\"rank-math-list-item\"> <h3 class=\"rank-math-question\">O molde dos paletes de madeira pode ser substitu\u00eddo? Pode ser personalizado?<\/h3> <div class=\"rank-math-answer\">  <p>Os moldes podem ser alterados. Podemos personalizar o molde de paletes de madeira de acordo com os requisitos do cliente.<\/p>  <\/div> <\/div> <div id=\"faq-question-1717482326171\" class=\"rank-math-list-item\"> <h3 class=\"rank-math-question\">Qual \u00e9 o peso dos paletes de madeira que podem ser transportados?<\/h3> <div class=\"rank-math-answer\">  <p>Carga est\u00e1tica: 3, 5, 10 toneladas. Carga din\u00e2mica: 3-5 toneladas.<\/p>  <\/div> <\/div> <div id=\"faq-question-1717482333756\" class=\"rank-math-list-item\"> <h3 class=\"rank-math-question\">Qual \u00e9 a exig\u00eancia de umidade da mat\u00e9ria-prima?<\/h3> <div class=\"rank-math-answer\">  <p>Quanto menos umidade melhor. Geralmente, \u00e9 cerca de 10%.<\/p>  <\/div> <\/div> <div id=\"faq-question-1717482341738\" class=\"rank-math-list-item\"> <h3 class=\"rank-math-question\">Quanto tempo leva para fazer um palete de madeira?<\/h3> <div class=\"rank-math-answer\">  <p>4-5 minutos.<\/p>  <\/div> <\/div> <\/div> <\/div>   <figure class=\"wp-block-gallery has-nested-images columns-default is-cropped wp-block-gallery-7 is-layout-flex wp-block-gallery-is-layout-flex\"> <figure class=\"wp-block-image size-large\"><img loading=\"lazy\" decoding=\"async\" width=\"720\" height=\"540\" data-id=\"664\" src=\"https:\/\/hnwoodmachinery.com\/wp-content\/uploads\/2022\/10\/sawdust-pellet-press-machines-mold-1-1.jpg\" alt=\"moldura da m\u00e1quina de prensagem de pellets de serragem\" class=\"wp-image-664\" title=\"moldura da m\u00e1quina de prensagem de pellets de serragem\"\/><figcaption class=\"wp-element-caption\">Matriz da m\u00e1quina de prensagem de pellets de serradura<\/figcaption><\/figure>    <figure class=\"wp-block-image size-large\"><img loading=\"lazy\" decoding=\"async\" width=\"720\" height=\"540\" data-id=\"665\" src=\"https:\/\/hnwoodmachinery.com\/wp-content\/uploads\/2022\/10\/hot-press-pallet-making-machine-.jpg\" alt=\"moldura da m\u00e1quina de prensagem a quente para paletes \" class=\"wp-image-665\" title=\"moldura da m\u00e1quina de prensagem a quente para paletes \"\/><figcaption class=\"wp-element-caption\">Matriz da m\u00e1quina de fabrica\u00e7\u00e3o de paletes de prensagem a quente <\/figcaption><\/figure> <\/figure>    <h2 class=\"wp-block-heading\">M\u00e1quina de paletes de madeira vendida para o Canad\u00e1<\/h2>    <p class=\"translation-block\">Um cliente do <a href=\"https:\/\/en.wikipedia.org\/wiki\/Canada\" target=\"_blank\" rel=\"noopener\">Canad\u00e1<\/a> fez um pedido de uma m\u00e1quina hidr\u00e1ulica de paletes de madeira TP-800-102 conosco na semana passada. Atrav\u00e9s de nossas discuss\u00f5es, descobrimos que o cliente opera uma f\u00e1brica de paletes de madeira e est\u00e1 procurando adquirir uma nova m\u00e1quina. <\/p>    <p>Anteriormente, o cliente usava uma m\u00e1quina de paletes de madeira com estrutura mais antiga. Sugerimos o novo modelo, destacando sua menor pegada, maior efici\u00eancia e durabilidade do produto acabado. Depois de fornecer uma introdu\u00e7\u00e3o completa \u00e0 m\u00e1quina, o cliente optou por prosseguir com a compra da m\u00e1quina para paletes de madeira.<\/p>","protected":false},"excerpt":{"rendered":"<p>A m\u00e1quina hidr\u00e1ulica para paletes de madeira molda com efici\u00eancia serragem de madeira e diversas mat\u00e9rias-primas em um \u00fanico processo de prensagem a quente. Produz um palete a cada 4-5 minutos, resultando em mais de 200 paletes diariamente. <\/p>","protected":false},"author":1,"featured_media":653,"parent":0,"template":"","tags":[35,39],"product-type":[30],"class_list":["post-651","product","type-product","status-publish","has-post-thumbnail","hentry","tag-wood","tag-wood-pallet","product-type-wood-forming-machine"],"_links":{"self":[{"href":"https:\/\/hnwoodmachinery.com\/pt\/wp-json\/wp\/v2\/product\/651","targetHints":{"allow":["GET"]}}],"collection":[{"href":"https:\/\/hnwoodmachinery.com\/pt\/wp-json\/wp\/v2\/product"}],"about":[{"href":"https:\/\/hnwoodmachinery.com\/pt\/wp-json\/wp\/v2\/types\/product"}],"author":[{"embeddable":true,"href":"https:\/\/hnwoodmachinery.com\/pt\/wp-json\/wp\/v2\/users\/1"}],"wp:featuredmedia":[{"embeddable":true,"href":"https:\/\/hnwoodmachinery.com\/pt\/wp-json\/wp\/v2\/media\/653"}],"wp:attachment":[{"href":"https:\/\/hnwoodmachinery.com\/pt\/wp-json\/wp\/v2\/media?parent=651"}],"wp:term":[{"taxonomy":"post_tag","embeddable":true,"href":"https:\/\/hnwoodmachinery.com\/pt\/wp-json\/wp\/v2\/tags?post=651"},{"taxonomy":"product-type","embeddable":true,"href":"https:\/\/hnwoodmachinery.com\/pt\/wp-json\/wp\/v2\/product-type?post=651"}],"curies":[{"name":"wp","href":"https:\/\/api.w.org\/{rel}","templated":true}]}}