{"id":30,"date":"2022-07-18T03:48:36","date_gmt":"2022-07-18T03:48:36","guid":{"rendered":"https:\/\/hnwoodmachinery.com\/?post_type=product&#038;p=30"},"modified":"2024-09-11T17:57:28","modified_gmt":"2024-09-11T09:57:28","slug":"shavings-for-animal-bedding","status":"publish","type":"product","link":"https:\/\/hnwoodmachinery.com\/pt\/product\/shavings-for-animal-bedding\/","title":{"rendered":"Aparas para cama de animais M\u00e1quina de barbear de madeira de bom pre\u00e7o"},"content":{"rendered":"<div class=\"kk-star-ratings kksr-auto kksr-align-left kksr-valign-top\"     data-payload='{&quot;align&quot;:&quot;left&quot;,&quot;id&quot;:&quot;30&quot;,&quot;slug&quot;:&quot;default&quot;,&quot;valign&quot;:&quot;top&quot;,&quot;ignore&quot;:&quot;&quot;,&quot;reference&quot;:&quot;auto&quot;,&quot;class&quot;:&quot;&quot;,&quot;count&quot;:&quot;92&quot;,&quot;legendonly&quot;:&quot;&quot;,&quot;readonly&quot;:&quot;&quot;,&quot;score&quot;:&quot;4.8&quot;,&quot;starsonly&quot;:&quot;&quot;,&quot;best&quot;:&quot;5&quot;,&quot;gap&quot;:&quot;5&quot;,&quot;greet&quot;:&quot;Rate this product&quot;,&quot;legend&quot;:&quot;4.8\\\/5 - (92 votes)&quot;,&quot;size&quot;:&quot;24&quot;,&quot;title&quot;:&quot;Shavings For Animal Bedding Good Price Wood Shaving Machine&quot;,&quot;width&quot;:&quot;136.7&quot;,&quot;_legend&quot;:&quot;{score}\\\/{best} - ({count} {votes})&quot;,&quot;font_factor&quot;:&quot;1.25&quot;}'>              <div class=\"kksr-stars\">      <div class=\"kksr-stars-inactive\">             <div class=\"kksr-star\" data-star=\"1\" style=\"padding-right: 5px\">               <div class=\"kksr-icon\" style=\"width: 24px; height: 24px;\"><\/div>         <\/div>             <div class=\"kksr-star\" data-star=\"2\" style=\"padding-right: 5px\">               <div class=\"kksr-icon\" style=\"width: 24px; height: 24px;\"><\/div>         <\/div>             <div class=\"kksr-star\" data-star=\"3\" style=\"padding-right: 5px\">               <div class=\"kksr-icon\" style=\"width: 24px; height: 24px;\"><\/div>         <\/div>             <div class=\"kksr-star\" data-star=\"4\" style=\"padding-right: 5px\">               <div class=\"kksr-icon\" style=\"width: 24px; height: 24px;\"><\/div>         <\/div>             <div class=\"kksr-star\" data-star=\"5\" style=\"padding-right: 5px\">               <div class=\"kksr-icon\" style=\"width: 24px; height: 24px;\"><\/div>         <\/div>     <\/div>      <div class=\"kksr-stars-active\" style=\"width: 136.7px;\">             <div class=\"kksr-star\" style=\"padding-right: 5px\">               <div class=\"kksr-icon\" style=\"width: 24px; height: 24px;\"><\/div>         <\/div>             <div class=\"kksr-star\" style=\"padding-right: 5px\">               <div class=\"kksr-icon\" style=\"width: 24px; height: 24px;\"><\/div>         <\/div>             <div class=\"kksr-star\" style=\"padding-right: 5px\">               <div class=\"kksr-icon\" style=\"width: 24px; height: 24px;\"><\/div>         <\/div>             <div class=\"kksr-star\" style=\"padding-right: 5px\">               <div class=\"kksr-icon\" style=\"width: 24px; height: 24px;\"><\/div>         <\/div>             <div class=\"kksr-star\" style=\"padding-right: 5px\">               <div class=\"kksr-icon\" style=\"width: 24px; height: 24px;\"><\/div>         <\/div>     <\/div> <\/div>                   <div class=\"kksr-legend\" style=\"font-size: 19.2px;\">             4.8\/5 - (92 votos)    <\/div>     <\/div>  <p>A m\u00e1quina de barbear para madeira \u00e9 especialmente projetada para cortar madeira redonda de diferentes di\u00e2metros em aparas de madeira de boa qualidade para camas de animais. Ele opera girando sua l\u00e2mina para produzir cavacos ultrafinos com precis\u00e3o de at\u00e9 0,5 mm. <\/p>    <p>Ela pode movimentar at\u00e9 3.000 kg de toras por hora, o que ajuda a reduzir o consumo de energia no processo produtivo at\u00e9 20%. Quer seja utilizado na fabrica\u00e7\u00e3o de m\u00f3veis, na produ\u00e7\u00e3o de placas ou no pr\u00e9-tratamento de materiais de constru\u00e7\u00e3o, contribui para melhorar a efici\u00eancia da produ\u00e7\u00e3o.<\/p>    <p>As aparas acabadas t\u00eam tamanhos ajust\u00e1veis \u200b\u200be podem ser usadas como cama para cria\u00e7\u00e3o e reprodu\u00e7\u00e3o de gado, como cavalos, porcos, gado, ovelhas, galinhas, animais de estima\u00e7\u00e3o, etc. .<\/p>    <figure class=\"wp-block-embed aligncenter is-type-video is-provider-youtube wp-block-embed-youtube wp-embed-aspect-16-9 wp-has-aspect-ratio\"><div class=\"wp-block-embed__wrapper\"> <iframe loading=\"lazy\" title=\"Transformando res\u00edduos em tesouro: uma opera\u00e7\u00e3o incr\u00edvel de uma m\u00e1quina de barbear madeira altamente eficiente!\" width=\"500\" height=\"281\" src=\"https:\/\/www.youtube.com\/embed\/AT86gcX0xlU?feature=oembed\" frameborder=\"0\" allow=\"accelerometer; autoplay; clipboard-write; encrypted-media; gyroscope; picture-in-picture; web-share\" referrerpolicy=\"strict-origin-when-cross-origin\" allowfullscreen><\/iframe> <\/div><figcaption class=\"wp-element-caption\">v\u00eddeo de trabalho de maravalha para cama de animais<\/figcaption><\/figure>    <h2 class=\"wp-block-heading\" id=\"h-brief-introduction-shavings-for-animal-bedding\">Aparas de m\u00e1quina personaliz\u00e1veis \u200b\u200bpara camas de animais<\/h2>    <p>A m\u00e1quina de aparar madeira da Shuliy tem diferentes modelos. Podemos atender \u00e0s necessidades de mais clientes. Tamb\u00e9m podemos personalizar a m\u00e1quina de acordo com as necessidades espec\u00edficas dos nossos clientes. <\/p>    <p>Por exemplo, podemos levantar a estrutura das aparas para a cama dos animais e adicionar duas rodas grandes para facilitar a movimenta\u00e7\u00e3o da m\u00e1quina pelos clientes, etc. A profundidade da faca pode ser ajustada conforme necess\u00e1rio para obter aparas de diferentes espessuras. <\/p>    <p>Quanto \u00e0 pot\u00eancia, a m\u00e1quina pode ser equipada com motor diesel e motor el\u00e9trico. Os pa\u00edses para os quais exportamos frequentemente s\u00e3o a \u00c1frica do Sul e as \u00e1reas circundantes.<\/p>    <figure class=\"wp-block-gallery has-nested-images columns-2 is-cropped wp-block-gallery-2 is-layout-flex wp-block-gallery-is-layout-flex\"> <figure class=\"wp-block-image size-large\"><img loading=\"lazy\" decoding=\"async\" width=\"720\" height=\"540\" data-id=\"441\" src=\"https:\/\/hnwoodmachinery.com\/wp-content\/uploads\/2022\/09\/wood-shaving-machine-0.webp\" alt=\"cascas para cama de animais\" class=\"wp-image-441\" title=\"cascas para cama de animais\"\/><figcaption class=\"wp-element-caption\">Aparas para cama de animais<\/figcaption><\/figure>    <figure class=\"wp-block-image size-large\"><img loading=\"lazy\" decoding=\"async\" width=\"720\" height=\"540\" data-id=\"442\" src=\"https:\/\/hnwoodmachinery.com\/wp-content\/uploads\/2022\/09\/wood-shaving-machine-for-animal-bedding-0.webp\" alt=\"m\u00e1quina de barbear madeira para cama de animais\" class=\"wp-image-442\" title=\"m\u00e1quina de barbear madeira para cama de animais\"\/><figcaption class=\"wp-element-caption\">M\u00e1quina de barbear madeira para cama de animais<\/figcaption><\/figure>    <figure class=\"wp-block-image size-large\"><img loading=\"lazy\" decoding=\"async\" width=\"720\" height=\"540\" data-id=\"1162\" src=\"https:\/\/hnwoodmachinery.com\/wp-content\/uploads\/2022\/07\/portable-wood-shaving-machine-.webp\" alt=\"m\u00e1quina de barbear madeira port\u00e1til\" class=\"wp-image-1162\" title=\"\" srcset=\"https:\/\/hnwoodmachinery.com\/wp-content\/uploads\/2022\/07\/portable-wood-shaving-machine-.webp 720w, https:\/\/hnwoodmachinery.com\/wp-content\/uploads\/2022\/07\/portable-wood-shaving-machine--300x225.webp 300w, https:\/\/hnwoodmachinery.com\/wp-content\/uploads\/2022\/07\/portable-wood-shaving-machine--16x12.webp 16w\" sizes=\"auto, (max-width: 720px) 100vw, 720px\" \/><figcaption class=\"wp-element-caption\">M\u00e1quina port\u00e1til de barbear madeira<\/figcaption><\/figure>    <figure class=\"wp-block-image size-large\"><img loading=\"lazy\" decoding=\"async\" width=\"720\" height=\"540\" data-id=\"1161\" src=\"https:\/\/hnwoodmachinery.com\/wp-content\/uploads\/2022\/07\/diesel-wood-shaver-machine.webp\" alt=\"m\u00e1quina de barbear madeira diesel\" class=\"wp-image-1161\" title=\"\" srcset=\"https:\/\/hnwoodmachinery.com\/wp-content\/uploads\/2022\/07\/diesel-wood-shaver-machine.webp 720w, https:\/\/hnwoodmachinery.com\/wp-content\/uploads\/2022\/07\/diesel-wood-shaver-machine-300x225.webp 300w, https:\/\/hnwoodmachinery.com\/wp-content\/uploads\/2022\/07\/diesel-wood-shaver-machine-16x12.webp 16w\" sizes=\"auto, (max-width: 720px) 100vw, 720px\" \/><figcaption class=\"wp-element-caption\">M\u00e1quina de barbear madeira diesel<\/figcaption><\/figure> <\/figure>    <p class=\"translation-block\">Antes de fazer aparas, pode pr\u00e9-tratar os toros com a nossa <a href=\"https:\/\/hnwoodmachinery.com\/pt\/product\/log-debarker-machine\/\">descascadora de toros<\/a>.<\/p>    <h2 class=\"wp-block-heading\" id=\"h-application-scope-of-wood-shaving-machine\">Escopo de aplica\u00e7\u00e3o da m\u00e1quina de barbear de madeira<\/h2>    <p class=\"translation-block\"><strong>Mat\u00e9ria-prima:<\/strong> toros (melhor ap\u00f3s descascar), ramos, etc.<\/p>    <p class=\"translation-block\"><strong>Aplica\u00e7\u00e3o dos produtos acabados<\/strong><\/p>    <ul class=\"wp-block-list\"> <li>Pode ser transformado em aglomerado (compensado), utilizado como mat\u00e9ria-prima para celulose de madeira em f\u00e1bricas de papel e como enchimento para transporte de mercadorias fr\u00e1geis em transportadoras. <\/li>    <li>Tamb\u00e9m \u00e9 utilizado como recheio de pequenos su\u00ednos, bovinos, ovinos e diversos animais em seus ninhos, e como bioenergia.<\/li>    <li>Esta m\u00e1quina \u00e9 usada por pequenas e m\u00e9dias empresas, bem como por resid\u00eancias individuais de processamento de madeira, como f\u00e1bricas de pain\u00e9is de part\u00edculas, f\u00e1bricas de papel\u00e3o, f\u00e1bricas de papel, combust\u00edvel bioenerg\u00e9tico, roupas de cama para animais de estima\u00e7\u00e3o, cria\u00e7\u00e3o de aves para ninhos de cama e log\u00edstica fr\u00e1gil roupa de cama. <\/li>    <li>Tamb\u00e9m \u00e9 utilizado no plantio e cultivo de cogumelos.<\/li> <\/ul>   <div class=\"wp-block-image\"> <figure class=\"aligncenter size-full\"><img loading=\"lazy\" decoding=\"async\" width=\"720\" height=\"540\" src=\"https:\/\/hnwoodmachinery.com\/wp-content\/uploads\/2022\/09\/applications-of-wood-shaving-machine-0.webp\" alt=\"aplica\u00e7\u00f5es de m\u00e1quina de barbear de madeira\" class=\"wp-image-444\" title=\"aplica\u00e7\u00f5es de m\u00e1quina de barbear de madeira\"\/><figcaption class=\"wp-element-caption\">aplica\u00e7\u00f5es de m\u00e1quina de barbear de madeira<\/figcaption><\/figure> <\/div>  <div class=\"wp-block-image\"> <figure class=\"aligncenter size-full\"><img loading=\"lazy\" decoding=\"async\" width=\"720\" height=\"540\" src=\"http:\/\/hnwoodmachinery.com\/wp-content\/uploads\/2022\/07\/wood-shavings-machine-application.webp\" alt=\"aplica\u00e7\u00e3o da m\u00e1quina de aparas de madeira\" class=\"wp-image-1067\" title=\"\" srcset=\"https:\/\/hnwoodmachinery.com\/wp-content\/uploads\/2022\/07\/wood-shavings-machine-application.webp 720w, https:\/\/hnwoodmachinery.com\/wp-content\/uploads\/2022\/07\/wood-shavings-machine-application-300x225.webp 300w, https:\/\/hnwoodmachinery.com\/wp-content\/uploads\/2022\/07\/wood-shavings-machine-application-16x12.webp 16w\" sizes=\"auto, (max-width: 720px) 100vw, 720px\" \/><figcaption class=\"wp-element-caption\">aparas de madeira para camas de animais<\/figcaption><\/figure> <\/div>   <h2 class=\"wp-block-heading\" id=\"h-technical-information-on-the-industrial-wood-shaving-machine\">Informa\u00e7\u00f5es t\u00e9cnicas sobre m\u00e1quina de barbear industrial para madeira<\/h2>    <figure class=\"wp-block-table is-style-stripes\"><table><tbody><tr><td><strong>MODELO<\/strong><strong><\/strong><\/td><td><strong>CAPACIDADE<\/strong><strong><\/strong><\/td><td><strong>TAMANHO DE ENTRADA<\/strong><strong><\/strong><\/td><td><strong>PODER<\/strong><strong><\/strong><\/td><\/tr><tr><td>SL-420<\/td><td>300kg\/hora<\/td><td>6cm<\/td><td>7,5 kW<\/td><\/tr><tr><td>SL-600<\/td><td>500kg\/hora<\/td><td>12cm<\/td><td>15 kW<\/td><\/tr><tr><td>SL-800<\/td><td>1000kg\/hora<\/td><td>16cm<\/td><td>30 kW<\/td><\/tr><tr><td>SL-1000<\/td><td>1500kg\/hora<\/td><td>20cm<\/td><td>55 kW<\/td><\/tr><tr><td>SL-1200<\/td><td>2.000 kg\/h<\/td><td>24cm<\/td><td>55 kW<\/td><\/tr><tr><td>SL-1500<\/td><td>2500kg\/hora<\/td><td>32cm<\/td><td>75 kW<\/td><\/tr><\/tbody><\/table><figcaption class=\"wp-element-caption\">par\u00e2metros de maravalha para cama de animais<\/figcaption><\/figure>    <h2 class=\"wp-block-heading\" id=\"h-structure-of-pine-wood-shaving-machine\">Estrutura da m\u00e1quina para fazer aparas de madeira de pinho<\/h2>    <p>A m\u00e1quina de aparar madeira de pinho inclui principalmente o quadro, a entrada de alimenta\u00e7\u00e3o, a placa de l\u00e2mina, a l\u00e2mina, a tela, a sa\u00edda de descarga, etc. Geralmente, o tamanho pequeno da m\u00e1quina de aparar tamb\u00e9m vem com Shakelong, que pode concentrar a poeira produzida pela m\u00e1quina durante o trabalho. Tamb\u00e9m podemos elevar o quadro e instalar as rodas de acordo com os requisitos do cliente.<\/p>    <h2 class=\"wp-block-heading\" id=\"h-how-does-the-animal-bedding-machine-work\">Como funciona a m\u00e1quina de barbear para toras de madeira?<\/h2>   <div id=\"rank-math-howto\" class=\"rank-math-block\" > <div class=\"rank-math-howto-description\">  <\/div>  <div class=\"rank-math-steps\"> <div id=\"howto-step-1717403657746\" class=\"rank-math-step\"> <div class=\"rank-math-step-content\"><p>Depois que a mat\u00e9ria-prima entra na porta de alimenta\u00e7\u00e3o, ela ser\u00e1 esmagada pelo impacto do martelo rotativo de alta velocidade. A faca de corte ir\u00e1 ent\u00e3o cort\u00e1-lo na c\u00e2mara de britagem.<\/p> <\/div> <\/div> <div id=\"howto-step-1717403675893\" class=\"rank-math-step\"> <div class=\"rank-math-step-content\"><p>Em seguida, o vento gerado pela p\u00e1 e\u00f3lica embutida ser\u00e1 enviado para a sa\u00edda do material atrav\u00e9s da tela, ou um ventilador externo ser\u00e1 usado para bombear o vento para a sa\u00edda do material.<\/p> <\/div> <\/div> <div id=\"howto-step-1717403683686\" class=\"rank-math-step\"> <div class=\"rank-math-step-content\"><p>O tamanho das aparas \u00e9 determinado ajustando o comprimento da l\u00e2mina e o tamanho da abertura da tela para atender a diversas necessidades.<\/p> <\/div> <\/div> <\/div> <\/div>       <figure class=\"wp-block-embed aligncenter is-type-video is-provider-youtube wp-block-embed-youtube wp-embed-aspect-16-9 wp-has-aspect-ratio\"><div class=\"wp-block-embed__wrapper\"> <iframe loading=\"lazy\" title=\"Vendo m\u00e1quina de barbear madeira em promo\u00e7\u00e3o! m\u00e1quina de barbear de madeira port\u00e1til\u4e28m\u00e1quina de barbear de disco para madeira\" width=\"500\" height=\"281\" src=\"https:\/\/www.youtube.com\/embed\/Ioj-kvQLih4?start=1&#038;feature=oembed\" frameborder=\"0\" allow=\"accelerometer; autoplay; clipboard-write; encrypted-media; gyroscope; picture-in-picture; web-share\" referrerpolicy=\"strict-origin-when-cross-origin\" allowfullscreen><\/iframe> <\/div><figcaption class=\"wp-element-caption\">como funciona a m\u00e1quina de barbear madeira<\/figcaption><\/figure>    <h2 class=\"wp-block-heading\" id=\"h-disk-wood-shaving-machine-s-knife-and-blade\">faca e l\u00e2mina da m\u00e1quina de aparar madeira<\/h2>    <ul class=\"wp-block-list\"> <li>O sistema de aparas \u00e9 a parte mais importante da m\u00e1quina, que cont\u00e9m o prato da faca e a l\u00e2mina.<\/li>    <li>O disco de corte e a l\u00e2mina que produzimos s\u00e3o feitos de material de alta qualidade, fortes e dur\u00e1veis, afiados e proporcionam um bom efeito de barbear.<\/li>    <li>Al\u00e9m disso, a quantidade de l\u00e2minas varia de modelo para modelo, com op\u00e7\u00f5es de quatro l\u00e2minas e oito l\u00e2minas.<\/li>    <li>A inclina\u00e7\u00e3o da l\u00e2mina pode ser ajustada para controlar a espessura das aparas.<\/li> <\/ul>    <figure class=\"wp-block-gallery has-nested-images columns-default is-cropped wp-block-gallery-3 is-layout-flex wp-block-gallery-is-layout-flex\"> <figure class=\"wp-block-image size-large\"><img loading=\"lazy\" decoding=\"async\" width=\"720\" height=\"540\" data-id=\"448\" src=\"https:\/\/hnwoodmachinery.com\/wp-content\/uploads\/2022\/09\/blade.webp\" alt=\"l\u00e2mina\" class=\"wp-image-448\" title=\"l\u00e2mina\"\/><figcaption class=\"wp-element-caption\">L\u00e2mina<\/figcaption><\/figure>    <figure class=\"wp-block-image size-large\"><img loading=\"lazy\" decoding=\"async\" width=\"720\" height=\"540\" data-id=\"449\" src=\"https:\/\/hnwoodmachinery.com\/wp-content\/uploads\/2022\/09\/cutter-.webp\" alt=\"cortador \" class=\"wp-image-449\" title=\"cortador \"\/><figcaption class=\"wp-element-caption\">Cortador <\/figcaption><\/figure> <\/figure>    <h2 class=\"wp-block-heading\" id=\"h-highlights-of-the-commercial-wood-shaving-machine\">Destaques do moinho de aparas de madeira comercial<\/h2>    <ul class=\"wp-block-list\"> <li>A m\u00e1quina de barbear madeira comercial tem um layout razo\u00e1vel, f\u00e1cil instala\u00e7\u00e3o, opera\u00e7\u00e3o e manuten\u00e7\u00e3o convenientes.<\/li>    <li>Facas seguras e dur\u00e1veis \u200b\u200be baixo ru\u00eddo.<\/li>    <li>Design razo\u00e1vel, feito de a\u00e7o com alto teor de mangan\u00eas, estrutura compacta.<\/li>    <li>Acionado por apenas um motor, possui alta efici\u00eancia e desempenho de alto custo.<\/li>    <li>As aparas para cama de animais possuem r\u00e1pida velocidade de produ\u00e7\u00e3o, economizando muito tempo e m\u00e3o de obra.<\/li>    <li>As aparas acabadas produzidas s\u00e3o finas, macias e de boa textura.<\/li>    <li>A press\u00e3o de contato entre a madeira e a l\u00e2mina permanece constante, e a velocidade alternativa da madeira tamb\u00e9m permanece constante, produzindo aparas de espessura uniforme.<\/li> <\/ul>   <div class=\"wp-block-image\"> <figure class=\"aligncenter size-full\"><img loading=\"lazy\" decoding=\"async\" width=\"720\" height=\"540\" src=\"https:\/\/hnwoodmachinery.com\/wp-content\/uploads\/2022\/09\/commercial-wood-shaving-machines-0.webp\" alt=\"m\u00e1quinas de barbear de madeira comerciais\" class=\"wp-image-446\" title=\"m\u00e1quinas de barbear de madeira comerciais\"\/><figcaption class=\"wp-element-caption\">m\u00e1quinas de barbear de madeira comerciais<\/figcaption><\/figure> <\/div>   <h2 class=\"wp-block-heading\" id=\"h-successful-case\">Caso de sucesso<\/h2>    <p class=\"translation-block\">O cliente \u00e9 da <a href=\"https:\/\/en.wikipedia.org\/wiki\/Abkhazia\" target=\"_blank\" rel=\"noopener\">Abc\u00e1sia<\/a> e \u00e9 gerente de compras de uma serraria. Contactou-nos ap\u00f3s assistir ao nosso v\u00eddeo no YouTube. Atrav\u00e9s da comunica\u00e7\u00e3o, o cliente expressou a necessidade de um tipo maior de aparas para cama de animais. <\/p>    <p>Nosso gerente de vendas forneceu ao cliente fotos, v\u00eddeos e par\u00e2metros da m\u00e1quina de barbear para madeira maior. Por fim, o cliente escolheu o modelo SL-800 com capacidade de 1000KG\/H. Depois disso, fornecemos prontamente o PI da m\u00e1quina. O cliente ficou satisfeito e fez o pedido do barbeador depois de v\u00ea-lo.<\/p>    <figure class=\"wp-block-gallery has-nested-images columns-default is-cropped wp-block-gallery-4 is-layout-flex wp-block-gallery-is-layout-flex\"> <figure class=\"wp-block-image size-large\"><img loading=\"lazy\" decoding=\"async\" width=\"720\" height=\"540\" data-id=\"450\" src=\"https:\/\/hnwoodmachinery.com\/wp-content\/uploads\/2022\/09\/shipping-of-the-portable-wood-shaving-machine-0.webp\" alt=\"envio da m\u00e1quina port\u00e1til de aparar madeira\" class=\"wp-image-450\" title=\"envio da m\u00e1quina port\u00e1til de aparar madeira\"\/><figcaption class=\"wp-element-caption\">Envio da m\u00e1quina port\u00e1til de barbear madeira<\/figcaption><\/figure>    <figure class=\"wp-block-image size-large\"><img loading=\"lazy\" decoding=\"async\" width=\"720\" height=\"540\" data-id=\"451\" src=\"https:\/\/hnwoodmachinery.com\/wp-content\/uploads\/2022\/09\/wooden-case-packing-of-wood-shaving-machine-0.webp\" alt=\"embalagem em caixa de madeira da m\u00e1quina de aparas de madeira\" class=\"wp-image-451\" title=\"embalagem em caixa de madeira da m\u00e1quina de aparas de madeira\"\/><figcaption class=\"wp-element-caption\">Embalagem de caixa de madeira para m\u00e1quina de barbear de madeira<\/figcaption><\/figure> <\/figure>    <h2 class=\"wp-block-heading\">Nosso servi\u00e7o<\/h2>    <p>Fornecemos um conjunto de pe\u00e7as de reposi\u00e7\u00e3o e embalagens. Todas as m\u00e1quinas s\u00e3o testadas antes do envio. Al\u00e9m disso, as m\u00e1quinas s\u00e3o embaladas em caixas de madeira padr\u00e3o para exporta\u00e7\u00e3o, e nossa empresa de transporte cooperativo de longo prazo as enviar\u00e1 no prazo e com seguran\u00e7a.<\/p>    <p>Para servi\u00e7o p\u00f3s-venda, oferecemos um per\u00edodo de garantia de um ano e voc\u00ea pode comprar pe\u00e7as de reposi\u00e7\u00e3o conosco. Ao mesmo tempo, podemos fornecer consultoria profissional e solu\u00e7\u00f5es de problemas.<\/p>","protected":false},"excerpt":{"rendered":"<p>Lascas para cama de animais podem transformar segmentos de madeira em lascas finas de espessura uniforme. \u00c9 amplamente utilizado em camas de animais, pain\u00e9is, m\u00f3veis e outras ind\u00fastrias.<\/p>","protected":false},"author":1,"featured_media":439,"parent":0,"template":"","tags":[38,35],"product-type":[8],"class_list":["post-30","product","type-product","status-publish","has-post-thumbnail","hentry","tag-shavings","tag-wood","product-type-wood-shaving-machine"],"_links":{"self":[{"href":"https:\/\/hnwoodmachinery.com\/pt\/wp-json\/wp\/v2\/product\/30","targetHints":{"allow":["GET"]}}],"collection":[{"href":"https:\/\/hnwoodmachinery.com\/pt\/wp-json\/wp\/v2\/product"}],"about":[{"href":"https:\/\/hnwoodmachinery.com\/pt\/wp-json\/wp\/v2\/types\/product"}],"author":[{"embeddable":true,"href":"https:\/\/hnwoodmachinery.com\/pt\/wp-json\/wp\/v2\/users\/1"}],"wp:featuredmedia":[{"embeddable":true,"href":"https:\/\/hnwoodmachinery.com\/pt\/wp-json\/wp\/v2\/media\/439"}],"wp:attachment":[{"href":"https:\/\/hnwoodmachinery.com\/pt\/wp-json\/wp\/v2\/media?parent=30"}],"wp:term":[{"taxonomy":"post_tag","embeddable":true,"href":"https:\/\/hnwoodmachinery.com\/pt\/wp-json\/wp\/v2\/tags?post=30"},{"taxonomy":"product-type","embeddable":true,"href":"https:\/\/hnwoodmachinery.com\/pt\/wp-json\/wp\/v2\/product-type?post=30"}],"curies":[{"name":"wp","href":"https:\/\/api.w.org\/{rel}","templated":true}]}}