{"id":28,"date":"2022-07-18T03:46:28","date_gmt":"2022-07-18T03:46:28","guid":{"rendered":"https:\/\/hnwoodmachinery.com\/?post_type=product&#038;p=28"},"modified":"2024-09-26T18:32:42","modified_gmt":"2024-09-26T10:32:42","slug":"wood-shredder-machine","status":"publish","type":"product","link":"https:\/\/hnwoodmachinery.com\/pt\/product\/wood-shredder-machine\/","title":{"rendered":"M\u00e1quina trituradora de madeira para fabrica\u00e7\u00e3o de serragem"},"content":{"rendered":"<div class=\"kk-star-ratings kksr-auto kksr-align-left kksr-valign-top\"     data-payload='{&quot;align&quot;:&quot;left&quot;,&quot;id&quot;:&quot;28&quot;,&quot;slug&quot;:&quot;default&quot;,&quot;valign&quot;:&quot;top&quot;,&quot;ignore&quot;:&quot;&quot;,&quot;reference&quot;:&quot;auto&quot;,&quot;class&quot;:&quot;&quot;,&quot;count&quot;:&quot;92&quot;,&quot;legendonly&quot;:&quot;&quot;,&quot;readonly&quot;:&quot;&quot;,&quot;score&quot;:&quot;4.8&quot;,&quot;starsonly&quot;:&quot;&quot;,&quot;best&quot;:&quot;5&quot;,&quot;gap&quot;:&quot;5&quot;,&quot;greet&quot;:&quot;Rate this product&quot;,&quot;legend&quot;:&quot;4.8\\\/5 - (92 votes)&quot;,&quot;size&quot;:&quot;24&quot;,&quot;title&quot;:&quot;Wood Shredder Machine For Sawdust Making&quot;,&quot;width&quot;:&quot;136.7&quot;,&quot;_legend&quot;:&quot;{score}\\\/{best} - ({count} {votes})&quot;,&quot;font_factor&quot;:&quot;1.25&quot;}'>              <div class=\"kksr-stars\">      <div class=\"kksr-stars-inactive\">             <div class=\"kksr-star\" data-star=\"1\" style=\"padding-right: 5px\">               <div class=\"kksr-icon\" style=\"width: 24px; height: 24px;\"><\/div>         <\/div>             <div class=\"kksr-star\" data-star=\"2\" style=\"padding-right: 5px\">               <div class=\"kksr-icon\" style=\"width: 24px; height: 24px;\"><\/div>         <\/div>             <div class=\"kksr-star\" data-star=\"3\" style=\"padding-right: 5px\">               <div class=\"kksr-icon\" style=\"width: 24px; height: 24px;\"><\/div>         <\/div>             <div class=\"kksr-star\" data-star=\"4\" style=\"padding-right: 5px\">               <div class=\"kksr-icon\" style=\"width: 24px; height: 24px;\"><\/div>         <\/div>             <div class=\"kksr-star\" data-star=\"5\" style=\"padding-right: 5px\">               <div class=\"kksr-icon\" style=\"width: 24px; height: 24px;\"><\/div>         <\/div>     <\/div>      <div class=\"kksr-stars-active\" style=\"width: 136.7px;\">             <div class=\"kksr-star\" style=\"padding-right: 5px\">               <div class=\"kksr-icon\" style=\"width: 24px; height: 24px;\"><\/div>         <\/div>             <div class=\"kksr-star\" style=\"padding-right: 5px\">               <div class=\"kksr-icon\" style=\"width: 24px; height: 24px;\"><\/div>         <\/div>             <div class=\"kksr-star\" style=\"padding-right: 5px\">               <div class=\"kksr-icon\" style=\"width: 24px; height: 24px;\"><\/div>         <\/div>             <div class=\"kksr-star\" style=\"padding-right: 5px\">               <div class=\"kksr-icon\" style=\"width: 24px; height: 24px;\"><\/div>         <\/div>             <div class=\"kksr-star\" style=\"padding-right: 5px\">               <div class=\"kksr-icon\" style=\"width: 24px; height: 24px;\"><\/div>         <\/div>     <\/div> <\/div>                   <div class=\"kksr-legend\" style=\"font-size: 19.2px;\">             4.8\/5 - (92 votos)    <\/div>     <\/div>  <p>A m\u00e1quina trituradora de madeira transforma madeira com efici\u00eancia em serragem ou lascas de madeira. Esta s\u00e9rie de produtos foi projetada usando princ\u00edpios de impacto, cisalhamento, impacto m\u00fatuo e retifica\u00e7\u00e3o. Pode atingir uma produ\u00e7\u00e3o m\u00e1xima de at\u00e9 4 toneladas por hora. <\/p>    <p>Inicialmente, a m\u00e1quina corta grandes peda\u00e7os de madeira antes de tritur\u00e1-los finamente para garantir um processamento eficaz. Este m\u00e9todo reduz significativamente o volume de res\u00edduos de madeira, permitindo que estes sejam posteriormente transformados em pellets de madeira ou utilizados como combust\u00edvel em unidades de cogera\u00e7\u00e3o ou de tratamento de res\u00edduos.<\/p>    <figure class=\"wp-block-embed aligncenter is-type-video is-provider-youtube wp-block-embed-youtube wp-embed-aspect-16-9 wp-has-aspect-ratio\"><div class=\"wp-block-embed__wrapper\"> <iframe loading=\"lazy\" title=\"Triturador de madeira: britagem de alta efici\u00eancia, ajuda voc\u00ea a lidar facilmente com res\u00edduos de madeira!#wood #woodcrusher\" width=\"500\" height=\"281\" src=\"https:\/\/www.youtube.com\/embed\/AaxrdfNcGS0?feature=oembed\" frameborder=\"0\" allow=\"accelerometer; autoplay; clipboard-write; encrypted-media; gyroscope; picture-in-picture; web-share\" referrerpolicy=\"strict-origin-when-cross-origin\" allowfullscreen><\/iframe> <\/div><figcaption class=\"wp-element-caption\">v\u00eddeo de trabalho de um triturador de madeira port\u00e1til<\/figcaption><\/figure>    <p>Existem cinco modelos na s\u00e9rie de trituradoras de madeira, que podem atender \u00e0s necessidades da maioria dos usu\u00e1rios. Em termos de pot\u00eancia, o triturador de madeira pode funcionar com motor el\u00e9trico ou gerador a diesel. Al\u00e9m disso, para produzir cavacos de madeira de finuras variadas, oferecemos diferentes tamanhos de telas. <\/p>    <p class=\"translation-block\">A m\u00e1quina corta-wood resemble the hammer chip crusher and <a href=\"https:\/\/hnwoodmachinery.com\/pt\/product\/wood-chips-making-machine\/\">wood shavings machine<\/a>. Therefore, we will recommend the machine that best fits our customers\u2019 needs. If you have any questions, please don\u2019t hesitate to reach out to us.<\/p>    <figure class=\"wp-block-gallery has-nested-images columns-default is-cropped wp-block-gallery-2 is-layout-flex wp-block-gallery-is-layout-flex\"> <figure class=\"wp-block-image size-large\"><img loading=\"lazy\" decoding=\"async\" width=\"720\" height=\"540\" data-id=\"489\" src=\"https:\/\/hnwoodmachinery.com\/wp-content\/uploads\/2022\/09\/wood-crusher-machine-.webp\" alt=\"m\u00e1quina trituradora de madeira\" class=\"wp-image-489\" title=\"m\u00e1quina trituradora de madeira\"\/><figcaption class=\"wp-element-caption\">M\u00e1quina trituradora de madeira<\/figcaption><\/figure>    <figure class=\"wp-block-image size-large\"><img loading=\"lazy\" decoding=\"async\" width=\"720\" height=\"540\" data-id=\"490\" src=\"https:\/\/hnwoodmachinery.com\/wp-content\/uploads\/2022\/09\/wood-shredder-machine-.webp\" alt=\"m\u00e1quina trituradora de madeira\" class=\"wp-image-490\" title=\"m\u00e1quina trituradora de madeira\"\/><figcaption class=\"wp-element-caption\">M\u00e1quina trituradora de madeira<\/figcaption><\/figure> <\/figure>    <h2 class=\"wp-block-heading\">Nossa m\u00e1quina para fazer serragem apresenta<\/h2>    <ol class=\"wp-block-list\"> <li>O design cuidadoso aumenta a efici\u00eancia de britagem em 50% em rela\u00e7\u00e3o aos modelos tradicionais. <\/li>    <li>Visualmente atraente, com alto rendimento variando de 400 a 2.000 kg\/h. <\/li>    <li>Alimentado por um \u00fanico motor, oferece economia de energia e redu\u00e7\u00e3o de custos. <\/li>    <li>Os materiais triturados s\u00e3o adequados para processamento de pellets ou briquetes.<\/li> <\/ol>    <h2 class=\"wp-block-heading\">Ampla aplica\u00e7\u00e3o de m\u00e1quina trituradora de madeira<\/h2>    <p>O triturador de madeira \u00e9 capaz de quebrar com efici\u00eancia v\u00e1rios materiais, incluindo toras, galhos, t\u00e1buas de res\u00edduos e sobras de madeira da constru\u00e7\u00e3o. Ele pode lidar com todos os tipos e tamanhos de madeira, tornando-o perfeito para lixar madeira serrada, madeira n\u00e3o tratada, paletes, portas, ripas, molduras e muito mais.<\/p>    <h2 class=\"wp-block-heading\" id=\"h-structure-of-wood-crusher-machine\">Estrutura da m\u00e1quina trituradora de madeira<\/h2>    <p>A m\u00e1quina trituradora de madeira consiste principalmente nos seguintes componentes: a base da m\u00e1quina, a porta de alimenta\u00e7\u00e3o, a placa da faca, a l\u00e2mina, a l\u00e2mina do martelo, a carca\u00e7a da m\u00e1quina e o gabinete de controle el\u00e9trico.<\/p>   <div class=\"wp-block-image\"> <figure class=\"aligncenter size-full\"><img loading=\"lazy\" decoding=\"async\" width=\"720\" height=\"540\" src=\"https:\/\/hnwoodmachinery.com\/wp-content\/uploads\/2022\/09\/sawdust-making-machines-structure-.webp\" alt=\"estrutura da m\u00e1quina de fazer serradura\" class=\"wp-image-491\" title=\"estrutura da m\u00e1quina de fazer serradura\"\/><figcaption class=\"wp-element-caption\">estrutura da m\u00e1quina de fazer serradura<\/figcaption><\/figure> <\/div>   <p>Peneiras diferentes podem criar cavacos de madeira de tamanhos variados. Quando uma m\u00e1quina de produ\u00e7\u00e3o de serragem opera, o material na c\u00e2mara de britagem \u00e9 triturado de forma fina e eficiente. Voc\u00ea pode escolher o tamanho certo da tela de acordo com suas necessidades.<\/p>    <p>Al\u00e9m disso, a m\u00e1quina trituradora de madeira apresenta alto rendimento, baixo consumo de energia e produz part\u00edculas finas e uniformes. Al\u00e9m disso, este equipamento \u00e9 caracterizado por baixo ru\u00eddo, m\u00ednimo de poeira, aus\u00eancia de polui\u00e7\u00e3o, opera\u00e7\u00e3o simples, baixos custos de manuten\u00e7\u00e3o e facilidade de uso.<\/p>    <figure class=\"wp-block-gallery has-nested-images columns-default is-cropped wp-block-gallery-3 is-layout-flex wp-block-gallery-is-layout-flex\"> <figure class=\"wp-block-image size-large\"><img loading=\"lazy\" decoding=\"async\" width=\"720\" height=\"540\" data-id=\"493\" src=\"https:\/\/hnwoodmachinery.com\/wp-content\/uploads\/2022\/09\/wood-shredder-machines-hammer-0.webp\" alt=\"martelo da m\u00e1quina trituradora de madeira\" class=\"wp-image-493\" title=\"martelo da m\u00e1quina trituradora de madeira\"\/><figcaption class=\"wp-element-caption\">martelo da m\u00e1quina de tritura\u00e7\u00e3o de madeira<\/figcaption><\/figure>    <figure class=\"wp-block-image size-large\"><img loading=\"lazy\" decoding=\"async\" width=\"720\" height=\"540\" data-id=\"492\" src=\"https:\/\/hnwoodmachinery.com\/wp-content\/uploads\/2022\/09\/screen-.webp\" alt=\"tela da m\u00e1quina trituradora\" class=\"wp-image-492\" title=\"\"><figcaption class=\"wp-element-caption\">Tela da m\u00e1quina trituradora<\/figcaption><\/figure> <\/figure>    <h2 class=\"wp-block-heading\" id=\"h-usage-of-the-pallet-wood-shredder\">Exibi\u00e7\u00e3o e uso de produtos acabados<\/h2>    <p>As mat\u00e9rias-primas que podem ser processadas por um triturador de madeira s\u00e3o diversas, mas existem requisitos de tamanho padr\u00e3o. De modo geral, pode esmagar galhos e caules de \u00e1rvores com di\u00e2metro variando de 70 mm a 250 mm. Os materiais triturados resultantes s\u00e3o part\u00edculas com um di\u00e2metro de aproximadamente 3-5 mm.<\/p>    <p class=\"translation-block\">A m\u00e1quina trituradora de madeira \u00e9 projetada para v\u00e1rias tarefas de tritura\u00e7\u00e3o e reciclagem de madeira, incluindo <a href=\"https:\/\/en.wikipedia.org\/wiki\/Hardwood\" target=\"_blank\" rel=\"noopener\">madeira dura<\/a>, madeira macia, madeira aglomerada, contraplacado e materiais residuais como sof\u00e1s e arm\u00e1rios de madeira. <\/p>    <p>Al\u00e9m disso, ele pode lidar com lascas de bambu, palha, talos de milho, talos de sorgo e outros materiais fibrosos. Tamb\u00e9m \u00e9 adequado para a produ\u00e7\u00e3o de mat\u00e9rias-primas para pain\u00e9is de part\u00edculas, pain\u00e9is de serragem e pain\u00e9is de alta densidade.<\/p>   <div class=\"wp-block-image\"> <figure class=\"aligncenter size-full\"><img loading=\"lazy\" decoding=\"async\" width=\"720\" height=\"540\" src=\"https:\/\/hnwoodmachinery.com\/wp-content\/uploads\/2022\/09\/wood-crushers-finished-wood-sawdust-.webp\" alt=\"serragem de madeira acabada do triturador de madeira\" class=\"wp-image-495\" title=\"serragem de madeira acabada do triturador de madeira\"\/><figcaption class=\"wp-element-caption\">serradura de madeira acabada do triturador de madeira<\/figcaption><\/figure> <\/div>   <h2 class=\"wp-block-heading\" id=\"h-working-principle-of-the-industrial-wood-crusher\">Princ\u00edpio de funcionamento do triturador de madeira industrial<\/h2>    <p>A madeira \u00e9 introduzida pela entrada. \u00c0 medida que as l\u00e2minas cortam e esmagam o material, o rotor cria um fluxo de ar de alta velocidade que se move na mesma dire\u00e7\u00e3o das l\u00e2minas. Este fluxo de ar acelera o material, fazendo com que ele seja repetidamente impactado e esmagado de forma mais completa. <\/p>    <p>Simultaneamente, este processo aumenta a taxa de britagem do material. Em \u00faltima an\u00e1lise, as aparas de madeira resultantes s\u00e3o expelidas pelo fluxo de vapor de alta velocidade produzido pela l\u00e2mina e\u00f3lica na placa da faca trituradora.<\/p>    <figure class=\"wp-block-embed aligncenter is-type-video is-provider-youtube wp-block-embed-youtube wp-embed-aspect-16-9 wp-has-aspect-ratio\"><div class=\"wp-block-embed__wrapper\"> <iframe loading=\"lazy\" title=\"Como funciona a m\u00e1quina trituradora de madeira? m\u00e1quina trituradora de madeira m\u00f3vel\u4e28m\u00e1quina picadora de madeira\" width=\"500\" height=\"281\" src=\"https:\/\/www.youtube.com\/embed\/U4E0BGeTqng?feature=oembed\" frameborder=\"0\" allow=\"accelerometer; autoplay; clipboard-write; encrypted-media; gyroscope; picture-in-picture; web-share\" referrerpolicy=\"strict-origin-when-cross-origin\" allowfullscreen><\/iframe> <\/div><figcaption class=\"wp-element-caption\">como funciona a m\u00e1quina trituradora de madeira<\/figcaption><\/figure>    <h2 class=\"wp-block-heading\" id=\"h-technical-parameter-of-wood-chipper-shredder\">Par\u00e2metros t\u00e9cnicos do triturador de madeira<\/h2>    <figure class=\"wp-block-table is-style-stripes\"><table><tbody><tr><td><strong>Modelo<\/strong><\/td><td><strong>Capacidade<\/strong><\/td><td><strong>Tamanho da sa\u00edda<\/strong><\/td><td><strong>Poder<\/strong><\/td><\/tr><tr><td>SL-420<\/td><td>600-800KG\/H<\/td><td>0,3-0,8cm<\/td><td>7,5-11 kW<\/td><\/tr><tr><td>SL-500<\/td><td>1000-1500kg\/h<\/td><td>0,3-0,8cm<\/td><td>18,5 kW<\/td><\/tr><tr><td>SL-600<\/td><td>1500-2000kg\/h<\/td><td>0,3-0,8cm<\/td><td>30 kW<\/td><\/tr><tr><td>SL-700<\/td><td>2000-2500kg\/h<\/td><td>0,3-0,8cm<\/td><td>37 kW<\/td><\/tr><tr><td>SL-900<\/td><td>2500-3000kg\/h<\/td><td>0,3-0,8cm<\/td><td>55 kW<\/td><\/tr><tr><td>SL-1000<\/td><td>3000-4000kg\/h<\/td><td>0,3-0,8cm<\/td><td>75+7,5 kW<\/td><\/tr><\/tbody><\/table><figcaption class=\"wp-element-caption\">par\u00e2metro do triturador de madeira<\/figcaption><\/figure>    <h2 class=\"wp-block-heading\">Diferentes modos de energia est\u00e3o dispon\u00edveis<\/h2>    <p>A m\u00e1quina para fazer serragem de madeira pode ser movida por motores el\u00e9tricos, motores a diesel ou grupos geradores a diesel. Voc\u00ea pode selecionar a op\u00e7\u00e3o que melhor se adapta \u00e0s suas condi\u00e7\u00f5es de trabalho locais. Oferecemos personaliza\u00e7\u00e3o e recomendaremos a solu\u00e7\u00e3o de energia mais adequada com base em suas necessidades espec\u00edficas.<\/p>    <figure class=\"wp-block-gallery has-nested-images columns-default is-cropped wp-block-gallery-4 is-layout-flex wp-block-gallery-is-layout-flex\"> <figure class=\"wp-block-image size-large\"><img loading=\"lazy\" decoding=\"async\" width=\"720\" height=\"540\" data-id=\"1058\" src=\"https:\/\/hnwoodmachinery.com\/wp-content\/uploads\/2022\/07\/motor-wood-crusher.webp\" alt=\"triturador de madeira motorizado\" class=\"wp-image-1058\" title=\"\" srcset=\"https:\/\/hnwoodmachinery.com\/wp-content\/uploads\/2022\/07\/motor-wood-crusher.webp 720w, https:\/\/hnwoodmachinery.com\/wp-content\/uploads\/2022\/07\/motor-wood-crusher-300x225.webp 300w, https:\/\/hnwoodmachinery.com\/wp-content\/uploads\/2022\/07\/motor-wood-crusher-16x12.webp 16w\" sizes=\"auto, (max-width: 720px) 100vw, 720px\" \/><figcaption class=\"wp-element-caption\">Triturador de madeira motorizado<\/figcaption><\/figure>    <figure class=\"wp-block-image size-large\"><img loading=\"lazy\" decoding=\"async\" width=\"720\" height=\"540\" data-id=\"1057\" src=\"https:\/\/hnwoodmachinery.com\/wp-content\/uploads\/2022\/07\/diesel-engine-wood-shredder.webp\" alt=\"triturador de madeira com motor diesel\" class=\"wp-image-1057\" title=\"\" srcset=\"https:\/\/hnwoodmachinery.com\/wp-content\/uploads\/2022\/07\/diesel-engine-wood-shredder.webp 720w, https:\/\/hnwoodmachinery.com\/wp-content\/uploads\/2022\/07\/diesel-engine-wood-shredder-300x225.webp 300w, https:\/\/hnwoodmachinery.com\/wp-content\/uploads\/2022\/07\/diesel-engine-wood-shredder-16x12.webp 16w\" sizes=\"auto, (max-width: 720px) 100vw, 720px\" \/><figcaption class=\"wp-element-caption\">Triturador de madeira com motor diesel<\/figcaption><\/figure> <\/figure>    <h2 class=\"wp-block-heading\">M\u00e1quina trituradora de madeira tipo m\u00f3vel<\/h2>    <p>Podemos fixar rodas na parte inferior da m\u00e1quina para facilitar a movimenta\u00e7\u00e3o dos usu\u00e1rios para diferentes locais.<\/p>    <figure class=\"wp-block-gallery has-nested-images columns-default is-cropped wp-block-gallery-5 is-layout-flex wp-block-gallery-is-layout-flex\"> <figure class=\"wp-block-image size-large\"><img loading=\"lazy\" decoding=\"async\" width=\"540\" height=\"720\" data-id=\"1191\" src=\"https:\/\/hnwoodmachinery.com\/wp-content\/uploads\/2022\/07\/moblie-wood-shredder-machine.webp\" alt=\"m\u00e1quina trituradora de madeira m\u00f3vel\" class=\"wp-image-1191\" title=\"\" srcset=\"https:\/\/hnwoodmachinery.com\/wp-content\/uploads\/2022\/07\/moblie-wood-shredder-machine.webp 540w, https:\/\/hnwoodmachinery.com\/wp-content\/uploads\/2022\/07\/moblie-wood-shredder-machine-225x300.webp 225w, https:\/\/hnwoodmachinery.com\/wp-content\/uploads\/2022\/07\/moblie-wood-shredder-machine-9x12.webp 9w\" sizes=\"auto, (max-width: 540px) 100vw, 540px\" \/><figcaption class=\"wp-element-caption\">M\u00e1quina trituradora de madeira Moblie<\/figcaption><\/figure>    <figure class=\"wp-block-image size-large\"><img loading=\"lazy\" decoding=\"async\" width=\"540\" height=\"720\" data-id=\"1192\" src=\"https:\/\/hnwoodmachinery.com\/wp-content\/uploads\/2022\/07\/portable-wood-crusher-machine.webp\" alt=\"m\u00e1quina trituradora de madeira port\u00e1til\" class=\"wp-image-1192\" title=\"\" srcset=\"https:\/\/hnwoodmachinery.com\/wp-content\/uploads\/2022\/07\/portable-wood-crusher-machine.webp 540w, https:\/\/hnwoodmachinery.com\/wp-content\/uploads\/2022\/07\/portable-wood-crusher-machine-225x300.webp 225w, https:\/\/hnwoodmachinery.com\/wp-content\/uploads\/2022\/07\/portable-wood-crusher-machine-9x12.webp 9w\" sizes=\"auto, (max-width: 540px) 100vw, 540px\" \/><figcaption class=\"wp-element-caption\">M\u00e1quina trituradora de madeira port\u00e1til<\/figcaption><\/figure> <\/figure>    <h2 class=\"wp-block-heading\" id=\"h-industrial-wood-shredder-shipped-to-mauritius\">Triturador de madeira industrial enviado para Maur\u00edcio<\/h2>    <p>Este cliente tem experi\u00eancia na importa\u00e7\u00e3o e j\u00e1 adquiriu duas m\u00e1quinas de processamento de madeira da China. Agora, ele est\u00e1 procurando outra m\u00e1quina trituradora de madeira para produzir lascas de madeira para nidifica\u00e7\u00e3o de frangos. Com base no tamanho e na produ\u00e7\u00e3o das toras que ele manuseia, recomendamos o triturador de madeira SL-1000.<\/p>   <div class=\"wp-block-image\"> <figure class=\"aligncenter size-large\"><img loading=\"lazy\" decoding=\"async\" width=\"720\" height=\"540\" src=\"https:\/\/hnwoodmachinery.com\/wp-content\/uploads\/2022\/09\/packaging-of-the-log-pulverizer-.webp\" alt=\"serragem de madeira acabada do triturador de madeira\" class=\"wp-image-497\" title=\"serragem de madeira acabada do triturador de madeira\"\/><figcaption class=\"wp-element-caption\">serradura de madeira acabada do triturador de madeira<\/figcaption><\/figure> <\/div>   <p>O cliente ficou satisfeito com a m\u00e1quina ap\u00f3s us\u00e1-la por um tempo. Consequentemente, decidiu encomendar uma para lan\u00e7ar seu neg\u00f3cio de cria\u00e7\u00e3o de ninhos de galinha usando aparas de madeira. Aqui est\u00e1 uma foto da embalagem e entrega do triturador industrial de madeira. Se voc\u00ea estiver interessado em m\u00e1quinas de processamento de madeira, sinta-se \u00e0 vontade para explorar este site e entrar em contato conosco.<\/p>","protected":false},"excerpt":{"rendered":"<p>A m\u00e1quina trituradora de madeira pode esmagar diretamente a madeira em serragem ou lascas de madeira e \u00e9 uma m\u00e1quina importante para reciclar e reutilizar res\u00edduos de madeira.<\/p>","protected":false},"author":1,"featured_media":486,"parent":0,"template":"","tags":[37,35],"product-type":[7],"class_list":["post-28","product","type-product","status-publish","has-post-thumbnail","hentry","tag-sawdust","tag-wood","product-type-wood-crusher"],"_links":{"self":[{"href":"https:\/\/hnwoodmachinery.com\/pt\/wp-json\/wp\/v2\/product\/28","targetHints":{"allow":["GET"]}}],"collection":[{"href":"https:\/\/hnwoodmachinery.com\/pt\/wp-json\/wp\/v2\/product"}],"about":[{"href":"https:\/\/hnwoodmachinery.com\/pt\/wp-json\/wp\/v2\/types\/product"}],"author":[{"embeddable":true,"href":"https:\/\/hnwoodmachinery.com\/pt\/wp-json\/wp\/v2\/users\/1"}],"wp:featuredmedia":[{"embeddable":true,"href":"https:\/\/hnwoodmachinery.com\/pt\/wp-json\/wp\/v2\/media\/486"}],"wp:attachment":[{"href":"https:\/\/hnwoodmachinery.com\/pt\/wp-json\/wp\/v2\/media?parent=28"}],"wp:term":[{"taxonomy":"post_tag","embeddable":true,"href":"https:\/\/hnwoodmachinery.com\/pt\/wp-json\/wp\/v2\/tags?post=28"},{"taxonomy":"product-type","embeddable":true,"href":"https:\/\/hnwoodmachinery.com\/pt\/wp-json\/wp\/v2\/product-type?post=28"}],"curies":[{"name":"wp","href":"https:\/\/api.w.org\/{rel}","templated":true}]}}