{"id":23,"date":"2022-07-18T03:37:21","date_gmt":"2022-07-18T03:37:21","guid":{"rendered":"https:\/\/hnwoodmachinery.com\/?post_type=product&#038;p=23"},"modified":"2024-09-12T18:33:58","modified_gmt":"2024-09-12T10:33:58","slug":"log-debarker-machine","status":"publish","type":"product","link":"https:\/\/hnwoodmachinery.com\/pt\/product\/log-debarker-machine\/","title":{"rendered":"M\u00e1quina descascadora de toras para descascar madeira"},"content":{"rendered":"<div class=\"kk-star-ratings kksr-auto kksr-align-left kksr-valign-top\"     data-payload='{&quot;align&quot;:&quot;left&quot;,&quot;id&quot;:&quot;23&quot;,&quot;slug&quot;:&quot;default&quot;,&quot;valign&quot;:&quot;top&quot;,&quot;ignore&quot;:&quot;&quot;,&quot;reference&quot;:&quot;auto&quot;,&quot;class&quot;:&quot;&quot;,&quot;count&quot;:&quot;95&quot;,&quot;legendonly&quot;:&quot;&quot;,&quot;readonly&quot;:&quot;&quot;,&quot;score&quot;:&quot;4.8&quot;,&quot;starsonly&quot;:&quot;&quot;,&quot;best&quot;:&quot;5&quot;,&quot;gap&quot;:&quot;5&quot;,&quot;greet&quot;:&quot;Rate this product&quot;,&quot;legend&quot;:&quot;4.8\\\/5 - (95 votes)&quot;,&quot;size&quot;:&quot;24&quot;,&quot;title&quot;:&quot;Log Debarker Machine For Wood Timber Peeling&quot;,&quot;width&quot;:&quot;136.7&quot;,&quot;_legend&quot;:&quot;{score}\\\/{best} - ({count} {votes})&quot;,&quot;font_factor&quot;:&quot;1.25&quot;}'>              <div class=\"kksr-stars\">      <div class=\"kksr-stars-inactive\">             <div class=\"kksr-star\" data-star=\"1\" style=\"padding-right: 5px\">               <div class=\"kksr-icon\" style=\"width: 24px; height: 24px;\"><\/div>         <\/div>             <div class=\"kksr-star\" data-star=\"2\" style=\"padding-right: 5px\">               <div class=\"kksr-icon\" style=\"width: 24px; height: 24px;\"><\/div>         <\/div>             <div class=\"kksr-star\" data-star=\"3\" style=\"padding-right: 5px\">               <div class=\"kksr-icon\" style=\"width: 24px; height: 24px;\"><\/div>         <\/div>             <div class=\"kksr-star\" data-star=\"4\" style=\"padding-right: 5px\">               <div class=\"kksr-icon\" style=\"width: 24px; height: 24px;\"><\/div>         <\/div>             <div class=\"kksr-star\" data-star=\"5\" style=\"padding-right: 5px\">               <div class=\"kksr-icon\" style=\"width: 24px; height: 24px;\"><\/div>         <\/div>     <\/div>      <div class=\"kksr-stars-active\" style=\"width: 136.7px;\">             <div class=\"kksr-star\" style=\"padding-right: 5px\">               <div class=\"kksr-icon\" style=\"width: 24px; height: 24px;\"><\/div>         <\/div>             <div class=\"kksr-star\" style=\"padding-right: 5px\">               <div class=\"kksr-icon\" style=\"width: 24px; height: 24px;\"><\/div>         <\/div>             <div class=\"kksr-star\" style=\"padding-right: 5px\">               <div class=\"kksr-icon\" style=\"width: 24px; height: 24px;\"><\/div>         <\/div>             <div class=\"kksr-star\" style=\"padding-right: 5px\">               <div class=\"kksr-icon\" style=\"width: 24px; height: 24px;\"><\/div>         <\/div>             <div class=\"kksr-star\" style=\"padding-right: 5px\">               <div class=\"kksr-icon\" style=\"width: 24px; height: 24px;\"><\/div>         <\/div>     <\/div> <\/div>                   <div class=\"kksr-legend\" style=\"font-size: 19.2px;\">             4.8\/5 - (95 votos)    <\/div>     <\/div>  <p>A m\u00e1quina descascadora de toras de madeira utiliza tecnologia de descasque rotativa de \u00faltima gera\u00e7\u00e3o equipada com l\u00e2minas de liga de alta resist\u00eancia para descascar toras de maneira eficaz. Ele pode processar at\u00e9 20 toneladas de toras por hora, aumentando a efici\u00eancia em mais de 30% em compara\u00e7\u00e3o com equipamentos convencionais. <\/p>    <p>Com a sua profundidade de descascamento controlada com precis\u00e3o e sistema de ajuste autom\u00e1tico, cada peda\u00e7o de madeira consegue um descascamento uniforme e sem danos, ao mesmo tempo que reduz o consumo de energia em at\u00e9 20%.<\/p>    <figure class=\"wp-block-embed aligncenter is-type-video is-provider-youtube wp-block-embed-youtube wp-embed-aspect-16-9 wp-has-aspect-ratio\"><div class=\"wp-block-embed__wrapper\"> <iframe loading=\"lazy\" title=\"Uma nova vida para a madeira: conhe\u00e7a o incr\u00edvel processo do descascador de madeira! \ud83c\udf33\ud83d\udd27#woodcraft\" width=\"500\" height=\"281\" src=\"https:\/\/www.youtube.com\/embed\/lwGNGeHfYN0?feature=oembed\" frameborder=\"0\" allow=\"accelerometer; autoplay; clipboard-write; encrypted-media; gyroscope; picture-in-picture; web-share\" referrerpolicy=\"strict-origin-when-cross-origin\" allowfullscreen><\/iframe> <\/div><figcaption class=\"wp-element-caption\">v\u00eddeo de funcionamento da m\u00e1quina descascadora de toras de madeira<\/figcaption><\/figure>    <p>De modo geral, quanto mais \u00famida estiver a casca da madeira, melhor ser\u00e1 o efeito da m\u00e1quina. A madeira tratada pode ser posteriormente processada de diversas maneiras, como corte de madeira, raspagem, tritura\u00e7\u00e3o, etc. <\/p>    <h2 class=\"wp-block-heading\" id=\"h-brief-introduction-of-log-debarker-machine\">M\u00e1quina descascadora de toras de madeira dispon\u00edvel<\/h2>    <p>Nossa f\u00e1brica produz dois tipos de m\u00e1quinas descascadoras de madeira: uma \u00e9 uma pequena m\u00e1quina descascadora de madeira vertical e a outra \u00e9 uma grande m\u00e1quina descascadora de madeira horizontal. Seus m\u00e9todos de latido e produ\u00e7\u00e3o s\u00e3o diferentes, permitindo que os clientes escolham a m\u00e1quina que melhor atende \u00e0s suas necessidades.<\/p>    <p>Desde a nossa funda\u00e7\u00e3o, temos frequentemente exportado a m\u00e1quina descascadora de troncos para v\u00e1rios pa\u00edses, incluindo os Estados Unidos, pa\u00edses europeus, \u00c1frica do Sul e Austr\u00e1lia. Os nossos clientes desenvolveram rela\u00e7\u00f5es de longo prazo connosco devido ao baixo pre\u00e7o da m\u00e1quina, \u00e0 sua durabilidade e ao seu desempenho eficaz.<\/p>    <figure class=\"wp-block-gallery has-nested-images columns-default is-cropped wp-block-gallery-2 is-layout-flex wp-block-gallery-is-layout-flex\"> <figure class=\"wp-block-image size-large\"><img loading=\"lazy\" decoding=\"async\" width=\"720\" height=\"540\" data-id=\"426\" src=\"https:\/\/hnwoodmachinery.com\/wp-content\/uploads\/2022\/09\/best-log-debarker-0.webp\" alt=\"melhor descascador de troncos \" class=\"wp-image-426\" title=\"melhor descascador de troncos \"\/><figcaption class=\"wp-element-caption\">Melhor m\u00e1quina descascadora de toras<\/figcaption><\/figure>    <figure class=\"wp-block-image size-large\"><img loading=\"lazy\" decoding=\"async\" width=\"720\" height=\"540\" data-id=\"427\" src=\"https:\/\/hnwoodmachinery.com\/wp-content\/uploads\/2022\/09\/wood-peeling-machine-0.webp\" alt=\"m\u00e1quina de descascar madeira \" class=\"wp-image-427\" title=\"m\u00e1quina de descascar madeira \"\/><figcaption class=\"wp-element-caption\">M\u00e1quina descascadora de madeira<\/figcaption><\/figure> <\/figure>    <h2 class=\"wp-block-heading\" id=\"h-using-scopes-of-the-wood-peeling-machine\">Usando escopos de m\u00e1quina de descascar madeira<\/h2>    <p>A m\u00e1quina descascadora de toras \u00e9 adequada para descascar madeiras con\u00edferas rec\u00e9m-cortadas e algumas madeiras nobres, bem como descascar madeiras congeladas e secas. <\/p>    <p>\u00c9 amplamente utilizado em f\u00e1bricas de papel, f\u00e1bricas de celulose, f\u00e1bricas de cavacos de madeira, silvicultura, produtores de pellets de combust\u00edvel e outras empresas de processamento de madeira, como serrarias e f\u00e1bricas de placas artificiais (f\u00e1bricas de compensados, f\u00e1bricas de MDF). <\/p>    <p>Al\u00e9m disso, a m\u00e1quina descascadora de madeira \u00e9 altamente adequada para opera\u00e7\u00f5es em linha de montagem e \u00e9 um equipamento essencial na produ\u00e7\u00e3o automatizada.<\/p>   <div class=\"wp-block-image\"> <figure class=\"aligncenter size-full\"><img loading=\"lazy\" decoding=\"async\" width=\"720\" height=\"540\" src=\"https:\/\/hnwoodmachinery.com\/wp-content\/uploads\/2022\/09\/using-scope-of-wood-peeling-machine-0.webp\" alt=\"usando o escopo da m\u00e1quina de descascar madeira\" class=\"wp-image-429\" title=\"usando o escopo da m\u00e1quina de descascar madeira\"\/><figcaption class=\"wp-element-caption\">usando o escopo da m\u00e1quina de descascar madeira<\/figcaption><\/figure> <\/div>   <h2 class=\"wp-block-heading\" id=\"h-model-1-vertical-wood-peeling-machine\">Tipo 1: M\u00e1quina vertical de descascar madeira<\/h2>    <p>A produ\u00e7\u00e3o da m\u00e1quina descascadora de madeira vertical \u00e9 relativamente pequena. Este tipo de m\u00e1quina descascadora de toras \u00e9 adequada para processar toras, troncos, se\u00e7\u00f5es e outras madeiras. Permite dobrar madeira at\u00e9 8% e di\u00e2metro do tronco na faixa de 5-35cm.<\/p>    <p>Quanto mais fresco o tronco, maior ser\u00e1 a efici\u00eancia do latido e melhor ser\u00e1 o efeito do latido. Quanto \u00e0 fonte de energia, pode ser um motor el\u00e9trico ou um motor diesel. Os clientes podem escolher de acordo com suas necessidades.<\/p>   <div class=\"wp-block-image\"> <figure class=\"aligncenter size-full\"><img loading=\"lazy\" decoding=\"async\" width=\"720\" height=\"540\" src=\"https:\/\/hnwoodmachinery.com\/wp-content\/uploads\/2022\/09\/wood-debarker-0.webp\" alt=\"descascador de madeira \" class=\"wp-image-432\" title=\"descascador de madeira \"\/><figcaption class=\"wp-element-caption\">m\u00e1quina descascadora de toras de madeira<\/figcaption><\/figure> <\/div>   <h3 class=\"wp-block-heading\" id=\"h-structure-of-the-high-speed-wood-peeling-machine\">Estrutura da m\u00e1quina descascadora de madeira de alta velocidade<\/h3>    <p>Uma m\u00e1quina descascadora de madeira vertical, tamb\u00e9m conhecida como m\u00e1quina descascadora de madeira tipo anel, \u00e9 composta principalmente de um mecanismo de alimenta\u00e7\u00e3o, mecanismo de descarga, placa de faca, sistema de transmiss\u00e3o e estrutura inferior, juntamente com outras pe\u00e7as. Este design permite uma alimenta\u00e7\u00e3o mais f\u00e1cil. <\/p>    <p>Al\u00e9m disso, soldamos um canal longo e um suporte na abertura de alimenta\u00e7\u00e3o. Al\u00e9m disso, prateleiras e rodas podem ser instaladas na m\u00e1quina descascadora de troncos com base nas necessidades do cliente, tornando-a conveniente para transporte.<\/p>   <div class=\"wp-block-image\"> <figure class=\"aligncenter size-full\"><img loading=\"lazy\" decoding=\"async\" width=\"720\" height=\"540\" src=\"https:\/\/hnwoodmachinery.com\/wp-content\/uploads\/2022\/09\/structure-of-the-wood-skin-removing-machine-0.webp\" alt=\"estrutura da m\u00e1quina de remo\u00e7\u00e3o de pele de madeira \" class=\"wp-image-433\" title=\"estrutura da m\u00e1quina de remo\u00e7\u00e3o de pele de madeira \"\/><figcaption class=\"wp-element-caption\">estrutura da m\u00e1quina de remo\u00e7\u00e3o de pele de madeira<\/figcaption><\/figure> <\/div>   <h3 class=\"wp-block-heading\" id=\"h-technical-parameter-of-the-small-log-debarker\">Par\u00e2metro t\u00e9cnico do descascador de toras pequenas<\/h3>    <figure class=\"wp-block-table is-style-stripes\"><table><tbody><tr><td>Modelo<\/td><td>SL-260<\/td><td>SL-300<\/td><\/tr><tr><td>Di\u00e2metro m\u00e1ximo<\/td><td>260 mm<\/td><td>300mm<\/td><\/tr><tr><td>Quantidade de facas (unidades)<\/td><td>4<\/td><td>4<\/td><\/tr><tr><td>Pot\u00eancia\u00a0principal (kw)<\/td><td>7.5&nbsp;<\/td><td>7.5&nbsp;<\/td><\/tr><tr><td>Pot\u00eancia de condu\u00e7\u00e3o (kw)<\/td><td>1.5&nbsp;<\/td><td>1.5&nbsp;<\/td><\/tr><tr><td>Peso (T)<\/td><td>1.2<\/td><td>1.5<\/td><\/tr><tr><td>Tamanho(C*L*A)(m)<\/td><td>2.2*1.3*1.1<\/td><td>2.5*1.8*1.1<\/td><\/tr><\/tbody><\/table><figcaption class=\"wp-element-caption\">par\u00e2metros do descascador de troncos pequeno<\/figcaption><\/figure>    <h3 class=\"wp-block-heading\" id=\"h-how-does-the-industrial-log-debarker-work\">Como funciona o descascador de toras industrial?<\/h3>    <p>O descascador de toras industrial adota tecnologia de velocidade vari\u00e1vel cont\u00ednua para ajustar automaticamente a velocidade de alimenta\u00e7\u00e3o. Isso permite que seja adequado para descascar v\u00e1rios tipos de madeira com diferentes esp\u00e9cies, graus de di\u00e2metro e curvaturas. <\/p>    <p>O descascador tipo anel usa um princ\u00edpio de funcionamento de corte rotativo com uma faca de anel. Cada madeira \u00e9 descascada e tratada individualmente, resultando num efeito de tratamento melhor e mais completo.<\/p>    <figure class=\"wp-block-embed is-type-video is-provider-youtube wp-block-embed-youtube wp-embed-aspect-16-9 wp-has-aspect-ratio\"><div class=\"wp-block-embed__wrapper\"> <iframe loading=\"lazy\" title=\"Melhor descascador de toras\u4e28m\u00e1quina de descascar madeira redonda\u4e28m\u00e1quina de descascar toras de madeira\" width=\"500\" height=\"281\" src=\"https:\/\/www.youtube.com\/embed\/AitTndc2M6k?feature=oembed\" frameborder=\"0\" allow=\"accelerometer; autoplay; clipboard-write; encrypted-media; gyroscope; picture-in-picture; web-share\" referrerpolicy=\"strict-origin-when-cross-origin\" allowfullscreen><\/iframe> <\/div><figcaption class=\"wp-element-caption\">v\u00eddeo de trabalho da m\u00e1quina descascadora de toras<\/figcaption><\/figure>    <h2 class=\"wp-block-heading\" id=\"h-type-2-horizontal-wood-peeling-machine\">Tipo 2: M\u00e1quina de descascar madeira horizontal<\/h2>    <p>Uma m\u00e1quina descascadora de madeira horizontal, tamb\u00e9m conhecida como m\u00e1quina descascadora de madeira tipo calha, tem um alto rendimento. Ele pode processar v\u00e1rias esp\u00e9cies, formatos e comprimentos de madeira em lotes. <\/p>    <p>O di\u00e2metro do material a ser processado pela m\u00e1quina descascadora de toras deve ser inferior a 30 cm. Ao usar pin\u00e7as e correias transportadoras de malha em conjunto com a m\u00e1quina, ela pode operar com mais efici\u00eancia e economizar uma quantidade significativa de m\u00e3o de obra.<\/p>   <div class=\"wp-block-image\"> <figure class=\"aligncenter size-full\"><img loading=\"lazy\" decoding=\"async\" width=\"720\" height=\"540\" src=\"https:\/\/hnwoodmachinery.com\/wp-content\/uploads\/2022\/09\/commercial-log-debarker-0.webp\" alt=\"estrutura da m\u00e1quina de remo\u00e7\u00e3o de pele de madeira \" class=\"wp-image-434\" title=\"estrutura da m\u00e1quina de remo\u00e7\u00e3o de pele de madeira \"\/><figcaption class=\"wp-element-caption\">estrutura da m\u00e1quina de remo\u00e7\u00e3o de pele de madeira<\/figcaption><\/figure> <\/div>   <h3 class=\"wp-block-heading\" id=\"h-what-is-the-structure-of-a-horizontal-wood-skinning-machine\">Estrutura da m\u00e1quina horizontal para descascar madeira<\/h3>    <p>A estrutura da m\u00e1quina de esfolar tipo calha \u00e9 simples. A m\u00e1quina descascadora de toras inclui principalmente uma estrutura, mecanismo de esfola, sistema de transmiss\u00e3o, defletor, rotor com dentes de esfola e unidade de pot\u00eancia.<\/p>   <div class=\"wp-block-image\"> <figure class=\"aligncenter size-full\"><img loading=\"lazy\" decoding=\"async\" width=\"720\" height=\"540\" src=\"https:\/\/hnwoodmachinery.com\/wp-content\/uploads\/2022\/09\/wood-peeling-machine\u2018s-structure-0.webp\" alt=\"estrutura da m\u00e1quina de remo\u00e7\u00e3o de pele de madeira \" class=\"wp-image-435\" title=\"estrutura da m\u00e1quina de remo\u00e7\u00e3o de pele de madeira \"\/><figcaption class=\"wp-element-caption\">estrutura da m\u00e1quina de remo\u00e7\u00e3o de pele de madeira<\/figcaption><\/figure> <\/div>   <h3 class=\"wp-block-heading\" id=\"h-detailed-information-on-the-log-peeler\">Informa\u00e7\u00f5es detalhadas sobre o descascador de toras<\/h3>    <figure class=\"wp-block-table is-style-stripes\"><table><tbody><tr><td>Modelo<\/td><td>SL-700<\/td><td>SL-800<\/td><\/tr><tr><td>Di\u00e2metro m\u00e1ximo<\/td><td>400<\/td><td>500<\/td><\/tr><tr><td>Comprimento da madeira (m)<\/td><td>2-5<\/td><td>2-6<\/td><\/tr><tr><td>Capacidade (T\/H)<\/td><td>10-12<\/td><td>15-18<\/td><\/tr><tr><td>Pot\u00eancia (kw)<\/td><td>11*2<\/td><td>15*2<\/td><\/tr><tr><td>Peso (T)<\/td><td>3.5<\/td><td>6<\/td><\/tr><tr><td>Tamanho(C*L*A)(m)<\/td><td>6*2.5*1.6<\/td><td>6*2.8*1.7<\/td><\/tr><\/tbody><\/table><figcaption class=\"wp-element-caption\">par\u00e2metro do descascador de troncos<\/figcaption><\/figure>    <h3 class=\"wp-block-heading\" id=\"h-working-principle-of-the-double-roller-wood-peeling-machine\">Princ\u00edpio de funcionamento da m\u00e1quina descascadora de madeira com rolo duplo<\/h3>    <p>Uma m\u00e1quina descascadora de madeira com rolo duplo utiliza a for\u00e7a \u00fanica gerada pelo rotor com dentes latindo para mover a se\u00e7\u00e3o de madeira no ciclo da placa ranhurada do silo. <\/p>    <p>Tamb\u00e9m faz com que a se\u00e7\u00e3o de madeira gire em torno de seu eixo e execute saltos irregulares. Como resultado, existe um atrito cont\u00ednuo entre a sec\u00e7\u00e3o de madeira e os dentes, bem como entre a sec\u00e7\u00e3o de madeira e a ranhura do celeiro, o que proporciona um efeito de descascamento eficiente.<\/p>    <figure class=\"wp-block-embed aligncenter is-type-video is-provider-youtube wp-block-embed-youtube wp-embed-aspect-16-9 wp-has-aspect-ratio\"><div class=\"wp-block-embed__wrapper\"> <iframe loading=\"lazy\" title=\"M\u00e1quina de descascador de toras de madeira Equipamento de processamento de madeira serrada#wood #woodmachine\" width=\"500\" height=\"281\" src=\"https:\/\/www.youtube.com\/embed\/JSPAvQG3i-M?feature=oembed\" frameborder=\"0\" allow=\"accelerometer; autoplay; clipboard-write; encrypted-media; gyroscope; picture-in-picture; web-share\" referrerpolicy=\"strict-origin-when-cross-origin\" allowfullscreen><\/iframe> <\/div><figcaption class=\"wp-element-caption\">v\u00eddeo de trabalho da m\u00e1quina descascadora de toras de madeira horizontal<\/figcaption><\/figure>    <h3 class=\"wp-block-heading\" id=\"h-features-of-a-wood-barking-machine\">Caracter\u00edsticas da m\u00e1quina descascadora de toras de madeira<\/h3>    <ul class=\"wp-block-list\"> <li>A m\u00e1quina descascadora de madeira possui uma ampla gama de aplica\u00e7\u00f5es e pode lidar com diversos tamanhos e esp\u00e9cies de madeira.<\/li>    <li>Possui alta taxa de descascamento, atingindo efici\u00eancia superior a 95%.<\/li>    <li>A m\u00e1quina \u00e9 simples e pr\u00e1tica de operar, sendo necess\u00e1rio apenas um funcion\u00e1rio para realizar todo o trabalho de descascamento.<\/li>    <li>Possui baixo consumo de energia e baixo \u00edndice de falhas, al\u00e9m de longa vida \u00fatil. A m\u00e1quina pode ser utilizada no solo sem instala\u00e7\u00e3o adicional, facilitando o uso.<\/li>    <li>Ambas as m\u00e1quinas possuem alta efici\u00eancia e podem operar continuamente. A m\u00e1quina descascadora horizontal pode manusear uma grande quantidade de madeira de uma s\u00f3 vez.<\/li> <\/ul>    <h2 class=\"wp-block-heading\">Caracter\u00edsticas de ambas as m\u00e1quinas descascadoras de madeira<\/h2>    <ul class=\"wp-block-list\"> <li>As m\u00e1quinas verticais de descascar madeira geralmente lidam com di\u00e2metros de madeira relativamente grandes. No entanto, as melhores mat\u00e9rias-primas n\u00e3o devem ser muito dobradas. A m\u00e1quina exige que os funcion\u00e1rios alimentem continuamente a madeira. <\/li>    <li>As m\u00e1quinas horizontais de descascar madeira podem lidar com madeira dobrada e de menor di\u00e2metro. Essas m\u00e1quinas podem processar v\u00e1rios materiais a granel de uma s\u00f3 vez. Geralmente s\u00e3o usados \u200b\u200bem conjunto com pin\u00e7as de preens\u00e3o e correias transportadoras. Sua alta efici\u00eancia de trabalho atende aos requisitos de m\u00e9dias e grandes f\u00e1bricas de processamento de madeira.<\/li> <\/ul>    <h2 class=\"wp-block-heading\" id=\"h-successful-case\">Caso de sucesso<\/h2>    <p class=\"translation-block\">O nosso cliente da <a href=\"https:\/\/en.wikipedia.org\/wiki\/United_States\" target=\"_blank\" rel=\"noopener\">Am\u00e9rica<\/a> possui uma serraria. Enviou-nos um inqu\u00e9rito direto para uma m\u00e1quina descascadora de toros. Ap\u00f3s comunica\u00e7\u00e3o, entendemos que o cliente precisava de processar toros mais grosseiros. Assim, fornecemos diretamente ao cliente imagens e v\u00eddeos do maior modelo da m\u00e1quina de descascar. O cliente tamb\u00e9m indicou que a m\u00e1quina satisfazia os requisitos. <\/p>    <p>Em seguida, nosso vendedor forneceu uma cota\u00e7\u00e3o ao cliente. Depois que o cliente confirmou todos os detalhes da m\u00e1quina. O cliente fez o pedido e preparamos a m\u00e1quina para produ\u00e7\u00e3o. Depois disso, a m\u00e1quina \u00e9 enviada ao destino.<\/p>    <figure class=\"wp-block-gallery has-nested-images columns-default is-cropped wp-block-gallery-3 is-layout-flex wp-block-gallery-is-layout-flex\"> <figure class=\"wp-block-image size-large\"><img loading=\"lazy\" decoding=\"async\" width=\"720\" height=\"540\" data-id=\"436\" src=\"https:\/\/hnwoodmachinery.com\/wp-content\/uploads\/2022\/09\/wooden-case-packing-of-the-wood-flaker-machine-0.webp\" alt=\"embalagem em caixa de madeira da m\u00e1quina flaker de madeira \" class=\"wp-image-436\" title=\"embalagem em caixa de madeira da m\u00e1quina flaker de madeira \"\/><figcaption class=\"wp-element-caption\">Embalagem de caixa de madeira da m\u00e1quina flaker de madeira<\/figcaption><\/figure>    <figure class=\"wp-block-image size-large\"><img loading=\"lazy\" decoding=\"async\" width=\"720\" height=\"540\" data-id=\"437\" src=\"https:\/\/hnwoodmachinery.com\/wp-content\/uploads\/2022\/09\/wood-debarker-.webp\" alt=\"descascador de madeira\" class=\"wp-image-437\" title=\"descascador de madeira\"\/><figcaption class=\"wp-element-caption\">Descascador de madeira<\/figcaption><\/figure> <\/figure>    <h2 class=\"wp-block-heading\" id=\"h-what-are-the-reasons-for-choosing-the-shuliy-log-debarker\">Por que escolher o descascador de toras Shuliy?<\/h2>    <ul class=\"wp-block-list\"> <li>Shuliy Machinery \u00e9 um fabricante profissional de m\u00e1quinas para madeira. Podemos oferecer aos clientes pre\u00e7os favor\u00e1veis \u200b\u200be m\u00e1quinas de alta qualidade.<\/li>    <li>Podemos resolver prontamente a maioria dos problemas encontrados pelos clientes. Temos um profundo conhecimento em m\u00e1quinas para madeira e podemos fornecer informa\u00e7\u00f5es sobre qualquer aspecto que o cliente queira saber.<\/li>    <li>Temos ampla experi\u00eancia em exporta\u00e7\u00e3o e podemos ajudar os clientes a resolver prontamente problemas relacionados \u00e0 exporta\u00e7\u00e3o.<\/li>    <li>Nossas m\u00e1quinas foram exportadas para v\u00e1rios pa\u00edses e todos os clientes est\u00e3o satisfeitos com nossas m\u00e1quinas.<\/li> <\/ul>    <p class=\"translation-block\">Tamb\u00e9m temos <a href=\"https:\/\/hnwoodmachinery.com\/pt\/product\/automatic-saw-mill-machine\/\">m\u00e1quinas de serraria de madeira<\/a> e <a href=\"https:\/\/hnwoodmachinery.com\/pt\/product\/wood-hammer-mill\/\">m\u00e1quinas de fazer serradura<\/a>. A m\u00e1quina descascadora de toros pode ser utilizada em projetos de marcenaria e \u00e9 tamb\u00e9m ideal para agricultores e utilizadores de toros. Convidamo-lo sinceramente a consultar a qualquer momento para obter informa\u00e7\u00f5es mais detalhadas sobre m\u00e1quinas de processamento de madeira e damos-lhe as boas-vindas para visitar a nossa f\u00e1brica. Esperamos cooperar consigo.<\/p>","protected":false},"excerpt":{"rendered":"<p>A m\u00e1quina descascadora de toras de madeira utiliza tecnologia de descasque rotativa de \u00faltima gera\u00e7\u00e3o equipada com l\u00e2minas de liga de alta resist\u00eancia para descascar toras de maneira eficaz. Pode processar at\u00e9 20 toneladas de toras por hora.<\/p>","protected":false},"author":1,"featured_media":430,"parent":0,"template":"","tags":[36,41,35],"product-type":[5],"class_list":["post-23","product","type-product","status-publish","has-post-thumbnail","hentry","tag-log","tag-timber","tag-wood","product-type-wood-debarker"],"_links":{"self":[{"href":"https:\/\/hnwoodmachinery.com\/pt\/wp-json\/wp\/v2\/product\/23","targetHints":{"allow":["GET"]}}],"collection":[{"href":"https:\/\/hnwoodmachinery.com\/pt\/wp-json\/wp\/v2\/product"}],"about":[{"href":"https:\/\/hnwoodmachinery.com\/pt\/wp-json\/wp\/v2\/types\/product"}],"author":[{"embeddable":true,"href":"https:\/\/hnwoodmachinery.com\/pt\/wp-json\/wp\/v2\/users\/1"}],"wp:featuredmedia":[{"embeddable":true,"href":"https:\/\/hnwoodmachinery.com\/pt\/wp-json\/wp\/v2\/media\/430"}],"wp:attachment":[{"href":"https:\/\/hnwoodmachinery.com\/pt\/wp-json\/wp\/v2\/media?parent=23"}],"wp:term":[{"taxonomy":"post_tag","embeddable":true,"href":"https:\/\/hnwoodmachinery.com\/pt\/wp-json\/wp\/v2\/tags?post=23"},{"taxonomy":"product-type","embeddable":true,"href":"https:\/\/hnwoodmachinery.com\/pt\/wp-json\/wp\/v2\/product-type?post=23"}],"curies":[{"name":"wp","href":"https:\/\/api.w.org\/{rel}","templated":true}]}}