{"id":222,"date":"2022-07-25T07:25:37","date_gmt":"2022-07-25T07:25:37","guid":{"rendered":"https:\/\/hnwoodmachinery.com\/?post_type=product&#038;p=222"},"modified":"2024-09-29T18:27:49","modified_gmt":"2024-09-29T10:27:49","slug":"comprehensive-pallet-crusher","status":"publish","type":"product","link":"https:\/\/hnwoodmachinery.com\/pt\/product\/comprehensive-pallet-crusher\/","title":{"rendered":"Triturador de paletes abrangente, moedor de madeira industrial de alta capacidade"},"content":{"rendered":"<div class=\"kk-star-ratings kksr-auto kksr-align-left kksr-valign-top\"     data-payload='{&quot;align&quot;:&quot;left&quot;,&quot;id&quot;:&quot;222&quot;,&quot;slug&quot;:&quot;default&quot;,&quot;valign&quot;:&quot;top&quot;,&quot;ignore&quot;:&quot;&quot;,&quot;reference&quot;:&quot;auto&quot;,&quot;class&quot;:&quot;&quot;,&quot;count&quot;:&quot;91&quot;,&quot;legendonly&quot;:&quot;&quot;,&quot;readonly&quot;:&quot;&quot;,&quot;score&quot;:&quot;4.9&quot;,&quot;starsonly&quot;:&quot;&quot;,&quot;best&quot;:&quot;5&quot;,&quot;gap&quot;:&quot;5&quot;,&quot;greet&quot;:&quot;Rate this product&quot;,&quot;legend&quot;:&quot;4.9\\\/5 - (91 votes)&quot;,&quot;size&quot;:&quot;24&quot;,&quot;title&quot;:&quot;Comprehensive Pallet Crusher High Capacity Industrial Wood Grinder&quot;,&quot;width&quot;:&quot;139.6&quot;,&quot;_legend&quot;:&quot;{score}\\\/{best} - ({count} {votes})&quot;,&quot;font_factor&quot;:&quot;1.25&quot;}'>              <div class=\"kksr-stars\">      <div class=\"kksr-stars-inactive\">             <div class=\"kksr-star\" data-star=\"1\" style=\"padding-right: 5px\">               <div class=\"kksr-icon\" style=\"width: 24px; height: 24px;\"><\/div>         <\/div>             <div class=\"kksr-star\" data-star=\"2\" style=\"padding-right: 5px\">               <div class=\"kksr-icon\" style=\"width: 24px; height: 24px;\"><\/div>         <\/div>             <div class=\"kksr-star\" data-star=\"3\" style=\"padding-right: 5px\">               <div class=\"kksr-icon\" style=\"width: 24px; height: 24px;\"><\/div>         <\/div>             <div class=\"kksr-star\" data-star=\"4\" style=\"padding-right: 5px\">               <div class=\"kksr-icon\" style=\"width: 24px; height: 24px;\"><\/div>         <\/div>             <div class=\"kksr-star\" data-star=\"5\" style=\"padding-right: 5px\">               <div class=\"kksr-icon\" style=\"width: 24px; height: 24px;\"><\/div>         <\/div>     <\/div>      <div class=\"kksr-stars-active\" style=\"width: 139.6px;\">             <div class=\"kksr-star\" style=\"padding-right: 5px\">               <div class=\"kksr-icon\" style=\"width: 24px; height: 24px;\"><\/div>         <\/div>             <div class=\"kksr-star\" style=\"padding-right: 5px\">               <div class=\"kksr-icon\" style=\"width: 24px; height: 24px;\"><\/div>         <\/div>             <div class=\"kksr-star\" style=\"padding-right: 5px\">               <div class=\"kksr-icon\" style=\"width: 24px; height: 24px;\"><\/div>         <\/div>             <div class=\"kksr-star\" style=\"padding-right: 5px\">               <div class=\"kksr-icon\" style=\"width: 24px; height: 24px;\"><\/div>         <\/div>             <div class=\"kksr-star\" style=\"padding-right: 5px\">               <div class=\"kksr-icon\" style=\"width: 24px; height: 24px;\"><\/div>         <\/div>     <\/div> <\/div>                   <div class=\"kksr-legend\" style=\"font-size: 19.2px;\">             4.9\/5 - (91 votos)    <\/div>     <\/div>  <p class=\"translation-block\">O <strong>triturador de paletes abrangente<\/strong> \u00e9 utilizado em v\u00e1rias ind\u00fastrias para processar diferentes tipos de madeira. Pode processar madeira com pregos, paletes de madeira, res\u00edduos de madeira de obra, suportes de madeira, ramos, madeira, etc., bem como uma variedade de palhas a granel, canas e outras v\u00e1rias mat\u00e9rias n\u00e3o-lenhosas, com uma ampla gama de aplica\u00e7\u00f5es. <\/p>    <p>Comparado com outros britadores, o britador abrangente adota alimenta\u00e7\u00e3o de transporte de placa de corrente, o que pode tornar a alimenta\u00e7\u00e3o mais suave e melhorar significativamente a capacidade de produ\u00e7\u00e3o, at\u00e9 30 toneladas por hora.<\/p>    <figure class=\"wp-block-embed aligncenter is-type-video is-provider-youtube wp-block-embed-youtube wp-embed-aspect-16-9 wp-has-aspect-ratio\"><div class=\"wp-block-embed__wrapper\"> <iframe loading=\"lazy\" title=\"Triturador de madeira gigante: o desafio final de triturar grandes paletes de madeira com for\u00e7a! \ud83d\udd25#madeira\" width=\"500\" height=\"281\" src=\"https:\/\/www.youtube.com\/embed\/bjuIT1J-sVk?feature=oembed\" frameborder=\"0\" allow=\"accelerometer; autoplay; clipboard-write; encrypted-media; gyroscope; picture-in-picture; web-share\" referrerpolicy=\"strict-origin-when-cross-origin\" allowfullscreen><\/iframe> <\/div><figcaption class=\"wp-element-caption\">v\u00eddeo abrangente de funcionamento da m\u00e1quina trituradora de paletes<\/figcaption><\/figure>    <p>O abrangente triturador de paletes Shuliy possui uma correia transportadora de alimenta\u00e7\u00e3o que permite aos usu\u00e1rios colocar t\u00e1buas, madeira e outros materiais diretamente sobre ele. A correia transportadora transporta automaticamente o material para o sistema de britagem, o que economiza energia significativamente. Esta m\u00e1quina \u00e9 adequada para processamento de madeira em lote e cont\u00ednuo.<\/p>    <p class=\"translation-block\">A m\u00e1quina possui um dispositivo de suc\u00e7\u00e3o magn\u00e9tica na sua sa\u00edda, capaz de remover pregos, detritos e outros materiais do produto acabado. Al\u00e9m disso, oferecemos v\u00e1rios modelos de trituradoras de madeira para atender \u00e0s diversas necessidades dos nossos clientes. Para al\u00e9m disso, tamb\u00e9m temos <a href=\"https:\/\/hnwoodmachinery.com\/pt\/product\/wood-shredder-machine\/\">trituradoras de madeira mais pequenas<\/a> que podem processar principalmente o toco, o ramo, etc.<\/p>    <figure class=\"wp-block-gallery has-nested-images columns-default is-cropped wp-block-gallery-2 is-layout-flex wp-block-gallery-is-layout-flex\"> <figure class=\"wp-block-image size-large\"><img loading=\"lazy\" decoding=\"async\" width=\"720\" height=\"540\" data-id=\"415\" src=\"https:\/\/hnwoodmachinery.com\/wp-content\/uploads\/2022\/09\/comprehensive-pallet-crusher-a.webp\" alt=\"triturador de paletes abrangente\" class=\"wp-image-415\" title=\"triturador de paletes abrangente\"\/><figcaption class=\"wp-element-caption\">Triturador de paletes abrangente<\/figcaption><\/figure>    <figure class=\"wp-block-image size-large\"><img loading=\"lazy\" decoding=\"async\" width=\"720\" height=\"540\" data-id=\"416\" src=\"https:\/\/hnwoodmachinery.com\/wp-content\/uploads\/2022\/09\/newly-manufactured-pallet-crusher-machine-a.webp\" alt=\"trituradora de paletes de madeira industrial\" class=\"wp-image-416\" title=\"trituradora de paletes de madeira industrial\"\/><figcaption class=\"wp-element-caption\">Triturador de paletes de madeira industrial<\/figcaption><\/figure> <\/figure>    <p>&nbsp;&nbsp;&nbsp;&nbsp;&nbsp;&nbsp;&nbsp;&nbsp;&nbsp;&nbsp;&nbsp;&nbsp;&nbsp;&nbsp;&nbsp;&nbsp;&nbsp;&nbsp;&nbsp;&nbsp;&nbsp;&nbsp;&nbsp;&nbsp;&nbsp;<\/p>    <h2 class=\"wp-block-heading\">Escopo de aplica\u00e7\u00e3o do moedor de madeira industrial<\/h2>    <p>O moedor de madeira industrial \u00e9 capaz de processar v\u00e1rios materiais residuais de madeira, incluindo caixas de embalagem, modelos, placas, galhos, caixas de madeira, paletes, talos de milho, toras e muito mais, tudo isso enquanto tritura eficazmente a silagem. Sua funcionalidade \u00e9 robusta, s\u00f3lida e dur\u00e1vel, tornando-o adequado para uma ampla variedade de materiais.<\/p>    <p class=\"translation-block\"><strong>\u00c2mbito de aplica\u00e7\u00e3o das aparas de madeira acabadas<\/strong>: As aparas de madeira servem como principal mat\u00e9ria-prima para pellets de biomassa, pain\u00e9is extrudados, produ\u00e7\u00e3o de carv\u00e3o, fertilizantes org\u00e2nicos e muito mais. S\u00e3o tamb\u00e9m essenciais para centrais de energia, instala\u00e7\u00f5es de fabrico de <a href=\"https:\/\/en.wikipedia.org\/wiki\/Pellet_fuel\" target=\"_blank\" rel=\"noopener\">pellets de biomassa<\/a>, produ\u00e7\u00e3o de pain\u00e9is extrudados e v\u00e1rias outras ind\u00fastrias.<\/p>   <div class=\"wp-block-image\"> <figure class=\"aligncenter size-full\"><img loading=\"lazy\" decoding=\"async\" width=\"720\" height=\"540\" src=\"https:\/\/hnwoodmachinery.com\/wp-content\/uploads\/2022\/09\/applications-of-industial-wood-grinder-machine-0.webp\" alt=\"aplica\u00e7\u00f5es da m\u00e1quina moedora de madeira industrial\" class=\"wp-image-417\" title=\"aplica\u00e7\u00f5es da m\u00e1quina moedora de madeira industrial\"\/><figcaption class=\"wp-element-caption\">aplica\u00e7\u00f5es da m\u00e1quina moedora de madeira industrial<\/figcaption><\/figure> <\/div>   <h2 class=\"wp-block-heading\">Caracter\u00edsticas not\u00e1veis \u200b\u200bdo triturador de paletes de madeira<\/h2>    <ul class=\"wp-block-list\"> <li>Pode adaptar-se a diversas condi\u00e7\u00f5es geogr\u00e1ficas e de terreno para a instala\u00e7\u00e3o e utiliza\u00e7\u00e3o de equipamentos, permanecendo inalterado por climas sazonais e outros fatores externos.<\/li>    <li>Nosso avan\u00e7ado triturador de paletes possui controle autom\u00e1tico, juntamente com alimenta\u00e7\u00e3o e descarga autom\u00e1ticas, o que aumenta a capacidade de produ\u00e7\u00e3o. Al\u00e9m disso, garante a separa\u00e7\u00e3o homem-m\u00e1quina, aumentando assim a seguran\u00e7a da opera\u00e7\u00e3o da m\u00e1quina.<\/li>    <li>O triturador abrangente \u00e9 capaz de processar todos os tipos de res\u00edduos de madeira, inclusive aqueles com pregos de metal. Pode acomodar uma grande variedade de mat\u00e9rias-primas, como toras, galhos, m\u00f3veis descartados e t\u00e1buas.<\/li>    <li>Utiliza uma placa de corrente para alimenta\u00e7\u00e3o, o que permite uma entrada de material mais suave e aumenta significativamente a capacidade de produ\u00e7\u00e3o.\u3000\u3000<\/li> <\/ul>   <div class=\"wp-block-image\"> <figure class=\"aligncenter size-full\"><img loading=\"lazy\" decoding=\"async\" width=\"720\" height=\"540\" src=\"https:\/\/hnwoodmachinery.com\/wp-content\/uploads\/2022\/09\/industrial-wood-pallet-shredders-for-sale_.webp\" alt=\"trituradores de paletes de madeira industriais\" class=\"wp-image-418\" title=\"trituradores de paletes de madeira industriais\"\/><figcaption class=\"wp-element-caption\">trituradores de paletes de madeira industriais<\/figcaption><\/figure> <\/div>   <h2 class=\"wp-block-heading\">Par\u00e2metros da m\u00e1quina trituradora de madeira industrial<\/h2>    <figure class=\"wp-block-table is-style-stripes\"><table><tbody><tr><td>Modelo<\/td><td>SL-C-1300<\/td><td>SL-C-1400<\/td><td>SL-C-1600<\/td><\/tr><tr><td>Tamanho da entrada de alimenta\u00e7\u00e3o<\/td><td>1300*500mm<\/td><td>1400*800mm<\/td><td>1600*800mm<\/td><\/tr><tr><td>Di\u00e2metro m\u00e1ximo de alimenta\u00e7\u00e3o<\/td><td>400mm<\/td><td>500mm<\/td><td>600mm<\/td><\/tr><tr><td>Tamanho de sa\u00edda<\/td><td>Menos de 100mm<\/td><td>Menos de 100mm<\/td><td>Menos de 100mm<\/td><\/tr><tr><td>Transportador de entrada<\/td><td>6m<\/td><td>6m<\/td><td>6m<\/td><\/tr><tr><td>Transportador de sa\u00edda<\/td><td>8m<\/td><td>10m<\/td><td>10m<\/td><\/tr><tr><td>Quantidade de martelo<\/td><td>20 unidades<\/td><td>32 unidades<\/td><td>66 unidades<\/td><\/tr><tr><td>Capacidade<\/td><td>8-10 t\/h<\/td><td>10-15t\/h<\/td><td>20-30t\/h<\/td><\/tr><tr><td>Pot\u00eancia total<\/td><td>156,5 kW<\/td><td>213,5 kW<\/td><td>233,5 kW<\/td><\/tr><tr><td>Tamanho total<\/td><td>8600*2000*2300mm<\/td><td>9600*2400*3300mm<\/td><td>12500*2800*3200mm<\/td><\/tr><\/tbody><\/table><figcaption class=\"wp-element-caption\">dados t\u00e9cnicos abrangentes do britador de paletes<\/figcaption><\/figure>    <h2 class=\"wp-block-heading\">Quais s\u00e3o os componentes do triturador de paletes de madeira?<\/h2>    <p>O triturador de paletes abrangente consiste principalmente em um transportador de alimenta\u00e7\u00e3o, dispositivo de alimenta\u00e7\u00e3o, rolo de faca, tela, porta de descarga, dispositivo de suc\u00e7\u00e3o magn\u00e9tica, etc. A estrutura da m\u00e1quina \u00e9 avan\u00e7ada e razo\u00e1vel, e \u00e9 f\u00e1cil de operar e manter.<\/p>   <div class=\"wp-block-image\"> <figure class=\"aligncenter size-full\"><img loading=\"lazy\" decoding=\"async\" width=\"720\" height=\"540\" src=\"https:\/\/hnwoodmachinery.com\/wp-content\/uploads\/2022\/09\/structure-of-the-wood-crusher-machine_.webp\" alt=\"estrutura da m\u00e1quina trituradora de madeira\" class=\"wp-image-419\" title=\"estrutura da m\u00e1quina trituradora de madeira\"\/><figcaption class=\"wp-element-caption\">estrutura da m\u00e1quina trituradora de madeira<\/figcaption><\/figure> <\/div>   <h2 class=\"wp-block-heading\">Como funciona um triturador de madeira de grande capacidade?<\/h2>   <div id=\"rank-math-howto\" class=\"rank-math-block\" > <div class=\"rank-math-howto-description\">  <\/div>  <div class=\"rank-math-steps\"> <div id=\"howto-step-1717405163877\" class=\"rank-math-step\"> <div class=\"rank-math-step-content\"><p>A abrangente m\u00e1quina trituradora de paletes utiliza principalmente a for\u00e7a de impacto para quebrar a madeira. Durante a opera\u00e7\u00e3o, o motor aciona o rotor interno para girar em altas velocidades, permitindo que a madeira entre uniformemente na c\u00e2mara de britagem.<\/p> <\/div> <\/div> <div id=\"howto-step-1717405183757\" class=\"rank-math-step\"> <div class=\"rank-math-step-content\"><p>Os martelos rotativos de alta velocidade atingem a madeira, fazendo-a quebrar. Enquanto isso, a madeira, influenciada pelo seu peso, \u00e9 impulsionada dos martelos em dire\u00e7\u00e3o ao defletor.<\/p> <\/div> <\/div> <div id=\"howto-step-1717405206741\" class=\"rank-math-step\"> <div class=\"rank-math-step-content\"><p>Na parte inferior da m\u00e1quina h\u00e1 uma peneira; a madeira triturada passa por aberturas menores que a malha, enquanto peda\u00e7os maiores permanecem na peneira para serem posteriormente processados \u200b\u200bpelos martelos.<\/p> <\/div> <\/div> <\/div> <\/div>       <figure class=\"wp-block-embed aligncenter is-type-video is-provider-youtube wp-block-embed-youtube wp-embed-aspect-16-9 wp-has-aspect-ratio\"><div class=\"wp-block-embed__wrapper\"> <iframe loading=\"lazy\" title=\"Poderoso triturador de paletes de madeira em a\u00e7\u00e3o: tecnologia eficiente de redu\u00e7\u00e3o de res\u00edduos de madeira!#crusher #wood\" width=\"500\" height=\"281\" src=\"https:\/\/www.youtube.com\/embed\/jimooBVD8i8?feature=oembed\" frameborder=\"0\" allow=\"accelerometer; autoplay; clipboard-write; encrypted-media; gyroscope; picture-in-picture; web-share\" referrerpolicy=\"strict-origin-when-cross-origin\" allowfullscreen><\/iframe> <\/div><figcaption class=\"wp-element-caption\">princ\u00edpio de funcionamento abrangente do britador de paletes<\/figcaption><\/figure>    <h2 class=\"wp-block-heading\">Exportando britador abrangente para Cingapura<\/h2>    <p>Um cliente de Cingapura entrou em contato conosco por e-mail, expressando sua necessidade de um triturador de paletes abrangente. Ele j\u00e1 havia visitado nosso site e encontrado nossas informa\u00e7\u00f5es de contato. Pouco depois, nosso gerente de vendas respondeu ao seu e-mail. <\/p>    <p>Confirmamos com o cliente que ele estava processando t\u00e1buas de madeira como mat\u00e9ria-prima. As dimens\u00f5es das placas s\u00e3o 1200x1100x150mm e cont\u00eam pregos. Tamb\u00e9m fornecemos fotos, especifica\u00e7\u00f5es e um v\u00eddeo da m\u00e1quina. Nosso britador integrado \u00e9 adequado para esse tipo de mat\u00e9ria-prima. Ap\u00f3s alguma considera\u00e7\u00e3o, o cliente decidiu fazer uma compra.<\/p>   <div class=\"wp-block-image\"> <figure class=\"aligncenter size-full\"><img loading=\"lazy\" decoding=\"async\" width=\"720\" height=\"540\" src=\"https:\/\/hnwoodmachinery.com\/wp-content\/uploads\/2022\/09\/comprehensive-crusher_.webp\" alt=\"triturador abrangente\" class=\"wp-image-421\" title=\"triturador abrangente\"\/><figcaption class=\"wp-element-caption\">triturador abrangente<\/figcaption><\/figure> <\/div>   <h2 class=\"wp-block-heading\">Bem-vindo a entrar em contato conosco<\/h2>    <p>Nossa f\u00e1brica \u00e9 especializada na produ\u00e7\u00e3o de m\u00e1quinas para processamento de madeira h\u00e1 muitos anos, trazendo uma vasta experi\u00eancia e tecnologia avan\u00e7ada para a mesa. Dedicamo-nos a oferecer britadores integrados de alta qualidade e grande capacidade que atendem a diversas necessidades de reciclagem de madeira. Sinta-se \u00e0 vontade para entrar em contato a qualquer momento para saber mais sobre nossos produtos ou para visitar nossa f\u00e1brica. Estamos ansiosos pela oportunidade de trabalharmos juntos.<\/p>","protected":false},"excerpt":{"rendered":"<p>O britador de paletes abrangente tem uma ampla gama de aplica\u00e7\u00f5es. \u00c9 adequado para diversos tipos de madeira, com grande rendimento, alta efici\u00eancia, resist\u00eancia ao desgaste e durabilidade.<\/p>","protected":false},"author":1,"featured_media":520,"parent":0,"template":"","tags":[35,40,39],"product-type":[7],"class_list":["post-222","product","type-product","status-publish","has-post-thumbnail","hentry","tag-wood","tag-wood-chips","tag-wood-pallet","product-type-wood-crusher"],"_links":{"self":[{"href":"https:\/\/hnwoodmachinery.com\/pt\/wp-json\/wp\/v2\/product\/222","targetHints":{"allow":["GET"]}}],"collection":[{"href":"https:\/\/hnwoodmachinery.com\/pt\/wp-json\/wp\/v2\/product"}],"about":[{"href":"https:\/\/hnwoodmachinery.com\/pt\/wp-json\/wp\/v2\/types\/product"}],"author":[{"embeddable":true,"href":"https:\/\/hnwoodmachinery.com\/pt\/wp-json\/wp\/v2\/users\/1"}],"wp:featuredmedia":[{"embeddable":true,"href":"https:\/\/hnwoodmachinery.com\/pt\/wp-json\/wp\/v2\/media\/520"}],"wp:attachment":[{"href":"https:\/\/hnwoodmachinery.com\/pt\/wp-json\/wp\/v2\/media?parent=222"}],"wp:term":[{"taxonomy":"post_tag","embeddable":true,"href":"https:\/\/hnwoodmachinery.com\/pt\/wp-json\/wp\/v2\/tags?post=222"},{"taxonomy":"product-type","embeddable":true,"href":"https:\/\/hnwoodmachinery.com\/pt\/wp-json\/wp\/v2\/product-type?post=222"}],"curies":[{"name":"wp","href":"https:\/\/api.w.org\/{rel}","templated":true}]}}