{"id":207,"date":"2022-07-22T08:10:18","date_gmt":"2022-07-22T08:10:18","guid":{"rendered":"https:\/\/hnwoodmachinery.com\/?post_type=product&#038;p=207"},"modified":"2024-09-24T18:28:36","modified_gmt":"2024-09-24T10:28:36","slug":"drum-wood-chipper","status":"publish","type":"product","link":"https:\/\/hnwoodmachinery.com\/pt\/product\/drum-wood-chipper\/","title":{"rendered":"M\u00e1quina de fazer lascas de madeira comercial para picador de madeira de tambor"},"content":{"rendered":"<div class=\"kk-star-ratings kksr-auto kksr-align-left kksr-valign-top\"     data-payload='{&quot;align&quot;:&quot;left&quot;,&quot;id&quot;:&quot;207&quot;,&quot;slug&quot;:&quot;default&quot;,&quot;valign&quot;:&quot;top&quot;,&quot;ignore&quot;:&quot;&quot;,&quot;reference&quot;:&quot;auto&quot;,&quot;class&quot;:&quot;&quot;,&quot;count&quot;:&quot;94&quot;,&quot;legendonly&quot;:&quot;&quot;,&quot;readonly&quot;:&quot;&quot;,&quot;score&quot;:&quot;4.8&quot;,&quot;starsonly&quot;:&quot;&quot;,&quot;best&quot;:&quot;5&quot;,&quot;gap&quot;:&quot;5&quot;,&quot;greet&quot;:&quot;Rate this product&quot;,&quot;legend&quot;:&quot;4.8\\\/5 - (94 votes)&quot;,&quot;size&quot;:&quot;24&quot;,&quot;title&quot;:&quot;Drum Wood Chipper Commercial Timber Chips Making Machine&quot;,&quot;width&quot;:&quot;136.7&quot;,&quot;_legend&quot;:&quot;{score}\\\/{best} - ({count} {votes})&quot;,&quot;font_factor&quot;:&quot;1.25&quot;}'>              <div class=\"kksr-stars\">      <div class=\"kksr-stars-inactive\">             <div class=\"kksr-star\" data-star=\"1\" style=\"padding-right: 5px\">               <div class=\"kksr-icon\" style=\"width: 24px; height: 24px;\"><\/div>         <\/div>             <div class=\"kksr-star\" data-star=\"2\" style=\"padding-right: 5px\">               <div class=\"kksr-icon\" style=\"width: 24px; height: 24px;\"><\/div>         <\/div>             <div class=\"kksr-star\" data-star=\"3\" style=\"padding-right: 5px\">               <div class=\"kksr-icon\" style=\"width: 24px; height: 24px;\"><\/div>         <\/div>             <div class=\"kksr-star\" data-star=\"4\" style=\"padding-right: 5px\">               <div class=\"kksr-icon\" style=\"width: 24px; height: 24px;\"><\/div>         <\/div>             <div class=\"kksr-star\" data-star=\"5\" style=\"padding-right: 5px\">               <div class=\"kksr-icon\" style=\"width: 24px; height: 24px;\"><\/div>         <\/div>     <\/div>      <div class=\"kksr-stars-active\" style=\"width: 136.7px;\">             <div class=\"kksr-star\" style=\"padding-right: 5px\">               <div class=\"kksr-icon\" style=\"width: 24px; height: 24px;\"><\/div>         <\/div>             <div class=\"kksr-star\" style=\"padding-right: 5px\">               <div class=\"kksr-icon\" style=\"width: 24px; height: 24px;\"><\/div>         <\/div>             <div class=\"kksr-star\" style=\"padding-right: 5px\">               <div class=\"kksr-icon\" style=\"width: 24px; height: 24px;\"><\/div>         <\/div>             <div class=\"kksr-star\" style=\"padding-right: 5px\">               <div class=\"kksr-icon\" style=\"width: 24px; height: 24px;\"><\/div>         <\/div>             <div class=\"kksr-star\" style=\"padding-right: 5px\">               <div class=\"kksr-icon\" style=\"width: 24px; height: 24px;\"><\/div>         <\/div>     <\/div> <\/div>                   <div class=\"kksr-legend\" style=\"font-size: 19.2px;\">             4.8\/5 - (94 votos)    <\/div>     <\/div>  <p>O picador de madeira de tambor est\u00e1 equipado com um sistema de corte avan\u00e7ado. Pode manusear facilmente toras e galhos de diversas durezas para opera\u00e7\u00f5es de corte precisas e r\u00e1pidas, com capacidade de processamento de at\u00e9 15 toneladas de madeira por hora. <\/p>    <p>Devido ao alto rendimento desta m\u00e1quina, ela geralmente \u00e9 utilizada em processadores de madeira de m\u00e9dio e grande porte. As aparas de madeira s\u00e3o geralmente usadas para tritura\u00e7\u00e3o bruta antes da tritura\u00e7\u00e3o de madeira, fabrica\u00e7\u00e3o de papel, combust\u00edvel e fabrica\u00e7\u00e3o de todos os tipos de placas, etc.<\/p>    <figure class=\"wp-block-embed aligncenter is-type-video is-provider-youtube wp-block-embed-youtube wp-embed-aspect-16-9 wp-has-aspect-ratio\"><div class=\"wp-block-embed__wrapper\"> <iframe loading=\"lazy\" title=\"Liberando o poder do picador de madeira tipo tambor de grande capacidade: triturando madeira como um profissional!\" width=\"500\" height=\"281\" src=\"https:\/\/www.youtube.com\/embed\/EXLexC2cebo?start=4&#038;feature=oembed\" frameborder=\"0\" allow=\"accelerometer; autoplay; clipboard-write; encrypted-media; gyroscope; picture-in-picture; web-share\" referrerpolicy=\"strict-origin-when-cross-origin\" allowfullscreen><\/iframe> <\/div><figcaption class=\"wp-element-caption\">V\u00eddeo de funcionamento da m\u00e1quina picadora de madeira de tambor grande<\/figcaption><\/figure>    <p>O picador de tambor est\u00e1 equipado com uma correia transportadora para alimenta\u00e7\u00e3o autom\u00e1tica, o que reduz significativamente o tempo e a necessidade de m\u00e3o de obra. Al\u00e9m disso, os rolos de press\u00e3o no picador de tambor empurram ativamente o material para dentro do sistema de picagem. <\/p>    <p class=\"translation-block\">Esta m\u00e1quina pode ser integrada com uma correia transportadora e um moinho de martelos para criar uma linha de produ\u00e7\u00e3o completa para o processamento de aparas de madeira. Adicionalmente, tamb\u00e9m fabricamos <a href=\"https:\/\/hnwoodmachinery.com\/pt\/product\/wood-chips-making-machine\/\">trituradores de madeira pequenos<\/a>.<\/p>   <div class=\"wp-block-image\"> <figure class=\"aligncenter size-full\"><img loading=\"lazy\" decoding=\"async\" width=\"720\" height=\"540\" src=\"https:\/\/hnwoodmachinery.com\/wp-content\/uploads\/2022\/09\/industrial-wood-chipper0.webp\" alt=\"picador de madeira industrial\" class=\"wp-image-407\" title=\"picador de madeira industrial\"\/><figcaption class=\"wp-element-caption\">picador de madeira industrial<\/figcaption><\/figure> <\/div>   <h2 class=\"wp-block-heading\">Aplica\u00e7\u00f5es relacionadas ao picador de madeira comercial<\/h2>    <p class=\"translation-block\"><strong>Mat\u00e9rias-primas:<\/strong> esta m\u00e1quina trituradora de tambor \u00e9 capaz de processar v\u00e1rios materiais, como madeira virgem, madeira serrada, toros e madeira de pequeno di\u00e2metro. (Por favor, note que os materiais utilizados com esta m\u00e1quina n\u00e3o devem conter pregos).<\/p>    <p class=\"translation-block\"><strong>\u00c2mbito de aplica\u00e7\u00e3o das aparas de madeira:<\/strong> as aparas de madeira produzidas podem ser utilizadas para fabricar papel, fabricar pain\u00e9is de part\u00edculas e pain\u00e9is de fibra, ou como combust\u00edvel. Adicionalmente, podemos vender as aparas de madeira diretamente.<\/p>   <div class=\"wp-block-image\"> <figure class=\"aligncenter size-full\"><img loading=\"lazy\" decoding=\"async\" width=\"720\" height=\"540\" src=\"https:\/\/hnwoodmachinery.com\/wp-content\/uploads\/2022\/09\/using-scope-of-the-wood-chipper-0-2.webp\" alt=\"uso do triturador de madeira\" class=\"wp-image-412\" title=\"uso do triturador de madeira\"\/><figcaption class=\"wp-element-caption\">usando o escopo do picador de madeira de tambor<\/figcaption><\/figure> <\/div>   <h2 class=\"wp-block-heading\">Benef\u00edcios exclusivos do picador de madeira industrial<\/h2>    <ul class=\"wp-block-list\"> <li>Trabalho forte. Pode processar v\u00e1rios materiais com efici\u00eancia. O processamento do produto final \u00e9 bom.<\/li>    <li>Longa vida \u00fatil da m\u00e1quina: o rolo de facas, a placa de facas e as l\u00e2minas da m\u00e1quina s\u00e3o todos feitos de materiais de alta qualidade, que s\u00e3o resistentes ao desgaste e dur\u00e1veis.<\/li>    <li>O picador de madeira de tambor possui um gabinete de controle el\u00e9trico independente, portanto a m\u00e1quina \u00e9 segura de usar e f\u00e1cil de operar.<\/li>    <li>O picador pode ajustar automaticamente o tamanho da porta de alimenta\u00e7\u00e3o. De acordo com as diferentes espessuras da mat\u00e9ria-prima, o rolo de alimenta\u00e7\u00e3o superior pode flutuar para cima e para baixo dentro de uma determinada faixa com a ajuda de um sistema hidr\u00e1ulico.<\/li> <\/ul>   <div class=\"wp-block-image\"> <figure class=\"aligncenter size-full\"><img loading=\"lazy\" decoding=\"async\" width=\"720\" height=\"540\" src=\"https:\/\/hnwoodmachinery.com\/wp-content\/uploads\/2022\/09\/drum-wood-chipper-0.webp\" alt=\"picador de madeira industrial\" class=\"wp-image-409\" title=\"picador de madeira industrial\"\/><figcaption class=\"wp-element-caption\">picador de madeira industrial<\/figcaption><\/figure> <\/div>   <h2 class=\"wp-block-heading\">Estrutura interna da m\u00e1quina picadora de madeira de tambor<\/h2>    <p>O picador de madeira de tambor inclui principalmente o corpo, rolo de faca, mecanismo de alimenta\u00e7\u00e3o e descarga, sistema hidr\u00e1ulico, dispositivo de alimenta\u00e7\u00e3o e outras pe\u00e7as.<\/p>    <ul class=\"wp-block-list\"> <li>Corpo: todo soldado com chapa de a\u00e7o de alta resist\u00eancia, que \u00e9 a base de sustenta\u00e7\u00e3o de toda a m\u00e1quina. <\/li>    <li>Rolo de faca: existem v\u00e1rias facas voadoras instaladas na barra de faca. E fixamos as facas voadoras no rolo de facas atrav\u00e9s do bloco de press\u00e3o.<\/li>    <li>Sistema hidr\u00e1ulico: o cilindro de \u00f3leo \u00e9 abastecido pela bomba de \u00f3leo, que pode acionar a tampa e facilitar a troca da l\u00e2mina. O conjunto do rolo de alimenta\u00e7\u00e3o superior pode ser levantado durante a manuten\u00e7\u00e3o, o que facilita o ajuste da folga entre a faca voadora e a faca inferior.<\/li>    <li>Mecanismo de alimenta\u00e7\u00e3o para cima e para baixo: \u00e9 composto por uma interface de alimenta\u00e7\u00e3o, um rolo de alimenta\u00e7\u00e3o para cima e para baixo e um mecanismo de ajuste da folga de alimenta\u00e7\u00e3o. A madeira que entra pela interface de alimenta\u00e7\u00e3o \u00e9 pressionada pelos rolos de alimenta\u00e7\u00e3o superior e inferior e alimentada no mecanismo de lascamento a uma determinada velocidade.<\/li> <\/ul>   <div class=\"wp-block-image\"> <figure class=\"aligncenter size-full\"><img loading=\"lazy\" decoding=\"async\" width=\"720\" height=\"540\" src=\"https:\/\/hnwoodmachinery.com\/wp-content\/uploads\/2022\/09\/drum-wood-chippers-structure-0.webp\" alt=\"picador de madeira industrial\" class=\"wp-image-408\" title=\"picador de madeira industrial\"\/><figcaption class=\"wp-element-caption\">picador de madeira industrial<\/figcaption><\/figure> <\/div>   <h2 class=\"wp-block-heading\">Especifica\u00e7\u00f5es de picador de madeira comercial de grande porte<\/h2>    <figure class=\"wp-block-table is-style-stripes\"><table><tbody><tr><td><strong>Modelo<\/strong><\/td><td><strong>SL-218<\/strong><\/td><td><strong>SL-216<\/strong><\/td><\/tr><tr><td><strong>Quantidade de faca<\/strong><\/td><td>2<\/td><td>2<\/td><\/tr><tr><td><strong>Tamanho da alimenta\u00e7\u00e3o<\/strong><strong><\/strong><\/td><td>300*680\u00a0mm<\/td><td>230*500mm<\/td><\/tr><tr><td><strong>Capacidade<\/strong><strong><\/strong><\/td><td>10-15 t\/h<\/td><td>5-8t\/h<\/td><\/tr><tr><td><strong>Dimens\u00e3o da mat\u00e9ria-prima<\/strong><strong><\/strong><\/td><td>\u2264300 mm<\/td><td>\u2264230 mm<\/td><\/tr><tr><td><strong>Tamanho das aparas de madeira<\/strong><strong><\/strong><\/td><td>25 mm (ajust\u00e1vel)<\/td><td>25mm(Ajust\u00e1vel)<\/td><\/tr><tr><td><strong>Pot\u00eancia principal<\/strong><strong><\/strong><\/td><td>110 quilowatts<\/td><td>55 quilowatts<\/td><\/tr><tr><td><strong>Peso<\/strong><strong><\/strong><\/td><td>8.600\u00a0kg<\/td><td>5600kg<\/td><\/tr><tr><td><strong>Transportador de entrada de alimenta\u00e7\u00e3o<\/strong><strong><\/strong><\/td><td>6 metros<\/td><td>6 metros<\/td><\/tr><tr><td><strong>Transportador de sa\u00edda<\/strong><strong><\/strong><\/td><td>8\u00a0m<\/td><td>8 metros<\/td><\/tr><tr><td><strong>Tamanho da embalagem<\/strong><\/td><td>3105*2300*1650\u00a0mil\u00edmetros<\/td><td>2735*2200*1200mm<\/td><\/tr><\/tbody><\/table><figcaption class=\"wp-element-caption\">dados t\u00e9cnicos do picador de madeira de tambor<\/figcaption><\/figure>    <h2 class=\"wp-block-heading\">Como funciona esta m\u00e1quina para fazer aparas de madeira?<\/h2>   <div id=\"rank-math-howto\" class=\"rank-math-block\" > <div class=\"rank-math-howto-description\">  <\/div>  <div class=\"rank-math-steps\"> <div id=\"howto-step-1717407006129\" class=\"rank-math-step\"> <div class=\"rank-math-step-content\"><p>A madeira \u00e9 alimentada pela porta de alimenta\u00e7\u00e3o e ao entrar em contato com a l\u00e2mina de corte \u00e9 cortada seguindo a rota\u00e7\u00e3o em alta velocidade da l\u00e2mina de corte.<\/p> <\/div> <\/div> <div id=\"howto-step-1717407019499\" class=\"rank-math-step\"> <div class=\"rank-math-step-content\"><p>O mecanismo de corte \u00e9 uma roda de tambor girat\u00f3ria com v\u00e1rias facas voadoras montadas nela. As facas giram para processar a madeira em peda\u00e7os.<\/p> <\/div> <\/div> <div id=\"howto-step-1717407032563\" class=\"rank-math-step\"> <div class=\"rank-math-step-content\"><p class=\"translation-block\">Existem v\u00e1rios orif\u00edcios quadrados na borda exterior da roda do tambor, e os peda\u00e7os cortados de material qualificado caem atrav\u00e9s dos orif\u00edcios da malha e s\u00e3o descarregados pela parte inferior. Os peda\u00e7os maiores de material ser\u00e3o cortados novamente na m\u00e1quina <a href=\"https:\/\/en.wikipedia.org\/wiki\/Woodchipper\" target=\"_blank\" rel=\"noopener\">trituradora de madeira<\/a>.<\/p> <\/div> <\/div> <\/div> <\/div>       <figure class=\"wp-block-embed aligncenter is-type-video is-provider-youtube wp-block-embed-youtube wp-embed-aspect-16-9 wp-has-aspect-ratio\"><div class=\"wp-block-embed__wrapper\"> <iframe loading=\"lazy\" title=\"Grande picador de madeira industrial\u4e28triturador de madeira de tambor para venda\" width=\"500\" height=\"281\" src=\"https:\/\/www.youtube.com\/embed\/4ADKE0Xolj8?feature=oembed\" frameborder=\"0\" allow=\"accelerometer; autoplay; clipboard-write; encrypted-media; gyroscope; picture-in-picture; web-share\" referrerpolicy=\"strict-origin-when-cross-origin\" allowfullscreen><\/iframe> <\/div><figcaption class=\"wp-element-caption\">V\u00eddeo de funcionamento da m\u00e1quina para fazer lascas de madeira<\/figcaption><\/figure>   <div class=\"wp-block-image\"> <figure class=\"aligncenter size-full\"><img loading=\"lazy\" decoding=\"async\" width=\"720\" height=\"540\" src=\"http:\/\/hnwoodmachinery.com\/wp-content\/uploads\/2022\/07\/wood-chips-making-machine.webp\" alt=\"m\u00e1quina de fazer lascas de madeira\" class=\"wp-image-1080\" title=\"\" srcset=\"https:\/\/hnwoodmachinery.com\/wp-content\/uploads\/2022\/07\/wood-chips-making-machine.webp 720w, https:\/\/hnwoodmachinery.com\/wp-content\/uploads\/2022\/07\/wood-chips-making-machine-300x225.webp 300w, https:\/\/hnwoodmachinery.com\/wp-content\/uploads\/2022\/07\/wood-chips-making-machine-16x12.webp 16w\" sizes=\"auto, (max-width: 720px) 100vw, 720px\" \/><figcaption class=\"wp-element-caption\">m\u00e1quina picadora de madeira de tambor<\/figcaption><\/figure> <\/div>   <h2 class=\"wp-block-heading\">Por que escolher o triturador de madeira Shuliy?<\/h2>    <ul class=\"wp-block-list\"> <li>Rotor de p\u00e1s rec\u00e9m-projetado, as p\u00e1s s\u00e3o f\u00e1ceis de trocar.<\/li>    <li>A tampa da c\u00e2mara de britagem pode ser aberta hidraulicamente para f\u00e1cil manuten\u00e7\u00e3o e substitui\u00e7\u00e3o da l\u00e2mina.<\/li>    <li>O tamanho da tela pode ser personalizado de acordo com os diferentes requisitos de tamanho do produto final. O sistema de amortecimento hidr\u00e1ulico garante um funcionamento suave.<\/li>    <li>Dispositivo de alimenta\u00e7\u00e3o reversa, a m\u00e1quina de correia pode ser invertida para avan\u00e7ar. Este dispositivo pode proteger a m\u00e1quina ao encontrar grandes peda\u00e7os de madeira.<\/li>    <li>Maior capacidade e maior tamanho de alimenta\u00e7\u00e3o do que os modelos tradicionais, podem cortar toras com di\u00e2metro de 230-500 mm.<\/li> <\/ul>   <div class=\"wp-block-image\"> <figure class=\"aligncenter size-full\"><img loading=\"lazy\" decoding=\"async\" width=\"720\" height=\"540\" src=\"https:\/\/hnwoodmachinery.com\/wp-content\/uploads\/2022\/09\/commercial-wood-chipper-0.webp\" alt=\"picador de madeira comercial\" class=\"wp-image-413\" title=\"picador de madeira comercial\"\/><figcaption class=\"wp-element-caption\">picador de madeira comercial<\/figcaption><\/figure> <\/div>   <p>Nossa f\u00e1brica \u00e9 especializada na produ\u00e7\u00e3o e fabrica\u00e7\u00e3o de m\u00e1quinas para processamento de madeira h\u00e1 muitos anos, ganhando rica experi\u00eancia e tecnologia avan\u00e7ada. Sinceramente, convidamos voc\u00ea a nos consultar a qualquer momento e damos as boas-vindas a voc\u00ea para visitar nossa f\u00e1brica. Estamos ansiosos para cooperar com voc\u00ea.<\/p>","protected":false},"excerpt":{"rendered":"<p>O picador de madeira de tambor \u00e9 uma grande m\u00e1quina industrial de picar madeira. Esta m\u00e1quina tem uma grande produ\u00e7\u00e3o e geralmente \u00e9 usada em f\u00e1bricas de processamento de madeira de m\u00e9dio e grande porte.<\/p>","protected":false},"author":1,"featured_media":403,"parent":0,"template":"","tags":[41,35,40],"product-type":[9],"class_list":["post-207","product","type-product","status-publish","has-post-thumbnail","hentry","tag-timber","tag-wood","tag-wood-chips","product-type-wood-chipper"],"_links":{"self":[{"href":"https:\/\/hnwoodmachinery.com\/pt\/wp-json\/wp\/v2\/product\/207","targetHints":{"allow":["GET"]}}],"collection":[{"href":"https:\/\/hnwoodmachinery.com\/pt\/wp-json\/wp\/v2\/product"}],"about":[{"href":"https:\/\/hnwoodmachinery.com\/pt\/wp-json\/wp\/v2\/types\/product"}],"author":[{"embeddable":true,"href":"https:\/\/hnwoodmachinery.com\/pt\/wp-json\/wp\/v2\/users\/1"}],"wp:featuredmedia":[{"embeddable":true,"href":"https:\/\/hnwoodmachinery.com\/pt\/wp-json\/wp\/v2\/media\/403"}],"wp:attachment":[{"href":"https:\/\/hnwoodmachinery.com\/pt\/wp-json\/wp\/v2\/media?parent=207"}],"wp:term":[{"taxonomy":"post_tag","embeddable":true,"href":"https:\/\/hnwoodmachinery.com\/pt\/wp-json\/wp\/v2\/tags?post=207"},{"taxonomy":"product-type","embeddable":true,"href":"https:\/\/hnwoodmachinery.com\/pt\/wp-json\/wp\/v2\/product-type?post=207"}],"curies":[{"name":"wp","href":"https:\/\/api.w.org\/{rel}","templated":true}]}}