{"id":3,"date":"2022-07-15T10:01:21","date_gmt":"2022-07-15T10:01:21","guid":{"rendered":"http:\/\/hnwoodmachinery.com\/?page_id=3"},"modified":"2022-09-22T15:00:54","modified_gmt":"2022-09-22T07:00:54","slug":"about-us","status":"publish","type":"page","link":"https:\/\/hnwoodmachinery.com\/pt\/about-us\/","title":{"rendered":"Sobre n\u00f3s"},"content":{"rendered":"<div class=\"wp-block-media-text alignwide is-stacked-on-mobile\"><figure class=\"wp-block-media-text__media\"><img loading=\"lazy\" decoding=\"async\" width=\"720\" height=\"540\" src=\"https:\/\/hnwoodmachinery.com\/wp-content\/uploads\/2022\/09\/our-factory-.webp\" alt=\"nossa f\u00e1brica\" class=\"wp-image-615 size-full\" title=\"\"><\/figure><div class=\"wp-block-media-text__content\"> <p class=\"translation-block\">A Shuliy Machinery est\u00e1 localizada em Zhengzhou, Prov\u00edncia de Henan, China. \u00c9 um grande fabricante de m\u00e1quinas para manuseio de madeira. Fundada em 2011. Temos rica experi\u00eancia em exporta\u00e7\u00e3o. E exportamos m\u00e1quinas para muitos pa\u00edses, como <strong>EAU, \u00c1frica do Sul, Peru, L\u00edbia, Bulg\u00e1ria, Nova Zel\u00e2ndia, EUA, Canad\u00e1, Filipinas, Mal\u00e1sia,<\/strong> e outros pa\u00edses diferentes. Fornecemos m\u00e1quinas de alta qualidade, pre\u00e7o acess\u00edvel e servi\u00e7o atencioso a cada cliente. Portanto, mantemos coopera\u00e7\u00e3o de longo prazo com muitos pa\u00edses.<\/p> <\/div><\/div>    <h2 class=\"wp-block-heading\" id=\"h-main-products\">Principais Produtos<\/h2>    <p class=\"translation-block\">Os principais produtos da Shuliy Machinery incluem <strong>descascador de madeira<\/strong>, <strong>m\u00e1quina de serraria<\/strong>, <strong>m\u00e1quina de aparas de madeira<\/strong>, <strong>triturador de madeira<\/strong>, <strong>picador de madeira<\/strong>, picador de madeira industrial, <strong>triturador abrangente<\/strong>, etc. Al\u00e9m disso, tamb\u00e9m podemos fornecer aos clientes uma linha de produ\u00e7\u00e3o de m\u00e1quinas, o que \u00e9 mais conveniente para o trabalho di\u00e1rio dos clientes e melhora a efici\u00eancia.<\/p>    <figure class=\"wp-block-gallery has-nested-images columns-2 is-cropped wp-block-gallery-2 is-layout-flex wp-block-gallery-is-layout-flex\"> <figure class=\"wp-block-image size-large\"><img loading=\"lazy\" decoding=\"async\" width=\"720\" height=\"540\" data-id=\"618\" src=\"https:\/\/hnwoodmachinery.com\/wp-content\/uploads\/2022\/09\/hammer-wood-mill-machine-.webp\" alt=\"martelo de madeira m\u00e1quina de moinho\" class=\"wp-image-618\" title=\"martelo de madeira m\u00e1quina de moinho\"\/><figcaption>M\u00e1quina de moagem de madeira com martelo<\/figcaption><\/figure>    <figure class=\"wp-block-image size-large\"><img loading=\"lazy\" decoding=\"async\" width=\"720\" height=\"540\" data-id=\"619\" src=\"https:\/\/hnwoodmachinery.com\/wp-content\/uploads\/2022\/09\/wood-chipper-.webp\" alt=\"\" class=\"wp-image-619\" title=\"\"><figcaption>Picador de madeira<\/figcaption><\/figure>    <figure class=\"wp-block-image size-full\"><img loading=\"lazy\" decoding=\"async\" width=\"720\" height=\"540\" data-id=\"620\" src=\"https:\/\/hnwoodmachinery.com\/wp-content\/uploads\/2022\/09\/wood-peeling-machine-.webp\" alt=\"m\u00e1quina de descascar madeira\" class=\"wp-image-620\" title=\"m\u00e1quina de descascar madeira\"\/><figcaption>M\u00e1quina descascadora de madeira<\/figcaption><\/figure>    <figure class=\"wp-block-image size-large\"><img loading=\"lazy\" decoding=\"async\" width=\"720\" height=\"540\" data-id=\"621\" src=\"https:\/\/hnwoodmachinery.com\/wp-content\/uploads\/2022\/09\/wood-shaving-machine-1-1.webp\" alt=\"m\u00e1quina de barbear madeira\" class=\"wp-image-621\" title=\"m\u00e1quina de barbear madeira\"\/><figcaption>M\u00e1quina de barbear madeira<\/figcaption><\/figure> <\/figure>    <h2 class=\"wp-block-heading\" id=\"h-our-services\">Nossos servi\u00e7os<\/h2>    <p>1. Conhecimento profissional da m\u00e1quina. Cada um de nossos funcion\u00e1rios possui um conhecimento profundo de nossas m\u00e1quinas e podemos fornecer respostas profissionais aos nossos clientes em tempo h\u00e1bil durante a conversa com eles. Ao mesmo tempo, forneceremos solu\u00e7\u00f5es de m\u00e1quinas profissionais de acordo com as necessidades espec\u00edficas dos clientes.<\/p>    <p>2. M\u00e1quinas de embalagem e transporte. Antes de qualquer m\u00e1quina ser enviada ao seu destino, protegeremos a m\u00e1quina embalando-a em uma caixa de madeira resistente. Tamb\u00e9m fornecemos informa\u00e7\u00f5es log\u00edsticas oportunas aos nossos clientes.<\/p>    <p>3. Instala\u00e7\u00e3o e utiliza\u00e7\u00e3o da m\u00e1quina. Ajudaremos o cliente a instalar a m\u00e1quina, seja por meio de instru\u00e7\u00f5es on-line ou contratando um engenheiro para instalar a m\u00e1quina.<\/p>    <p>4. Projeto de f\u00e1brica. Ajudaremos os clientes a planejar a \u00e1rea da f\u00e1brica e a coloca\u00e7\u00e3o dos equipamentos da f\u00e1brica, fornecer desenhos, etc.<\/p>    <figure class=\"wp-block-gallery has-nested-images columns-2 is-cropped wp-block-gallery-3 is-layout-flex wp-block-gallery-is-layout-flex\"> <figure class=\"wp-block-image size-large\"><img loading=\"lazy\" decoding=\"async\" width=\"720\" height=\"540\" data-id=\"624\" src=\"https:\/\/hnwoodmachinery.com\/wp-content\/uploads\/2022\/09\/vertical-log-debarker-machine-packaging-.webp\" alt=\"m\u00e1quina descascar troncos vertical embalagem\" class=\"wp-image-624\" title=\"m\u00e1quina descascar troncos vertical embalagem\"\/><figcaption>Embalagem vertical para m\u00e1quina descascadora de toras<\/figcaption><\/figure>    <figure class=\"wp-block-image size-large\"><img loading=\"lazy\" decoding=\"async\" width=\"720\" height=\"540\" data-id=\"625\" src=\"https:\/\/hnwoodmachinery.com\/wp-content\/uploads\/2022\/09\/wooden-case-packing-.webp\" alt=\"embalagem em caixa de madeira\" class=\"wp-image-625\" title=\"embalagem em caixa de madeira\"\/><figcaption>Embalagem de caixa de madeira<\/figcaption><\/figure>    <figure class=\"wp-block-image size-large\"><img loading=\"lazy\" decoding=\"async\" width=\"720\" height=\"540\" data-id=\"627\" src=\"https:\/\/hnwoodmachinery.com\/wp-content\/uploads\/2022\/09\/loading-of-the-wood-log-peeling-machine-.webp\" alt=\"carregamento da m\u00e1quina de descascar troncos de madeira\" class=\"wp-image-627\" title=\"carregamento da m\u00e1quina de descascar troncos de madeira\"\/><figcaption>Carregamento da m\u00e1quina descascadora de toras de madeira<\/figcaption><\/figure>    <figure class=\"wp-block-image size-large\"><img loading=\"lazy\" decoding=\"async\" width=\"720\" height=\"540\" data-id=\"628\" src=\"https:\/\/hnwoodmachinery.com\/wp-content\/uploads\/2022\/09\/shipping-of-the-machine-1.webp\" alt=\"envio da m\u00e1quina\" class=\"wp-image-628\" title=\"envio da m\u00e1quina\"\/><figcaption>Envio da m\u00e1quina<\/figcaption><\/figure> <\/figure>    <h2 class=\"wp-block-heading\" id=\"h-professional-wood-machines-manufacturer\">Fabricante profissional de m\u00e1quinas para madeira<\/h2>    <p>Como fabricante de m\u00e1quinas para madeira, a Shuliy Machinery\u00a0possui uma equipe profissional de design de P&amp;D. O material, a estrutura e a apar\u00eancia de cada m\u00e1quina s\u00e3o cuidadosamente estudados e projetados. Temos o compromisso de acompanhar os tempos para fabricar m\u00e1quinas de madeira de melhor qualidade, potentes e dur\u00e1veis \u200b\u200bpara nossos clientes.<\/p>    <p>Shuliy\u00a0Machinery est\u00e1 ansiosa para cooperar com voc\u00ea!<\/p>    <figure class=\"wp-block-image size-full\"><img loading=\"lazy\" decoding=\"async\" width=\"720\" height=\"540\" src=\"https:\/\/hnwoodmachinery.com\/wp-content\/uploads\/2022\/09\/manufacturing-situation-.webp\" alt=\"situa\u00e7\u00e3o de fabrica\u00e7\u00e3o\" class=\"wp-image-631\" title=\"situa\u00e7\u00e3o de fabrica\u00e7\u00e3o\"\/><figcaption>Situa\u00e7\u00e3o de Fabrica\u00e7\u00e3o<\/figcaption><\/figure>    <p><\/p>","protected":false},"excerpt":{"rendered":"<p>A Shuliy\u00a0Machinery est\u00e1 localizada em Zhengzhou, prov\u00edncia de Henan, China. \u00c9 um grande fabricante de m\u00e1quinas para manuseio de madeira.<\/p>","protected":false},"author":1,"featured_media":0,"parent":0,"menu_order":0,"comment_status":"closed","ping_status":"closed","template":"","meta":{"footnotes":""},"class_list":["post-3","page","type-page","status-publish","hentry"],"_links":{"self":[{"href":"https:\/\/hnwoodmachinery.com\/pt\/wp-json\/wp\/v2\/pages\/3","targetHints":{"allow":["GET"]}}],"collection":[{"href":"https:\/\/hnwoodmachinery.com\/pt\/wp-json\/wp\/v2\/pages"}],"about":[{"href":"https:\/\/hnwoodmachinery.com\/pt\/wp-json\/wp\/v2\/types\/page"}],"author":[{"embeddable":true,"href":"https:\/\/hnwoodmachinery.com\/pt\/wp-json\/wp\/v2\/users\/1"}],"replies":[{"embeddable":true,"href":"https:\/\/hnwoodmachinery.com\/pt\/wp-json\/wp\/v2\/comments?post=3"}],"version-history":[{"count":0,"href":"https:\/\/hnwoodmachinery.com\/pt\/wp-json\/wp\/v2\/pages\/3\/revisions"}],"wp:attachment":[{"href":"https:\/\/hnwoodmachinery.com\/pt\/wp-json\/wp\/v2\/media?parent=3"}],"curies":[{"name":"wp","href":"https:\/\/api.w.org\/{rel}","templated":true}]}}