{"id":96,"date":"2022-07-18T09:02:16","date_gmt":"2022-07-18T09:02:16","guid":{"rendered":"https:\/\/hnwoodmachinery.com\/?post_type=product&#038;p=96"},"modified":"2024-09-27T18:30:34","modified_gmt":"2024-09-27T10:30:34","slug":"wood-hammer-mill","status":"publish","type":"product","link":"https:\/\/hnwoodmachinery.com\/fr\/product\/wood-hammer-mill\/","title":{"rendered":"Broyeur \u00e0 marteaux en bois broyeur \u00e0 marteaux en bois industriel"},"content":{"rendered":"<div class=\"kk-star-ratings kksr-auto kksr-align-left kksr-valign-top\"     data-payload='{&quot;align&quot;:&quot;left&quot;,&quot;id&quot;:&quot;96&quot;,&quot;slug&quot;:&quot;default&quot;,&quot;valign&quot;:&quot;top&quot;,&quot;ignore&quot;:&quot;&quot;,&quot;reference&quot;:&quot;auto&quot;,&quot;class&quot;:&quot;&quot;,&quot;count&quot;:&quot;96&quot;,&quot;legendonly&quot;:&quot;&quot;,&quot;readonly&quot;:&quot;&quot;,&quot;score&quot;:&quot;4.8&quot;,&quot;starsonly&quot;:&quot;&quot;,&quot;best&quot;:&quot;5&quot;,&quot;gap&quot;:&quot;5&quot;,&quot;greet&quot;:&quot;Rate this product&quot;,&quot;legend&quot;:&quot;4.8\\\/5 - (96 votes)&quot;,&quot;size&quot;:&quot;24&quot;,&quot;title&quot;:&quot;Wood Hammer Mill Industrial Log Timber Hammermill Crusher&quot;,&quot;width&quot;:&quot;136.7&quot;,&quot;_legend&quot;:&quot;{score}\\\/{best} - ({count} {votes})&quot;,&quot;font_factor&quot;:&quot;1.25&quot;}'>              <div class=\"kksr-stars\">      <div class=\"kksr-stars-inactive\">             <div class=\"kksr-star\" data-star=\"1\" style=\"padding-right: 5px\">               <div class=\"kksr-icon\" style=\"width: 24px; height: 24px;\"><\/div>         <\/div>             <div class=\"kksr-star\" data-star=\"2\" style=\"padding-right: 5px\">               <div class=\"kksr-icon\" style=\"width: 24px; height: 24px;\"><\/div>         <\/div>             <div class=\"kksr-star\" data-star=\"3\" style=\"padding-right: 5px\">               <div class=\"kksr-icon\" style=\"width: 24px; height: 24px;\"><\/div>         <\/div>             <div class=\"kksr-star\" data-star=\"4\" style=\"padding-right: 5px\">               <div class=\"kksr-icon\" style=\"width: 24px; height: 24px;\"><\/div>         <\/div>             <div class=\"kksr-star\" data-star=\"5\" style=\"padding-right: 5px\">               <div class=\"kksr-icon\" style=\"width: 24px; height: 24px;\"><\/div>         <\/div>     <\/div>      <div class=\"kksr-stars-active\" style=\"width: 136.7px;\">             <div class=\"kksr-star\" style=\"padding-right: 5px\">               <div class=\"kksr-icon\" style=\"width: 24px; height: 24px;\"><\/div>         <\/div>             <div class=\"kksr-star\" style=\"padding-right: 5px\">               <div class=\"kksr-icon\" style=\"width: 24px; height: 24px;\"><\/div>         <\/div>             <div class=\"kksr-star\" style=\"padding-right: 5px\">               <div class=\"kksr-icon\" style=\"width: 24px; height: 24px;\"><\/div>         <\/div>             <div class=\"kksr-star\" style=\"padding-right: 5px\">               <div class=\"kksr-icon\" style=\"width: 24px; height: 24px;\"><\/div>         <\/div>             <div class=\"kksr-star\" style=\"padding-right: 5px\">               <div class=\"kksr-icon\" style=\"width: 24px; height: 24px;\"><\/div>         <\/div>     <\/div> <\/div>                   <div class=\"kksr-legend\" style=\"font-size: 19.2px;\">             4.8\/5 - (96 votes)    <\/div>     <\/div>  <p>Le broyeur \u00e0 marteaux en bois est reconnu pour fournir des taux de concassage plus \u00e9lev\u00e9s sur une large gamme de mat\u00e9riaux dans le secteur industriel, atteignant une production maximale de 5 tonnes par heure. Il produit des mat\u00e9riaux plus fins que 3\/16 pouces (4 mm). Sa conception robuste et durable permet l'application de forces plus importantes, conduisant \u00e0 une productivit\u00e9 accrue tout en g\u00e9rant la taille et la qualit\u00e9 maximales du produit final.<\/p>    <p>Ce concasseur \u00e0 marteaux a un rendement \u00e9lev\u00e9, une structure simple, un travail stable, une faible consommation d'\u00e9nergie et un faible co\u00fbt de traitement. Il peut \u00e9galement \u00eatre utilis\u00e9 pour d\u00e9chiqueter de la paille, de la paille, du carton, du charbon de bois et d'autres mat\u00e9riaux. Normalement, le broyeur \u00e0 marteaux \u00e0 bois est couramment utilis\u00e9 dans les lignes de production pour broyer davantage le mat\u00e9riau apr\u00e8s traitement par un broyeur \u00e0 tambour ou un concasseur int\u00e9gr\u00e9.<\/p>    <figure class=\"wp-block-embed aligncenter is-type-video is-provider-youtube wp-block-embed-youtube wp-embed-aspect-16-9 wp-has-aspect-ratio\"><div class=\"wp-block-embed__wrapper\"> <iframe loading=\"lazy\" title=\"Broyeur \u00e0 marteaux puissant : un excellent outil pour traiter efficacement les d\u00e9chets !#woodworking\" width=\"500\" height=\"281\" src=\"https:\/\/www.youtube.com\/embed\/yCIh8pMPPks?start=8&#038;feature=oembed\" frameborder=\"0\" allow=\"accelerometer; autoplay; clipboard-write; encrypted-media; gyroscope; picture-in-picture; web-share\" referrerpolicy=\"strict-origin-when-cross-origin\" allowfullscreen><\/iframe> <\/div><figcaption class=\"wp-element-caption\">chantier de travail de la machine de broyeur \u00e0 marteaux en bois<\/figcaption><\/figure>    <h2 class=\"wp-block-heading\" id=\"h-brief-introduction-of-the-wood-hammer-mill\">Broyeur \u00e0 marteaux en bois personnalisable<\/h2>    <p>Il existe plusieurs mod\u00e8les de broyeurs \u00e0 marteaux en bois con\u00e7us pour diff\u00e9rents niveaux de production. Tous les concasseurs \u00e0 copeaux \u00e0 marteaux sont \u00e9quip\u00e9s de cyclones qui collectent efficacement la poussi\u00e8re et les d\u00e9bris g\u00e9n\u00e9r\u00e9s pendant le fonctionnement. Cette fonctionnalit\u00e9 permet \u00e9galement de minimiser la pollution par la poussi\u00e8re dans la zone de production. <\/p>    <p>Les machines sont g\u00e9n\u00e9ralement aliment\u00e9es par un moteur \u00e9lectrique ou un moteur diesel, ce qui garantit qu'elles peuvent r\u00e9pondre aux diverses exigences \u00e9nerg\u00e9tiques des clients. <\/p>    <p>Il est important de noter que les broyeurs \u00e0 marteaux en bois diff\u00e8rent des broyeurs \u00e0 bois, \u00e0 la fois par les types de mat\u00e9riaux qu\u2019ils traitent et par leurs structures internes. De plus, cet \u00e9quipement fonctionne avec de faibles niveaux de bruit, est convivial et n\u00e9cessite un entretien minimal.<\/p>    <figure class=\"wp-block-gallery has-nested-images columns-default is-cropped wp-block-gallery-2 is-layout-flex wp-block-gallery-is-layout-flex\"> <figure class=\"wp-block-image size-large\"><img loading=\"lazy\" decoding=\"async\" width=\"720\" height=\"540\" data-id=\"471\" src=\"https:\/\/hnwoodmachinery.com\/wp-content\/uploads\/2022\/09\/hammer-mill-crusher-0.webp\" alt=\"broyeur \u00e0 marteaux\" class=\"wp-image-471\" title=\"broyeur \u00e0 marteaux\"\/><figcaption class=\"wp-element-caption\">Broyeur \u00e0 marteaux<\/figcaption><\/figure>    <figure class=\"wp-block-image size-large\"><img loading=\"lazy\" decoding=\"async\" width=\"720\" height=\"540\" data-id=\"472\" src=\"https:\/\/hnwoodmachinery.com\/wp-content\/uploads\/2022\/09\/wood-hammer-mill-.webp\" alt=\"broyeur \u00e0 marteaux en bois\" class=\"wp-image-472\" title=\"broyeur \u00e0 marteaux en bois\"\/><figcaption class=\"wp-element-caption\">Broyeur \u00e0 marteaux en bois<\/figcaption><\/figure> <\/figure>    <h2 class=\"wp-block-heading\">Caract\u00e9ristiques et avantages de la machine<\/h2>    <ul class=\"wp-block-list\"> <li>Grande ouverture, conception adaptable et polyvalente. <\/li>    <li>Diff\u00e9rentes configurations de rotor s'adaptent \u00e0 n'importe quel mat\u00e9riau.<\/li>    <li>Les \u00e9crans permettent un dimensionnement pr\u00e9cis des produits et sont faciles \u00e0 remplacer. <\/li>    <li>Les bo\u00eetiers \u00e0 verrouillage positif offrent une s\u00e9curit\u00e9 suppl\u00e9mentaire contre l'\u00e9clatement et la poussi\u00e8re. <\/li>    <li>Le rev\u00eatement en acier r\u00e9sistant \u00e0 l'usure et les plaques de concassage en mangan\u00e8se moul\u00e9 assurent une longue dur\u00e9e de vie. <\/li>    <li>L'acier alli\u00e9 forg\u00e9 et les arbres tr\u00e8s r\u00e9sistants minimisent les vibrations et prolongent la dur\u00e9e de vie des roulements. <\/li> <\/ul>    <figure class=\"wp-block-gallery has-nested-images columns-default is-cropped wp-block-gallery-3 is-layout-flex wp-block-gallery-is-layout-flex\"> <figure class=\"wp-block-image size-large\"><img loading=\"lazy\" decoding=\"async\" width=\"720\" height=\"540\" data-id=\"1200\" src=\"https:\/\/hnwoodmachinery.com\/wp-content\/uploads\/2022\/07\/large-type-hammer-mill-crusher-manufacturer.webp\" alt=\"fabricant de broyeur \u00e0 marteaux de grand type\" class=\"wp-image-1200\" title=\"\" srcset=\"https:\/\/hnwoodmachinery.com\/wp-content\/uploads\/2022\/07\/large-type-hammer-mill-crusher-manufacturer.webp 720w, https:\/\/hnwoodmachinery.com\/wp-content\/uploads\/2022\/07\/large-type-hammer-mill-crusher-manufacturer-300x225.webp 300w, https:\/\/hnwoodmachinery.com\/wp-content\/uploads\/2022\/07\/large-type-hammer-mill-crusher-manufacturer-16x12.webp 16w\" sizes=\"auto, (max-width: 720px) 100vw, 720px\" \/><figcaption class=\"wp-element-caption\">Fabricant de broyeur \u00e0 marteaux de grand type<\/figcaption><\/figure>    <figure class=\"wp-block-image size-large\"><img loading=\"lazy\" decoding=\"async\" width=\"720\" height=\"540\" data-id=\"1199\" src=\"https:\/\/hnwoodmachinery.com\/wp-content\/uploads\/2022\/07\/large-capacity-hammer-crushing-machine.webp\" alt=\"machine de concassage de marteau de grande capacit\u00e9\" class=\"wp-image-1199\" title=\"\" srcset=\"https:\/\/hnwoodmachinery.com\/wp-content\/uploads\/2022\/07\/large-capacity-hammer-crushing-machine.webp 720w, https:\/\/hnwoodmachinery.com\/wp-content\/uploads\/2022\/07\/large-capacity-hammer-crushing-machine-300x225.webp 300w, https:\/\/hnwoodmachinery.com\/wp-content\/uploads\/2022\/07\/large-capacity-hammer-crushing-machine-16x12.webp 16w\" sizes=\"auto, (max-width: 720px) 100vw, 720px\" \/><figcaption class=\"wp-element-caption\">Machine de concassage \u00e0 marteaux de grande capacit\u00e9<\/figcaption><\/figure> <\/figure>    <h2 class=\"wp-block-heading\" id=\"h-application-range-of-wood-shaving-grinder\">Domaine d'application du broyeur \u00e0 marteaux \u00e0 bois<\/h2>    <p class=\"translation-block\"><strong>Plantes applicables<\/strong><\/p>    <p>Cette gamme d'\u00e9quipements est con\u00e7ue pour une utilisation mobile. Il est couramment utilis\u00e9 dans le domaine de la pr\u00e9paration des petites et moyennes entreprises de fabrication de panneaux de particules et de panneaux de fibres. De plus, il peut \u00eatre utilis\u00e9 par des m\u00e9nages individuels pour produire des copeaux de bois commerciaux.<\/p>    <p class=\"translation-block\"><strong>Mati\u00e8res premi\u00e8res et produits finis applicables<\/strong><\/p>    <p class=\"translation-block\">Le concasseur \u00e0 copeaux de marteau est principalement con\u00e7u pour le traitement de divers types de bois, y compris le pin, le bois divers, le bois de yang, le bois de sapin et le bambou brut. Cette machine est particuli\u00e8rement bien adapt\u00e9e au traitement des copeaux de bois dans les installations de culture de champignons comestibles. De plus, le d\u00e9chiqueteur peut \u00eatre utilis\u00e9 pour produire des mati\u00e8res premi\u00e8res pour <a href=\"https:\/\/en.wikipedia.org\/wiki\/Particle_board\" target=\"_blank\" rel=\"noopener\">panneau de particules<\/a>, panneau de sciure et panneau \u00e0 haute densit\u00e9.<\/p>   <div class=\"wp-block-image\"> <figure class=\"aligncenter size-full\"><img loading=\"lazy\" decoding=\"async\" width=\"720\" height=\"540\" src=\"https:\/\/hnwoodmachinery.com\/wp-content\/uploads\/2022\/09\/finished-product-of-the-wood-shaving-grinder.webp\" alt=\"le produit fini du broyeur de copeaux de bois\" class=\"wp-image-474\" title=\"produit fini du broyeur de copeaux de bois\"\/><figcaption class=\"wp-element-caption\">le produit fini du broyeur \u00e0 copeaux de bois<\/figcaption><\/figure> <\/div>   <h2 class=\"wp-block-heading\" id=\"h-working-principle-of-the-hammer-mill-wood-crusher\">Principe de fonctionnement du broyeur \u00e0 bois<\/h2>    <p>Le broyeur \u00e0 bois du broyeur \u00e0 marteaux utilise principalement l'impact pour d\u00e9composer les mat\u00e9riaux. Lorsque le mat\u00e9riau entre dans la machine, il est \u00e9cras\u00e9 par la force de la t\u00eate du marteau tournant \u00e0 grande vitesse. De plus, les mat\u00e9riaux broy\u00e9s entrent en collision les uns avec les autres. <\/p>    <p>Gr\u00e2ce \u00e0 ce processus de concassage r\u00e9p\u00e9t\u00e9, le mat\u00e9riau devient plus petit que les trous du tamis et est \u00e9vacu\u00e9 par les interstices. Tous les morceaux plus gros sont \u00e0 nouveau pil\u00e9s jusqu'\u00e0 ce qu'ils passent \u00e0 travers le tamis. En fin de compte, le produit granulom\u00e9trique souhait\u00e9 est obtenu.<\/p>    <figure class=\"wp-block-embed aligncenter is-type-video is-provider-youtube wp-block-embed-youtube wp-embed-aspect-16-9 wp-has-aspect-ratio\"><div class=\"wp-block-embed__wrapper\"> <iframe loading=\"lazy\" title=\"Broyeur \u00e0 marteaux en bois, broyeur \u00e0 marteaux pour sciure de bois\" width=\"500\" height=\"281\" src=\"https:\/\/www.youtube.com\/embed\/ZU7KSzZnOTI?feature=oembed\" frameborder=\"0\" allow=\"accelerometer; autoplay; clipboard-write; encrypted-media; gyroscope; picture-in-picture; web-share\" referrerpolicy=\"strict-origin-when-cross-origin\" allowfullscreen><\/iframe> <\/div><figcaption class=\"wp-element-caption\">broyeur \u00e0 marteaux en bois<\/figcaption><\/figure>    <h2 class=\"wp-block-heading\" id=\"h-structure-of-the-hammer-wood-crusher\">Structure du broyeur \u00e0 bois marteau<\/h2>    <p>Le concasseur \u00e0 bois \u00e0 marteau comprend principalement un ch\u00e2ssis, un bo\u00eetier, une table de roulement, une table \u00e0 couteaux fixe, un tamis et un cadre de tamis. L'ensemble de la machine pr\u00e9sente une conception compacte, une zone de d\u00e9charge de poudre \u00e9largie, des capacit\u00e9s de concassage efficaces et facilite le remplacement du tamis.<\/p>    <figure class=\"wp-block-gallery has-nested-images columns-default is-cropped wp-block-gallery-4 is-layout-flex wp-block-gallery-is-layout-flex\"> <figure class=\"wp-block-image size-large\"><img loading=\"lazy\" decoding=\"async\" width=\"720\" height=\"540\" data-id=\"478\" src=\"https:\/\/hnwoodmachinery.com\/wp-content\/uploads\/2022\/09\/hammer-mill-wood-crusher-.webp\" alt=\"broyeur \u00e0 marteaux broyeur \u00e0 bois\" class=\"wp-image-478\" title=\"broyeur \u00e0 marteaux broyeur \u00e0 bois\"\/><figcaption class=\"wp-element-caption\">Concasseur de bois de broyeur \u00e0 marteaux<\/figcaption><\/figure>    <figure class=\"wp-block-image size-large\"><img loading=\"lazy\" decoding=\"async\" width=\"720\" height=\"540\" data-id=\"479\" src=\"https:\/\/hnwoodmachinery.com\/wp-content\/uploads\/2022\/09\/wood-hammer-mill\u2018s-hammer-.webp\" alt=\"marteau de broyeur \u00e0 bois\" class=\"wp-image-479\" title=\"marteau de broyeur \u00e0 bois\"\/><figcaption class=\"wp-element-caption\">Marteau de broyeur \u00e0 marteaux en bois<\/figcaption><\/figure> <\/figure>   <div class=\"wp-block-image\"> <figure class=\"aligncenter size-full\"><img loading=\"lazy\" decoding=\"async\" width=\"720\" height=\"540\" src=\"https:\/\/hnwoodmachinery.com\/wp-content\/uploads\/2022\/09\/hammer-wood-crusher\u2018s-structure-.webp\" alt=\"structure du broyeur \u00e0 bois \u00e0 marteau\" class=\"wp-image-476\" title=\"structure du broyeur \u00e0 bois \u00e0 marteau\"\/><figcaption class=\"wp-element-caption\">structure du broyeur \u00e0 bois \u00e0 marteau<\/figcaption><\/figure> <\/div>   <h2 class=\"wp-block-heading\" id=\"h-technical-parameters-of-the-hammer-mill-crusher\">Param\u00e8tres techniques du broyeur \u00e0 marteaux<\/h2>    <figure class=\"wp-block-table is-style-stripes\"><table><tbody><tr><td><strong>Mod\u00e8le<\/strong><\/td><td>SL-60<\/td><td>SL-70<\/td><td>SL-80<\/td><td>SL-90<\/td><td>SL-1000<\/td><td>SL-1300<\/td><\/tr><tr><td>Puissance (kw)<\/td><td>22<\/td><td>30<\/td><td>37<\/td><td>55<\/td><td>75<\/td><td>90<\/td><\/tr><tr><td>Marteaux (pi\u00e8ces)<\/td><td>30<\/td><td>40<\/td><td>50<\/td><td>50<\/td><td>105<\/td><td>105<\/td><\/tr><tr><td>Ventilateur (kW)<\/td><td><\/td><td><\/td><td>7.5<\/td><td>7.5<\/td><td>11<\/td><td>22<\/td><\/tr><tr><td>D\u00e9poussi\u00e9reur (pi\u00e8ces)<\/td><td>5<\/td><td>5<\/td><td>5<\/td><td>5<\/td><td>14<\/td><td>14<\/td><\/tr><tr><td>Diam\u00e8tre du cyclone (m)<\/td><td>1<\/td><td>1<\/td><td>1<\/td><td>1<\/td><td>1<\/td><td>1<\/td><\/tr><tr><td>Capacit\u00e9 (t\/h)<\/td><td>0.8-1<\/td><td>1-1.5<\/td><td>1.5-2<\/td><td>2-3<\/td><td>3-4<\/td><td>4-5<\/td><\/tr><\/tbody><\/table><figcaption class=\"wp-element-caption\">param\u00e8tre du broyeur \u00e0 marteaux<\/figcaption><\/figure>    <h2 class=\"wp-block-heading\" id=\"h-the-difference-between-the-hammer-chip-crusher-and-the-wood-crusher\">Diff\u00e9rence entre un broyeur \u00e0 marteaux et un broyeur \u00e0 bois<\/h2>    <ol class=\"wp-block-list\"> <li>L'apparence des deux machines est l\u00e9g\u00e8rement diff\u00e9rente. Le concasseur \u00e0 copeaux \u00e0 marteau a des vis saillantes sur la coque de la partie de concassage de la machine, tandis que la coque enti\u00e8re du broyeur \u00e0 bois est lisse.<\/li>    <li>Les \u00e9crans des machines sont diff\u00e9rents. Le tamis du broyeur \u00e0 marteaux est un demi-anneau. L'\u00e9cran du broyeur \u00e0 bois forme un cercle complet.<\/li>    <li>Le mat\u00e9riau est diff\u00e9rent. Le mat\u00e9riau trait\u00e9 par le broyeur \u00e0 marteaux est du bois grossi\u00e8rement trait\u00e9, des coques de noix de coco, de la paille, du carton, etc. Le broyeur \u00e0 bois traite g\u00e9n\u00e9ralement toutes sortes de bois, planches, meubles usag\u00e9s, etc.<\/li>    <li>La structure interne de la machine est diff\u00e9rente. D\u00e9chiqueteuse \u00e0 lame de marteau interne principalement lame de marteau, d\u00e9chiqueteuse \u00e0 bois interne principalement plaque de couteau, lame et lame de marteau.<\/li> <\/ol>    <p class=\"translation-block\">Pour en savoir plus sur les broyeurs de bois, veuillez cliquer sur <strong><em><a href=\"https:\/\/hnwoodmachinery.com\/fr\/product\/wood-shredder-machine\/\">Machine de d\u00e9chiquetage de bois pour la fabrication de sciure<\/a><\/em><\/strong>.<\/p>    <h2 class=\"wp-block-heading\" id=\"h-successful-case\">Cas r\u00e9ussi<\/h2>    <p>Notre client est bas\u00e9 en Colombie et nous a contact\u00e9 apr\u00e8s avoir regard\u00e9 notre vid\u00e9o YouTube. Au cours de nos discussions, nous avons d\u00e9couvert que leur usine est sp\u00e9cialis\u00e9e dans la transformation de diff\u00e9rentes essences de bois. R\u00e9cemment, ils ont eu besoin d\u2019une d\u00e9chiqueteuse pour traiter divers d\u00e9chets de bois. <\/p>    <p>Apr\u00e8s avoir \u00e9valu\u00e9 les exigences de production du client, notre directeur commercial a sugg\u00e9r\u00e9 le broyeur \u00e0 marteaux mod\u00e8le SL-WC700. Le client a \u00e9t\u00e9 satisfait de la recommandation et a finalement d\u00e9cid\u00e9 d\u2019en commander un.<\/p>    <figure class=\"wp-block-gallery has-nested-images columns-default is-cropped wp-block-gallery-5 is-layout-flex wp-block-gallery-is-layout-flex\"> <figure class=\"wp-block-image size-large\"><img loading=\"lazy\" decoding=\"async\" width=\"720\" height=\"540\" data-id=\"482\" src=\"https:\/\/hnwoodmachinery.com\/wp-content\/uploads\/2022\/09\/wooden-case-packing-of-the-Wood-hammer-mill-_.webp\" alt=\"Emballage de caisse en bois du broyeur \u00e0 marteaux en bois \" class=\"wp-image-482\" title=\"Emballage de caisse en bois du broyeur \u00e0 marteaux en bois \"\/><figcaption class=\"wp-element-caption\">Emballage de caisse en bois du broyeur \u00e0 marteaux en bois<\/figcaption><\/figure>    <figure class=\"wp-block-image size-large\"><img loading=\"lazy\" decoding=\"async\" width=\"720\" height=\"540\" data-id=\"481\" src=\"https:\/\/hnwoodmachinery.com\/wp-content\/uploads\/2022\/09\/shipping-of-the-hammer-chip-crusher-.webp\" alt=\"exp\u00e9dition du concasseur \u00e0 copeaux \u00e0 marteau\" class=\"wp-image-481\" title=\"exp\u00e9dition du concasseur \u00e0 copeaux \u00e0 marteau\"\/><figcaption class=\"wp-element-caption\">Exp\u00e9dition du broyeur \u00e0 copeaux \u00e0 marteau<\/figcaption><\/figure> <\/figure>    <p>Nous comprenons que les besoins de chaque client sont uniques et proposons des services personnalis\u00e9s. Avez-vous des questions ? N'h\u00e9sitez pas \u00e0 laisser un message dans le formulaire \u00e0 droite et nous vous r\u00e9pondrons dans les plus brefs d\u00e9lais.<\/p>","protected":false},"excerpt":{"rendered":"<p>Le broyeur \u00e0 marteaux en bois est reconnu pour fournir des taux de concassage plus \u00e9lev\u00e9s sur une gamme diversifi\u00e9e de mat\u00e9riaux dans le secteur industriel, atteignant une production maximale de 5 tonnes\/h. Il produit des mat\u00e9riaux plus fins que 3\/16 pouces (4 mm). <\/p>","protected":false},"author":1,"featured_media":467,"parent":0,"template":"","tags":[36,37,35,40],"product-type":[7],"class_list":["post-96","product","type-product","status-publish","has-post-thumbnail","hentry","tag-log","tag-sawdust","tag-wood","tag-wood-chips","product-type-wood-crusher"],"_links":{"self":[{"href":"https:\/\/hnwoodmachinery.com\/fr\/wp-json\/wp\/v2\/product\/96","targetHints":{"allow":["GET"]}}],"collection":[{"href":"https:\/\/hnwoodmachinery.com\/fr\/wp-json\/wp\/v2\/product"}],"about":[{"href":"https:\/\/hnwoodmachinery.com\/fr\/wp-json\/wp\/v2\/types\/product"}],"author":[{"embeddable":true,"href":"https:\/\/hnwoodmachinery.com\/fr\/wp-json\/wp\/v2\/users\/1"}],"wp:featuredmedia":[{"embeddable":true,"href":"https:\/\/hnwoodmachinery.com\/fr\/wp-json\/wp\/v2\/media\/467"}],"wp:attachment":[{"href":"https:\/\/hnwoodmachinery.com\/fr\/wp-json\/wp\/v2\/media?parent=96"}],"wp:term":[{"taxonomy":"post_tag","embeddable":true,"href":"https:\/\/hnwoodmachinery.com\/fr\/wp-json\/wp\/v2\/tags?post=96"},{"taxonomy":"product-type","embeddable":true,"href":"https:\/\/hnwoodmachinery.com\/fr\/wp-json\/wp\/v2\/product-type?post=96"}],"curies":[{"name":"wp","href":"https:\/\/api.w.org\/{rel}","templated":true}]}}