{"id":94,"date":"2022-07-18T08:56:45","date_gmt":"2022-07-18T08:56:45","guid":{"rendered":"https:\/\/hnwoodmachinery.com\/?post_type=product&#038;p=94"},"modified":"2024-09-25T18:28:48","modified_gmt":"2024-09-25T10:28:48","slug":"wood-chips-making-machine","status":"publish","type":"product","link":"https:\/\/hnwoodmachinery.com\/fr\/product\/wood-chips-making-machine\/","title":{"rendered":"Copeaux de bois faisant la machine d\u00e9chiqueteuse de bois \u00e0 vendre"},"content":{"rendered":"<div class=\"kk-star-ratings kksr-auto kksr-align-left kksr-valign-top\"     data-payload='{&quot;align&quot;:&quot;left&quot;,&quot;id&quot;:&quot;94&quot;,&quot;slug&quot;:&quot;default&quot;,&quot;valign&quot;:&quot;top&quot;,&quot;ignore&quot;:&quot;&quot;,&quot;reference&quot;:&quot;auto&quot;,&quot;class&quot;:&quot;&quot;,&quot;count&quot;:&quot;84&quot;,&quot;legendonly&quot;:&quot;&quot;,&quot;readonly&quot;:&quot;&quot;,&quot;score&quot;:&quot;4.8&quot;,&quot;starsonly&quot;:&quot;&quot;,&quot;best&quot;:&quot;5&quot;,&quot;gap&quot;:&quot;5&quot;,&quot;greet&quot;:&quot;Rate this product&quot;,&quot;legend&quot;:&quot;4.8\\\/5 - (84 votes)&quot;,&quot;size&quot;:&quot;24&quot;,&quot;title&quot;:&quot;Wood Chips Making Machine Timber Chipper Shredder For Sale&quot;,&quot;width&quot;:&quot;136.7&quot;,&quot;_legend&quot;:&quot;{score}\\\/{best} - ({count} {votes})&quot;,&quot;font_factor&quot;:&quot;1.25&quot;}'>              <div class=\"kksr-stars\">      <div class=\"kksr-stars-inactive\">             <div class=\"kksr-star\" data-star=\"1\" style=\"padding-right: 5px\">               <div class=\"kksr-icon\" style=\"width: 24px; height: 24px;\"><\/div>         <\/div>             <div class=\"kksr-star\" data-star=\"2\" style=\"padding-right: 5px\">               <div class=\"kksr-icon\" style=\"width: 24px; height: 24px;\"><\/div>         <\/div>             <div class=\"kksr-star\" data-star=\"3\" style=\"padding-right: 5px\">               <div class=\"kksr-icon\" style=\"width: 24px; height: 24px;\"><\/div>         <\/div>             <div class=\"kksr-star\" data-star=\"4\" style=\"padding-right: 5px\">               <div class=\"kksr-icon\" style=\"width: 24px; height: 24px;\"><\/div>         <\/div>             <div class=\"kksr-star\" data-star=\"5\" style=\"padding-right: 5px\">               <div class=\"kksr-icon\" style=\"width: 24px; height: 24px;\"><\/div>         <\/div>     <\/div>      <div class=\"kksr-stars-active\" style=\"width: 136.7px;\">             <div class=\"kksr-star\" style=\"padding-right: 5px\">               <div class=\"kksr-icon\" style=\"width: 24px; height: 24px;\"><\/div>         <\/div>             <div class=\"kksr-star\" style=\"padding-right: 5px\">               <div class=\"kksr-icon\" style=\"width: 24px; height: 24px;\"><\/div>         <\/div>             <div class=\"kksr-star\" style=\"padding-right: 5px\">               <div class=\"kksr-icon\" style=\"width: 24px; height: 24px;\"><\/div>         <\/div>             <div class=\"kksr-star\" style=\"padding-right: 5px\">               <div class=\"kksr-icon\" style=\"width: 24px; height: 24px;\"><\/div>         <\/div>             <div class=\"kksr-star\" style=\"padding-right: 5px\">               <div class=\"kksr-icon\" style=\"width: 24px; height: 24px;\"><\/div>         <\/div>     <\/div> <\/div>                   <div class=\"kksr-legend\" style=\"font-size: 19.2px;\">             4.8\/5 - (84 votes)    <\/div>     <\/div>  <p>La machine de fabrication de copeaux de bois \u00e0 disque cr\u00e9e des copeaux de bois de haute qualit\u00e9 qui r\u00e9pondent aux exigences sp\u00e9cifiques de diff\u00e9rentes industries. Il peut \u00eatre utilis\u00e9 dans diverses applications, notamment les panneaux, les scieries, la production de p\u00e2tes et papiers et le secteur de la bio\u00e9nergie. <\/p>    <p>Nous proposons une s\u00e9lection diversifi\u00e9e de diam\u00e8tres de disques pour r\u00e9pondre \u00e0 toutes les exigences. De plus, le nombre de couteaux sur les disques peut \u00eatre ajust\u00e9 en fonction des besoins de chaque application. Nos machines peuvent traiter jusqu'\u00e0 650 m\u00b3 de copeaux de bois par heure, avec des longueurs de copeaux r\u00e9glables allant de 20 \u00e0 50 mm.<\/p>    <figure class=\"wp-block-embed aligncenter is-type-video is-provider-youtube wp-block-embed-youtube wp-embed-aspect-16-9 wp-has-aspect-ratio\"><div class=\"wp-block-embed__wrapper\"> <iframe loading=\"lazy\" title=\"Puissant broyeur de branches industriel en action\u00a0: transformer des b\u00fbches en bois d\u00e9chiquet\u00e9\u00a0! #wood\" width=\"500\" height=\"281\" src=\"https:\/\/www.youtube.com\/embed\/STHJCMPGEbI?feature=oembed\" frameborder=\"0\" allow=\"accelerometer; autoplay; clipboard-write; encrypted-media; gyroscope; picture-in-picture; web-share\" referrerpolicy=\"strict-origin-when-cross-origin\" allowfullscreen><\/iframe> <\/div><figcaption class=\"wp-element-caption\">site de travail de machine de fabrication de copeaux de bois industriels<\/figcaption><\/figure>    <p>La machine a une structure raisonnable et fiable, une utilisation facile, une bonne qualit\u00e9 de mat\u00e9riau fini et un rendement \u00e9lev\u00e9, ce qui en fait des machines et \u00e9quipements de d\u00e9chiquetage de haute qualit\u00e9. Depuis son exportation, notre broyeur \u00e0 disques a \u00e9t\u00e9 largement vendu aux \u00c9tats-Unis, aux Philippines, en Ouganda, en Malaisie, \u00e0 Singapour, en Zambie et dans d'autres pays.<\/p>    <h2 class=\"wp-block-heading\" id=\"h-shuliy-machinery-s-wood-chips-making-machine\">Machine de fabrication de copeaux de bois personnalisable<\/h2>    <p>Notre machine de fabrication de copeaux de bois est polyvalente et se d\u00e9cline en diff\u00e9rents mod\u00e8les pour r\u00e9pondre aux diverses exigences de production de nos clients. La d\u00e9chiqueteuse peut \u00eatre aliment\u00e9e soit par un moteur \u00e9lectrique, soit par un moteur diesel. <\/p>    <p>Nous proposons \u00e9galement des options de personnalisation, telles que l'ajustement de la hauteur et de la forme du point de vente, l'ajout de racks et de roues et l'int\u00e9gration de bandes transporteuses. Cette flexibilit\u00e9 nous permet de r\u00e9pondre aux besoins uniques de chaque client.<\/p>    <figure class=\"wp-block-gallery has-nested-images columns-default is-cropped wp-block-gallery-2 is-layout-flex wp-block-gallery-is-layout-flex\"> <figure class=\"wp-block-image size-large\"><img loading=\"lazy\" decoding=\"async\" width=\"720\" height=\"540\" data-id=\"459\" src=\"https:\/\/hnwoodmachinery.com\/wp-content\/uploads\/2022\/09\/wood-chipper-0.webp\" alt=\"d\u00e9chiqueteuse\" class=\"wp-image-459\" title=\"d\u00e9chiqueteuse\"\/><figcaption class=\"wp-element-caption\">D\u00e9chiqueteuse<\/figcaption><\/figure>    <figure class=\"wp-block-image size-large\"><img loading=\"lazy\" decoding=\"async\" width=\"720\" height=\"540\" data-id=\"458\" src=\"https:\/\/hnwoodmachinery.com\/wp-content\/uploads\/2022\/09\/wood-chipping-machine-0.webp\" alt=\"machine \u00e0 d\u00e9chiqueter le bois\" class=\"wp-image-458\" title=\"machine \u00e0 d\u00e9chiqueter le bois\"\/><figcaption class=\"wp-element-caption\">Machine \u00e0 d\u00e9chiqueter le bois<\/figcaption><\/figure> <\/figure>    <p>Une machine mobile de fabrication de copeaux de bois pr\u00e9sente une conception compacte et efficace, ce qui la rend facile \u00e0 utiliser. Il offre une grande capacit\u00e9 de production, produit des copeaux de bois de haute qualit\u00e9 et consomme peu d\u2019\u00e9nergie, ce qui en fait le choix id\u00e9al pour tous ceux qui cherchent \u00e0 produire des copeaux de bois de premi\u00e8re qualit\u00e9.<\/p>    <figure class=\"wp-block-gallery has-nested-images columns-default is-cropped wp-block-gallery-3 is-layout-flex wp-block-gallery-is-layout-flex\"> <figure class=\"wp-block-image size-large\"><img loading=\"lazy\" decoding=\"async\" width=\"720\" height=\"540\" data-id=\"1118\" src=\"https:\/\/hnwoodmachinery.com\/wp-content\/uploads\/2022\/07\/mobile-type-diesel-wood-chipper.webp\" alt=\"broyeur de bois diesel de type mobile\" class=\"wp-image-1118\" title=\"\" srcset=\"https:\/\/hnwoodmachinery.com\/wp-content\/uploads\/2022\/07\/mobile-type-diesel-wood-chipper.webp 720w, https:\/\/hnwoodmachinery.com\/wp-content\/uploads\/2022\/07\/mobile-type-diesel-wood-chipper-300x225.webp 300w, https:\/\/hnwoodmachinery.com\/wp-content\/uploads\/2022\/07\/mobile-type-diesel-wood-chipper-16x12.webp 16w\" sizes=\"auto, (max-width: 720px) 100vw, 720px\" \/><figcaption class=\"wp-element-caption\">D\u00e9chiqueteuse \u00e0 bois diesel de type mobile<\/figcaption><\/figure>    <figure class=\"wp-block-image size-large\"><img loading=\"lazy\" decoding=\"async\" width=\"720\" height=\"540\" data-id=\"1117\" src=\"https:\/\/hnwoodmachinery.com\/wp-content\/uploads\/2022\/07\/disc-wood-chipper-with-wheels.webp\" alt=\"petite d\u00e9chiqueteuse \u00e0 bois avec roues\" class=\"wp-image-1117\" title=\"\" srcset=\"https:\/\/hnwoodmachinery.com\/wp-content\/uploads\/2022\/07\/disc-wood-chipper-with-wheels.webp 720w, https:\/\/hnwoodmachinery.com\/wp-content\/uploads\/2022\/07\/disc-wood-chipper-with-wheels-300x225.webp 300w, https:\/\/hnwoodmachinery.com\/wp-content\/uploads\/2022\/07\/disc-wood-chipper-with-wheels-16x12.webp 16w\" sizes=\"auto, (max-width: 720px) 100vw, 720px\" \/><figcaption class=\"wp-element-caption\">Petite d\u00e9chiqueteuse \u00e0 bois avec roues<\/figcaption><\/figure> <\/figure>    <h2 class=\"wp-block-heading\" id=\"h-structure-of-wood-chipper\">Structure de la d\u00e9chiqueteuse \u00e0 bois \u00e0 disque<\/h2>    <p>La machine de fabrication de copeaux de bois se compose de plusieurs composants cl\u00e9s, notamment un couteau, une lame, une base de roulement, un bo\u00eetier de roulements, des roulements, une courroie, une poulie, un moteur ou un moteur diesel, un grand arbre et un bo\u00eetier. <\/p>    <p>La d\u00e9chiqueteuse \u00e0 disque permet d'ajuster la lame de d\u00e9chiquetage, permettant la production de copeaux de bois de diff\u00e9rentes sp\u00e9cifications et \u00e9paisseurs. De plus, la longueur des copeaux de bois peut \u00eatre modifi\u00e9e dans une plage d\u00e9sign\u00e9e.<\/p>    <figure class=\"wp-block-gallery has-nested-images columns-default is-cropped wp-block-gallery-4 is-layout-flex wp-block-gallery-is-layout-flex\"> <figure class=\"wp-block-image size-large\"><img loading=\"lazy\" decoding=\"async\" width=\"720\" height=\"540\" data-id=\"462\" src=\"https:\/\/hnwoodmachinery.com\/wp-content\/uploads\/2022\/09\/blade-0.webp\" alt=\"lame\" class=\"wp-image-462\" title=\"lame\"\/><figcaption class=\"wp-element-caption\">Lame<\/figcaption><\/figure>    <figure class=\"wp-block-image size-large\"><img loading=\"lazy\" decoding=\"async\" width=\"720\" height=\"540\" data-id=\"461\" src=\"https:\/\/hnwoodmachinery.com\/wp-content\/uploads\/2022\/09\/cut-head-0.webp\" alt=\"Lames de broyage\" class=\"wp-image-461\" title=\"couper la t\u00eate \"\/><figcaption class=\"wp-element-caption\">Lames de broyage<\/figcaption><\/figure> <\/figure>    <h2 class=\"wp-block-heading\" id=\"h-the-working-principle-of-the-wood-chipper-shredder\">Principe de fonctionnement du broyeur \u00e0 bois<\/h2>    <p>La machine de fabrication de copeaux de bois fonctionne sur le principe de coupe d'une lame. Lorsque le moteur ou le moteur diesel d\u00e9marre, il utilise une transmission par courroie pour entra\u00eener le disque de coupe mont\u00e9 sur la broche, provoquant une rotation continue des lames fix\u00e9es au disque. <\/p>    <p>Le bois est introduit dans l'orifice d'alimentation, o\u00f9 il est coup\u00e9 en copeaux de bois par le disque de coupe rotatif et les lames, qui sortent ensuite par l'orifice de d\u00e9charge.<\/p>    <figure class=\"wp-block-embed aligncenter is-type-video is-provider-youtube wp-block-embed-youtube wp-embed-aspect-16-9 wp-has-aspect-ratio\"><div class=\"wp-block-embed__wrapper\"> <iframe loading=\"lazy\" title=\"Petite d\u00e9chiqueteuse \u00e0 bois efficace\u00a0: regardez notre d\u00e9chiqueteuse \u00e0 disque compact en action\u00a0! #Broyeuse \u00e0 bois\" width=\"500\" height=\"281\" src=\"https:\/\/www.youtube.com\/embed\/cKdPj8JPIjY?feature=oembed\" frameborder=\"0\" allow=\"accelerometer; autoplay; clipboard-write; encrypted-media; gyroscope; picture-in-picture; web-share\" referrerpolicy=\"strict-origin-when-cross-origin\" allowfullscreen><\/iframe> <\/div><figcaption class=\"wp-element-caption\">vid\u00e9o de travail de la machine de fabrication de copeaux de bois portables<\/figcaption><\/figure>    <h2 class=\"wp-block-heading\" id=\"h-application-range-of-wood-chipper-machine\">Gamme d'applications de la d\u00e9chiqueteuse \u00e0 bois<\/h2>    <p class=\"translation-block\"><strong>Mat\u00e9riaux applicables<\/strong><\/p>    <p>Les mati\u00e8res premi\u00e8res petites et grandes, notamment les b\u00fbches, les planches de placage, les placages, le bambou, les branches de bois, les tiges de ma\u00efs, les tiges de coton et les roseaux, peuvent \u00eatre d\u00e9chiquet\u00e9es.<\/p>    <p class=\"translation-block\"><strong>Application des produits finis<\/strong><\/p>    <p class=\"translation-block\">Les copeaux de bois trait\u00e9s peuvent \u00eatre utilis\u00e9s pour <a href=\"https:\/\/en.wikipedia.org\/wiki\/Papermaking\" target=\"_blank\" rel=\"noopener\">la fabrication de papier<\/a>, la fabrication de panneaux, et comme combustible biomasse pour la production d'\u00e9nergie.<\/p>   <div class=\"wp-block-image\"> <figure class=\"aligncenter size-full\"><img loading=\"lazy\" decoding=\"async\" width=\"720\" height=\"540\" src=\"https:\/\/hnwoodmachinery.com\/wp-content\/uploads\/2022\/09\/using-scope-0.webp\" alt=\"en utilisant la port\u00e9e de la machine de fabrication de copeaux de bois\" class=\"wp-image-464\" title=\"en utilisant la port\u00e9e de la machine de fabrication de copeaux de bois\"\/><figcaption class=\"wp-element-caption\">en utilisant la port\u00e9e de la machine de fabrication de copeaux de bois<\/figcaption><\/figure> <\/div>   <h2 class=\"wp-block-heading\">Avantages de la d\u00e9chiqueteuse de bois industrielle<\/h2>    <ul class=\"wp-block-list\"> <li>La conception robuste de la machine permet une maintenance ais\u00e9e et ses pi\u00e8ces us\u00e9es peuvent \u00eatre remplac\u00e9es pour garantir une longue dur\u00e9e de vie et une disponibilit\u00e9 optimale. <\/li>    <li>Les longueurs des outils peuvent \u00eatre ajust\u00e9es avec des vis avant l'installation, garantissant des longueurs d'outils pr\u00e9cises et facilitant un changement d'outil rapide et facile. <\/li>    <li>La goulotte d'alimentation est soud\u00e9e ou boulonn\u00e9e au bo\u00eetier de la trancheuse et comporte des plaques d'usure rempla\u00e7ables. <\/li>    <li>Il est livr\u00e9 avec des couteaux facilement r\u00e9glables et rempla\u00e7ables.<\/li> <\/ul>    <h2 class=\"wp-block-heading\" id=\"h-parameters-of-the-wood-chipper-shredder\">Param\u00e8tres techniques du broyeur \u00e0 bois<\/h2>    <figure class=\"wp-block-table is-style-stripes\"><table><tbody><tr><td>Mod\u00e8le<\/td><td>Rendement(T)<\/td><td>Puissance de soutien (KW)<\/td><td>Poids unique (kg)<\/td><td>Vitesse de broche (r\/min)<\/td><td>Num\u00e9ro de lame<\/td><td>Taille de l'entr\u00e9e d'alimentation (mm)<\/td><\/tr><tr><td>SL-400<\/td><td>1<\/td><td>7.5<\/td><td>160<\/td><td>650<\/td><td>3<\/td><td>150\u00d7150<\/td><\/tr><tr><td>SL-600<\/td><td>2<\/td><td>15<\/td><td>380<\/td><td>600<\/td><td>3<\/td><td>180\u00d7150<\/td><\/tr><tr><td>SL-800<\/td><td>5<\/td><td>30<\/td><td>520<\/td><td>550<\/td><td>4<\/td><td>200\u00d7200<\/td><\/tr><tr><td>SL-1000<\/td><td>8<\/td><td>37<\/td><td>950<\/td><td>550<\/td><td>4-6<\/td><td>230\u00d7250<\/td><\/tr><tr><td>SL-1200<\/td><td>12<\/td><td>75<\/td><td>2000<\/td><td>500<\/td><td>4-6<\/td><td>330\u00d7300<\/td><\/tr><tr><td>SL-1400<\/td><td>15-16<\/td><td>110<\/td><td>2800<\/td><td>500<\/td><td>4-6<\/td><td>400\u00d7400<\/td><\/tr><tr><td>SL-1600<\/td><td>20<\/td><td>132<\/td><td>4600<\/td><td>500<\/td><td>4-6<\/td><td>480\u00d7450<\/td><\/tr><tr><td>SL-1800<\/td><td>25<\/td><td>160<\/td><td>6500<\/td><td>500<\/td><td>4-6<\/td><td>550\u00d7550<\/td><\/tr><\/tbody><\/table><figcaption class=\"wp-element-caption\">donn\u00e9es techniques de la machine \u00e0 d\u00e9chiqueter le bois<\/figcaption><\/figure>    <h2 class=\"wp-block-heading\" id=\"h-maintenance-of-commercial-wood-chipping-machine\">Entretien d'une machine \u00e0 d\u00e9chiqueter le bois commerciale<\/h2>    <ul class=\"wp-block-list\"> <li>Avant que la d\u00e9chiqueteuse ne fonctionne, il est essentiel de la remplir d'huile lubrifiante pour garantir le bon fonctionnement de la machine.<\/li>    <li>De plus, avant de d\u00e9marrer la machine, il est important de v\u00e9rifier l\u2019usure des pi\u00e8ces et de s\u2019assurer que tous les composants sont correctement serr\u00e9s.<\/li>    <li>La machine de fabrication de copeaux de bois doit \u00eatre aliment\u00e9e uniform\u00e9ment pour maintenir \u00e0 la fois la qualit\u00e9 du processus de concassage et le rendement. La surcharge de la machine est strictement interdite pour garantir son bon fonctionnement.<\/li>    <li>Lorsque vous utilisez la d\u00e9chiqueteuse, \u00e9vitez de modifier les r\u00e9glages de puissance et de vitesse et maintenez un angle constant pour le couteau de meulage.<\/li> <\/ul>   <div class=\"wp-block-image\"> <figure class=\"aligncenter size-full\"><img loading=\"lazy\" decoding=\"async\" width=\"720\" height=\"540\" src=\"https:\/\/hnwoodmachinery.com\/wp-content\/uploads\/2022\/09\/commercial-wood-chipps-making-machine-0.webp\" alt=\"machine de fabrication de copeaux de bois commerciaux\" class=\"wp-image-466\" title=\"machine de fabrication de copeaux de bois commerciaux\"\/><figcaption class=\"wp-element-caption\">machine de fabrication de copeaux de bois commerciaux<\/figcaption><\/figure> <\/div>   <p class=\"translation-block\">En plus de cette machine, notre usine traite \u00e9galement des d\u00e9chiqueteuses \u00e0 bois de grande capacit\u00e9. Pour plus de d\u00e9tails, veuillez cliquer sur <a href=\"https:\/\/hnwoodmachinery.com\/fr\/product\/drum-wood-chipper\/\"><strong><em>Machine de fabrication de copeaux de bois commerciaux \u00e0 tambour<\/em><\/strong><\/a>. Si vous \u00eates int\u00e9ress\u00e9, n'h\u00e9sitez pas \u00e0 nous contacter pour plus d'informations et de devis pour les machines. Nous avons h\u00e2te de coop\u00e9rer avec vous.<\/p>","protected":false},"excerpt":{"rendered":"<p>La machine de fabrication de copeaux de bois \u00e0 disque cr\u00e9e des copeaux de bois qui adh\u00e8rent \u00e0 diff\u00e9rentes industries. Il peut \u00eatre utilis\u00e9 dans diverses applications, notamment les panneaux, les scieries et la production de p\u00e2tes et papiers. <\/p>","protected":false},"author":1,"featured_media":456,"parent":0,"template":"","tags":[36,35,40],"product-type":[9],"class_list":["post-94","product","type-product","status-publish","has-post-thumbnail","hentry","tag-log","tag-wood","tag-wood-chips","product-type-wood-chipper"],"_links":{"self":[{"href":"https:\/\/hnwoodmachinery.com\/fr\/wp-json\/wp\/v2\/product\/94","targetHints":{"allow":["GET"]}}],"collection":[{"href":"https:\/\/hnwoodmachinery.com\/fr\/wp-json\/wp\/v2\/product"}],"about":[{"href":"https:\/\/hnwoodmachinery.com\/fr\/wp-json\/wp\/v2\/types\/product"}],"author":[{"embeddable":true,"href":"https:\/\/hnwoodmachinery.com\/fr\/wp-json\/wp\/v2\/users\/1"}],"wp:featuredmedia":[{"embeddable":true,"href":"https:\/\/hnwoodmachinery.com\/fr\/wp-json\/wp\/v2\/media\/456"}],"wp:attachment":[{"href":"https:\/\/hnwoodmachinery.com\/fr\/wp-json\/wp\/v2\/media?parent=94"}],"wp:term":[{"taxonomy":"post_tag","embeddable":true,"href":"https:\/\/hnwoodmachinery.com\/fr\/wp-json\/wp\/v2\/tags?post=94"},{"taxonomy":"product-type","embeddable":true,"href":"https:\/\/hnwoodmachinery.com\/fr\/wp-json\/wp\/v2\/product-type?post=94"}],"curies":[{"name":"wp","href":"https:\/\/api.w.org\/{rel}","templated":true}]}}