{"id":832,"date":"2023-03-21T14:48:03","date_gmt":"2023-03-21T06:48:03","guid":{"rendered":"https:\/\/hnwoodmachinery.com\/?post_type=product&#038;p=832"},"modified":"2023-03-21T14:53:14","modified_gmt":"2023-03-21T06:53:14","slug":"wood-pellet-production-line","status":"publish","type":"product","link":"https:\/\/hnwoodmachinery.com\/fr\/product\/wood-pellet-production-line\/","title":{"rendered":"Ligne de production de granul\u00e9s de bois pour combustible biomasse"},"content":{"rendered":"<div class=\"kk-star-ratings kksr-auto kksr-align-left kksr-valign-top\"     data-payload='{&quot;align&quot;:&quot;left&quot;,&quot;id&quot;:&quot;832&quot;,&quot;slug&quot;:&quot;default&quot;,&quot;valign&quot;:&quot;top&quot;,&quot;ignore&quot;:&quot;&quot;,&quot;reference&quot;:&quot;auto&quot;,&quot;class&quot;:&quot;&quot;,&quot;count&quot;:&quot;24&quot;,&quot;legendonly&quot;:&quot;&quot;,&quot;readonly&quot;:&quot;&quot;,&quot;score&quot;:&quot;4.8&quot;,&quot;starsonly&quot;:&quot;&quot;,&quot;best&quot;:&quot;5&quot;,&quot;gap&quot;:&quot;5&quot;,&quot;greet&quot;:&quot;Rate this product&quot;,&quot;legend&quot;:&quot;4.8\\\/5 - (24 votes)&quot;,&quot;size&quot;:&quot;24&quot;,&quot;title&quot;:&quot;Wood pellet production line for biomass fuel&quot;,&quot;width&quot;:&quot;136.7&quot;,&quot;_legend&quot;:&quot;{score}\\\/{best} - ({count} {votes})&quot;,&quot;font_factor&quot;:&quot;1.25&quot;}'>              <div class=\"kksr-stars\">      <div class=\"kksr-stars-inactive\">             <div class=\"kksr-star\" data-star=\"1\" style=\"padding-right: 5px\">               <div class=\"kksr-icon\" style=\"width: 24px; height: 24px;\"><\/div>         <\/div>             <div class=\"kksr-star\" data-star=\"2\" style=\"padding-right: 5px\">               <div class=\"kksr-icon\" style=\"width: 24px; height: 24px;\"><\/div>         <\/div>             <div class=\"kksr-star\" data-star=\"3\" style=\"padding-right: 5px\">               <div class=\"kksr-icon\" style=\"width: 24px; height: 24px;\"><\/div>         <\/div>             <div class=\"kksr-star\" data-star=\"4\" style=\"padding-right: 5px\">               <div class=\"kksr-icon\" style=\"width: 24px; height: 24px;\"><\/div>         <\/div>             <div class=\"kksr-star\" data-star=\"5\" style=\"padding-right: 5px\">               <div class=\"kksr-icon\" style=\"width: 24px; height: 24px;\"><\/div>         <\/div>     <\/div>      <div class=\"kksr-stars-active\" style=\"width: 136.7px;\">             <div class=\"kksr-star\" style=\"padding-right: 5px\">               <div class=\"kksr-icon\" style=\"width: 24px; height: 24px;\"><\/div>         <\/div>             <div class=\"kksr-star\" style=\"padding-right: 5px\">               <div class=\"kksr-icon\" style=\"width: 24px; height: 24px;\"><\/div>         <\/div>             <div class=\"kksr-star\" style=\"padding-right: 5px\">               <div class=\"kksr-icon\" style=\"width: 24px; height: 24px;\"><\/div>         <\/div>             <div class=\"kksr-star\" style=\"padding-right: 5px\">               <div class=\"kksr-icon\" style=\"width: 24px; height: 24px;\"><\/div>         <\/div>             <div class=\"kksr-star\" style=\"padding-right: 5px\">               <div class=\"kksr-icon\" style=\"width: 24px; height: 24px;\"><\/div>         <\/div>     <\/div> <\/div>                   <div class=\"kksr-legend\" style=\"font-size: 19.2px;\">             4,8\/5 - (24 votes)    <\/div>     <\/div>  <p>ligne de production de granul\u00e9s de bois combustible biomasse<\/p>    <p>La ligne de production de broyeur \u00e0 granul\u00e9s de copeaux de bois est d\u00e9di\u00e9e \u00e0 la production de granul\u00e9s de copeaux de bois \u00e0 biomasse. En tant que nouveau type de combustible respectueux de l'environnement, les granul\u00e9s de bois connaissent une demande croissante. De plus, les granul\u00e9s de bois ont un point d'inflammation bas, une densit\u00e9 \u00e9nerg\u00e9tique \u00e9lev\u00e9e et une longue dur\u00e9e de combustion. C\u2019est pourquoi de plus en plus de personnes investissent dans l\u2019industrie de la production de granul\u00e9s de bois.<\/p>    <p>En tant que fabricant professionnel de machines \u00e0 bois, Shuli peut vous fournir des conseils professionnels sur les lignes de production. N'h\u00e9sitez pas \u00e0 venir vers nous pour plus d'informations !<\/p>    <h2 class=\"wp-block-heading\">Qu'est-ce qu'une ligne de production de granul\u00e9s de bois ?<\/h2>    <p>Bien que les \u00e9quipements sp\u00e9cifiques de chaque ligne de production de granul\u00e9s de bois soient diff\u00e9rents, les machines suivantes constituent les \u00e9quipements qui doivent \u00eatre inclus dans la ligne de production.<\/p>    <ol class=\"wp-block-list\"> <li>Broyeur \u00e0 marteaux ou broyeur. En g\u00e9n\u00e9ral, la mati\u00e8re premi\u00e8re ne r\u00e9pond pas aux exigences de taille pour la fabrication de granul\u00e9s de bois. Par cons\u00e9quent, nous avons besoin d\u2019un broyeur \u00e0 marteaux pour traiter la mati\u00e8re premi\u00e8re \u00e0 la taille souhait\u00e9e.<\/li>    <li>Des s\u00e9choirs sont \u00e9galement n\u00e9cessaires pour la ligne. Le s\u00e9choir peut traiter les copeaux de bois jusqu'au bon niveau de s\u00e9cheresse.<\/li>    <li>Le granulateur de copeaux de bois est le composant principal de la ligne de production de granul\u00e9s de copeaux de bois. Il transforme le mat\u00e9riau en granul\u00e9s. Un refroidisseur de pellets et une machine de conditionnement peuvent \u00eatre ajout\u00e9s ult\u00e9rieurement selon les exigences du client.<\/li>    <li>Afin de pouvoir connecter et transporter le mat\u00e9riel vers les diff\u00e9rentes machines. La cha\u00eene de production comprendra un tapis roulant, ce qui permettra d'\u00e9conomiser beaucoup de main d'\u0153uvre.<\/li> <\/ol>    <h2 class=\"wp-block-heading\">Quelles sont les mati\u00e8res premi\u00e8res trait\u00e9es par la ligne de granul\u00e9s de bois ?<\/h2>    <p>La ligne de production de granul\u00e9s de copeaux de bois peut traiter une large gamme de mati\u00e8res premi\u00e8res telles que le bois, les coquilles d'arachide, la bagasse, la paille, la sciure de bois, les cosses de caf\u00e9, la paille, les tiges de tournesol, les tiges de coton, les d\u00e9chets de tabac, les fibres de bambou, les coquilles de palmier, les coquilles de soja, coquilles de noix de coco, etc.<\/p>    <h2 class=\"wp-block-heading\">Application de pellets de copeaux de bois<\/h2>    <p>Les granul\u00e9s de bois sont g\u00e9n\u00e9ralement utilis\u00e9s comme combustible. Il peut \u00eatre utilis\u00e9 dans la production industrielle et agricole, la production d'\u00e9lectricit\u00e9, le chauffage, les chaudi\u00e8res, la cuisine, etc. L'\u00e9nergie est respectueuse de l'environnement et propre, et son faible co\u00fbt est l'\u00e9nergie combustible id\u00e9ale.<\/p>    <h2 class=\"wp-block-heading\">Types de lignes de production de broyeurs \u00e0 granul\u00e9s de copeaux de bois de Shuri<\/h2>    <p>Nous produisons des machines de diff\u00e9rentes capacit\u00e9s ainsi que diverses machines auxiliaires. Comme chaque client n\u00e9cessite un rendement et des besoins diff\u00e9rents, nous fournirons la ligne de granul\u00e9s de bois adapt\u00e9e \u00e0 chaque cas.<\/p>    <p>La plupart des lignes de production de pellets comprennent des machines telles que des broyeurs \u00e0 marteaux ou des concasseurs, des convoyeurs, des s\u00e9choirs, des refroidisseurs de pellets, des machines d'emballage, etc.<\/p>    <h2 class=\"wp-block-heading\">\u00c9tapes de travail d'une ligne de production de pellets.<\/h2>    <ol class=\"wp-block-list\"> <li>Tout d\u2019abord, la d\u00e9chiqueteuse \u00e0 bois ou le broyeur de copeaux de bois \u00e0 marteau traitera d\u2019abord la mati\u00e8re premi\u00e8re dans une taille appropri\u00e9e. Cela nettoiera \u00e9galement les impuret\u00e9s de la mati\u00e8re premi\u00e8re.<\/li>    <li>Ensuite, le tambour ou le s\u00e9choir rotatif traite la mati\u00e8re premi\u00e8re. Cela garantit que la mati\u00e8re premi\u00e8re a la bonne teneur en humidit\u00e9.<\/li>    <li>Ensuite, la mati\u00e8re premi\u00e8re est fa\u00e7onn\u00e9e \u00e0 travers les trous de fili\u00e8re du granulateur.<\/li>    <li>Si vous devez emballer les granul\u00e9s de bois, vous devrez utiliser une glaci\u00e8re pour r\u00e9duire la temp\u00e9rature.<\/li> <\/ol>    <p>Enfin, une simple machine de conditionnement est utilis\u00e9e pour emballer les pellets, ce qui facilite le stockage et le transport des pellets.<\/p>    <h2 class=\"wp-block-heading\">Que dois-je prendre en compte lors du choix d\u2019un bon fournisseur de lignes de production de granul\u00e9s de bois\u00a0?<\/h2>    <ol class=\"wp-block-list\"> <li>La qualit\u00e9 de la machine. La qualit\u00e9 de la machine est quelque chose que le client doit prendre en compte, elle est li\u00e9e \u00e0 la production du client et aux co\u00fbts de maintenance. En tant que fabricants professionnels de machines \u00e0 bois, nous fabriquons des machines en utilisant des mat\u00e9riaux de haute qualit\u00e9.<\/li>    <li>Commentaires des clients. Un bon \u00e9quipement se refl\u00e8te dans l\u2019\u00e9valuation du client. Notre ligne de production de presses \u00e0 granul\u00e9s de bois est vendue dans de nombreux pays et a re\u00e7u beaucoup d'amour de la part de nos clients.<\/li>    <li>R\u00e9ponse positive. La r\u00e9ception en temps opportun des commentaires du fabricant peut aider les clients \u00e0 r\u00e9soudre dans les meilleurs d\u00e9lais les probl\u00e8mes rencontr\u00e9s lors de l'utilisation de la machine. L'utilisation de la machine sera plus ais\u00e9e.<\/li>    <li>Service minutieux. En plus d'un bon service d'achat, les clients doivent \u00e9galement tenir compte du service apr\u00e8s-vente fourni par l'usine. Notre usine fournira aux clients un an de services apr\u00e8s-vente et des services en ligne \u00e0 vie. Nous pouvons \u00e9galement faire appel \u00e0 des ing\u00e9nieurs pour aider les clients \u00e0 installer et \u00e0 mettre en service l'\u00e9quipement.<\/li> <\/ol>    <h2 class=\"wp-block-heading\">Quel est le co\u00fbt d\u2019une ligne de production de granul\u00e9s alimentaires ?<\/h2>    <p>Le prix d'une ligne de production de granul\u00e9s de bois varie en fonction de la taille de la machine, du nombre de machines auxiliaires, des composants inclus et d'autres facteurs. En tant qu'usine, nous recommanderons la ligne de production de granul\u00e9s de bois adapt\u00e9e aux diff\u00e9rents budgets et besoins de nos clients. La combinaison de lignes la plus rentable est recommand\u00e9e dans le cadre du budget du client.<\/p>","protected":false},"excerpt":{"rendered":"<p>wood pellet production line biomass fuel The wood chip pellet mill production line is dedicated to the production of biomass fuel wood chip pellets. As a new type of environmentally friendly fuel, there is an increasing demand for wood pellets. In addition, wood pellets have a low ignition point, a high energy density, and a [&hellip;]<\/p>\n","protected":false},"author":1,"featured_media":833,"parent":0,"template":"","tags":[],"product-type":[32],"class_list":["post-832","product","type-product","status-publish","has-post-thumbnail","hentry","product-type-production-line"],"_links":{"self":[{"href":"https:\/\/hnwoodmachinery.com\/fr\/wp-json\/wp\/v2\/product\/832","targetHints":{"allow":["GET"]}}],"collection":[{"href":"https:\/\/hnwoodmachinery.com\/fr\/wp-json\/wp\/v2\/product"}],"about":[{"href":"https:\/\/hnwoodmachinery.com\/fr\/wp-json\/wp\/v2\/types\/product"}],"author":[{"embeddable":true,"href":"https:\/\/hnwoodmachinery.com\/fr\/wp-json\/wp\/v2\/users\/1"}],"wp:featuredmedia":[{"embeddable":true,"href":"https:\/\/hnwoodmachinery.com\/fr\/wp-json\/wp\/v2\/media\/833"}],"wp:attachment":[{"href":"https:\/\/hnwoodmachinery.com\/fr\/wp-json\/wp\/v2\/media?parent=832"}],"wp:term":[{"taxonomy":"post_tag","embeddable":true,"href":"https:\/\/hnwoodmachinery.com\/fr\/wp-json\/wp\/v2\/tags?post=832"},{"taxonomy":"product-type","embeddable":true,"href":"https:\/\/hnwoodmachinery.com\/fr\/wp-json\/wp\/v2\/product-type?post=832"}],"curies":[{"name":"wp","href":"https:\/\/api.w.org\/{rel}","templated":true}]}}