{"id":745,"date":"2022-11-18T18:15:24","date_gmt":"2022-11-18T10:15:24","guid":{"rendered":"https:\/\/hnwoodmachinery.com\/?post_type=product&#038;p=745"},"modified":"2024-10-16T18:04:01","modified_gmt":"2024-10-16T10:04:01","slug":"wood-pellet-making-machine","status":"publish","type":"product","link":"https:\/\/hnwoodmachinery.com\/fr\/product\/wood-pellet-making-machine\/","title":{"rendered":"Machine de fabrication de granul\u00e9s de bois, broyeur \u00e0 granul\u00e9s en anneau \u00e0 vendre"},"content":{"rendered":"<div class=\"kk-star-ratings kksr-auto kksr-align-left kksr-valign-top\"     data-payload='{&quot;align&quot;:&quot;left&quot;,&quot;id&quot;:&quot;745&quot;,&quot;slug&quot;:&quot;default&quot;,&quot;valign&quot;:&quot;top&quot;,&quot;ignore&quot;:&quot;&quot;,&quot;reference&quot;:&quot;auto&quot;,&quot;class&quot;:&quot;&quot;,&quot;count&quot;:&quot;88&quot;,&quot;legendonly&quot;:&quot;&quot;,&quot;readonly&quot;:&quot;&quot;,&quot;score&quot;:&quot;4.8&quot;,&quot;starsonly&quot;:&quot;&quot;,&quot;best&quot;:&quot;5&quot;,&quot;gap&quot;:&quot;5&quot;,&quot;greet&quot;:&quot;Rate this product&quot;,&quot;legend&quot;:&quot;4.8\\\/5 - (88 votes)&quot;,&quot;size&quot;:&quot;24&quot;,&quot;title&quot;:&quot;Wood Pellet Making Machine Ring Die Pellet Mill For Sale&quot;,&quot;width&quot;:&quot;136.7&quot;,&quot;_legend&quot;:&quot;{score}\\\/{best} - ({count} {votes})&quot;,&quot;font_factor&quot;:&quot;1.25&quot;}'>              <div class=\"kksr-stars\">      <div class=\"kksr-stars-inactive\">             <div class=\"kksr-star\" data-star=\"1\" style=\"padding-right: 5px\">               <div class=\"kksr-icon\" style=\"width: 24px; height: 24px;\"><\/div>         <\/div>             <div class=\"kksr-star\" data-star=\"2\" style=\"padding-right: 5px\">               <div class=\"kksr-icon\" style=\"width: 24px; height: 24px;\"><\/div>         <\/div>             <div class=\"kksr-star\" data-star=\"3\" style=\"padding-right: 5px\">               <div class=\"kksr-icon\" style=\"width: 24px; height: 24px;\"><\/div>         <\/div>             <div class=\"kksr-star\" data-star=\"4\" style=\"padding-right: 5px\">               <div class=\"kksr-icon\" style=\"width: 24px; height: 24px;\"><\/div>         <\/div>             <div class=\"kksr-star\" data-star=\"5\" style=\"padding-right: 5px\">               <div class=\"kksr-icon\" style=\"width: 24px; height: 24px;\"><\/div>         <\/div>     <\/div>      <div class=\"kksr-stars-active\" style=\"width: 136.7px;\">             <div class=\"kksr-star\" style=\"padding-right: 5px\">               <div class=\"kksr-icon\" style=\"width: 24px; height: 24px;\"><\/div>         <\/div>             <div class=\"kksr-star\" style=\"padding-right: 5px\">               <div class=\"kksr-icon\" style=\"width: 24px; height: 24px;\"><\/div>         <\/div>             <div class=\"kksr-star\" style=\"padding-right: 5px\">               <div class=\"kksr-icon\" style=\"width: 24px; height: 24px;\"><\/div>         <\/div>             <div class=\"kksr-star\" style=\"padding-right: 5px\">               <div class=\"kksr-icon\" style=\"width: 24px; height: 24px;\"><\/div>         <\/div>             <div class=\"kksr-star\" style=\"padding-right: 5px\">               <div class=\"kksr-icon\" style=\"width: 24px; height: 24px;\"><\/div>         <\/div>     <\/div> <\/div>                   <div class=\"kksr-legend\" style=\"font-size: 19.2px;\">             4,8\/5 - (88 votes)    <\/div>     <\/div>  <p>La machine de fabrication de granul\u00e9s de bois est un appareil qui transforme diff\u00e9rents types de bois concass\u00e9, de paille v\u00e9g\u00e9tale, de coquilles de plantes et de scories en granul\u00e9s de biocarburant. Le broyeur \u00e0 granul\u00e9s \u00e0 fili\u00e8re annulaire peut produire jusqu'\u00e0 4 000 kg\/h et est souvent utilis\u00e9 pour une production \u00e0 grande \u00e9chelle. Les granul\u00e9s de combustible renouvelable qu\u2019il cr\u00e9e sont lisses et denses, ce qui en fait un choix privil\u00e9gi\u00e9 pour de nombreux utilisateurs.<\/p>    <figure class=\"wp-block-embed aligncenter is-type-video is-provider-youtube wp-block-embed-youtube wp-embed-aspect-16-9 wp-has-aspect-ratio\"><div class=\"wp-block-embed__wrapper\"> <iframe loading=\"lazy\" title=\"Machine \u00e0 granul\u00e9s de bois \u00e0 biomasse - Production efficace de carburant pour les \u00e9nergies renouvelables#biomasspelletmachine\" width=\"500\" height=\"281\" src=\"https:\/\/www.youtube.com\/embed\/Tn22Pr5sojQ?feature=oembed\" frameborder=\"0\" allow=\"accelerometer; autoplay; clipboard-write; encrypted-media; gyroscope; picture-in-picture; web-share\" referrerpolicy=\"strict-origin-when-cross-origin\" allowfullscreen><\/iframe> <\/div><figcaption class=\"wp-element-caption\">vid\u00e9o de travail de la machine de fabrication de granul\u00e9s de bois<\/figcaption><\/figure>    <p>Shuliy propose une vari\u00e9t\u00e9 de machines de fabrication de granul\u00e9s de bois, chacune avec des capacit\u00e9s de production diff\u00e9rentes. Les clients peuvent choisir parmi plusieurs mod\u00e8les en fonction de leurs besoins. Outre ces machines, nous proposons \u00e9galement des machines \u00e0 granul\u00e9s de bois plus petites pour ceux qui ont des exigences de rendement moindres. <\/p>    <p>Nous visons \u00e0 recommander les machines les plus adapt\u00e9es aux besoins sp\u00e9cifiques de nos clients. Pour am\u00e9liorer la commodit\u00e9 et l'efficacit\u00e9, nous fournissons \u00e9galement des machines d'alimentation et des bandes transporteuses, permettant un fonctionnement fluide et continu.<\/p>    <figure class=\"wp-block-gallery has-nested-images columns-default is-cropped wp-block-gallery-2 is-layout-flex wp-block-gallery-is-layout-flex\"> <figure class=\"wp-block-image size-large\"><img loading=\"lazy\" decoding=\"async\" width=\"720\" height=\"540\" data-id=\"753\" src=\"https:\/\/hnwoodmachinery.com\/wp-content\/uploads\/2022\/11\/wood-pellet-making-machine-2-1.webp\" alt=\" machine de fabrication de granul\u00e9s de bois \" class=\"wp-image-753\" title=\" machine de fabrication de granul\u00e9s de bois \"\/><figcaption class=\"wp-element-caption\"> Machine de fabrication de granul\u00e9s de bois <\/figcaption><\/figure>    <figure class=\"wp-block-image size-large\"><img loading=\"lazy\" decoding=\"async\" width=\"720\" height=\"540\" data-id=\"754\" src=\"https:\/\/hnwoodmachinery.com\/wp-content\/uploads\/2022\/11\/420-sawdust-pellet-machine-.jpg\" alt=\"Machine \u00e0 granul\u00e9s de sciure 420\" class=\"wp-image-754\" title=\"Machine \u00e0 granul\u00e9s de sciure 420\"\/><figcaption class=\"wp-element-caption\">Machine \u00e0 granul\u00e9s de sciure 420<\/figcaption><\/figure> <\/figure>    <h2 class=\"wp-block-heading\">Mati\u00e8res premi\u00e8res pour machine de fabrication de granul\u00e9s de bois<\/h2>    <p>L'usine de granul\u00e9s de bois est capable de traiter une vari\u00e9t\u00e9 de mat\u00e9riaux, en se concentrant principalement sur les produits du bois comme les copeaux de bois, la sciure de bois, les branches et les b\u00fbches. <\/p>    <p>De plus, il peut \u00e9galement traiter d'autres mati\u00e8res premi\u00e8res telles que la fibre de palme, la bagasse, les coques d'arachide, les tiges de ma\u00efs, la paille de bl\u00e9 et de nombreux d\u00e9chets agricoles. Ces mat\u00e9riaux sont facilement disponibles, rentables et peuvent \u00eatre transform\u00e9s en granul\u00e9s de biomasse pour diverses applications.<\/p>    <h2 class=\"wp-block-heading\">Utilisation des granul\u00e9s de bois finis<\/h2>    <p>Les pellets de biomasse sont principalement utilis\u00e9s dans les centrales \u00e9lectriques \u00e0 biomasse, les chaudi\u00e8res \u00e0 biomasse, le chauffage domestique et diverses applications industrielles. Par cons\u00e9quent, investir dans le secteur des combustibles issus de la biomasse pour \u00e9tablir des installations de production de pellets pr\u00e9sente un potentiel de march\u00e9 important.<\/p>    <figure class=\"wp-block-gallery has-nested-images columns-default is-cropped wp-block-gallery-3 is-layout-flex wp-block-gallery-is-layout-flex\"> <figure class=\"wp-block-image size-large\"><img loading=\"lazy\" decoding=\"async\" width=\"720\" height=\"540\" data-id=\"748\" src=\"https:\/\/hnwoodmachinery.com\/wp-content\/uploads\/2022\/11\/raw-material-of-the-wood-pellet-mill-.webp\" alt=\"mati\u00e8re premi\u00e8re du moulin \u00e0 granul\u00e9s de bois\" class=\"wp-image-748\" title=\"\"><figcaption class=\"wp-element-caption\">Mati\u00e8re premi\u00e8re du moulin \u00e0 granul\u00e9s de bois<\/figcaption><\/figure>    <figure class=\"wp-block-image size-large\"><img loading=\"lazy\" decoding=\"async\" width=\"720\" height=\"540\" data-id=\"749\" src=\"https:\/\/hnwoodmachinery.com\/wp-content\/uploads\/2022\/11\/finished-wood-pellets-.jpg\" alt=\"granul\u00e9s de bois finis\" class=\"wp-image-749\" title=\"\"><figcaption class=\"wp-element-caption\">Granul\u00e9s de bois finis<\/figcaption><\/figure> <\/figure>    <h2 class=\"wp-block-heading\">Structure de la machine de granulation de biomasse bois<\/h2>    <p>La machine de fabrication de granul\u00e9s de bois se compose de plusieurs composants cl\u00e9s, notamment l'orifice d'alimentation, le cylindre d'alimentation, la fen\u00eatre d'observation, la plaque de recouvrement, le moteur, le cache-poussi\u00e8re, l'orifice de d\u00e9charge, la bo\u00eete de vitesses, etc. Sa conception globale est efficace, n\u00e9cessitant un minimum d\u2019espace au sol tout en \u00e9tant robuste, durable et r\u00e9sistante \u00e0 l\u2019usure.<\/p>    <h2 class=\"wp-block-heading\">Comment fonctionne l'extrudeuse de granul\u00e9s de bois ?<\/h2>   <div id=\"rank-math-howto\" class=\"rank-math-block\" > <div class=\"rank-math-howto-description\">  <\/div>  <div class=\"rank-math-steps\"> <div id=\"howto-step-1729071773263\" class=\"rank-math-step\"> <div class=\"rank-math-step-content\"><p>La mati\u00e8re premi\u00e8re est introduite dans le broyeur \u00e0 granul\u00e9s via un alimentateur \u00e0 vis, qui la dirige ensuite vers le conditionneur. \u00c0 cette \u00e9tape, un adh\u00e9rent est ajout\u00e9 pour aider \u00e0 lier les particules entre elles, facilitant ainsi la formation de granul\u00e9s denses et solides.<\/p> <\/div> <\/div> <div id=\"howto-step-1729071784026\" class=\"rank-math-step\"> <div class=\"rank-math-step-content\"><p>Apr\u00e8s conditionnement, la mati\u00e8re premi\u00e8re est transf\u00e9r\u00e9e dans la zone de granulation. Cette section comporte une fili\u00e8re en forme d'anneau, c'est pourquoi cet \u00e9quipement de fabrication de granul\u00e9s de biomasse est appel\u00e9 broyeur \u00e0 granul\u00e9s \u00e0 fili\u00e8re annulaire. \u00c0 l\u2019int\u00e9rieur de la fili\u00e8re annulaire, il y a deux \u00e0 quatre rouleaux. Lorsque la mati\u00e8re premi\u00e8re p\u00e9n\u00e8tre dans cette chambre, la force centrifuge la pousse contre la surface int\u00e9rieure de la fili\u00e8re annulaire. G\u00e9n\u00e9ralement, le rouleau et la fili\u00e8re annulaire tournent, comprimant la mati\u00e8re premi\u00e8re entre leurs surfaces.<\/p> <\/div> <\/div> <div id=\"howto-step-1729071790244\" class=\"rank-math-step\"> <div class=\"rank-math-step-content\"><p>La mati\u00e8re premi\u00e8re comprim\u00e9e est extrud\u00e9e \u00e0 travers les trous de la fili\u00e8re annulaire et \u00e9merge sous forme de b\u00e2tonnets. Une trancheuse en forme de couteau coupe ensuite ces b\u00e2tonnets pour produire des granul\u00e9s de la taille souhait\u00e9e, permettant ainsi d'ajuster la longueur des granul\u00e9s en fonction des exigences sp\u00e9cifiques.<\/p> <\/div> <\/div> <\/div> <\/div>       <figure class=\"wp-block-embed aligncenter is-type-video is-provider-youtube wp-block-embed-youtube wp-embed-aspect-16-9 wp-has-aspect-ratio\"><div class=\"wp-block-embed__wrapper\"> <iframe loading=\"lazy\" title=\"Machine de fabrication de granul\u00e9s de bois de biomasse de haute capacit\u00e9\u00a0! Machine \u00e0 granul\u00e9s de sciure de bois, fabricant de granul\u00e9s de bois\" width=\"500\" height=\"281\" src=\"https:\/\/www.youtube.com\/embed\/Lz747NqZSl4?feature=oembed\" frameborder=\"0\" allow=\"accelerometer; autoplay; clipboard-write; encrypted-media; gyroscope; picture-in-picture; web-share\" referrerpolicy=\"strict-origin-when-cross-origin\" allowfullscreen><\/iframe> <\/div><figcaption class=\"wp-element-caption\">principe de fonctionnement du broyeur \u00e0 granul\u00e9s de biomasse \u00e0 fili\u00e8re annulaire<\/figcaption><\/figure>    <h2 class=\"wp-block-heading\">Param\u00e8tres du fabricant de granul\u00e9s de bois<\/h2>    <figure class=\"wp-block-table is-style-stripes\"><table><tbody><tr><td>Mod\u00e8le<\/td><td>YGKJ380<\/td><td>YGKJ450<\/td><td>YGKJ560A<\/td><td>YGKJ560B<\/td><td>YGKJ560C<\/td><td>YGKJ700<\/td><td>YGKJ880<\/td><\/tr><tr><td>Capacit\u00e9 (T\/H)&nbsp;<\/td><td>0.2-0.3<\/td><td>0.6-0.8<\/td><td>1-1.3<\/td><td>1.2-1.5<\/td><td>1.2-1.5<\/td><td>2-2.5&nbsp;<\/td><td>3-4&nbsp;<\/td><\/tr><tr><td>Puissance (KW)<\/td><td>22+0.75<\/td><td>55+1.5+ 1.1+0.37+ 0.55<\/td><td>90+1.5+ 1.5+0.55+ 0.37<\/td><td>90+1.5+ 1.5+0.55+ 0.37<\/td><td>90+1.5+ 1.5+0.55+ 0.37<\/td><td>160+2.2+ 0.37+0.75 +1.5<\/td><td>220+3+0.5 5+2.2+1.1<\/td><\/tr><\/tbody><\/table><figcaption class=\"wp-element-caption\">param\u00e8tre du fabricant de granul\u00e9s de bois<\/figcaption><\/figure>    <h2 class=\"wp-block-heading\">Pourquoi le broyeur \u00e0 granul\u00e9s \u00e0 fili\u00e8re annulaire est-il populaire aupr\u00e8s des investisseurs\u00a0?<\/h2>    <ul class=\"wp-block-list\"> <li>Notre machine de fabrication de granul\u00e9s de bois pr\u00e9sente une conception simple, est hautement adaptable, occupe un petit espace et fonctionne avec un minimum de bruit.<\/li>    <li>Les sources d\u2019\u00e9nergie traditionnelles ont du mal \u00e0 r\u00e9pondre \u00e0 la demande du march\u00e9 mondial, ce qui fait de la biomasse granul\u00e9e une alternative viable au charbon.<\/li>    <li>Les aliments en poudre et la poudre d\u2019herbe peuvent \u00eatre granul\u00e9s sans qu\u2019il soit n\u00e9cessaire d\u2019ajouter un liquide. De ce fait, la teneur en humidit\u00e9 des granul\u00e9s reste tr\u00e8s faible, ce qui facilite leur stockage.<\/li>    <li>Les mati\u00e8res premi\u00e8res d\u2019une machine \u00e0 granul\u00e9s \u00e0 fili\u00e8re annulaire comprennent principalement la paille de r\u00e9colte et des mat\u00e9riaux similaires. Ces intrants sont peu co\u00fbteux, ce qui se traduit par un faible co\u00fbt par tonne. De plus, la machine offre un rendement de traitement \u00e9lev\u00e9. Compte tenu de la demande importante du march\u00e9, cette industrie s\u2019av\u00e8re tr\u00e8s rentable.<\/li> <\/ul>   <div class=\"wp-block-image\"> <figure class=\"aligncenter size-full\"><img loading=\"lazy\" decoding=\"async\" width=\"720\" height=\"540\" src=\"https:\/\/hnwoodmachinery.com\/wp-content\/uploads\/2022\/11\/wood-pellet-maker-.webp\" alt=\"fabricant de granul\u00e9s de bois\" class=\"wp-image-750\" title=\"fabricant de granul\u00e9s de bois\"\/><figcaption class=\"wp-element-caption\">fabricant de granul\u00e9s de bois<\/figcaption><\/figure> <\/div>   <h2 class=\"wp-block-heading\">Diff\u00e9rences et suggestions entre les machines \u00e0 granul\u00e9s \u00e0 fili\u00e8re annulaire et \u00e0 fili\u00e8re plate<\/h2>    <p class=\"translation-block\">Il existe deux types g\u00e9n\u00e9raux de presses \u00e0 granul\u00e9s de biomasse. En plus de cette machine, l'autre type est appel\u00e9 une <strong><em><a href=\"https:\/\/hnwoodmachinery.com\/fr\/product\/biomass-pellet-machine\/\">presse \u00e0 granul\u00e9s \u00e0 matrice plate<\/a><\/em><\/strong>. Tous deux ont des conceptions, des principes de fonctionnement, des capacit\u00e9s de production, etc. diff\u00e9rents. Mais ils ont la m\u00eame fonction : la production de granul\u00e9s de biomasse.<\/p>    <ol class=\"wp-block-list\"> <li>La production d'une machine \u00e0 granul\u00e9s \u00e0 matrice plate est g\u00e9n\u00e9ralement comprise entre 1,5 et 3 kg, tandis que les machines \u00e0 granul\u00e9s peuvent produire de 0,2 \u00e0 0,3 tonne. Par cons\u00e9quent, si vous recherchez une production plus \u00e9lev\u00e9e, il est conseill\u00e9 d'opter pour une machine \u00e0 granul\u00e9s \u00e0 matrice annulaire.<\/li>    <li>Il existe diff\u00e9rentes m\u00e9thodes d\u2019alimentation \u00e0 consid\u00e9rer. Dans une machine \u00e0 granul\u00e9s \u00e0 fili\u00e8re plate, le mat\u00e9riau entre verticalement dans la chambre de pressage en raison de son poids. En revanche, la machine de fabrication de granul\u00e9s de bois utilise une mangeoire incurv\u00e9e qui roule et comprime les aliments.<\/li>    <li>En ce qui concerne la finition des particules et le taux de compression, le granulateur \u00e0 fili\u00e8re annulaire offre une plage de r\u00e9glage plus large par rapport \u00e0 la machine \u00e0 granul\u00e9s \u00e0 fili\u00e8re plate. Les pellets produits par la machine \u00e0 fili\u00e8re annulaire ont tendance \u00e0 avoir une finition plus lisse que ceux de la machine \u00e0 fili\u00e8re plate. Si vous avez des exigences sp\u00e9cifiques concernant le taux de compression et l\u2019apparence des produits granul\u00e9s, ainsi qu\u2019un besoin d\u2019un rendement plus \u00e9lev\u00e9, une machine de fabrication de granul\u00e9s de bois serait le meilleur choix.<\/li> <\/ol>    <figure class=\"wp-block-gallery has-nested-images columns-default is-cropped wp-block-gallery-4 is-layout-flex wp-block-gallery-is-layout-flex\"> <figure class=\"wp-block-image size-large\"><img loading=\"lazy\" decoding=\"async\" width=\"720\" height=\"540\" data-id=\"751\" src=\"https:\/\/hnwoodmachinery.com\/wp-content\/uploads\/2022\/11\/wood-pellet-making-machine-1-.webp\" alt=\"machine de fabrication de granul\u00e9s de bois \" class=\"wp-image-751\" title=\"machine de fabrication de granul\u00e9s de bois \"\/><figcaption class=\"wp-element-caption\">Machine de fabrication de granul\u00e9s de bois <\/figcaption><\/figure>    <figure class=\"wp-block-image size-large\"><img loading=\"lazy\" decoding=\"async\" width=\"720\" height=\"540\" data-id=\"752\" src=\"https:\/\/hnwoodmachinery.com\/wp-content\/uploads\/2022\/11\/flat-die-pellet-machine-.webp\" alt=\"machine \u00e0 granul\u00e9s \u00e0 fili\u00e8re plate\" class=\"wp-image-752\" title=\"machine \u00e0 granul\u00e9s \u00e0 fili\u00e8re plate\"\/><figcaption class=\"wp-element-caption\">Machine \u00e0 granul\u00e9s \u00e0 matrice plate<\/figcaption><\/figure> <\/figure>    <h2 class=\"wp-block-heading\">Pourquoi choisir le moulin \u00e0 granul\u00e9s de bois de Shuliy Machinery ?<\/h2>    <p class=\"translation-block\">Notre machine \u00e0 granul\u00e9s de biomasse est tr\u00e8s populaire. Et de nombreuses usines de granul\u00e9s de biomasse au pays et \u00e0 l'\u00e9tranger ont choisi notre machine. Maintenant, nos machines ont \u00e9t\u00e9 vendues en <a href=\"https:\/\/en.wikipedia.org\/wiki\/Uganda\" target=\"_blank\" rel=\"noopener\">Ouganda<\/a>, aux Philippines, au S\u00e9n\u00e9gal, en Malaisie, au Mexique, en Australie et dans d'autres pays.<\/p>    <ul class=\"wp-block-list\"> <li>Shuliy est un fabricant qualifi\u00e9 de machines \u00e0 bois, apportant des ann\u00e9es d'expertise \u00e0 l'industrie.<\/li>    <li>Nous nous sp\u00e9cialisons dans la conception et la personnalisation de machines uniques adapt\u00e9es pour r\u00e9pondre aux exigences sp\u00e9cifiques de notre client\u00e8le diversifi\u00e9e.<\/li>    <li>Notre \u00e9quipe de service commercial d\u00e9di\u00e9e est disponible pour fournir une assistance professionnelle aux clients en ligne et hors ligne.<\/li>    <li>Les clients peuvent facilement effectuer des paiements en ligne et surveiller leur logistique, garantissant ainsi une exp\u00e9rience d'achat en toute confiance.<\/li>    <li>Tous les composants de nos machines sont fabriqu\u00e9s \u00e0 partir de mat\u00e9riaux de haute qualit\u00e9 et r\u00e9sistants \u00e0 l'usure, g\u00e9n\u00e9ralement utilis\u00e9s dans les machines lourdes.<\/li> <\/ul>   <div class=\"wp-block-image\"> <figure class=\"aligncenter size-full is-resized\"><img loading=\"lazy\" decoding=\"async\" width=\"720\" height=\"540\" src=\"https:\/\/hnwoodmachinery.com\/wp-content\/uploads\/2022\/11\/wood-pellet-mill-1-1.webp\" alt=\"moulin \u00e0 granul\u00e9s de bois\" class=\"wp-image-756\" style=\"width:720px;height:auto\" title=\"moulin \u00e0 granul\u00e9s de bois\"\/><figcaption class=\"wp-element-caption\">ligne de production de moulin \u00e0 granul\u00e9s de bois<\/figcaption><\/figure> <\/div>   <p>Apr\u00e8s avoir examin\u00e9 les co\u00fbts et les b\u00e9n\u00e9fices associ\u00e9s \u00e0 l'industrie de transformation des granul\u00e9s de biomasse, il devient clair que le potentiel d'investissement pour la machine \u00e0 granul\u00e9s \u00e0 fili\u00e8re annulaire est assez important et qu'il reste une marge b\u00e9n\u00e9ficiaire saine. Si vous souhaitez rejoindre l'industrie de transformation des granul\u00e9s de biomasse ou si vous avez besoin d'acheter une machine \u00e0 granul\u00e9s \u00e0 fili\u00e8re annulaire, vous pouvez nous contacter \u00e0 tout moment.<\/p>","protected":false},"excerpt":{"rendered":"<p>La machine de fabrication de granul\u00e9s de bois est un appareil qui transforme diff\u00e9rents types de bois concass\u00e9, de paille v\u00e9g\u00e9tale, de coquilles de plantes et de scories en granul\u00e9s de biocarburant. Il peut produire jusqu\u2019\u00e0 4 000 kg\/h.<\/p>","protected":false},"author":1,"featured_media":746,"parent":0,"template":"","tags":[46,44,37,35,39],"product-type":[31],"class_list":["post-745","product","type-product","status-publish","has-post-thumbnail","hentry","tag-biomass","tag-biomass-pellet","tag-sawdust","tag-wood","tag-wood-pallet","product-type-wood-pellet-machine"],"_links":{"self":[{"href":"https:\/\/hnwoodmachinery.com\/fr\/wp-json\/wp\/v2\/product\/745","targetHints":{"allow":["GET"]}}],"collection":[{"href":"https:\/\/hnwoodmachinery.com\/fr\/wp-json\/wp\/v2\/product"}],"about":[{"href":"https:\/\/hnwoodmachinery.com\/fr\/wp-json\/wp\/v2\/types\/product"}],"author":[{"embeddable":true,"href":"https:\/\/hnwoodmachinery.com\/fr\/wp-json\/wp\/v2\/users\/1"}],"wp:featuredmedia":[{"embeddable":true,"href":"https:\/\/hnwoodmachinery.com\/fr\/wp-json\/wp\/v2\/media\/746"}],"wp:attachment":[{"href":"https:\/\/hnwoodmachinery.com\/fr\/wp-json\/wp\/v2\/media?parent=745"}],"wp:term":[{"taxonomy":"post_tag","embeddable":true,"href":"https:\/\/hnwoodmachinery.com\/fr\/wp-json\/wp\/v2\/tags?post=745"},{"taxonomy":"product-type","embeddable":true,"href":"https:\/\/hnwoodmachinery.com\/fr\/wp-json\/wp\/v2\/product-type?post=745"}],"curies":[{"name":"wp","href":"https:\/\/api.w.org\/{rel}","templated":true}]}}