{"id":730,"date":"2022-11-15T17:29:27","date_gmt":"2022-11-15T09:29:27","guid":{"rendered":"https:\/\/hnwoodmachinery.com\/?post_type=product&#038;p=730"},"modified":"2024-10-11T18:04:27","modified_gmt":"2024-10-11T10:04:27","slug":"biomass-pellet-machine","status":"publish","type":"product","link":"https:\/\/hnwoodmachinery.com\/fr\/product\/biomass-pellet-machine\/","title":{"rendered":"Moulin \u00e0 granul\u00e9s de bois \u00e0 matrice plate, machine \u00e0 granul\u00e9s de biomasse, \u00e0 vendre"},"content":{"rendered":"<div class=\"kk-star-ratings kksr-auto kksr-align-left kksr-valign-top\"     data-payload='{&quot;align&quot;:&quot;left&quot;,&quot;id&quot;:&quot;730&quot;,&quot;slug&quot;:&quot;default&quot;,&quot;valign&quot;:&quot;top&quot;,&quot;ignore&quot;:&quot;&quot;,&quot;reference&quot;:&quot;auto&quot;,&quot;class&quot;:&quot;&quot;,&quot;count&quot;:&quot;96&quot;,&quot;legendonly&quot;:&quot;&quot;,&quot;readonly&quot;:&quot;&quot;,&quot;score&quot;:&quot;4.8&quot;,&quot;starsonly&quot;:&quot;&quot;,&quot;best&quot;:&quot;5&quot;,&quot;gap&quot;:&quot;5&quot;,&quot;greet&quot;:&quot;Rate this product&quot;,&quot;legend&quot;:&quot;4.8\\\/5 - (96 votes)&quot;,&quot;size&quot;:&quot;24&quot;,&quot;title&quot;:&quot;Biomass Pellet Machine Flat Die Wood Pellet Mill For Sale&quot;,&quot;width&quot;:&quot;136.7&quot;,&quot;_legend&quot;:&quot;{score}\\\/{best} - ({count} {votes})&quot;,&quot;font_factor&quot;:&quot;1.25&quot;}'>              <div class=\"kksr-stars\">      <div class=\"kksr-stars-inactive\">             <div class=\"kksr-star\" data-star=\"1\" style=\"padding-right: 5px\">               <div class=\"kksr-icon\" style=\"width: 24px; height: 24px;\"><\/div>         <\/div>             <div class=\"kksr-star\" data-star=\"2\" style=\"padding-right: 5px\">               <div class=\"kksr-icon\" style=\"width: 24px; height: 24px;\"><\/div>         <\/div>             <div class=\"kksr-star\" data-star=\"3\" style=\"padding-right: 5px\">               <div class=\"kksr-icon\" style=\"width: 24px; height: 24px;\"><\/div>         <\/div>             <div class=\"kksr-star\" data-star=\"4\" style=\"padding-right: 5px\">               <div class=\"kksr-icon\" style=\"width: 24px; height: 24px;\"><\/div>         <\/div>             <div class=\"kksr-star\" data-star=\"5\" style=\"padding-right: 5px\">               <div class=\"kksr-icon\" style=\"width: 24px; height: 24px;\"><\/div>         <\/div>     <\/div>      <div class=\"kksr-stars-active\" style=\"width: 136.7px;\">             <div class=\"kksr-star\" style=\"padding-right: 5px\">               <div class=\"kksr-icon\" style=\"width: 24px; height: 24px;\"><\/div>         <\/div>             <div class=\"kksr-star\" style=\"padding-right: 5px\">               <div class=\"kksr-icon\" style=\"width: 24px; height: 24px;\"><\/div>         <\/div>             <div class=\"kksr-star\" style=\"padding-right: 5px\">               <div class=\"kksr-icon\" style=\"width: 24px; height: 24px;\"><\/div>         <\/div>             <div class=\"kksr-star\" style=\"padding-right: 5px\">               <div class=\"kksr-icon\" style=\"width: 24px; height: 24px;\"><\/div>         <\/div>             <div class=\"kksr-star\" style=\"padding-right: 5px\">               <div class=\"kksr-icon\" style=\"width: 24px; height: 24px;\"><\/div>         <\/div>     <\/div> <\/div>                   <div class=\"kksr-legend\" style=\"font-size: 19.2px;\">             4.8\/5 - (96 votes)    <\/div>     <\/div>  <p>Notre machine \u00e0 pellets de biomasse \u00e0 matrice plate est capable de produire des pellets de bois \u00e0 partir de divers mat\u00e9riaux tels que la sciure de bois, le papier recycl\u00e9, l'herbe, les feuilles et d'autres types de biomasse. Elle est couramment utilis\u00e9e dans les maisons, les petites fermes et les ateliers. <\/p>    <p>Les granul\u00e9s cr\u00e9\u00e9s peuvent atteindre des longueurs allant jusqu'\u00e0 3 cm et conviennent \u00e0 des applications telles que le chauffage domestique, la cuisine et la liti\u00e8re pour animaux. Nous proposons une gamme de mod\u00e8les de machines parmi lesquels choisir, avec des capacit\u00e9s de production allant jusqu'\u00e0 700 kg\/h.<\/p>    <figure class=\"wp-block-embed aligncenter is-type-video is-provider-youtube wp-block-embed-youtube wp-embed-aspect-16-9 wp-has-aspect-ratio\"><div class=\"wp-block-embed__wrapper\"> <iframe loading=\"lazy\" title=\"Transformer les d\u00e9chets de bois en \u00e9nergie\u00a0: vitrine des machines de granulation de granul\u00e9s de bois\u00a0!\" width=\"500\" height=\"281\" src=\"https:\/\/www.youtube.com\/embed\/PrQMhExEplU?start=3&#038;feature=oembed\" frameborder=\"0\" allow=\"accelerometer; autoplay; clipboard-write; encrypted-media; gyroscope; picture-in-picture; web-share\" referrerpolicy=\"strict-origin-when-cross-origin\" allowfullscreen><\/iframe> <\/div><figcaption class=\"wp-element-caption\">vid\u00e9o de fonctionnement de la machine de fabrication de granul\u00e9s de biomasse en bois<\/figcaption><\/figure>    <p>Le diam\u00e8tre du trou de fili\u00e8re plat, qui d\u00e9termine la taille des granul\u00e9s de bois, peut \u00eatre adapt\u00e9 pour r\u00e9pondre \u00e0 votre mati\u00e8re premi\u00e8re sp\u00e9cifique et \u00e0 vos besoins uniques. Nous avons atteint des taux de compression optimaux pour plus de 30 mati\u00e8res premi\u00e8res diff\u00e9rentes. Si vous disposez d\u2019un type particulier de mati\u00e8re premi\u00e8re, n\u2019h\u00e9sitez pas \u00e0 nous l\u2019envoyer et nous la testerons gratuitement pour vous.<\/p>    <p>Le moule et la roue de pression du broyeur \u00e0 granul\u00e9s sont construits en acier alli\u00e9 r\u00e9sistant \u00e0 l'usure, ce qui leur conf\u00e8re des qualit\u00e9s de r\u00e9sistance, de durabilit\u00e9 et une dur\u00e9e de vie prolong\u00e9e. La machine \u00e0 granul\u00e9s de biomasse pr\u00e9sente une conception simple, une large applicabilit\u00e9 et un encombrement compact, et fonctionne avec un faible bruit, ce qui en fait un \u00e9quipement essentiel pour de nombreux fabricants de biomasse.<\/p>    <figure class=\"wp-block-gallery has-nested-images columns-default is-cropped wp-block-gallery-2 is-layout-flex wp-block-gallery-is-layout-flex\"> <figure class=\"wp-block-image size-large\"><img loading=\"lazy\" decoding=\"async\" width=\"720\" height=\"540\" data-id=\"735\" src=\"https:\/\/hnwoodmachinery.com\/wp-content\/uploads\/2022\/11\/biomass-pellet-machine-1-1.webp\" alt=\"machine \u00e0 granul\u00e9s de biomasse\" class=\"wp-image-735\" title=\"machine \u00e0 granul\u00e9s de biomasse\"\/><figcaption class=\"wp-element-caption\">Machine \u00e0 granul\u00e9s de biomasse<\/figcaption><\/figure>    <figure class=\"wp-block-image size-large\"><img loading=\"lazy\" decoding=\"async\" width=\"720\" height=\"540\" data-id=\"736\" src=\"https:\/\/hnwoodmachinery.com\/wp-content\/uploads\/2022\/11\/wood-pellet-mill-.webp\" alt=\"moulin \u00e0 granul\u00e9s de bois \" class=\"wp-image-736\" title=\"moulin \u00e0 granul\u00e9s de bois \"\/><figcaption class=\"wp-element-caption\">Moulin \u00e0 granul\u00e9s de bois <\/figcaption><\/figure> <\/figure>    <h2 class=\"wp-block-heading\">Mat\u00e9riaux applicables du moulin \u00e0 granul\u00e9s de bois<\/h2>    <p class=\"translation-block\">La machine \u00e0 pellets de biomasse en bois est adapt\u00e9e \u00e0 une large gamme de mat\u00e9riaux. Cela peut \u00eatre des sciures de bois ou des cultures, telles que des tiges de ma\u00efs, des pailles, des coques de cacahu\u00e8tes, des \u00e9pis de ma\u00efs, des tiges de coton, des mauvaises herbes, etc. Vous pouvez utiliser une machine \u00e0 broyer pour obtenir de la sciure de bois comme mati\u00e8re premi\u00e8re. (<em>Lire la suite : <strong><a href=\"https:\/\/hnwoodmachinery.com\/fr\/product\/wood-shredder-machine\/\">Machine de d\u00e9chiquetage du bois pour la fabrication de sciure<\/a><\/strong>&gt;&gt;<\/em>)<\/p>    <p class=\"translation-block\">Le <a href=\"https:\/\/en.wikipedia.org\/wiki\/Pellet_fuel\" target=\"_blank\" rel=\"noopener\">combustible granul\u00e9<\/a> de biomasse se vante d'une valeur calorifique \u00e9lev\u00e9e, allant d'environ 3900 \u00e0 4800 calories par kilogramme. Lors de la combustion, l'\u00e9mission de composants gazeux nocifs est minimale, ce qui entra\u00eene de faibles \u00e9missions de gaz nocifs et offre des avantages environnementaux. De plus, les cendres produites apr\u00e8s la combustion peuvent \u00eatre utilis\u00e9es comme engrais potassique, offrant des \u00e9conomies.<\/p>    <figure class=\"wp-block-gallery has-nested-images columns-default is-cropped wp-block-gallery-3 is-layout-flex wp-block-gallery-is-layout-flex\"> <figure class=\"wp-block-image size-large\"><img loading=\"lazy\" decoding=\"async\" width=\"720\" height=\"540\" data-id=\"737\" src=\"https:\/\/hnwoodmachinery.com\/wp-content\/uploads\/2022\/11\/raw-material-wood-pellet-.webp\" alt=\"granul\u00e9s de bois de mati\u00e8re premi\u00e8re \" class=\"wp-image-737\" title=\"granul\u00e9s de bois de mati\u00e8re premi\u00e8re \"\/><figcaption class=\"wp-element-caption\">Granul\u00e9s de bois de mati\u00e8re premi\u00e8re<\/figcaption><\/figure>    <figure class=\"wp-block-image size-large\"><img loading=\"lazy\" decoding=\"async\" width=\"720\" height=\"540\" data-id=\"738\" src=\"https:\/\/hnwoodmachinery.com\/wp-content\/uploads\/2022\/11\/usage-of-the-wood-pellets-.webp\" alt=\"utilisation des pellets de bois\" class=\"wp-image-738\" title=\"utilisation des pellets de bois\"\/><figcaption class=\"wp-element-caption\">Utilisation des granul\u00e9s de bois<\/figcaption><\/figure> <\/figure>    <h2 class=\"wp-block-heading\">Principe de fonctionnement de la machine \u00e0 granul\u00e9s de biomasse<\/h2>    <p>L'extrudeuse de granul\u00e9s de bois fonctionne \u00e0 l'aide d'un moteur (ou moteur diesel) qui entra\u00eene les engrenages, transf\u00e9rant la puissance \u00e0 l'arbre principal. En raison de la force de friction, le rouleau presseur tourne, g\u00e9n\u00e9rant une chaleur de friction entre le rouleau presseur et la matrice, ce qui contribue \u00e0 plastifier le mat\u00e9riau pulv\u00e9rulent.<\/p>    <p>Le mat\u00e9riau est ensuite pouss\u00e9 \u00e0 travers le trou de la matrice par le rouleau pinceur. Enfin, le plateau de lancement transporte les granul\u00e9s de bois termin\u00e9s hors de la machine \u00e0 granul\u00e9s de biomasse via l'orifice de d\u00e9chargement.<\/p>    <figure class=\"wp-block-gallery has-nested-images columns-default is-cropped wp-block-gallery-4 is-layout-flex wp-block-gallery-is-layout-flex\"> <figure class=\"wp-block-image size-large\"><img loading=\"lazy\" decoding=\"async\" width=\"720\" height=\"540\" data-id=\"739\" src=\"https:\/\/hnwoodmachinery.com\/wp-content\/uploads\/2022\/11\/wood-pellet-machine-.webp\" alt=\"machine \u00e0 granul\u00e9s de bois \" class=\"wp-image-739\" title=\"machine \u00e0 granul\u00e9s de bois \"\/><figcaption class=\"wp-element-caption\">Machine \u00e0 granul\u00e9s de bois <\/figcaption><\/figure>    <figure class=\"wp-block-image size-large\"><img loading=\"lazy\" decoding=\"async\" width=\"720\" height=\"540\" data-id=\"741\" src=\"https:\/\/hnwoodmachinery.com\/wp-content\/uploads\/2022\/11\/inner-structure-of-the-wood-pellet-extruder-.webp\" alt=\"structure interne de l&#039;extrudeuse de granul\u00e9s de bois\" class=\"wp-image-741\" title=\"structure interne de l&#039;extrudeuse de granul\u00e9s de bois\"\/><figcaption class=\"wp-element-caption\">Structure int\u00e9rieure de l'extrudeuse de granul\u00e9s de bois<\/figcaption><\/figure> <\/figure>    <figure class=\"wp-block-embed aligncenter is-type-video is-provider-youtube wp-block-embed-youtube wp-embed-aspect-16-9 wp-has-aspect-ratio\"><div class=\"wp-block-embed__wrapper\"> <iframe loading=\"lazy\" title=\"Processus de fabrication de granul\u00e9s de biomasse \u00e0 \u00e9nergie propre dans une usine de granul\u00e9s de bois\u00a0! \ud83c\udf3f\ud83d\udd25#granul\u00e9s de bois\" width=\"500\" height=\"281\" src=\"https:\/\/www.youtube.com\/embed\/MVtJtbLRF0I?start=13&#038;feature=oembed\" frameborder=\"0\" allow=\"accelerometer; autoplay; clipboard-write; encrypted-media; gyroscope; picture-in-picture; web-share\" referrerpolicy=\"strict-origin-when-cross-origin\" allowfullscreen><\/iframe> <\/div><figcaption class=\"wp-element-caption\">vid\u00e9o de travail d'un moulin \u00e0 granul\u00e9s de bois<\/figcaption><\/figure>    <h2 class=\"wp-block-heading\">Granul\u00e9s de bois finis disponibles \u00e0 la vente<\/h2>    <p>Collecte des mati\u00e8res premi\u00e8res \u2192 s\u00e9chage des mati\u00e8res premi\u00e8res \u2192 granulation et moulage \u2192 ensachage et vente.<\/p>    <p>Remarques:<\/p>    <ol class=\"wp-block-list\"> <li>Comme la sciure de bois n'a pas besoin d'\u00eatre broy\u00e9e, le lien de concassage est omis et elle peut \u00eatre granul\u00e9e directement apr\u00e8s s\u00e9chage.<\/li>    <li>La teneur en humidit\u00e9 apr\u00e8s s\u00e9chage doit \u00eatre de 15-18%. Si la teneur en humidit\u00e9 est trop importante ou trop faible, elle ne favorise pas la formation de particules.<\/li> <\/ol>    <figure class=\"wp-block-gallery has-nested-images columns-default is-cropped wp-block-gallery-5 is-layout-flex wp-block-gallery-is-layout-flex\"> <figure class=\"wp-block-image size-large\"><img loading=\"lazy\" decoding=\"async\" width=\"720\" height=\"540\" data-id=\"1128\" src=\"https:\/\/hnwoodmachinery.com\/wp-content\/uploads\/2022\/11\/sawdust-raw-material.webp\" alt=\"mati\u00e8re premi\u00e8re de sciure de bois\" class=\"wp-image-1128\" title=\"\" srcset=\"https:\/\/hnwoodmachinery.com\/wp-content\/uploads\/2022\/11\/sawdust-raw-material.webp 720w, https:\/\/hnwoodmachinery.com\/wp-content\/uploads\/2022\/11\/sawdust-raw-material-300x225.webp 300w, https:\/\/hnwoodmachinery.com\/wp-content\/uploads\/2022\/11\/sawdust-raw-material-16x12.webp 16w\" sizes=\"auto, (max-width: 720px) 100vw, 720px\" \/><figcaption class=\"wp-element-caption\">Mati\u00e8re premi\u00e8re de sciure de bois<\/figcaption><\/figure>    <figure class=\"wp-block-image size-large\"><img loading=\"lazy\" decoding=\"async\" width=\"720\" height=\"540\" data-id=\"743\" src=\"https:\/\/hnwoodmachinery.com\/wp-content\/uploads\/2022\/11\/finished-wood-pellets-.webp\" alt=\"granul\u00e9s de bois finis\" class=\"wp-image-743\" title=\"\"><figcaption class=\"wp-element-caption\">Granul\u00e9s de bois finis<\/figcaption><\/figure> <\/figure>    <h2 class=\"wp-block-heading\">Caract\u00e9ristiques de la machine de fabrication de granul\u00e9s de bois<\/h2>    <ul class=\"wp-block-list\"> <li>Le mat\u00e9riau est sec et s\u00e8che sans perdre d'humidit\u00e9. Il est dot\u00e9 d'un engrenage diff\u00e9rentiel, d'une transmission \u00e0 joint universel, d'une faible consommation d'\u00e9nergie et d'un rendement \u00e9lev\u00e9.<\/li>    <li>Cette machine de fabrication de granul\u00e9s de bois utilise une technologie avanc\u00e9e pour la granulation par extrusion et le polissage, r\u00e9pondant ainsi efficacement aux d\u00e9fis de granulation rencontr\u00e9s dans les m\u00e9thodes traditionnelles.<\/li>    <li>Les particules de sciure r\u00e9sultantes sont uniformes, lisses et rondes, pr\u00e9sentant une r\u00e9sistance \u00e9lev\u00e9e et une excellente fluidit\u00e9.<\/li>    <li>Les rouleaux et les moules, souvent appel\u00e9s plaques ou disques, sont fabriqu\u00e9s \u00e0 partir d'un acier alli\u00e9 tr\u00e8s r\u00e9sistant \u00e0 l'usure qui subit un traitement thermique sp\u00e9cial pour obtenir une duret\u00e9 \u00e9lev\u00e9e et une durabilit\u00e9 prolong\u00e9e.<\/li>    <li>Les engrenages de transmission sont fabriqu\u00e9s en acier alli\u00e9 de haute qualit\u00e9, offrant des avantages tels qu'un fonctionnement fluide, de faibles niveaux de bruit, une capacit\u00e9 de charge \u00e9lev\u00e9e, une augmentation minimale de la temp\u00e9rature et une excellente r\u00e9sistance \u00e0 la pression.<\/li>    <li>Cette machine \u00e0 granul\u00e9s de biomasse a une large gamme d'applications. Il peut \u00eatre utilis\u00e9 pour la regranulation des d\u00e9chets organiques dans les centrales \u00e0 biomasse, les centrales \u00e9lectriques, l'\u00e9levage, les usines d'aliments pour animaux et diverses autres industries.<\/li> <\/ul>    <figure class=\"wp-block-gallery has-nested-images columns-default is-cropped wp-block-gallery-6 is-layout-flex wp-block-gallery-is-layout-flex\"> <figure class=\"wp-block-image size-full\"><img loading=\"lazy\" decoding=\"async\" width=\"720\" height=\"540\" data-id=\"1130\" src=\"http:\/\/hnwoodmachinery.com\/wp-content\/uploads\/2022\/11\/biomass-pellets-mill.webp\" alt=\"moulin \u00e0 granul\u00e9s de biomasse\" class=\"wp-image-1130\" title=\"\" srcset=\"https:\/\/hnwoodmachinery.com\/wp-content\/uploads\/2022\/11\/biomass-pellets-mill.webp 720w, https:\/\/hnwoodmachinery.com\/wp-content\/uploads\/2022\/11\/biomass-pellets-mill-300x225.webp 300w, https:\/\/hnwoodmachinery.com\/wp-content\/uploads\/2022\/11\/biomass-pellets-mill-16x12.webp 16w\" sizes=\"auto, (max-width: 720px) 100vw, 720px\" \/><figcaption class=\"wp-element-caption\">Moulin \u00e0 granul\u00e9s de biomasse<\/figcaption><\/figure>    <figure class=\"wp-block-image size-large\"><img loading=\"lazy\" decoding=\"async\" width=\"720\" height=\"540\" data-id=\"742\" src=\"https:\/\/hnwoodmachinery.com\/wp-content\/uploads\/2022\/11\/wood-pellet-making-machine-.webp\" alt=\"machine de fabrication de granul\u00e9s de bois\" class=\"wp-image-742\" title=\"\"><figcaption class=\"wp-element-caption\">Machine de fabrication de granul\u00e9s de bois<\/figcaption><\/figure> <\/figure>    <h2 class=\"wp-block-heading\">Param\u00e8tres de la machine \u00e0 granul\u00e9s de sciure de bois<\/h2>    <figure class=\"wp-block-table is-style-stripes\"><table><tbody><tr><td>Mod\u00e8le<\/td><td>300<\/td><td>400<\/td><td>450<\/td><\/tr><tr><td>Puissance (KW)<\/td><td>22+0.37<\/td><td>37+0.37<\/td><td>55+0.37<\/td><\/tr><tr><td>Sortie (kg\/h)<\/td><td>150-300<\/td><td>200-500<\/td><td>300-700<\/td><\/tr><\/tbody><\/table><figcaption class=\"wp-element-caption\">Donn\u00e9es techniques de la machine de fabrication de granul\u00e9s de biomasse<\/figcaption><\/figure>    <p class=\"translation-block\">En plus de cette machine \u00e0 pellets de biomasse \u00e0 matrice plate, nous produisons \u00e9galement des machines \u00e0 pellets de biomasse \u00e0 matrice annulaires. (<em>Article connexe : <strong><a href=\"https:\/\/hnwoodmachinery.com\/fr\/product\/wood-pellet-making-machine\/\">Machine de fabrication de pellets en bois\u4e28moulin \u00e0 pellets en bois \u00e0 vendre<\/a><\/strong>&gt;&gt;<\/em>)<\/p>    <h2 class=\"wp-block-heading\">Comment d\u00e9marrer une entreprise de fabrication de granul\u00e9s de biomasse ?<\/h2>    <p>En tant que combustible renouvelable respectueux de l'environnement, les pellets de biomasse sont principalement utilis\u00e9s pour remplacer le charbon, le gaz naturel, etc., et leur activit\u00e9 de production attire de plus en plus d'investisseurs. Alors, \u00e0 quoi devez-vous faire attention si vous envisagez \u00e9galement de r\u00e9aliser ce projet ?<\/p>    <ul class=\"wp-block-list\"> <li>Quelle est la fonction des pellets que vous souhaitez cr\u00e9er ? <\/li>    <li>Combien de pellets souhaitez-vous produire ? <\/li>    <li>Quelles mati\u00e8res premi\u00e8res comptez-vous utiliser ? <\/li>    <li>Quel est votre budget pour ce projet ?<\/li> <\/ul>    <p>Notre usine est sp\u00e9cialis\u00e9e depuis de nombreuses ann\u00e9es dans la fabrication de machines de transformation et de recyclage du bois. Si vous exercez cette activit\u00e9, nous sommes votre meilleur choix. Veuillez parcourir ce site Web, encourager tout le monde \u00e0 le consulter \u00e0 tout moment et bienvenue \u00e0 visiter notre usine. Nous sommes impatients de coop\u00e9rer avec vous.<\/p>","protected":false},"excerpt":{"rendered":"<p>La machine \u00e0 granul\u00e9s de biomasse convient principalement \u00e0 la granulation de fibres grossi\u00e8res, telles que les copeaux de bois, les balles de riz, les tiges de coton, etc. C'est un outil portable pour le traitement du combustible \u00e0 granul\u00e9s. <\/p>","protected":false},"author":1,"featured_media":732,"parent":0,"template":"","tags":[44,45],"product-type":[31],"class_list":["post-730","product","type-product","status-publish","has-post-thumbnail","hentry","tag-biomass-pellet","tag-wood-pellet","product-type-wood-pellet-machine"],"_links":{"self":[{"href":"https:\/\/hnwoodmachinery.com\/fr\/wp-json\/wp\/v2\/product\/730","targetHints":{"allow":["GET"]}}],"collection":[{"href":"https:\/\/hnwoodmachinery.com\/fr\/wp-json\/wp\/v2\/product"}],"about":[{"href":"https:\/\/hnwoodmachinery.com\/fr\/wp-json\/wp\/v2\/types\/product"}],"author":[{"embeddable":true,"href":"https:\/\/hnwoodmachinery.com\/fr\/wp-json\/wp\/v2\/users\/1"}],"wp:featuredmedia":[{"embeddable":true,"href":"https:\/\/hnwoodmachinery.com\/fr\/wp-json\/wp\/v2\/media\/732"}],"wp:attachment":[{"href":"https:\/\/hnwoodmachinery.com\/fr\/wp-json\/wp\/v2\/media?parent=730"}],"wp:term":[{"taxonomy":"post_tag","embeddable":true,"href":"https:\/\/hnwoodmachinery.com\/fr\/wp-json\/wp\/v2\/tags?post=730"},{"taxonomy":"product-type","embeddable":true,"href":"https:\/\/hnwoodmachinery.com\/fr\/wp-json\/wp\/v2\/product-type?post=730"}],"curies":[{"name":"wp","href":"https:\/\/api.w.org\/{rel}","templated":true}]}}