{"id":668,"date":"2022-10-12T17:18:55","date_gmt":"2022-10-12T09:18:55","guid":{"rendered":"https:\/\/hnwoodmachinery.com\/?post_type=product&#038;p=668"},"modified":"2024-09-14T18:21:05","modified_gmt":"2024-09-14T10:21:05","slug":"pallet-block-making-machine","status":"publish","type":"product","link":"https:\/\/hnwoodmachinery.com\/fr\/product\/pallet-block-making-machine\/","title":{"rendered":"Bloc de palette faisant la machine bloc de sciure de bois formant l'\u00e9quipement"},"content":{"rendered":"<div class=\"kk-star-ratings kksr-auto kksr-align-left kksr-valign-top\"     data-payload='{&quot;align&quot;:&quot;left&quot;,&quot;id&quot;:&quot;668&quot;,&quot;slug&quot;:&quot;default&quot;,&quot;valign&quot;:&quot;top&quot;,&quot;ignore&quot;:&quot;&quot;,&quot;reference&quot;:&quot;auto&quot;,&quot;class&quot;:&quot;&quot;,&quot;count&quot;:&quot;92&quot;,&quot;legendonly&quot;:&quot;&quot;,&quot;readonly&quot;:&quot;&quot;,&quot;score&quot;:&quot;4.8&quot;,&quot;starsonly&quot;:&quot;&quot;,&quot;best&quot;:&quot;5&quot;,&quot;gap&quot;:&quot;5&quot;,&quot;greet&quot;:&quot;Rate this product&quot;,&quot;legend&quot;:&quot;4.8\\\/5 - (92 votes)&quot;,&quot;size&quot;:&quot;24&quot;,&quot;title&quot;:&quot;Pallet Block Making Machine Wood Sawdust Block Forming Equipment&quot;,&quot;width&quot;:&quot;136.7&quot;,&quot;_legend&quot;:&quot;{score}\\\/{best} - ({count} {votes})&quot;,&quot;font_factor&quot;:&quot;1.25&quot;}'>              <div class=\"kksr-stars\">      <div class=\"kksr-stars-inactive\">             <div class=\"kksr-star\" data-star=\"1\" style=\"padding-right: 5px\">               <div class=\"kksr-icon\" style=\"width: 24px; height: 24px;\"><\/div>         <\/div>             <div class=\"kksr-star\" data-star=\"2\" style=\"padding-right: 5px\">               <div class=\"kksr-icon\" style=\"width: 24px; height: 24px;\"><\/div>         <\/div>             <div class=\"kksr-star\" data-star=\"3\" style=\"padding-right: 5px\">               <div class=\"kksr-icon\" style=\"width: 24px; height: 24px;\"><\/div>         <\/div>             <div class=\"kksr-star\" data-star=\"4\" style=\"padding-right: 5px\">               <div class=\"kksr-icon\" style=\"width: 24px; height: 24px;\"><\/div>         <\/div>             <div class=\"kksr-star\" data-star=\"5\" style=\"padding-right: 5px\">               <div class=\"kksr-icon\" style=\"width: 24px; height: 24px;\"><\/div>         <\/div>     <\/div>      <div class=\"kksr-stars-active\" style=\"width: 136.7px;\">             <div class=\"kksr-star\" style=\"padding-right: 5px\">               <div class=\"kksr-icon\" style=\"width: 24px; height: 24px;\"><\/div>         <\/div>             <div class=\"kksr-star\" style=\"padding-right: 5px\">               <div class=\"kksr-icon\" style=\"width: 24px; height: 24px;\"><\/div>         <\/div>             <div class=\"kksr-star\" style=\"padding-right: 5px\">               <div class=\"kksr-icon\" style=\"width: 24px; height: 24px;\"><\/div>         <\/div>             <div class=\"kksr-star\" style=\"padding-right: 5px\">               <div class=\"kksr-icon\" style=\"width: 24px; height: 24px;\"><\/div>         <\/div>             <div class=\"kksr-star\" style=\"padding-right: 5px\">               <div class=\"kksr-icon\" style=\"width: 24px; height: 24px;\"><\/div>         <\/div>     <\/div> <\/div>                   <div class=\"kksr-legend\" style=\"font-size: 19.2px;\">             4,8\/5 - (92 votes)    <\/div>     <\/div>  <p>La machine de fabrication de blocs de palettes est sp\u00e9cialis\u00e9e dans la production de pieds de tapis pour plateaux tra\u00eenants et de blocs de tapis \u00e0 couche protectrice, utilis\u00e9s pour le transport et le stockage. Elle peut traiter environ 4 m\u00b3 de mati\u00e8res premi\u00e8res par jour.  La densit\u00e9 du produit final peut atteindre 550-1000kg\/m\u00b3. <\/p>    <p>Nous pouvons personnaliser la forme et la taille du bloc de bois fini, allant de 75 mm \u00e0 145 mm. Notre machine de fabrication de blocs de palettes peut produire deux types de blocs de bois, pleins et creux. Vous pouvez choisir en fonction de vos besoins.<\/p>    <figure class=\"wp-block-embed aligncenter is-type-video is-provider-youtube wp-block-embed-youtube wp-embed-aspect-16-9 wp-has-aspect-ratio\"><div class=\"wp-block-embed__wrapper\"> <iframe loading=\"lazy\" title=\"La plus r\u00e9cente machine de fabrication de blocs de sciure de bois de Shuliy Machinery\u00a0! machine de fabrication de blocs de bois compress\u00e9s\" width=\"500\" height=\"281\" src=\"https:\/\/www.youtube.com\/embed\/U64tcpbFAhQ?feature=oembed\" frameborder=\"0\" allow=\"accelerometer; autoplay; clipboard-write; encrypted-media; gyroscope; picture-in-picture; web-share\" referrerpolicy=\"strict-origin-when-cross-origin\" allowfullscreen><\/iframe> <\/div><figcaption class=\"wp-element-caption\">vid\u00e9o de travail de la machine \u00e0 presser les blocs de palettes en bois<\/figcaption><\/figure>    <p>La machine de fabrication de blocs de palettes de Shuliy peut produire des blocs de bois de haute qualit\u00e9 en utilisant de la sciure de bois comme mati\u00e8re premi\u00e8re. Les produits finis ne contiennent aucun d\u00e9chet et pr\u00e9sentent une bonne r\u00e9sistance \u00e0 l\u2019eau. Cette machine a \u00e9t\u00e9 bien accueillie par de nombreux clients.<\/p>    <p>De plus, nous proposons deux types de machines de fabrication de blocs de sciure de bois : l\u2019une est le mod\u00e8le commun et l\u2019autre est le mod\u00e8le standard europ\u00e9en. La machine standard europ\u00e9enne est l\u00e9g\u00e8rement plus ch\u00e8re. Il existe cependant des diff\u00e9rences entre les deux machines. Si vous \u00eates int\u00e9ress\u00e9, veuillez nous contacter pour plus d'informations.<\/p>    <figure class=\"wp-block-gallery has-nested-images columns-default is-cropped wp-block-gallery-2 is-layout-flex wp-block-gallery-is-layout-flex\"> <figure class=\"wp-block-image size-large\"><img loading=\"lazy\" decoding=\"async\" width=\"720\" height=\"540\" data-id=\"670\" src=\"https:\/\/hnwoodmachinery.com\/wp-content\/uploads\/2022\/10\/pallet-block-making-machine-2.webp\" alt=\"machine de fabrication de blocs de palettes\" class=\"wp-image-670\" title=\"machine de fabrication de blocs de palettes\"\/><figcaption class=\"wp-element-caption\">Machine de fabrication de blocs de palettes<\/figcaption><\/figure>    <figure class=\"wp-block-image size-large\"><img loading=\"lazy\" decoding=\"async\" width=\"720\" height=\"540\" data-id=\"671\" src=\"https:\/\/hnwoodmachinery.com\/wp-content\/uploads\/2022\/10\/sawdust-block-making-machine-.webp\" alt=\"machine de fabrication de blocs de sciure de bois\" class=\"wp-image-671\" title=\"machine de fabrication de blocs de sciure de bois\"\/><figcaption class=\"wp-element-caption\">Machine de fabrication de blocs de sciure de bois<\/figcaption><\/figure> <\/figure>    <h2 class=\"wp-block-heading\">Mati\u00e8res premi\u00e8res utilis\u00e9es dans la machine de fabrication de blocs de sciure de bois<\/h2>    <p class=\"translation-block\">Les mat\u00e9riaux bruts utilis\u00e9s dans la machine de fabrication de blocs de sciure sont g\u00e9n\u00e9ralement de la sciure de bois, des copeaux de bois, des copeaux, etc., semblables aux mat\u00e9riaux bruts utilis\u00e9s dans la <a href=\"https:\/\/hnwoodmachinery.com\/fr\/product\/hydraulic-wood-pallet-machine\/\">machine d\u00c9tamage de palettes en bois<\/a>.<\/p>   <div class=\"wp-block-image\"> <figure class=\"aligncenter size-full\"><img loading=\"lazy\" decoding=\"async\" width=\"720\" height=\"540\" src=\"https:\/\/hnwoodmachinery.com\/wp-content\/uploads\/2022\/10\/raw-material-of-the-sawdust-brick-press-machine-.jpg\" alt=\"mati\u00e8re premi\u00e8re de la presse \u00e0 briques de sciure de bois\" class=\"wp-image-677\" title=\"mati\u00e8re premi\u00e8re de la presse \u00e0 briques de sciure de bois\"\/><figcaption class=\"wp-element-caption\">mati\u00e8re premi\u00e8re de la presse \u00e0 briques de sciure de bois<\/figcaption><\/figure> <\/div>   <h2 class=\"wp-block-heading\">Deux types de blocs de bois<\/h2>    <p>Nous produisons deux types de blocs de bois : pleins et creux. Mais nous recommandons les blocs creux car ils sont respirants, permettant \u00e0 la chaleur de se dissiper et emp\u00eachant l\u2019accumulation d\u2019humidit\u00e9.<\/p>    <figure class=\"wp-block-gallery aligncenter has-nested-images columns-default is-cropped wp-block-gallery-3 is-layout-flex wp-block-gallery-is-layout-flex\"><div class=\"wp-block-image\"> <figure class=\"aligncenter size-large\"><img loading=\"lazy\" decoding=\"async\" width=\"720\" height=\"540\" data-id=\"672\" src=\"https:\/\/hnwoodmachinery.com\/wp-content\/uploads\/2022\/10\/sawdust-wood-blocks-.webp\" alt=\"blocs de bois de sciure de bois \" class=\"wp-image-672\" title=\"blocs de bois de sciure de bois \"\/><figcaption class=\"wp-element-caption\">blocs de bois de sciure de bois<\/figcaption><\/figure> <\/div><\/figure>    <h2 class=\"wp-block-heading\">Les tailles des blocs de bois de sciure<\/h2>    <p class=\"translation-block\"><strong>Taille g\u00e9n\u00e9rale :<\/strong> 80*80mm, 90*90mm, 100*100mm.  <\/p>    <p class=\"translation-block\"><strong>Taille standard europ\u00e9enne :<\/strong> g\u00e9n\u00e9ralement au-dessus de 100mm, par exemple, 145*105mm.<\/p>   <div class=\"wp-block-image\"> <figure class=\"aligncenter size-full\"><img loading=\"lazy\" decoding=\"async\" width=\"720\" height=\"540\" src=\"https:\/\/hnwoodmachinery.com\/wp-content\/uploads\/2022\/10\/different-type-of-wood-block-makers-.webp\" alt=\"diff\u00e9rents types de fabricants de blocs de bois\" class=\"wp-image-673\" title=\"diff\u00e9rents types de fabricants de blocs de bois\"\/><figcaption class=\"wp-element-caption\">diff\u00e9rents types de fabricants de blocs de bois<\/figcaption><\/figure> <\/div>   <h2 class=\"wp-block-heading\">Structure de la machine de presse \u00e0 chaud de bloc de bois de sciure de bois<\/h2>    <p>La machine de fabrication de blocs de palettes contient une armoire de commande \u00e9lectrique, une tr\u00e9mie, un dispositif de pouss\u00e9e hydraulique, un dispositif de chauffage et de formage, une sortie (avec double sortie et triple sortie), une scie (manuelle ou automatique), etc.<\/p>    <figure class=\"wp-block-gallery has-nested-images columns-default is-cropped wp-block-gallery-4 is-layout-flex wp-block-gallery-is-layout-flex\"> <figure class=\"wp-block-image size-large\"><img loading=\"lazy\" decoding=\"async\" width=\"720\" height=\"540\" data-id=\"674\" src=\"https:\/\/hnwoodmachinery.com\/wp-content\/uploads\/2022\/10\/hopper-of-the-sawdust-wood-block-hot-press-machine-.webp\" alt=\"machine de presse \u00e0 chaud de bloc de bois de sciure de bois\" class=\"wp-image-674\" title=\"machine de presse \u00e0 chaud de bloc de bois de sciure de bois\"\/><figcaption class=\"wp-element-caption\">Machine de presse \u00e0 chaud de blocs de bois de sciure de bois<\/figcaption><\/figure>    <figure class=\"wp-block-image size-large\"><img loading=\"lazy\" decoding=\"async\" width=\"720\" height=\"540\" data-id=\"675\" src=\"https:\/\/hnwoodmachinery.com\/wp-content\/uploads\/2022\/10\/heating-device-of-the-pallet-block-maker-.webp\" alt=\"partie chauffante de la machine \u00e0 blocs de palettes \" class=\"wp-image-675\" title=\"partie chauffante de la machine \u00e0 blocs de palettes \"\/><figcaption class=\"wp-element-caption\">Partie chauffante de la machine \u00e0 blocs de palettes <\/figcaption><\/figure>    <figure class=\"wp-block-image size-large\"><img loading=\"lazy\" decoding=\"async\" width=\"720\" height=\"540\" data-id=\"676\" src=\"https:\/\/hnwoodmachinery.com\/wp-content\/uploads\/2022\/10\/control-panel-of-the-sawdust-block-maker-.jpg\" alt=\"panneau de commande du fabricant de blocs de sciure\" class=\"wp-image-676\" title=\"panneau de commande du fabricant de blocs de sciure\"\/><figcaption class=\"wp-element-caption\">Panneau de commande du fabricant de blocs de sciure de bois<\/figcaption><\/figure> <\/figure>    <h2 class=\"wp-block-heading\">Param\u00e8tres de la machine de formage de blocs de sciure de bois<\/h2>    <figure class=\"wp-block-table is-style-stripes\"><table><tbody><tr><td>Taille<\/td><td>90*90mm (personnalisable)<\/td><\/tr><tr><td>Moteur<\/td><td>15-18kw<\/td><\/tr><tr><td>Capacit\u00e9<\/td><td>4 m\u00b3\/24h \uff08diff\u00e9rent selon les mat\u00e9riaux\uff09<\/td><\/tr><tr><td>Densit\u00e9<\/td><td>550-600kg\/m\u00b3<\/td><\/tr><tr><td>Consommation de mati\u00e8re<\/td><td>550-600\u00a0kg\/m\u00b3 (copeaux de bois, sciure de bois)<\/td><\/tr><tr><td>Consommation de colle<\/td><td>80-100kg\/m\u00b3<\/td><\/tr><tr><td>Contr\u00f4le de la temp\u00e9rature<\/td><td>PID<\/td><\/tr><tr><td>Dimension<\/td><td>4800*760*1300mm<\/td><\/tr><tr><td>Poids<\/td><td>1300kg<\/td><\/tr><\/tbody><\/table><figcaption class=\"wp-element-caption\">Param\u00e8tres du fabricant de blocs de sciure de bois<\/figcaption><\/figure>    <h2 class=\"wp-block-heading\">Principe de fonctionnement de la machine \u00e0 blocs de palettes<\/h2>    <ol class=\"wp-block-list\"> <li>Le v\u00e9rin hydraulique g\u00e9n\u00e8re une haute pression, entra\u00eenant le piston pour extruder et fa\u00e7onner les mat\u00e9riaux. <\/li>    <li>La plaque chauffante, r\u00e9gl\u00e9e \u00e0 haute temp\u00e9rature, facilite la solidification et le moulage de la colle ur\u00e9e-formald\u00e9hyde. <\/li>    <li>Le mat\u00e9riau est ensuite coup\u00e9 \u00e0 une longueur sp\u00e9cifique, g\u00e9n\u00e9ralement autour de 1,2 m\u00e8tre. <\/li>    <li>Apr\u00e8s refroidissement, les longues bandes de bois des produits semi-finis sont d\u00e9coup\u00e9es jusqu'\u00e0 leur dimension d\u00e9finitive.<\/li> <\/ol>    <figure class=\"wp-block-embed aligncenter is-type-video is-provider-youtube wp-block-embed-youtube wp-embed-aspect-16-9 wp-has-aspect-ratio\"><div class=\"wp-block-embed__wrapper\"> <iframe loading=\"lazy\" title=\"R\u00e9volutionner le travail du bois\u00a0: Pr\u00e9sentation de la machine ultime de fabrication de blocs de palettes en bois\u00a0! #woodmachine\" width=\"500\" height=\"281\" src=\"https:\/\/www.youtube.com\/embed\/PGEoARZKCAw?feature=oembed\" frameborder=\"0\" allow=\"accelerometer; autoplay; clipboard-write; encrypted-media; gyroscope; picture-in-picture; web-share\" referrerpolicy=\"strict-origin-when-cross-origin\" allowfullscreen><\/iframe> <\/div><figcaption class=\"wp-element-caption\">principe de fonctionnement de la presse \u00e0 blocs de bois<\/figcaption><\/figure>    <h2 class=\"wp-block-heading\">Les machines fonctionnent avec le fabricant de blocs de sciure de bois<\/h2>    <p>La machine de fabrication de blocs de sciure de bois peut \u00eatre combin\u00e9e avec un broyeur, un s\u00e9choir \u00e0 air (avec le four), un m\u00e9langeur encolleur, un coupe-bloc de bois, etc. pour former une ligne de production. Nous pouvons adapter la ligne de production de la machine \u00e0 blocs de bois en fonction de la situation r\u00e9elle du client.<\/p>    <figure class=\"wp-block-gallery has-nested-images columns-default is-cropped wp-block-gallery-5 is-layout-flex wp-block-gallery-is-layout-flex\"> <figure class=\"wp-block-image size-large\"><img loading=\"lazy\" decoding=\"async\" width=\"720\" height=\"540\" data-id=\"1108\" src=\"https:\/\/hnwoodmachinery.com\/wp-content\/uploads\/2022\/10\/glue-mixer.webp\" alt=\"m\u00e9langeur de colle\" class=\"wp-image-1108\" title=\"\" srcset=\"https:\/\/hnwoodmachinery.com\/wp-content\/uploads\/2022\/10\/glue-mixer.webp 720w, https:\/\/hnwoodmachinery.com\/wp-content\/uploads\/2022\/10\/glue-mixer-300x225.webp 300w, https:\/\/hnwoodmachinery.com\/wp-content\/uploads\/2022\/10\/glue-mixer-16x12.webp 16w\" sizes=\"auto, (max-width: 720px) 100vw, 720px\" \/><figcaption class=\"wp-element-caption\">M\u00e9langeur de colle<\/figcaption><\/figure>    <figure class=\"wp-block-image size-large\"><img loading=\"lazy\" decoding=\"async\" width=\"720\" height=\"540\" data-id=\"1107\" src=\"https:\/\/hnwoodmachinery.com\/wp-content\/uploads\/2022\/10\/dicing-machine.webp\" alt=\"machine \u00e0 d\u00e9couper des blocs de bois\" class=\"wp-image-1107\" title=\"\" srcset=\"https:\/\/hnwoodmachinery.com\/wp-content\/uploads\/2022\/10\/dicing-machine.webp 720w, https:\/\/hnwoodmachinery.com\/wp-content\/uploads\/2022\/10\/dicing-machine-300x225.webp 300w, https:\/\/hnwoodmachinery.com\/wp-content\/uploads\/2022\/10\/dicing-machine-16x12.webp 16w\" sizes=\"auto, (max-width: 720px) 100vw, 720px\" \/><figcaption class=\"wp-element-caption\">Machine \u00e0 d\u00e9couper des blocs de bois<\/figcaption><\/figure> <\/figure>    <h2 class=\"wp-block-heading\">Avantages de la machine de fabrication de blocs de sciure de bois<\/h2>    <ul class=\"wp-block-list\"> <li>Il existe diff\u00e9rents types de <a href=\"https:\/\/en.wikipedia.org\/wiki\/Sawdust\" target=\"_blank\" rel=\"noopener\">sciure<\/a> machines de fabrication de blocs, qui peuvent r\u00e9pondre aux besoins de diff\u00e9rents clients.<\/li>    <li>Le bon effet de travail, les briquettes belles, propres et durables produites.<\/li>    <li>La machine de fabrication de blocs de palettes est durable et a une longue dur\u00e9e de vie.<\/li>    <li>Facile \u00e0 utiliser, avec une armoire de commande \u00e9lectrique, et facile \u00e0 utiliser.<\/li>    <li>Facile \u00e0 utiliser, une personne peut faire fonctionner 3 machines.<\/li>    <li>La machine peut recycler efficacement les d\u00e9chets de bois.<\/li> <\/ul>    <figure class=\"wp-block-gallery has-nested-images columns-default is-cropped wp-block-gallery-6 is-layout-flex wp-block-gallery-is-layout-flex\"> <figure class=\"wp-block-image size-large\"><img loading=\"lazy\" decoding=\"async\" width=\"720\" height=\"540\" data-id=\"678\" src=\"https:\/\/hnwoodmachinery.com\/wp-content\/uploads\/2022\/10\/pallet-machine-maker-.webp\" alt=\"fabricant de machines \u00e0 palettes\" class=\"wp-image-678\" title=\"fabricant de machines \u00e0 palettes\"\/><figcaption class=\"wp-element-caption\">Fabricant de machines \u00e0 palettes<\/figcaption><\/figure>    <figure class=\"wp-block-image size-large\"><img loading=\"lazy\" decoding=\"async\" width=\"720\" height=\"540\" data-id=\"679\" src=\"https:\/\/hnwoodmachinery.com\/wp-content\/uploads\/2022\/10\/pallet-block-making-machine-3.webp\" alt=\"machine de fabrication de blocs de palettes\" class=\"wp-image-679\" title=\"machine de fabrication de blocs de palettes\"\/><figcaption class=\"wp-element-caption\">Machine de fabrication de blocs de palettes<\/figcaption><\/figure> <\/figure>    <h2 class=\"wp-block-heading\">Quels sont les avantages des blocs de bois de sciure de bois ?<\/h2>    <ul class=\"wp-block-list\"> <li>\u00c9tant donn\u00e9 que le bloc de bois est form\u00e9 par extrusion \u00e0 haute temp\u00e9rature, il est exempt de fumigation.<\/li>    <li>Faible co\u00fbt de production. Le bloc de tapis en bois est constitu\u00e9 de copeaux de bois et la mati\u00e8re premi\u00e8re est bon march\u00e9 et facile \u00e0 obtenir.<\/li>    <li>Performances de charge \u00e9lev\u00e9es. Il peut prendre en charge la plupart des \u00e9l\u00e9ments et est largement utilis\u00e9.<\/li> <\/ul>    <figure class=\"wp-block-gallery has-nested-images columns-default is-cropped wp-block-gallery-7 is-layout-flex wp-block-gallery-is-layout-flex\"> <figure class=\"wp-block-image size-large\"><img loading=\"lazy\" decoding=\"async\" width=\"720\" height=\"540\" data-id=\"680\" src=\"https:\/\/hnwoodmachinery.com\/wp-content\/uploads\/2022\/10\/wood-blocks-.webp\" alt=\"blocs de bois \" class=\"wp-image-680\" title=\"blocs de bois \"\/><figcaption class=\"wp-element-caption\">Blocs de bois <\/figcaption><\/figure>    <figure class=\"wp-block-image size-large\"><img loading=\"lazy\" decoding=\"async\" width=\"720\" height=\"540\" data-id=\"681\" src=\"https:\/\/hnwoodmachinery.com\/wp-content\/uploads\/2022\/10\/finished-sawdust-wood-blocks-.webp\" alt=\"blocs de bois de sciure finis \" class=\"wp-image-681\" title=\"blocs de bois de sciure finis \"\/><figcaption class=\"wp-element-caption\">Blocs de bois de sciure finis <\/figcaption><\/figure> <\/figure>    <p>Notre usine produit des \u00e9quipements de transformation du bois depuis de nombreuses ann\u00e9es et poss\u00e8de une riche exp\u00e9rience. Si vous \u00eates engag\u00e9 dans cette industrie, vous souhaiterez peut-\u00eatre parcourir ce site Web et n'h\u00e9sitez pas \u00e0 nous contacter. Nous serons votre meilleur choix.<\/p>","protected":false},"excerpt":{"rendered":"<p>La machine de fabrication de blocs de palettes est sp\u00e9cialis\u00e9e dans la production de pieds de tapis pour plateaux tra\u00eenants et de blocs de tapis \u00e0 couche protectrice. <\/p>","protected":false},"author":1,"featured_media":669,"parent":0,"template":"","tags":[35,43],"product-type":[30],"class_list":["post-668","product","type-product","status-publish","has-post-thumbnail","hentry","tag-wood","tag-wood-block","product-type-wood-forming-machine"],"_links":{"self":[{"href":"https:\/\/hnwoodmachinery.com\/fr\/wp-json\/wp\/v2\/product\/668","targetHints":{"allow":["GET"]}}],"collection":[{"href":"https:\/\/hnwoodmachinery.com\/fr\/wp-json\/wp\/v2\/product"}],"about":[{"href":"https:\/\/hnwoodmachinery.com\/fr\/wp-json\/wp\/v2\/types\/product"}],"author":[{"embeddable":true,"href":"https:\/\/hnwoodmachinery.com\/fr\/wp-json\/wp\/v2\/users\/1"}],"wp:featuredmedia":[{"embeddable":true,"href":"https:\/\/hnwoodmachinery.com\/fr\/wp-json\/wp\/v2\/media\/669"}],"wp:attachment":[{"href":"https:\/\/hnwoodmachinery.com\/fr\/wp-json\/wp\/v2\/media?parent=668"}],"wp:term":[{"taxonomy":"post_tag","embeddable":true,"href":"https:\/\/hnwoodmachinery.com\/fr\/wp-json\/wp\/v2\/tags?post=668"},{"taxonomy":"product-type","embeddable":true,"href":"https:\/\/hnwoodmachinery.com\/fr\/wp-json\/wp\/v2\/product-type?post=668"}],"curies":[{"name":"wp","href":"https:\/\/api.w.org\/{rel}","templated":true}]}}