{"id":651,"date":"2022-10-11T18:12:30","date_gmt":"2022-10-11T10:12:30","guid":{"rendered":"https:\/\/hnwoodmachinery.com\/?post_type=product&#038;p=651"},"modified":"2024-09-13T18:29:07","modified_gmt":"2024-09-13T10:29:07","slug":"hydraulic-wood-pallet-machine","status":"publish","type":"product","link":"https:\/\/hnwoodmachinery.com\/fr\/product\/hydraulic-wood-pallet-machine\/","title":{"rendered":"\u00c9quipement hydraulique de presse de palette de Presswood de machine en bois de palette"},"content":{"rendered":"<div class=\"kk-star-ratings kksr-auto kksr-align-left kksr-valign-top\"     data-payload='{&quot;align&quot;:&quot;left&quot;,&quot;id&quot;:&quot;651&quot;,&quot;slug&quot;:&quot;default&quot;,&quot;valign&quot;:&quot;top&quot;,&quot;ignore&quot;:&quot;&quot;,&quot;reference&quot;:&quot;auto&quot;,&quot;class&quot;:&quot;&quot;,&quot;count&quot;:&quot;90&quot;,&quot;legendonly&quot;:&quot;&quot;,&quot;readonly&quot;:&quot;&quot;,&quot;score&quot;:&quot;4.8&quot;,&quot;starsonly&quot;:&quot;&quot;,&quot;best&quot;:&quot;5&quot;,&quot;gap&quot;:&quot;5&quot;,&quot;greet&quot;:&quot;Rate this product&quot;,&quot;legend&quot;:&quot;4.8\\\/5 - (90 votes)&quot;,&quot;size&quot;:&quot;24&quot;,&quot;title&quot;:&quot;Hydraulic Wood Pallet Machine Presswood Pallet Press Equipment&quot;,&quot;width&quot;:&quot;136.7&quot;,&quot;_legend&quot;:&quot;{score}\\\/{best} - ({count} {votes})&quot;,&quot;font_factor&quot;:&quot;1.25&quot;}'>              <div class=\"kksr-stars\">      <div class=\"kksr-stars-inactive\">             <div class=\"kksr-star\" data-star=\"1\" style=\"padding-right: 5px\">               <div class=\"kksr-icon\" style=\"width: 24px; height: 24px;\"><\/div>         <\/div>             <div class=\"kksr-star\" data-star=\"2\" style=\"padding-right: 5px\">               <div class=\"kksr-icon\" style=\"width: 24px; height: 24px;\"><\/div>         <\/div>             <div class=\"kksr-star\" data-star=\"3\" style=\"padding-right: 5px\">               <div class=\"kksr-icon\" style=\"width: 24px; height: 24px;\"><\/div>         <\/div>             <div class=\"kksr-star\" data-star=\"4\" style=\"padding-right: 5px\">               <div class=\"kksr-icon\" style=\"width: 24px; height: 24px;\"><\/div>         <\/div>             <div class=\"kksr-star\" data-star=\"5\" style=\"padding-right: 5px\">               <div class=\"kksr-icon\" style=\"width: 24px; height: 24px;\"><\/div>         <\/div>     <\/div>      <div class=\"kksr-stars-active\" style=\"width: 136.7px;\">             <div class=\"kksr-star\" style=\"padding-right: 5px\">               <div class=\"kksr-icon\" style=\"width: 24px; height: 24px;\"><\/div>         <\/div>             <div class=\"kksr-star\" style=\"padding-right: 5px\">               <div class=\"kksr-icon\" style=\"width: 24px; height: 24px;\"><\/div>         <\/div>             <div class=\"kksr-star\" style=\"padding-right: 5px\">               <div class=\"kksr-icon\" style=\"width: 24px; height: 24px;\"><\/div>         <\/div>             <div class=\"kksr-star\" style=\"padding-right: 5px\">               <div class=\"kksr-icon\" style=\"width: 24px; height: 24px;\"><\/div>         <\/div>             <div class=\"kksr-star\" style=\"padding-right: 5px\">               <div class=\"kksr-icon\" style=\"width: 24px; height: 24px;\"><\/div>         <\/div>     <\/div> <\/div>                   <div class=\"kksr-legend\" style=\"font-size: 19.2px;\">             4.8\/5 - (90 votes)    <\/div>     <\/div>  <p>La machine hydraulique \u00e0 palettes en bois moule efficacement la sciure de bois et diverses mati\u00e8res premi\u00e8res en un seul processus de pressage \u00e0 chaud. Elle produit une palette toutes les 4 \u00e0 5 minutes, soit plus de 200 palettes par jour. <\/p>    <p>Cette presse \u00e0 palettes en bois traite une gamme de mati\u00e8res premi\u00e8res, notamment des copeaux de bois, des coques de noix de coco et des d\u00e9chets de sciure de bois. Les palettes en bois produites par cette machine sont robustes, durables et couramment utilis\u00e9es. Nous proposons une vari\u00e9t\u00e9 de mod\u00e8les pour nos palettes en bois, et elles peuvent \u00e9galement \u00eatre personnalis\u00e9es sous diff\u00e9rentes formes. Cela nous permet de r\u00e9pondre aux divers besoins de nos clients.<\/p>    <figure class=\"wp-block-embed aligncenter is-type-video is-provider-youtube wp-block-embed-youtube wp-embed-aspect-16-9 wp-has-aspect-ratio\"><div class=\"wp-block-embed__wrapper\"> <iframe loading=\"lazy\" title=\"Machine automatis\u00e9e de palettes en bois press\u00e9 en action\u00a0: r\u00e9volutionner la production de palettes\u00a0! #woodmachine\" width=\"500\" height=\"281\" src=\"https:\/\/www.youtube.com\/embed\/n4uJwvmJ9R0?feature=oembed\" frameborder=\"0\" allow=\"accelerometer; autoplay; clipboard-write; encrypted-media; gyroscope; picture-in-picture; web-share\" referrerpolicy=\"strict-origin-when-cross-origin\" allowfullscreen><\/iframe> <\/div><figcaption class=\"wp-element-caption\">vid\u00e9o de travail de la presse \u00e0 palettes en bois<\/figcaption><\/figure>    <p class=\"translation-block\">Nos machines pour palettes en bois sont populaires dans divers pays, dont le Canada, l'\u00c9gypte, la Malaisie, Madagascar, le Mexique et la Slovaquie. De plus, nous produisons des <a href=\"https:\/\/hnwoodmachinery.com\/fr\/product\/wood-hammer-mill\/\">machines \u00e0 fabriquer de la sciure<\/a> qui peuvent \u00eatre utilis\u00e9es conjointement avec la machine \u00e0 palettes en bois hydraulique.<\/p>    <figure class=\"wp-block-gallery has-nested-images columns-default is-cropped wp-block-gallery-2 is-layout-flex wp-block-gallery-is-layout-flex\"> <figure class=\"wp-block-image size-large\"><img loading=\"lazy\" decoding=\"async\" width=\"720\" height=\"540\" data-id=\"654\" src=\"https:\/\/hnwoodmachinery.com\/wp-content\/uploads\/2022\/10\/hydraulic-wood-pallet-machine-1.webp\" alt=\"machine hydraulique \u00e0 palettes en bois\" class=\"wp-image-654\" title=\"machine hydraulique \u00e0 palettes en bois\"\/><figcaption class=\"wp-element-caption\">Machine \u00e0 palettes en bois hydraulique<\/figcaption><\/figure>    <figure class=\"wp-block-image size-large\"><img loading=\"lazy\" decoding=\"async\" width=\"720\" height=\"540\" data-id=\"655\" src=\"https:\/\/hnwoodmachinery.com\/wp-content\/uploads\/2022\/10\/press-wood-pallet-making-machine-.webp\" alt=\"appuyez sur la machine de fabrication de palettes en bois\" class=\"wp-image-655\" title=\"appuyez sur la machine de fabrication de palettes en bois\"\/><figcaption class=\"wp-element-caption\">Appuyez sur la machine de fabrication de palettes en bois<\/figcaption><\/figure> <\/figure>    <h2 class=\"wp-block-heading\">Mat\u00e9riaux trait\u00e9s par la machine de fabrication de palettes en bois sous presse<\/h2>    <p class=\"translation-block\"><strong>Mati\u00e8re premi\u00e8re :<\/strong> les mati\u00e8res premi\u00e8res pouvant \u00eatre trait\u00e9es par la machine \u00e0 palettes en bois sont assez diverses. Typiquement, elles incluent des coques de coco, des fibres de coco, du papier, des mat\u00e9riaux biosourc\u00e9s, des copeaux de bois r\u00e9siduels, de la sciure, des copeaux et diverses sortes de copeaux de bois.<\/p>   <div class=\"wp-block-image\"> <figure class=\"aligncenter size-full\"><img loading=\"lazy\" decoding=\"async\" width=\"720\" height=\"540\" src=\"https:\/\/hnwoodmachinery.com\/wp-content\/uploads\/2022\/10\/raw-material-of-the-wood-pallet-.webp\" alt=\"mati\u00e8re premi\u00e8re de la palette en bois\" class=\"wp-image-656\" title=\"mati\u00e8re premi\u00e8re de la palette en bois\"\/><figcaption class=\"wp-element-caption\">mati\u00e8re premi\u00e8re de la palette en bois<\/figcaption><\/figure> <\/div>   <p class=\"translation-block\"><strong>Application des palettes en bois :<\/strong> les palettes en bois sont capables de transporter des objets lourds et de transporter divers articles, y compris aliments, m\u00e9dicaments, produits agricoles et engrais.<\/p>   <div class=\"wp-block-image\"> <figure class=\"aligncenter size-full\"><img loading=\"lazy\" decoding=\"async\" width=\"720\" height=\"540\" src=\"https:\/\/hnwoodmachinery.com\/wp-content\/uploads\/2022\/10\/Application-of-wood-pallet-.webp\" alt=\"Application de palette en bois\" class=\"wp-image-657\" title=\"Application de palette en bois\"\/><figcaption class=\"wp-element-caption\"><strong>Application de palette en bois<\/strong><\/figcaption><\/figure> <\/div>   <h2 class=\"wp-block-heading\">Structure de la presse \u00e0 palettes<\/h2>    <p>La machine hydraulique pour palettes en bois se compose principalement d'une station de pompage hydraulique, d'un v\u00e9rin hydraulique, de matrices sup\u00e9rieure et inf\u00e9rieure, d'une armoire de commande, d'une machine de temp\u00e9rature de moule et d'autres composants. Diff\u00e9rents mod\u00e8les de machines g\u00e9n\u00e8rent diff\u00e9rentes pressions.<\/p>    <figure class=\"wp-block-gallery has-nested-images columns-default is-cropped wp-block-gallery-3 is-layout-flex wp-block-gallery-is-layout-flex\"> <figure class=\"wp-block-image size-large\"><img loading=\"lazy\" decoding=\"async\" width=\"720\" height=\"540\" data-id=\"658\" src=\"https:\/\/hnwoodmachinery.com\/wp-content\/uploads\/2022\/10\/pallet-press-machine\u2018control-panel-.webp\" alt=\"panneau de commande de la presse \u00e0 palettes\" class=\"wp-image-658\" title=\"panneau de commande de la presse \u00e0 palettes\"\/><figcaption class=\"wp-element-caption\">Panneau de commande de la presse \u00e0 palettes<\/figcaption><\/figure>    <figure class=\"wp-block-image size-large\"><img loading=\"lazy\" decoding=\"async\" width=\"720\" height=\"540\" data-id=\"659\" src=\"https:\/\/hnwoodmachinery.com\/wp-content\/uploads\/2022\/10\/molding-part-.webp\" alt=\"\" class=\"wp-image-659\" title=\"\"><figcaption class=\"wp-element-caption\">Pi\u00e8ce moul\u00e9e <\/figcaption><\/figure>    <figure class=\"wp-block-image size-large\"><img loading=\"lazy\" decoding=\"async\" width=\"720\" height=\"540\" data-id=\"660\" src=\"https:\/\/hnwoodmachinery.com\/wp-content\/uploads\/2022\/10\/upper-part-of-the-wood-pallet-machine-.webp\" alt=\"partie sup\u00e9rieure de la machine \u00e0 palettes en bois\" class=\"wp-image-660\" title=\"partie sup\u00e9rieure de la machine \u00e0 palettes en bois\"\/><figcaption class=\"wp-element-caption\">Partie sup\u00e9rieure de la machine \u00e0 palettes en bois<\/figcaption><\/figure> <\/figure>    <h2 class=\"wp-block-heading\">Flux de travail de la presse \u00e0 granul\u00e9s de sciure de bois<\/h2>   <div id=\"rank-math-howto\" class=\"rank-math-block\" > <div class=\"rank-math-howto-description\">  <\/div>  <div class=\"rank-math-steps\"> <div id=\"howto-step-1717482181808\" class=\"rank-math-step\"> <div class=\"rank-math-step-content\"><p>Les ouvriers commencent par placer la mati\u00e8re premi\u00e8re \u00e0 plat dans le moule de la machine hydraulique \u00e0 palettes en bois.<\/p> <\/div> <\/div> <div id=\"howto-step-1717482237057\" class=\"rank-math-step\"> <div class=\"rank-math-step-content\"><p>Allumez la machine et configurez-la plusieurs fois. Apr\u00e8s cela, la machine commence \u00e0 presser \u00e0 chaud la mati\u00e8re premi\u00e8re.<\/p> <\/div> <\/div> <div id=\"howto-step-1717482241247\" class=\"rank-math-step\"> <div class=\"rank-math-step-content\"><p>Apr\u00e8s environ 4 \u00e0 5 minutes, le processus de fabrication de la palette en bois est termin\u00e9.<\/p> <\/div> <\/div> <\/div> <\/div>       <figure class=\"wp-block-embed aligncenter is-type-video is-provider-youtube wp-block-embed-youtube wp-embed-aspect-16-9 wp-has-aspect-ratio\"><div class=\"wp-block-embed__wrapper\"> <iframe loading=\"lazy\" title=\"Efficacit\u00e9 \u00e9lev\u00e9e\u00a0: soyez t\u00e9moin de notre machine de moulage de palettes en bois press\u00e9 en action\u00a0! #Transformation du bois\" width=\"500\" height=\"281\" src=\"https:\/\/www.youtube.com\/embed\/BRzDbvVdf7U?feature=oembed\" frameborder=\"0\" allow=\"accelerometer; autoplay; clipboard-write; encrypted-media; gyroscope; picture-in-picture; web-share\" referrerpolicy=\"strict-origin-when-cross-origin\" allowfullscreen><\/iframe> <\/div><figcaption class=\"wp-element-caption\">vid\u00e9o de traitement de la machine hydraulique pour palettes en bois<\/figcaption><\/figure>    <h2 class=\"wp-block-heading\">Param\u00e8tres techniques de la machine de fabrication de palettes \u00e0 chaud<\/h2>    <figure class=\"wp-block-table is-style-stripes\"><table><tbody><tr><td>Mod\u00e8le<\/td><td>SL-800-102 avec deux moules<\/td><\/tr><tr><td>Taille des moules<\/td><td>1200*800mm (personnalisable)<\/td><\/tr><tr><td>Tension<\/td><td>11kw (le plus r\u00e9cent)<\/td><\/tr><tr><td>Capacit\u00e9<\/td><td>220 pi\u00e8ces\/jour<\/td><\/tr><tr><td>Pression de travail<\/td><td>25MPa<\/td><\/tr><tr><td>Cylindre d'huile<\/td><td>\u03a6360*4 pi\u00e8ces<\/td><\/tr><tr><td>Accident vasculaire c\u00e9r\u00e9bral<\/td><td>400 mm<\/td><\/tr><tr><td>Dimension<\/td><td>3,3mX3mX3,2m<\/td><\/tr><tr><td>Poids<\/td><td>25 tonnes<\/td><\/tr><\/tbody><\/table><figcaption class=\"wp-element-caption\">Param\u00e8tres de la machine de fabrication de palettes \u00e0 presse \u00e0 chaud<\/figcaption><\/figure>    <h2 class=\"wp-block-heading\">Pourquoi choisir notre machine \u00e0 palettes en bois ?<\/h2>    <ul class=\"wp-block-list\"> <li>La machine hydraulique \u00e0 palettes en bois est polyvalente et peut utiliser une vari\u00e9t\u00e9 de mati\u00e8res premi\u00e8res, notamment diff\u00e9rents types de sciure de bois et de mat\u00e9riaux \u00e0 fibres longues. Cette flexibilit\u00e9 permet aux utilisateurs de minimiser leur apport en mati\u00e8res premi\u00e8res.<\/li>    <li>Il existe plusieurs mod\u00e8les de cette machine disponibles, permettant la production de palettes de bois de diff\u00e9rentes tailles.<\/li>    <li>La machine \u00e0 palettes en bois press\u00e9e fonctionne \u00e0 haute pression, ce qui donne des palettes en bois solides et durables.<\/li>    <li>Dot\u00e9 d'une structure \u00e0 quatre montants, l'\u00e9quipement est stable, facile \u00e0 entretenir et con\u00e7u pour une longue dur\u00e9e de vie.<\/li>    <li>Le syst\u00e8me de contr\u00f4le PLC est convivial, vous permettant de r\u00e9gler l'heure et la temp\u00e9rature en fonction de vos besoins.<\/li> <\/ul>    <figure class=\"wp-block-gallery has-nested-images columns-default is-cropped wp-block-gallery-4 is-layout-flex wp-block-gallery-is-layout-flex\"> <figure class=\"wp-block-image size-large\"><img loading=\"lazy\" decoding=\"async\" width=\"720\" height=\"540\" data-id=\"666\" src=\"https:\/\/hnwoodmachinery.com\/wp-content\/uploads\/2022\/10\/wood-pallet-machine-.webp\" alt=\"machine \u00e0 palettes en bois\" class=\"wp-image-666\" title=\"machine \u00e0 palettes en bois\"\/><figcaption class=\"wp-element-caption\">Machine \u00e0 palettes en bois<\/figcaption><\/figure>    <figure class=\"wp-block-image size-large\"><img loading=\"lazy\" decoding=\"async\" width=\"720\" height=\"540\" data-id=\"667\" src=\"https:\/\/hnwoodmachinery.com\/wp-content\/uploads\/2022\/10\/wood-pallets-2.webp\" alt=\"Palette en bois \" class=\"wp-image-667\" title=\"Palette en bois \"\/><figcaption class=\"wp-element-caption\">Palette en bois <\/figcaption><\/figure> <\/figure>    <h2 class=\"wp-block-heading\">Quels sont les avantages des palettes en bois ?<\/h2>    <ul class=\"wp-block-list\"> <li>Les palettes en bois ne n\u00e9cessitent pas de fumigation, ce qui permet une importation et une exportation faciles.<\/li>    <li>Ils respectent les normes de protection de l'environnement et ont de faibles co\u00fbts de production.<\/li>    <li>Les palettes en bois conservent une forme stable, r\u00e9sistent \u00e0 la d\u00e9formation et ont une longue dur\u00e9e de vie.<\/li>    <li>Ils se caract\u00e9risent par une haute pr\u00e9cision et une conception l\u00e9g\u00e8re.<\/li> <\/ul>    <figure class=\"wp-block-gallery has-nested-images columns-default is-cropped wp-block-gallery-5 is-layout-flex wp-block-gallery-is-layout-flex\"> <figure class=\"wp-block-image size-large\"><img loading=\"lazy\" decoding=\"async\" width=\"720\" height=\"540\" data-id=\"661\" src=\"https:\/\/hnwoodmachinery.com\/wp-content\/uploads\/2022\/10\/finished-wood-pallet-.webp\" alt=\"palette en bois finie\" class=\"wp-image-661\" title=\"palette en bois finie\"\/><figcaption class=\"wp-element-caption\">Palette en bois fini<\/figcaption><\/figure>    <figure class=\"wp-block-image size-large\"><img loading=\"lazy\" decoding=\"async\" width=\"720\" height=\"540\" data-id=\"662\" src=\"https:\/\/hnwoodmachinery.com\/wp-content\/uploads\/2022\/10\/wood-pallets-.webp\" alt=\"palettes en bois\" class=\"wp-image-662\" title=\"palettes en bois\"\/><figcaption class=\"wp-element-caption\">Palettes en bois<\/figcaption><\/figure> <\/figure>    <figure class=\"wp-block-gallery has-nested-images columns-default is-cropped wp-block-gallery-6 is-layout-flex wp-block-gallery-is-layout-flex\"> <figure class=\"wp-block-image size-large\"><img loading=\"lazy\" decoding=\"async\" width=\"720\" height=\"540\" data-id=\"1103\" src=\"https:\/\/hnwoodmachinery.com\/wp-content\/uploads\/2022\/10\/wooden-pallets.webp\" alt=\"palettes en bois\" class=\"wp-image-1103\" title=\"\" srcset=\"https:\/\/hnwoodmachinery.com\/wp-content\/uploads\/2022\/10\/wooden-pallets.webp 720w, https:\/\/hnwoodmachinery.com\/wp-content\/uploads\/2022\/10\/wooden-pallets-300x225.webp 300w, https:\/\/hnwoodmachinery.com\/wp-content\/uploads\/2022\/10\/wooden-pallets-16x12.webp 16w\" sizes=\"auto, (max-width: 720px) 100vw, 720px\" \/><figcaption class=\"wp-element-caption\">Palettes en bois<\/figcaption><\/figure>    <figure class=\"wp-block-image size-large\"><img loading=\"lazy\" decoding=\"async\" width=\"720\" height=\"540\" data-id=\"1102\" src=\"https:\/\/hnwoodmachinery.com\/wp-content\/uploads\/2022\/10\/presswood-pallet-production.webp\" alt=\"production de palettes en bois press\u00e9\" class=\"wp-image-1102\" title=\"\" srcset=\"https:\/\/hnwoodmachinery.com\/wp-content\/uploads\/2022\/10\/presswood-pallet-production.webp 720w, https:\/\/hnwoodmachinery.com\/wp-content\/uploads\/2022\/10\/presswood-pallet-production-300x225.webp 300w, https:\/\/hnwoodmachinery.com\/wp-content\/uploads\/2022\/10\/presswood-pallet-production-16x12.webp 16w\" sizes=\"auto, (max-width: 720px) 100vw, 720px\" \/><figcaption class=\"wp-element-caption\">Production de palettes en bois press\u00e9<\/figcaption><\/figure> <\/figure>    <h2 class=\"wp-block-heading\">FAQ<\/h2>   <div id=\"rank-math-faq\" class=\"rank-math-block\"> <div class=\"rank-math-list\"> <div id=\"faq-question-1717482314554\" class=\"rank-math-list-item\"> <h3 class=\"rank-math-question\">La taille des palettes en bois peut-elle \u00eatre personnalis\u00e9e ?<\/h3> <div class=\"rank-math-answer\">  <p>Oui c'est possible.<\/p>  <\/div> <\/div> <div id=\"faq-question-1717482319564\" class=\"rank-math-list-item\"> <h3 class=\"rank-math-question\">Le moule des palettes en bois peut-il \u00eatre remplac\u00e9 ? Peut-il \u00eatre personnalis\u00e9 ?<\/h3> <div class=\"rank-math-answer\">  <p>Les moules peuvent \u00eatre chang\u00e9s. Nous pouvons personnaliser le moule des palettes en bois selon les exigences du client.<\/p>  <\/div> <\/div> <div id=\"faq-question-1717482326171\" class=\"rank-math-list-item\"> <h3 class=\"rank-math-question\">Quel est le poids des palettes en bois pouvant \u00eatre transport\u00e9es ?<\/h3> <div class=\"rank-math-answer\">  <p>Charge statique : 3, 5, 10 tonnes. Charge dynamique : 3-5 tonnes.<\/p>  <\/div> <\/div> <div id=\"faq-question-1717482333756\" class=\"rank-math-list-item\"> <h3 class=\"rank-math-question\">Quel est le besoin en humidit\u00e9 de la mati\u00e8re premi\u00e8re\u00a0?<\/h3> <div class=\"rank-math-answer\">  <p>Moins il y a d\u2019humidit\u00e9, mieux c\u2019est. G\u00e9n\u00e9ralement, il s\u2019agit de 10%.<\/p>  <\/div> <\/div> <div id=\"faq-question-1717482341738\" class=\"rank-math-list-item\"> <h3 class=\"rank-math-question\">Combien de temps faut-il pour fabriquer une palette en bois ?<\/h3> <div class=\"rank-math-answer\">  <p>4-5 minutes.<\/p>  <\/div> <\/div> <\/div> <\/div>   <figure class=\"wp-block-gallery has-nested-images columns-default is-cropped wp-block-gallery-7 is-layout-flex wp-block-gallery-is-layout-flex\"> <figure class=\"wp-block-image size-large\"><img loading=\"lazy\" decoding=\"async\" width=\"720\" height=\"540\" data-id=\"664\" src=\"https:\/\/hnwoodmachinery.com\/wp-content\/uploads\/2022\/10\/sawdust-pellet-press-machines-mold-1-1.jpg\" alt=\"moule de la machine de presse \u00e0 granul\u00e9s de sciure de bois\" class=\"wp-image-664\" title=\"moule de la machine de presse \u00e0 granul\u00e9s de sciure de bois\"\/><figcaption class=\"wp-element-caption\">Moule de la machine de presse \u00e0 granul\u00e9s de sciure de bois<\/figcaption><\/figure>    <figure class=\"wp-block-image size-large\"><img loading=\"lazy\" decoding=\"async\" width=\"720\" height=\"540\" data-id=\"665\" src=\"https:\/\/hnwoodmachinery.com\/wp-content\/uploads\/2022\/10\/hot-press-pallet-making-machine-.jpg\" alt=\"Palette de presse \u00e0 chaud faisant le moule de la machine \" class=\"wp-image-665\" title=\"Palette de presse \u00e0 chaud faisant le moule de la machine \"\/><figcaption class=\"wp-element-caption\">Palette de presse \u00e0 chaud faisant le moule de la machine <\/figcaption><\/figure> <\/figure>    <h2 class=\"wp-block-heading\">Machine \u00e0 palettes en bois vendue au Canada<\/h2>    <p class=\"translation-block\">Un client du <a href=\"https:\/\/en.wikipedia.org\/wiki\/Canada\" target=\"_blank\" rel=\"noopener\">Canada<\/a> a pass\u00e9 commande d\u2019une machine \u00e0 palettes en bois hydraulique TP-800-102 chez nous la semaine derni\u00e8re. Au cours de nos discussions, nous avons d\u00e9couvert que le client exploite une usine de palettes en bois et cherche \u00e0 acqu\u00e9rir une nouvelle machine. <\/p>    <p>Auparavant, le client utilisait une ancienne machine \u00e0 palettes en bois \u00e0 cadre. Nous avons sugg\u00e9r\u00e9 le nouveau mod\u00e8le, en soulignant son encombrement r\u00e9duit, son efficacit\u00e9 accrue et la durabilit\u00e9 du produit fini. Apr\u00e8s avoir fourni une introduction approfondie \u00e0 la machine, le client a choisi de proc\u00e9der \u00e0 l'achat de la machine \u00e0 palettes en bois.<\/p>","protected":false},"excerpt":{"rendered":"<p>La machine hydraulique \u00e0 palettes en bois moule efficacement la sciure de bois et diverses mati\u00e8res premi\u00e8res en un seul processus de pressage \u00e0 chaud. Elle produit une palette toutes les 4 \u00e0 5 minutes, soit plus de 200 palettes par jour. <\/p>","protected":false},"author":1,"featured_media":653,"parent":0,"template":"","tags":[35,39],"product-type":[30],"class_list":["post-651","product","type-product","status-publish","has-post-thumbnail","hentry","tag-wood","tag-wood-pallet","product-type-wood-forming-machine"],"_links":{"self":[{"href":"https:\/\/hnwoodmachinery.com\/fr\/wp-json\/wp\/v2\/product\/651","targetHints":{"allow":["GET"]}}],"collection":[{"href":"https:\/\/hnwoodmachinery.com\/fr\/wp-json\/wp\/v2\/product"}],"about":[{"href":"https:\/\/hnwoodmachinery.com\/fr\/wp-json\/wp\/v2\/types\/product"}],"author":[{"embeddable":true,"href":"https:\/\/hnwoodmachinery.com\/fr\/wp-json\/wp\/v2\/users\/1"}],"wp:featuredmedia":[{"embeddable":true,"href":"https:\/\/hnwoodmachinery.com\/fr\/wp-json\/wp\/v2\/media\/653"}],"wp:attachment":[{"href":"https:\/\/hnwoodmachinery.com\/fr\/wp-json\/wp\/v2\/media?parent=651"}],"wp:term":[{"taxonomy":"post_tag","embeddable":true,"href":"https:\/\/hnwoodmachinery.com\/fr\/wp-json\/wp\/v2\/tags?post=651"},{"taxonomy":"product-type","embeddable":true,"href":"https:\/\/hnwoodmachinery.com\/fr\/wp-json\/wp\/v2\/product-type?post=651"}],"curies":[{"name":"wp","href":"https:\/\/api.w.org\/{rel}","templated":true}]}}