{"id":30,"date":"2022-07-18T03:48:36","date_gmt":"2022-07-18T03:48:36","guid":{"rendered":"https:\/\/hnwoodmachinery.com\/?post_type=product&#038;p=30"},"modified":"2024-09-11T17:57:28","modified_gmt":"2024-09-11T09:57:28","slug":"shavings-for-animal-bedding","status":"publish","type":"product","link":"https:\/\/hnwoodmachinery.com\/fr\/product\/shavings-for-animal-bedding\/","title":{"rendered":"Copeaux pour liti\u00e8re d'animaux, machine \u00e0 raser le bois, bon prix"},"content":{"rendered":"<div class=\"kk-star-ratings kksr-auto kksr-align-left kksr-valign-top\"     data-payload='{&quot;align&quot;:&quot;left&quot;,&quot;id&quot;:&quot;30&quot;,&quot;slug&quot;:&quot;default&quot;,&quot;valign&quot;:&quot;top&quot;,&quot;ignore&quot;:&quot;&quot;,&quot;reference&quot;:&quot;auto&quot;,&quot;class&quot;:&quot;&quot;,&quot;count&quot;:&quot;92&quot;,&quot;legendonly&quot;:&quot;&quot;,&quot;readonly&quot;:&quot;&quot;,&quot;score&quot;:&quot;4.8&quot;,&quot;starsonly&quot;:&quot;&quot;,&quot;best&quot;:&quot;5&quot;,&quot;gap&quot;:&quot;5&quot;,&quot;greet&quot;:&quot;Rate this product&quot;,&quot;legend&quot;:&quot;4.8\\\/5 - (92 votes)&quot;,&quot;size&quot;:&quot;24&quot;,&quot;title&quot;:&quot;Shavings For Animal Bedding Good Price Wood Shaving Machine&quot;,&quot;width&quot;:&quot;136.7&quot;,&quot;_legend&quot;:&quot;{score}\\\/{best} - ({count} {votes})&quot;,&quot;font_factor&quot;:&quot;1.25&quot;}'>              <div class=\"kksr-stars\">      <div class=\"kksr-stars-inactive\">             <div class=\"kksr-star\" data-star=\"1\" style=\"padding-right: 5px\">               <div class=\"kksr-icon\" style=\"width: 24px; height: 24px;\"><\/div>         <\/div>             <div class=\"kksr-star\" data-star=\"2\" style=\"padding-right: 5px\">               <div class=\"kksr-icon\" style=\"width: 24px; height: 24px;\"><\/div>         <\/div>             <div class=\"kksr-star\" data-star=\"3\" style=\"padding-right: 5px\">               <div class=\"kksr-icon\" style=\"width: 24px; height: 24px;\"><\/div>         <\/div>             <div class=\"kksr-star\" data-star=\"4\" style=\"padding-right: 5px\">               <div class=\"kksr-icon\" style=\"width: 24px; height: 24px;\"><\/div>         <\/div>             <div class=\"kksr-star\" data-star=\"5\" style=\"padding-right: 5px\">               <div class=\"kksr-icon\" style=\"width: 24px; height: 24px;\"><\/div>         <\/div>     <\/div>      <div class=\"kksr-stars-active\" style=\"width: 136.7px;\">             <div class=\"kksr-star\" style=\"padding-right: 5px\">               <div class=\"kksr-icon\" style=\"width: 24px; height: 24px;\"><\/div>         <\/div>             <div class=\"kksr-star\" style=\"padding-right: 5px\">               <div class=\"kksr-icon\" style=\"width: 24px; height: 24px;\"><\/div>         <\/div>             <div class=\"kksr-star\" style=\"padding-right: 5px\">               <div class=\"kksr-icon\" style=\"width: 24px; height: 24px;\"><\/div>         <\/div>             <div class=\"kksr-star\" style=\"padding-right: 5px\">               <div class=\"kksr-icon\" style=\"width: 24px; height: 24px;\"><\/div>         <\/div>             <div class=\"kksr-star\" style=\"padding-right: 5px\">               <div class=\"kksr-icon\" style=\"width: 24px; height: 24px;\"><\/div>         <\/div>     <\/div> <\/div>                   <div class=\"kksr-legend\" style=\"font-size: 19.2px;\">             4,8\/5 - (92 votes)    <\/div>     <\/div>  <p>La machine \u00e0 raser le bois est sp\u00e9cialement con\u00e7ue pour raser des b\u00fbches rondes de diff\u00e9rents diam\u00e8tres en copeaux de bois de bonne qualit\u00e9 pour la liti\u00e8re des animaux. Il fonctionne en faisant tourner sa lame pour produire des copeaux ultra-fins avec une pr\u00e9cision allant jusqu'\u00e0 0,5 mm. <\/p>    <p>Il peut traiter jusqu'\u00e0 3\u00a0000 kg de grumes par heure, ce qui contribue \u00e0 r\u00e9duire la consommation d'\u00e9nergie dans le processus de production du 20%. Qu'il soit utilis\u00e9 dans la fabrication de meubles, la production de panneaux ou le pr\u00e9traitement de mat\u00e9riaux de construction, il contribue \u00e0 am\u00e9liorer l'efficacit\u00e9 de la production.<\/p>    <p>Les copeaux finis ont des tailles r\u00e9glables et peuvent \u00eatre utilis\u00e9s comme liti\u00e8re pour l'\u00e9levage et la reproduction du b\u00e9tail comme les chevaux, les porcs, les bovins, les moutons, les poulets, les animaux de compagnie, etc. Il est tr\u00e8s b\u00e9n\u00e9fique pour l'industrie de l'\u00e9levage de chevaux, de l'\u00e9levage ou de l'\u00e9levage d'animaux. .<\/p>    <figure class=\"wp-block-embed aligncenter is-type-video is-provider-youtube wp-block-embed-youtube wp-embed-aspect-16-9 wp-has-aspect-ratio\"><div class=\"wp-block-embed__wrapper\"> <iframe loading=\"lazy\" title=\"Transformer les d\u00e9chets en tr\u00e9sor\u00a0: le fonctionnement \u00e9tonnant d&#039;une machine \u00e0 copeaux de bois tr\u00e8s efficace\u00a0!\" width=\"500\" height=\"281\" src=\"https:\/\/www.youtube.com\/embed\/AT86gcX0xlU?feature=oembed\" frameborder=\"0\" allow=\"accelerometer; autoplay; clipboard-write; encrypted-media; gyroscope; picture-in-picture; web-share\" referrerpolicy=\"strict-origin-when-cross-origin\" allowfullscreen><\/iframe> <\/div><figcaption class=\"wp-element-caption\">vid\u00e9o de travail de copeaux de bois pour la liti\u00e8re des animaux<\/figcaption><\/figure>    <h2 class=\"wp-block-heading\" id=\"h-brief-introduction-shavings-for-animal-bedding\">Copeaux de machine personnalisables pour liti\u00e8re animale<\/h2>    <p>La machine \u00e0 raser le bois de Shuliy a diff\u00e9rents mod\u00e8les. Nous pouvons r\u00e9pondre aux besoins d'un plus grand nombre de clients. Nous pouvons \u00e9galement personnaliser la machine selon les besoins sp\u00e9cifiques de nos clients. <\/p>    <p>Par exemple, nous pouvons sur\u00e9lever le ch\u00e2ssis des copeaux pour la liti\u00e8re des animaux et ajouter deux grandes roues pour faciliter le d\u00e9placement de la machine aux clients, etc. La profondeur du couteau peut \u00eatre ajust\u00e9e selon les besoins pour obtenir des copeaux de diff\u00e9rentes \u00e9paisseurs. <\/p>    <p>Concernant la puissance, la machine peut \u00eatre \u00e9quip\u00e9e d\u2019un moteur diesel et d\u2019un moteur \u00e9lectrique. Les pays vers lesquels nous exportons souvent sont l\u2019Afrique du Sud et ses environs.<\/p>    <figure class=\"wp-block-gallery has-nested-images columns-2 is-cropped wp-block-gallery-2 is-layout-flex wp-block-gallery-is-layout-flex\"> <figure class=\"wp-block-image size-large\"><img loading=\"lazy\" decoding=\"async\" width=\"720\" height=\"540\" data-id=\"441\" src=\"https:\/\/hnwoodmachinery.com\/wp-content\/uploads\/2022\/09\/wood-shaving-machine-0.webp\" alt=\"copeaux pour liti\u00e8re pour animaux\" class=\"wp-image-441\" title=\"copeaux pour liti\u00e8re pour animaux\"\/><figcaption class=\"wp-element-caption\">Copeaux pour liti\u00e8re pour animaux<\/figcaption><\/figure>    <figure class=\"wp-block-image size-large\"><img loading=\"lazy\" decoding=\"async\" width=\"720\" height=\"540\" data-id=\"442\" src=\"https:\/\/hnwoodmachinery.com\/wp-content\/uploads\/2022\/09\/wood-shaving-machine-for-animal-bedding-0.webp\" alt=\"machine \u00e0 raser le bois pour la liti\u00e8re des animaux\" class=\"wp-image-442\" title=\"machine \u00e0 raser le bois pour la liti\u00e8re des animaux\"\/><figcaption class=\"wp-element-caption\">Machine \u00e0 raser le bois pour la liti\u00e8re des animaux<\/figcaption><\/figure>    <figure class=\"wp-block-image size-large\"><img loading=\"lazy\" decoding=\"async\" width=\"720\" height=\"540\" data-id=\"1162\" src=\"https:\/\/hnwoodmachinery.com\/wp-content\/uploads\/2022\/07\/portable-wood-shaving-machine-.webp\" alt=\"machine \u00e0 raser le bois portable\" class=\"wp-image-1162\" title=\"\" srcset=\"https:\/\/hnwoodmachinery.com\/wp-content\/uploads\/2022\/07\/portable-wood-shaving-machine-.webp 720w, https:\/\/hnwoodmachinery.com\/wp-content\/uploads\/2022\/07\/portable-wood-shaving-machine--300x225.webp 300w, https:\/\/hnwoodmachinery.com\/wp-content\/uploads\/2022\/07\/portable-wood-shaving-machine--16x12.webp 16w\" sizes=\"auto, (max-width: 720px) 100vw, 720px\" \/><figcaption class=\"wp-element-caption\">Machine \u00e0 raser le bois portative<\/figcaption><\/figure>    <figure class=\"wp-block-image size-large\"><img loading=\"lazy\" decoding=\"async\" width=\"720\" height=\"540\" data-id=\"1161\" src=\"https:\/\/hnwoodmachinery.com\/wp-content\/uploads\/2022\/07\/diesel-wood-shaver-machine.webp\" alt=\"machine \u00e0 raser le bois diesel\" class=\"wp-image-1161\" title=\"\" srcset=\"https:\/\/hnwoodmachinery.com\/wp-content\/uploads\/2022\/07\/diesel-wood-shaver-machine.webp 720w, https:\/\/hnwoodmachinery.com\/wp-content\/uploads\/2022\/07\/diesel-wood-shaver-machine-300x225.webp 300w, https:\/\/hnwoodmachinery.com\/wp-content\/uploads\/2022\/07\/diesel-wood-shaver-machine-16x12.webp 16w\" sizes=\"auto, (max-width: 720px) 100vw, 720px\" \/><figcaption class=\"wp-element-caption\">Machine \u00e0 raser le bois diesel<\/figcaption><\/figure> <\/figure>    <p class=\"translation-block\">Avant de faire des copeaux, vous pouvez pr\u00e9traiter les b\u00fbches avec notre <a href=\"https:\/\/hnwoodmachinery.com\/fr\/product\/log-debarker-machine\/\">d\u00e9bardeuse \u00e0 b\u00fbches<\/a>.<\/p>    <h2 class=\"wp-block-heading\" id=\"h-application-scope-of-wood-shaving-machine\">Champ d'application de la machine \u00e0 raser le bois<\/h2>    <p class=\"translation-block\"><strong>Mat\u00e9riau brut :<\/strong> b\u00fbches (de pr\u00e9f\u00e9rence apr\u00e8s \u00e9cor\u00e7age), branches, etc.<\/p>    <p class=\"translation-block\"><strong>Application des produits finis<\/strong><\/p>    <ul class=\"wp-block-list\"> <li>Il peut \u00eatre transform\u00e9 en panneaux de particules (contreplaqu\u00e9), utilis\u00e9 comme mati\u00e8re premi\u00e8re pour la p\u00e2te de bois dans les usines de papier et utilis\u00e9 comme remplissage pour le transport de marchandises fragiles dans les entreprises de transport. <\/li>    <li>Il est \u00e9galement utilis\u00e9 comme remplissage pour les petits porcs, bovins, moutons et divers animaux dans leurs nids, ainsi que comme bio\u00e9nergie.<\/li>    <li>Cette machine est utilis\u00e9e par les petites et moyennes entreprises, ainsi que par les m\u00e9nages individuels de transformation du bois tels que les usines de panneaux de particules, les usines de fabrication de panneaux, les usines de papier, les carburants bio\u00e9nerg\u00e9tiques, la literie pour animaux de compagnie, l'\u00e9levage de volailles pour les nids de literie et la logistique fragile. literie. <\/li>    <li>Il est \u00e9galement utilis\u00e9 dans la plantation de champignons et dans les bases de culture.<\/li> <\/ul>   <div class=\"wp-block-image\"> <figure class=\"aligncenter size-full\"><img loading=\"lazy\" decoding=\"async\" width=\"720\" height=\"540\" src=\"https:\/\/hnwoodmachinery.com\/wp-content\/uploads\/2022\/09\/applications-of-wood-shaving-machine-0.webp\" alt=\"applications de la machine \u00e0 raser le bois\" class=\"wp-image-444\" title=\"applications de la machine \u00e0 raser le bois\"\/><figcaption class=\"wp-element-caption\">applications de la machine \u00e0 raser le bois<\/figcaption><\/figure> <\/div>  <div class=\"wp-block-image\"> <figure class=\"aligncenter size-full\"><img loading=\"lazy\" decoding=\"async\" width=\"720\" height=\"540\" src=\"http:\/\/hnwoodmachinery.com\/wp-content\/uploads\/2022\/07\/wood-shavings-machine-application.webp\" alt=\"application de machine \u00e0 copeaux de bois\" class=\"wp-image-1067\" title=\"\" srcset=\"https:\/\/hnwoodmachinery.com\/wp-content\/uploads\/2022\/07\/wood-shavings-machine-application.webp 720w, https:\/\/hnwoodmachinery.com\/wp-content\/uploads\/2022\/07\/wood-shavings-machine-application-300x225.webp 300w, https:\/\/hnwoodmachinery.com\/wp-content\/uploads\/2022\/07\/wood-shavings-machine-application-16x12.webp 16w\" sizes=\"auto, (max-width: 720px) 100vw, 720px\" \/><figcaption class=\"wp-element-caption\">copeaux de bois pour liti\u00e8re pour animaux<\/figcaption><\/figure> <\/div>   <h2 class=\"wp-block-heading\" id=\"h-technical-information-on-the-industrial-wood-shaving-machine\">Informations techniques sur la machine \u00e0 raser le bois industrielle<\/h2>    <figure class=\"wp-block-table is-style-stripes\"><table><tbody><tr><td><strong>MOD\u00c8LE<\/strong><strong><\/strong><\/td><td><strong>CAPACIT\u00c9<\/strong><strong><\/strong><\/td><td><strong>TAILLE D'ENTR\u00c9E<\/strong><strong><\/strong><\/td><td><strong>POUVOIR<\/strong><strong><\/strong><\/td><\/tr><tr><td>SL-420<\/td><td>300 KG\/H<\/td><td>6 cm<\/td><td>7,5 kW<\/td><\/tr><tr><td>SL-600<\/td><td>500 KG\/H<\/td><td>12 cm<\/td><td>15kw<\/td><\/tr><tr><td>SL-800<\/td><td>1000 KG\/H<\/td><td>16 cm<\/td><td>30kw<\/td><\/tr><tr><td>SL-1000<\/td><td>1500 KG\/H<\/td><td>20 cm<\/td><td>55kw<\/td><\/tr><tr><td>SL-1200<\/td><td>2000 KG\/H<\/td><td>24 cm<\/td><td>55kw<\/td><\/tr><tr><td>SL-1500<\/td><td>2500 KG\/H<\/td><td>32 cm<\/td><td>75kw<\/td><\/tr><\/tbody><\/table><figcaption class=\"wp-element-caption\">param\u00e8tres des copeaux de bois pour la liti\u00e8re des animaux<\/figcaption><\/figure>    <h2 class=\"wp-block-heading\" id=\"h-structure-of-pine-wood-shaving-machine\">Structure de la machine de fabrication de copeaux de bois de pin<\/h2>    <p>La machine \u00e0 raser le bois de pin comprend principalement le cadre, l'orifice d'alimentation, la plaque \u00e0 couteaux, la lame, l'\u00e9cran, l'orifice de d\u00e9charge, etc. G\u00e9n\u00e9ralement, la petite taille de la machine \u00e0 raser est \u00e9galement livr\u00e9e avec Shakelong, qui peut concentrer la poussi\u00e8re produite par la machine lors du travail. . Nous pouvons \u00e9galement sur\u00e9lever le ch\u00e2ssis et installer les roues selon les exigences du client.<\/p>    <h2 class=\"wp-block-heading\" id=\"h-how-does-the-animal-bedding-machine-work\">Comment fonctionne la machine \u00e0 raser les b\u00fbches de bois\u00a0?<\/h2>   <div id=\"rank-math-howto\" class=\"rank-math-block\" > <div class=\"rank-math-howto-description\">  <\/div>  <div class=\"rank-math-steps\"> <div id=\"howto-step-1717403657746\" class=\"rank-math-step\"> <div class=\"rank-math-step-content\"><p>Une fois que la mati\u00e8re premi\u00e8re entre dans le port d'alimentation, elle sera \u00e9cras\u00e9e par l'impact du marteau rotatif \u00e0 grande vitesse. La cisaille le coupera ensuite dans la chambre de concassage.<\/p> <\/div> <\/div> <div id=\"howto-step-1717403675893\" class=\"rank-math-step\"> <div class=\"rank-math-step-content\"><p>Ensuite, le vent g\u00e9n\u00e9r\u00e9 par la pale de vent int\u00e9gr\u00e9e sera envoy\u00e9 vers la sortie de mat\u00e9riau \u00e0 travers l'\u00e9cran, ou un ventilateur externe sera utilis\u00e9 pour pomper le vent vers la sortie de mat\u00e9riau.<\/p> <\/div> <\/div> <div id=\"howto-step-1717403683686\" class=\"rank-math-step\"> <div class=\"rank-math-step-content\"><p>La taille des copeaux est d\u00e9termin\u00e9e en ajustant la longueur de la lame et la taille de l'ouverture de l'\u00e9cran pour r\u00e9pondre aux diff\u00e9rents besoins.<\/p> <\/div> <\/div> <\/div> <\/div>       <figure class=\"wp-block-embed aligncenter is-type-video is-provider-youtube wp-block-embed-youtube wp-embed-aspect-16-9 wp-has-aspect-ratio\"><div class=\"wp-block-embed__wrapper\"> <iframe loading=\"lazy\" title=\"Machine \u00e0 raser le bois offre sp\u00e9ciale \u00e0 vendre! Machine \u00e0 raser le bois portable, machine \u00e0 raser le bois \u00e0 disque\" width=\"500\" height=\"281\" src=\"https:\/\/www.youtube.com\/embed\/Ioj-kvQLih4?start=1&#038;feature=oembed\" frameborder=\"0\" allow=\"accelerometer; autoplay; clipboard-write; encrypted-media; gyroscope; picture-in-picture; web-share\" referrerpolicy=\"strict-origin-when-cross-origin\" allowfullscreen><\/iframe> <\/div><figcaption class=\"wp-element-caption\">comment fonctionne la machine \u00e0 raser le bois<\/figcaption><\/figure>    <h2 class=\"wp-block-heading\" id=\"h-disk-wood-shaving-machine-s-knife-and-blade\">Couteau et lame de la machine \u00e0 raser le bois \u00e0 disque<\/h2>    <ul class=\"wp-block-list\"> <li>Le syst\u00e8me de copeaux est la partie la plus importante de la machine, qui contient le plateau \u00e0 couteaux et la lame.<\/li>    <li>Le disque de coupe et la lame que nous produisons sont fabriqu\u00e9s dans un mat\u00e9riau de haute qualit\u00e9, solide et durable, tranchant et offrent un bon effet de rasage.<\/li>    <li>De plus, le nombre de lames varie d'un mod\u00e8le \u00e0 l'autre, avec des options de quatre lames et huit lames.<\/li>    <li>L'inclinaison de la lame peut \u00eatre ajust\u00e9e pour contr\u00f4ler l'\u00e9paisseur des copeaux.<\/li> <\/ul>    <figure class=\"wp-block-gallery has-nested-images columns-default is-cropped wp-block-gallery-3 is-layout-flex wp-block-gallery-is-layout-flex\"> <figure class=\"wp-block-image size-large\"><img loading=\"lazy\" decoding=\"async\" width=\"720\" height=\"540\" data-id=\"448\" src=\"https:\/\/hnwoodmachinery.com\/wp-content\/uploads\/2022\/09\/blade.webp\" alt=\"lame\" class=\"wp-image-448\" title=\"lame\"\/><figcaption class=\"wp-element-caption\">Lame<\/figcaption><\/figure>    <figure class=\"wp-block-image size-large\"><img loading=\"lazy\" decoding=\"async\" width=\"720\" height=\"540\" data-id=\"449\" src=\"https:\/\/hnwoodmachinery.com\/wp-content\/uploads\/2022\/09\/cutter-.webp\" alt=\"coupeur \" class=\"wp-image-449\" title=\"coupeur \"\/><figcaption class=\"wp-element-caption\">Coupeur <\/figcaption><\/figure> <\/figure>    <h2 class=\"wp-block-heading\" id=\"h-highlights-of-the-commercial-wood-shaving-machine\">Points forts de l'usine commerciale de copeaux de bois<\/h2>    <ul class=\"wp-block-list\"> <li>La machine \u00e0 raser le bois commerciale a une disposition raisonnable, une installation facile, un fonctionnement et un entretien pratiques.<\/li>    <li>Couteaux s\u00fbrs et durables et \u00e0 faible bruit.<\/li>    <li>Conception raisonnable, en acier \u00e0 haute teneur en mangan\u00e8se, structure compacte.<\/li>    <li>Entra\u00een\u00e9 par un seul moteur, il pr\u00e9sente un rendement \u00e9lev\u00e9 et des performances \u00e9lev\u00e9es.<\/li>    <li>Les copeaux destin\u00e9s \u00e0 la liti\u00e8re des animaux ont une vitesse de production rapide, ce qui permet d'\u00e9conomiser beaucoup de temps et de main d'\u0153uvre.<\/li>    <li>Les copeaux finis produits sont fins, doux et de bonne texture.<\/li>    <li>La pression de contact entre le bois et la lame reste constante, et la vitesse de va-et-vient du bois reste \u00e9galement constante, produisant des copeaux d'\u00e9paisseur uniforme.<\/li> <\/ul>   <div class=\"wp-block-image\"> <figure class=\"aligncenter size-full\"><img loading=\"lazy\" decoding=\"async\" width=\"720\" height=\"540\" src=\"https:\/\/hnwoodmachinery.com\/wp-content\/uploads\/2022\/09\/commercial-wood-shaving-machines-0.webp\" alt=\"machines \u00e0 raser le bois commerciales\" class=\"wp-image-446\" title=\"machines \u00e0 raser le bois commerciales\"\/><figcaption class=\"wp-element-caption\">machines \u00e0 raser le bois commerciales<\/figcaption><\/figure> <\/div>   <h2 class=\"wp-block-heading\" id=\"h-successful-case\">Cas r\u00e9ussi<\/h2>    <p class=\"translation-block\">Le client vient de <a href=\"https:\/\/en.wikipedia.org\/wiki\/Abkhazia\" target=\"_blank\" rel=\"noopener\">l'Abkhazie<\/a> et est responsable des achats d'une scierie. Il nous a contact\u00e9s apr\u00e8s avoir visionn\u00e9 notre vid\u00e9o YouTube. Au cours de la communication, le client a exprim\u00e9 le besoin d'un type de copeau plus gros pour le lit d'animaux. <\/p>    <p>Notre directeur commercial a fourni au client des photos, des vid\u00e9os et des param\u00e8tres de la plus grande machine \u00e0 raser le bois. Finalement, le client a choisi le mod\u00e8le SL-800 d'une capacit\u00e9 de 1000KG\/H. Apr\u00e8s cela, nous avons rapidement fourni le PI de la machine. Le client \u00e9tait satisfait et a pass\u00e9 commande du rasoir apr\u00e8s l'avoir vu.<\/p>    <figure class=\"wp-block-gallery has-nested-images columns-default is-cropped wp-block-gallery-4 is-layout-flex wp-block-gallery-is-layout-flex\"> <figure class=\"wp-block-image size-large\"><img loading=\"lazy\" decoding=\"async\" width=\"720\" height=\"540\" data-id=\"450\" src=\"https:\/\/hnwoodmachinery.com\/wp-content\/uploads\/2022\/09\/shipping-of-the-portable-wood-shaving-machine-0.webp\" alt=\"exp\u00e9dition de la machine \u00e0 raser le bois portable\" class=\"wp-image-450\" title=\"exp\u00e9dition de la machine \u00e0 raser le bois portable\"\/><figcaption class=\"wp-element-caption\">Exp\u00e9dition de la machine \u00e0 raser le bois portable<\/figcaption><\/figure>    <figure class=\"wp-block-image size-large\"><img loading=\"lazy\" decoding=\"async\" width=\"720\" height=\"540\" data-id=\"451\" src=\"https:\/\/hnwoodmachinery.com\/wp-content\/uploads\/2022\/09\/wooden-case-packing-of-wood-shaving-machine-0.webp\" alt=\"Emballage de caisse en bois de machine \u00e0 raser le bois\" class=\"wp-image-451\" title=\"Emballage de caisse en bois de machine \u00e0 raser le bois\"\/><figcaption class=\"wp-element-caption\">Emballage de caisse en bois de machine \u00e0 raser le bois<\/figcaption><\/figure> <\/figure>    <h2 class=\"wp-block-heading\">Notre service<\/h2>    <p>Nous fournissons un ensemble de pi\u00e8ces d\u00e9tach\u00e9es et d'emballage. Toutes les machines sont test\u00e9es avant exp\u00e9dition. De plus, les machines sont emball\u00e9es dans des caisses en bois standard d'exportation et notre soci\u00e9t\u00e9 de transport coop\u00e9rative \u00e0 long terme les exp\u00e9diera \u00e0 temps et en toute s\u00e9curit\u00e9.<\/p>    <p>Pour le service apr\u00e8s-vente, nous offrons une p\u00e9riode de garantie d'un an et vous pouvez acheter des pi\u00e8ces de rechange chez nous. En m\u00eame temps, nous pouvons fournir des conseils professionnels et des solutions aux probl\u00e8mes.<\/p>","protected":false},"excerpt":{"rendered":"<p>Les copeaux destin\u00e9s \u00e0 la liti\u00e8re des animaux peuvent transformer des segments de bois en copeaux fins d'\u00e9paisseur uniforme. Il est largement utilis\u00e9 dans la liti\u00e8re des animaux, les panneaux, les meubles et d\u2019autres industries.<\/p>","protected":false},"author":1,"featured_media":439,"parent":0,"template":"","tags":[38,35],"product-type":[8],"class_list":["post-30","product","type-product","status-publish","has-post-thumbnail","hentry","tag-shavings","tag-wood","product-type-wood-shaving-machine"],"_links":{"self":[{"href":"https:\/\/hnwoodmachinery.com\/fr\/wp-json\/wp\/v2\/product\/30","targetHints":{"allow":["GET"]}}],"collection":[{"href":"https:\/\/hnwoodmachinery.com\/fr\/wp-json\/wp\/v2\/product"}],"about":[{"href":"https:\/\/hnwoodmachinery.com\/fr\/wp-json\/wp\/v2\/types\/product"}],"author":[{"embeddable":true,"href":"https:\/\/hnwoodmachinery.com\/fr\/wp-json\/wp\/v2\/users\/1"}],"wp:featuredmedia":[{"embeddable":true,"href":"https:\/\/hnwoodmachinery.com\/fr\/wp-json\/wp\/v2\/media\/439"}],"wp:attachment":[{"href":"https:\/\/hnwoodmachinery.com\/fr\/wp-json\/wp\/v2\/media?parent=30"}],"wp:term":[{"taxonomy":"post_tag","embeddable":true,"href":"https:\/\/hnwoodmachinery.com\/fr\/wp-json\/wp\/v2\/tags?post=30"},{"taxonomy":"product-type","embeddable":true,"href":"https:\/\/hnwoodmachinery.com\/fr\/wp-json\/wp\/v2\/product-type?post=30"}],"curies":[{"name":"wp","href":"https:\/\/api.w.org\/{rel}","templated":true}]}}