{"id":28,"date":"2022-07-18T03:46:28","date_gmt":"2022-07-18T03:46:28","guid":{"rendered":"https:\/\/hnwoodmachinery.com\/?post_type=product&#038;p=28"},"modified":"2024-09-26T18:32:42","modified_gmt":"2024-09-26T10:32:42","slug":"wood-shredder-machine","status":"publish","type":"product","link":"https:\/\/hnwoodmachinery.com\/fr\/product\/wood-shredder-machine\/","title":{"rendered":"Broyeur de bois pour la fabrication de sciure de bois"},"content":{"rendered":"<div class=\"kk-star-ratings kksr-auto kksr-align-left kksr-valign-top\"     data-payload='{&quot;align&quot;:&quot;left&quot;,&quot;id&quot;:&quot;28&quot;,&quot;slug&quot;:&quot;default&quot;,&quot;valign&quot;:&quot;top&quot;,&quot;ignore&quot;:&quot;&quot;,&quot;reference&quot;:&quot;auto&quot;,&quot;class&quot;:&quot;&quot;,&quot;count&quot;:&quot;92&quot;,&quot;legendonly&quot;:&quot;&quot;,&quot;readonly&quot;:&quot;&quot;,&quot;score&quot;:&quot;4.8&quot;,&quot;starsonly&quot;:&quot;&quot;,&quot;best&quot;:&quot;5&quot;,&quot;gap&quot;:&quot;5&quot;,&quot;greet&quot;:&quot;Rate this product&quot;,&quot;legend&quot;:&quot;4.8\\\/5 - (92 votes)&quot;,&quot;size&quot;:&quot;24&quot;,&quot;title&quot;:&quot;Wood Shredder Machine For Sawdust Making&quot;,&quot;width&quot;:&quot;136.7&quot;,&quot;_legend&quot;:&quot;{score}\\\/{best} - ({count} {votes})&quot;,&quot;font_factor&quot;:&quot;1.25&quot;}'>              <div class=\"kksr-stars\">      <div class=\"kksr-stars-inactive\">             <div class=\"kksr-star\" data-star=\"1\" style=\"padding-right: 5px\">               <div class=\"kksr-icon\" style=\"width: 24px; height: 24px;\"><\/div>         <\/div>             <div class=\"kksr-star\" data-star=\"2\" style=\"padding-right: 5px\">               <div class=\"kksr-icon\" style=\"width: 24px; height: 24px;\"><\/div>         <\/div>             <div class=\"kksr-star\" data-star=\"3\" style=\"padding-right: 5px\">               <div class=\"kksr-icon\" style=\"width: 24px; height: 24px;\"><\/div>         <\/div>             <div class=\"kksr-star\" data-star=\"4\" style=\"padding-right: 5px\">               <div class=\"kksr-icon\" style=\"width: 24px; height: 24px;\"><\/div>         <\/div>             <div class=\"kksr-star\" data-star=\"5\" style=\"padding-right: 5px\">               <div class=\"kksr-icon\" style=\"width: 24px; height: 24px;\"><\/div>         <\/div>     <\/div>      <div class=\"kksr-stars-active\" style=\"width: 136.7px;\">             <div class=\"kksr-star\" style=\"padding-right: 5px\">               <div class=\"kksr-icon\" style=\"width: 24px; height: 24px;\"><\/div>         <\/div>             <div class=\"kksr-star\" style=\"padding-right: 5px\">               <div class=\"kksr-icon\" style=\"width: 24px; height: 24px;\"><\/div>         <\/div>             <div class=\"kksr-star\" style=\"padding-right: 5px\">               <div class=\"kksr-icon\" style=\"width: 24px; height: 24px;\"><\/div>         <\/div>             <div class=\"kksr-star\" style=\"padding-right: 5px\">               <div class=\"kksr-icon\" style=\"width: 24px; height: 24px;\"><\/div>         <\/div>             <div class=\"kksr-star\" style=\"padding-right: 5px\">               <div class=\"kksr-icon\" style=\"width: 24px; height: 24px;\"><\/div>         <\/div>     <\/div> <\/div>                   <div class=\"kksr-legend\" style=\"font-size: 19.2px;\">             4,8\/5 - (92 votes)    <\/div>     <\/div>  <p>Le broyeur de bois transforme efficacement le bois en sciure ou en copeaux de bois. Cette s\u00e9rie de produits est con\u00e7ue selon les principes d'impact, de cisaillement, d'impact mutuel et de meulage. Il peut atteindre une production maximale de 4 tonnes par heure. <\/p>    <p>Dans un premier temps, la machine coupe de gros morceaux de bois avant de les broyer finement pour garantir un traitement efficace. Cette m\u00e9thode r\u00e9duit consid\u00e9rablement le volume de d\u00e9chets de bois, leur permettant d'\u00eatre transform\u00e9s en granul\u00e9s de bois ou utilis\u00e9s comme combustible dans des usines de cog\u00e9n\u00e9ration ou de traitement des d\u00e9chets.<\/p>    <figure class=\"wp-block-embed aligncenter is-type-video is-provider-youtube wp-block-embed-youtube wp-embed-aspect-16-9 wp-has-aspect-ratio\"><div class=\"wp-block-embed__wrapper\"> <iframe loading=\"lazy\" title=\"Broyeur de bois : concassage \u00e0 haute efficacit\u00e9, vous aide \u00e0 traiter facilement les d\u00e9chets de bois !#wood #woodcrusher\" width=\"500\" height=\"281\" src=\"https:\/\/www.youtube.com\/embed\/AaxrdfNcGS0?feature=oembed\" frameborder=\"0\" allow=\"accelerometer; autoplay; clipboard-write; encrypted-media; gyroscope; picture-in-picture; web-share\" referrerpolicy=\"strict-origin-when-cross-origin\" allowfullscreen><\/iframe> <\/div><figcaption class=\"wp-element-caption\">vid\u00e9o de travail d'une d\u00e9chiqueteuse \u00e0 bois portable<\/figcaption><\/figure>    <p>Il existe cinq mod\u00e8les dans la s\u00e9rie de broyeurs de bois, qui peuvent r\u00e9pondre aux besoins de la plupart des utilisateurs. En termes de puissance, le broyeur de bois peut fonctionner soit avec un moteur \u00e9lectrique, soit avec un g\u00e9n\u00e9rateur diesel. De plus, pour produire des copeaux de bois de finesse variable, nous proposons diff\u00e9rentes tailles de tamis. <\/p>    <p class=\"translation-block\">La machine \u00e0 d\u00e9chiqueter le bois ressemble au broyeur \u00e0 marteaux et \u00e0 la <a href=\"https:\/\/hnwoodmachinery.com\/fr\/product\/wood-chips-making-machine\/\">machine \u00e0 copeaux de bois<\/a>. Par cons\u00e9quent, nous recommanderons la machine qui correspond le mieux aux besoins de nos clients. Si vous avez des questions, n'h\u00e9sitez pas \u00e0 nous contacter.<\/p>    <figure class=\"wp-block-gallery has-nested-images columns-default is-cropped wp-block-gallery-2 is-layout-flex wp-block-gallery-is-layout-flex\"> <figure class=\"wp-block-image size-large\"><img loading=\"lazy\" decoding=\"async\" width=\"720\" height=\"540\" data-id=\"489\" src=\"https:\/\/hnwoodmachinery.com\/wp-content\/uploads\/2022\/09\/wood-crusher-machine-.webp\" alt=\"machine de broyeur de bois\" class=\"wp-image-489\" title=\"machine de broyeur de bois\"\/><figcaption class=\"wp-element-caption\">Machine de broyeur de bois<\/figcaption><\/figure>    <figure class=\"wp-block-image size-large\"><img loading=\"lazy\" decoding=\"async\" width=\"720\" height=\"540\" data-id=\"490\" src=\"https:\/\/hnwoodmachinery.com\/wp-content\/uploads\/2022\/09\/wood-shredder-machine-.webp\" alt=\"broyeur de bois\" class=\"wp-image-490\" title=\"broyeur de bois\"\/><figcaption class=\"wp-element-caption\">Broyeur de bois<\/figcaption><\/figure> <\/figure>    <h2 class=\"wp-block-heading\">Caract\u00e9ristiques de notre machine de fabrication de sciure de bois<\/h2>    <ol class=\"wp-block-list\"> <li>La conception r\u00e9fl\u00e9chie am\u00e9liore l'efficacit\u00e9 du concassage du 50% par rapport aux mod\u00e8les traditionnels. <\/li>    <li>Visuellement attrayant, avec un rendement \u00e9lev\u00e9 allant de 400 \u00e0 2000 kg\/h. <\/li>    <li>Aliment\u00e9 par un seul moteur, il offre des \u00e9conomies d\u2019\u00e9nergie et des co\u00fbts r\u00e9duits. <\/li>    <li>Les mat\u00e9riaux broy\u00e9s conviennent au traitement des granul\u00e9s ou des briquettes.<\/li> <\/ol>    <h2 class=\"wp-block-heading\">Large application de la d\u00e9chiqueteuse \u00e0 bois<\/h2>    <p>Le broyeur de bois est capable de d\u00e9composer efficacement divers mat\u00e9riaux, notamment les b\u00fbches, les branches, les planches de rebut et les restes de bois de construction. Il peut traiter tous les types et tailles de bois, ce qui le rend parfait pour broyer le bois, le bois non trait\u00e9, les palettes, les portes, les lattes, les cadres, etc.<\/p>    <h2 class=\"wp-block-heading\" id=\"h-structure-of-wood-crusher-machine\">Structure de la machine de concassage de bois<\/h2>    <p>La machine de broyeur de bois se compose principalement des composants suivants\u00a0: la base de la machine, l'orifice d'alimentation, la plaque \u00e0 couteaux, la lame, la lame du marteau, la coque de la machine et l'armoire de commande \u00e9lectrique.<\/p>   <div class=\"wp-block-image\"> <figure class=\"aligncenter size-full\"><img loading=\"lazy\" decoding=\"async\" width=\"720\" height=\"540\" src=\"https:\/\/hnwoodmachinery.com\/wp-content\/uploads\/2022\/09\/sawdust-making-machines-structure-.webp\" alt=\"structure de la machine \u00e0 sciure de bois\" class=\"wp-image-491\" title=\"structure de la machine \u00e0 sciure de bois\"\/><figcaption class=\"wp-element-caption\">structure de la machine de fabrication de sciure de bois<\/figcaption><\/figure> <\/div>   <p>Diff\u00e9rents tamis peuvent cr\u00e9er des copeaux de bois de diff\u00e9rentes tailles. Lorsqu'une machine de fabrication de sciure de bois fonctionne, le mat\u00e9riau dans la chambre de concassage est finement broy\u00e9 de mani\u00e8re efficace. Vous pouvez choisir la bonne taille d'\u00e9cran en fonction de vos besoins.<\/p>    <p>De plus, la d\u00e9chiqueteuse \u00e0 bois offre un rendement \u00e9lev\u00e9, une faible consommation d'\u00e9nergie et produit des particules fines et uniformes. De plus, cet \u00e9quipement se caract\u00e9rise par un faible bruit, une poussi\u00e8re minimale, aucune pollution, un fonctionnement simple, de faibles co\u00fbts de maintenance et une facilit\u00e9 d'utilisation.<\/p>    <figure class=\"wp-block-gallery has-nested-images columns-default is-cropped wp-block-gallery-3 is-layout-flex wp-block-gallery-is-layout-flex\"> <figure class=\"wp-block-image size-large\"><img loading=\"lazy\" decoding=\"async\" width=\"720\" height=\"540\" data-id=\"493\" src=\"https:\/\/hnwoodmachinery.com\/wp-content\/uploads\/2022\/09\/wood-shredder-machines-hammer-0.webp\" alt=\"marteau de la machine \u00e0 broyer le bois\" class=\"wp-image-493\" title=\"marteau de la machine \u00e0 broyer le bois\"\/><figcaption class=\"wp-element-caption\">Marteau de la machine \u00e0 broyer le bois<\/figcaption><\/figure>    <figure class=\"wp-block-image size-large\"><img loading=\"lazy\" decoding=\"async\" width=\"720\" height=\"540\" data-id=\"492\" src=\"https:\/\/hnwoodmachinery.com\/wp-content\/uploads\/2022\/09\/screen-.webp\" alt=\"\u00e9cran de d\u00e9chiqueteuse\" class=\"wp-image-492\" title=\"\"><figcaption class=\"wp-element-caption\">\u00c9cran de d\u00e9chiqueteuse<\/figcaption><\/figure> <\/figure>    <h2 class=\"wp-block-heading\" id=\"h-usage-of-the-pallet-wood-shredder\">Pr\u00e9sentation et utilisation des produits finis<\/h2>    <p>Les mati\u00e8res premi\u00e8res pouvant \u00eatre trait\u00e9es par un broyeur \u00e0 bois sont diverses, mais il existe des exigences de taille standard. D'une mani\u00e8re g\u00e9n\u00e9rale, il peut broyer des branches et des tiges d'arbres d'un diam\u00e8tre allant de 70 mm \u00e0 250 mm. Les mat\u00e9riaux broy\u00e9s r\u00e9sultants sont des particules d'un diam\u00e8tre d'environ 3 \u00e0 5 mm.<\/p>    <p class=\"translation-block\">La machine de d\u00e9chiquetage de bois est con\u00e7ue pour diverses t\u00e2ches de concassage et de recyclage du bois, y compris les <a href=\"https:\/\/en.wikipedia.org\/wiki\/Hardwood\" target=\"_blank\" rel=\"noopener\">bois durs<\/a>, les bois tendres, les panneaux de particules, le contreplaqu\u00e9 et les mat\u00e9riaux de rebut tels que les canap\u00e9s et les armoires en bois. <\/p>    <p>De plus, il peut manipuler des copeaux de bambou, du chaume, des tiges de ma\u00efs, des tiges de sorgho et d\u2019autres mat\u00e9riaux fibreux. Il convient \u00e9galement \u00e0 la production de mati\u00e8res premi\u00e8res pour les panneaux de particules, les panneaux de sciure de bois et les panneaux haute densit\u00e9.<\/p>   <div class=\"wp-block-image\"> <figure class=\"aligncenter size-full\"><img loading=\"lazy\" decoding=\"async\" width=\"720\" height=\"540\" src=\"https:\/\/hnwoodmachinery.com\/wp-content\/uploads\/2022\/09\/wood-crushers-finished-wood-sawdust-.webp\" alt=\"sciure de bois finie du broyeur \u00e0 bois\" class=\"wp-image-495\" title=\"sciure de bois finie du broyeur \u00e0 bois\"\/><figcaption class=\"wp-element-caption\">sciure de bois finie du broyeur de bois<\/figcaption><\/figure> <\/div>   <h2 class=\"wp-block-heading\" id=\"h-working-principle-of-the-industrial-wood-crusher\">Principe de fonctionnement du broyeur de bois industriel<\/h2>    <p>Le bois est introduit par l'entr\u00e9e. Lorsque les lames coupent et \u00e9crasent le mat\u00e9riau, le rotor cr\u00e9e un flux d'air \u00e0 grande vitesse qui se d\u00e9place dans la m\u00eame direction que les lames. Ce flux d\u2019air acc\u00e9l\u00e8re le mat\u00e9riau, le faisant subir des impacts r\u00e9p\u00e9t\u00e9s et un \u00e9crasement plus approfondi. <\/p>    <p>Simultan\u00e9ment, ce processus augmente le taux de broyage du mat\u00e9riau. En fin de compte, les copeaux de bois r\u00e9sultants sont expuls\u00e9s par le flux de vapeur \u00e0 grande vitesse produit par la pale du vent sur la plaque du couteau de broyage.<\/p>    <figure class=\"wp-block-embed aligncenter is-type-video is-provider-youtube wp-block-embed-youtube wp-embed-aspect-16-9 wp-has-aspect-ratio\"><div class=\"wp-block-embed__wrapper\"> <iframe loading=\"lazy\" title=\"Comment fonctionne le broyeur de bois ? Machine de concassage de bois mobile, d\u00e9chiqueteuse de bois\" width=\"500\" height=\"281\" src=\"https:\/\/www.youtube.com\/embed\/U4E0BGeTqng?feature=oembed\" frameborder=\"0\" allow=\"accelerometer; autoplay; clipboard-write; encrypted-media; gyroscope; picture-in-picture; web-share\" referrerpolicy=\"strict-origin-when-cross-origin\" allowfullscreen><\/iframe> <\/div><figcaption class=\"wp-element-caption\">comment fonctionne la machine \u00e0 broyer le bois<\/figcaption><\/figure>    <h2 class=\"wp-block-heading\" id=\"h-technical-parameter-of-wood-chipper-shredder\">Param\u00e8tres techniques du broyeur \u00e0 bois<\/h2>    <figure class=\"wp-block-table is-style-stripes\"><table><tbody><tr><td><strong>Mod\u00e8le<\/strong><\/td><td><strong>Capacit\u00e9<\/strong><\/td><td><strong>Taille de sortie<\/strong><\/td><td><strong>Pouvoir<\/strong><\/td><\/tr><tr><td>SL-420<\/td><td>600-800 KG\/H<\/td><td>0,3-0,8 cm<\/td><td>7,5-11 kW<\/td><\/tr><tr><td>SL-500<\/td><td>1000-1500KG\/H<\/td><td>0,3-0,8 cm<\/td><td>18,5 kW<\/td><\/tr><tr><td>SL-600<\/td><td>1500-2000 KG\/H<\/td><td>0,3-0,8 cm<\/td><td>30kw<\/td><\/tr><tr><td>SL-700<\/td><td>2000-2500 KG\/H<\/td><td>0,3-0,8 cm<\/td><td>37kw<\/td><\/tr><tr><td>SL-900<\/td><td>2500-3000 KG\/H<\/td><td>0,3-0,8 cm<\/td><td>55kw<\/td><\/tr><tr><td>SL-1000<\/td><td>3000-4000KG\/H<\/td><td>0,3-0,8 cm<\/td><td>75+7,5kw<\/td><\/tr><\/tbody><\/table><figcaption class=\"wp-element-caption\">param\u00e8tre de la d\u00e9chiqueteuse \u00e0 bois<\/figcaption><\/figure>    <h2 class=\"wp-block-heading\">Diff\u00e9rents modes d'alimentation sont disponibles<\/h2>    <p>La machine de fabrication de sciure de bois peut \u00eatre aliment\u00e9e par des moteurs \u00e9lectriques, des moteurs diesel ou des groupes \u00e9lectrog\u00e8nes diesel. Vous pouvez s\u00e9lectionner l\u2019option qui correspond le mieux \u00e0 vos conditions de travail locales. Nous proposons une personnalisation et vous recommanderons la solution d\u2019alimentation la plus adapt\u00e9e en fonction de vos besoins sp\u00e9cifiques.<\/p>    <figure class=\"wp-block-gallery has-nested-images columns-default is-cropped wp-block-gallery-4 is-layout-flex wp-block-gallery-is-layout-flex\"> <figure class=\"wp-block-image size-large\"><img loading=\"lazy\" decoding=\"async\" width=\"720\" height=\"540\" data-id=\"1058\" src=\"https:\/\/hnwoodmachinery.com\/wp-content\/uploads\/2022\/07\/motor-wood-crusher.webp\" alt=\"broyeur \u00e0 bois \u00e0 moteur\" class=\"wp-image-1058\" title=\"\" srcset=\"https:\/\/hnwoodmachinery.com\/wp-content\/uploads\/2022\/07\/motor-wood-crusher.webp 720w, https:\/\/hnwoodmachinery.com\/wp-content\/uploads\/2022\/07\/motor-wood-crusher-300x225.webp 300w, https:\/\/hnwoodmachinery.com\/wp-content\/uploads\/2022\/07\/motor-wood-crusher-16x12.webp 16w\" sizes=\"auto, (max-width: 720px) 100vw, 720px\" \/><figcaption class=\"wp-element-caption\">Concasseur de bois \u00e0 moteur<\/figcaption><\/figure>    <figure class=\"wp-block-image size-large\"><img loading=\"lazy\" decoding=\"async\" width=\"720\" height=\"540\" data-id=\"1057\" src=\"https:\/\/hnwoodmachinery.com\/wp-content\/uploads\/2022\/07\/diesel-engine-wood-shredder.webp\" alt=\"broyeur de bois \u00e0 moteur diesel\" class=\"wp-image-1057\" title=\"\" srcset=\"https:\/\/hnwoodmachinery.com\/wp-content\/uploads\/2022\/07\/diesel-engine-wood-shredder.webp 720w, https:\/\/hnwoodmachinery.com\/wp-content\/uploads\/2022\/07\/diesel-engine-wood-shredder-300x225.webp 300w, https:\/\/hnwoodmachinery.com\/wp-content\/uploads\/2022\/07\/diesel-engine-wood-shredder-16x12.webp 16w\" sizes=\"auto, (max-width: 720px) 100vw, 720px\" \/><figcaption class=\"wp-element-caption\">Broyeur de bois \u00e0 moteur diesel<\/figcaption><\/figure> <\/figure>    <h2 class=\"wp-block-heading\">Broyeur de bois de type mobile<\/h2>    <p>Nous pouvons fixer des roues au bas de la machine pour permettre aux utilisateurs de la d\u00e9placer plus facilement vers diff\u00e9rents endroits.<\/p>    <figure class=\"wp-block-gallery has-nested-images columns-default is-cropped wp-block-gallery-5 is-layout-flex wp-block-gallery-is-layout-flex\"> <figure class=\"wp-block-image size-large\"><img loading=\"lazy\" decoding=\"async\" width=\"540\" height=\"720\" data-id=\"1191\" src=\"https:\/\/hnwoodmachinery.com\/wp-content\/uploads\/2022\/07\/moblie-wood-shredder-machine.webp\" alt=\"broyeur de bois mobile\" class=\"wp-image-1191\" title=\"\" srcset=\"https:\/\/hnwoodmachinery.com\/wp-content\/uploads\/2022\/07\/moblie-wood-shredder-machine.webp 540w, https:\/\/hnwoodmachinery.com\/wp-content\/uploads\/2022\/07\/moblie-wood-shredder-machine-225x300.webp 225w, https:\/\/hnwoodmachinery.com\/wp-content\/uploads\/2022\/07\/moblie-wood-shredder-machine-9x12.webp 9w\" sizes=\"auto, (max-width: 540px) 100vw, 540px\" \/><figcaption class=\"wp-element-caption\">Broyeur de bois mobile<\/figcaption><\/figure>    <figure class=\"wp-block-image size-large\"><img loading=\"lazy\" decoding=\"async\" width=\"540\" height=\"720\" data-id=\"1192\" src=\"https:\/\/hnwoodmachinery.com\/wp-content\/uploads\/2022\/07\/portable-wood-crusher-machine.webp\" alt=\"machine portative de broyeur de bois\" class=\"wp-image-1192\" title=\"\" srcset=\"https:\/\/hnwoodmachinery.com\/wp-content\/uploads\/2022\/07\/portable-wood-crusher-machine.webp 540w, https:\/\/hnwoodmachinery.com\/wp-content\/uploads\/2022\/07\/portable-wood-crusher-machine-225x300.webp 225w, https:\/\/hnwoodmachinery.com\/wp-content\/uploads\/2022\/07\/portable-wood-crusher-machine-9x12.webp 9w\" sizes=\"auto, (max-width: 540px) 100vw, 540px\" \/><figcaption class=\"wp-element-caption\">Machine portative de broyeur de bois<\/figcaption><\/figure> <\/figure>    <h2 class=\"wp-block-heading\" id=\"h-industrial-wood-shredder-shipped-to-mauritius\">Broyeur de bois industriel exp\u00e9di\u00e9 \u00e0 Maurice<\/h2>    <p>Ce client a de l'exp\u00e9rience dans l'importation et a d\u00e9j\u00e0 achet\u00e9 deux machines de transformation du bois en Chine. Maintenant, il recherche une autre d\u00e9chiqueteuse de bois pour produire des copeaux de bois pour la nidification des poulets. En fonction de la taille et du rendement des b\u00fbches qu'il manipule, nous avons recommand\u00e9 le broyeur de bois SL-1000.<\/p>   <div class=\"wp-block-image\"> <figure class=\"aligncenter size-large\"><img loading=\"lazy\" decoding=\"async\" width=\"720\" height=\"540\" src=\"https:\/\/hnwoodmachinery.com\/wp-content\/uploads\/2022\/09\/packaging-of-the-log-pulverizer-.webp\" alt=\"sciure de bois finie du broyeur \u00e0 bois\" class=\"wp-image-497\" title=\"sciure de bois finie du broyeur \u00e0 bois\"\/><figcaption class=\"wp-element-caption\">sciure de bois finie du broyeur de bois<\/figcaption><\/figure> <\/div>   <p>Le client \u00e9tait satisfait de la machine apr\u00e8s l'avoir utilis\u00e9e pendant un certain temps. Il d\u00e9cide donc d\u2019en commander une pour lancer son entreprise de cr\u00e9ation de nids de poules \u00e0 partir de copeaux de bois. Voici une photo de l\u2019emballage et de la livraison du broyeur de bois industriel. Si vous \u00eates int\u00e9ress\u00e9 par les machines de transformation du bois, n'h\u00e9sitez pas \u00e0 explorer ce site Web et \u00e0 nous contacter.<\/p>","protected":false},"excerpt":{"rendered":"<p>La d\u00e9chiqueteuse de bois peut broyer directement le bois de construction en sciure de bois ou en copeaux de bois et constitue une machine importante pour le recyclage et la r\u00e9utilisation des d\u00e9chets de bois.<\/p>","protected":false},"author":1,"featured_media":486,"parent":0,"template":"","tags":[37,35],"product-type":[7],"class_list":["post-28","product","type-product","status-publish","has-post-thumbnail","hentry","tag-sawdust","tag-wood","product-type-wood-crusher"],"_links":{"self":[{"href":"https:\/\/hnwoodmachinery.com\/fr\/wp-json\/wp\/v2\/product\/28","targetHints":{"allow":["GET"]}}],"collection":[{"href":"https:\/\/hnwoodmachinery.com\/fr\/wp-json\/wp\/v2\/product"}],"about":[{"href":"https:\/\/hnwoodmachinery.com\/fr\/wp-json\/wp\/v2\/types\/product"}],"author":[{"embeddable":true,"href":"https:\/\/hnwoodmachinery.com\/fr\/wp-json\/wp\/v2\/users\/1"}],"wp:featuredmedia":[{"embeddable":true,"href":"https:\/\/hnwoodmachinery.com\/fr\/wp-json\/wp\/v2\/media\/486"}],"wp:attachment":[{"href":"https:\/\/hnwoodmachinery.com\/fr\/wp-json\/wp\/v2\/media?parent=28"}],"wp:term":[{"taxonomy":"post_tag","embeddable":true,"href":"https:\/\/hnwoodmachinery.com\/fr\/wp-json\/wp\/v2\/tags?post=28"},{"taxonomy":"product-type","embeddable":true,"href":"https:\/\/hnwoodmachinery.com\/fr\/wp-json\/wp\/v2\/product-type?post=28"}],"curies":[{"name":"wp","href":"https:\/\/api.w.org\/{rel}","templated":true}]}}