{"id":23,"date":"2022-07-18T03:37:21","date_gmt":"2022-07-18T03:37:21","guid":{"rendered":"https:\/\/hnwoodmachinery.com\/?post_type=product&#038;p=23"},"modified":"2024-09-12T18:33:58","modified_gmt":"2024-09-12T10:33:58","slug":"log-debarker-machine","status":"publish","type":"product","link":"https:\/\/hnwoodmachinery.com\/fr\/product\/log-debarker-machine\/","title":{"rendered":"Machine d'\u00e9corceuse de b\u00fbches pour l'\u00e9pluchage du bois"},"content":{"rendered":"<div class=\"kk-star-ratings kksr-auto kksr-align-left kksr-valign-top\"     data-payload='{&quot;align&quot;:&quot;left&quot;,&quot;id&quot;:&quot;23&quot;,&quot;slug&quot;:&quot;default&quot;,&quot;valign&quot;:&quot;top&quot;,&quot;ignore&quot;:&quot;&quot;,&quot;reference&quot;:&quot;auto&quot;,&quot;class&quot;:&quot;&quot;,&quot;count&quot;:&quot;95&quot;,&quot;legendonly&quot;:&quot;&quot;,&quot;readonly&quot;:&quot;&quot;,&quot;score&quot;:&quot;4.8&quot;,&quot;starsonly&quot;:&quot;&quot;,&quot;best&quot;:&quot;5&quot;,&quot;gap&quot;:&quot;5&quot;,&quot;greet&quot;:&quot;Rate this product&quot;,&quot;legend&quot;:&quot;4.8\\\/5 - (95 votes)&quot;,&quot;size&quot;:&quot;24&quot;,&quot;title&quot;:&quot;Log Debarker Machine For Wood Timber Peeling&quot;,&quot;width&quot;:&quot;136.7&quot;,&quot;_legend&quot;:&quot;{score}\\\/{best} - ({count} {votes})&quot;,&quot;font_factor&quot;:&quot;1.25&quot;}'>              <div class=\"kksr-stars\">      <div class=\"kksr-stars-inactive\">             <div class=\"kksr-star\" data-star=\"1\" style=\"padding-right: 5px\">               <div class=\"kksr-icon\" style=\"width: 24px; height: 24px;\"><\/div>         <\/div>             <div class=\"kksr-star\" data-star=\"2\" style=\"padding-right: 5px\">               <div class=\"kksr-icon\" style=\"width: 24px; height: 24px;\"><\/div>         <\/div>             <div class=\"kksr-star\" data-star=\"3\" style=\"padding-right: 5px\">               <div class=\"kksr-icon\" style=\"width: 24px; height: 24px;\"><\/div>         <\/div>             <div class=\"kksr-star\" data-star=\"4\" style=\"padding-right: 5px\">               <div class=\"kksr-icon\" style=\"width: 24px; height: 24px;\"><\/div>         <\/div>             <div class=\"kksr-star\" data-star=\"5\" style=\"padding-right: 5px\">               <div class=\"kksr-icon\" style=\"width: 24px; height: 24px;\"><\/div>         <\/div>     <\/div>      <div class=\"kksr-stars-active\" style=\"width: 136.7px;\">             <div class=\"kksr-star\" style=\"padding-right: 5px\">               <div class=\"kksr-icon\" style=\"width: 24px; height: 24px;\"><\/div>         <\/div>             <div class=\"kksr-star\" style=\"padding-right: 5px\">               <div class=\"kksr-icon\" style=\"width: 24px; height: 24px;\"><\/div>         <\/div>             <div class=\"kksr-star\" style=\"padding-right: 5px\">               <div class=\"kksr-icon\" style=\"width: 24px; height: 24px;\"><\/div>         <\/div>             <div class=\"kksr-star\" style=\"padding-right: 5px\">               <div class=\"kksr-icon\" style=\"width: 24px; height: 24px;\"><\/div>         <\/div>             <div class=\"kksr-star\" style=\"padding-right: 5px\">               <div class=\"kksr-icon\" style=\"width: 24px; height: 24px;\"><\/div>         <\/div>     <\/div> <\/div>                   <div class=\"kksr-legend\" style=\"font-size: 19.2px;\">             4,8\/5 - (95 votes)    <\/div>     <\/div>  <p>L'\u00e9corceuse de b\u00fbches de bois utilise une technologie d'\u00e9cor\u00e7age rotative de pointe \u00e9quip\u00e9e de lames en alliage \u00e0 haute r\u00e9sistance pour \u00e9corcer efficacement les b\u00fbches. Il peut traiter jusqu'\u00e0 20 tonnes de grumes par heure, augmentant ainsi l'efficacit\u00e9 de plus de 30% par rapport aux \u00e9quipements conventionnels. <\/p>    <p>Gr\u00e2ce \u00e0 sa profondeur de pelage contr\u00f4l\u00e9e avec pr\u00e9cision et \u00e0 son syst\u00e8me de r\u00e9glage automatique, chaque pi\u00e8ce de bois permet un pelage uniforme et sans dommage, tout en r\u00e9duisant la consommation d'\u00e9nergie jusqu'\u00e0 20%.<\/p>    <figure class=\"wp-block-embed aligncenter is-type-video is-provider-youtube wp-block-embed-youtube wp-embed-aspect-16-9 wp-has-aspect-ratio\"><div class=\"wp-block-embed__wrapper\"> <iframe loading=\"lazy\" title=\"Une nouvelle vie pour le bois : d\u00e9couvrez le proc\u00e9d\u00e9 \u00e9tonnant de l&#039;\u00e9plucheur de bois ! \ud83c\udf33\ud83d\udd27#woodcraft\" width=\"500\" height=\"281\" src=\"https:\/\/www.youtube.com\/embed\/lwGNGeHfYN0?feature=oembed\" frameborder=\"0\" allow=\"accelerometer; autoplay; clipboard-write; encrypted-media; gyroscope; picture-in-picture; web-share\" referrerpolicy=\"strict-origin-when-cross-origin\" allowfullscreen><\/iframe> <\/div><figcaption class=\"wp-element-caption\">vid\u00e9o de travail de la machine \u00e0 \u00e9corcer les b\u00fbches de bois<\/figcaption><\/figure>    <p>D\u2019une mani\u00e8re g\u00e9n\u00e9rale, plus l\u2019\u00e9corce du bois est humide, meilleur est l\u2019effet de la machine. Le bois trait\u00e9 peut \u00eatre transform\u00e9 de diff\u00e9rentes mani\u00e8res, par exemple par coupe de bois, rasage, broyage, etc. <\/p>    <h2 class=\"wp-block-heading\" id=\"h-brief-introduction-of-log-debarker-machine\">\u00c9corceuse de b\u00fbches de bois disponible<\/h2>    <p>Notre usine produit deux types de machines \u00e0 \u00e9plucher le bois : l'une est une petite machine \u00e0 \u00e9plucher le bois verticale et l'autre est une grande machine \u00e0 \u00e9plucher le bois horizontale. Leurs m\u00e9thodes d'aboiement et leur rendement diff\u00e8rent, permettant aux clients de choisir la machine qui correspond le mieux \u00e0 leurs besoins.<\/p>    <p>Depuis notre cr\u00e9ation, nous avons fr\u00e9quemment export\u00e9 l'\u00e9corceuse de grumes vers divers pays, notamment les \u00c9tats-Unis, les pays europ\u00e9ens, l'Afrique du Sud et l'Australie. Nos clients ont d\u00e9velopp\u00e9 des relations \u00e0 long terme avec nous en raison du prix bas, de la durabilit\u00e9 et des performances efficaces de la machine.<\/p>    <figure class=\"wp-block-gallery has-nested-images columns-default is-cropped wp-block-gallery-2 is-layout-flex wp-block-gallery-is-layout-flex\"> <figure class=\"wp-block-image size-large\"><img loading=\"lazy\" decoding=\"async\" width=\"720\" height=\"540\" data-id=\"426\" src=\"https:\/\/hnwoodmachinery.com\/wp-content\/uploads\/2022\/09\/best-log-debarker-0.webp\" alt=\"meilleure \u00e9corceuse de grumes \" class=\"wp-image-426\" title=\"meilleure \u00e9corceuse de grumes \"\/><figcaption class=\"wp-element-caption\">Meilleure machine \u00e0 \u00e9corcer les grumes<\/figcaption><\/figure>    <figure class=\"wp-block-image size-large\"><img loading=\"lazy\" decoding=\"async\" width=\"720\" height=\"540\" data-id=\"427\" src=\"https:\/\/hnwoodmachinery.com\/wp-content\/uploads\/2022\/09\/wood-peeling-machine-0.webp\" alt=\"machine \u00e0 \u00e9plucher le bois \" class=\"wp-image-427\" title=\"machine \u00e0 \u00e9plucher le bois \"\/><figcaption class=\"wp-element-caption\">Machine \u00e0 \u00e9plucher le bois<\/figcaption><\/figure> <\/figure>    <h2 class=\"wp-block-heading\" id=\"h-using-scopes-of-the-wood-peeling-machine\">Utilisation des port\u00e9es de la machine \u00e0 \u00e9plucher le bois<\/h2>    <p>L'\u00e9corceuse \u00e0 grumes convient \u00e0 l'\u00e9cor\u00e7age des bois de conif\u00e8res fra\u00eechement coup\u00e9s et de certains bois durs, ainsi qu'\u00e0 l'\u00e9cor\u00e7age des bois gel\u00e9s et secs. <\/p>    <p>Il est largement utilis\u00e9 dans les usines de papier, les usines de p\u00e2te \u00e0 papier, les usines de copeaux de bois, les industries foresti\u00e8res, les producteurs de granul\u00e9s de combustible et d'autres entreprises de transformation du bois, telles que les scieries et les usines de panneaux artificiels (usines de contreplaqu\u00e9, usines de MDF). <\/p>    <p>De plus, la machine \u00e0 \u00e9plucher le bois est parfaitement adapt\u00e9e aux op\u00e9rations sur les cha\u00eenes de montage et constitue un \u00e9quipement essentiel dans la production automatis\u00e9e.<\/p>   <div class=\"wp-block-image\"> <figure class=\"aligncenter size-full\"><img loading=\"lazy\" decoding=\"async\" width=\"720\" height=\"540\" src=\"https:\/\/hnwoodmachinery.com\/wp-content\/uploads\/2022\/09\/using-scope-of-wood-peeling-machine-0.webp\" alt=\"en utilisant la port\u00e9e de la machine \u00e0 \u00e9plucher le bois\" class=\"wp-image-429\" title=\"en utilisant la port\u00e9e de la machine \u00e0 \u00e9plucher le bois\"\/><figcaption class=\"wp-element-caption\">en utilisant la port\u00e9e de la machine \u00e0 \u00e9plucher le bois<\/figcaption><\/figure> <\/div>   <h2 class=\"wp-block-heading\" id=\"h-model-1-vertical-wood-peeling-machine\">Type 1\u00a0: Machine \u00e0 \u00e9plucher le bois verticale<\/h2>    <p>Le rendement de la machine \u00e0 \u00e9plucher le bois verticale est relativement faible. Ce type d'\u00e9corceuse \u00e0 grumes convient au traitement des grumes, des troncs, des sections et d'autres bois. Il permet de cintrer du bois jusqu'\u00e0 8% et un diam\u00e8tre de tronc compris entre 5 et 35 cm.<\/p>    <p>Plus le tronc est frais, plus l'efficacit\u00e9 des aboiements est \u00e9lev\u00e9e et meilleur est l'effet d'aboiement. Quant \u00e0 la source d\u2019\u00e9nergie, il peut s\u2019agir d\u2019un moteur \u00e9lectrique ou d\u2019un moteur diesel. Les clients peuvent choisir en fonction de leurs besoins.<\/p>   <div class=\"wp-block-image\"> <figure class=\"aligncenter size-full\"><img loading=\"lazy\" decoding=\"async\" width=\"720\" height=\"540\" src=\"https:\/\/hnwoodmachinery.com\/wp-content\/uploads\/2022\/09\/wood-debarker-0.webp\" alt=\"\u00e9corceuse de bois \" class=\"wp-image-432\" title=\"\u00e9corceuse de bois \"\/><figcaption class=\"wp-element-caption\">\u00e9corceuse de b\u00fbches de bois<\/figcaption><\/figure> <\/div>   <h3 class=\"wp-block-heading\" id=\"h-structure-of-the-high-speed-wood-peeling-machine\">Structure de la machine \u00e0 \u00e9plucher le bois \u00e0 grande vitesse<\/h3>    <p>Une machine \u00e0 \u00e9plucher le bois verticale, \u00e9galement connue sous le nom de machine \u00e0 \u00e9plucher le bois \u00e0 anneau, est principalement compos\u00e9e d'un m\u00e9canisme d'alimentation, d'un m\u00e9canisme de d\u00e9charge, d'une plaque \u00e0 couteaux, d'un syst\u00e8me de transmission et d'un cadre inf\u00e9rieur, ainsi que d'autres pi\u00e8ces. Cette conception permet une alimentation plus facile. <\/p>    <p>De plus, nous soudons un long canal et un support au niveau de l'ouverture d'alimentation. De plus, des \u00e9tag\u00e8res et des roues peuvent \u00eatre install\u00e9es sur l\u2019\u00e9corceuse de grumes en fonction des exigences du client, ce qui la rend pratique pour le transport.<\/p>   <div class=\"wp-block-image\"> <figure class=\"aligncenter size-full\"><img loading=\"lazy\" decoding=\"async\" width=\"720\" height=\"540\" src=\"https:\/\/hnwoodmachinery.com\/wp-content\/uploads\/2022\/09\/structure-of-the-wood-skin-removing-machine-0.webp\" alt=\"structure de la machine \u00e0 enlever la peau du bois \" class=\"wp-image-433\" title=\"structure de la machine \u00e0 enlever la peau du bois \"\/><figcaption class=\"wp-element-caption\">structure de la machine \u00e0 enlever la peau du bois<\/figcaption><\/figure> <\/div>   <h3 class=\"wp-block-heading\" id=\"h-technical-parameter-of-the-small-log-debarker\">Param\u00e8tre technique de l'\u00e9corceuse de petites grumes<\/h3>    <figure class=\"wp-block-table is-style-stripes\"><table><tbody><tr><td>Mod\u00e8le<\/td><td>SL-260<\/td><td>SL-300<\/td><\/tr><tr><td>Diam\u00e8tre maximum<\/td><td>260mm<\/td><td>300 mm<\/td><\/tr><tr><td>Quantit\u00e9 de couteaux (pi\u00e8ces)<\/td><td>4<\/td><td>4<\/td><\/tr><tr><td>Puissance principale (kw)<\/td><td>7.5&nbsp;<\/td><td>7.5&nbsp;<\/td><\/tr><tr><td>Puissance motrice (kw)<\/td><td>1.5&nbsp;<\/td><td>1.5&nbsp;<\/td><\/tr><tr><td>Poids (T)<\/td><td>1.2<\/td><td>1.5<\/td><\/tr><tr><td>Taille (L*W*H)(m)<\/td><td>2.2*1.3*1.1<\/td><td>2.5*1.8*1.1<\/td><\/tr><\/tbody><\/table><figcaption class=\"wp-element-caption\">Param\u00e8tres de l'\u00e9corceuse de petites grumes<\/figcaption><\/figure>    <h3 class=\"wp-block-heading\" id=\"h-how-does-the-industrial-log-debarker-work\">Comment fonctionne l\u2019\u00e9corceuse de grumes industrielle ?<\/h3>    <p>L'\u00e9corceuse de grumes industrielle adopte une technologie de vitesse variable en continu pour ajuster automatiquement la vitesse d'alimentation. Cela lui permet de convenir au pelage de diff\u00e9rents types de bois avec diff\u00e9rentes essences, qualit\u00e9s de diam\u00e8tre et courbures. <\/p>    <p>L'\u00e9corceuse \u00e0 anneaux utilise un principe de fonctionnement de coupe rotative avec un couteau annulaire. Chaque bois est pel\u00e9 et trait\u00e9 individuellement, ce qui entra\u00eene un effet de traitement meilleur et plus approfondi.<\/p>    <figure class=\"wp-block-embed is-type-video is-provider-youtube wp-block-embed-youtube wp-embed-aspect-16-9 wp-has-aspect-ratio\"><div class=\"wp-block-embed__wrapper\"> <iframe loading=\"lazy\" title=\"Meilleure \u00e9corceuse de b\u00fbches \u4e28 machine \u00e0 \u00e9plucher le bois rond \u4e28 machine \u00e0 \u00e9plucher les b\u00fbches de bois\" width=\"500\" height=\"281\" src=\"https:\/\/www.youtube.com\/embed\/AitTndc2M6k?feature=oembed\" frameborder=\"0\" allow=\"accelerometer; autoplay; clipboard-write; encrypted-media; gyroscope; picture-in-picture; web-share\" referrerpolicy=\"strict-origin-when-cross-origin\" allowfullscreen><\/iframe> <\/div><figcaption class=\"wp-element-caption\">vid\u00e9o de travail de la machine \u00e0 \u00e9corcer les grumes<\/figcaption><\/figure>    <h2 class=\"wp-block-heading\" id=\"h-type-2-horizontal-wood-peeling-machine\">Type 2 : Machine \u00e0 \u00e9plucher le bois horizontale<\/h2>    <p>Une machine \u00e0 \u00e9plucher le bois horizontale, \u00e9galement connue sous le nom de machine \u00e0 \u00e9plucher le bois de type auge, a un rendement \u00e9lev\u00e9. Il peut traiter diverses essences, formes et longueurs de bois par lots. <\/p>    <p>Le diam\u00e8tre du mat\u00e9riau \u00e0 traiter par l'\u00e9corceuse de grumes doit \u00eatre inf\u00e9rieur \u00e0 30 cm. En utilisant des pinces et des convoyeurs \u00e0 bande grillag\u00e9e en conjonction avec la machine, celle-ci peut fonctionner plus efficacement et \u00e9conomiser une quantit\u00e9 importante de main d'\u0153uvre.<\/p>   <div class=\"wp-block-image\"> <figure class=\"aligncenter size-full\"><img loading=\"lazy\" decoding=\"async\" width=\"720\" height=\"540\" src=\"https:\/\/hnwoodmachinery.com\/wp-content\/uploads\/2022\/09\/commercial-log-debarker-0.webp\" alt=\"structure de la machine \u00e0 enlever la peau du bois \" class=\"wp-image-434\" title=\"structure de la machine \u00e0 enlever la peau du bois \"\/><figcaption class=\"wp-element-caption\">structure de la machine \u00e0 enlever la peau du bois<\/figcaption><\/figure> <\/div>   <h3 class=\"wp-block-heading\" id=\"h-what-is-the-structure-of-a-horizontal-wood-skinning-machine\">Structure de la machine \u00e0 d\u00e9pouiller le bois horizontale<\/h3>    <p>La structure de la machine \u00e0 \u00e9corcher de type auge est simple. L'\u00e9corceuse \u00e0 grumes comprend principalement un ch\u00e2ssis, un m\u00e9canisme de d\u00e9pouillement, un syst\u00e8me de transmission, un d\u00e9flecteur, un rotor avec des dents de d\u00e9pouillement et un groupe motopropulseur.<\/p>   <div class=\"wp-block-image\"> <figure class=\"aligncenter size-full\"><img loading=\"lazy\" decoding=\"async\" width=\"720\" height=\"540\" src=\"https:\/\/hnwoodmachinery.com\/wp-content\/uploads\/2022\/09\/wood-peeling-machine\u2018s-structure-0.webp\" alt=\"structure de la machine \u00e0 enlever la peau du bois \" class=\"wp-image-435\" title=\"structure de la machine \u00e0 enlever la peau du bois \"\/><figcaption class=\"wp-element-caption\">structure de la machine \u00e0 enlever la peau du bois<\/figcaption><\/figure> <\/div>   <h3 class=\"wp-block-heading\" id=\"h-detailed-information-on-the-log-peeler\">Informations d\u00e9taill\u00e9es sur l'\u00e9plucheur de b\u00fbches<\/h3>    <figure class=\"wp-block-table is-style-stripes\"><table><tbody><tr><td>Mod\u00e8le<\/td><td>SL-700<\/td><td>SL-800<\/td><\/tr><tr><td>Diam\u00e8tre maximum<\/td><td>400<\/td><td>500<\/td><\/tr><tr><td>Longueur du bois (m)<\/td><td>2-5<\/td><td>2-6<\/td><\/tr><tr><td>Capacit\u00e9 (T\/H)<\/td><td>10-12<\/td><td>15-18<\/td><\/tr><tr><td>Puissance (kw)<\/td><td>11*2<\/td><td>15*2<\/td><\/tr><tr><td>Poids (T)<\/td><td>3.5<\/td><td>6<\/td><\/tr><tr><td>Taille (L*W*H)(m)<\/td><td>6*2.5*1.6<\/td><td>6*2.8*1.7<\/td><\/tr><\/tbody><\/table><figcaption class=\"wp-element-caption\">param\u00e8tre de l'\u00e9plucheur de b\u00fbches<\/figcaption><\/figure>    <h3 class=\"wp-block-heading\" id=\"h-working-principle-of-the-double-roller-wood-peeling-machine\">Principe de fonctionnement de la machine \u00e0 \u00e9plucher le bois \u00e0 double rouleau<\/h3>    <p>Une machine \u00e0 \u00e9plucher le bois \u00e0 double rouleau utilise la force unique g\u00e9n\u00e9r\u00e9e par le rotor avec des dents qui aboient pour d\u00e9placer la section de bois dans le cycle des plaques \u00e0 fentes du silo. <\/p>    <p>Cela fait \u00e9galement tourner la section de bois autour de son axe et effectuer des sauts irr\u00e9guliers. En cons\u00e9quence, il y a une friction continue entre la section de bois et les dents, ainsi qu'entre la section de bois et la fente de grange, ce qui permet d'obtenir un effet de pelage efficace.<\/p>    <figure class=\"wp-block-embed aligncenter is-type-video is-provider-youtube wp-block-embed-youtube wp-embed-aspect-16-9 wp-has-aspect-ratio\"><div class=\"wp-block-embed__wrapper\"> <iframe loading=\"lazy\" title=\"Machine \u00e0 \u00e9corcer les b\u00fbches de bois, \u00e9quipement de transformation du bois de construction#wood #woodmachine\" width=\"500\" height=\"281\" src=\"https:\/\/www.youtube.com\/embed\/JSPAvQG3i-M?feature=oembed\" frameborder=\"0\" allow=\"accelerometer; autoplay; clipboard-write; encrypted-media; gyroscope; picture-in-picture; web-share\" referrerpolicy=\"strict-origin-when-cross-origin\" allowfullscreen><\/iframe> <\/div><figcaption class=\"wp-element-caption\">vid\u00e9o de travail de la machine \u00e0 \u00e9corcer les b\u00fbches de bois horizontales<\/figcaption><\/figure>    <h3 class=\"wp-block-heading\" id=\"h-features-of-a-wood-barking-machine\">Caract\u00e9ristiques de la machine \u00e0 \u00e9corcer les b\u00fbches de bois<\/h3>    <ul class=\"wp-block-list\"> <li>L'\u00e9corceuse de bois a un large \u00e9ventail d'applications et peut traiter diff\u00e9rentes tailles et essences de bois.<\/li>    <li>Il a un taux de pelage \u00e9lev\u00e9, atteignant une efficacit\u00e9 sup\u00e9rieure \u00e0 95%.<\/li>    <li>La machine est simple et pratique \u00e0 utiliser, avec un seul employ\u00e9 n\u00e9cessaire pour effectuer tous les travaux de pelage.<\/li>    <li>Il pr\u00e9sente une faible consommation d'\u00e9nergie et un faible taux de d\u00e9faillance, ainsi qu'une longue dur\u00e9e de vie. La machine peut \u00eatre utilis\u00e9e au sol sans installation suppl\u00e9mentaire, ce qui la rend facile \u00e0 utiliser.<\/li>    <li>Les deux machines ont un rendement \u00e9lev\u00e9 et peuvent fonctionner en continu. L\u2019\u00e9corceuse horizontale peut traiter une grande quantit\u00e9 de bois \u00e0 la fois.<\/li> <\/ul>    <h2 class=\"wp-block-heading\">Caract\u00e9ristiques des deux machines \u00e0 \u00e9plucher le bois<\/h2>    <ul class=\"wp-block-list\"> <li>Les \u00e9plucheuses verticales traitent g\u00e9n\u00e9ralement des diam\u00e8tres de bois relativement importants. Toutefois, les meilleures mati\u00e8res premi\u00e8res ne doivent pas \u00eatre trop pli\u00e9es. La machine n\u00e9cessite que les employ\u00e9s y introduisent continuellement du bois. <\/li>    <li>Les machines \u00e0 \u00e9plucher le bois horizontales peuvent g\u00e9rer le pliage et le bois de plus petit diam\u00e8tre. Ces machines peuvent traiter plusieurs mat\u00e9riaux en vrac \u00e0 la fois. Ils sont g\u00e9n\u00e9ralement utilis\u00e9s avec des pinces de pr\u00e9hension et des bandes transporteuses. Leur efficacit\u00e9 de travail \u00e9lev\u00e9e r\u00e9pond aux exigences des moyennes et grandes installations de transformation du bois.<\/li> <\/ul>    <h2 class=\"wp-block-heading\" id=\"h-successful-case\">Cas r\u00e9ussi<\/h2>    <p class=\"translation-block\">Notre client d'Am\u00e9rique poss\u00e8de une scierie. Il nous a envoy\u00e9 une demande directe pour une machine \u00e9corceuse de grumes. Apr\u00e8s communication, nous avons compris que le client avait besoin de traiter des grumes plus grossi\u00e8res. Nous avons donc fourni directement au client des photos et des vid\u00e9os du plus grand mod\u00e8le de la machine \u00e0 \u00e9plucher. Le client a \u00e9galement indiqu\u00e9 que la machine r\u00e9pondait aux exigences. <\/p>    <p>Ensuite, notre vendeur a fourni un devis au client. Apr\u00e8s que le client ait confirm\u00e9 tous les d\u00e9tails de la machine. Le client a pass\u00e9 la commande et nous avons pr\u00e9par\u00e9 la machine pour la production. Apr\u00e8s cela, la machine est exp\u00e9di\u00e9e \u00e0 destination.<\/p>    <figure class=\"wp-block-gallery has-nested-images columns-default is-cropped wp-block-gallery-3 is-layout-flex wp-block-gallery-is-layout-flex\"> <figure class=\"wp-block-image size-large\"><img loading=\"lazy\" decoding=\"async\" width=\"720\" height=\"540\" data-id=\"436\" src=\"https:\/\/hnwoodmachinery.com\/wp-content\/uploads\/2022\/09\/wooden-case-packing-of-the-wood-flaker-machine-0.webp\" alt=\"Emballage de caisse en bois de la machine \u00e0 floconner le bois \" class=\"wp-image-436\" title=\"Emballage de caisse en bois de la machine \u00e0 floconner le bois \"\/><figcaption class=\"wp-element-caption\">Emballage de caisse en bois de la machine \u00e0 floconner le bois<\/figcaption><\/figure>    <figure class=\"wp-block-image size-large\"><img loading=\"lazy\" decoding=\"async\" width=\"720\" height=\"540\" data-id=\"437\" src=\"https:\/\/hnwoodmachinery.com\/wp-content\/uploads\/2022\/09\/wood-debarker-.webp\" alt=\"\u00e9corceuse de bois\" class=\"wp-image-437\" title=\"\u00e9corceuse de bois\"\/><figcaption class=\"wp-element-caption\">\u00c9corceuse de bois<\/figcaption><\/figure> <\/figure>    <h2 class=\"wp-block-heading\" id=\"h-what-are-the-reasons-for-choosing-the-shuliy-log-debarker\">Pourquoi choisir l'\u00e9corceuse de grumes Shuliy\u00a0?<\/h2>    <ul class=\"wp-block-list\"> <li>Shuliy Machinery est un fabricant professionnel de machines \u00e0 bois. Nous pouvons fournir aux clients des prix avantageux et des machines de haute qualit\u00e9.<\/li>    <li>Nous pouvons r\u00e9soudre rapidement la plupart des probl\u00e8mes rencontr\u00e9s par les clients. Nous avons une connaissance approfondie des machines \u00e0 bois et pouvons fournir des informations sur tous les aspects que les clients souhaitent conna\u00eetre.<\/li>    <li>Nous poss\u00e9dons une vaste exp\u00e9rience dans l\u2019exportation et pouvons aider nos clients \u00e0 r\u00e9soudre rapidement les probl\u00e8mes li\u00e9s \u00e0 l\u2019exportation.<\/li>    <li>Nos machines ont \u00e9t\u00e9 export\u00e9es dans de nombreux pays et tous les clients sont satisfaits de nos machines.<\/li> <\/ul>    <p class=\"translation-block\">Nous avons \u00e9galement des machines de scierie et des machines \u00e0 fabriquer de la sciure. La machine \u00e9corceuse de grumes peut \u00eatre utilis\u00e9e pour des projets de menuiserie et est \u00e9galement id\u00e9ale pour les agriculteurs et les utilisateurs de grumes. Nous vous invitons sinc\u00e8rement \u00e0 nous consulter \u00e0 tout moment pour en savoir plus sur les machines de traitement du bois et nous vous souhaitons la bienvenue dans notre usine. Nous sommes impatients de coop\u00e9rer avec vous.<\/p>","protected":false},"excerpt":{"rendered":"<p>L'\u00e9corceuse de b\u00fbches de bois utilise une technologie d'\u00e9cor\u00e7age rotative de pointe \u00e9quip\u00e9e de lames en alliage \u00e0 haute r\u00e9sistance pour \u00e9corcer efficacement les b\u00fbches. Il peut traiter jusqu'\u00e0 20 tonnes de grumes par heure.<\/p>","protected":false},"author":1,"featured_media":430,"parent":0,"template":"","tags":[36,41,35],"product-type":[5],"class_list":["post-23","product","type-product","status-publish","has-post-thumbnail","hentry","tag-log","tag-timber","tag-wood","product-type-wood-debarker"],"_links":{"self":[{"href":"https:\/\/hnwoodmachinery.com\/fr\/wp-json\/wp\/v2\/product\/23","targetHints":{"allow":["GET"]}}],"collection":[{"href":"https:\/\/hnwoodmachinery.com\/fr\/wp-json\/wp\/v2\/product"}],"about":[{"href":"https:\/\/hnwoodmachinery.com\/fr\/wp-json\/wp\/v2\/types\/product"}],"author":[{"embeddable":true,"href":"https:\/\/hnwoodmachinery.com\/fr\/wp-json\/wp\/v2\/users\/1"}],"wp:featuredmedia":[{"embeddable":true,"href":"https:\/\/hnwoodmachinery.com\/fr\/wp-json\/wp\/v2\/media\/430"}],"wp:attachment":[{"href":"https:\/\/hnwoodmachinery.com\/fr\/wp-json\/wp\/v2\/media?parent=23"}],"wp:term":[{"taxonomy":"post_tag","embeddable":true,"href":"https:\/\/hnwoodmachinery.com\/fr\/wp-json\/wp\/v2\/tags?post=23"},{"taxonomy":"product-type","embeddable":true,"href":"https:\/\/hnwoodmachinery.com\/fr\/wp-json\/wp\/v2\/product-type?post=23"}],"curies":[{"name":"wp","href":"https:\/\/api.w.org\/{rel}","templated":true}]}}