{"id":222,"date":"2022-07-25T07:25:37","date_gmt":"2022-07-25T07:25:37","guid":{"rendered":"https:\/\/hnwoodmachinery.com\/?post_type=product&#038;p=222"},"modified":"2024-09-29T18:27:49","modified_gmt":"2024-09-29T10:27:49","slug":"comprehensive-pallet-crusher","status":"publish","type":"product","link":"https:\/\/hnwoodmachinery.com\/fr\/product\/comprehensive-pallet-crusher\/","title":{"rendered":"Broyeur de palettes complet, broyeur de bois industriel de grande capacit\u00e9"},"content":{"rendered":"<div class=\"kk-star-ratings kksr-auto kksr-align-left kksr-valign-top\"     data-payload='{&quot;align&quot;:&quot;left&quot;,&quot;id&quot;:&quot;222&quot;,&quot;slug&quot;:&quot;default&quot;,&quot;valign&quot;:&quot;top&quot;,&quot;ignore&quot;:&quot;&quot;,&quot;reference&quot;:&quot;auto&quot;,&quot;class&quot;:&quot;&quot;,&quot;count&quot;:&quot;91&quot;,&quot;legendonly&quot;:&quot;&quot;,&quot;readonly&quot;:&quot;&quot;,&quot;score&quot;:&quot;4.9&quot;,&quot;starsonly&quot;:&quot;&quot;,&quot;best&quot;:&quot;5&quot;,&quot;gap&quot;:&quot;5&quot;,&quot;greet&quot;:&quot;Rate this product&quot;,&quot;legend&quot;:&quot;4.9\\\/5 - (91 votes)&quot;,&quot;size&quot;:&quot;24&quot;,&quot;title&quot;:&quot;Comprehensive Pallet Crusher High Capacity Industrial Wood Grinder&quot;,&quot;width&quot;:&quot;139.6&quot;,&quot;_legend&quot;:&quot;{score}\\\/{best} - ({count} {votes})&quot;,&quot;font_factor&quot;:&quot;1.25&quot;}'>              <div class=\"kksr-stars\">      <div class=\"kksr-stars-inactive\">             <div class=\"kksr-star\" data-star=\"1\" style=\"padding-right: 5px\">               <div class=\"kksr-icon\" style=\"width: 24px; height: 24px;\"><\/div>         <\/div>             <div class=\"kksr-star\" data-star=\"2\" style=\"padding-right: 5px\">               <div class=\"kksr-icon\" style=\"width: 24px; height: 24px;\"><\/div>         <\/div>             <div class=\"kksr-star\" data-star=\"3\" style=\"padding-right: 5px\">               <div class=\"kksr-icon\" style=\"width: 24px; height: 24px;\"><\/div>         <\/div>             <div class=\"kksr-star\" data-star=\"4\" style=\"padding-right: 5px\">               <div class=\"kksr-icon\" style=\"width: 24px; height: 24px;\"><\/div>         <\/div>             <div class=\"kksr-star\" data-star=\"5\" style=\"padding-right: 5px\">               <div class=\"kksr-icon\" style=\"width: 24px; height: 24px;\"><\/div>         <\/div>     <\/div>      <div class=\"kksr-stars-active\" style=\"width: 139.6px;\">             <div class=\"kksr-star\" style=\"padding-right: 5px\">               <div class=\"kksr-icon\" style=\"width: 24px; height: 24px;\"><\/div>         <\/div>             <div class=\"kksr-star\" style=\"padding-right: 5px\">               <div class=\"kksr-icon\" style=\"width: 24px; height: 24px;\"><\/div>         <\/div>             <div class=\"kksr-star\" style=\"padding-right: 5px\">               <div class=\"kksr-icon\" style=\"width: 24px; height: 24px;\"><\/div>         <\/div>             <div class=\"kksr-star\" style=\"padding-right: 5px\">               <div class=\"kksr-icon\" style=\"width: 24px; height: 24px;\"><\/div>         <\/div>             <div class=\"kksr-star\" style=\"padding-right: 5px\">               <div class=\"kksr-icon\" style=\"width: 24px; height: 24px;\"><\/div>         <\/div>     <\/div> <\/div>                   <div class=\"kksr-legend\" style=\"font-size: 19.2px;\">             4,9\/5 - (91 votes)    <\/div>     <\/div>  <p class=\"translation-block\">Le <strong>broyeur de palettes complet<\/strong> est utilis\u00e9 dans diverses industries pour traiter diff\u00e9rents types de bois. Il peut traiter le bois de clou, les palettes en bois, les d\u00e9chets de bois de chantier, les supports en bois, les branches, le bois de construction, etc., ainsi qu'une vari\u00e9t\u00e9 de pailles en vrac, de roseaux et d'autres mat\u00e9riaux non ligneux vari\u00e9s, avec un large \u00e9ventail d'applications. <\/p>    <p>Compar\u00e9 \u00e0 d'autres concasseurs, le concasseur complet adopte une alimentation de transport \u00e0 plaques \u00e0 cha\u00eene, ce qui peut rendre l'alimentation plus fluide et am\u00e9liorer consid\u00e9rablement la capacit\u00e9 de production, jusqu'\u00e0 30 tonnes par heure.<\/p>    <figure class=\"wp-block-embed aligncenter is-type-video is-provider-youtube wp-block-embed-youtube wp-embed-aspect-16-9 wp-has-aspect-ratio\"><div class=\"wp-block-embed__wrapper\"> <iframe loading=\"lazy\" title=\"Broyeur de bois g\u00e9ant : le d\u00e9fi ultime de broyer puissamment de grandes palettes de bois ! \ud83d\udd25#bois\" width=\"500\" height=\"281\" src=\"https:\/\/www.youtube.com\/embed\/bjuIT1J-sVk?feature=oembed\" frameborder=\"0\" allow=\"accelerometer; autoplay; clipboard-write; encrypted-media; gyroscope; picture-in-picture; web-share\" referrerpolicy=\"strict-origin-when-cross-origin\" allowfullscreen><\/iframe> <\/div><figcaption class=\"wp-element-caption\">vid\u00e9o compl\u00e8te de travail de la machine de concasseur de palettes<\/figcaption><\/figure>    <p>Le broyeur de palettes complet Shuliy est dot\u00e9 d'un tapis roulant d'alimentation qui permet aux utilisateurs de placer des planches, du bois et d'autres mat\u00e9riaux directement dessus. La bande transporteuse transporte ensuite automatiquement le mat\u00e9riau vers le syst\u00e8me de concassage, ce qui permet d'\u00e9conomiser consid\u00e9rablement de l'\u00e9nergie. Cette machine convient aussi bien au traitement du bois par lots qu'en continu.<\/p>    <p class=\"translation-block\">La machine est \u00e9quip\u00e9e d'un dispositif d'aspiration magn\u00e9tique \u00e0 sa sortie, capable de retirer les clous, les d\u00e9bris et autres mat\u00e9riaux du produit fini. De plus, nous proposons diff\u00e9rents mod\u00e8les de broyeurs de bois pour r\u00e9pondre aux divers besoins de nos clients. Par ailleurs, nous avons \u00e9galement des <a href=\"https:\/\/hnwoodmachinery.com\/fr\/product\/wood-shredder-machine\/\">broyeurs de bois plus petits<\/a> qui peuvent principalement traiter les grumes, les branches, etc.<\/p>    <figure class=\"wp-block-gallery has-nested-images columns-default is-cropped wp-block-gallery-2 is-layout-flex wp-block-gallery-is-layout-flex\"> <figure class=\"wp-block-image size-large\"><img loading=\"lazy\" decoding=\"async\" width=\"720\" height=\"540\" data-id=\"415\" src=\"https:\/\/hnwoodmachinery.com\/wp-content\/uploads\/2022\/09\/comprehensive-pallet-crusher-a.webp\" alt=\"concasseur de palettes complet\" class=\"wp-image-415\" title=\"concasseur de palettes complet\"\/><figcaption class=\"wp-element-caption\">Concasseur de palettes complet<\/figcaption><\/figure>    <figure class=\"wp-block-image size-large\"><img loading=\"lazy\" decoding=\"async\" width=\"720\" height=\"540\" data-id=\"416\" src=\"https:\/\/hnwoodmachinery.com\/wp-content\/uploads\/2022\/09\/newly-manufactured-pallet-crusher-machine-a.webp\" alt=\"broyeur de palettes en bois industriel\" class=\"wp-image-416\" title=\"broyeur de palettes en bois industriel\"\/><figcaption class=\"wp-element-caption\">Broyeur de palettes en bois industriel<\/figcaption><\/figure> <\/figure>    <p>&nbsp;&nbsp;&nbsp;&nbsp;&nbsp;&nbsp;&nbsp;&nbsp;&nbsp;&nbsp;&nbsp;&nbsp;&nbsp;&nbsp;&nbsp;&nbsp;&nbsp;&nbsp;&nbsp;&nbsp;&nbsp;&nbsp;&nbsp;&nbsp;&nbsp;<\/p>    <h2 class=\"wp-block-heading\">Champ d'application de la meuleuse \u00e0 bois industrielle<\/h2>    <p>Le broyeur de bois industriel est capable de traiter divers d\u00e9chets de bois, notamment des bo\u00eetes d'emballage, des gabarits, des planches, des branches, des bacs en bois, des palettes, des tiges de ma\u00efs, des b\u00fbches, etc., tout en broyant efficacement l'ensilage. Sa fonctionnalit\u00e9 est robuste, solide et durable, ce qui la rend adapt\u00e9e \u00e0 une large gamme de mat\u00e9riaux.<\/p>    <p class=\"translation-block\"><strong>Champ d'application des copeaux de bois finis<\/strong> : Les copeaux de bois servent de mati\u00e8re premi\u00e8re principale pour les granul\u00e9s de biomasse, les panneaux de particules, la production de charbon de bois, les engrais organiques, et plus encore. Ils sont \u00e9galement essentiels pour les centrales \u00e9lectriques, les installations de fabrication de <a href=\"https:\/\/en.wikipedia.org\/wiki\/Pellet_fuel\" target=\"_blank\" rel=\"noopener\">granul\u00e9s de biomasse<\/a>, la production de panneaux de particules, et diverses autres industries.<\/p>   <div class=\"wp-block-image\"> <figure class=\"aligncenter size-full\"><img loading=\"lazy\" decoding=\"async\" width=\"720\" height=\"540\" src=\"https:\/\/hnwoodmachinery.com\/wp-content\/uploads\/2022\/09\/applications-of-industial-wood-grinder-machine-0.webp\" alt=\"applications de la meuleuse de bois industrielle\" class=\"wp-image-417\" title=\"applications de la meuleuse de bois industrielle\"\/><figcaption class=\"wp-element-caption\">applications de la meuleuse de bois industrielle<\/figcaption><\/figure> <\/div>   <h2 class=\"wp-block-heading\">Caract\u00e9ristiques remarquables du broyeur de palettes en bois<\/h2>    <ul class=\"wp-block-list\"> <li>Il peut s'adapter \u00e0 diverses conditions g\u00e9ographiques et de terrain pour l'installation et l'utilisation des \u00e9quipements, sans \u00eatre affect\u00e9 par les climats saisonniers et d'autres facteurs externes.<\/li>    <li>Notre concasseur de palettes avanc\u00e9 est dot\u00e9 d'un contr\u00f4le automatique, ainsi que d'une alimentation et d'un d\u00e9chargement automatiques, ce qui am\u00e9liore la capacit\u00e9 de production. De plus, il assure la s\u00e9paration homme-machine, augmentant ainsi la s\u00e9curit\u00e9 du fonctionnement de la machine.<\/li>    <li>Le broyeur complet est capable de traiter tous les types de d\u00e9chets de bois, y compris ceux contenant des clous m\u00e9talliques. Il peut accueillir une large gamme de mati\u00e8res premi\u00e8res, telles que des b\u00fbches, des branches, des meubles mis au rebut et des planches.<\/li>    <li>Il utilise une plaque \u00e0 cha\u00eene pour l'alimentation, ce qui permet une entr\u00e9e de mat\u00e9riau plus fluide et augmente consid\u00e9rablement la capacit\u00e9 de production.\u3000\u3000<\/li> <\/ul>   <div class=\"wp-block-image\"> <figure class=\"aligncenter size-full\"><img loading=\"lazy\" decoding=\"async\" width=\"720\" height=\"540\" src=\"https:\/\/hnwoodmachinery.com\/wp-content\/uploads\/2022\/09\/industrial-wood-pallet-shredders-for-sale_.webp\" alt=\"broyeurs de palettes en bois industriels\" class=\"wp-image-418\" title=\"broyeurs de palettes en bois industriels\"\/><figcaption class=\"wp-element-caption\">broyeurs de palettes en bois industriels<\/figcaption><\/figure> <\/div>   <h2 class=\"wp-block-heading\">Param\u00e8tres de la machine de broyeur de bois industriel<\/h2>    <figure class=\"wp-block-table is-style-stripes\"><table><tbody><tr><td>Mod\u00e8le<\/td><td>SL-C-1300<\/td><td>SL-C-1400<\/td><td>SL-C-1600<\/td><\/tr><tr><td>Taille de l'entr\u00e9e d'alimentation<\/td><td>1300*500mm<\/td><td>1400*800mm<\/td><td>1600*800mm<\/td><\/tr><tr><td>Diam\u00e8tre maximum d'alimentation<\/td><td>400 mm<\/td><td>500mm<\/td><td>600mm<\/td><\/tr><tr><td>Taille de sortie<\/td><td>Moins de 100 mm<\/td><td>Moins de 100 mm<\/td><td>Moins de 100 mm<\/td><\/tr><tr><td>Convoyeur d'entr\u00e9e<\/td><td>6m<\/td><td>6m<\/td><td>6m<\/td><\/tr><tr><td>Convoyeur de sortie<\/td><td>8m<\/td><td>10m<\/td><td>10m<\/td><\/tr><tr><td>quantit\u00e9 de Marteau<\/td><td>20 pi\u00e8ces<\/td><td>32 pi\u00e8ces<\/td><td>66 pi\u00e8ces<\/td><\/tr><tr><td>Capacit\u00e9<\/td><td>8-10 t\/h<\/td><td>10-15 t\/h<\/td><td>20-30t\/heure<\/td><\/tr><tr><td>Pouvoir total<\/td><td>156,5 kW<\/td><td>213,5 kW<\/td><td>233,5 kW<\/td><\/tr><tr><td>Taille globale<\/td><td>8600*2000*2300mm<\/td><td>9600*2400*3300mm<\/td><td>12500*2800*3200mm<\/td><\/tr><\/tbody><\/table><figcaption class=\"wp-element-caption\">donn\u00e9es techniques compl\u00e8tes du concasseur de palettes<\/figcaption><\/figure>    <h2 class=\"wp-block-heading\">Quels sont les composants du broyeur de palettes en bois ?<\/h2>    <p>Le broyeur de palettes complet se compose principalement d'un convoyeur d'alimentation, d'un dispositif d'alimentation, d'un rouleau \u00e0 couteaux, d'un tamis, d'un orifice de d\u00e9charge, d'un dispositif d'aspiration magn\u00e9tique, etc. La structure de la machine est avanc\u00e9e et raisonnable, et elle est facile \u00e0 utiliser et \u00e0 entretenir.<\/p>   <div class=\"wp-block-image\"> <figure class=\"aligncenter size-full\"><img loading=\"lazy\" decoding=\"async\" width=\"720\" height=\"540\" src=\"https:\/\/hnwoodmachinery.com\/wp-content\/uploads\/2022\/09\/structure-of-the-wood-crusher-machine_.webp\" alt=\"structure de la machine de broyeur de bois\" class=\"wp-image-419\" title=\"structure de la machine de broyeur de bois\"\/><figcaption class=\"wp-element-caption\">structure de la machine de broyeur de bois<\/figcaption><\/figure> <\/div>   <h2 class=\"wp-block-heading\">Comment fonctionne un broyeur de bois de grande capacit\u00e9 ?<\/h2>   <div id=\"rank-math-howto\" class=\"rank-math-block\" > <div class=\"rank-math-howto-description\">  <\/div>  <div class=\"rank-math-steps\"> <div id=\"howto-step-1717405163877\" class=\"rank-math-step\"> <div class=\"rank-math-step-content\"><p>La machine compl\u00e8te de broyage de palettes utilise principalement la force d'impact pour briser le bois. Pendant le fonctionnement, le moteur fait tourner le rotor interne \u00e0 des vitesses \u00e9lev\u00e9es, permettant au bois d'entrer uniform\u00e9ment dans la chambre de concassage.<\/p> <\/div> <\/div> <div id=\"howto-step-1717405183757\" class=\"rank-math-step\"> <div class=\"rank-math-step-content\"><p>Les marteaux rotatifs \u00e0 grande vitesse frappent ensuite le bois, le faisant \u00e9clater. Pendant ce temps, le bois, influenc\u00e9 par son poids, est propuls\u00e9 des marteaux vers le d\u00e9flecteur.<\/p> <\/div> <\/div> <div id=\"howto-step-1717405206741\" class=\"rank-math-step\"> <div class=\"rank-math-step-content\"><p>Au bas de la machine, il y a une plaque de tamisage ; le bois broy\u00e9 passe \u00e0 travers des ouvertures plus petites que la taille des mailles, tandis que les morceaux plus gros restent sur le tamis pour \u00eatre ensuite trait\u00e9s par les marteaux.<\/p> <\/div> <\/div> <\/div> <\/div>       <figure class=\"wp-block-embed aligncenter is-type-video is-provider-youtube wp-block-embed-youtube wp-embed-aspect-16-9 wp-has-aspect-ratio\"><div class=\"wp-block-embed__wrapper\"> <iframe loading=\"lazy\" title=\"Puissant broyeur de palettes de bois en action : technologie efficace de r\u00e9duction des d\u00e9chets de bois !#crusher #wood\" width=\"500\" height=\"281\" src=\"https:\/\/www.youtube.com\/embed\/jimooBVD8i8?feature=oembed\" frameborder=\"0\" allow=\"accelerometer; autoplay; clipboard-write; encrypted-media; gyroscope; picture-in-picture; web-share\" referrerpolicy=\"strict-origin-when-cross-origin\" allowfullscreen><\/iframe> <\/div><figcaption class=\"wp-element-caption\">principe de fonctionnement complet du concasseur de palettes<\/figcaption><\/figure>    <h2 class=\"wp-block-heading\">Exportation d'un concasseur complet \u00e0 Singapour<\/h2>    <p>Un client de Singapour nous a contact\u00e9 par e-mail pour nous faire part de son besoin d'un concasseur de palettes complet. Il avait d\u00e9j\u00e0 visit\u00e9 notre site Web et trouv\u00e9 nos coordonn\u00e9es. Peu de temps apr\u00e8s, notre responsable commercial a r\u00e9pondu \u00e0 son email. <\/p>    <p>Nous avons confirm\u00e9 aupr\u00e8s du client qu'il utilisait des planches de bois comme mati\u00e8re premi\u00e8re. Les dimensions des planches sont de 1200x1100x150mm et contiennent des clous. Nous lui avons \u00e9galement fourni des photos, des sp\u00e9cifications et une vid\u00e9o de la machine. Notre broyeur int\u00e9gr\u00e9 est bien adapt\u00e9 \u00e0 ce type de mati\u00e8re premi\u00e8re. Apr\u00e8s r\u00e9flexion, le client a d\u00e9cid\u00e9 de proc\u00e9der \u00e0 un achat.<\/p>   <div class=\"wp-block-image\"> <figure class=\"aligncenter size-full\"><img loading=\"lazy\" decoding=\"async\" width=\"720\" height=\"540\" src=\"https:\/\/hnwoodmachinery.com\/wp-content\/uploads\/2022\/09\/comprehensive-crusher_.webp\" alt=\"concasseur complet\" class=\"wp-image-421\" title=\"concasseur complet\"\/><figcaption class=\"wp-element-caption\">concasseur complet<\/figcaption><\/figure> <\/div>   <h2 class=\"wp-block-heading\">Bienvenue \u00e0 nous contacter<\/h2>    <p>Notre usine est sp\u00e9cialis\u00e9e dans la production de machines de transformation du bois depuis de nombreuses ann\u00e9es, apportant une riche exp\u00e9rience et une technologie de pointe. Nous nous engageons \u00e0 proposer des broyeurs int\u00e9gr\u00e9s de haute qualit\u00e9 et de grande capacit\u00e9 qui r\u00e9pondent \u00e0 divers besoins de recyclage du bois. N'h\u00e9sitez pas \u00e0 nous contacter \u00e0 tout moment pour en savoir plus sur nos produits ou pour visiter notre usine. Nous attendons avec impatience l\u2019opportunit\u00e9 de travailler ensemble.<\/p>","protected":false},"excerpt":{"rendered":"<p>Le concasseur de palettes complet a une large gamme d\u2019applications. Il convient \u00e0 diff\u00e9rents types de bois, avec un rendement \u00e9lev\u00e9, une efficacit\u00e9 \u00e9lev\u00e9e, une r\u00e9sistance \u00e0 l'usure et une durabilit\u00e9.<\/p>","protected":false},"author":1,"featured_media":520,"parent":0,"template":"","tags":[35,40,39],"product-type":[7],"class_list":["post-222","product","type-product","status-publish","has-post-thumbnail","hentry","tag-wood","tag-wood-chips","tag-wood-pallet","product-type-wood-crusher"],"_links":{"self":[{"href":"https:\/\/hnwoodmachinery.com\/fr\/wp-json\/wp\/v2\/product\/222","targetHints":{"allow":["GET"]}}],"collection":[{"href":"https:\/\/hnwoodmachinery.com\/fr\/wp-json\/wp\/v2\/product"}],"about":[{"href":"https:\/\/hnwoodmachinery.com\/fr\/wp-json\/wp\/v2\/types\/product"}],"author":[{"embeddable":true,"href":"https:\/\/hnwoodmachinery.com\/fr\/wp-json\/wp\/v2\/users\/1"}],"wp:featuredmedia":[{"embeddable":true,"href":"https:\/\/hnwoodmachinery.com\/fr\/wp-json\/wp\/v2\/media\/520"}],"wp:attachment":[{"href":"https:\/\/hnwoodmachinery.com\/fr\/wp-json\/wp\/v2\/media?parent=222"}],"wp:term":[{"taxonomy":"post_tag","embeddable":true,"href":"https:\/\/hnwoodmachinery.com\/fr\/wp-json\/wp\/v2\/tags?post=222"},{"taxonomy":"product-type","embeddable":true,"href":"https:\/\/hnwoodmachinery.com\/fr\/wp-json\/wp\/v2\/product-type?post=222"}],"curies":[{"name":"wp","href":"https:\/\/api.w.org\/{rel}","templated":true}]}}