{"id":207,"date":"2022-07-22T08:10:18","date_gmt":"2022-07-22T08:10:18","guid":{"rendered":"https:\/\/hnwoodmachinery.com\/?post_type=product&#038;p=207"},"modified":"2024-09-24T18:28:36","modified_gmt":"2024-09-24T10:28:36","slug":"drum-wood-chipper","status":"publish","type":"product","link":"https:\/\/hnwoodmachinery.com\/fr\/product\/drum-wood-chipper\/","title":{"rendered":"D\u00e9chiqueteuse \u00e0 bois \u00e0 tambour copeaux de bois commerciaux faisant la machine"},"content":{"rendered":"<div class=\"kk-star-ratings kksr-auto kksr-align-left kksr-valign-top\"     data-payload='{&quot;align&quot;:&quot;left&quot;,&quot;id&quot;:&quot;207&quot;,&quot;slug&quot;:&quot;default&quot;,&quot;valign&quot;:&quot;top&quot;,&quot;ignore&quot;:&quot;&quot;,&quot;reference&quot;:&quot;auto&quot;,&quot;class&quot;:&quot;&quot;,&quot;count&quot;:&quot;94&quot;,&quot;legendonly&quot;:&quot;&quot;,&quot;readonly&quot;:&quot;&quot;,&quot;score&quot;:&quot;4.8&quot;,&quot;starsonly&quot;:&quot;&quot;,&quot;best&quot;:&quot;5&quot;,&quot;gap&quot;:&quot;5&quot;,&quot;greet&quot;:&quot;Rate this product&quot;,&quot;legend&quot;:&quot;4.8\\\/5 - (94 votes)&quot;,&quot;size&quot;:&quot;24&quot;,&quot;title&quot;:&quot;Drum Wood Chipper Commercial Timber Chips Making Machine&quot;,&quot;width&quot;:&quot;136.7&quot;,&quot;_legend&quot;:&quot;{score}\\\/{best} - ({count} {votes})&quot;,&quot;font_factor&quot;:&quot;1.25&quot;}'>              <div class=\"kksr-stars\">      <div class=\"kksr-stars-inactive\">             <div class=\"kksr-star\" data-star=\"1\" style=\"padding-right: 5px\">               <div class=\"kksr-icon\" style=\"width: 24px; height: 24px;\"><\/div>         <\/div>             <div class=\"kksr-star\" data-star=\"2\" style=\"padding-right: 5px\">               <div class=\"kksr-icon\" style=\"width: 24px; height: 24px;\"><\/div>         <\/div>             <div class=\"kksr-star\" data-star=\"3\" style=\"padding-right: 5px\">               <div class=\"kksr-icon\" style=\"width: 24px; height: 24px;\"><\/div>         <\/div>             <div class=\"kksr-star\" data-star=\"4\" style=\"padding-right: 5px\">               <div class=\"kksr-icon\" style=\"width: 24px; height: 24px;\"><\/div>         <\/div>             <div class=\"kksr-star\" data-star=\"5\" style=\"padding-right: 5px\">               <div class=\"kksr-icon\" style=\"width: 24px; height: 24px;\"><\/div>         <\/div>     <\/div>      <div class=\"kksr-stars-active\" style=\"width: 136.7px;\">             <div class=\"kksr-star\" style=\"padding-right: 5px\">               <div class=\"kksr-icon\" style=\"width: 24px; height: 24px;\"><\/div>         <\/div>             <div class=\"kksr-star\" style=\"padding-right: 5px\">               <div class=\"kksr-icon\" style=\"width: 24px; height: 24px;\"><\/div>         <\/div>             <div class=\"kksr-star\" style=\"padding-right: 5px\">               <div class=\"kksr-icon\" style=\"width: 24px; height: 24px;\"><\/div>         <\/div>             <div class=\"kksr-star\" style=\"padding-right: 5px\">               <div class=\"kksr-icon\" style=\"width: 24px; height: 24px;\"><\/div>         <\/div>             <div class=\"kksr-star\" style=\"padding-right: 5px\">               <div class=\"kksr-icon\" style=\"width: 24px; height: 24px;\"><\/div>         <\/div>     <\/div> <\/div>                   <div class=\"kksr-legend\" style=\"font-size: 19.2px;\">             4.8\/5 - (94 votes)    <\/div>     <\/div>  <p>La d\u00e9chiqueteuse \u00e0 bois \u00e0 tambour est \u00e9quip\u00e9e d\u2019un syst\u00e8me de coupe avanc\u00e9. Il peut facilement manipuler des b\u00fbches et des branches de diff\u00e9rentes duret\u00e9s pour des op\u00e9rations de d\u00e9chiquetage pr\u00e9cises et rapides, avec une capacit\u00e9 de traitement allant jusqu'\u00e0 15 tonnes de bois par heure. <\/p>    <p>En raison du rendement \u00e9lev\u00e9 de cette machine, elle est g\u00e9n\u00e9ralement utilis\u00e9e dans les moyennes et grandes entreprises de transformation du bois. Les copeaux de bois sont g\u00e9n\u00e9ralement utilis\u00e9s pour le concassage grossier avant le concassage du bois, la fabrication du papier, le combustible et la fabrication de toutes sortes de planches, etc.<\/p>    <figure class=\"wp-block-embed aligncenter is-type-video is-provider-youtube wp-block-embed-youtube wp-embed-aspect-16-9 wp-has-aspect-ratio\"><div class=\"wp-block-embed__wrapper\"> <iframe loading=\"lazy\" title=\"Lib\u00e9rez la puissance d&#039;une d\u00e9chiqueteuse \u00e0 bois \u00e0 tambour de grande capacit\u00e9\u00a0: d\u00e9chiquetez le bois comme un pro\u00a0!\" width=\"500\" height=\"281\" src=\"https:\/\/www.youtube.com\/embed\/EXLexC2cebo?start=4&#038;feature=oembed\" frameborder=\"0\" allow=\"accelerometer; autoplay; clipboard-write; encrypted-media; gyroscope; picture-in-picture; web-share\" referrerpolicy=\"strict-origin-when-cross-origin\" allowfullscreen><\/iframe> <\/div><figcaption class=\"wp-element-caption\">vid\u00e9o de travail de la d\u00e9chiqueteuse \u00e0 bois \u00e0 grand tambour<\/figcaption><\/figure>    <p>La d\u00e9chiqueteuse \u00e0 tambour est \u00e9quip\u00e9e d'un tapis roulant pour une alimentation automatique, ce qui r\u00e9duit consid\u00e9rablement les besoins en temps et en main d'\u0153uvre. De plus, les rouleaux de pression du broyeur \u00e0 tambour poussent activement le mat\u00e9riau dans le syst\u00e8me de broyage. <\/p>    <p class=\"translation-block\">Cette machine peut \u00eatre int\u00e9gr\u00e9e \u00e0 un convoyeur et \u00e0 un broyeur \u00e0 marteaux pour cr\u00e9er une ligne de production compl\u00e8te pour le traitement des copeaux de bois. De plus, nous fabriquons \u00e9galement de plus petits <a href=\"https:\/\/hnwoodmachinery.com\/fr\/product\/wood-chips-making-machine\/\">petits d\u00e9chiqueteurs de bois<\/a>.<\/p>   <div class=\"wp-block-image\"> <figure class=\"aligncenter size-full\"><img loading=\"lazy\" decoding=\"async\" width=\"720\" height=\"540\" src=\"https:\/\/hnwoodmachinery.com\/wp-content\/uploads\/2022\/09\/industrial-wood-chipper0.webp\" alt=\"broyeur de bois industriel\" class=\"wp-image-407\" title=\"broyeur de bois industriel\"\/><figcaption class=\"wp-element-caption\">broyeur de bois industriel<\/figcaption><\/figure> <\/div>   <h2 class=\"wp-block-heading\">Applications li\u00e9es aux d\u00e9chiqueteuses de bois commerciales<\/h2>    <p class=\"translation-block\"><strong>Mati\u00e8res premi\u00e8res :<\/strong> cette machine de d\u00e9chiquetage de bois \u00e0 tambour est capable de traiter divers mat\u00e9riaux tels que le feuillage, le bois d'\u0153uvre, les b\u00fbches et le bois de petit diam\u00e8tre. (Veuillez noter que les mat\u00e9riaux utilis\u00e9s avec cette machine ne doivent pas contenir de clous).<\/p>    <p class=\"translation-block\"><strong>Champ d'application des copeaux de bois :<\/strong> les copeaux de bois produits peuvent \u00eatre utilis\u00e9s pour la fabrication de papier, la fabrication de panneaux de particules et de panneaux de fibres, ou comme combustible. De plus, nous pouvons vendre les copeaux de bois directement.<\/p>   <div class=\"wp-block-image\"> <figure class=\"aligncenter size-full\"><img loading=\"lazy\" decoding=\"async\" width=\"720\" height=\"540\" src=\"https:\/\/hnwoodmachinery.com\/wp-content\/uploads\/2022\/09\/using-scope-of-the-wood-chipper-0-2.webp\" alt=\"en utilisant la port\u00e9e de la d\u00e9chiqueteuse \u00e0 bois\" class=\"wp-image-412\" title=\"en utilisant la port\u00e9e de la d\u00e9chiqueteuse \u00e0 bois\"\/><figcaption class=\"wp-element-caption\">en utilisant la port\u00e9e de la d\u00e9chiqueteuse \u00e0 bois \u00e0 tambour<\/figcaption><\/figure> <\/div>   <h2 class=\"wp-block-heading\">Avantages uniques de la d\u00e9chiqueteuse de bois industrielle<\/h2>    <ul class=\"wp-block-list\"> <li>Travail solide. Il peut traiter efficacement divers mat\u00e9riaux. Le traitement du produit final est bon.<\/li>    <li>Longue dur\u00e9e de vie de la machine : le rouleau de couteaux, la plaque \u00e0 couteaux et les lames de la machine sont tous fabriqu\u00e9s \u00e0 partir de mat\u00e9riaux de haute qualit\u00e9, r\u00e9sistants \u00e0 l'usure et durables.<\/li>    <li>La d\u00e9chiqueteuse \u00e0 bois \u00e0 tambour dispose d'une armoire de commande \u00e9lectrique ind\u00e9pendante, de sorte que la machine est s\u00fbre \u00e0 utiliser et facile \u00e0 utiliser.<\/li>    <li>La d\u00e9chiqueteuse peut ajuster automatiquement la taille du port d'alimentation. Selon les diff\u00e9rentes \u00e9paisseurs de la mati\u00e8re premi\u00e8re, le rouleau d'alimentation sup\u00e9rieur peut flotter de haut en bas dans une certaine plage \u00e0 l'aide d'un syst\u00e8me hydraulique.<\/li> <\/ul>   <div class=\"wp-block-image\"> <figure class=\"aligncenter size-full\"><img loading=\"lazy\" decoding=\"async\" width=\"720\" height=\"540\" src=\"https:\/\/hnwoodmachinery.com\/wp-content\/uploads\/2022\/09\/drum-wood-chipper-0.webp\" alt=\"broyeur de bois industriel\" class=\"wp-image-409\" title=\"broyeur de bois industriel\"\/><figcaption class=\"wp-element-caption\">broyeur de bois industriel<\/figcaption><\/figure> <\/div>   <h2 class=\"wp-block-heading\">Structure interne de la machine \u00e0 d\u00e9chiqueter le bois \u00e0 tambour<\/h2>    <p>La d\u00e9chiqueteuse \u00e0 bois \u00e0 tambour comprend principalement le corps, le rouleau \u00e0 couteaux, le m\u00e9canisme d'alimentation et de d\u00e9chargement, le syst\u00e8me hydraulique, le dispositif d'alimentation et d'autres pi\u00e8ces.<\/p>    <ul class=\"wp-block-list\"> <li>Corps\u00a0: le tout soud\u00e9 avec une plaque d'acier \u00e0 haute r\u00e9sistance, qui constitue la base de support de l'ensemble de la machine. <\/li>    <li>Rouleau \u00e0 couteaux\u00a0: plusieurs couteaux volants sont install\u00e9s sur la barre \u00e0 couteaux. Et nous fixons les couteaux volants sur le rouleau \u00e0 couteaux \u00e0 travers le bloc de pression.<\/li>    <li>Syst\u00e8me hydraulique : le v\u00e9rin d'huile est aliment\u00e9 par la pompe \u00e0 huile, ce qui permet de d\u00e9marrer le couvercle et de faciliter le remplacement de la lame. L'ensemble rouleau d'alimentation sup\u00e9rieur peut \u00eatre soulev\u00e9 pendant la maintenance, ce qui facilite le r\u00e9glage de l'\u00e9cart entre le couteau volant et le couteau inf\u00e9rieur.<\/li>    <li>M\u00e9canisme d'alimentation de haut en bas : il est compos\u00e9 d'une interface d'alimentation, d'un rouleau d'alimentation de haut en bas et d'un m\u00e9canisme de r\u00e9glage de l'espace d'alimentation. Le bois entrant par l'interface d'alimentation est press\u00e9 par les rouleaux d'alimentation sup\u00e9rieur et inf\u00e9rieur et introduit dans le m\u00e9canisme de d\u00e9chiquetage \u00e0 une certaine vitesse.<\/li> <\/ul>   <div class=\"wp-block-image\"> <figure class=\"aligncenter size-full\"><img loading=\"lazy\" decoding=\"async\" width=\"720\" height=\"540\" src=\"https:\/\/hnwoodmachinery.com\/wp-content\/uploads\/2022\/09\/drum-wood-chippers-structure-0.webp\" alt=\"broyeur de bois industriel\" class=\"wp-image-408\" title=\"broyeur de bois industriel\"\/><figcaption class=\"wp-element-caption\">broyeur de bois industriel<\/figcaption><\/figure> <\/div>   <h2 class=\"wp-block-heading\">Sp\u00e9cifications des grandes d\u00e9chiqueteuses de bois commerciales<\/h2>    <figure class=\"wp-block-table is-style-stripes\"><table><tbody><tr><td><strong>Mod\u00e8le<\/strong><\/td><td><strong>SL-218<\/strong><\/td><td><strong>SL-216<\/strong><\/td><\/tr><tr><td><strong>Quantit\u00e9 de couteau<\/strong><\/td><td>2<\/td><td>2<\/td><\/tr><tr><td><strong>Taille de l'alimentation<\/strong><strong><\/strong><\/td><td>300*680\u00a0mm<\/td><td>230*500 millim\u00e8tres<\/td><\/tr><tr><td><strong>Capacit\u00e9<\/strong><strong><\/strong><\/td><td>10-15 t\/h<\/td><td>5-8t\/heure<\/td><\/tr><tr><td><strong>Dimension mati\u00e8re premi\u00e8re<\/strong><strong><\/strong><\/td><td>\u2264300\u00a0mm<\/td><td>\u2264230\u00a0mm<\/td><\/tr><tr><td><strong>Taille des copeaux de bois<\/strong><strong><\/strong><\/td><td>25\u00a0mm (r\u00e9glable)<\/td><td>25 mm (r\u00e9glable)<\/td><\/tr><tr><td><strong>Alimentation principale<\/strong><strong><\/strong><\/td><td>110 kW<\/td><td>55 kW<\/td><\/tr><tr><td><strong>Poids<\/strong><strong><\/strong><\/td><td>8\u00a0600\u00a0kg<\/td><td>5600 kg<\/td><\/tr><tr><td><strong>Convoyeur d'entr\u00e9e d'alimentation<\/strong><strong><\/strong><\/td><td>6 m<\/td><td>6 m<\/td><\/tr><tr><td><strong>Convoyeur de sortie<\/strong><strong><\/strong><\/td><td>8\u00a0m<\/td><td>8 m<\/td><\/tr><tr><td><strong>Taille de l'emballage<\/strong><\/td><td>3105*2300*1650\u00a0mm<\/td><td>2735*2200*1200 millim\u00e8tres<\/td><\/tr><\/tbody><\/table><figcaption class=\"wp-element-caption\">donn\u00e9es techniques de la d\u00e9chiqueteuse \u00e0 bois \u00e0 tambour<\/figcaption><\/figure>    <h2 class=\"wp-block-heading\">Comment fonctionne cette machine de fabrication de copeaux de bois\u00a0?<\/h2>   <div id=\"rank-math-howto\" class=\"rank-math-block\" > <div class=\"rank-math-howto-description\">  <\/div>  <div class=\"rank-math-steps\"> <div id=\"howto-step-1717407006129\" class=\"rank-math-step\"> <div class=\"rank-math-step-content\"><p>Le bois est aliment\u00e9 par l'orifice d'alimentation et lorsqu'il entre en contact avec la lame de coupe, il est coup\u00e9 suite \u00e0 la rotation \u00e0 grande vitesse de la lame de coupe.<\/p> <\/div> <\/div> <div id=\"howto-step-1717407019499\" class=\"rank-math-step\"> <div class=\"rank-math-step-content\"><p>Le m\u00e9canisme de coupe est une roue \u00e0 tambour rotative sur laquelle sont mont\u00e9s plusieurs couteaux volants. Les couteaux tournent pour transformer le bois en morceaux.<\/p> <\/div> <\/div> <div id=\"howto-step-1717407032563\" class=\"rank-math-step\"> <div class=\"rank-math-step-content\"><p class=\"translation-block\">Il y a plusieurs trous carr\u00e9s sur le bord ext\u00e9rieur de la roue du tambour, et les morceaux coup\u00e9s de mat\u00e9riau qualifi\u00e9 tombent \u00e0 travers les trous du tamis et sont d\u00e9charg\u00e9s par le bas. Les plus gros morceaux de mat\u00e9riau seront coup\u00e9s \u00e0 nouveau dans la machine <a href=\"https:\/\/en.wikipedia.org\/wiki\/Woodchipper\" target=\"_blank\" rel=\"noopener\">d\u00e9chiqueteuse de bois<\/a>.<\/p> <\/div> <\/div> <\/div> <\/div>       <figure class=\"wp-block-embed aligncenter is-type-video is-provider-youtube wp-block-embed-youtube wp-embed-aspect-16-9 wp-has-aspect-ratio\"><div class=\"wp-block-embed__wrapper\"> <iframe loading=\"lazy\" title=\"Grande d\u00e9chiqueteuse \u00e0 bois industrielle, d\u00e9chiqueteuse \u00e0 bois \u00e0 tambour \u00e0 vendre\" width=\"500\" height=\"281\" src=\"https:\/\/www.youtube.com\/embed\/4ADKE0Xolj8?feature=oembed\" frameborder=\"0\" allow=\"accelerometer; autoplay; clipboard-write; encrypted-media; gyroscope; picture-in-picture; web-share\" referrerpolicy=\"strict-origin-when-cross-origin\" allowfullscreen><\/iframe> <\/div><figcaption class=\"wp-element-caption\">Vid\u00e9o de fonctionnement de la machine \u00e0 fabriquer des copeaux de bois<\/figcaption><\/figure>   <div class=\"wp-block-image\"> <figure class=\"aligncenter size-full\"><img loading=\"lazy\" decoding=\"async\" width=\"720\" height=\"540\" src=\"http:\/\/hnwoodmachinery.com\/wp-content\/uploads\/2022\/07\/wood-chips-making-machine.webp\" alt=\"machine de fabrication de copeaux de bois\" class=\"wp-image-1080\" title=\"\" srcset=\"https:\/\/hnwoodmachinery.com\/wp-content\/uploads\/2022\/07\/wood-chips-making-machine.webp 720w, https:\/\/hnwoodmachinery.com\/wp-content\/uploads\/2022\/07\/wood-chips-making-machine-300x225.webp 300w, https:\/\/hnwoodmachinery.com\/wp-content\/uploads\/2022\/07\/wood-chips-making-machine-16x12.webp 16w\" sizes=\"auto, (max-width: 720px) 100vw, 720px\" \/><figcaption class=\"wp-element-caption\">d\u00e9chiqueteuse \u00e0 bois \u00e0 tambour<\/figcaption><\/figure> <\/div>   <h2 class=\"wp-block-heading\">Pourquoi choisir la d\u00e9chiqueteuse \u00e0 bois \u00e0 tambour Shuliy\u00a0?<\/h2>    <ul class=\"wp-block-list\"> <li>Rotor \u00e0 pales de conception nouvelle, les pales sont faciles \u00e0 changer.<\/li>    <li>Le couvercle de la chambre de broyage peut \u00eatre ouvert hydrauliquement pour faciliter l'entretien et le remplacement de la lame.<\/li>    <li>La taille de l'\u00e9cran peut \u00eatre personnalis\u00e9e en fonction des diff\u00e9rentes exigences de taille du produit final. Le syst\u00e8me tampon hydraulique assure un fonctionnement fluide.<\/li>    <li>Dispositif d'alimentation invers\u00e9, la machine \u00e0 courroie peut \u00eatre invers\u00e9e pour avancer. Ce dispositif peut prot\u00e9ger la machine lors de la rencontre de gros morceaux de bois.<\/li>    <li>Une plus grande capacit\u00e9 et une plus grande taille d'alimentation que les mod\u00e8les traditionnels peuvent couper des b\u00fbches d'un diam\u00e8tre de 230 \u00e0 500 mm.<\/li> <\/ul>   <div class=\"wp-block-image\"> <figure class=\"aligncenter size-full\"><img loading=\"lazy\" decoding=\"async\" width=\"720\" height=\"540\" src=\"https:\/\/hnwoodmachinery.com\/wp-content\/uploads\/2022\/09\/commercial-wood-chipper-0.webp\" alt=\"broyeur de bois professionnel\" class=\"wp-image-413\" title=\"broyeur de bois professionnel\"\/><figcaption class=\"wp-element-caption\">broyeur de bois professionnel<\/figcaption><\/figure> <\/div>   <p>Notre usine est sp\u00e9cialis\u00e9e dans la production et la fabrication de machines de transformation du bois depuis de nombreuses ann\u00e9es, acqu\u00e9rant une riche exp\u00e9rience et une technologie de pointe. Nous vous invitons sinc\u00e8rement \u00e0 nous consulter \u00e0 tout moment et vous invitons chaleureusement \u00e0 visiter notre usine. Nous sommes impatients de coop\u00e9rer avec vous.<\/p>","protected":false},"excerpt":{"rendered":"<p>La d\u00e9chiqueteuse \u00e0 bois \u00e0 tambour est une grande machine \u00e0 d\u00e9chiqueter le bois industrielle. Cette machine a un rendement important et est g\u00e9n\u00e9ralement utilis\u00e9e dans les moyennes et grandes usines de transformation du bois.<\/p>","protected":false},"author":1,"featured_media":403,"parent":0,"template":"","tags":[41,35,40],"product-type":[9],"class_list":["post-207","product","type-product","status-publish","has-post-thumbnail","hentry","tag-timber","tag-wood","tag-wood-chips","product-type-wood-chipper"],"_links":{"self":[{"href":"https:\/\/hnwoodmachinery.com\/fr\/wp-json\/wp\/v2\/product\/207","targetHints":{"allow":["GET"]}}],"collection":[{"href":"https:\/\/hnwoodmachinery.com\/fr\/wp-json\/wp\/v2\/product"}],"about":[{"href":"https:\/\/hnwoodmachinery.com\/fr\/wp-json\/wp\/v2\/types\/product"}],"author":[{"embeddable":true,"href":"https:\/\/hnwoodmachinery.com\/fr\/wp-json\/wp\/v2\/users\/1"}],"wp:featuredmedia":[{"embeddable":true,"href":"https:\/\/hnwoodmachinery.com\/fr\/wp-json\/wp\/v2\/media\/403"}],"wp:attachment":[{"href":"https:\/\/hnwoodmachinery.com\/fr\/wp-json\/wp\/v2\/media?parent=207"}],"wp:term":[{"taxonomy":"post_tag","embeddable":true,"href":"https:\/\/hnwoodmachinery.com\/fr\/wp-json\/wp\/v2\/tags?post=207"},{"taxonomy":"product-type","embeddable":true,"href":"https:\/\/hnwoodmachinery.com\/fr\/wp-json\/wp\/v2\/product-type?post=207"}],"curies":[{"name":"wp","href":"https:\/\/api.w.org\/{rel}","templated":true}]}}