{"id":1479,"date":"2026-05-07T14:49:55","date_gmt":"2026-05-07T06:49:55","guid":{"rendered":"https:\/\/hnwoodmachinery.com\/?post_type=product&#038;p=1479"},"modified":"2026-05-07T14:55:40","modified_gmt":"2026-05-07T06:55:40","slug":"industrial-wood-shaving-machine","status":"publish","type":"product","link":"https:\/\/hnwoodmachinery.com\/fr\/product\/industrial-wood-shaving-machine\/","title":{"rendered":"Machine \u00e0 raboter le bois industriel horizontale"},"content":{"rendered":"<div class=\"kk-star-ratings kksr-auto kksr-align-left kksr-valign-top\"     data-payload='{&quot;align&quot;:&quot;left&quot;,&quot;id&quot;:&quot;1479&quot;,&quot;slug&quot;:&quot;default&quot;,&quot;valign&quot;:&quot;top&quot;,&quot;ignore&quot;:&quot;&quot;,&quot;reference&quot;:&quot;auto&quot;,&quot;class&quot;:&quot;&quot;,&quot;count&quot;:&quot;13&quot;,&quot;legendonly&quot;:&quot;&quot;,&quot;readonly&quot;:&quot;&quot;,&quot;score&quot;:&quot;4.5&quot;,&quot;starsonly&quot;:&quot;&quot;,&quot;best&quot;:&quot;5&quot;,&quot;gap&quot;:&quot;5&quot;,&quot;greet&quot;:&quot;Rate this product&quot;,&quot;legend&quot;:&quot;4.5\\\/5 - (13 votes)&quot;,&quot;size&quot;:&quot;24&quot;,&quot;title&quot;:&quot;Horizontal Industrial Wood Shaving Machine&quot;,&quot;width&quot;:&quot;128&quot;,&quot;_legend&quot;:&quot;{score}\\\/{best} - ({count} {votes})&quot;,&quot;font_factor&quot;:&quot;1.25&quot;}'>              <div class=\"kksr-stars\">      <div class=\"kksr-stars-inactive\">             <div class=\"kksr-star\" data-star=\"1\" style=\"padding-right: 5px\">               <div class=\"kksr-icon\" style=\"width: 24px; height: 24px;\"><\/div>         <\/div>             <div class=\"kksr-star\" data-star=\"2\" style=\"padding-right: 5px\">               <div class=\"kksr-icon\" style=\"width: 24px; height: 24px;\"><\/div>         <\/div>             <div class=\"kksr-star\" data-star=\"3\" style=\"padding-right: 5px\">               <div class=\"kksr-icon\" style=\"width: 24px; height: 24px;\"><\/div>         <\/div>             <div class=\"kksr-star\" data-star=\"4\" style=\"padding-right: 5px\">               <div class=\"kksr-icon\" style=\"width: 24px; height: 24px;\"><\/div>         <\/div>             <div class=\"kksr-star\" data-star=\"5\" style=\"padding-right: 5px\">               <div class=\"kksr-icon\" style=\"width: 24px; height: 24px;\"><\/div>         <\/div>     <\/div>      <div class=\"kksr-stars-active\" style=\"width: 128px;\">             <div class=\"kksr-star\" style=\"padding-right: 5px\">               <div class=\"kksr-icon\" style=\"width: 24px; height: 24px;\"><\/div>         <\/div>             <div class=\"kksr-star\" style=\"padding-right: 5px\">               <div class=\"kksr-icon\" style=\"width: 24px; height: 24px;\"><\/div>         <\/div>             <div class=\"kksr-star\" style=\"padding-right: 5px\">               <div class=\"kksr-icon\" style=\"width: 24px; height: 24px;\"><\/div>         <\/div>             <div class=\"kksr-star\" style=\"padding-right: 5px\">               <div class=\"kksr-icon\" style=\"width: 24px; height: 24px;\"><\/div>         <\/div>             <div class=\"kksr-star\" style=\"padding-right: 5px\">               <div class=\"kksr-icon\" style=\"width: 24px; height: 24px;\"><\/div>         <\/div>     <\/div> <\/div>                   <div class=\"kksr-legend\" style=\"font-size: 19.2px;\">             4,5\/5 - (13 votes)    <\/div>     <\/div>  <p>Les raboteuses \u00e0 bois industrielles sont capables de transformer des troncs, des blocs de bois et des d\u00e9chets de bois en copeaux de haute qualit\u00e9, largement utilis\u00e9s dans diverses industries, notamment liti\u00e8re pour animaux, \u00e9levage de volailles, \u00e9curies, liti\u00e8re pour animaux de compagnie, production de combustibles \u00e0 biomasse et culture de champignons comestibles.<\/p>    <p>Shuliy propose deux mod\u00e8les principaux de raboteuses \u00e0 bois horizontales : le mod\u00e8le \u00e0 lame standard et le mod\u00e8le \u00e0 arbre spiral\u00e9. Les deux mod\u00e8les offrent une op\u00e9ration stable, une haute production, une \u00e9paisseur de rabotage r\u00e9glable et une grande efficacit\u00e9 de traitement du bois pour r\u00e9pondre pleinement aux exigences de la production industrielle.<\/p>    <figure class=\"wp-block-embed aligncenter is-type-video is-provider-youtube wp-block-embed-youtube wp-embed-aspect-16-9 wp-has-aspect-ratio\"><div class=\"wp-block-embed__wrapper\"> <iframe loading=\"lazy\" title=\"Processus de fonctionnement de la raboteuse \u00e0 bois industrielle | Production efficace de copeaux de bois\" width=\"500\" height=\"281\" src=\"https:\/\/www.youtube.com\/embed\/q6rWqT39GS8?feature=oembed\" frameborder=\"0\" allow=\"accelerometer; autoplay; clipboard-write; encrypted-media; gyroscope; picture-in-picture; web-share\" referrerpolicy=\"strict-origin-when-cross-origin\" allowfullscreen><\/iframe> <\/div><figcaption class=\"wp-element-caption\">vid\u00e9o de fonctionnement de la raboteuse \u00e0 bois industrielle<\/figcaption><\/figure>    <h2 class=\"wp-block-heading\"><strong>Avantages de la machine \u00e0 raboter le bois industriel<\/strong><\/h2>    <ol class=\"wp-block-list\"> <li>Cet \u00e9quipement poss\u00e8de une capacit\u00e9 de traitement allant jusqu'\u00e0 1500 kg\/h, ce qui le rend adapt\u00e9 \u00e0 une production industrielle de moyenne \u00e0 grande \u00e9chelle.<\/li>    <li>Les utilisateurs peuvent ajuster la profondeur de rabotage dans une plage de 0,1 mm \u00e0 1 mm, selon les exigences sp\u00e9cifiques pour le mat\u00e9riau de liti\u00e8re ou les mati\u00e8res premi\u00e8res de biomasse.<\/li>    <li>Le m\u00e9canisme d'alimentation poss\u00e8de une conception horizontale, garantissant une prise en main fluide du bois et permettant un fonctionnement stable et continu de la machine.<\/li>    <li>La raboteuse \u00e0 bois industrielle est \u00e9quip\u00e9e de lames en alliage \u00e0 haute r\u00e9sistance, garantissant une dur\u00e9e de vie exceptionnellement longue et r\u00e9duisant efficacement les co\u00fbts de maintenance.<\/li>    <li>De plus, l'\u00e9quipement pr\u00e9sente une conception structurelle rationalis\u00e9e, rendant les op\u00e9rations, le nettoyage et la maintenance de routine remarquablement faciles et pratiques.<\/li> <\/ol>   <div class=\"wp-block-image\"> <figure class=\"aligncenter size-full\"><img loading=\"lazy\" decoding=\"async\" width=\"720\" height=\"540\" src=\"https:\/\/hnwoodmachinery.com\/wp-content\/uploads\/2026\/05\/standard-blade-type-wood-shaver.webp\" alt=\"Raboteuse \u00e0 lame standard\" class=\"wp-image-1488\" title=\"\" srcset=\"https:\/\/hnwoodmachinery.com\/wp-content\/uploads\/2026\/05\/standard-blade-type-wood-shaver.webp 720w, https:\/\/hnwoodmachinery.com\/wp-content\/uploads\/2026\/05\/standard-blade-type-wood-shaver-300x225.webp 300w, https:\/\/hnwoodmachinery.com\/wp-content\/uploads\/2026\/05\/standard-blade-type-wood-shaver-16x12.webp 16w\" sizes=\"auto, (max-width: 720px) 100vw, 720px\" \/><figcaption class=\"wp-element-caption\">Raboteuse \u00e0 lame standard<\/figcaption><\/figure> <\/div>   <h2 class=\"wp-block-heading\"><strong>Principe de fonctionnement des raboteuses \u00e0 bois industrielles<\/strong><\/h2>    <p>Une raboteuse industrielle se compose principalement d'une tr\u00e9mie d'alimentation, d'un m\u00e9canisme de serrage, d'un arbre de coupe, de lames, d'un syst\u00e8me de transmission et d'une sortie de d\u00e9charge.<\/p>    <p>Lorsque le bois est introduit dans la machine et que l'\u00e9quipement commence \u00e0 fonctionner, le m\u00e9canisme de serrage maintient fermement le bois en place. <\/p>    <p>Simultaneously, high-speed rotating blades continuously cut the wood&#8217;s surface, planing it into thin shavings or curled wood chips, which are then automatically discharged through the outlet.<\/p>    <h2 class=\"wp-block-heading\"><strong>Types de raboteuses \u00e0 bois industrielles<\/strong><\/h2>    <h3 class=\"wp-block-heading\"><strong>Raboteuse \u00e0 planage en bois \u00e0 lame standard<\/strong><\/h3>    <p>La raboteuse \u00e0 bois \u00e0 lame standard utilise des lames plates traditionnelles mont\u00e9es sur un arbre rotatif pour traiter le bois en copeaux par action de coupe. Ce type de machine convient \u00e0 la production g\u00e9n\u00e9rale de copeaux de bois et au traitement des mat\u00e9riaux de biomasse.<\/p>    <figure class=\"wp-block-table\"><table class=\"has-fixed-layout\"><thead><tr><th>Mod\u00e8le<\/th><th class=\"has-text-align-center\" data-align=\"center\">SHBH500-2H<\/th><th class=\"has-text-align-center\" data-align=\"center\">SHBH500-4H<\/th><th class=\"has-text-align-center\" data-align=\"center\">SHBH500-6H<\/th><\/tr><\/thead><tbody><tr><td>Longueur maximale du bois trait\u00e9<\/td><td class=\"has-text-align-center\" data-align=\"center\">800 mm<\/td><td class=\"has-text-align-center\" data-align=\"center\">1400 mm<\/td><td class=\"has-text-align-center\" data-align=\"center\">1400 mm<\/td><\/tr><tr><td>Largeur maximale de traitement du bois<\/td><td class=\"has-text-align-center\" data-align=\"center\">500 mm<\/td><td class=\"has-text-align-center\" data-align=\"center\">500 mm<\/td><td class=\"has-text-align-center\" data-align=\"center\">500 mm<\/td><\/tr><tr><td>Quantit\u00e9 d'essieux<\/td><td class=\"has-text-align-center\" data-align=\"center\">2<\/td><td class=\"has-text-align-center\" data-align=\"center\">4<\/td><td class=\"has-text-align-center\" data-align=\"center\">6<\/td><\/tr><tr><td>Quantit\u00e9 de lames<\/td><td class=\"has-text-align-center\" data-align=\"center\">8<\/td><td class=\"has-text-align-center\" data-align=\"center\">16<\/td><td class=\"has-text-align-center\" data-align=\"center\">24<\/td><\/tr><tr><td>Vitesse<\/td><td class=\"has-text-align-center\" data-align=\"center\">3500 r\/min<\/td><td class=\"has-text-align-center\" data-align=\"center\">3500 r\/min<\/td><td class=\"has-text-align-center\" data-align=\"center\">3500 r\/min<\/td><\/tr><tr><td>Longueur de la tr\u00e9mie<\/td><td class=\"has-text-align-center\" data-align=\"center\">800 mm<\/td><td class=\"has-text-align-center\" data-align=\"center\">1400 mm<\/td><td class=\"has-text-align-center\" data-align=\"center\">1400 mm<\/td><\/tr><tr><td>Pouvoir total<\/td><td class=\"has-text-align-center\" data-align=\"center\">10,5 KW<\/td><td class=\"has-text-align-center\" data-align=\"center\">23,25 KW<\/td><td class=\"has-text-align-center\" data-align=\"center\">30,75 KW<\/td><\/tr><tr><td>Profondeur de rabotage du bois<\/td><td class=\"has-text-align-center\" data-align=\"center\">0,2-1 mm<\/td><td class=\"has-text-align-center\" data-align=\"center\">0,2-1 mm<\/td><td class=\"has-text-align-center\" data-align=\"center\">0,2-1 mm<\/td><\/tr><tr><td>Capacit\u00e9 de bois frais<\/td><td class=\"has-text-align-center\" data-align=\"center\">500 kg\/h<\/td><td class=\"has-text-align-center\" data-align=\"center\">1000 kg\/h<\/td><td class=\"has-text-align-center\" data-align=\"center\">1500 kg\/h<\/td><\/tr><tr><td>Poids<\/td><td class=\"has-text-align-center\" data-align=\"center\">950 kg<\/td><td class=\"has-text-align-center\" data-align=\"center\">1800 kg<\/td><td class=\"has-text-align-center\" data-align=\"center\">2200 kg<\/td><\/tr><\/tbody><\/table><figcaption class=\"wp-element-caption\">Param\u00e8tres de la raboteuse \u00e0 bois industrielle \u00e0 lame standard<\/figcaption><\/figure>   <div class=\"wp-block-image\"> <figure class=\"aligncenter size-full\"><img loading=\"lazy\" decoding=\"async\" width=\"720\" height=\"540\" src=\"https:\/\/hnwoodmachinery.com\/wp-content\/uploads\/2026\/05\/standard-blade-type-log-shaving-machine.webp\" alt=\"Raboteuse \u00e0 troncs \u00e0 lame standard\" class=\"wp-image-1482\" title=\"\" srcset=\"https:\/\/hnwoodmachinery.com\/wp-content\/uploads\/2026\/05\/standard-blade-type-log-shaving-machine.webp 720w, https:\/\/hnwoodmachinery.com\/wp-content\/uploads\/2026\/05\/standard-blade-type-log-shaving-machine-300x225.webp 300w, https:\/\/hnwoodmachinery.com\/wp-content\/uploads\/2026\/05\/standard-blade-type-log-shaving-machine-16x12.webp 16w\" sizes=\"auto, (max-width: 720px) 100vw, 720px\" \/><figcaption class=\"wp-element-caption\">Raboteuse \u00e0 troncs \u00e0 lame standard<\/figcaption><\/figure> <\/div>   <h3 class=\"wp-block-heading\"><strong>Machine \u00e0 copeaux de bois \u00e0 arbre spiral\u00e9<\/strong><\/h3>    <p>Le mod\u00e8le \u00e0 arbre spiral\u00e9 utilise plusieurs lames dispos\u00e9es en h\u00e9lice, permettant la production de copeaux de bois plus fins et plus doux. Il est id\u00e9al pour fabriquer une liti\u00e8re de haute qualit\u00e9 pour animaux et des mat\u00e9riaux de nidification.<\/p>    <figure class=\"wp-block-table\"><table class=\"has-fixed-layout\"><thead><tr><th>Mod\u00e8le<\/th><th class=\"has-text-align-center\" data-align=\"center\">SHBH500-2-L<\/th><th class=\"has-text-align-center\" data-align=\"center\">SHBH500-4-L<\/th><th class=\"has-text-align-center\" data-align=\"center\">SHBH500-6-L<\/th><\/tr><\/thead><tbody><tr><td>Longueur maximale du bois trait\u00e9<\/td><td class=\"has-text-align-center\" data-align=\"center\">800 mm<\/td><td class=\"has-text-align-center\" data-align=\"center\">1400 mm<\/td><td class=\"has-text-align-center\" data-align=\"center\">1400 mm<\/td><\/tr><tr><td>Largeur maximale de traitement du bois<\/td><td class=\"has-text-align-center\" data-align=\"center\">500 mm<\/td><td class=\"has-text-align-center\" data-align=\"center\">500 mm<\/td><td class=\"has-text-align-center\" data-align=\"center\">500 mm<\/td><\/tr><tr><td>Quantit\u00e9 d'essieux<\/td><td class=\"has-text-align-center\" data-align=\"center\">2<\/td><td class=\"has-text-align-center\" data-align=\"center\">4<\/td><td class=\"has-text-align-center\" data-align=\"center\">6<\/td><\/tr><tr><td>Quantit\u00e9 de lames<\/td><td class=\"has-text-align-center\" data-align=\"center\">108\u00d72<\/td><td class=\"has-text-align-center\" data-align=\"center\">108\u00d74<\/td><td class=\"has-text-align-center\" data-align=\"center\">108\u00d76<\/td><\/tr><tr><td>Vitesse<\/td><td class=\"has-text-align-center\" data-align=\"center\">3500 r\/min<\/td><td class=\"has-text-align-center\" data-align=\"center\">3500 r\/min<\/td><td class=\"has-text-align-center\" data-align=\"center\">3500 r\/min<\/td><\/tr><tr><td>Longueur de la tr\u00e9mie<\/td><td class=\"has-text-align-center\" data-align=\"center\">800 mm<\/td><td class=\"has-text-align-center\" data-align=\"center\">1400 mm<\/td><td class=\"has-text-align-center\" data-align=\"center\">1400 mm<\/td><\/tr><tr><td>Pouvoir total<\/td><td class=\"has-text-align-center\" data-align=\"center\">10,5 KW<\/td><td class=\"has-text-align-center\" data-align=\"center\">23,25 KW<\/td><td class=\"has-text-align-center\" data-align=\"center\">30,75 KW<\/td><\/tr><tr><td>Profondeur de rabotage du bois<\/td><td class=\"has-text-align-center\" data-align=\"center\">0,1-1 mm<\/td><td class=\"has-text-align-center\" data-align=\"center\">0,1-1 mm<\/td><td class=\"has-text-align-center\" data-align=\"center\">0,1-1 mm<\/td><\/tr><tr><td>Capacit\u00e9 de bois frais<\/td><td class=\"has-text-align-center\" data-align=\"center\">500 kg\/h<\/td><td class=\"has-text-align-center\" data-align=\"center\">1000 kg\/h<\/td><td class=\"has-text-align-center\" data-align=\"center\">1500 kg\/h<\/td><\/tr><tr><td>Poids<\/td><td class=\"has-text-align-center\" data-align=\"center\">950 kg<\/td><td class=\"has-text-align-center\" data-align=\"center\">1800 kg<\/td><td class=\"has-text-align-center\" data-align=\"center\">2200 kg<\/td><\/tr><\/tbody><\/table><figcaption class=\"wp-element-caption\">param\u00e8tres de la raboteuse \u00e0 bois industrielle \u00e0 arbre spiral\u00e9<\/figcaption><\/figure>   <div class=\"wp-block-image\"> <figure class=\"aligncenter size-full\"><img loading=\"lazy\" decoding=\"async\" width=\"720\" height=\"540\" src=\"https:\/\/hnwoodmachinery.com\/wp-content\/uploads\/2026\/05\/spiral-shaft-type-wood-shaving-machine.webp\" alt=\"raboteuse \u00e0 bois \u00e0 arbre spiral\u00e9\" class=\"wp-image-1483\" title=\"\" srcset=\"https:\/\/hnwoodmachinery.com\/wp-content\/uploads\/2026\/05\/spiral-shaft-type-wood-shaving-machine.webp 720w, https:\/\/hnwoodmachinery.com\/wp-content\/uploads\/2026\/05\/spiral-shaft-type-wood-shaving-machine-300x225.webp 300w, https:\/\/hnwoodmachinery.com\/wp-content\/uploads\/2026\/05\/spiral-shaft-type-wood-shaving-machine-16x12.webp 16w\" sizes=\"auto, (max-width: 720px) 100vw, 720px\" \/><figcaption class=\"wp-element-caption\">raboteuse \u00e0 bois \u00e0 arbre spiral\u00e9<\/figcaption><\/figure> <\/div>   <h2 class=\"wp-block-heading\"><strong>Diff\u00e9rence entre raboteuses \u00e0 lame standard et \u00e0 arbre spiral\u00e9<\/strong><\/h2>    <figure class=\"wp-block-table\"><table class=\"has-fixed-layout\"><thead><tr><th>Article<\/th><th>Type \u00e0 lame standard<\/th><th>Type \u00e0 arbre spiral\u00e9<\/th><\/tr><\/thead><tbody><tr><td>Structure de la lame<\/td><td>Lames plates<\/td><td>Lames dispos\u00e9es en spirale<\/td><\/tr><tr><td>Taille de rabotage<\/td><td>Taille standard<\/td><td>Plus petites et plus molles<\/td><\/tr><tr><td>\u00c9paisseur de rabotage<\/td><td>0,2-1 mm<\/td><td>0,1-1 mm<\/td><\/tr><tr><td>Mat\u00e9riau fini<\/td><td>copeaux de bois r\u00e9guliers<\/td><td>Liti\u00e8re fine et fluffy<\/td><\/tr><tr><td>Meilleure application<\/td><td>Biomasse, emballage, fermes<\/td><td>Liti\u00e8re pour animaux, liti\u00e8re pour chevaux<\/td><\/tr><tr><td>Effet de coupe<\/td><td>Capacit\u00e9 de coupe forte<\/td><td>Effet de rabotage plus d\u00e9licat<\/td><\/tr><\/tbody><\/table><figcaption class=\"wp-element-caption\">Diff\u00e9rence entre la lame standard et le mod\u00e8le \u00e0 arbre spiral\u00e9<\/figcaption><\/figure>    <figure class=\"wp-block-gallery has-nested-images columns-default is-cropped wp-block-gallery-2 is-layout-flex wp-block-gallery-is-layout-flex\"> <figure class=\"wp-block-image size-large\"><img loading=\"lazy\" decoding=\"async\" width=\"720\" height=\"540\" data-id=\"1487\" src=\"https:\/\/hnwoodmachinery.com\/wp-content\/uploads\/2026\/05\/blade-of-standard-type-wood-shaver.webp\" alt=\"R\u00e9sultats du produit de la raboteuse \u00e0 lame spiral\u00e9e\" class=\"wp-image-1487\" title=\"\" srcset=\"https:\/\/hnwoodmachinery.com\/wp-content\/uploads\/2026\/05\/blade-of-standard-type-wood-shaver.webp 720w, https:\/\/hnwoodmachinery.com\/wp-content\/uploads\/2026\/05\/blade-of-standard-type-wood-shaver-300x225.webp 300w, https:\/\/hnwoodmachinery.com\/wp-content\/uploads\/2026\/05\/blade-of-standard-type-wood-shaver-16x12.webp 16w\" sizes=\"auto, (max-width: 720px) 100vw, 720px\" \/><figcaption class=\"wp-element-caption\">Lame de la raboteuse \u00e0 lame standard<\/figcaption><\/figure>    <figure class=\"wp-block-image size-large\"><img loading=\"lazy\" decoding=\"async\" width=\"720\" height=\"540\" data-id=\"1486\" src=\"https:\/\/hnwoodmachinery.com\/wp-content\/uploads\/2026\/05\/blade-of-spiral-blade-wood-shaver.webp\" alt=\"R\u00e9sultats du produit de la raboteuse \u00e0 troncs de type standard\" class=\"wp-image-1486\" title=\"\" srcset=\"https:\/\/hnwoodmachinery.com\/wp-content\/uploads\/2026\/05\/blade-of-spiral-blade-wood-shaver.webp 720w, https:\/\/hnwoodmachinery.com\/wp-content\/uploads\/2026\/05\/blade-of-spiral-blade-wood-shaver-300x225.webp 300w, https:\/\/hnwoodmachinery.com\/wp-content\/uploads\/2026\/05\/blade-of-spiral-blade-wood-shaver-16x12.webp 16w\" sizes=\"auto, (max-width: 720px) 100vw, 720px\" \/><figcaption class=\"wp-element-caption\">Lame de la raboteuse \u00e0 lame spiral\u00e9e<\/figcaption><\/figure> <\/figure>    <h2 class=\"wp-block-heading\"><strong>Comment choisir la bonne raboteuse \u00e0 bois industrielle ?<\/strong><\/h2>    <p>Si vous avez besoin de copeaux de bois standard, principalement pour la production de combustibles \u00e0 biomasse \u2014 et que vous souhaitez traiter le bois de rebut en vrac tout en maintenant les co\u00fbts d'investissement en \u00e9quipement faibles, la machine \u00e0 lame standard est le choix le plus appropri\u00e9.<\/p>    <p>Cependant, si votre objectif est de produire une liti\u00e8re pour animaux de haute qualit\u00e9, adapt\u00e9e \u00e0 des clients tels que des \u00e9curies ou des fermes avicoles, et que vous recherchez un mat\u00e9riau de liti\u00e8re de qualit\u00e9 sup\u00e9rieure, alors le mod\u00e8le \u00e0 arbre spiral\u00e9 est la meilleure option !<\/p>    <p class=\"translation-block\">Si vos besoins de production sont modestes et que vous avez besoin d'une raboteuse compacte et facilement portable, ce mod\u00e8le vous conviendra mieux : <a href=\"https:\/\/hnwoodmachinery.com\/fr\/product\/shavings-for-animal-bedding\/\">Bonne prix raboteuse \u00e0 copeaux de bois<\/a>.<\/p>    <figure class=\"wp-block-gallery has-nested-images columns-default is-cropped wp-block-gallery-3 is-layout-flex wp-block-gallery-is-layout-flex\"> <figure class=\"wp-block-image size-large\"><img loading=\"lazy\" decoding=\"async\" width=\"720\" height=\"540\" data-id=\"1485\" src=\"https:\/\/hnwoodmachinery.com\/wp-content\/uploads\/2026\/05\/product-results-of-standard-type-log-shaving-machine.webp\" alt=\"Raboteuse \u00e0 arbre spiral\u00e9\" class=\"wp-image-1485\" title=\"\" srcset=\"https:\/\/hnwoodmachinery.com\/wp-content\/uploads\/2026\/05\/product-results-of-standard-type-log-shaving-machine.webp 720w, https:\/\/hnwoodmachinery.com\/wp-content\/uploads\/2026\/05\/product-results-of-standard-type-log-shaving-machine-300x225.webp 300w, https:\/\/hnwoodmachinery.com\/wp-content\/uploads\/2026\/05\/product-results-of-standard-type-log-shaving-machine-16x12.webp 16w\" sizes=\"auto, (max-width: 720px) 100vw, 720px\" \/><figcaption class=\"wp-element-caption\">R\u00e9sultats du produit de la raboteuse \u00e0 troncs de type standard<\/figcaption><\/figure>    <figure class=\"wp-block-image size-large\"><img loading=\"lazy\" decoding=\"async\" width=\"720\" height=\"540\" data-id=\"1484\" src=\"https:\/\/hnwoodmachinery.com\/wp-content\/uploads\/2026\/05\/product-results-of-spiral-blade-type-wood-shaver.webp\" alt=\"Raboteuse \u00e0 bois industrielle\" class=\"wp-image-1484\" title=\"\" srcset=\"https:\/\/hnwoodmachinery.com\/wp-content\/uploads\/2026\/05\/product-results-of-spiral-blade-type-wood-shaver.webp 720w, https:\/\/hnwoodmachinery.com\/wp-content\/uploads\/2026\/05\/product-results-of-spiral-blade-type-wood-shaver-300x225.webp 300w, https:\/\/hnwoodmachinery.com\/wp-content\/uploads\/2026\/05\/product-results-of-spiral-blade-type-wood-shaver-16x12.webp 16w\" sizes=\"auto, (max-width: 720px) 100vw, 720px\" \/><figcaption class=\"wp-element-caption\">R\u00e9sultats du produit de la raboteuse \u00e0 lame spiral\u00e9e<\/figcaption><\/figure> <\/figure>    <h2 class=\"wp-block-heading\"><strong>Pourquoi choisir les raboteuses \u00e0 bois industrielles Shuliy ?<\/strong><\/h2>    <ol class=\"wp-block-list\"> <li>Shuliy poss\u00e8de une vaste exp\u00e9rience dans la fabrication d'\u00e9quipements de traitement du bois pour des clients du monde entier.<\/li>    <li>Nous proposons divers mod\u00e8les avec diff\u00e9rentes capacit\u00e9s et configurations de lames pour r\u00e9pondre \u00e0 une large gamme d'exigences de production.<\/li>    <li>Nous proposons des solutions personnalis\u00e9es : la tension, le type de moteur, la taille d'alimentation et la configuration globale de la machine peuvent tous \u00eatre adapt\u00e9s \u00e0 vos besoins sp\u00e9cifiques.<\/li>    <li>Chaque pi\u00e8ce d'\u00e9quipement Shuliy subit des tests rigoureux avant de quitter l'usine pour garantir une performance stable et fiable.<\/li>    <li>Nous offrons \u00e9galement un support apr\u00e8s-vente complet, comprenant des conseils d'installation, une assistance technique, la fourniture de pi\u00e8ces d\u00e9tach\u00e9es et une formation \u00e0 l'exploitation.<\/li> <\/ol>   <div class=\"wp-block-image\"> <figure class=\"aligncenter size-full\"><img loading=\"lazy\" decoding=\"async\" width=\"720\" height=\"540\" src=\"https:\/\/hnwoodmachinery.com\/wp-content\/uploads\/2026\/05\/spiral-shaft-type-wood-shaver-machine.webp\" alt=\"Raboteuse \u00e0 arbre spiral\u00e9\" class=\"wp-image-1489\" title=\"\" srcset=\"https:\/\/hnwoodmachinery.com\/wp-content\/uploads\/2026\/05\/spiral-shaft-type-wood-shaver-machine.webp 720w, https:\/\/hnwoodmachinery.com\/wp-content\/uploads\/2026\/05\/spiral-shaft-type-wood-shaver-machine-300x225.webp 300w, https:\/\/hnwoodmachinery.com\/wp-content\/uploads\/2026\/05\/spiral-shaft-type-wood-shaver-machine-16x12.webp 16w\" sizes=\"auto, (max-width: 720px) 100vw, 720px\" \/><figcaption class=\"wp-element-caption\">Raboteuse \u00e0 arbre spiral\u00e9<\/figcaption><\/figure> <\/div>   <p>La raboteuse \u00e0 bois industrielle Shuliy est adapt\u00e9e \u00e0 la production \u00e0 la fois de copeaux de bois standard pour le traitement de la biomasse et de copeaux fins et doux pour la liti\u00e8re pour animaux. Gr\u00e2ce \u00e0 sa haute efficacit\u00e9 et sa construction robuste et durable, elle est devenue le choix pr\u00e9f\u00e9r\u00e9 de nombreux clients.<\/p>    <p>Si vous \u00eates int\u00e9ress\u00e9 par nos machines ou souhaitez obtenir plus de d\u00e9tails, n'h\u00e9sitez pas \u00e0 me contacter !<\/p>","protected":false},"excerpt":{"rendered":"<p>This industrial wood shaving machine efficiently processes logs and waste wood into soft, uniformly sized wood shavings, which are commonly used in applications such as animal bedding, pet litter, biomass fuel production, and wood recycling.<\/p>","protected":false},"author":1,"featured_media":1481,"parent":0,"template":"","tags":[],"product-type":[8],"class_list":["post-1479","product","type-product","status-publish","has-post-thumbnail","hentry","product-type-wood-shaving-machine"],"_links":{"self":[{"href":"https:\/\/hnwoodmachinery.com\/fr\/wp-json\/wp\/v2\/product\/1479","targetHints":{"allow":["GET"]}}],"collection":[{"href":"https:\/\/hnwoodmachinery.com\/fr\/wp-json\/wp\/v2\/product"}],"about":[{"href":"https:\/\/hnwoodmachinery.com\/fr\/wp-json\/wp\/v2\/types\/product"}],"author":[{"embeddable":true,"href":"https:\/\/hnwoodmachinery.com\/fr\/wp-json\/wp\/v2\/users\/1"}],"wp:featuredmedia":[{"embeddable":true,"href":"https:\/\/hnwoodmachinery.com\/fr\/wp-json\/wp\/v2\/media\/1481"}],"wp:attachment":[{"href":"https:\/\/hnwoodmachinery.com\/fr\/wp-json\/wp\/v2\/media?parent=1479"}],"wp:term":[{"taxonomy":"post_tag","embeddable":true,"href":"https:\/\/hnwoodmachinery.com\/fr\/wp-json\/wp\/v2\/tags?post=1479"},{"taxonomy":"product-type","embeddable":true,"href":"https:\/\/hnwoodmachinery.com\/fr\/wp-json\/wp\/v2\/product-type?post=1479"}],"curies":[{"name":"wp","href":"https:\/\/api.w.org\/{rel}","templated":true}]}}