{"id":1457,"date":"2026-04-03T10:42:17","date_gmt":"2026-04-03T02:42:17","guid":{"rendered":"https:\/\/hnwoodmachinery.com\/?post_type=product&#038;p=1457"},"modified":"2026-04-03T10:48:12","modified_gmt":"2026-04-03T02:48:12","slug":"wood-crushing-machine","status":"publish","type":"product","link":"https:\/\/hnwoodmachinery.com\/fr\/product\/wood-crushing-machine\/","title":{"rendered":"Nouvelle machine de broyage de bois avec syst\u00e8me d'alimentation forc\u00e9e"},"content":{"rendered":"<div class=\"kk-star-ratings kksr-auto kksr-align-left kksr-valign-top\"     data-payload='{&quot;align&quot;:&quot;left&quot;,&quot;id&quot;:&quot;1457&quot;,&quot;slug&quot;:&quot;default&quot;,&quot;valign&quot;:&quot;top&quot;,&quot;ignore&quot;:&quot;&quot;,&quot;reference&quot;:&quot;auto&quot;,&quot;class&quot;:&quot;&quot;,&quot;count&quot;:&quot;14&quot;,&quot;legendonly&quot;:&quot;&quot;,&quot;readonly&quot;:&quot;&quot;,&quot;score&quot;:&quot;4.5&quot;,&quot;starsonly&quot;:&quot;&quot;,&quot;best&quot;:&quot;5&quot;,&quot;gap&quot;:&quot;5&quot;,&quot;greet&quot;:&quot;Rate this product&quot;,&quot;legend&quot;:&quot;4.5\\\/5 - (14 votes)&quot;,&quot;size&quot;:&quot;24&quot;,&quot;title&quot;:&quot;New Type Wood Crushing Machine with Forced Feeding System&quot;,&quot;width&quot;:&quot;128&quot;,&quot;_legend&quot;:&quot;{score}\\\/{best} - ({count} {votes})&quot;,&quot;font_factor&quot;:&quot;1.25&quot;}'>              <div class=\"kksr-stars\">      <div class=\"kksr-stars-inactive\">             <div class=\"kksr-star\" data-star=\"1\" style=\"padding-right: 5px\">               <div class=\"kksr-icon\" style=\"width: 24px; height: 24px;\"><\/div>         <\/div>             <div class=\"kksr-star\" data-star=\"2\" style=\"padding-right: 5px\">               <div class=\"kksr-icon\" style=\"width: 24px; height: 24px;\"><\/div>         <\/div>             <div class=\"kksr-star\" data-star=\"3\" style=\"padding-right: 5px\">               <div class=\"kksr-icon\" style=\"width: 24px; height: 24px;\"><\/div>         <\/div>             <div class=\"kksr-star\" data-star=\"4\" style=\"padding-right: 5px\">               <div class=\"kksr-icon\" style=\"width: 24px; height: 24px;\"><\/div>         <\/div>             <div class=\"kksr-star\" data-star=\"5\" style=\"padding-right: 5px\">               <div class=\"kksr-icon\" style=\"width: 24px; height: 24px;\"><\/div>         <\/div>     <\/div>      <div class=\"kksr-stars-active\" style=\"width: 128px;\">             <div class=\"kksr-star\" style=\"padding-right: 5px\">               <div class=\"kksr-icon\" style=\"width: 24px; height: 24px;\"><\/div>         <\/div>             <div class=\"kksr-star\" style=\"padding-right: 5px\">               <div class=\"kksr-icon\" style=\"width: 24px; height: 24px;\"><\/div>         <\/div>             <div class=\"kksr-star\" style=\"padding-right: 5px\">               <div class=\"kksr-icon\" style=\"width: 24px; height: 24px;\"><\/div>         <\/div>             <div class=\"kksr-star\" style=\"padding-right: 5px\">               <div class=\"kksr-icon\" style=\"width: 24px; height: 24px;\"><\/div>         <\/div>             <div class=\"kksr-star\" style=\"padding-right: 5px\">               <div class=\"kksr-icon\" style=\"width: 24px; height: 24px;\"><\/div>         <\/div>     <\/div> <\/div>                   <div class=\"kksr-legend\" style=\"font-size: 19.2px;\">             4,5\/5 - (14 votes)    <\/div>     <\/div>  <p class=\"translation-block\">La <strong>machine de broyage de bois<\/strong> est une machine industrielle sp\u00e9cifiquement con\u00e7ue pour d\u00e9chiqueter et traiter des troncs bruts, des branches, du bambou, des palettes, des d\u00e9chets agricoles et des chutes de bois en plus petites particules, telles que de la sciure ou des copeaux de bois.<\/p>    <p>Le nouveau mod\u00e8le de broyeur \u00e0 bois Shuliy dispose d'un syst\u00e8me d'alimentation am\u00e9lior\u00e9 qui permet des d\u00e9bits d'alimentation r\u00e9glables, permettant ainsi un contr\u00f4le pr\u00e9cis de l'efficacit\u00e9 de production et de la sortie. Il est capable de traiter de 1,2 \u00e0 1,8 tonnes de d\u00e9chets de bois par heure.<\/p>    <figure class=\"wp-block-embed aligncenter is-type-video is-provider-youtube wp-block-embed-youtube wp-embed-aspect-16-9 wp-has-aspect-ratio\"><div class=\"wp-block-embed__wrapper\"> <iframe loading=\"lazy\" title=\"Machine de broyage de bois \u00e0 alimentation forc\u00e9e, fonctionnement complet\" width=\"500\" height=\"281\" src=\"https:\/\/www.youtube.com\/embed\/f3DoAy7rlYA?feature=oembed\" frameborder=\"0\" allow=\"accelerometer; autoplay; clipboard-write; encrypted-media; gyroscope; picture-in-picture; web-share\" referrerpolicy=\"strict-origin-when-cross-origin\" allowfullscreen><\/iframe> <\/div><figcaption class=\"wp-element-caption\">vid\u00e9o de travail de la machine de broyage de bois<\/figcaption><\/figure>    <h2 class=\"wp-block-heading\"><strong>Mise \u00e0 jour du nouveau produit : d\u00e9chiqueteur \u00e0 bois \u00e0 alimentation forc\u00e9e am\u00e9lior\u00e9e<\/strong><\/h2>    <p>Compar\u00e9 aux d\u00e9chiqueteurs \u00e0 bois traditionnels, ce mod\u00e8le \u00e0 alimentation forc\u00e9e repr\u00e9sente une am\u00e9lioration significative en termes de niveaux d'automatisation et d'efficacit\u00e9 op\u00e9rationnelle. Ses principales distinctions par rapport aux anciens mod\u00e8les incluent :<\/p>    <ul class=\"wp-block-list\"> <li><strong>Syst\u00e8me d'alimentation automatique :<\/strong> \u00c9quip\u00e9 d'une bande transporteuse, il supporte l'alimentation continue, ce qui permet l'entr\u00e9e de mat\u00e9riaux via un chargeur m\u00e9canique ou un placement manuel.<\/li>    <li><strong>Capacit\u00e9 pour des mat\u00e9riaux plus grands :<\/strong> Elle peut facilement d\u00e9chiqueter de longues branches et des mat\u00e9riaux en bois de forme irr\u00e9guli\u00e8re que les anciens mod\u00e8les avaient souvent du mal \u00e0 traiter.<\/li>    <li><strong>Automatisation am\u00e9lior\u00e9e :<\/strong> Le processus d'alimentation a \u00e9t\u00e9 rationalis\u00e9, r\u00e9duisant la d\u00e9pendance \u00e0 la main-d'\u0153uvre manuelle et augmentant consid\u00e9rablement l'efficacit\u00e9 de l'ensemble du flux de travail.<\/li>    <li><strong>Fonctionnement plus robuste et plus s\u00fbr :<\/strong> Gr\u00e2ce aux mises \u00e0 jour et am\u00e9liorations r\u00e9centes, cette machine de broyage de bois minimise l'usure des composants internes, m\u00eame lors du traitement de mat\u00e9riaux surdimensionn\u00e9s.<\/li> <\/ul>    <figure class=\"wp-block-gallery aligncenter has-nested-images columns-default is-cropped wp-block-gallery-2 is-layout-flex wp-block-gallery-is-layout-flex\"> <figure class=\"wp-block-image size-full\"><img loading=\"lazy\" decoding=\"async\" width=\"720\" height=\"540\" data-id=\"1458\" src=\"https:\/\/hnwoodmachinery.com\/wp-content\/uploads\/2026\/04\/sawdust-making-machine.webp\" alt=\"machine de fabrication de sciure de bois\" class=\"wp-image-1458\" title=\"\" srcset=\"https:\/\/hnwoodmachinery.com\/wp-content\/uploads\/2026\/04\/sawdust-making-machine.webp 720w, https:\/\/hnwoodmachinery.com\/wp-content\/uploads\/2026\/04\/sawdust-making-machine-300x225.webp 300w, https:\/\/hnwoodmachinery.com\/wp-content\/uploads\/2026\/04\/sawdust-making-machine-16x12.webp 16w\" sizes=\"auto, (max-width: 720px) 100vw, 720px\" \/><figcaption class=\"wp-element-caption\">Machine de fabrication de sciure de bois<\/figcaption><\/figure>    <figure class=\"wp-block-image size-full\"><img loading=\"lazy\" decoding=\"async\" width=\"720\" height=\"540\" data-id=\"1461\" src=\"https:\/\/hnwoodmachinery.com\/wp-content\/uploads\/2026\/04\/shredder-processes-irregular-branches.webp\" alt=\"Le d\u00e9chiqueteur traite des branches irr\u00e9guli\u00e8res\" class=\"wp-image-1461\" title=\"\" srcset=\"https:\/\/hnwoodmachinery.com\/wp-content\/uploads\/2026\/04\/shredder-processes-irregular-branches.webp 720w, https:\/\/hnwoodmachinery.com\/wp-content\/uploads\/2026\/04\/shredder-processes-irregular-branches-300x225.webp 300w, https:\/\/hnwoodmachinery.com\/wp-content\/uploads\/2026\/04\/shredder-processes-irregular-branches-16x12.webp 16w\" sizes=\"auto, (max-width: 720px) 100vw, 720px\" \/><figcaption class=\"wp-element-caption\">Le d\u00e9chiqueteur traite des branches irr\u00e9guli\u00e8res<\/figcaption><\/figure> <\/figure>    <h2 class=\"wp-block-heading\"><strong>Pourquoi recommandons-nous ce d\u00e9chiqueteur \u00e0 bois ?<\/strong><\/h2>    <ol class=\"wp-block-list\"> <li>Cette machine de broyage de bois est \u00e9quip\u00e9e d'un syst\u00e8me d'alimentation par bande transporteuse qui permet un r\u00e9glage continu de la vitesse d'alimentation, augmentant ainsi l'efficacit\u00e9 op\u00e9rationnelle et r\u00e9duisant les co\u00fbts de main-d'\u0153uvre.<\/li>    <li>L'ensemble de l'unit\u00e9 int\u00e8gre une \u00e9tape de pr\u00e9traitement avec rouleau magn\u00e9tique et un syst\u00e8me de d\u00e9chiquetage \u00e0 marteau, garantissant un flux de travail de traitement fluide et tr\u00e8s efficace.<\/li>    <li>The interior of the shredding chamber is lined with wear-resistant plates, which not only enhances shredding efficiency but also significantly extend the equipment&#8217;s service life.<\/li>    <li>Elle dispose d'une large gamme d'applications, capable de d\u00e9chiqueter des troncs et des planches de bois, du bambou et des roseaux, ainsi que de la paille, des \u00e9pis de ma\u00efs et divers autres types de d\u00e9chets agricoles.<\/li>    <li>\u00c9quip\u00e9 d'un collecteur de poussi\u00e8re cyclone et d'un syst\u00e8me de filtre \u00e0 sac, il garantit des \u00e9missions de poussi\u00e8re extr\u00eamement faibles, permettant ainsi des op\u00e9rations respectueuses de l'environnement et sans pollution.<\/li> <\/ol>   <div class=\"wp-block-image\"> <figure class=\"aligncenter size-full\"><img loading=\"lazy\" decoding=\"async\" width=\"720\" height=\"540\" src=\"https:\/\/hnwoodmachinery.com\/wp-content\/uploads\/2026\/04\/wood-shredder-machine.webp\" alt=\"broyeur de bois\" class=\"wp-image-1459\" title=\"\" srcset=\"https:\/\/hnwoodmachinery.com\/wp-content\/uploads\/2026\/04\/wood-shredder-machine.webp 720w, https:\/\/hnwoodmachinery.com\/wp-content\/uploads\/2026\/04\/wood-shredder-machine-300x225.webp 300w, https:\/\/hnwoodmachinery.com\/wp-content\/uploads\/2026\/04\/wood-shredder-machine-16x12.webp 16w\" sizes=\"auto, (max-width: 720px) 100vw, 720px\" \/><figcaption class=\"wp-element-caption\">broyeur de bois<\/figcaption><\/figure> <\/div>   <h2 class=\"wp-block-heading\"><strong>Principe de fonctionnement de la machine de broyage de bois<\/strong><\/h2>    <p>Cette machine int\u00e8gre \u00e0 la fois des technologies de broyage \u00e0 marteau et d'impact par flux d'air \u00e0 haute vitesse. Son flux de travail op\u00e9rationnel et son principe de fonctionnement sont les suivants :<\/p>    <p>Le rotor tourne \u00e0 grande vitesse, entra\u00eenant les marteaux \u00e0 couper et broyer le mat\u00e9riau \u2192 Le flux d'air \u00e0 haute vitesse acc\u00e9l\u00e8re le mat\u00e9riau \u2192 Le mat\u00e9riau subit des collisions mutuelles r\u00e9p\u00e9t\u00e9es dans la chambre de broyage \u2192 Le mat\u00e9riau broy\u00e9 est \u00e9vacu\u00e9 par un tamis.<\/p>    <p class=\"translation-block\"><strong>Remarque<\/strong> : La taille des particules finies peut \u00eatre ajust\u00e9e en s\u00e9lectionnant un tamis avec le bon nombre de mailles.<\/p>    <figure class=\"wp-block-gallery has-nested-images columns-default is-cropped wp-block-gallery-3 is-layout-flex wp-block-gallery-is-layout-flex\"> <figure class=\"wp-block-image size-large\"><img loading=\"lazy\" decoding=\"async\" width=\"720\" height=\"540\" data-id=\"1462\" src=\"https:\/\/hnwoodmachinery.com\/wp-content\/uploads\/2026\/04\/details-of-stripper-roll.webp\" alt=\"D\u00e9tails du rouleau de d\u00e9colleteuse\" class=\"wp-image-1462\" title=\"\" srcset=\"https:\/\/hnwoodmachinery.com\/wp-content\/uploads\/2026\/04\/details-of-stripper-roll.webp 720w, https:\/\/hnwoodmachinery.com\/wp-content\/uploads\/2026\/04\/details-of-stripper-roll-300x225.webp 300w, https:\/\/hnwoodmachinery.com\/wp-content\/uploads\/2026\/04\/details-of-stripper-roll-16x12.webp 16w\" sizes=\"auto, (max-width: 720px) 100vw, 720px\" \/><figcaption class=\"wp-element-caption\">D\u00e9tails du rouleau de d\u00e9chiquetage<\/figcaption><\/figure>    <figure class=\"wp-block-image size-large\"><img loading=\"lazy\" decoding=\"async\" width=\"720\" height=\"540\" data-id=\"1463\" src=\"https:\/\/hnwoodmachinery.com\/wp-content\/uploads\/2026\/04\/wood-crusher-crushing-process.webp\" alt=\"Processus de broyage du bois\" class=\"wp-image-1463\" title=\"\" srcset=\"https:\/\/hnwoodmachinery.com\/wp-content\/uploads\/2026\/04\/wood-crusher-crushing-process.webp 720w, https:\/\/hnwoodmachinery.com\/wp-content\/uploads\/2026\/04\/wood-crusher-crushing-process-300x225.webp 300w, https:\/\/hnwoodmachinery.com\/wp-content\/uploads\/2026\/04\/wood-crusher-crushing-process-16x12.webp 16w\" sizes=\"auto, (max-width: 720px) 100vw, 720px\" \/><figcaption class=\"wp-element-caption\">Processus de broyage de bois<\/figcaption><\/figure> <\/figure>    <h2 class=\"wp-block-heading\"><strong>Param\u00e8tres techniques du mod\u00e8le de machine de broyage de bois<\/strong><\/h2>    <figure class=\"wp-block-table\"><table class=\"has-fixed-layout\"><thead><tr><th>Param\u00e8tre<\/th><th>Sp\u00e9cification<\/th><\/tr><\/thead><tbody><tr><td>Mod\u00e8le<\/td><td>Broyeur \u00e0 bois \u00e0 alimentation forc\u00e9e 800<\/td><\/tr><tr><td>Pouvoir<\/td><td>45\u201355 kW<\/td><\/tr><tr><td>Puissance du ventilateur<\/td><td>7,5 kW<\/td><\/tr><tr><td>Taille de l'entr\u00e9e d'alimentation<\/td><td>800 \u00d7 260 mm<\/td><\/tr><tr><td>Convoyeur d'alimentation<\/td><td>800 \u00d7 3000 mm<\/td><\/tr><tr><td>Moteur de convoyeur<\/td><td>3 kW<\/td><\/tr><tr><td>Moteur de rouleau d'alimentation<\/td><td>3 kW<\/td><\/tr><tr><td>quantit\u00e9 de Marteau<\/td><td>50 pcs (180 \u00d7 60 \u00d7 8 mm)<\/td><\/tr><tr><td>Vitesse de rotation<\/td><td>2400 tr\/min<\/td><\/tr><tr><td>Collecteur de poussi\u00e8re cyclone<\/td><td>Mod\u00e8le 1000<\/td><\/tr><tr><td>Filtre \u00e0 sac<\/td><td>6 pcs<\/td><\/tr><tr><td>Verrou \u00e0 air<\/td><td>Mod\u00e8le 300<\/td><\/tr><tr><td>Capacit\u00e9<\/td><td>1,2\u20131,8 t\/h<\/td><\/tr><tr><td>Armoire de contr\u00f4le<\/td><td>Inclus<\/td><\/tr><\/tbody><\/table><figcaption class=\"wp-element-caption\">param\u00e8tres de la machine de broyage de bois<\/figcaption><\/figure>   <div class=\"wp-block-image\"> <figure class=\"aligncenter size-full\"><img loading=\"lazy\" decoding=\"async\" width=\"720\" height=\"540\" src=\"https:\/\/hnwoodmachinery.com\/wp-content\/uploads\/2026\/04\/wood-crusher-machine.webp\" alt=\"machine de broyeur de bois\" class=\"wp-image-1460\" title=\"\" srcset=\"https:\/\/hnwoodmachinery.com\/wp-content\/uploads\/2026\/04\/wood-crusher-machine.webp 720w, https:\/\/hnwoodmachinery.com\/wp-content\/uploads\/2026\/04\/wood-crusher-machine-300x225.webp 300w, https:\/\/hnwoodmachinery.com\/wp-content\/uploads\/2026\/04\/wood-crusher-machine-16x12.webp 16w\" sizes=\"auto, (max-width: 720px) 100vw, 720px\" \/><figcaption class=\"wp-element-caption\">machine de broyeur de bois<\/figcaption><\/figure> <\/div>   <h2 class=\"wp-block-heading\"><strong>Applications de la machine \u00e0 d\u00e9chiqueter le bois<\/strong><\/h2>    <p>Apr\u00e8s traitement par un broyeur \u00e0 bois, les mati\u00e8res premi\u00e8res sont transform\u00e9es en fine sciure ou copeaux de bois avec des tailles de particules r\u00e9glables, les rendant adapt\u00e9es \u00e0 un large \u00e9ventail d'applications industrielles et agricoles.<\/p>    <p>Le mat\u00e9riau ligneux broy\u00e9 r\u00e9sultant sert de mati\u00e8re premi\u00e8re id\u00e9ale pour la production de granul\u00e9s de biomasse. De plus, les r\u00e9sidus agricoles broy\u00e9s\u2014tels que la paille et les \u00e9pis de ma\u00efs\u2014peuvent \u00eatre utilis\u00e9s comme mati\u00e8res premi\u00e8res pour la fabrication d'engrais organiques, contribuant ainsi \u00e0 am\u00e9liorer la structure du sol et \u00e0 augmenter la fertilit\u00e9 du sol.<\/p>    <p>De plus, cette machine de broyage de bois offre une solution id\u00e9ale pour le recyclage des d\u00e9chets de bois\u2014y compris les palettes, les coffrages de construction et les chutes de meubles\u2014en convertissant ces mat\u00e9riaux jet\u00e9s en ressources renouvelables ayant une valeur \u00e9conomique.<\/p>    <figure class=\"wp-block-gallery has-nested-images columns-2 is-cropped wp-block-gallery-4 is-layout-flex wp-block-gallery-is-layout-flex\"> <figure class=\"wp-block-image size-large\"><img loading=\"lazy\" decoding=\"async\" width=\"720\" height=\"540\" data-id=\"1466\" src=\"https:\/\/hnwoodmachinery.com\/wp-content\/uploads\/2026\/04\/shredded-wood.webp\" alt=\"shredded wood\" class=\"wp-image-1466\" title=\"\" srcset=\"https:\/\/hnwoodmachinery.com\/wp-content\/uploads\/2026\/04\/shredded-wood.webp 720w, https:\/\/hnwoodmachinery.com\/wp-content\/uploads\/2026\/04\/shredded-wood-300x225.webp 300w, https:\/\/hnwoodmachinery.com\/wp-content\/uploads\/2026\/04\/shredded-wood-16x12.webp 16w\" sizes=\"auto, (max-width: 720px) 100vw, 720px\" \/><figcaption class=\"wp-element-caption\">Bois d\u00e9chiquet\u00e9<\/figcaption><\/figure>    <figure class=\"wp-block-image size-large\"><img loading=\"lazy\" decoding=\"async\" width=\"720\" height=\"540\" data-id=\"1467\" src=\"https:\/\/hnwoodmachinery.com\/wp-content\/uploads\/2026\/04\/crushed-straw.webp\" alt=\"crushed straw\" class=\"wp-image-1467\" title=\"\" srcset=\"https:\/\/hnwoodmachinery.com\/wp-content\/uploads\/2026\/04\/crushed-straw.webp 720w, https:\/\/hnwoodmachinery.com\/wp-content\/uploads\/2026\/04\/crushed-straw-300x225.webp 300w, https:\/\/hnwoodmachinery.com\/wp-content\/uploads\/2026\/04\/crushed-straw-16x12.webp 16w\" sizes=\"auto, (max-width: 720px) 100vw, 720px\" \/><figcaption class=\"wp-element-caption\">Paille broy\u00e9e<\/figcaption><\/figure>    <figure class=\"wp-block-image size-large\"><img loading=\"lazy\" decoding=\"async\" width=\"720\" height=\"540\" data-id=\"1464\" src=\"https:\/\/hnwoodmachinery.com\/wp-content\/uploads\/2026\/04\/crushed-bamboo.webp\" alt=\"crushed bamboo\" class=\"wp-image-1464\" title=\"\" srcset=\"https:\/\/hnwoodmachinery.com\/wp-content\/uploads\/2026\/04\/crushed-bamboo.webp 720w, https:\/\/hnwoodmachinery.com\/wp-content\/uploads\/2026\/04\/crushed-bamboo-300x225.webp 300w, https:\/\/hnwoodmachinery.com\/wp-content\/uploads\/2026\/04\/crushed-bamboo-16x12.webp 16w\" sizes=\"auto, (max-width: 720px) 100vw, 720px\" \/><figcaption class=\"wp-element-caption\">Bambou broy\u00e9<\/figcaption><\/figure>    <figure class=\"wp-block-image size-large\"><img loading=\"lazy\" decoding=\"async\" width=\"720\" height=\"540\" data-id=\"1465\" src=\"https:\/\/hnwoodmachinery.com\/wp-content\/uploads\/2026\/04\/crushed-corn-cobs.webp\" alt=\"crushed corn cobs\" class=\"wp-image-1465\" title=\"\" srcset=\"https:\/\/hnwoodmachinery.com\/wp-content\/uploads\/2026\/04\/crushed-corn-cobs.webp 720w, https:\/\/hnwoodmachinery.com\/wp-content\/uploads\/2026\/04\/crushed-corn-cobs-300x225.webp 300w, https:\/\/hnwoodmachinery.com\/wp-content\/uploads\/2026\/04\/crushed-corn-cobs-16x12.webp 16w\" sizes=\"auto, (max-width: 720px) 100vw, 720px\" \/><figcaption class=\"wp-element-caption\">\u00c9pis de ma\u00efs broy\u00e9s<\/figcaption><\/figure> <\/figure>    <h2 class=\"wp-block-heading\"><strong>FAQ sur la machine \u00e0 broyer le bois<\/strong><\/h2>   <div id=\"rank-math-faq\" class=\"rank-math-block\"> <div class=\"rank-math-list\"> <div id=\"faq-question-1775179924303\" class=\"rank-math-list-item\"> <h3 class=\"rank-math-question\">Quels mat\u00e9riaux cette machine \u00e0 d\u00e9chiqueter le bois peut-elle traiter ?<\/h3> <div class=\"rank-math-answer\">  <p>Elle peut broyer du bois, du bambou, des branches, de la paille, des \u00e9pis de ma\u00efs, des palettes et d'autres d\u00e9chets agricoles ou forestiers.<\/p>  <\/div> <\/div> <div id=\"faq-question-1775179931263\" class=\"rank-math-list-item\"> <h3 class=\"rank-math-question\">Puis-je ajuster la taille de sortie finale ?<\/h3> <div class=\"rank-math-answer\">  <p>Oui, la taille finale peut \u00eatre contr\u00f4l\u00e9e en rempla\u00e7ant diff\u00e9rents maillages.<\/p>  <\/div> <\/div> <div id=\"faq-question-1775179960555\" class=\"rank-math-list-item\"> <h3 class=\"rank-math-question\">La machine de broyage de bois est-elle facile \u00e0 utiliser ?<\/h3> <div class=\"rank-math-answer\">  <p>Oui, il dispose d'un syst\u00e8me d'alimentation automatique et d'un cabinet de contr\u00f4le d\u00e9di\u00e9 pour une op\u00e9ration simple.<\/p>  <\/div> <\/div> <div id=\"faq-question-1775179974920\" class=\"rank-math-list-item\"> <h3 class=\"rank-math-question\">Produit-il beaucoup de poussi\u00e8re ?<\/h3> <div class=\"rank-math-answer\">  <p>Non, il est \u00e9quip\u00e9 de collecteurs de poussi\u00e8re cyclone et \u00e0 sac pour minimiser la pollution par la poussi\u00e8re.<\/p>  <\/div> <\/div> <div id=\"faq-question-1775179988721\" class=\"rank-math-list-item\"> <h3 class=\"rank-math-question\">Quelle est la capacit\u00e9 de production ?<\/h3> <div class=\"rank-math-answer\">  <p>La capacit\u00e9 varie de 1,2 \u00e0 1,8 tonnes par heure, selon le type et la taille du mat\u00e9riau.<\/p>  <\/div> <\/div> <\/div> <\/div>   <h2 class=\"wp-block-heading\"><strong>Comment commander un d\u00e9chiqueteur \u00e0 bois ?<\/strong><\/h2>    <p>Si vous recherchez une machine de broyage de bois fiable et efficace, nous sommes l\u00e0 pour vous aider. Veuillez nous contacter via WhatsApp ou par e-mail pour recevoir :<\/p>    <ul class=\"wp-block-list\"> <li>Les derniers devis de prix et remises de commande<\/li>    <li>Vid\u00e9os de d\u00e9monstration d\u00e9taill\u00e9es de l'\u00e9quipement<\/li>    <li>Solutions personnalis\u00e9es adapt\u00e9es \u00e0 vos exigences sp\u00e9cifiques en mati\u00e8re de mati\u00e8res premi\u00e8res<\/li> <\/ul>    <p>D'autres types de machines \u00e0 d\u00e9chiqueter le bois industrielles cliquez ici : <\/p>    <ul class=\"wp-block-list\"> <li><a href=\"https:\/\/hnwoodmachinery.com\/fr\/product\/comprehensive-pallet-crusher\/\">Broyeur de palettes complet, broyeur de bois industriel de grande capacit\u00e9<\/a><\/li>    <li><a href=\"https:\/\/hnwoodmachinery.com\/fr\/product\/wood-hammer-mill\/\">Broyeur \u00e0 marteaux industriel pour bois, broyeur \u00e0 billes en bois<\/a><\/li>    <li><a href=\"https:\/\/hnwoodmachinery.com\/fr\/product\/wood-shredder-machine\/\">Petite machine \u00e0 d\u00e9chiqueter le bois pour la fabrication de sciure<\/a><\/li> <\/ul>    <p><\/p>","protected":false},"excerpt":{"rendered":"<p>The forced feeding wood crusher machine is a high-efficiency upgrade of traditional wood crushers, designed to process large and irregular wood materials with ease. Equipped with automatic feeding, durable structure, and advanced crushing technology, it delivers uniform output and reliable performance for various biomass applications.<\/p>","protected":false},"author":1,"featured_media":1468,"parent":0,"template":"","tags":[37,35],"product-type":[7],"class_list":["post-1457","product","type-product","status-publish","has-post-thumbnail","hentry","tag-sawdust","tag-wood","product-type-wood-crusher"],"_links":{"self":[{"href":"https:\/\/hnwoodmachinery.com\/fr\/wp-json\/wp\/v2\/product\/1457","targetHints":{"allow":["GET"]}}],"collection":[{"href":"https:\/\/hnwoodmachinery.com\/fr\/wp-json\/wp\/v2\/product"}],"about":[{"href":"https:\/\/hnwoodmachinery.com\/fr\/wp-json\/wp\/v2\/types\/product"}],"author":[{"embeddable":true,"href":"https:\/\/hnwoodmachinery.com\/fr\/wp-json\/wp\/v2\/users\/1"}],"wp:featuredmedia":[{"embeddable":true,"href":"https:\/\/hnwoodmachinery.com\/fr\/wp-json\/wp\/v2\/media\/1468"}],"wp:attachment":[{"href":"https:\/\/hnwoodmachinery.com\/fr\/wp-json\/wp\/v2\/media?parent=1457"}],"wp:term":[{"taxonomy":"post_tag","embeddable":true,"href":"https:\/\/hnwoodmachinery.com\/fr\/wp-json\/wp\/v2\/tags?post=1457"},{"taxonomy":"product-type","embeddable":true,"href":"https:\/\/hnwoodmachinery.com\/fr\/wp-json\/wp\/v2\/product-type?post=1457"}],"curies":[{"name":"wp","href":"https:\/\/api.w.org\/{rel}","templated":true}]}}